{"id":9957,"date":"2026-02-25T16:17:50","date_gmt":"2026-02-25T16:17:50","guid":{"rendered":"https:\/\/uk-gb.net\/causeway-coastal-route-sv\/"},"modified":"2026-03-02T15:27:26","modified_gmt":"2026-03-02T15:27:26","slug":"causeway-coastal-route-sv","status":"publish","type":"page","link":"https:\/\/uk-gb.net\/sv\/causeway-coastal-route-sv\/","title":{"rendered":"Causeway Coastal Route: fullst\u00e4ndig resplan i Nordirland, karta och r\u00e5d"},"content":{"rendered":"\n<h1 class=\"wp-block-heading\">Uppt\u00e4ck Causeway Coastal Route i Nordirland<\/h1>\n\n<p>Causeway Coastal Route \u00e4r en av de vackraste bilresorna i Europa. Mellan spektakul\u00e4ra klippor, slottsruiner, vilda str\u00e4nder och pittoreska byar g\u00e5r den h\u00e4r rutten mellan <a href=\"https:\/\/uk-gb.net\/sv\/belfast\/\" type=\"page\" id=\"5344\">Belfast<\/a> och Derry (Londonderry), en str\u00e4cka p\u00e5 ca 200 km. <\/p>\n\n<p>Det \u00e4r ett m\u00e5ste f\u00f6r en uppslukande <strong>uppt\u00e4ckt av Nordirland<\/strong>.<\/p>\n\n<figure class=\"wp-block-image size-large\"><img fetchpriority=\"high\" decoding=\"async\" width=\"1024\" height=\"458\" src=\"https:\/\/uk-gb.net\/wp-content\/uploads\/2026\/02\/causeway-carrick-a-rede-rope-bridge-1024x458.jpg\" alt=\"\" class=\"wp-image-9843\" srcset=\"https:\/\/uk-gb.net\/wp-content\/uploads\/2026\/02\/causeway-carrick-a-rede-rope-bridge-1024x458.jpg 1024w, https:\/\/uk-gb.net\/wp-content\/uploads\/2026\/02\/causeway-carrick-a-rede-rope-bridge-300x134.jpg 300w, https:\/\/uk-gb.net\/wp-content\/uploads\/2026\/02\/causeway-carrick-a-rede-rope-bridge-768x344.jpg 768w, https:\/\/uk-gb.net\/wp-content\/uploads\/2026\/02\/causeway-carrick-a-rede-rope-bridge.jpg 1050w\" sizes=\"(max-width: 1024px) 100vw, 1024px\" \/><\/figure>\n\n<h2 class=\"wp-block-heading\">Str\u00e4ckningen av kustv\u00e4gen Causeway<\/h2>\n\n<p>Rutten f\u00f6ljer Nordirlands norra kust och kan genomf\u00f6ras p\u00e5 1 till 3 dagar, beroende p\u00e5 din takt.<\/p>\n\n<p>\ud83d\udccd Huvudsteg:<\/p>\n\n<ol class=\"wp-block-list\">\n<li>Belfast &#8211; startpunkt<\/li>\n\n\n\n<li>Carrickfergus slott<\/li>\n\n\n\n<li>Carnlough &#8211; autentisk by<\/li>\n\n\n\n<li>Carrick-a-Rede repbro<\/li>\n\n\n\n<li>Giant&#8217;s Causeway (UNESCO:s webbplats)<\/li>\n\n\n\n<li>Dunluce slott<\/li>\n\n\n\n<li>Portrush &amp; Portstewart<\/li>\n\n\n\n<li>Mussenden-templet<\/li>\n\n\n\n<li>Derry \/ Londonderry<\/li>\n<\/ol>\n\n<div style=\"height:10px\" aria-hidden=\"true\" class=\"wp-block-spacer\"><\/div>\n\n<h2 class=\"wp-block-heading\">M\u00e5ste-sev\u00e4rdheter<\/h2>\n\n<p><strong>Giant&#8217;s Causeway<\/strong>: Denna plats p\u00e5 UNESCO:s v\u00e4rldsarvslista \u00e4r k\u00e4nd f\u00f6r sina sexkantiga basaltpelare som bildats vid ett vulkanutbrott. Det \u00e4r en v\u00e4rldsunik naturplats som best\u00e5r av 40.000 basaltpelare som bildats av forntida vulkanisk aktivitet. Utforska vandringslederna, beundra klippformationerna och bes\u00f6k bes\u00f6kscentret f\u00f6r att l\u00e4ra dig mer om legenden som omger platsen.  <\/p>\n\n<figure class=\"wp-block-gallery has-nested-images columns-default is-cropped wp-block-gallery-1 is-layout-flex wp-block-gallery-is-layout-flex\">\n<figure class=\"wp-block-image size-large\"><img decoding=\"async\" width=\"1024\" height=\"566\" data-id=\"9845\" src=\"https:\/\/uk-gb.net\/wp-content\/uploads\/2026\/02\/giant-causeway-1-1024x566.jpg\" alt=\"\" class=\"wp-image-9845\" srcset=\"https:\/\/uk-gb.net\/wp-content\/uploads\/2026\/02\/giant-causeway-1-1024x566.jpg 1024w, https:\/\/uk-gb.net\/wp-content\/uploads\/2026\/02\/giant-causeway-1-300x166.jpg 300w, https:\/\/uk-gb.net\/wp-content\/uploads\/2026\/02\/giant-causeway-1-768x424.jpg 768w, https:\/\/uk-gb.net\/wp-content\/uploads\/2026\/02\/giant-causeway-1-1536x849.jpg 1536w, https:\/\/uk-gb.net\/wp-content\/uploads\/2026\/02\/giant-causeway-1.jpg 1549w\" sizes=\"(max-width: 1024px) 100vw, 1024px\" \/><figcaption class=\"wp-element-caption\"><strong>Giant&#8217;s Causeway<\/strong><\/figcaption><\/figure>\n<\/figure>\n\n<p><strong>Carrick-a-Rede Rope Bridge<\/strong>: Denna h\u00e4ngbro erbjuder en spektakul\u00e4r utsikt \u00f6ver havet och de omgivande klipporna. Ta dig \u00f6ver bron f\u00f6r en adrenalinkick och njut av den naturliga sk\u00f6nheten i det omgivande omr\u00e5det. <\/p>\n\n<figure class=\"wp-block-image size-full\"><img decoding=\"async\" width=\"964\" height=\"522\" src=\"https:\/\/uk-gb.net\/wp-content\/uploads\/2026\/03\/carrick-a-rede-rope-bridge.jpg\" alt=\"\" class=\"wp-image-9849\" srcset=\"https:\/\/uk-gb.net\/wp-content\/uploads\/2026\/03\/carrick-a-rede-rope-bridge.jpg 964w, https:\/\/uk-gb.net\/wp-content\/uploads\/2026\/03\/carrick-a-rede-rope-bridge-300x162.jpg 300w, https:\/\/uk-gb.net\/wp-content\/uploads\/2026\/03\/carrick-a-rede-rope-bridge-768x416.jpg 768w\" sizes=\"(max-width: 964px) 100vw, 964px\" \/><figcaption class=\"wp-element-caption\"><strong>Carrick-a-Rede repbro<\/strong><\/figcaption><\/figure>\n\n<p><strong>Dunluce Castle<\/strong>: Detta medeltida slott ligger p\u00e5 en klippa och erbjuder en hisnande utsikt \u00f6ver Atlanten. Bes\u00f6k ruinerna, l\u00e4r dig mer om dess fascinerande historia och njut av den omgivande landsbygden. <\/p>\n\n<figure class=\"wp-block-image size-large\"><img loading=\"lazy\" decoding=\"async\" width=\"1024\" height=\"509\" src=\"https:\/\/uk-gb.net\/wp-content\/uploads\/2026\/03\/Dunluce-castle-1024x509.jpg\" alt=\"\" class=\"wp-image-9848\" srcset=\"https:\/\/uk-gb.net\/wp-content\/uploads\/2026\/03\/Dunluce-castle-1024x509.jpg 1024w, https:\/\/uk-gb.net\/wp-content\/uploads\/2026\/03\/Dunluce-castle-300x149.jpg 300w, https:\/\/uk-gb.net\/wp-content\/uploads\/2026\/03\/Dunluce-castle-768x382.jpg 768w, https:\/\/uk-gb.net\/wp-content\/uploads\/2026\/03\/Dunluce-castle.jpg 1142w\" sizes=\"(max-width: 1024px) 100vw, 1024px\" \/><figcaption class=\"wp-element-caption\"><strong>Dunluce slott<\/strong><\/figcaption><\/figure>\n\n<p>Praktiska r\u00e5d f\u00f6r din roadtrip<\/p>\n\n<ul class=\"wp-block-list\">\n<li><strong>B\u00e4sta tiden att bes\u00f6ka<\/strong>: Maj till september erbjuder ett mildare klimat och l\u00e4ngre dagar.<\/li>\n\n\n\n<li><strong>Hyrbil<\/strong>: V\u00e4lj en bekv\u00e4m bil f\u00f6r att f\u00e5 ut det mesta av landskapet. Kom ih\u00e5g att boka i f\u00f6rv\u00e4g, s\u00e4rskilt under h\u00f6gs\u00e4song. <\/li>\n\n\n\n<li><strong>Boende<\/strong>: V\u00e4lj mellan B&amp;B, hotell eller campingplatser l\u00e4ngs rutten f\u00f6r en autentisk upplevelse.<\/li>\n\n\n\n<li><strong>Respektera milj\u00f6n<\/strong>: Ta hand om de platser du bes\u00f6ker, ta med dig ditt skr\u00e4p och respektera det lokala djurlivet.<\/li>\n\n\n\n<li><strong>Reseformaliteter<\/strong>: Kom ih\u00e5g att f\u00f6rutse dina <a href=\"https:\/\/uk-gb.net\/sv\/visum-forenade-kungariket\/\" type=\"page\" id=\"373\">formaliteter f\u00f6r Storbritannien<\/a>.<\/li>\n<\/ul>\n\n<div style=\"height:10px\" aria-hidden=\"true\" class=\"wp-block-spacer\"><\/div>\n\n<h2 class=\"wp-block-heading\">Varf\u00f6r ta Causeway Coastal Route?<\/h2>\n\n<p>En roadtrip l\u00e4ngs Causeway Coastal Route \u00e4r en of\u00f6rgl\u00f6mlig upplevelse som kombinerar natursk\u00f6nhet, historia och \u00e4ventyr. Oavsett om du vill utforska ikoniska platser eller bara njuta av landskapet \u00e4r den h\u00e4r rutten ett m\u00e5ste n\u00e4r du bes\u00f6ker Nordirland.   <\/p>\n\n<p>Planera din resv\u00e4g, ta med kameran och ge dig iv\u00e4g f\u00f6r att uppt\u00e4cka denna g\u00f6mda skatt.<\/p>\n","protected":false},"excerpt":{"rendered":"<p>Uppt\u00e4ck Causeway Coastal Route i Nordirland Causeway Coastal Route \u00e4r en av de vackraste bilresorna i Europa. Mellan spektakul\u00e4ra klippor, slottsruiner, vilda str\u00e4nder och pittoreska byar g\u00e5r den h\u00e4r rutten mellan Belfast och Derry (Londonderry), en str\u00e4cka p\u00e5 ca 200 km. Det \u00e4r ett m\u00e5ste f\u00f6r en uppslukande uppt\u00e4ckt av Nordirland. Str\u00e4ckningen av kustv\u00e4gen Causeway [&hellip;]<\/p>\n","protected":false},"author":1,"featured_media":0,"parent":0,"menu_order":0,"comment_status":"closed","ping_status":"closed","template":"","meta":{"footnotes":""},"class_list":["post-9957","page","type-page","status-publish","hentry"],"yoast_head":"<!-- This site is optimized with the Yoast SEO plugin v27.4 - https:\/\/yoast.com\/product\/yoast-seo-wordpress\/ -->\n<title>Causeway Coastal Route: fullst\u00e4ndig resplan i Nordirland, karta och r\u00e5d - UK GB<\/title>\n<meta name=\"description\" content=\"Causeway Coastal Route i Nordirland: detaljerad resplan, karta, viktiga etapper och platser att se mellan Belfast och Derry.\" \/>\n<meta name=\"robots\" content=\"index, follow, max-snippet:-1, max-image-preview:large, max-video-preview:-1\" \/>\n<link rel=\"canonical\" href=\"https:\/\/uk-gb.net\/sv\/causeway-coastal-route-sv\/\" \/>\n<meta property=\"og:locale\" content=\"sv_SE\" \/>\n<meta property=\"og:type\" content=\"article\" \/>\n<meta property=\"og:title\" content=\"Causeway Coastal Route: fullst\u00e4ndig resplan i Nordirland, karta och r\u00e5d - UK GB\" \/>\n<meta property=\"og:description\" content=\"Causeway Coastal Route i Nordirland: detaljerad resplan, karta, viktiga etapper och platser att se mellan Belfast och Derry.\" \/>\n<meta property=\"og:url\" content=\"https:\/\/uk-gb.net\/sv\/causeway-coastal-route-sv\/\" \/>\n<meta property=\"og:site_name\" content=\"UK GB\" \/>\n<meta property=\"article:modified_time\" content=\"2026-03-02T15:27:26+00:00\" \/>\n<meta property=\"og:image\" content=\"https:\/\/uk-gb.net\/wp-content\/uploads\/2026\/02\/causeway-carrick-a-rede-rope-bridge.jpg\" \/>\n\t<meta property=\"og:image:width\" content=\"1050\" \/>\n\t<meta property=\"og:image:height\" content=\"470\" \/>\n\t<meta property=\"og:image:type\" content=\"image\/jpeg\" \/>\n<meta name=\"twitter:card\" content=\"summary_large_image\" \/>\n<meta name=\"twitter:label1\" content=\"Ber\u00e4knad l\u00e4stid\" \/>\n\t<meta name=\"twitter:data1\" content=\"2 minuter\" \/>\n<script type=\"application\/ld+json\" class=\"yoast-schema-graph\">{\"@context\":\"https:\\\/\\\/schema.org\",\"@graph\":[{\"@type\":\"WebPage\",\"@id\":\"https:\\\/\\\/uk-gb.net\\\/sv\\\/causeway-coastal-route-sv\\\/\",\"url\":\"https:\\\/\\\/uk-gb.net\\\/sv\\\/causeway-coastal-route-sv\\\/\",\"name\":\"Causeway Coastal Route: fullst\u00e4ndig resplan i Nordirland, karta och r\u00e5d - UK GB\",\"isPartOf\":{\"@id\":\"https:\\\/\\\/uk-gb.net\\\/sv\\\/#website\"},\"primaryImageOfPage\":{\"@id\":\"https:\\\/\\\/uk-gb.net\\\/sv\\\/causeway-coastal-route-sv\\\/#primaryimage\"},\"image\":{\"@id\":\"https:\\\/\\\/uk-gb.net\\\/sv\\\/causeway-coastal-route-sv\\\/#primaryimage\"},\"thumbnailUrl\":\"https:\\\/\\\/uk-gb.net\\\/wp-content\\\/uploads\\\/2026\\\/02\\\/causeway-carrick-a-rede-rope-bridge-1024x458.jpg\",\"datePublished\":\"2026-02-25T16:17:50+00:00\",\"dateModified\":\"2026-03-02T15:27:26+00:00\",\"description\":\"Causeway Coastal Route i Nordirland: detaljerad resplan, karta, viktiga etapper och platser att se mellan Belfast och Derry.\",\"inLanguage\":\"sv-SE\",\"potentialAction\":[{\"@type\":\"ReadAction\",\"target\":[\"https:\\\/\\\/uk-gb.net\\\/sv\\\/causeway-coastal-route-sv\\\/\"]}]},{\"@type\":\"ImageObject\",\"inLanguage\":\"sv-SE\",\"@id\":\"https:\\\/\\\/uk-gb.net\\\/sv\\\/causeway-coastal-route-sv\\\/#primaryimage\",\"url\":\"https:\\\/\\\/uk-gb.net\\\/wp-content\\\/uploads\\\/2026\\\/02\\\/causeway-carrick-a-rede-rope-bridge-1024x458.jpg\",\"contentUrl\":\"https:\\\/\\\/uk-gb.net\\\/wp-content\\\/uploads\\\/2026\\\/02\\\/causeway-carrick-a-rede-rope-bridge-1024x458.jpg\"},{\"@type\":\"WebSite\",\"@id\":\"https:\\\/\\\/uk-gb.net\\\/sv\\\/#website\",\"url\":\"https:\\\/\\\/uk-gb.net\\\/sv\\\/\",\"name\":\"UK GB\",\"description\":\"Travel to the UK\",\"potentialAction\":[{\"@type\":\"SearchAction\",\"target\":{\"@type\":\"EntryPoint\",\"urlTemplate\":\"https:\\\/\\\/uk-gb.net\\\/sv\\\/?s={search_term_string}\"},\"query-input\":{\"@type\":\"PropertyValueSpecification\",\"valueRequired\":true,\"valueName\":\"search_term_string\"}}],\"inLanguage\":\"sv-SE\"}]}<\/script>\n<!-- \/ Yoast SEO plugin. -->","yoast_head_json":{"title":"Causeway Coastal Route: fullst\u00e4ndig resplan i Nordirland, karta och r\u00e5d - UK GB","description":"Causeway Coastal Route i Nordirland: detaljerad resplan, karta, viktiga etapper och platser att se mellan Belfast och Derry.","robots":{"index":"index","follow":"follow","max-snippet":"max-snippet:-1","max-image-preview":"max-image-preview:large","max-video-preview":"max-video-preview:-1"},"canonical":"https:\/\/uk-gb.net\/sv\/causeway-coastal-route-sv\/","og_locale":"sv_SE","og_type":"article","og_title":"Causeway Coastal Route: fullst\u00e4ndig resplan i Nordirland, karta och r\u00e5d - UK GB","og_description":"Causeway Coastal Route i Nordirland: detaljerad resplan, karta, viktiga etapper och platser att se mellan Belfast och Derry.","og_url":"https:\/\/uk-gb.net\/sv\/causeway-coastal-route-sv\/","og_site_name":"UK GB","article_modified_time":"2026-03-02T15:27:26+00:00","og_image":[{"width":1050,"height":470,"url":"https:\/\/uk-gb.net\/wp-content\/uploads\/2026\/02\/causeway-carrick-a-rede-rope-bridge.jpg","type":"image\/jpeg"}],"twitter_card":"summary_large_image","twitter_misc":{"Ber\u00e4knad l\u00e4stid":"2 minuter"},"schema":{"@context":"https:\/\/schema.org","@graph":[{"@type":"WebPage","@id":"https:\/\/uk-gb.net\/sv\/causeway-coastal-route-sv\/","url":"https:\/\/uk-gb.net\/sv\/causeway-coastal-route-sv\/","name":"Causeway Coastal Route: fullst\u00e4ndig resplan i Nordirland, karta och r\u00e5d - UK GB","isPartOf":{"@id":"https:\/\/uk-gb.net\/sv\/#website"},"primaryImageOfPage":{"@id":"https:\/\/uk-gb.net\/sv\/causeway-coastal-route-sv\/#primaryimage"},"image":{"@id":"https:\/\/uk-gb.net\/sv\/causeway-coastal-route-sv\/#primaryimage"},"thumbnailUrl":"https:\/\/uk-gb.net\/wp-content\/uploads\/2026\/02\/causeway-carrick-a-rede-rope-bridge-1024x458.jpg","datePublished":"2026-02-25T16:17:50+00:00","dateModified":"2026-03-02T15:27:26+00:00","description":"Causeway Coastal Route i Nordirland: detaljerad resplan, karta, viktiga etapper och platser att se mellan Belfast och Derry.","inLanguage":"sv-SE","potentialAction":[{"@type":"ReadAction","target":["https:\/\/uk-gb.net\/sv\/causeway-coastal-route-sv\/"]}]},{"@type":"ImageObject","inLanguage":"sv-SE","@id":"https:\/\/uk-gb.net\/sv\/causeway-coastal-route-sv\/#primaryimage","url":"https:\/\/uk-gb.net\/wp-content\/uploads\/2026\/02\/causeway-carrick-a-rede-rope-bridge-1024x458.jpg","contentUrl":"https:\/\/uk-gb.net\/wp-content\/uploads\/2026\/02\/causeway-carrick-a-rede-rope-bridge-1024x458.jpg"},{"@type":"WebSite","@id":"https:\/\/uk-gb.net\/sv\/#website","url":"https:\/\/uk-gb.net\/sv\/","name":"UK GB","description":"Travel to the UK","potentialAction":[{"@type":"SearchAction","target":{"@type":"EntryPoint","urlTemplate":"https:\/\/uk-gb.net\/sv\/?s={search_term_string}"},"query-input":{"@type":"PropertyValueSpecification","valueRequired":true,"valueName":"search_term_string"}}],"inLanguage":"sv-SE"}]}},"_links":{"self":[{"href":"https:\/\/uk-gb.net\/sv\/wp-json\/wp\/v2\/pages\/9957","targetHints":{"allow":["GET"]}}],"collection":[{"href":"https:\/\/uk-gb.net\/sv\/wp-json\/wp\/v2\/pages"}],"about":[{"href":"https:\/\/uk-gb.net\/sv\/wp-json\/wp\/v2\/types\/page"}],"author":[{"embeddable":true,"href":"https:\/\/uk-gb.net\/sv\/wp-json\/wp\/v2\/users\/1"}],"replies":[{"embeddable":true,"href":"https:\/\/uk-gb.net\/sv\/wp-json\/wp\/v2\/comments?post=9957"}],"version-history":[{"count":0,"href":"https:\/\/uk-gb.net\/sv\/wp-json\/wp\/v2\/pages\/9957\/revisions"}],"wp:attachment":[{"href":"https:\/\/uk-gb.net\/sv\/wp-json\/wp\/v2\/media?parent=9957"}],"curies":[{"name":"wp","href":"https:\/\/api.w.org\/{rel}","templated":true}]}}