{"id":8563,"date":"2025-09-05T14:11:50","date_gmt":"2025-09-05T13:11:50","guid":{"rendered":"https:\/\/uk-gb.net\/road-trip-cotswolds-road-2\/"},"modified":"2025-12-18T11:49:40","modified_gmt":"2025-12-18T11:49:40","slug":"road-trip-cotswolds-road","status":"publish","type":"page","link":"https:\/\/uk-gb.net\/sv\/road-trip-cotswolds-road\/","title":{"rendered":"Cotswolds bilresa fr\u00e5n Oxford: byar och resv\u00e4g"},"content":{"rendered":"\n<h1 class=\"wp-block-heading\">Cotswolds Road trip fr\u00e5n Oxford<\/h1>\n\n<p><a href=\"https:\/\/uk-gb.net\/sv\/oxford\/\">Oxford<\/a> ligger bara tv\u00e5 timmar fr\u00e5n <a href=\"https:\/\/uk-gb.net\/sv\/london\/\">London<\/a> och \u00e4r den perfekta utg\u00e5ngspunkten f\u00f6r att uppt\u00e4cka Cotswolds, ett omr\u00e5de med enast\u00e5ende natursk\u00f6nhet. Med sina pittoreska honungsf\u00e4rgade stenbyar, b\u00f6ljande gr\u00f6na kullar och slingrande v\u00e4gar \u00e4r Cotswolds Route en av de vackraste bilresorna i Storbritannien. Den h\u00e4r rutten \u00e4r perfekt f\u00f6r en l\u00e5nghelg eller en flerdagarsresa genom den engelska landsbygden.  <\/p>\n\n<h2 class=\"wp-block-heading\">Varf\u00f6r v\u00e4lja Cotswolds f\u00f6r en road trip?<\/h2>\n\n<p>Regionen f\u00e4ngslar med sin tidl\u00f6sa atmosf\u00e4r och sitt rika arv. Att resa till Cotswolds inneb\u00e4r att njuta av : <\/p>\n\n<ul class=\"wp-block-list\">\n<li>ikoniska byar som Bibury, <a href=\"https:\/\/bourtoninfo.com\/\">Bourton-on-the-Water<\/a> och Stow-on-the-Wold<\/li>\n\n\n\n<li>historiska herrg\u00e5rdar, slott och medeltida kloster<\/li>\n\n\n\n<li>b\u00f6ljande landskap idealiskt f\u00f6r vandring och fotopauser<\/li>\n\n\n\n<li>en typiskt engelsk livsstil, med traditionella pubar, tearooms och lokala marknader<\/li>\n<\/ul>\n\n<p>Det \u00e4r det perfekta resm\u00e5let f\u00f6r den som \u00e4lskar natur, historia och brittisk charm.<\/p>\n\n<figure class=\"wp-block-image size-large\"><img decoding=\"async\" src=\"https:\/\/uk-gb.net\/wp-content\/uploads\/2025\/06\/cotswolds-road-1024x695.jpg\" alt=\"Foto av roadtrip i Cotswolds\" class=\"wp-image-7731\" \/><figcaption class=\"wp-element-caption\">Road trip-bild av v\u00e4g i Cotswolds<\/figcaption><\/figure>\n\n<h2 class=\"wp-block-heading\">Resplan fr\u00e5n Oxford<\/h2>\n\n<p>Fr\u00e5n Oxford finns det flera rutter genom Cotswolds. En klassisk 3 till 5 dagars resplan inkluderar: <\/p>\n\n<ol class=\"wp-block-list\">\n<li>Oxford \u2192 Burford: f\u00f6rsta stoppet i en by med smeknamnet &#8221;Porten till Cotswolds&#8221;, med sina stenhus och antikvitetsbutiker.<\/li>\n\n\n\n<li>Bibury: anses vara den vackraste byn i England, tillsammans med Arlington Row.<\/li>\n\n\n\n<li><a href=\"https:\/\/bourtoninfo.com\/\">Bourton-on-the-Water<\/a>: har smeknamnet &#8221;Cotswolds Venedig&#8221; och korsas av charmiga sm\u00e5 broar.<\/li>\n\n\n\n<li>Stow-on-the-Wold: en f\u00f6re detta medeltida marknadsstad, k\u00e4nd f\u00f6r sin kyrka och sina antikviteter.<\/li>\n\n\n\n<li>Broadway och Chipping Campden: historiska byar med typiska stugor och en utg\u00e5ngspunkt f\u00f6r att utforska Broadway Tower.<\/li>\n\n\n\n<li>Tillbaka till Oxford, genom n\u00e5gra mindre k\u00e4nda men lika pittoreska byar.<\/li>\n<\/ol>\n\n<div style=\"height:10px\" aria-hidden=\"true\" class=\"wp-block-spacer\"><\/div>\n\n<h2 class=\"wp-block-heading\">N\u00e4r ska man \u00e5ka till Cotswolds?<\/h2>\n\n<ul class=\"wp-block-list\">\n<li><strong>V\u00e5ren<\/strong>: perfekt f\u00f6r att beundra blommande tr\u00e4dg\u00e5rdar och rapsf\u00e4lt och njuta av det milda klimatet.<\/li>\n\n\n\n<li><strong>Sommar<\/strong>: den mest hektiska s\u00e4songen, perfekt f\u00f6r festivaler och marknader, men byarna kan vara mycket turistiga.<\/li>\n\n\n\n<li><strong>H\u00f6sten<\/strong>: en fantastisk tid p\u00e5 \u00e5ret, med tr\u00e4dens f\u00e4rgprakt och en lugnare atmosf\u00e4r.<\/li>\n\n\n\n<li><strong>Vinter<\/strong>: romantisk atmosf\u00e4r, perfekt f\u00f6r pubar vid brasan, men vissa turistattraktioner \u00e4r st\u00e4ngda.<\/li>\n<\/ul>\n\n<div style=\"height:10px\" aria-hidden=\"true\" class=\"wp-block-spacer\"><\/div>\n\n<h2 class=\"wp-block-heading\">Praktiska r\u00e5d f\u00f6r en lyckad roadtrip<\/h2>\n\n<p>Hur lyckad en roadtrip i Cotswolds blir beror lika mycket p\u00e5 valet av rutt som p\u00e5 f\u00f6rberedelserna. N\u00e4r det g\u00e4ller transport \u00e4r det l\u00e4mpligt att v\u00e4lja en liten bil f\u00f6r att enkelt ta sig runt p\u00e5 de smala, slingrande v\u00e4garna p\u00e5 den engelska landsbygden. Att k\u00f6ra i Cotswolds \u00e4r l\u00e4ttillg\u00e4ngligt och mindre kr\u00e4vande \u00e4n p\u00e5 n\u00e5gra av de vildare rutterna som <a href=\"https:\/\/uk-gb.net\/sv\/north-coast-500-road-trip\/\">North Coast 500 i Skottland<\/a>, vilket g\u00f6r det till en idealisk rutt f\u00f6r en f\u00f6rsta roadtrip i Storbritannien.  <\/p>\n\n<p>Boendet spelar ocks\u00e5 en central roll f\u00f6r upplevelsen. I byarna finns ett stort antal pensionat, typiska stugor och charmiga hotell. Under h\u00f6gs\u00e4song \u00e4r turistantalet h\u00f6gt, s\u00e5 det \u00e4r b\u00e4st att boka i f\u00f6rv\u00e4g f\u00f6r att garantera de b\u00e4sta adresserna och undvika obehagliga \u00f6verraskningar. Genom att planera n\u00e5gra strategiska stopp kan du balansera kulturbes\u00f6k, naturupplevelser och avkopplande stunder p\u00e5 de traditionella pubarna som \u00e4r k\u00e4rnan i den brittiska livsstilen.   <\/p>\n\n<p>Slutligen garanterar goda f\u00f6rberedelser en stressfri resa. Cotswolds kan ocks\u00e5 utforskas till fots, s\u00e5 det \u00e4r en bra id\u00e9 att packa bekv\u00e4ma skor f\u00f6r att bes\u00f6ka byar och njuta av promenader. V\u00e4dret kan vara ombytligt, s\u00e5 det \u00e4r b\u00e4st att packa kl\u00e4der som passar f\u00f6r alla \u00e5rstider, \u00e4ven sommaren. Eftersom n\u00e4tverkst\u00e4ckningen inte alltid \u00e4r tillf\u00f6rlitlig i vissa landsbygdsomr\u00e5den \u00e4r det l\u00e4mpligt att ta med en GPS eller ladda ner en offline-karta. Och f\u00f6r en bekymmersfri avresa, gl\u00f6m inte att i f\u00f6rv\u00e4g kontrollera <a href=\"https:\/\/uk-gb.net\/sv\/visum-forenade-kungariket\/\">visumformaliteterna f\u00f6r Storbritannien,<\/a> som \u00e4r obligatoriska f\u00f6r vissa resen\u00e4rer beroende p\u00e5 deras nationalitet.    <\/p>\n\n<h2 class=\"wp-block-heading\">M\u00e5ste-sev\u00e4rdheter p\u00e5 Cotswolds Route<\/h2>\n\n<ul class=\"wp-block-list\">\n<li><a href=\"https:\/\/www.bibury.com\/arlington-row\/\">Arlington Row i Bibury<\/a>, den emblematiska bilden av Cotswolds<\/li>\n\n\n\n<li>Den charmiga byn <a href=\"https:\/\/bourtoninfo.com\/\">Bourton-on-the-Water<\/a><\/li>\n\n\n\n<li><a href=\"https:\/\/broadwaytower.co.uk\/\">Broadway Tower<\/a>, som ligger p\u00e5 toppen av en kulle med panoramautsikt<\/li>\n\n\n\n<li><a href=\"https:\/\/en.wikipedia.org\/wiki\/Chipping_Campden\">Chipping Campden<\/a> t\u00e4ckt marknad<\/li>\n\n\n\n<li>Vandringsleder som till exempel <a href=\"https:\/\/www.nationaltrail.co.uk\/en_GB\/trails\/cotswold-way\/\">Cotswold Way<\/a><\/li>\n<\/ul>\n\n<div style=\"height:10px\" aria-hidden=\"true\" class=\"wp-block-spacer\"><\/div>\n\n<h2 class=\"wp-block-heading\">I ett n\u00f6tskal<\/h2>\n\n<p>En bilresa till Cotswolds fr\u00e5n Oxford \u00e4r en neds\u00e4nkning i vykortsvackra England. Med sina pittoreska byar, b\u00f6ljande landskap och historiska arv erbjuder denna rutt en autentisk tillflyktsort full av charm. Oavsett om det \u00e4r f\u00f6r n\u00e5gra dagar eller en vecka \u00e4r det en of\u00f6rgl\u00f6mlig resa genom en av Storbritanniens vackraste regioner.  <\/p>\n","protected":false},"excerpt":{"rendered":"<p>Cotswolds Road trip fr\u00e5n Oxford Oxford ligger bara tv\u00e5 timmar fr\u00e5n London och \u00e4r den perfekta utg\u00e5ngspunkten f\u00f6r att uppt\u00e4cka Cotswolds, ett omr\u00e5de med enast\u00e5ende natursk\u00f6nhet. Med sina pittoreska honungsf\u00e4rgade stenbyar, b\u00f6ljande gr\u00f6na kullar och slingrande v\u00e4gar \u00e4r Cotswolds Route en av de vackraste bilresorna i Storbritannien. Den h\u00e4r rutten \u00e4r perfekt f\u00f6r en l\u00e5nghelg [&hellip;]<\/p>\n","protected":false},"author":1,"featured_media":0,"parent":0,"menu_order":0,"comment_status":"closed","ping_status":"closed","template":"","meta":{"footnotes":""},"class_list":["post-8563","page","type-page","status-publish","hentry"],"yoast_head":"<!-- This site is optimized with the Yoast SEO plugin v27.3 - https:\/\/yoast.com\/product\/yoast-seo-wordpress\/ -->\n<title>Cotswolds bilresa fr\u00e5n Oxford: byar och resv\u00e4g - UK GB<\/title>\n<meta name=\"description\" content=\"L\u00e4mna Oxford f\u00f6r en roadtrip genom Cotswolds. Uppt\u00e4ck Bibury, Bourton-on-the-Water, Stow-on-the-Wold och de vackraste byarna.\" \/>\n<meta name=\"robots\" content=\"index, follow, max-snippet:-1, max-image-preview:large, max-video-preview:-1\" \/>\n<link rel=\"canonical\" href=\"https:\/\/uk-gb.net\/sv\/road-trip-cotswolds-road\/\" \/>\n<meta property=\"og:locale\" content=\"sv_SE\" \/>\n<meta property=\"og:type\" content=\"article\" \/>\n<meta property=\"og:title\" content=\"Cotswolds bilresa fr\u00e5n Oxford: byar och resv\u00e4g - UK GB\" \/>\n<meta property=\"og:description\" content=\"L\u00e4mna Oxford f\u00f6r en roadtrip genom Cotswolds. Uppt\u00e4ck Bibury, Bourton-on-the-Water, Stow-on-the-Wold och de vackraste byarna.\" \/>\n<meta property=\"og:url\" content=\"https:\/\/uk-gb.net\/sv\/road-trip-cotswolds-road\/\" \/>\n<meta property=\"og:site_name\" content=\"UK GB\" \/>\n<meta property=\"article:modified_time\" content=\"2025-12-18T11:49:40+00:00\" \/>\n<meta property=\"og:image\" content=\"https:\/\/uk-gb.net\/wp-content\/uploads\/2025\/06\/cotswolds-road-e1750836905787.jpg\" \/>\n\t<meta property=\"og:image:width\" content=\"1200\" \/>\n\t<meta property=\"og:image:height\" content=\"698\" \/>\n\t<meta property=\"og:image:type\" content=\"image\/jpeg\" \/>\n<meta name=\"twitter:card\" content=\"summary_large_image\" \/>\n<meta name=\"twitter:label1\" content=\"Ber\u00e4knad l\u00e4stid\" \/>\n\t<meta name=\"twitter:data1\" content=\"4 minuter\" \/>\n<script type=\"application\/ld+json\" class=\"yoast-schema-graph\">{\"@context\":\"https:\\\/\\\/schema.org\",\"@graph\":[{\"@type\":\"WebPage\",\"@id\":\"https:\\\/\\\/uk-gb.net\\\/sv\\\/road-trip-cotswolds-road\\\/\",\"url\":\"https:\\\/\\\/uk-gb.net\\\/sv\\\/road-trip-cotswolds-road\\\/\",\"name\":\"Cotswolds bilresa fr\u00e5n Oxford: byar och resv\u00e4g - UK GB\",\"isPartOf\":{\"@id\":\"https:\\\/\\\/uk-gb.net\\\/sv\\\/#website\"},\"primaryImageOfPage\":{\"@id\":\"https:\\\/\\\/uk-gb.net\\\/sv\\\/road-trip-cotswolds-road\\\/#primaryimage\"},\"image\":{\"@id\":\"https:\\\/\\\/uk-gb.net\\\/sv\\\/road-trip-cotswolds-road\\\/#primaryimage\"},\"thumbnailUrl\":\"https:\\\/\\\/uk-gb.net\\\/wp-content\\\/uploads\\\/2025\\\/06\\\/cotswolds-road-1024x695.jpg\",\"datePublished\":\"2025-09-05T13:11:50+00:00\",\"dateModified\":\"2025-12-18T11:49:40+00:00\",\"description\":\"L\u00e4mna Oxford f\u00f6r en roadtrip genom Cotswolds. Uppt\u00e4ck Bibury, Bourton-on-the-Water, Stow-on-the-Wold och de vackraste byarna.\",\"inLanguage\":\"sv-SE\",\"potentialAction\":[{\"@type\":\"ReadAction\",\"target\":[\"https:\\\/\\\/uk-gb.net\\\/sv\\\/road-trip-cotswolds-road\\\/\"]}]},{\"@type\":\"ImageObject\",\"inLanguage\":\"sv-SE\",\"@id\":\"https:\\\/\\\/uk-gb.net\\\/sv\\\/road-trip-cotswolds-road\\\/#primaryimage\",\"url\":\"https:\\\/\\\/uk-gb.net\\\/wp-content\\\/uploads\\\/2025\\\/06\\\/cotswolds-road-1024x695.jpg\",\"contentUrl\":\"https:\\\/\\\/uk-gb.net\\\/wp-content\\\/uploads\\\/2025\\\/06\\\/cotswolds-road-1024x695.jpg\"},{\"@type\":\"WebSite\",\"@id\":\"https:\\\/\\\/uk-gb.net\\\/sv\\\/#website\",\"url\":\"https:\\\/\\\/uk-gb.net\\\/sv\\\/\",\"name\":\"UK GB\",\"description\":\"Travel to the UK\",\"potentialAction\":[{\"@type\":\"SearchAction\",\"target\":{\"@type\":\"EntryPoint\",\"urlTemplate\":\"https:\\\/\\\/uk-gb.net\\\/sv\\\/?s={search_term_string}\"},\"query-input\":{\"@type\":\"PropertyValueSpecification\",\"valueRequired\":true,\"valueName\":\"search_term_string\"}}],\"inLanguage\":\"sv-SE\"}]}<\/script>\n<!-- \/ Yoast SEO plugin. -->","yoast_head_json":{"title":"Cotswolds bilresa fr\u00e5n Oxford: byar och resv\u00e4g - UK GB","description":"L\u00e4mna Oxford f\u00f6r en roadtrip genom Cotswolds. Uppt\u00e4ck Bibury, Bourton-on-the-Water, Stow-on-the-Wold och de vackraste byarna.","robots":{"index":"index","follow":"follow","max-snippet":"max-snippet:-1","max-image-preview":"max-image-preview:large","max-video-preview":"max-video-preview:-1"},"canonical":"https:\/\/uk-gb.net\/sv\/road-trip-cotswolds-road\/","og_locale":"sv_SE","og_type":"article","og_title":"Cotswolds bilresa fr\u00e5n Oxford: byar och resv\u00e4g - UK GB","og_description":"L\u00e4mna Oxford f\u00f6r en roadtrip genom Cotswolds. Uppt\u00e4ck Bibury, Bourton-on-the-Water, Stow-on-the-Wold och de vackraste byarna.","og_url":"https:\/\/uk-gb.net\/sv\/road-trip-cotswolds-road\/","og_site_name":"UK GB","article_modified_time":"2025-12-18T11:49:40+00:00","og_image":[{"width":1200,"height":698,"url":"https:\/\/uk-gb.net\/wp-content\/uploads\/2025\/06\/cotswolds-road-e1750836905787.jpg","type":"image\/jpeg"}],"twitter_card":"summary_large_image","twitter_misc":{"Ber\u00e4knad l\u00e4stid":"4 minuter"},"schema":{"@context":"https:\/\/schema.org","@graph":[{"@type":"WebPage","@id":"https:\/\/uk-gb.net\/sv\/road-trip-cotswolds-road\/","url":"https:\/\/uk-gb.net\/sv\/road-trip-cotswolds-road\/","name":"Cotswolds bilresa fr\u00e5n Oxford: byar och resv\u00e4g - UK GB","isPartOf":{"@id":"https:\/\/uk-gb.net\/sv\/#website"},"primaryImageOfPage":{"@id":"https:\/\/uk-gb.net\/sv\/road-trip-cotswolds-road\/#primaryimage"},"image":{"@id":"https:\/\/uk-gb.net\/sv\/road-trip-cotswolds-road\/#primaryimage"},"thumbnailUrl":"https:\/\/uk-gb.net\/wp-content\/uploads\/2025\/06\/cotswolds-road-1024x695.jpg","datePublished":"2025-09-05T13:11:50+00:00","dateModified":"2025-12-18T11:49:40+00:00","description":"L\u00e4mna Oxford f\u00f6r en roadtrip genom Cotswolds. Uppt\u00e4ck Bibury, Bourton-on-the-Water, Stow-on-the-Wold och de vackraste byarna.","inLanguage":"sv-SE","potentialAction":[{"@type":"ReadAction","target":["https:\/\/uk-gb.net\/sv\/road-trip-cotswolds-road\/"]}]},{"@type":"ImageObject","inLanguage":"sv-SE","@id":"https:\/\/uk-gb.net\/sv\/road-trip-cotswolds-road\/#primaryimage","url":"https:\/\/uk-gb.net\/wp-content\/uploads\/2025\/06\/cotswolds-road-1024x695.jpg","contentUrl":"https:\/\/uk-gb.net\/wp-content\/uploads\/2025\/06\/cotswolds-road-1024x695.jpg"},{"@type":"WebSite","@id":"https:\/\/uk-gb.net\/sv\/#website","url":"https:\/\/uk-gb.net\/sv\/","name":"UK GB","description":"Travel to the UK","potentialAction":[{"@type":"SearchAction","target":{"@type":"EntryPoint","urlTemplate":"https:\/\/uk-gb.net\/sv\/?s={search_term_string}"},"query-input":{"@type":"PropertyValueSpecification","valueRequired":true,"valueName":"search_term_string"}}],"inLanguage":"sv-SE"}]}},"_links":{"self":[{"href":"https:\/\/uk-gb.net\/sv\/wp-json\/wp\/v2\/pages\/8563","targetHints":{"allow":["GET"]}}],"collection":[{"href":"https:\/\/uk-gb.net\/sv\/wp-json\/wp\/v2\/pages"}],"about":[{"href":"https:\/\/uk-gb.net\/sv\/wp-json\/wp\/v2\/types\/page"}],"author":[{"embeddable":true,"href":"https:\/\/uk-gb.net\/sv\/wp-json\/wp\/v2\/users\/1"}],"replies":[{"embeddable":true,"href":"https:\/\/uk-gb.net\/sv\/wp-json\/wp\/v2\/comments?post=8563"}],"version-history":[{"count":0,"href":"https:\/\/uk-gb.net\/sv\/wp-json\/wp\/v2\/pages\/8563\/revisions"}],"wp:attachment":[{"href":"https:\/\/uk-gb.net\/sv\/wp-json\/wp\/v2\/media?parent=8563"}],"curies":[{"name":"wp","href":"https:\/\/api.w.org\/{rel}","templated":true}]}}