{"id":8307,"date":"2025-08-27T10:56:06","date_gmt":"2025-08-27T09:56:06","guid":{"rendered":"https:\/\/uk-gb.net\/north-coast-500-road-trip-2\/"},"modified":"2025-12-18T11:36:51","modified_gmt":"2025-12-18T11:36:51","slug":"north-coast-500-road-trip","status":"publish","type":"page","link":"https:\/\/uk-gb.net\/sv\/north-coast-500-road-trip\/","title":{"rendered":"North Coast 500: komplett roadtrip-guide till Skottland"},"content":{"rendered":"\n<h1 class=\"wp-block-heading\">Den brittiska roadtripen North Coast 500<\/h1>\n\n<p>North Coast 500, som ofta kallas &#8221;Skottlands Route 66&#8221;, \u00e4r en av de vackraste v\u00e4garna f\u00f6r roadtrips i Europa. Den 830 kilometer l\u00e5nga rutten g\u00e5r runt h\u00f6gl\u00e4nderna i norra Skottland, med start i <a href=\"https:\/\/uk-gb.net\/sv\/besok-inverness-skottland\/\">Inverness<\/a>, och f\u00f6ljer vilda kustlinjer, mystiska sj\u00f6ar och historiska slott. F\u00f6r resen\u00e4rer som \u00e4r ute efter \u00e4ventyr, fantastiska landskap och skotsk autenticitet har NC500 blivit ett m\u00e5ste.  <\/p>\n\n<h2 class=\"wp-block-heading\">Varf\u00f6r v\u00e4lja North Coast 500?<\/h2>\n\n<p>Den h\u00e4r roadtripen \u00e4r unik eftersom den kombinerar flera upplevelser p\u00e5 en och samma resa:<\/p>\n\n<ul class=\"wp-block-list\">\n<li>spektakul\u00e4ra panoramabilder med klippor, vita sandstr\u00e4nder och majest\u00e4tiska berg<\/li>\n\n\n\n<li>slingrande v\u00e4gar idealiska f\u00f6r k\u00f6rentusiaster<\/li>\n\n\n\n<li>kulturella stopp med slott, whiskydestillerier och fiskebyar<\/li>\n\n\n\n<li>chansen att observera s\u00e4llsynta djurarter: hjortar, delfiner, s\u00e4lar och ibland \u00e4ven kungs\u00f6rnar<\/li>\n<\/ul>\n\n<p>Det \u00e4r en rutt som tilltalar s\u00e5v\u00e4l naturentusiaster som \u00e4lskare av lokal historia och traditioner.<\/p>\n\n<figure class=\"wp-block-image size-large\"><img decoding=\"async\" src=\"https:\/\/uk-gb.net\/wp-content\/uploads\/2025\/06\/north-coast-500-road-trip-1024x576.jpeg\" alt=\"Road trip North Coast 500\" class=\"wp-image-7715\" \/><figcaption class=\"wp-element-caption\">Nordkusten 500 road trip bild<\/figcaption><\/figure>\n\n<h2 class=\"wp-block-heading\">Resplanen i detalj<\/h2>\n\n<p>Startpunkten \u00e4r vanligtvis <a href=\"https:\/\/uk-gb.net\/sv\/besok-inverness-skottland\/\">Inverness<\/a>, huvudstaden i Highlands. D\u00e4rifr\u00e5n g\u00e5r resv\u00e4gen i form av en slinga: <\/p>\n\n<ul class=\"wp-block-list\">\n<li><strong>\u00d6stkusten<\/strong>: <a href=\"https:\/\/www.dunrobincastle.co.uk\/\">Dunrobin-slott<\/a>, branta klippor och fiskebyar<\/li>\n\n\n\n<li><strong>Nordkusten<\/strong>: vilda landskap, avskilda str\u00e4nder och l\u00e5gtrafikerade v\u00e4gar<\/li>\n\n\n\n<li><strong>V\u00e4stkusten<\/strong>: berg, sj\u00f6ar, smala v\u00e4gar och spektakul\u00e4ra vyer<\/li>\n\n\n\n<li><strong>\u00c5terresa till Inverness<\/strong>: via <a href=\"https:\/\/www.akissfromuk.com\/visiter-torridon-wester-ross-ecosse\">Torridon-regionen<\/a> och dess imponerande landskap<\/li>\n<\/ul>\n\n<p>I genomsnitt b\u00f6r du r\u00e4kna med <strong>7 till 10 dagar<\/strong> f\u00f6r att njuta av North Coast 500 till fullo, \u00e4ven om vissa resen\u00e4rer v\u00e4ljer att utforska den p\u00e5 tv\u00e5 veckor f\u00f6r att g\u00f6ra s\u00e5 m\u00e5nga stopp som m\u00f6jligt.<\/p>\n\n<h2 class=\"wp-block-heading\">N\u00e4r ska du ta med dig NC500 p\u00e5 en roadtrip?<\/h2>\n\n<p>Vilken period som \u00e4r l\u00e4mpligast beror p\u00e5 vilken typ av erfarenhet du s\u00f6ker:<\/p>\n\n<ul class=\"wp-block-list\">\n<li><strong>Sommar<\/strong>: Detta \u00e4r h\u00f6gs\u00e4songen f\u00f6r turister, med l\u00e5nga dagar (upp till 18 timmars dagsljus i juni) och behagliga temperaturer. Det \u00e4r den perfekta tiden f\u00f6r vandring, vattensporter och f\u00f6r att njuta av landsbygden till fullo. \u00c5 andra sidan \u00e4r det mer trafik p\u00e5 v\u00e4gar och boenden.  <\/li>\n\n\n\n<li><strong>April och oktober<\/strong>: dessa m\u00e5nader mitt i s\u00e4songen \u00e4r ett bra alternativ, med f\u00e4rre m\u00e4nniskor och en vildare atmosf\u00e4r. H\u00f6stf\u00e4rgerna i oktober ger h\u00f6gl\u00e4nderna en speciell charm. Klimatet kan dock vara instabilt, med mer regn och vind.  <\/li>\n\n\n\n<li><strong>Vinter<\/strong>: dagarna \u00e4r korta och vissa v\u00e4gar kan vara sv\u00e5ra, men upplevelsen \u00e4r unik f\u00f6r den som \u00e4lskar ensamhet och sn\u00f6t\u00e4ckta landskap. Det \u00e4r ocks\u00e5 en bra tid f\u00f6r att se norrsken i norra Skottland, f\u00f6rutsatt att du \u00e4r v\u00e4l f\u00f6rberedd. <\/li>\n<\/ul>\n\n<h2 class=\"wp-block-heading\">M\u00e5ste-sev\u00e4rdheter p\u00e5 North Coast 500<\/h2>\n\n<p>Bland de m\u00e5nga m\u00f6jliga etapperna finns det n\u00e5gra som du absolut inte f\u00e5r missa:<\/p>\n\n<ul class=\"wp-block-list\">\n<li><a href=\"https:\/\/www.dunrobincastle.co.uk\/\">Dunrobin Castle<\/a> och dess Versailles-inspirerade tr\u00e4dg\u00e5rdar<\/li>\n\n\n\n<li><a href=\"https:\/\/scotland.nordicvisitor.com\/travel-guide\/attractions\/northern-highlands\/durness-beach\/\">De vita sandstr\u00e4nderna i Durness<\/a><\/li>\n\n\n\n<li>Den pittoreska byn <a href=\"https:\/\/www.ullapool.com\/\">Ullapool<\/a><\/li>\n\n\n\n<li>De spektakul\u00e4ra v\u00e4garna i <a href=\"https:\/\/en.wikipedia.org\/wiki\/Bealach_na_B%C3%A0\">Bealach na B\u00e0<\/a> (Applecross Pass)<\/li>\n\n\n\n<li>Destillerier f\u00f6r skotsk whisky p\u00e5 \u00f6stkusten<\/li>\n<\/ul>\n\n<div style=\"height:10px\" aria-hidden=\"true\" class=\"wp-block-spacer\"><\/div>\n\n<h2 class=\"wp-block-heading\">Praktiska r\u00e5d f\u00f6r en lyckad roadtrip<\/h2>\n\n<p>En roadtrip p\u00e5 North Coast 500 kr\u00e4ver ett minimum av organisation f\u00f6r att f\u00e5 ut det mesta av den. H\u00e4r \u00e4r n\u00e5gra anv\u00e4ndbara rekommendationer: <\/p>\n\n<ol class=\"wp-block-list\">\n<li><strong>V\u00e4lja r\u00e4tt fordon<\/strong>: en vanlig bil r\u00e4cker, men en van eller husbil ger dig mer frihet. T\u00e4nk p\u00e5 att vissa v\u00e4gar \u00e4r mycket smala och krokiga. <\/li>\n\n\n\n<li><strong>Boka i f\u00f6rv\u00e4g under h\u00f6gs\u00e4song<\/strong>: boende (hotell, B&amp;B, vandrarhem) s\u00e4ljer snabbt slut p\u00e5 sommaren. F\u00f6r st\u00f6rre flexibilitet \u00e4r campingplatser och husbilsparkeringar ett bra alternativ. <\/li>\n\n\n\n<li><strong>Se till att du har en offline-anslutning<\/strong>: vissa omr\u00e5den i Highlands har ingen n\u00e4tverkst\u00e4ckning. Ladda ner GPS-kartor i f\u00f6rv\u00e4g eller ta med dig en papperskarta. <\/li>\n\n\n\n<li>Ta <strong>med l\u00e4mpliga kl\u00e4der<\/strong>: det skotska klimatet \u00e4r of\u00f6ruts\u00e4gbart. Det \u00e4r inte ovanligt att uppleva alla fyra \u00e5rstiderna p\u00e5 en enda dag. Regnkl\u00e4der, fleecejackor och vandringsk\u00e4ngor \u00e4r n\u00f6dv\u00e4ndiga.  <\/li>\n\n\n\n<li><strong>Ta god tid p\u00e5 dig<\/strong>: vissa v\u00e4gar \u00e4r enfiliga och det finns platser d\u00e4r andra fordon kan passera. Det \u00e4r b\u00e4st att k\u00f6ra l\u00e5ngsamt och njuta av utsikten. <\/li>\n\n\n\n<li><strong>Respektera naturen och lokalbefolkningen<\/strong>: NC500 passerar genom k\u00e4nsliga omr\u00e5den och lokala samh\u00e4llen. Plocka upp ditt skr\u00e4p, undvik otill\u00e5ten camping och visa respekt i sm\u00e5 byar. <\/li>\n\n\n\n<li><strong>Reseformaliteter<\/strong>: Resen\u00e4rer m\u00e5ste visa upp ett visum eller f\u00e5 en <a href=\"https:\/\/uk-gb.net\/sv\/eta-england-forenade-kungariket\/\">ETA f\u00f6r Storbritannien<\/a> f\u00f6re ombordstigning.<\/li>\n<\/ol>\n\n<p><\/p>\n","protected":false},"excerpt":{"rendered":"<p>Den brittiska roadtripen North Coast 500 North Coast 500, som ofta kallas &#8221;Skottlands Route 66&#8221;, \u00e4r en av de vackraste v\u00e4garna f\u00f6r roadtrips i Europa. Den 830 kilometer l\u00e5nga rutten g\u00e5r runt h\u00f6gl\u00e4nderna i norra Skottland, med start i Inverness, och f\u00f6ljer vilda kustlinjer, mystiska sj\u00f6ar och historiska slott. F\u00f6r resen\u00e4rer som \u00e4r ute efter [&hellip;]<\/p>\n","protected":false},"author":1,"featured_media":0,"parent":0,"menu_order":0,"comment_status":"closed","ping_status":"closed","template":"","meta":{"footnotes":""},"class_list":["post-8307","page","type-page","status-publish","hentry"],"yoast_head":"<!-- This site is optimized with the Yoast SEO plugin v27.3 - https:\/\/yoast.com\/product\/yoast-seo-wordpress\/ -->\n<title>North Coast 500: komplett roadtrip-guide till Skottland - UK GB<\/title>\n<meta name=\"description\" content=\"Uppt\u00e4ck North Coast 500, den legendariska roadtripen genom de skotska h\u00f6gl\u00e4nderna. Resplan och praktiska r\u00e5d f\u00f6r en lyckad resa.\" \/>\n<meta name=\"robots\" content=\"index, follow, max-snippet:-1, max-image-preview:large, max-video-preview:-1\" \/>\n<link rel=\"canonical\" href=\"https:\/\/uk-gb.net\/sv\/north-coast-500-road-trip\/\" \/>\n<meta property=\"og:locale\" content=\"sv_SE\" \/>\n<meta property=\"og:type\" content=\"article\" \/>\n<meta property=\"og:title\" content=\"North Coast 500: komplett roadtrip-guide till Skottland - UK GB\" \/>\n<meta property=\"og:description\" content=\"Uppt\u00e4ck North Coast 500, den legendariska roadtripen genom de skotska h\u00f6gl\u00e4nderna. Resplan och praktiska r\u00e5d f\u00f6r en lyckad resa.\" \/>\n<meta property=\"og:url\" content=\"https:\/\/uk-gb.net\/sv\/north-coast-500-road-trip\/\" \/>\n<meta property=\"og:site_name\" content=\"UK GB\" \/>\n<meta property=\"article:modified_time\" content=\"2025-12-18T11:36:51+00:00\" \/>\n<meta property=\"og:image\" content=\"https:\/\/uk-gb.net\/wp-content\/uploads\/2025\/06\/north-coast-500-road-trip-e1750836403638.jpeg\" \/>\n\t<meta property=\"og:image:width\" content=\"1103\" \/>\n\t<meta property=\"og:image:height\" content=\"553\" \/>\n\t<meta property=\"og:image:type\" content=\"image\/jpeg\" \/>\n<meta name=\"twitter:card\" content=\"summary_large_image\" \/>\n<meta name=\"twitter:label1\" content=\"Ber\u00e4knad l\u00e4stid\" \/>\n\t<meta name=\"twitter:data1\" content=\"4 minuter\" \/>\n<script type=\"application\/ld+json\" class=\"yoast-schema-graph\">{\"@context\":\"https:\\\/\\\/schema.org\",\"@graph\":[{\"@type\":\"WebPage\",\"@id\":\"https:\\\/\\\/uk-gb.net\\\/sv\\\/north-coast-500-road-trip\\\/\",\"url\":\"https:\\\/\\\/uk-gb.net\\\/sv\\\/north-coast-500-road-trip\\\/\",\"name\":\"North Coast 500: komplett roadtrip-guide till Skottland - UK GB\",\"isPartOf\":{\"@id\":\"https:\\\/\\\/uk-gb.net\\\/sv\\\/#website\"},\"primaryImageOfPage\":{\"@id\":\"https:\\\/\\\/uk-gb.net\\\/sv\\\/north-coast-500-road-trip\\\/#primaryimage\"},\"image\":{\"@id\":\"https:\\\/\\\/uk-gb.net\\\/sv\\\/north-coast-500-road-trip\\\/#primaryimage\"},\"thumbnailUrl\":\"https:\\\/\\\/uk-gb.net\\\/wp-content\\\/uploads\\\/2025\\\/06\\\/north-coast-500-road-trip-1024x576.jpeg\",\"datePublished\":\"2025-08-27T09:56:06+00:00\",\"dateModified\":\"2025-12-18T11:36:51+00:00\",\"description\":\"Uppt\u00e4ck North Coast 500, den legendariska roadtripen genom de skotska h\u00f6gl\u00e4nderna. Resplan och praktiska r\u00e5d f\u00f6r en lyckad resa.\",\"inLanguage\":\"sv-SE\",\"potentialAction\":[{\"@type\":\"ReadAction\",\"target\":[\"https:\\\/\\\/uk-gb.net\\\/sv\\\/north-coast-500-road-trip\\\/\"]}]},{\"@type\":\"ImageObject\",\"inLanguage\":\"sv-SE\",\"@id\":\"https:\\\/\\\/uk-gb.net\\\/sv\\\/north-coast-500-road-trip\\\/#primaryimage\",\"url\":\"https:\\\/\\\/uk-gb.net\\\/wp-content\\\/uploads\\\/2025\\\/06\\\/north-coast-500-road-trip-1024x576.jpeg\",\"contentUrl\":\"https:\\\/\\\/uk-gb.net\\\/wp-content\\\/uploads\\\/2025\\\/06\\\/north-coast-500-road-trip-1024x576.jpeg\"},{\"@type\":\"WebSite\",\"@id\":\"https:\\\/\\\/uk-gb.net\\\/sv\\\/#website\",\"url\":\"https:\\\/\\\/uk-gb.net\\\/sv\\\/\",\"name\":\"UK GB\",\"description\":\"Travel to the UK\",\"potentialAction\":[{\"@type\":\"SearchAction\",\"target\":{\"@type\":\"EntryPoint\",\"urlTemplate\":\"https:\\\/\\\/uk-gb.net\\\/sv\\\/?s={search_term_string}\"},\"query-input\":{\"@type\":\"PropertyValueSpecification\",\"valueRequired\":true,\"valueName\":\"search_term_string\"}}],\"inLanguage\":\"sv-SE\"}]}<\/script>\n<!-- \/ Yoast SEO plugin. -->","yoast_head_json":{"title":"North Coast 500: komplett roadtrip-guide till Skottland - UK GB","description":"Uppt\u00e4ck North Coast 500, den legendariska roadtripen genom de skotska h\u00f6gl\u00e4nderna. Resplan och praktiska r\u00e5d f\u00f6r en lyckad resa.","robots":{"index":"index","follow":"follow","max-snippet":"max-snippet:-1","max-image-preview":"max-image-preview:large","max-video-preview":"max-video-preview:-1"},"canonical":"https:\/\/uk-gb.net\/sv\/north-coast-500-road-trip\/","og_locale":"sv_SE","og_type":"article","og_title":"North Coast 500: komplett roadtrip-guide till Skottland - UK GB","og_description":"Uppt\u00e4ck North Coast 500, den legendariska roadtripen genom de skotska h\u00f6gl\u00e4nderna. Resplan och praktiska r\u00e5d f\u00f6r en lyckad resa.","og_url":"https:\/\/uk-gb.net\/sv\/north-coast-500-road-trip\/","og_site_name":"UK GB","article_modified_time":"2025-12-18T11:36:51+00:00","og_image":[{"width":1103,"height":553,"url":"https:\/\/uk-gb.net\/wp-content\/uploads\/2025\/06\/north-coast-500-road-trip-e1750836403638.jpeg","type":"image\/jpeg"}],"twitter_card":"summary_large_image","twitter_misc":{"Ber\u00e4knad l\u00e4stid":"4 minuter"},"schema":{"@context":"https:\/\/schema.org","@graph":[{"@type":"WebPage","@id":"https:\/\/uk-gb.net\/sv\/north-coast-500-road-trip\/","url":"https:\/\/uk-gb.net\/sv\/north-coast-500-road-trip\/","name":"North Coast 500: komplett roadtrip-guide till Skottland - UK GB","isPartOf":{"@id":"https:\/\/uk-gb.net\/sv\/#website"},"primaryImageOfPage":{"@id":"https:\/\/uk-gb.net\/sv\/north-coast-500-road-trip\/#primaryimage"},"image":{"@id":"https:\/\/uk-gb.net\/sv\/north-coast-500-road-trip\/#primaryimage"},"thumbnailUrl":"https:\/\/uk-gb.net\/wp-content\/uploads\/2025\/06\/north-coast-500-road-trip-1024x576.jpeg","datePublished":"2025-08-27T09:56:06+00:00","dateModified":"2025-12-18T11:36:51+00:00","description":"Uppt\u00e4ck North Coast 500, den legendariska roadtripen genom de skotska h\u00f6gl\u00e4nderna. Resplan och praktiska r\u00e5d f\u00f6r en lyckad resa.","inLanguage":"sv-SE","potentialAction":[{"@type":"ReadAction","target":["https:\/\/uk-gb.net\/sv\/north-coast-500-road-trip\/"]}]},{"@type":"ImageObject","inLanguage":"sv-SE","@id":"https:\/\/uk-gb.net\/sv\/north-coast-500-road-trip\/#primaryimage","url":"https:\/\/uk-gb.net\/wp-content\/uploads\/2025\/06\/north-coast-500-road-trip-1024x576.jpeg","contentUrl":"https:\/\/uk-gb.net\/wp-content\/uploads\/2025\/06\/north-coast-500-road-trip-1024x576.jpeg"},{"@type":"WebSite","@id":"https:\/\/uk-gb.net\/sv\/#website","url":"https:\/\/uk-gb.net\/sv\/","name":"UK GB","description":"Travel to the UK","potentialAction":[{"@type":"SearchAction","target":{"@type":"EntryPoint","urlTemplate":"https:\/\/uk-gb.net\/sv\/?s={search_term_string}"},"query-input":{"@type":"PropertyValueSpecification","valueRequired":true,"valueName":"search_term_string"}}],"inLanguage":"sv-SE"}]}},"_links":{"self":[{"href":"https:\/\/uk-gb.net\/sv\/wp-json\/wp\/v2\/pages\/8307","targetHints":{"allow":["GET"]}}],"collection":[{"href":"https:\/\/uk-gb.net\/sv\/wp-json\/wp\/v2\/pages"}],"about":[{"href":"https:\/\/uk-gb.net\/sv\/wp-json\/wp\/v2\/types\/page"}],"author":[{"embeddable":true,"href":"https:\/\/uk-gb.net\/sv\/wp-json\/wp\/v2\/users\/1"}],"replies":[{"embeddable":true,"href":"https:\/\/uk-gb.net\/sv\/wp-json\/wp\/v2\/comments?post=8307"}],"version-history":[{"count":0,"href":"https:\/\/uk-gb.net\/sv\/wp-json\/wp\/v2\/pages\/8307\/revisions"}],"wp:attachment":[{"href":"https:\/\/uk-gb.net\/sv\/wp-json\/wp\/v2\/media?parent=8307"}],"curies":[{"name":"wp","href":"https:\/\/api.w.org\/{rel}","templated":true}]}}