{"id":6231,"date":"2025-05-21T14:52:45","date_gmt":"2025-05-21T13:52:45","guid":{"rendered":"https:\/\/uk-gb.net\/besok-inverness-skottland\/"},"modified":"2025-12-19T09:48:25","modified_gmt":"2025-12-19T09:48:25","slug":"besok-inverness-skottland","status":"publish","type":"page","link":"https:\/\/uk-gb.net\/sv\/besok-inverness-skottland\/","title":{"rendered":"Bes\u00f6k Inverness i Skottland"},"content":{"rendered":"\n<h1 class=\"wp-block-heading\">Inverness turistguide<\/h1>\n\n<p>Inverness, med smeknamnet \u201ch\u00f6gl\u00e4ndernas huvudstad\u201d, \u00e4r en charmig skotsk stad i norra delen av landet. Omgiven av spektakul\u00e4ra landskap, mystiska slott och legendariska sj\u00f6ar \u00e4r det den perfekta utg\u00e5ngspunkten f\u00f6r att utforska en av de vildaste och mest autentiska regionerna i Storbritannien. <\/p>\n\n<h2 class=\"wp-block-heading\">Varf\u00f6r bes\u00f6ka Inverness?<\/h2>\n\n<p>Inverness tilltalar resen\u00e4rer som s\u00f6ker natur, historia och lugn och ro. Med sin v\u00e4lkomnande stadsk\u00e4rna, sitt slott med utsikt \u00f6ver floden Ness och sin n\u00e4rhet till den mytomspunna Loch Ness, erbjuder denna stad en fin balans mellan skotsk kultur, historiskt arv och hisnande panorama. Inverness \u00e4r ocks\u00e5 en utm\u00e4rkt bas f\u00f6r att uppt\u00e4cka h\u00f6gl\u00e4nderna, natursk\u00f6na rutter som North Coast 500 och de m\u00e5nga omgivande vandringslederna.  <\/p>\n\n<figure class=\"wp-block-image size-large\"><img fetchpriority=\"high\" decoding=\"async\" width=\"1024\" height=\"521\" src=\"https:\/\/uk-gb.net\/wp-content\/uploads\/2025\/05\/Inverness-1024x521.jpg\" alt=\"Staden Inverness\" class=\"wp-image-5938\" srcset=\"https:\/\/uk-gb.net\/wp-content\/uploads\/2025\/05\/Inverness-1024x521.jpg 1024w, https:\/\/uk-gb.net\/wp-content\/uploads\/2025\/05\/Inverness-300x153.jpg 300w, https:\/\/uk-gb.net\/wp-content\/uploads\/2025\/05\/Inverness-768x390.jpg 768w, https:\/\/uk-gb.net\/wp-content\/uploads\/2025\/05\/Inverness.jpg 1072w\" sizes=\"(max-width: 1024px) 100vw, 1024px\" \/><figcaption class=\"wp-element-caption\">Den skotska staden Inverness<\/figcaption><\/figure>\n\n<h2 class=\"wp-block-heading\">De viktigaste sakerna<\/h2>\n\n<ul class=\"wp-block-list\">\n<li><a href=\"https:\/\/invernesscastle.scot\/\">Inverness Castle<\/a>: En ikonisk byggnad med utsikt \u00f6ver staden och en hisnande utsikt \u00f6ver floden Ness.<\/li>\n\n\n\n<li><a href=\"https:\/\/www.visitinvernesslochness.com\/\">Loch Ness<\/a>: Bara n\u00e5gra kilometer bort kan du leta efter Nessie och utforska Urquhart Castle.<\/li>\n\n\n\n<li><a href=\"https:\/\/www.highlifehighland.com\/inverness-museum-and-art-gallery\/\">Inverness Museum and Art Gallery<\/a>: L\u00e4r dig mer om historia, kultur och traditioner i h\u00f6gl\u00e4nderna.<\/li>\n\n\n\n<li><a href=\"https:\/\/www.visitinvernesslochness.com\/listings\/ness-islands\">Ness Islands<\/a>: Sm\u00e5 skogsbekl\u00e4dda \u00f6ar som \u00e4r f\u00f6rbundna med broar, perfekta f\u00f6r en lugn promenad.<\/li>\n\n\n\n<li><a href=\"https:\/\/invernesscathedral.org\/\">Cath\u00e9drale Saint-Andr\u00e9<\/a>: En magnifik gotisk katedral vid flodens strand.<\/li>\n\n\n\n<li><a href=\"https:\/\/eden-court.co.uk\/\">Eden Court Theatre<\/a>: Ett dynamiskt kulturcentrum som erbjuder shower, filmer och konserter.<\/li>\n<\/ul>\n\n<div style=\"height:10px\" aria-hidden=\"true\" class=\"wp-block-spacer\"><\/div>\n\n<h2 class=\"wp-block-heading\">Grannskap att utforska<\/h2>\n\n<ul class=\"wp-block-list\">\n<li><strong>City Centre<\/strong>: En livlig stadsdel med butiker, traditionella pubar och restauranger.<\/li>\n\n\n\n<li><strong>Merkinch<\/strong>: Ett omr\u00e5de vid stranden av Caledonian Canal, perfekt f\u00f6r en promenad.<\/li>\n\n\n\n<li><strong>Crown<\/strong>: Lugnt, lummigt bostadsomr\u00e5de ett stenkast fr\u00e5n centrum.<\/li>\n\n\n\n<li><strong>Southside<\/strong>: Ett lugnt omr\u00e5de f\u00f6r promenader l\u00e4ngs floden.<\/li>\n<\/ul>\n\n<div style=\"height:10px\" aria-hidden=\"true\" class=\"wp-block-spacer\"><\/div>\n\n<h2 class=\"wp-block-heading\">Praktiska r\u00e5d<\/h2>\n\n<figure class=\"wp-block-table\"><table><tbody><tr><th>Aspekt<\/th><th>Detaljer<\/th><\/tr><tr><td><strong>Transport<\/strong><\/td><td>L\u00e4tt att n\u00e5 med t\u00e5g eller flyg; bussar och taxibilar st\u00e5r f\u00f6r lokaltrafiken.<\/td><\/tr><tr><td><strong>boende<\/strong><\/td><td>Fr\u00e5n familje\u00e4gda B&amp;B till 4-stj\u00e4rniga hotell och charmiga stugor.<\/td><\/tr><tr><td><strong>Valuta<\/strong><\/td><td>Pund sterling (\u00a3). Kortbetalningar accepteras i stor utstr\u00e4ckning. <\/td><\/tr><tr><td><strong>Spr\u00e5k<\/strong><\/td><td>Engelska, med en stark skotsk kulturell identitet.<\/td><\/tr><tr><td><strong>V\u00e4der<\/strong><\/td><td>Ta med vattent\u00e4ta kl\u00e4der, eftersom klimatet \u00e4r ombytligt.<\/td><\/tr><\/tbody><\/table><\/figure>\n\n<h2 class=\"wp-block-heading\">Var ska vi \u00e4ta?<\/h2>\n\n<ul class=\"wp-block-list\">\n<li><a href=\"https:\/\/www.rocpoolrestaurant.com\/\">Restaurang Rocpool<\/a>: Modernt, raffinerat k\u00f6k med utsikt \u00f6ver floden Ness.<\/li>\n\n\n\n<li><a href=\"https:\/\/www.mustardseedrestaurant.co.uk\/\">The Mustard Seed<\/a>: Denna restaurang ligger i en f\u00f6re detta kyrka och serverar uppfinningsrika skotska r\u00e4tter.<\/li>\n\n\n\n<li><a href=\"https:\/\/www.kitchenrestaurant.co.uk\/\">The Kitchen<\/a>: En elegant milj\u00f6 f\u00f6r att avnjuta lokala s\u00e4songsbetonade r\u00e4tter.<\/li>\n\n\n\n<li><a href=\"https:\/\/www.macgregorsbars.com\/\">MacGregor&#8217;s Bar<\/a>: Njut av skotska specialiteter i en v\u00e4nlig atmosf\u00e4r.<\/li>\n<\/ul>\n\n<div style=\"height:10px\" aria-hidden=\"true\" class=\"wp-block-spacer\"><\/div>\n\n<h2 class=\"wp-block-heading\">N\u00e4r ska du \u00e5ka?<\/h2>\n\n<p>Inverness kan bes\u00f6kas \u00e5ret runt, men m\u00e5naderna fr\u00e5n maj till september \u00e4r de b\u00e4sta f\u00f6r att njuta av utomhusaktiviteter till fullo. P\u00e5 sommaren kan man utforska h\u00f6gl\u00e4nderna i exceptionellt ljus, medan h\u00f6sten bjuder p\u00e5 flamboyant landskap. P\u00e5 vintern blir staden mer fridfull, perfekt f\u00f6r \u00e4lskare av lugn och vildmark.  <\/p>\n\n<h2 class=\"wp-block-heading\">Saker att komma ih\u00e5g n\u00e4r du reser till Inverness<\/h2>\n\n<p>Inverness \u00e4r mycket mer \u00e4n bara en port till Loch Ness: det \u00e4r en destination i sig sj\u00e4lv som kombinerar natur, historia och kultur. J\u00e4mf\u00f6rt med storst\u00e4der som Edinburgh eller Glasgow erbjuder Inverness ett lugnare tempo, perfekt f\u00f6r att komma bort fr\u00e5n allt. Mindre urban \u00e4n London eller Manchester, dess autenticitet och den r\u00e5a sk\u00f6nheten i dess milj\u00f6 g\u00f6r det till en fantastisk plats att bes\u00f6ka. Uppt\u00e4ck h\u00f6gl\u00e4nderna fr\u00e5n Inverness och l\u00e5t dig f\u00f6rtrollas av magin i norra Skottland.   <\/p>\n","protected":false},"excerpt":{"rendered":"<p>Inverness turistguide Inverness, med smeknamnet \u201ch\u00f6gl\u00e4ndernas huvudstad\u201d, \u00e4r en charmig skotsk stad i norra delen av landet. Omgiven av spektakul\u00e4ra landskap, mystiska slott och legendariska sj\u00f6ar \u00e4r det den perfekta utg\u00e5ngspunkten f\u00f6r att utforska en av de vildaste och mest autentiska regionerna i Storbritannien. Varf\u00f6r bes\u00f6ka Inverness? Inverness tilltalar resen\u00e4rer som s\u00f6ker natur, historia och [&hellip;]<\/p>\n","protected":false},"author":1,"featured_media":0,"parent":0,"menu_order":0,"comment_status":"closed","ping_status":"closed","template":"","meta":{"footnotes":""},"class_list":["post-6231","page","type-page","status-publish","hentry"],"yoast_head":"<!-- This site is optimized with the Yoast SEO plugin v27.3 - https:\/\/yoast.com\/product\/yoast-seo-wordpress\/ -->\n<title>Bes\u00f6k Inverness i Skottland - UK GB<\/title>\n<meta name=\"description\" content=\"Bes\u00f6k den charmiga staden Inverness. Detta \u00e4r huvudstaden i Highlands, en skotsk stad i norra delen av landet.\" \/>\n<meta name=\"robots\" content=\"index, follow, max-snippet:-1, max-image-preview:large, max-video-preview:-1\" \/>\n<link rel=\"canonical\" href=\"https:\/\/uk-gb.net\/sv\/besok-inverness-skottland\/\" \/>\n<meta property=\"og:locale\" content=\"sv_SE\" \/>\n<meta property=\"og:type\" content=\"article\" \/>\n<meta property=\"og:title\" content=\"Bes\u00f6k Inverness i Skottland - UK GB\" \/>\n<meta property=\"og:description\" content=\"Bes\u00f6k den charmiga staden Inverness. Detta \u00e4r huvudstaden i Highlands, en skotsk stad i norra delen av landet.\" \/>\n<meta property=\"og:url\" content=\"https:\/\/uk-gb.net\/sv\/besok-inverness-skottland\/\" \/>\n<meta property=\"og:site_name\" content=\"UK GB\" \/>\n<meta property=\"article:modified_time\" content=\"2025-12-19T09:48:25+00:00\" \/>\n<meta property=\"og:image\" content=\"https:\/\/uk-gb.net\/wp-content\/uploads\/2025\/05\/Inverness.jpg\" \/>\n\t<meta property=\"og:image:width\" content=\"1072\" \/>\n\t<meta property=\"og:image:height\" content=\"545\" \/>\n\t<meta property=\"og:image:type\" content=\"image\/jpeg\" \/>\n<meta name=\"twitter:card\" content=\"summary_large_image\" \/>\n<meta name=\"twitter:label1\" content=\"Ber\u00e4knad l\u00e4stid\" \/>\n\t<meta name=\"twitter:data1\" content=\"3 minuter\" \/>\n<script type=\"application\/ld+json\" class=\"yoast-schema-graph\">{\"@context\":\"https:\\\/\\\/schema.org\",\"@graph\":[{\"@type\":\"WebPage\",\"@id\":\"https:\\\/\\\/uk-gb.net\\\/sv\\\/besok-inverness-skottland\\\/\",\"url\":\"https:\\\/\\\/uk-gb.net\\\/sv\\\/besok-inverness-skottland\\\/\",\"name\":\"Bes\u00f6k Inverness i Skottland - UK GB\",\"isPartOf\":{\"@id\":\"https:\\\/\\\/uk-gb.net\\\/sv\\\/#website\"},\"primaryImageOfPage\":{\"@id\":\"https:\\\/\\\/uk-gb.net\\\/sv\\\/besok-inverness-skottland\\\/#primaryimage\"},\"image\":{\"@id\":\"https:\\\/\\\/uk-gb.net\\\/sv\\\/besok-inverness-skottland\\\/#primaryimage\"},\"thumbnailUrl\":\"https:\\\/\\\/uk-gb.net\\\/wp-content\\\/uploads\\\/2025\\\/05\\\/Inverness-1024x521.jpg\",\"datePublished\":\"2025-05-21T13:52:45+00:00\",\"dateModified\":\"2025-12-19T09:48:25+00:00\",\"description\":\"Bes\u00f6k den charmiga staden Inverness. Detta \u00e4r huvudstaden i Highlands, en skotsk stad i norra delen av landet.\",\"inLanguage\":\"sv-SE\",\"potentialAction\":[{\"@type\":\"ReadAction\",\"target\":[\"https:\\\/\\\/uk-gb.net\\\/sv\\\/besok-inverness-skottland\\\/\"]}]},{\"@type\":\"ImageObject\",\"inLanguage\":\"sv-SE\",\"@id\":\"https:\\\/\\\/uk-gb.net\\\/sv\\\/besok-inverness-skottland\\\/#primaryimage\",\"url\":\"https:\\\/\\\/uk-gb.net\\\/wp-content\\\/uploads\\\/2025\\\/05\\\/Inverness-1024x521.jpg\",\"contentUrl\":\"https:\\\/\\\/uk-gb.net\\\/wp-content\\\/uploads\\\/2025\\\/05\\\/Inverness-1024x521.jpg\"},{\"@type\":\"WebSite\",\"@id\":\"https:\\\/\\\/uk-gb.net\\\/sv\\\/#website\",\"url\":\"https:\\\/\\\/uk-gb.net\\\/sv\\\/\",\"name\":\"UK GB\",\"description\":\"Travel to the UK\",\"potentialAction\":[{\"@type\":\"SearchAction\",\"target\":{\"@type\":\"EntryPoint\",\"urlTemplate\":\"https:\\\/\\\/uk-gb.net\\\/sv\\\/?s={search_term_string}\"},\"query-input\":{\"@type\":\"PropertyValueSpecification\",\"valueRequired\":true,\"valueName\":\"search_term_string\"}}],\"inLanguage\":\"sv-SE\"}]}<\/script>\n<!-- \/ Yoast SEO plugin. -->","yoast_head_json":{"title":"Bes\u00f6k Inverness i Skottland - UK GB","description":"Bes\u00f6k den charmiga staden Inverness. Detta \u00e4r huvudstaden i Highlands, en skotsk stad i norra delen av landet.","robots":{"index":"index","follow":"follow","max-snippet":"max-snippet:-1","max-image-preview":"max-image-preview:large","max-video-preview":"max-video-preview:-1"},"canonical":"https:\/\/uk-gb.net\/sv\/besok-inverness-skottland\/","og_locale":"sv_SE","og_type":"article","og_title":"Bes\u00f6k Inverness i Skottland - UK GB","og_description":"Bes\u00f6k den charmiga staden Inverness. Detta \u00e4r huvudstaden i Highlands, en skotsk stad i norra delen av landet.","og_url":"https:\/\/uk-gb.net\/sv\/besok-inverness-skottland\/","og_site_name":"UK GB","article_modified_time":"2025-12-19T09:48:25+00:00","og_image":[{"width":1072,"height":545,"url":"https:\/\/uk-gb.net\/wp-content\/uploads\/2025\/05\/Inverness.jpg","type":"image\/jpeg"}],"twitter_card":"summary_large_image","twitter_misc":{"Ber\u00e4knad l\u00e4stid":"3 minuter"},"schema":{"@context":"https:\/\/schema.org","@graph":[{"@type":"WebPage","@id":"https:\/\/uk-gb.net\/sv\/besok-inverness-skottland\/","url":"https:\/\/uk-gb.net\/sv\/besok-inverness-skottland\/","name":"Bes\u00f6k Inverness i Skottland - UK GB","isPartOf":{"@id":"https:\/\/uk-gb.net\/sv\/#website"},"primaryImageOfPage":{"@id":"https:\/\/uk-gb.net\/sv\/besok-inverness-skottland\/#primaryimage"},"image":{"@id":"https:\/\/uk-gb.net\/sv\/besok-inverness-skottland\/#primaryimage"},"thumbnailUrl":"https:\/\/uk-gb.net\/wp-content\/uploads\/2025\/05\/Inverness-1024x521.jpg","datePublished":"2025-05-21T13:52:45+00:00","dateModified":"2025-12-19T09:48:25+00:00","description":"Bes\u00f6k den charmiga staden Inverness. Detta \u00e4r huvudstaden i Highlands, en skotsk stad i norra delen av landet.","inLanguage":"sv-SE","potentialAction":[{"@type":"ReadAction","target":["https:\/\/uk-gb.net\/sv\/besok-inverness-skottland\/"]}]},{"@type":"ImageObject","inLanguage":"sv-SE","@id":"https:\/\/uk-gb.net\/sv\/besok-inverness-skottland\/#primaryimage","url":"https:\/\/uk-gb.net\/wp-content\/uploads\/2025\/05\/Inverness-1024x521.jpg","contentUrl":"https:\/\/uk-gb.net\/wp-content\/uploads\/2025\/05\/Inverness-1024x521.jpg"},{"@type":"WebSite","@id":"https:\/\/uk-gb.net\/sv\/#website","url":"https:\/\/uk-gb.net\/sv\/","name":"UK GB","description":"Travel to the UK","potentialAction":[{"@type":"SearchAction","target":{"@type":"EntryPoint","urlTemplate":"https:\/\/uk-gb.net\/sv\/?s={search_term_string}"},"query-input":{"@type":"PropertyValueSpecification","valueRequired":true,"valueName":"search_term_string"}}],"inLanguage":"sv-SE"}]}},"_links":{"self":[{"href":"https:\/\/uk-gb.net\/sv\/wp-json\/wp\/v2\/pages\/6231","targetHints":{"allow":["GET"]}}],"collection":[{"href":"https:\/\/uk-gb.net\/sv\/wp-json\/wp\/v2\/pages"}],"about":[{"href":"https:\/\/uk-gb.net\/sv\/wp-json\/wp\/v2\/types\/page"}],"author":[{"embeddable":true,"href":"https:\/\/uk-gb.net\/sv\/wp-json\/wp\/v2\/users\/1"}],"replies":[{"embeddable":true,"href":"https:\/\/uk-gb.net\/sv\/wp-json\/wp\/v2\/comments?post=6231"}],"version-history":[{"count":0,"href":"https:\/\/uk-gb.net\/sv\/wp-json\/wp\/v2\/pages\/6231\/revisions"}],"wp:attachment":[{"href":"https:\/\/uk-gb.net\/sv\/wp-json\/wp\/v2\/media?parent=6231"}],"curies":[{"name":"wp","href":"https:\/\/api.w.org\/{rel}","templated":true}]}}