{"id":5364,"date":"2025-03-11T07:41:33","date_gmt":"2025-03-11T07:41:33","guid":{"rendered":"https:\/\/uk-gb.net\/belfast\/"},"modified":"2025-12-18T12:50:17","modified_gmt":"2025-12-18T12:50:17","slug":"belfast","status":"publish","type":"page","link":"https:\/\/uk-gb.net\/sv\/belfast\/","title":{"rendered":"Staden Belfast i Nordirland"},"content":{"rendered":"\n<h1 class=\"wp-block-heading\">Bes\u00f6k Belfast, Nordirlands huvudstad<\/h1>\n\n<p>Belfast, Nordirlands pulserande huvudstad, \u00e4r en stad mitt i omvandlingen som blandar industriellt arv, modern kultur och havslandskap. Staden, som l\u00e4nge pr\u00e4glades av konflikter i det f\u00f6rflutna, har idag etablerat sig som ett dynamiskt turistm\u00e5l, rikt p\u00e5 historia, konst och g\u00e4stfrihet. <\/p>\n\n<figure class=\"wp-block-image size-large\"><img fetchpriority=\"high\" decoding=\"async\" width=\"1044\" height=\"410\" src=\"https:\/\/uk-gb.net\/wp-content\/uploads\/2025\/03\/Belfast-e1748001959444.jpg\" alt=\"\" class=\"wp-image-5393\" srcset=\"https:\/\/uk-gb.net\/wp-content\/uploads\/2025\/03\/Belfast-e1748001959444.jpg 1044w, https:\/\/uk-gb.net\/wp-content\/uploads\/2025\/03\/Belfast-e1748001959444-300x118.jpg 300w, https:\/\/uk-gb.net\/wp-content\/uploads\/2025\/03\/Belfast-e1748001959444-1024x402.jpg 1024w, https:\/\/uk-gb.net\/wp-content\/uploads\/2025\/03\/Belfast-e1748001959444-768x302.jpg 768w\" sizes=\"(max-width: 1044px) 100vw, 1044px\" \/><figcaption class=\"wp-element-caption\">Foto av Belfasts hamn<\/figcaption><\/figure>\n\n<h2 class=\"wp-block-heading\">Varf\u00f6r bes\u00f6ka Belfast?<\/h2>\n\n<p>Belfast har en unik blandning av historia, kreativ energi och m\u00e4nsklig v\u00e4rme. Med sina f\u00f6re detta skeppsvarv som omvandlats till kulturella m\u00f6tesplatser, sina v\u00e4ggm\u00e5lningar fulla av minnen och sin v\u00e4nliga atmosf\u00e4r erbjuder staden en f\u00e4ngslande resa till hj\u00e4rtat av Nordirland. Staden \u00e4r l\u00e4ttillg\u00e4nglig och har en m\u00e4nsklig skala och \u00e4r ocks\u00e5 den perfekta utg\u00e5ngspunkten f\u00f6r att utforska Giant&#8217;s Causeway eller Antrim Coast.  <\/p>\n\n<h2 class=\"wp-block-heading\">De viktigaste sakerna<\/h2>\n\n<ul class=\"wp-block-list\">\n<li><a href=\"https:\/\/www.titanicbelfast.com\/\">Titanic Belfast<\/a>: Interaktivt center som ber\u00e4ttar historien om den ber\u00f6mda ocean\u00e5ngaren som byggdes i Belfast.<\/li>\n\n\n\n<li><a href=\"https:\/\/www.belfastcity.gov.uk\/Things-to-Do\/City-Hall\">City Hall<\/a>: En imponerande stadshall i hj\u00e4rtat av Belfast med spektakul\u00e4r viktoriansk arkitektur.<\/li>\n\n\n\n<li><a href=\"https:\/\/www.crumlinroadgaol.com\/\">Crumlin Road Gaol<\/a>: F\u00f6re detta f\u00e4ngelse som blivit museum, vittne till de politiska omv\u00e4lvningarna under 1900-talet.<\/li>\n\n\n\n<li><a href=\"https:\/\/www.ireland.com\/en-us\/things-to-do\/attractions\/st-georges-market\/\">St Georges marknad <\/a>  Historisk marknad under tak, perfekt f\u00f6r att prova lokala specialiteter och uppt\u00e4cka hantverk.<\/li>\n\n\n\n<li><a href=\"https:\/\/www.ulstermuseum.org\/\">Botanic Gardens och Ulster Museum<\/a>: Den perfekta kombinationen f\u00f6r att promenera i naturen och utforska Nordirlands historia.<\/li>\n\n\n\n<li><a href=\"https:\/\/www.irlanda.net\/fr\/destinations\/nord\/belfast\/que-faire-belfast\/peintures-murales-belfast\/\">Fredsmurar och muralm\u00e5lningar<\/a>: symboliska muralm\u00e5lningar som skildrar stadens politiska historia.<\/li>\n<\/ul>\n\n<div style=\"height:20px\" aria-hidden=\"true\" class=\"wp-block-spacer\"><\/div>\n\n<h2 class=\"wp-block-heading\">Grannskap att utforska<\/h2>\n\n<ul class=\"wp-block-list\">\n<li><strong>Cathedral Quarter<\/strong>: Ett trendigt, kulturellt omr\u00e5de som \u00e4r k\u00e4nt f\u00f6r sin gatukonst, sina pubar och festivaler.<\/li>\n\n\n\n<li><strong>Titanic Quarter<\/strong>: Ett omr\u00e5de som utvecklats kring marinens historia, med museer och promenadstr\u00e5k l\u00e4ngs floden.<\/li>\n\n\n\n<li><strong>Queen \u201cs Quarter<\/strong>: livligt studentkvarter runt Queen\u201d s University, med kaf\u00e9er och gr\u00f6nomr\u00e5den.<\/li>\n\n\n\n<li><strong>Lisburn Road<\/strong>: Perfekt f\u00f6r shopping, brunch och en chic atmosf\u00e4r i bostadsomr\u00e5det.<\/li>\n<\/ul>\n\n<div style=\"height:20px\" aria-hidden=\"true\" class=\"wp-block-spacer\"><\/div>\n\n<h2 class=\"wp-block-heading\">Praktiska r\u00e5d<\/h2>\n\n<figure class=\"wp-block-table\"><table><tbody><tr><td><strong>Transport<\/strong><\/td><td>Belfast har bra bussf\u00f6rbindelser och m\u00e5nga taxistationer.<\/td><\/tr><tr><td><strong>boende<\/strong><\/td><td>M\u00e5nga hotell och B&amp;B fr\u00e5n centrum till de lugnare kvarteren.<\/td><\/tr><tr><td><strong>Valuta<\/strong><\/td><td>Pund sterling (\u00a3), nordirl\u00e4ndska sedlar accepteras.<\/td><\/tr><tr><td><strong>Spr\u00e5k<\/strong><\/td><td>Engelska, med irl\u00e4ndska p\u00e5 vissa skyltar.<\/td><\/tr><tr><td><strong>V\u00e4der<\/strong><\/td><td>Svalt havsklimat; b\u00e4r vindjacka \u00e5ret runt.<\/td><\/tr><tr><td><strong>Formaliteter<\/strong><\/td><td><a href=\"https:\/\/uk-gb.net\/sv\/visum-forenade-kungariket\/\">Formaliteterna f\u00f6r inresa till Storbritannien<\/a> har \u00e4ndrats, s\u00e5 kontrollera i f\u00f6rv\u00e4g.<\/td><\/tr><\/tbody><\/table><\/figure>\n\n<h2 class=\"wp-block-heading\">Var ska vi \u00e4ta?<\/h2>\n\n<ul class=\"wp-block-list\">\n<li><a href=\"https:\/\/oxbelfast.com\/\">Ox<\/a>: restaurang med Michelinstj\u00e4rna som serverar moderna och lokala r\u00e4tter.<\/li>\n\n\n\n<li><a href=\"https:\/\/www.mourneseafood.com\/restaurants\/belfast\/\">Mourne Seafood Bar<\/a>: K\u00e4nd f\u00f6r sin f\u00e4rska fisk och skaldjur och sina gener\u00f6sa r\u00e4tter.<\/li>\n\n\n\n<li><a href=\"https:\/\/www.nicholsonspubs.co.uk\/restaurants\/scotlandandnorthernireland\/thecrownliquorsaloonbelfast\">The Crown Liquor Saloon<\/a>: En kulturminnesm\u00e4rkt pub med omissk\u00e4nnlig viktoriansk charm.<\/li>\n\n\n\n<li><a href=\"https:\/\/established.coffee\/\">Established Coffee<\/a>: En popul\u00e4r adress f\u00f6r sina hantverksm\u00e4ssiga kaffesorter och gourmetbruncher.<\/li>\n<\/ul>\n\n<div style=\"height:10px\" aria-hidden=\"true\" class=\"wp-block-spacer\"><\/div>\n\n<h2 class=\"wp-block-heading\">N\u00e4r ska du \u00e5ka?<\/h2>\n\n<p>Belfast kan bes\u00f6kas \u00e5ret runt, men m\u00e5naderna april till september erbjuder det b\u00e4sta v\u00e4dret f\u00f6r att utforska staden till fots eller p\u00e5 cykel. Sommaren \u00e4r en tid f\u00f6r utomhusfestivaler och evenemang, medan h\u00f6sten ger vackra nyanser till de offentliga tr\u00e4dg\u00e5rdarna. P\u00e5 vintern \u00e4r staden utsmyckad med ljus och festliga marknader.  <\/p>\n\n<h2 class=\"wp-block-heading\">Vilka formaliteter g\u00e4ller f\u00f6r bes\u00f6k i Belfast?<\/h2>\n\n<p>Medborgare i Europeiska unionen, USA, Kanada och m\u00e5nga andra l\u00e4nder m\u00e5ste nu skaffa ett <a href=\"https:\/\/uk-gb.net\/sv\/eta-england-forenade-kungariket\/\">ETA<\/a> om de inte har visum till England.<\/p>\n\n<p>ETA kan s\u00f6kas online eller via den <a href=\"https:\/\/uk-gb.net\/sv\/ansokan-iphone-visum-eta-storbritannien\/\">officiella ETA-ans\u00f6kan i Storbritannien<\/a>. ETA \u00e4r giltigt f\u00f6r kortvariga turistvistelser och kan endast erh\u00e5llas online via webbplatsen <a href=\"https:\/\/www.gov.uk\/\">gov.uk.<\/a> Detta g\u00e4ller inte irl\u00e4ndska medborgare, personer bosatta i Storbritannien eller innehavare av befintliga visum.  <\/p>\n\n<h2 class=\"wp-block-heading\">Slutsats<\/h2>\n\n<p><a href=\"https:\/\/visitbelfast.com\/\">Belfast<\/a> kombinerar historiskt arv, kulturell dynamik och varm g\u00e4stfrihet. J\u00e4mf\u00f6rt med andra stora brittiska st\u00e4der som <a href=\"https:\/\/uk-gb.net\/sv\/london\/\">London<\/a>, med sin kosmopolitiska livlighet, eller Edinburgh, k\u00e4nd f\u00f6r sin internationella festival, st\u00e5r Belfast ut f\u00f6r sin \u00e4kthet och sitt unika maritima arv. <\/p>\n\n<p>Till skillnad fr\u00e5n <a href=\"https:\/\/uk-gb.net\/sv\/manchester\/\">Manchester<\/a> och <a href=\"https:\/\/uk-gb.net\/sv\/liverpool\/\">Liverpool<\/a>, som \u00e4r k\u00e4nda f\u00f6r sina musik- och fotbollsscener, ligger Belfasts charm i kustlandskapet och den intima atmosf\u00e4ren. N\u00e4r du bes\u00f6ker Belfast kommer du att uppt\u00e4cka en stad som \u00e4r mitt i en ren\u00e4ssans och erbjuder en of\u00f6rgl\u00f6mlig upplevelse som blandar tradition och modernitet. <\/p>\n","protected":false},"excerpt":{"rendered":"<p>Bes\u00f6k Belfast, Nordirlands huvudstad Belfast, Nordirlands pulserande huvudstad, \u00e4r en stad mitt i omvandlingen som blandar industriellt arv, modern kultur och havslandskap. Staden, som l\u00e4nge pr\u00e4glades av konflikter i det f\u00f6rflutna, har idag etablerat sig som ett dynamiskt turistm\u00e5l, rikt p\u00e5 historia, konst och g\u00e4stfrihet. Varf\u00f6r bes\u00f6ka Belfast? Belfast har en unik blandning av historia, [&hellip;]<\/p>\n","protected":false},"author":1,"featured_media":0,"parent":0,"menu_order":0,"comment_status":"closed","ping_status":"closed","template":"","meta":{"footnotes":""},"class_list":["post-5364","page","type-page","status-publish","hentry"],"yoast_head":"<!-- This site is optimized with the Yoast SEO plugin v27.3 - https:\/\/yoast.com\/product\/yoast-seo-wordpress\/ -->\n<title>Staden Belfast i Nordirland - UK GB<\/title>\n<meta name=\"description\" content=\"Uppt\u00e4ck Belfast, huvudstaden i Nordirland, en stad som kombinerar industriellt arv, modern kultur och havslandskap.\" \/>\n<meta name=\"robots\" content=\"index, follow, max-snippet:-1, max-image-preview:large, max-video-preview:-1\" \/>\n<link rel=\"canonical\" href=\"https:\/\/uk-gb.net\/sv\/belfast\/\" \/>\n<meta property=\"og:locale\" content=\"sv_SE\" \/>\n<meta property=\"og:type\" content=\"article\" \/>\n<meta property=\"og:title\" content=\"Staden Belfast i Nordirland - UK GB\" \/>\n<meta property=\"og:description\" content=\"Uppt\u00e4ck Belfast, huvudstaden i Nordirland, en stad som kombinerar industriellt arv, modern kultur och havslandskap.\" \/>\n<meta property=\"og:url\" content=\"https:\/\/uk-gb.net\/sv\/belfast\/\" \/>\n<meta property=\"og:site_name\" content=\"UK GB\" \/>\n<meta property=\"article:modified_time\" content=\"2025-12-18T12:50:17+00:00\" \/>\n<meta property=\"og:image\" content=\"https:\/\/uk-gb.net\/wp-content\/uploads\/2025\/03\/Belfast-e1748001959444.jpg\" \/>\n\t<meta property=\"og:image:width\" content=\"1044\" \/>\n\t<meta property=\"og:image:height\" content=\"410\" \/>\n\t<meta property=\"og:image:type\" content=\"image\/jpeg\" \/>\n<meta name=\"twitter:card\" content=\"summary_large_image\" \/>\n<meta name=\"twitter:label1\" content=\"Ber\u00e4knad l\u00e4stid\" \/>\n\t<meta name=\"twitter:data1\" content=\"3 minuter\" \/>\n<script type=\"application\/ld+json\" class=\"yoast-schema-graph\">{\"@context\":\"https:\\\/\\\/schema.org\",\"@graph\":[{\"@type\":\"WebPage\",\"@id\":\"https:\\\/\\\/uk-gb.net\\\/sv\\\/belfast\\\/\",\"url\":\"https:\\\/\\\/uk-gb.net\\\/sv\\\/belfast\\\/\",\"name\":\"Staden Belfast i Nordirland - UK GB\",\"isPartOf\":{\"@id\":\"https:\\\/\\\/uk-gb.net\\\/sv\\\/#website\"},\"primaryImageOfPage\":{\"@id\":\"https:\\\/\\\/uk-gb.net\\\/sv\\\/belfast\\\/#primaryimage\"},\"image\":{\"@id\":\"https:\\\/\\\/uk-gb.net\\\/sv\\\/belfast\\\/#primaryimage\"},\"thumbnailUrl\":\"https:\\\/\\\/uk-gb.net\\\/wp-content\\\/uploads\\\/2025\\\/03\\\/Belfast-e1748001959444.jpg\",\"datePublished\":\"2025-03-11T07:41:33+00:00\",\"dateModified\":\"2025-12-18T12:50:17+00:00\",\"description\":\"Uppt\u00e4ck Belfast, huvudstaden i Nordirland, en stad som kombinerar industriellt arv, modern kultur och havslandskap.\",\"inLanguage\":\"sv-SE\",\"potentialAction\":[{\"@type\":\"ReadAction\",\"target\":[\"https:\\\/\\\/uk-gb.net\\\/sv\\\/belfast\\\/\"]}]},{\"@type\":\"ImageObject\",\"inLanguage\":\"sv-SE\",\"@id\":\"https:\\\/\\\/uk-gb.net\\\/sv\\\/belfast\\\/#primaryimage\",\"url\":\"https:\\\/\\\/uk-gb.net\\\/wp-content\\\/uploads\\\/2025\\\/03\\\/Belfast-e1748001959444.jpg\",\"contentUrl\":\"https:\\\/\\\/uk-gb.net\\\/wp-content\\\/uploads\\\/2025\\\/03\\\/Belfast-e1748001959444.jpg\"},{\"@type\":\"WebSite\",\"@id\":\"https:\\\/\\\/uk-gb.net\\\/sv\\\/#website\",\"url\":\"https:\\\/\\\/uk-gb.net\\\/sv\\\/\",\"name\":\"UK GB\",\"description\":\"Travel to the UK\",\"potentialAction\":[{\"@type\":\"SearchAction\",\"target\":{\"@type\":\"EntryPoint\",\"urlTemplate\":\"https:\\\/\\\/uk-gb.net\\\/sv\\\/?s={search_term_string}\"},\"query-input\":{\"@type\":\"PropertyValueSpecification\",\"valueRequired\":true,\"valueName\":\"search_term_string\"}}],\"inLanguage\":\"sv-SE\"}]}<\/script>\n<!-- \/ Yoast SEO plugin. -->","yoast_head_json":{"title":"Staden Belfast i Nordirland - UK GB","description":"Uppt\u00e4ck Belfast, huvudstaden i Nordirland, en stad som kombinerar industriellt arv, modern kultur och havslandskap.","robots":{"index":"index","follow":"follow","max-snippet":"max-snippet:-1","max-image-preview":"max-image-preview:large","max-video-preview":"max-video-preview:-1"},"canonical":"https:\/\/uk-gb.net\/sv\/belfast\/","og_locale":"sv_SE","og_type":"article","og_title":"Staden Belfast i Nordirland - UK GB","og_description":"Uppt\u00e4ck Belfast, huvudstaden i Nordirland, en stad som kombinerar industriellt arv, modern kultur och havslandskap.","og_url":"https:\/\/uk-gb.net\/sv\/belfast\/","og_site_name":"UK GB","article_modified_time":"2025-12-18T12:50:17+00:00","og_image":[{"width":1044,"height":410,"url":"https:\/\/uk-gb.net\/wp-content\/uploads\/2025\/03\/Belfast-e1748001959444.jpg","type":"image\/jpeg"}],"twitter_card":"summary_large_image","twitter_misc":{"Ber\u00e4knad l\u00e4stid":"3 minuter"},"schema":{"@context":"https:\/\/schema.org","@graph":[{"@type":"WebPage","@id":"https:\/\/uk-gb.net\/sv\/belfast\/","url":"https:\/\/uk-gb.net\/sv\/belfast\/","name":"Staden Belfast i Nordirland - UK GB","isPartOf":{"@id":"https:\/\/uk-gb.net\/sv\/#website"},"primaryImageOfPage":{"@id":"https:\/\/uk-gb.net\/sv\/belfast\/#primaryimage"},"image":{"@id":"https:\/\/uk-gb.net\/sv\/belfast\/#primaryimage"},"thumbnailUrl":"https:\/\/uk-gb.net\/wp-content\/uploads\/2025\/03\/Belfast-e1748001959444.jpg","datePublished":"2025-03-11T07:41:33+00:00","dateModified":"2025-12-18T12:50:17+00:00","description":"Uppt\u00e4ck Belfast, huvudstaden i Nordirland, en stad som kombinerar industriellt arv, modern kultur och havslandskap.","inLanguage":"sv-SE","potentialAction":[{"@type":"ReadAction","target":["https:\/\/uk-gb.net\/sv\/belfast\/"]}]},{"@type":"ImageObject","inLanguage":"sv-SE","@id":"https:\/\/uk-gb.net\/sv\/belfast\/#primaryimage","url":"https:\/\/uk-gb.net\/wp-content\/uploads\/2025\/03\/Belfast-e1748001959444.jpg","contentUrl":"https:\/\/uk-gb.net\/wp-content\/uploads\/2025\/03\/Belfast-e1748001959444.jpg"},{"@type":"WebSite","@id":"https:\/\/uk-gb.net\/sv\/#website","url":"https:\/\/uk-gb.net\/sv\/","name":"UK GB","description":"Travel to the UK","potentialAction":[{"@type":"SearchAction","target":{"@type":"EntryPoint","urlTemplate":"https:\/\/uk-gb.net\/sv\/?s={search_term_string}"},"query-input":{"@type":"PropertyValueSpecification","valueRequired":true,"valueName":"search_term_string"}}],"inLanguage":"sv-SE"}]}},"_links":{"self":[{"href":"https:\/\/uk-gb.net\/sv\/wp-json\/wp\/v2\/pages\/5364","targetHints":{"allow":["GET"]}}],"collection":[{"href":"https:\/\/uk-gb.net\/sv\/wp-json\/wp\/v2\/pages"}],"about":[{"href":"https:\/\/uk-gb.net\/sv\/wp-json\/wp\/v2\/types\/page"}],"author":[{"embeddable":true,"href":"https:\/\/uk-gb.net\/sv\/wp-json\/wp\/v2\/users\/1"}],"replies":[{"embeddable":true,"href":"https:\/\/uk-gb.net\/sv\/wp-json\/wp\/v2\/comments?post=5364"}],"version-history":[{"count":0,"href":"https:\/\/uk-gb.net\/sv\/wp-json\/wp\/v2\/pages\/5364\/revisions"}],"wp:attachment":[{"href":"https:\/\/uk-gb.net\/sv\/wp-json\/wp\/v2\/media?parent=5364"}],"curies":[{"name":"wp","href":"https:\/\/api.w.org\/{rel}","templated":true}]}}