{"id":5061,"date":"2025-01-23T11:10:46","date_gmt":"2025-01-23T11:10:46","guid":{"rendered":"https:\/\/uk-gb.net\/glasgow\/"},"modified":"2025-12-19T09:52:25","modified_gmt":"2025-12-19T09:52:25","slug":"glasgow","status":"publish","type":"page","link":"https:\/\/uk-gb.net\/sv\/glasgow\/","title":{"rendered":"Bes\u00f6k Glasgow i Skottland"},"content":{"rendered":"\n<h1 class=\"wp-block-heading\">Uppt\u00e4ck staden Glasgow<\/h1>\n\n<p>Glasgow f\u00e4ngslar med sin kreativa energi, majest\u00e4tiska viktorianska arkitektur och varma atmosf\u00e4r. Staden \u00e4r f\u00f6delseplatsen f\u00f6r ett viktigt industriellt och konstn\u00e4rligt arv och \u00e4r nu en grogrund f\u00f6r kultur, musik och design. Det \u00e4r en viktig stopppunkt f\u00f6r att utforska ett Skottland som \u00e4r modernt, livligt och djupt autentiskt.  <\/p>\n\n<figure class=\"wp-block-image size-large\"><img fetchpriority=\"high\" decoding=\"async\" width=\"1024\" height=\"535\" src=\"https:\/\/uk-gb.net\/wp-content\/uploads\/2025\/01\/Glasgow-1024x535.jpg\" alt=\"\" class=\"wp-image-5016\" srcset=\"https:\/\/uk-gb.net\/wp-content\/uploads\/2025\/01\/Glasgow-1024x535.jpg 1024w, https:\/\/uk-gb.net\/wp-content\/uploads\/2025\/01\/Glasgow-300x157.jpg 300w, https:\/\/uk-gb.net\/wp-content\/uploads\/2025\/01\/Glasgow-768x401.jpg 768w, https:\/\/uk-gb.net\/wp-content\/uploads\/2025\/01\/Glasgow.jpg 1339w\" sizes=\"(max-width: 1024px) 100vw, 1024px\" \/><figcaption class=\"wp-element-caption\">Glasgow, Skottland<\/figcaption><\/figure>\n\n<h2 class=\"wp-block-heading\">Varf\u00f6r bes\u00f6ka Glasgow?<\/h2>\n\n<p><a href=\"https:\/\/en.wikipedia.org\/wiki\/Glasgow\">Glasgow<\/a> \u00e4r k\u00e4nt f\u00f6r sina v\u00e4rldsber\u00f6mda museer, viktorianska byggnader och konstscen. Oavsett om du \u00e4r historieintresserad, musik\u00e4lskare eller shoppingsugen, \u00e4r Glasgow fullt av sp\u00e4nnande saker att g\u00f6ra. Varje kvarter visar en unik sida av staden, alltid f\u00f6rst\u00e4rkt av v\u00e4rmen och \u00e4ktheten hos dess inv\u00e5nare.  <\/p>\n\n<h2 class=\"wp-block-heading\">M\u00e5ste-sev\u00e4rdheter i Glasgow<\/h2>\n\n<ul class=\"wp-block-list\">\n<li><a href=\"https:\/\/www.historicenvironment.scot\/visit-a-place\/places\/glasgow-cathedral\/\">Glasgow Cathedral: En fantastisk medeltida katedral<\/a> fr\u00e5n 1100-talet, ett s\u00e4llsynt exempel p\u00e5 skotsk gotisk arkitektur som fortfarande \u00e4r intakt.<\/li>\n\n\n\n<li><a href=\"https:\/\/www.glasgowsciencecentre.org\/\">Glasgow Science Centre<\/a>: interaktivt vetenskapscenter med roliga utst\u00e4llningar, planetarium och IMAX-biograf. Ett perfekt utflyktsm\u00e5l f\u00f6r hela familjen. <\/li>\n\n\n\n<li><a href=\"https:\/\/www.visitscotland.com\/info\/towns-villages\/george-square-p1976921\">George Square<\/a>: stadens centrala torg, kantat av majest\u00e4tiska byggnader och fyllt av evenemang under hela \u00e5ret.<\/li>\n\n\n\n<li><a href=\"https:\/\/www.glasgowlife.org.uk\/museums\/venues\/kelvingrove-art-gallery-and-museum\">Kelvingrove Art Gallery and Museum<\/a>: detta ikoniska museum samlar konstverk, historiska artefakter och kuriosa i en anm\u00e4rkningsv\u00e4rd arkitektonisk milj\u00f6.<\/li>\n\n\n\n<li><a href=\"https:\/\/www.glasgowlife.org.uk\/museums\/venues\/riverside-museum\">The Riverside Museum<\/a>: ett prisbel\u00f6nt museum om transport och teknisk uppfinningsrikedom, perfekt f\u00f6r b\u00e5de stora och sm\u00e5.<\/li>\n\n\n\n<li><a href=\"https:\/\/glasgowshops.com\/buchanan-street\/\">Buchanan Street<\/a>: Glasgows mest livliga shoppinggata, med en blandning av designerbutiker, high street-namn och gatukonstn\u00e4rer.<\/li>\n<\/ul>\n\n<div style=\"height:10px\" aria-hidden=\"true\" class=\"wp-block-spacer\"><\/div>\n\n<h2 class=\"wp-block-heading\">Stadsdelar som du inte f\u00e5r missa<\/h2>\n\n<ul class=\"wp-block-list\">\n<li><strong>Merchant City<\/strong>: Ett trendigt, elegant och livligt omr\u00e5de med en blandning av konstgallerier, moderna restauranger och designbarer.<\/li>\n\n\n\n<li><strong>West End<\/strong>: Ett lummigt, bohemiskt distrikt som \u00e4r k\u00e4nt f\u00f6r sina parker, bokhandlar, kaf\u00e9er och University of Glasgow.<\/li>\n\n\n\n<li><strong>Glasgow Green<\/strong>: En av stadens \u00e4ldsta offentliga parker, perfekt f\u00f6r en promenad eller picknick vid floden.<\/li>\n\n\n\n<li><strong>Finnieston<\/strong>: Glasgows epicentrum f\u00f6r kreativ mat, med en blomstrande konstscen.<\/li>\n<\/ul>\n\n<div style=\"height:10px\" aria-hidden=\"true\" class=\"wp-block-spacer\"><\/div>\n\n<h2 class=\"wp-block-heading\">Praktiska tips f\u00f6r din vistelse i Glasgow<\/h2>\n\n<figure class=\"wp-block-table\"><table><tbody><tr><td><strong>Transport<\/strong><\/td><td>Effektivt buss- och tunnelbanen\u00e4t. Dagskort tillg\u00e4ngliga f\u00f6r bes\u00f6kare. <\/td><\/tr><tr><td><strong>boende<\/strong><\/td><td>Ett brett urval av hotell, B&amp;B och vandrarhem som passar alla budgetar.<\/td><\/tr><tr><td><strong>Valuta<\/strong><\/td><td>Pund sterling (\u00a3). Kortbetalningar accepteras n\u00e4stan \u00f6verallt. <\/td><\/tr><tr><td><strong>Spr\u00e5k<\/strong><\/td><td>Engelska, med en stark men varm skotsk accent.<\/td><\/tr><tr><td><strong>V\u00e4der<\/strong><\/td><td>Ombytligt v\u00e4der. Ta med en mackintosh eller ett paraply. <\/td><\/tr><tr><td><strong>Visa<\/strong><\/td><td>Kontrollera om du beh\u00f6ver <a href=\"https:\/\/uk-gb.net\/sv\/visum-for-glasgow\/\">visum f\u00f6r Glasgow<\/a> eller <a href=\"https:\/\/uk-gb.net\/sv\/eta-england-forenade-kungariket\/\">ETA-tillst\u00e5nd<\/a> innan du reser.<\/td><\/tr><\/tbody><\/table><\/figure>\n\n<div style=\"height:10px\" aria-hidden=\"true\" class=\"wp-block-spacer\"><\/div>\n\n<h2 class=\"wp-block-heading\">Var ska vi \u00e4ta?<\/h2>\n\n<ul class=\"wp-block-list\">\n<li><a href=\"https:\/\/www.willowtearooms.co.uk\/\">The Willow Tea Rooms<\/a>: en ikonisk tesalong designad av Charles Rennie Mackintosh, perfekt f\u00f6r ett typiskt skotskt afternoon tea.<\/li>\n\n\n\n<li><a href=\"https:\/\/www.thegannetgla.com\/\">The Gannet<\/a>: Prisbel\u00f6nt gourmetrestaurang som serverar lokala r\u00e5varor i en elegant atmosf\u00e4r.<\/li>\n\n\n\n<li><a href=\"https:\/\/ubiquitouschip.co.uk\/\">Ubiquitous Chip<\/a>: En kulinarisk institution i West End som erbjuder moderna skotska r\u00e4tter i en gr\u00f6n och v\u00e4nlig milj\u00f6.<\/li>\n\n\n\n<li><a href=\"https:\/\/www.oxandfinch.com\/\">Ox and Finch<\/a>: Uppfinningsrika sm\u00e5r\u00e4tter att dela, i en modern och raffinerad milj\u00f6.<\/li>\n\n\n\n<li><a href=\"https:\/\/www.paesanopizza.co.uk\/\">Paesano Pizza<\/a>: En av de b\u00e4sta pizzeriorna i stan, omtyckt f\u00f6r sina \u00f6verkomliga priser och autentiska napolitanska smaker.<\/li>\n<\/ul>\n\n<h2 class=\"wp-block-heading\">N\u00e4r ska man \u00e5ka till Glasgow<\/h2>\n\n<p><a href=\"https:\/\/www.visitglasgow.com\/\">Glasgow<\/a> kan bes\u00f6kas \u00e5ret runt, men <strong>maj till september \u00e4r de b\u00e4sta m\u00e5naderna<\/strong> f\u00f6r att njuta av milda temperaturer och bra v\u00e4der. Sommaren pr\u00e4glas ocks\u00e5 av m\u00e5nga kulturfestivaler och utomhuskonserter. H\u00f6sten och vintern \u00e4r bl\u00f6tare, men atmosf\u00e4ren \u00e4r fortfarande varm, med museer, mysiga pubar och festliga belysningar i december. Kom ih\u00e5g att packa vattent\u00e4ta kl\u00e4der oavsett \u00e5rstid.   <\/p>\n\n<h2 class=\"wp-block-heading\">Slutligen<\/h2>\n\n<p>J\u00e4mf\u00f6rt med andra brittiska storst\u00e4der <strong>sticker Glasgow ut med sin konstn\u00e4rliga atmosf\u00e4r, lokala autenticitet och legendariska musikscen<\/strong>. Glasgow \u00e4r mindre turistigt \u00e4n <a href=\"https:\/\/uk-gb.net\/sv\/london\/\">London<\/a> och Edinburgh, men den kreativa energin, de v\u00e4nliga m\u00e4nniskorna och de snabbt f\u00f6r\u00e4nderliga kvarteren kommer att \u00f6vertyga dig. <\/p>\n\n<p>Om du \u00e4lskade den historiska elegansen i Oxford, det musikaliska arvet i <a href=\"https:\/\/uk-gb.net\/sv\/liverpool\/\">Liverpool<\/a> eller sp\u00e4nningen i <a href=\"https:\/\/uk-gb.net\/sv\/manchester\/\">Manchester<\/a>, kommer du att \u00e4lska den livliga, engagerande karakt\u00e4ren i Glasgow.<\/p>\n\n<p>Formaliteterna f\u00f6r att bes\u00f6ka Glasgow beror p\u00e5 resen\u00e4rens nationalitet och vistelsens l\u00e4ngd. F\u00f6r kortare vistelser m\u00e5ste medborgare i Europeiska unionen, USA, Kanada och m\u00e5nga andra l\u00e4nder nu <a href=\"https:\/\/uk-gb.net\/sv\/online-formular-eta-visering-england-fk\/\">skaffa ett ETA<\/a> om de inte har <a href=\"https:\/\/uk-gb.net\/sv\/visum-forenade-kungariket\/\">visum till England<\/a>. <\/p>\n\n<p>UK ETA kan s\u00f6kas via <a href=\"https:\/\/uk-gb.net\/sv\/ansokan-iphone-visum-eta-storbritannien\/\">den officiella UK ETA-ans\u00f6kan<\/a>. Brittiska inv\u00e5nare och irl\u00e4ndska medborgare ber\u00f6rs inte. <\/p>\n","protected":false},"excerpt":{"rendered":"<p>Uppt\u00e4ck staden Glasgow Glasgow f\u00e4ngslar med sin kreativa energi, majest\u00e4tiska viktorianska arkitektur och varma atmosf\u00e4r. Staden \u00e4r f\u00f6delseplatsen f\u00f6r ett viktigt industriellt och konstn\u00e4rligt arv och \u00e4r nu en grogrund f\u00f6r kultur, musik och design. Det \u00e4r en viktig stopppunkt f\u00f6r att utforska ett Skottland som \u00e4r modernt, livligt och djupt autentiskt. Varf\u00f6r bes\u00f6ka Glasgow? [&hellip;]<\/p>\n","protected":false},"author":1,"featured_media":0,"parent":0,"menu_order":0,"comment_status":"closed","ping_status":"closed","template":"","meta":{"footnotes":""},"class_list":["post-5061","page","type-page","status-publish","hentry"],"yoast_head":"<!-- This site is optimized with the Yoast SEO plugin v27.3 - https:\/\/yoast.com\/product\/yoast-seo-wordpress\/ -->\n<title>Bes\u00f6k Glasgow i Skottland - UK GB<\/title>\n<meta name=\"description\" content=\"Uppt\u00e4ck Glasgow, en av Skottlands st\u00f6rsta st\u00e4der, k\u00e4nd f\u00f6r sina museer och historiska viktorianska byggnader.\" \/>\n<meta name=\"robots\" content=\"index, follow, max-snippet:-1, max-image-preview:large, max-video-preview:-1\" \/>\n<link rel=\"canonical\" href=\"https:\/\/uk-gb.net\/sv\/glasgow\/\" \/>\n<meta property=\"og:locale\" content=\"sv_SE\" \/>\n<meta property=\"og:type\" content=\"article\" \/>\n<meta property=\"og:title\" content=\"Bes\u00f6k Glasgow i Skottland - UK GB\" \/>\n<meta property=\"og:description\" content=\"Uppt\u00e4ck Glasgow, en av Skottlands st\u00f6rsta st\u00e4der, k\u00e4nd f\u00f6r sina museer och historiska viktorianska byggnader.\" \/>\n<meta property=\"og:url\" content=\"https:\/\/uk-gb.net\/sv\/glasgow\/\" \/>\n<meta property=\"og:site_name\" content=\"UK GB\" \/>\n<meta property=\"article:modified_time\" content=\"2025-12-19T09:52:25+00:00\" \/>\n<meta property=\"og:image\" content=\"https:\/\/uk-gb.net\/wp-content\/uploads\/2025\/01\/Glasgow.jpg\" \/>\n\t<meta property=\"og:image:width\" content=\"1339\" \/>\n\t<meta property=\"og:image:height\" content=\"699\" \/>\n\t<meta property=\"og:image:type\" content=\"image\/jpeg\" \/>\n<meta name=\"twitter:card\" content=\"summary_large_image\" \/>\n<meta name=\"twitter:label1\" content=\"Ber\u00e4knad l\u00e4stid\" \/>\n\t<meta name=\"twitter:data1\" content=\"4 minuter\" \/>\n<script type=\"application\/ld+json\" class=\"yoast-schema-graph\">{\"@context\":\"https:\\\/\\\/schema.org\",\"@graph\":[{\"@type\":\"WebPage\",\"@id\":\"https:\\\/\\\/uk-gb.net\\\/sv\\\/glasgow\\\/\",\"url\":\"https:\\\/\\\/uk-gb.net\\\/sv\\\/glasgow\\\/\",\"name\":\"Bes\u00f6k Glasgow i Skottland - UK GB\",\"isPartOf\":{\"@id\":\"https:\\\/\\\/uk-gb.net\\\/sv\\\/#website\"},\"primaryImageOfPage\":{\"@id\":\"https:\\\/\\\/uk-gb.net\\\/sv\\\/glasgow\\\/#primaryimage\"},\"image\":{\"@id\":\"https:\\\/\\\/uk-gb.net\\\/sv\\\/glasgow\\\/#primaryimage\"},\"thumbnailUrl\":\"https:\\\/\\\/uk-gb.net\\\/wp-content\\\/uploads\\\/2025\\\/01\\\/Glasgow-1024x535.jpg\",\"datePublished\":\"2025-01-23T11:10:46+00:00\",\"dateModified\":\"2025-12-19T09:52:25+00:00\",\"description\":\"Uppt\u00e4ck Glasgow, en av Skottlands st\u00f6rsta st\u00e4der, k\u00e4nd f\u00f6r sina museer och historiska viktorianska byggnader.\",\"inLanguage\":\"sv-SE\",\"potentialAction\":[{\"@type\":\"ReadAction\",\"target\":[\"https:\\\/\\\/uk-gb.net\\\/sv\\\/glasgow\\\/\"]}]},{\"@type\":\"ImageObject\",\"inLanguage\":\"sv-SE\",\"@id\":\"https:\\\/\\\/uk-gb.net\\\/sv\\\/glasgow\\\/#primaryimage\",\"url\":\"https:\\\/\\\/uk-gb.net\\\/wp-content\\\/uploads\\\/2025\\\/01\\\/Glasgow-1024x535.jpg\",\"contentUrl\":\"https:\\\/\\\/uk-gb.net\\\/wp-content\\\/uploads\\\/2025\\\/01\\\/Glasgow-1024x535.jpg\"},{\"@type\":\"WebSite\",\"@id\":\"https:\\\/\\\/uk-gb.net\\\/sv\\\/#website\",\"url\":\"https:\\\/\\\/uk-gb.net\\\/sv\\\/\",\"name\":\"UK GB\",\"description\":\"Travel to the UK\",\"potentialAction\":[{\"@type\":\"SearchAction\",\"target\":{\"@type\":\"EntryPoint\",\"urlTemplate\":\"https:\\\/\\\/uk-gb.net\\\/sv\\\/?s={search_term_string}\"},\"query-input\":{\"@type\":\"PropertyValueSpecification\",\"valueRequired\":true,\"valueName\":\"search_term_string\"}}],\"inLanguage\":\"sv-SE\"}]}<\/script>\n<!-- \/ Yoast SEO plugin. -->","yoast_head_json":{"title":"Bes\u00f6k Glasgow i Skottland - UK GB","description":"Uppt\u00e4ck Glasgow, en av Skottlands st\u00f6rsta st\u00e4der, k\u00e4nd f\u00f6r sina museer och historiska viktorianska byggnader.","robots":{"index":"index","follow":"follow","max-snippet":"max-snippet:-1","max-image-preview":"max-image-preview:large","max-video-preview":"max-video-preview:-1"},"canonical":"https:\/\/uk-gb.net\/sv\/glasgow\/","og_locale":"sv_SE","og_type":"article","og_title":"Bes\u00f6k Glasgow i Skottland - UK GB","og_description":"Uppt\u00e4ck Glasgow, en av Skottlands st\u00f6rsta st\u00e4der, k\u00e4nd f\u00f6r sina museer och historiska viktorianska byggnader.","og_url":"https:\/\/uk-gb.net\/sv\/glasgow\/","og_site_name":"UK GB","article_modified_time":"2025-12-19T09:52:25+00:00","og_image":[{"width":1339,"height":699,"url":"https:\/\/uk-gb.net\/wp-content\/uploads\/2025\/01\/Glasgow.jpg","type":"image\/jpeg"}],"twitter_card":"summary_large_image","twitter_misc":{"Ber\u00e4knad l\u00e4stid":"4 minuter"},"schema":{"@context":"https:\/\/schema.org","@graph":[{"@type":"WebPage","@id":"https:\/\/uk-gb.net\/sv\/glasgow\/","url":"https:\/\/uk-gb.net\/sv\/glasgow\/","name":"Bes\u00f6k Glasgow i Skottland - UK GB","isPartOf":{"@id":"https:\/\/uk-gb.net\/sv\/#website"},"primaryImageOfPage":{"@id":"https:\/\/uk-gb.net\/sv\/glasgow\/#primaryimage"},"image":{"@id":"https:\/\/uk-gb.net\/sv\/glasgow\/#primaryimage"},"thumbnailUrl":"https:\/\/uk-gb.net\/wp-content\/uploads\/2025\/01\/Glasgow-1024x535.jpg","datePublished":"2025-01-23T11:10:46+00:00","dateModified":"2025-12-19T09:52:25+00:00","description":"Uppt\u00e4ck Glasgow, en av Skottlands st\u00f6rsta st\u00e4der, k\u00e4nd f\u00f6r sina museer och historiska viktorianska byggnader.","inLanguage":"sv-SE","potentialAction":[{"@type":"ReadAction","target":["https:\/\/uk-gb.net\/sv\/glasgow\/"]}]},{"@type":"ImageObject","inLanguage":"sv-SE","@id":"https:\/\/uk-gb.net\/sv\/glasgow\/#primaryimage","url":"https:\/\/uk-gb.net\/wp-content\/uploads\/2025\/01\/Glasgow-1024x535.jpg","contentUrl":"https:\/\/uk-gb.net\/wp-content\/uploads\/2025\/01\/Glasgow-1024x535.jpg"},{"@type":"WebSite","@id":"https:\/\/uk-gb.net\/sv\/#website","url":"https:\/\/uk-gb.net\/sv\/","name":"UK GB","description":"Travel to the UK","potentialAction":[{"@type":"SearchAction","target":{"@type":"EntryPoint","urlTemplate":"https:\/\/uk-gb.net\/sv\/?s={search_term_string}"},"query-input":{"@type":"PropertyValueSpecification","valueRequired":true,"valueName":"search_term_string"}}],"inLanguage":"sv-SE"}]}},"_links":{"self":[{"href":"https:\/\/uk-gb.net\/sv\/wp-json\/wp\/v2\/pages\/5061","targetHints":{"allow":["GET"]}}],"collection":[{"href":"https:\/\/uk-gb.net\/sv\/wp-json\/wp\/v2\/pages"}],"about":[{"href":"https:\/\/uk-gb.net\/sv\/wp-json\/wp\/v2\/types\/page"}],"author":[{"embeddable":true,"href":"https:\/\/uk-gb.net\/sv\/wp-json\/wp\/v2\/users\/1"}],"replies":[{"embeddable":true,"href":"https:\/\/uk-gb.net\/sv\/wp-json\/wp\/v2\/comments?post=5061"}],"version-history":[{"count":0,"href":"https:\/\/uk-gb.net\/sv\/wp-json\/wp\/v2\/pages\/5061\/revisions"}],"wp:attachment":[{"href":"https:\/\/uk-gb.net\/sv\/wp-json\/wp\/v2\/media?parent=5061"}],"curies":[{"name":"wp","href":"https:\/\/api.w.org\/{rel}","templated":true}]}}