{"id":4493,"date":"2025-01-14T10:24:28","date_gmt":"2025-01-14T10:24:28","guid":{"rendered":"https:\/\/uk-gb.net\/oxford\/"},"modified":"2025-12-19T09:49:32","modified_gmt":"2025-12-19T09:49:32","slug":"oxford","status":"publish","type":"page","link":"https:\/\/uk-gb.net\/sv\/oxford\/","title":{"rendered":"Bes\u00f6k Oxford"},"content":{"rendered":"\n<h1 class=\"wp-block-heading\">Bes\u00f6k universitetsstaden Oxford<\/h1>\n\n<p>Oxford ligger i hj\u00e4rtat av England och \u00e4r v\u00e4rldsber\u00f6mt f\u00f6r sitt prestigefyllda universitet, sin rika arkitektur och sin intellektuella atmosf\u00e4r. En stad i m\u00e4nsklig skala som kombinerar historia, kultur och gr\u00f6nska och erbjuder en lika berikande som exotisk tillflyktsort, mindre \u00e4n tv\u00e5 timmar fr\u00e5n London. <\/p>\n\n<h2 class=\"wp-block-heading\">Varf\u00f6r bes\u00f6ka Oxford?<\/h2>\n\n<p>Oxford lockar bes\u00f6kare fr\u00e5n hela v\u00e4rlden tack vare sitt 800-\u00e5riga universitetsarv. Staden erbjuder en unik upplevelse: promenera genom medeltida gator, bes\u00f6ka historiska college, utforska exceptionella museer, allt i en lugn och elegant atmosf\u00e4r. Oxford har n\u00e5got f\u00f6r alla, fr\u00e5n kulturintresserade till nyfikna p\u00e5 jakt efter historia eller pittoreska landskap.  <\/p>\n\n<h2 class=\"wp-block-heading\">Oxfords m\u00e5ste-sev\u00e4rdheter<\/h2>\n\n<ul class=\"wp-block-list\">\n<li><a href=\"https:\/\/www.ox.ac.uk\/\">University of Oxford<\/a>: Ett av v\u00e4rldens \u00e4ldsta universitet som best\u00e5r av colleges med spektakul\u00e4r arkitektur<\/li>\n\n\n\n<li><a href=\"https:\/\/www.bodleian.ox.ac.uk\/home\">Bodleian Library<\/a>: Ett historiskt bibliotek med o\u00f6vertr\u00e4ffad charm, som ofta anv\u00e4nds som filminspelningsplats.<\/li>\n\n\n\n<li><a href=\"https:\/\/www.bodleian.ox.ac.uk\/libraries\/radcliffe-camera\">Radcliffe Camera<\/a>: Denna cirkelformade byggnad \u00e4r en ikonisk symbol f\u00f6r staden och ett arkitektoniskt m\u00e4sterverk.<\/li>\n\n\n\n<li><a href=\"https:\/\/www.ashmolean.org\/\">Ashmolean Museum<\/a>: V\u00e4rldens ledande universitetsmuseum med samlingar som str\u00e4cker sig fr\u00e5n forntida Egypten till modern konst.<\/li>\n\n\n\n<li><a href=\"https:\/\/oxford-coveredmarket.co.uk\/\">Oxford Covered Market<\/a>: En livlig marknad under tak, perfekt f\u00f6r att provsmaka lokala specialiteter.<\/li>\n\n\n\n<li><a href=\"https:\/\/www.chch.ox.ac.uk\/cathedral\">Christ Church Cathedral<\/a>: Ber\u00f6md f\u00f6r sina kopplingar till <em>Harry Potter<\/em> och sina magnifika tr\u00e4dg\u00e5rdar.<\/li>\n\n\n\n<li><a href=\"https:\/\/www.magd.ox.ac.uk\/about-magdalen-college\/\">Magdalen College &amp; Deer Park<\/a>: En fridfull plats d\u00e4r natur, historia och det lokala djurlivet m\u00f6ts.<\/li>\n<\/ul>\n\n<div style=\"height:10px\" aria-hidden=\"true\" class=\"wp-block-spacer\"><\/div>\n\n<h2 class=\"wp-block-heading\">Grannskap att utforska<\/h2>\n\n<ul class=\"wp-block-list\">\n<li><strong>Stadens centrum<\/strong>: Oxfords livliga hj\u00e4rta med sina bokhandlar, studentkaf\u00e9er och historiska byggnader.<\/li>\n\n\n\n<li><strong>Jericho<\/strong>: En bohemisk stadsdel med sm\u00e5 teatrar, mysiga pubar och trendiga restauranger.<\/li>\n\n\n\n<li><strong>Cowley Road<\/strong>: K\u00e4nd f\u00f6r sin kulturella m\u00e5ngfald och sitt pulserande nattliv.<\/li>\n\n\n\n<li><strong>North Oxford<\/strong>: Ett lummigt bostadsomr\u00e5de som \u00e4r popul\u00e4rt bland l\u00e4rare och familjer.<\/li>\n<\/ul>\n\n<div style=\"height:10px\" aria-hidden=\"true\" class=\"wp-block-spacer\"><\/div>\n\n<h2 class=\"wp-block-heading\">Praktiska tips f\u00f6r att bes\u00f6ka Oxford<\/h2>\n\n<figure class=\"wp-block-table\"><table><tbody><tr><td><strong>Transport<\/strong><\/td><td>L\u00e4ttillg\u00e4nglig med <a href=\"https:\/\/www.nationalrail.co.uk\/\">t\u00e5g fr\u00e5n London<\/a>; anv\u00e4nd bussar och cyklar f\u00f6r att ta dig runt i staden.<\/td><\/tr><tr><td><strong>boende<\/strong><\/td><td>En m\u00e4ngd olika alternativ fr\u00e5n pittoreska B&amp;B till lyxhotell.<\/td><\/tr><tr><td><strong>Valuta<\/strong><\/td><td>Pund sterling (\u00a3). Kontaktl\u00f6sa betalningar \u00e4r allm\u00e4nt accepterade. <\/td><\/tr><tr><td><strong>Spr\u00e5k<\/strong><\/td><td>Engelska.<\/td><\/tr><tr><td><strong>V\u00e4der<\/strong><\/td><td>Ta med ett paraply, eftersom det ofta regnar, oavsett \u00e5rstid.<\/td><\/tr><tr><td><strong>Formaliteter<\/strong><\/td><td>Kontrollera om du beh\u00f6ver ett <a href=\"https:\/\/uk-gb.net\/sv\/visum-for-oxford\/\">Oxford-visum<\/a> eller ett <a href=\"https:\/\/uk-gb.net\/sv\/eta-england-forenade-kungariket\/\">ETA f\u00f6r Storbritannien<\/a>.<\/td><\/tr><\/tbody><\/table><\/figure>\n\n<h2 class=\"wp-block-heading\">Var man kan \u00e4ta i Oxford<\/h2>\n\n<ul class=\"wp-block-list\">\n<li><a href=\"https:\/\/www.handlebaroxford.co.uk\/\">The Handle Bar Caf\u00e9 &amp; Kitchen<\/a>: Lokala r\u00e4tter, ekologiska produkter, varm atmosf\u00e4r.<\/li>\n\n\n\n<li><a href=\"https:\/\/oldbookbinders.co.uk\/\">The Old Bookbinders<\/a>: En typisk fransk-brittisk pub i stadsdelen Jericho.<\/li>\n\n\n\n<li><a href=\"https:\/\/www.thevaultsandgarden.com\/\">Vaults &amp; Garden Caf\u00e9<\/a>: En lugn lunch i en f\u00f6re detta universitetsbyggnad.<\/li>\n\n\n\n<li><a href=\"https:\/\/www.quod.co.uk\/\">Quod Restaurant &amp; Bar<\/a>: En elegant restaurang inrymd i en f\u00f6re detta bank.<\/li>\n\n\n\n<li><a href=\"https:\/\/www.gdcafe.com\/web\/\">G&amp;D&#8217;s Ice Cream Caf\u00e9<\/a>: en lokal institution f\u00f6r hemlagad glass.<\/li>\n<\/ul>\n\n<div style=\"height:10px\" aria-hidden=\"true\" class=\"wp-block-spacer\"><\/div>\n\n<h2 class=\"wp-block-heading\">N\u00e4r ska du bes\u00f6ka Oxford?<\/h2>\n\n<p>Den b\u00e4sta tiden att bes\u00f6ka Oxford \u00e4r fr\u00e5n maj till september, d\u00e5 temperaturen \u00e4r behaglig och universitetets tr\u00e4dg\u00e5rdar blommar. Sommaren bjuder p\u00e5 en livlig atmosf\u00e4r tack vare studentevenemang, kulturfestivaler och utomhuskonserter. V\u00e5r och h\u00f6st \u00e4r ocks\u00e5 en lugnare tid att utforska, med f\u00e4rre turister. Var beredd p\u00e5 det ombytliga v\u00e4dret som \u00e4r typiskt f\u00f6r England, och gl\u00f6m inte paraplyet!   <\/p>\n\n<h2 class=\"wp-block-heading\">Slutsats<\/h2>\n\n<p>Oxford \u00e4r ett perfekt resm\u00e5l f\u00f6r den som vill kombinera kultur, historia och lugn i en f\u00f6rtrollande milj\u00f6. Oxford \u00e4r mindre tr\u00e5ngt \u00e4n <a href=\"https:\/\/uk-gb.net\/sv\/london\/\">London<\/a>, men lika rikt p\u00e5 kulturarv och har en diskret elegans, ett pulserande universitetsliv och bukoliska promenader. Om du gillar den intellektuella atmosf\u00e4ren i Cambridge, charmen i <a href=\"https:\/\/uk-gb.net\/sv\/manchester\/\">Manchester<\/a> eller landsbygden runt Edinburgh, \u00e4r Oxford ett m\u00e5ste.    <\/p>\n\n<p>Formaliteterna f\u00f6r att bes\u00f6ka Oxford beror p\u00e5 din nationalitet. Medborgare i Europeiska unionen och m\u00e5nga andra l\u00e4nder m\u00e5ste nu skaffa ett <a href=\"https:\/\/uk-gb.net\/sv\/eta-england-forenade-kungariket\/\">elektroniskt resetillst\u00e5nd (ETA)<\/a> om de inte har <a href=\"https:\/\/uk-gb.net\/sv\/visum-forenade-kungariket\/\">visum f\u00f6r England.<\/a> <\/p>\n\n<p>ETA f\u00f6r Storbritannien m\u00e5ste ans\u00f6kas online via <a href=\"https:\/\/uk-gb.net\/sv\/ansokan-iphone-visum-eta-storbritannien\/\">den officiella IPhone-applikationen<\/a>. Irl\u00e4ndska medborgare och inv\u00e5nare i Storbritannien ber\u00f6rs inte. <\/p>\n","protected":false},"excerpt":{"rendered":"<p>Bes\u00f6k universitetsstaden Oxford Oxford ligger i hj\u00e4rtat av England och \u00e4r v\u00e4rldsber\u00f6mt f\u00f6r sitt prestigefyllda universitet, sin rika arkitektur och sin intellektuella atmosf\u00e4r. En stad i m\u00e4nsklig skala som kombinerar historia, kultur och gr\u00f6nska och erbjuder en lika berikande som exotisk tillflyktsort, mindre \u00e4n tv\u00e5 timmar fr\u00e5n London. Varf\u00f6r bes\u00f6ka Oxford? Oxford lockar bes\u00f6kare fr\u00e5n [&hellip;]<\/p>\n","protected":false},"author":1,"featured_media":0,"parent":0,"menu_order":0,"comment_status":"closed","ping_status":"closed","template":"","meta":{"footnotes":""},"class_list":["post-4493","page","type-page","status-publish","hentry"],"yoast_head":"<!-- This site is optimized with the Yoast SEO plugin v27.3 - https:\/\/yoast.com\/product\/yoast-seo-wordpress\/ -->\n<title>Bes\u00f6k Oxford - UK GB<\/title>\n<meta name=\"description\" content=\"Klicka h\u00e4r f\u00f6r att f\u00e5 reda p\u00e5 alla v\u00e5ra b\u00e4sta tips f\u00f6r att bes\u00f6ka den fantastiska engelska staden Oxford under din semester.\" \/>\n<meta name=\"robots\" content=\"index, follow, max-snippet:-1, max-image-preview:large, max-video-preview:-1\" \/>\n<link rel=\"canonical\" href=\"https:\/\/uk-gb.net\/sv\/oxford\/\" \/>\n<meta property=\"og:locale\" content=\"sv_SE\" \/>\n<meta property=\"og:type\" content=\"article\" \/>\n<meta property=\"og:title\" content=\"Bes\u00f6k Oxford - UK GB\" \/>\n<meta property=\"og:description\" content=\"Klicka h\u00e4r f\u00f6r att f\u00e5 reda p\u00e5 alla v\u00e5ra b\u00e4sta tips f\u00f6r att bes\u00f6ka den fantastiska engelska staden Oxford under din semester.\" \/>\n<meta property=\"og:url\" content=\"https:\/\/uk-gb.net\/sv\/oxford\/\" \/>\n<meta property=\"og:site_name\" content=\"UK GB\" \/>\n<meta property=\"article:modified_time\" content=\"2025-12-19T09:49:32+00:00\" \/>\n<meta name=\"twitter:card\" content=\"summary_large_image\" \/>\n<meta name=\"twitter:label1\" content=\"Ber\u00e4knad l\u00e4stid\" \/>\n\t<meta name=\"twitter:data1\" content=\"3 minuter\" \/>\n<script type=\"application\/ld+json\" class=\"yoast-schema-graph\">{\"@context\":\"https:\\\/\\\/schema.org\",\"@graph\":[{\"@type\":\"WebPage\",\"@id\":\"https:\\\/\\\/uk-gb.net\\\/sv\\\/oxford\\\/\",\"url\":\"https:\\\/\\\/uk-gb.net\\\/sv\\\/oxford\\\/\",\"name\":\"Bes\u00f6k Oxford - UK GB\",\"isPartOf\":{\"@id\":\"https:\\\/\\\/uk-gb.net\\\/sv\\\/#website\"},\"datePublished\":\"2025-01-14T10:24:28+00:00\",\"dateModified\":\"2025-12-19T09:49:32+00:00\",\"description\":\"Klicka h\u00e4r f\u00f6r att f\u00e5 reda p\u00e5 alla v\u00e5ra b\u00e4sta tips f\u00f6r att bes\u00f6ka den fantastiska engelska staden Oxford under din semester.\",\"inLanguage\":\"sv-SE\",\"potentialAction\":[{\"@type\":\"ReadAction\",\"target\":[\"https:\\\/\\\/uk-gb.net\\\/sv\\\/oxford\\\/\"]}]},{\"@type\":\"WebSite\",\"@id\":\"https:\\\/\\\/uk-gb.net\\\/sv\\\/#website\",\"url\":\"https:\\\/\\\/uk-gb.net\\\/sv\\\/\",\"name\":\"UK GB\",\"description\":\"Travel to the UK\",\"potentialAction\":[{\"@type\":\"SearchAction\",\"target\":{\"@type\":\"EntryPoint\",\"urlTemplate\":\"https:\\\/\\\/uk-gb.net\\\/sv\\\/?s={search_term_string}\"},\"query-input\":{\"@type\":\"PropertyValueSpecification\",\"valueRequired\":true,\"valueName\":\"search_term_string\"}}],\"inLanguage\":\"sv-SE\"}]}<\/script>\n<!-- \/ Yoast SEO plugin. -->","yoast_head_json":{"title":"Bes\u00f6k Oxford - UK GB","description":"Klicka h\u00e4r f\u00f6r att f\u00e5 reda p\u00e5 alla v\u00e5ra b\u00e4sta tips f\u00f6r att bes\u00f6ka den fantastiska engelska staden Oxford under din semester.","robots":{"index":"index","follow":"follow","max-snippet":"max-snippet:-1","max-image-preview":"max-image-preview:large","max-video-preview":"max-video-preview:-1"},"canonical":"https:\/\/uk-gb.net\/sv\/oxford\/","og_locale":"sv_SE","og_type":"article","og_title":"Bes\u00f6k Oxford - UK GB","og_description":"Klicka h\u00e4r f\u00f6r att f\u00e5 reda p\u00e5 alla v\u00e5ra b\u00e4sta tips f\u00f6r att bes\u00f6ka den fantastiska engelska staden Oxford under din semester.","og_url":"https:\/\/uk-gb.net\/sv\/oxford\/","og_site_name":"UK GB","article_modified_time":"2025-12-19T09:49:32+00:00","twitter_card":"summary_large_image","twitter_misc":{"Ber\u00e4knad l\u00e4stid":"3 minuter"},"schema":{"@context":"https:\/\/schema.org","@graph":[{"@type":"WebPage","@id":"https:\/\/uk-gb.net\/sv\/oxford\/","url":"https:\/\/uk-gb.net\/sv\/oxford\/","name":"Bes\u00f6k Oxford - UK GB","isPartOf":{"@id":"https:\/\/uk-gb.net\/sv\/#website"},"datePublished":"2025-01-14T10:24:28+00:00","dateModified":"2025-12-19T09:49:32+00:00","description":"Klicka h\u00e4r f\u00f6r att f\u00e5 reda p\u00e5 alla v\u00e5ra b\u00e4sta tips f\u00f6r att bes\u00f6ka den fantastiska engelska staden Oxford under din semester.","inLanguage":"sv-SE","potentialAction":[{"@type":"ReadAction","target":["https:\/\/uk-gb.net\/sv\/oxford\/"]}]},{"@type":"WebSite","@id":"https:\/\/uk-gb.net\/sv\/#website","url":"https:\/\/uk-gb.net\/sv\/","name":"UK GB","description":"Travel to the UK","potentialAction":[{"@type":"SearchAction","target":{"@type":"EntryPoint","urlTemplate":"https:\/\/uk-gb.net\/sv\/?s={search_term_string}"},"query-input":{"@type":"PropertyValueSpecification","valueRequired":true,"valueName":"search_term_string"}}],"inLanguage":"sv-SE"}]}},"_links":{"self":[{"href":"https:\/\/uk-gb.net\/sv\/wp-json\/wp\/v2\/pages\/4493","targetHints":{"allow":["GET"]}}],"collection":[{"href":"https:\/\/uk-gb.net\/sv\/wp-json\/wp\/v2\/pages"}],"about":[{"href":"https:\/\/uk-gb.net\/sv\/wp-json\/wp\/v2\/types\/page"}],"author":[{"embeddable":true,"href":"https:\/\/uk-gb.net\/sv\/wp-json\/wp\/v2\/users\/1"}],"replies":[{"embeddable":true,"href":"https:\/\/uk-gb.net\/sv\/wp-json\/wp\/v2\/comments?post=4493"}],"version-history":[{"count":0,"href":"https:\/\/uk-gb.net\/sv\/wp-json\/wp\/v2\/pages\/4493\/revisions"}],"wp:attachment":[{"href":"https:\/\/uk-gb.net\/sv\/wp-json\/wp\/v2\/media?parent=4493"}],"curies":[{"name":"wp","href":"https:\/\/api.w.org\/{rel}","templated":true}]}}