{"id":4154,"date":"2025-01-11T14:38:52","date_gmt":"2025-01-11T14:38:52","guid":{"rendered":"https:\/\/uk-gb.net\/liverpool\/"},"modified":"2025-12-18T11:13:20","modified_gmt":"2025-12-18T11:13:20","slug":"liverpool","status":"publish","type":"page","link":"https:\/\/uk-gb.net\/sv\/liverpool\/","title":{"rendered":"Liverpools stadsguide"},"content":{"rendered":"\n<h1 class=\"wp-block-heading\">Bes\u00f6k Liverpool i nordv\u00e4stra England<\/h1>\n\n<p>Liverpool \u00e4r en hamnstad i nordv\u00e4stra England. Liverpool \u00e4r en viktig kulturell destination, k\u00e4nd \u00f6ver hela v\u00e4rlden som Beatles f\u00f6delseplats. Liverpool \u00e4r genomsyrad av historia, stolt \u00f6ver sin maritima identitet och med en passion f\u00f6r konst, musik och fotboll \u00e4r Liverpool en livlig, v\u00e4nlig och sp\u00e4nnande stad att utforska.  <\/p>\n\n<figure class=\"wp-block-image size-large\"><img fetchpriority=\"high\" decoding=\"async\" width=\"1024\" height=\"386\" src=\"https:\/\/uk-gb.net\/wp-content\/uploads\/2025\/01\/Liverpool-1024x386.jpg\" alt=\"\" class=\"wp-image-4137\" srcset=\"https:\/\/uk-gb.net\/wp-content\/uploads\/2025\/01\/Liverpool-1024x386.jpg 1024w, https:\/\/uk-gb.net\/wp-content\/uploads\/2025\/01\/Liverpool-300x113.jpg 300w, https:\/\/uk-gb.net\/wp-content\/uploads\/2025\/01\/Liverpool-768x289.jpg 768w, https:\/\/uk-gb.net\/wp-content\/uploads\/2025\/01\/Liverpool-1536x578.jpg 1536w, https:\/\/uk-gb.net\/wp-content\/uploads\/2025\/01\/Liverpool.jpg 2013w\" sizes=\"(max-width: 1024px) 100vw, 1024px\" \/><figcaption class=\"wp-element-caption\">Liverpools katedral<\/figcaption><\/figure>\n\n<div style=\"height:10px\" aria-hidden=\"true\" class=\"wp-block-spacer\"><\/div>\n\n<h2 class=\"wp-block-heading\">Varf\u00f6r bes\u00f6ka Liverpool?<\/h2>\n\n<p>Liverpool \u00e4r en stad med en unik atmosf\u00e4r. Dess maritima f\u00f6rflutna, som syns i de renoverade hamnarna, dess kulturella rikedom med sina m\u00e5nga museer och den musikaliska atmosf\u00e4ren som genomsyrar gatorna, bidrar alla till dess attraktionskraft. Fr\u00e5n konstgallerier och legendariska arenor till kryssningar p\u00e5 Mersey, erbjuder Liverpool en stadsupplevelse som \u00e4r b\u00e5de dynamisk och djupt rotad i brittisk historia.  <\/p>\n\n<div style=\"height:10px\" aria-hidden=\"true\" class=\"wp-block-spacer\"><\/div>\n\n<h2 class=\"wp-block-heading\">De viktigaste sakerna<\/h2>\n\n<ul class=\"wp-block-list\">\n<li><a href=\"https:\/\/www.beatlesstory.com\/\">The Beatles Story<\/a>: Ett interaktivt museum som ber\u00e4ttar om det legendariska bandets historia.<\/li>\n\n\n\n<li><a href=\"https:\/\/albertdock.com\/\">Royal Albert Dock<\/a>: En f\u00f6re detta hamn som f\u00f6rvandlats till ett kulturomr\u00e5de med museer, butiker och restauranger.<\/li>\n\n\n\n<li><a href=\"https:\/\/liverpoolcathedral.org.uk\/\">Liverpool Cathedral<\/a>: En av de st\u00f6rsta katedralerna i v\u00e4rlden med imponerande arkitektur.<\/li>\n\n\n\n<li><a href=\"https:\/\/www.tate.org.uk\/visit\/tate-liverpool\">Tate Liverpool<\/a>: En filial till museet f\u00f6r samtida konst som ligger vid hamnen.<\/li>\n\n\n\n<li><a href=\"https:\/\/www.liverpoolfc.com\/info\/anfield\">Anfield Stadium<\/a>: Liverpool FC:s legendariska stadion, en pilgrimsort f\u00f6r fotbollsfans.<\/li>\n\n\n\n<li><a href=\"https:\/\/liverbuildingtour.com\/\">Royal Liver Building<\/a>: Ett m\u00e4sterverk av edwardiansk arkitektur och en symbol f\u00f6r staden.<\/li>\n<\/ul>\n\n<div style=\"height:10px\" aria-hidden=\"true\" class=\"wp-block-spacer\"><\/div>\n\n<h2 class=\"wp-block-heading\">Grannskap att utforska<\/h2>\n\n<ul class=\"wp-block-list\">\n<li><strong>Georgian Quarter<\/strong>: En historisk stadsdel med eleganta gator och vackra gamla byggnader.<\/li>\n\n\n\n<li><strong>Baltic Triangle<\/strong>: Ett trendigt omr\u00e5de i snabb f\u00f6r\u00e4ndring som \u00e4r popul\u00e4rt f\u00f6r sin gatukonst, sina barer och kulturevenemang.<\/li>\n\n\n\n<li><strong>Ropewalks<\/strong>: Ett livligt omr\u00e5de med oberoende kaf\u00e9er, restauranger och klubbar.<\/li>\n\n\n\n<li><strong><strong>Vid vattnet<\/strong><\/strong> L\u00e4ngs Mersey, en \u00f6ppen plats som kombinerar historia och modernitet.<\/li>\n<\/ul>\n\n<div style=\"height:10px\" aria-hidden=\"true\" class=\"wp-block-spacer\"><\/div>\n\n<h2 class=\"wp-block-heading\">Praktiska r\u00e5d<\/h2>\n\n<figure class=\"wp-block-table is-style-regular\"><table><tbody><tr><td><strong>Transport<\/strong><\/td><td>Staden har bra f\u00f6rbindelser med t\u00e5g och buss och centrum \u00e4r l\u00e4tt att n\u00e5 till fots.<\/td><\/tr><tr><td><strong>boende<\/strong><\/td><td>Hotell f\u00f6r alla budgetar, s\u00e4rskilt runt hamnen eller i den historiska stadsk\u00e4rnan.<\/td><\/tr><tr><td><strong>Valuta<\/strong><\/td><td>Pund sterling (\u00a3). Kontaktl\u00f6sa betalningar \u00e4r allm\u00e4nt accepterade. <\/td><\/tr><tr><td><strong>Spr\u00e5k<\/strong><\/td><td>Engelska, med en uttalad och l\u00e4tt identifierbar lokal accent.<\/td><\/tr><tr><td><strong>Formaliteter<\/strong><\/td><td>Du m\u00e5ste ha ett <a href=\"https:\/\/uk-gb.net\/sv\/eta-england-forenade-kungariket\/\">brittiskt ETA<\/a> eller <a href=\"https:\/\/uk-gb.net\/sv\/visum-for-liverpool\/\">visum f\u00f6r Liverpool<\/a><\/td><\/tr><tr><td><strong>V\u00e4der<\/strong><\/td><td>Oceaniskt klimat, ofta omv\u00e4xlande; ta med en mackintosh.<\/td><\/tr><\/tbody><\/table><\/figure>\n\n<div style=\"height:10px\" aria-hidden=\"true\" class=\"wp-block-spacer\"><\/div>\n\n<h2 class=\"wp-block-heading\">Var ska vi \u00e4ta?<\/h2>\n\n<ul class=\"wp-block-list\">\n<li><a href=\"https:\/\/www.mowglistreetfood.com\/restaurants\/liverpool-water-street\/\">Mowgli Street Food<\/a>: Erbjuder en modern och uts\u00f6kt indisk kulinarisk upplevelse.<\/li>\n\n\n\n<li><a href=\"https:\/\/www.panoramic34.com\/\">Panoramic 34<\/a>: Panoramarestaurang med utsikt \u00f6ver staden och Mersey.<\/li>\n\n\n\n<li><a href=\"https:\/\/www.cavernclub.com\/\">The Cavern Club<\/a>: F\u00f6r en drink i en legendarisk musiklokal.<\/li>\n\n\n\n<li><a href=\"https:\/\/theartschoolrestaurant.co.uk\/\">The Art School<\/a>: Raffinerad gastronomi i en elegant och intim milj\u00f6.<\/li>\n\n\n\n<li><a href=\"https:\/\/lunya.co.uk\/liverpool\/\">Lunya<\/a>: Tapas och katalanska produkter i en varm atmosf\u00e4r.<\/li>\n<\/ul>\n\n<div style=\"height:10px\" aria-hidden=\"true\" class=\"wp-block-spacer\"><\/div>\n\n<h2 class=\"wp-block-heading\">N\u00e4r ska du \u00e5ka?<\/h2>\n\n<p>Liverpool \u00e4r en fantastisk plats att bes\u00f6ka fr\u00e5n v\u00e5r till h\u00f6st. Sommaren \u00e4r perfekt f\u00f6r festivaler och promenader l\u00e4ngs Mersey. V\u00e5ren bjuder p\u00e5 milt v\u00e4der som \u00e4r perfekt f\u00f6r kulturella bes\u00f6k, medan h\u00f6sten \u00e4r en fr\u00f6jd f\u00f6r dem som \u00e4lskar museer och mysiga atmosf\u00e4rer. P\u00e5 vintern ger julmarknader och festliga dekorationer en magisk touch.   <\/p>\n\n<div style=\"height:10px\" aria-hidden=\"true\" class=\"wp-block-spacer\"><\/div>\n\n<h2 class=\"wp-block-heading\">Vilka \u00e4r formaliteterna f\u00f6r att bes\u00f6ka Liverpool?<\/h2>\n\n<p>Som vid all inresa till Storbritannien beror formaliteterna f\u00f6r att bes\u00f6ka Liverpool p\u00e5 din nationalitet. Medborgare i Europeiska unionen, USA, Kanada och m\u00e5nga andra l\u00e4nder m\u00e5ste nu skaffa <a href=\"https:\/\/uk-gb.net\/sv\/eta-england-forenade-kungariket\/\">ETA-tillst\u00e5nd<\/a> om de inte har visum. <\/p>\n\n<p>Denna \u00e5tg\u00e4rd g\u00e4ller f\u00f6r turistvistelser p\u00e5 mindre \u00e4n sex m\u00e5nader. <a href=\"https:\/\/uk-gb.net\/sv\/online-formular-eta-visering-england-fk\/\">ETA-formul\u00e4ret kan fyllas i online<\/a> eller via en <a href=\"https:\/\/uk-gb.net\/sv\/ansokan-iphone-visum-eta-storbritannien\/\">digital app f\u00f6r ETA i Storbritannien.<\/a> Detta g\u00e4ller inte irl\u00e4ndska medborgare eller personer som \u00e4r bosatta i Storbritannien. Se till att du kontrollerar villkoren innan du \u00e5ker f\u00f6r att undvika obehagliga \u00f6verraskningar.   <\/p>\n\n<p>F\u00f6r mer r\u00e5d eller personliga rekommendationer, tveka inte att konsultera v\u00e5ra andra guider om de viktigaste engelska st\u00e4derna. V\u00e5ra guider t\u00e4cker <a href=\"https:\/\/uk-gb.net\/sv\/london\/\">London<\/a>, <a href=\"https:\/\/uk-gb.net\/sv\/oxford\/\">Oxford<\/a> och <a href=\"https:\/\/uk-gb.net\/sv\/manchester\/\">Manchester.<\/a> <\/p>\n","protected":false},"excerpt":{"rendered":"<p>Bes\u00f6k Liverpool i nordv\u00e4stra England Liverpool \u00e4r en hamnstad i nordv\u00e4stra England. Liverpool \u00e4r en viktig kulturell destination, k\u00e4nd \u00f6ver hela v\u00e4rlden som Beatles f\u00f6delseplats. Liverpool \u00e4r genomsyrad av historia, stolt \u00f6ver sin maritima identitet och med en passion f\u00f6r konst, musik och fotboll \u00e4r Liverpool en livlig, v\u00e4nlig och sp\u00e4nnande stad att utforska. Varf\u00f6r [&hellip;]<\/p>\n","protected":false},"author":1,"featured_media":0,"parent":0,"menu_order":0,"comment_status":"closed","ping_status":"closed","template":"","meta":{"footnotes":""},"class_list":["post-4154","page","type-page","status-publish","hentry"],"yoast_head":"<!-- This site is optimized with the Yoast SEO plugin v27.3 - https:\/\/yoast.com\/product\/yoast-seo-wordpress\/ -->\n<title>Liverpools stadsguide - UK GB<\/title>\n<meta name=\"description\" content=\"Uppt\u00e4ck den magiska engelska staden Liverpool. Alla de b\u00e4sta platserna listade f\u00f6r en fantastisk vistelse i Liverpool.\" \/>\n<meta name=\"robots\" content=\"index, follow, max-snippet:-1, max-image-preview:large, max-video-preview:-1\" \/>\n<link rel=\"canonical\" href=\"https:\/\/uk-gb.net\/sv\/liverpool\/\" \/>\n<meta property=\"og:locale\" content=\"sv_SE\" \/>\n<meta property=\"og:type\" content=\"article\" \/>\n<meta property=\"og:title\" content=\"Liverpools stadsguide - UK GB\" \/>\n<meta property=\"og:description\" content=\"Uppt\u00e4ck den magiska engelska staden Liverpool. Alla de b\u00e4sta platserna listade f\u00f6r en fantastisk vistelse i Liverpool.\" \/>\n<meta property=\"og:url\" content=\"https:\/\/uk-gb.net\/sv\/liverpool\/\" \/>\n<meta property=\"og:site_name\" content=\"UK GB\" \/>\n<meta property=\"article:modified_time\" content=\"2025-12-18T11:13:20+00:00\" \/>\n<meta property=\"og:image\" content=\"https:\/\/uk-gb.net\/wp-content\/uploads\/2025\/01\/Liverpool.jpg\" \/>\n\t<meta property=\"og:image:width\" content=\"2013\" \/>\n\t<meta property=\"og:image:height\" content=\"758\" \/>\n\t<meta property=\"og:image:type\" content=\"image\/jpeg\" \/>\n<meta name=\"twitter:card\" content=\"summary_large_image\" \/>\n<meta name=\"twitter:label1\" content=\"Ber\u00e4knad l\u00e4stid\" \/>\n\t<meta name=\"twitter:data1\" content=\"3 minuter\" \/>\n<script type=\"application\/ld+json\" class=\"yoast-schema-graph\">{\"@context\":\"https:\\\/\\\/schema.org\",\"@graph\":[{\"@type\":\"WebPage\",\"@id\":\"https:\\\/\\\/uk-gb.net\\\/sv\\\/liverpool\\\/\",\"url\":\"https:\\\/\\\/uk-gb.net\\\/sv\\\/liverpool\\\/\",\"name\":\"Liverpools stadsguide - UK GB\",\"isPartOf\":{\"@id\":\"https:\\\/\\\/uk-gb.net\\\/sv\\\/#website\"},\"primaryImageOfPage\":{\"@id\":\"https:\\\/\\\/uk-gb.net\\\/sv\\\/liverpool\\\/#primaryimage\"},\"image\":{\"@id\":\"https:\\\/\\\/uk-gb.net\\\/sv\\\/liverpool\\\/#primaryimage\"},\"thumbnailUrl\":\"https:\\\/\\\/uk-gb.net\\\/wp-content\\\/uploads\\\/2025\\\/01\\\/Liverpool-1024x386.jpg\",\"datePublished\":\"2025-01-11T14:38:52+00:00\",\"dateModified\":\"2025-12-18T11:13:20+00:00\",\"description\":\"Uppt\u00e4ck den magiska engelska staden Liverpool. Alla de b\u00e4sta platserna listade f\u00f6r en fantastisk vistelse i Liverpool.\",\"inLanguage\":\"sv-SE\",\"potentialAction\":[{\"@type\":\"ReadAction\",\"target\":[\"https:\\\/\\\/uk-gb.net\\\/sv\\\/liverpool\\\/\"]}]},{\"@type\":\"ImageObject\",\"inLanguage\":\"sv-SE\",\"@id\":\"https:\\\/\\\/uk-gb.net\\\/sv\\\/liverpool\\\/#primaryimage\",\"url\":\"https:\\\/\\\/uk-gb.net\\\/wp-content\\\/uploads\\\/2025\\\/01\\\/Liverpool-1024x386.jpg\",\"contentUrl\":\"https:\\\/\\\/uk-gb.net\\\/wp-content\\\/uploads\\\/2025\\\/01\\\/Liverpool-1024x386.jpg\"},{\"@type\":\"WebSite\",\"@id\":\"https:\\\/\\\/uk-gb.net\\\/sv\\\/#website\",\"url\":\"https:\\\/\\\/uk-gb.net\\\/sv\\\/\",\"name\":\"UK GB\",\"description\":\"Travel to the UK\",\"potentialAction\":[{\"@type\":\"SearchAction\",\"target\":{\"@type\":\"EntryPoint\",\"urlTemplate\":\"https:\\\/\\\/uk-gb.net\\\/sv\\\/?s={search_term_string}\"},\"query-input\":{\"@type\":\"PropertyValueSpecification\",\"valueRequired\":true,\"valueName\":\"search_term_string\"}}],\"inLanguage\":\"sv-SE\"}]}<\/script>\n<!-- \/ Yoast SEO plugin. -->","yoast_head_json":{"title":"Liverpools stadsguide - UK GB","description":"Uppt\u00e4ck den magiska engelska staden Liverpool. Alla de b\u00e4sta platserna listade f\u00f6r en fantastisk vistelse i Liverpool.","robots":{"index":"index","follow":"follow","max-snippet":"max-snippet:-1","max-image-preview":"max-image-preview:large","max-video-preview":"max-video-preview:-1"},"canonical":"https:\/\/uk-gb.net\/sv\/liverpool\/","og_locale":"sv_SE","og_type":"article","og_title":"Liverpools stadsguide - UK GB","og_description":"Uppt\u00e4ck den magiska engelska staden Liverpool. Alla de b\u00e4sta platserna listade f\u00f6r en fantastisk vistelse i Liverpool.","og_url":"https:\/\/uk-gb.net\/sv\/liverpool\/","og_site_name":"UK GB","article_modified_time":"2025-12-18T11:13:20+00:00","og_image":[{"width":2013,"height":758,"url":"https:\/\/uk-gb.net\/wp-content\/uploads\/2025\/01\/Liverpool.jpg","type":"image\/jpeg"}],"twitter_card":"summary_large_image","twitter_misc":{"Ber\u00e4knad l\u00e4stid":"3 minuter"},"schema":{"@context":"https:\/\/schema.org","@graph":[{"@type":"WebPage","@id":"https:\/\/uk-gb.net\/sv\/liverpool\/","url":"https:\/\/uk-gb.net\/sv\/liverpool\/","name":"Liverpools stadsguide - UK GB","isPartOf":{"@id":"https:\/\/uk-gb.net\/sv\/#website"},"primaryImageOfPage":{"@id":"https:\/\/uk-gb.net\/sv\/liverpool\/#primaryimage"},"image":{"@id":"https:\/\/uk-gb.net\/sv\/liverpool\/#primaryimage"},"thumbnailUrl":"https:\/\/uk-gb.net\/wp-content\/uploads\/2025\/01\/Liverpool-1024x386.jpg","datePublished":"2025-01-11T14:38:52+00:00","dateModified":"2025-12-18T11:13:20+00:00","description":"Uppt\u00e4ck den magiska engelska staden Liverpool. Alla de b\u00e4sta platserna listade f\u00f6r en fantastisk vistelse i Liverpool.","inLanguage":"sv-SE","potentialAction":[{"@type":"ReadAction","target":["https:\/\/uk-gb.net\/sv\/liverpool\/"]}]},{"@type":"ImageObject","inLanguage":"sv-SE","@id":"https:\/\/uk-gb.net\/sv\/liverpool\/#primaryimage","url":"https:\/\/uk-gb.net\/wp-content\/uploads\/2025\/01\/Liverpool-1024x386.jpg","contentUrl":"https:\/\/uk-gb.net\/wp-content\/uploads\/2025\/01\/Liverpool-1024x386.jpg"},{"@type":"WebSite","@id":"https:\/\/uk-gb.net\/sv\/#website","url":"https:\/\/uk-gb.net\/sv\/","name":"UK GB","description":"Travel to the UK","potentialAction":[{"@type":"SearchAction","target":{"@type":"EntryPoint","urlTemplate":"https:\/\/uk-gb.net\/sv\/?s={search_term_string}"},"query-input":{"@type":"PropertyValueSpecification","valueRequired":true,"valueName":"search_term_string"}}],"inLanguage":"sv-SE"}]}},"_links":{"self":[{"href":"https:\/\/uk-gb.net\/sv\/wp-json\/wp\/v2\/pages\/4154","targetHints":{"allow":["GET"]}}],"collection":[{"href":"https:\/\/uk-gb.net\/sv\/wp-json\/wp\/v2\/pages"}],"about":[{"href":"https:\/\/uk-gb.net\/sv\/wp-json\/wp\/v2\/types\/page"}],"author":[{"embeddable":true,"href":"https:\/\/uk-gb.net\/sv\/wp-json\/wp\/v2\/users\/1"}],"replies":[{"embeddable":true,"href":"https:\/\/uk-gb.net\/sv\/wp-json\/wp\/v2\/comments?post=4154"}],"version-history":[{"count":0,"href":"https:\/\/uk-gb.net\/sv\/wp-json\/wp\/v2\/pages\/4154\/revisions"}],"wp:attachment":[{"href":"https:\/\/uk-gb.net\/sv\/wp-json\/wp\/v2\/media?parent=4154"}],"curies":[{"name":"wp","href":"https:\/\/api.w.org\/{rel}","templated":true}]}}