{"id":4084,"date":"2025-01-11T11:44:15","date_gmt":"2025-01-11T11:44:15","guid":{"rendered":"https:\/\/uk-gb.net\/manchester\/"},"modified":"2025-12-19T09:52:54","modified_gmt":"2025-12-19T09:52:54","slug":"manchester","status":"publish","type":"page","link":"https:\/\/uk-gb.net\/sv\/manchester\/","title":{"rendered":"P\u00e5 bes\u00f6k i Manchester"},"content":{"rendered":"\n<h1 class=\"wp-block-heading\">Bes\u00f6k staden Manchester i norra England<\/h1>\n\n<p>Manchester, en f\u00f6re detta industristad som f\u00f6rvandlats till ett stort kulturellt nav, \u00e4r nu en av Englands mest dynamiska st\u00e4der. Staden \u00e4r k\u00e4nd f\u00f6r sitt arbetarklassarv, sin k\u00e4rlek till fotboll, sin legendariska musikscen och sin kreativa energi och lockar resen\u00e4rer som s\u00f6ker autenticitet och en modern urban atmosf\u00e4r. Manchester \u00e4r modern, ung och full av kontraster och l\u00e4mnar ingen ober\u00f6rd.  <\/p>\n\n<figure class=\"wp-block-image size-large\"><img decoding=\"async\" src=\"https:\/\/uk-gb.net\/wp-content\/uploads\/2025\/01\/Manchester-1024x405.jpg\" alt=\"Staden Norra Manchester\" class=\"wp-image-4058\"\/><figcaption class=\"wp-element-caption\">Staden Manchester i norra England  <\/figcaption><\/figure>\n\n<h2 class=\"wp-block-heading\">Varf\u00f6r bes\u00f6ka Manchester?<\/h2>\n\n<p>Manchester \u00e4r en stad med karakt\u00e4r, som dj\u00e4rvt blandar sitt industriella f\u00f6rflutna med en konstn\u00e4rlig ren\u00e4ssans. De interaktiva museerna, de trendiga kvarteren, de oberoende kaf\u00e9erna och den avslappnade atmosf\u00e4ren \u00e4r alla mycket tilltalande. Oavsett om du kommer f\u00f6r att uppt\u00e4cka den brittiska rockens r\u00f6tter, bes\u00f6ka de legendariska arenorna eller utforska de gamla lagerlokalerna som f\u00f6rvandlats till gallerier, \u00e4r Manchester ett m\u00e5ste p\u00e5 varje <a href=\"https:\/\/uk-gb.net\/se\/\">resa till Storbritannien<\/a>.  <\/p>\n\n<h2 class=\"wp-block-heading\">Manchesters viktigaste sev\u00e4rdheter<\/h2>\n\n<ul class=\"wp-block-list\">\n<li><a href=\"https:\/\/www.museum.manchester.ac.uk\/\">Manchester Museum<\/a>: Ett omfattande museum som kombinerar naturhistoria, kultur och vetenskap.<\/li>\n\n\n\n<li><a href=\"https:\/\/www.scienceandindustrymuseum.org.uk\/\">Science and Industry Museum<\/a>: En fascinerande inblick i stadens industriella historia.<\/li>\n\n\n\n<li><a href=\"https:\/\/www.library.manchester.ac.uk\/rylands\/visit\/\">John Rylands Library<\/a>: Ett magnifikt nygotiskt bibliotek v\u00e4rdigt en filminspelning.<\/li>\n\n\n\n<li><a href=\"https:\/\/www.manutd.com\/en\/visit-old-trafford\">Old Trafford Stadium<\/a>: Manchester Uniteds ikoniska fotbollsstadion.<\/li>\n\n\n\n<li><a href=\"https:\/\/www.mancity.com\/etihad-stadium\">Etihad Stadium<\/a>: Hemmaplan f\u00f6r fotbollsklubben Manchester Citys andra stora lag.<\/li>\n\n\n\n<li><a href=\"https:\/\/northernquartermanchester.com\/\">Northern Quarter<\/a>: En kreativ stadsdel k\u00e4nd f\u00f6r sina v\u00e4ggm\u00e5lningar, second hand-aff\u00e4rer och skivaff\u00e4rer.<\/li>\n<\/ul>\n\n<div style=\"height:10px\" aria-hidden=\"true\" class=\"wp-block-spacer\"><\/div>\n\n<h2 class=\"wp-block-heading\">Grannskap att utforska<\/h2>\n\n<ul class=\"wp-block-list\">\n<li><strong>Norra kvarteret<\/strong>: Trendigt st\u00e4lle par excellence, med en alternativ konstn\u00e4rlig atmosf\u00e4r.<\/li>\n\n\n\n<li><strong>Ancoats<\/strong>: Renoverat omr\u00e5de, popul\u00e4rt f\u00f6r sina restauranger, caf\u00e9er och loft.<\/li>\n\n\n\n<li><strong>Castlefield <\/strong>: En historisk stadsdel vid kanalen, lugn och lummig.<\/li>\n\n\n\n<li><strong>Spinningfields<\/strong>: Modernt aff\u00e4rsdistrikt med restauranger, eleganta barer och butiker.<\/li>\n\n\n\n<li><strong>Chinatown<\/strong>: En av Storbritanniens st\u00f6rsta och mest f\u00e4rgstarka Chinatowns.<\/li>\n<\/ul>\n\n<div style=\"height:10px\" aria-hidden=\"true\" class=\"wp-block-spacer\"><\/div>\n\n<h2 class=\"wp-block-heading\">Praktiska tips f\u00f6r att bes\u00f6ka Manchester<\/h2>\n\n<figure class=\"wp-block-table is-style-regular\"><table><tbody><tr><td><strong>Transport<\/strong><\/td><td>Goda f\u00f6rbindelser med sp\u00e5rvagnar, bussar och t\u00e5g; stadsk\u00e4rnan inom g\u00e5ngavst\u00e5nd.<\/td><\/tr><tr><td><strong>boende<\/strong><\/td><td>Ett brett utbud av alternativ, fr\u00e5n budget till lyx, i alla centrala stadsdelar.<\/td><\/tr><tr><td><strong>Valuta<\/strong><\/td><td>Pund sterling (\u00a3). Utbredd kontaktl\u00f6s betalning. <\/td><\/tr><tr><td><strong>Visa<\/strong><\/td><td><a href=\"https:\/\/uk-gb.net\/sv\/visum-for-manchester\/\">Visum f\u00f6r Manchester<\/a> \u00e4r inte n\u00f6dv\u00e4ndigt f\u00f6r turistbes\u00f6k<\/td><\/tr><tr><td><strong>V\u00e4der<\/strong><\/td><td>Fuktigt klimat; ta med en mackintosh \u00e4ven p\u00e5 sommaren.<\/td><\/tr><\/tbody><\/table><\/figure>\n\n<div style=\"height:10px\" aria-hidden=\"true\" class=\"wp-block-spacer\"><\/div>\n\n<h2 class=\"wp-block-heading\">Var kan man \u00e4ta i Manchester?<\/h2>\n\n<ul class=\"wp-block-list\">\n<li><a href=\"https:\/\/www.rudyspizza.co.uk\/\">Rudy&#8217;s Neapolitan Pizza<\/a>: Ett m\u00e5ste f\u00f6r alla som gillar \u00e4kta napolitansk pizza.<\/li>\n\n\n\n<li><a href=\"https:\/\/www.refugemcr.co.uk\/\">The Refuge<\/a>: Kreativt k\u00f6k i en magnifik Art Deco-milj\u00f6.<\/li>\n\n\n\n<li><a href=\"https:\/\/www.instagram.com\/mackiemayor\/?hl=en\">Mackie Mayor<\/a>: En modern saluhall med ett brett utbud av f\u00f6rs\u00e4ljningsst\u00e4llen.<\/li>\n\n\n\n<li><a href=\"https:\/\/tattu.co.uk\/locations\/manchester\/\">Tattu<\/a>: Modernt asiatiskt k\u00f6k i en spektakul\u00e4r milj\u00f6.<\/li>\n\n\n\n<li><a href=\"https:\/\/bundobust.com\/manchester\/\">Bundobust<\/a>: Indisk vegetarisk street food i en avslappnad atmosf\u00e4r.<\/li>\n<\/ul>\n\n<div style=\"height:10px\" aria-hidden=\"true\" class=\"wp-block-spacer\"><\/div>\n\n<h2 class=\"wp-block-heading\">N\u00e4r ska du \u00e5ka?<\/h2>\n\n<p>Manchester kan bes\u00f6kas \u00e5ret runt, men v\u00e5ren och sommaren \u00e4r idealiska f\u00f6r att njuta av festivaler och utomhusaktiviteter. H\u00f6sten \u00e4r perfekt f\u00f6r att utforska museerna och de pittoreska kvarteren, medan vintern bjuder p\u00e5 en varm atmosf\u00e4r, s\u00e4rskilt p\u00e5 stadens ber\u00f6mda julmarknader. <\/p>\n\n<h2 class=\"wp-block-heading\">V\u00e4nligen notera<\/h2>\n\n<p>Formaliteterna f\u00f6r att bes\u00f6ka Manchester beror p\u00e5 din nationalitet. Medborgare i Europeiska unionen, USA, Kanada och m\u00e5nga andra l\u00e4nder m\u00e5ste nu skaffa ett <a href=\"https:\/\/uk-gb.net\/sv\/eta-england-forenade-kungariket\/\">elektroniskt resetillst\u00e5nd (ETA)<\/a> om de inte har <a href=\"https:\/\/uk-gb.net\/sv\/visum-forenade-kungariket\/\">visum till England<\/a>. <\/p>\n\n<p>ETA f\u00f6r Storbritannien kan beg\u00e4ras online eller via <a href=\"https:\/\/uk-gb.net\/sv\/ansokan-iphone-visum-eta-storbritannien\/\">den officiella IPhone-applikationen<\/a>. Irl\u00e4ndska medborgare och personer bosatta i Storbritannien p\u00e5verkas inte.<\/p>\n\n<p>F\u00f6r mer r\u00e5d eller personliga rekommendationer, tveka inte att konsultera v\u00e5ra andra guider om de viktigaste engelska st\u00e4derna. V\u00e5ra guider t\u00e4cker <a href=\"https:\/\/uk-gb.net\/sv\/london\/\">London<\/a>, <a href=\"https:\/\/uk-gb.net\/sv\/oxford\/\">Oxford<\/a> och <a href=\"https:\/\/uk-gb.net\/sv\/liverpool\/\">Liverpool.<\/a> <\/p>\n\n<p><\/p>\n","protected":false},"excerpt":{"rendered":"<p>Bes\u00f6k staden Manchester i norra England Manchester, en f\u00f6re detta industristad som f\u00f6rvandlats till ett stort kulturellt nav, \u00e4r nu en av Englands mest dynamiska st\u00e4der. Staden \u00e4r k\u00e4nd f\u00f6r sitt arbetarklassarv, sin k\u00e4rlek till fotboll, sin legendariska musikscen och sin kreativa energi och lockar resen\u00e4rer som s\u00f6ker autenticitet och en modern urban atmosf\u00e4r. Manchester [&hellip;]<\/p>\n","protected":false},"author":1,"featured_media":0,"parent":0,"menu_order":0,"comment_status":"closed","ping_status":"closed","template":"","meta":{"footnotes":""},"class_list":["post-4084","page","type-page","status-publish","hentry"],"yoast_head":"<!-- This site is optimized with the Yoast SEO plugin v27.3 - https:\/\/yoast.com\/product\/yoast-seo-wordpress\/ -->\n<title>P\u00e5 bes\u00f6k i Manchester - UK GB<\/title>\n<meta name=\"description\" content=\"Uppt\u00e4ck den engelska staden Manchester, med sitt industriella f\u00f6rflutna och sin trendiga konstn\u00e4rliga v\u00e4ckelse.\" \/>\n<meta name=\"robots\" content=\"index, follow, max-snippet:-1, max-image-preview:large, max-video-preview:-1\" \/>\n<link rel=\"canonical\" href=\"https:\/\/uk-gb.net\/sv\/manchester\/\" \/>\n<meta property=\"og:locale\" content=\"sv_SE\" \/>\n<meta property=\"og:type\" content=\"article\" \/>\n<meta property=\"og:title\" content=\"P\u00e5 bes\u00f6k i Manchester - UK GB\" \/>\n<meta property=\"og:description\" content=\"Uppt\u00e4ck den engelska staden Manchester, med sitt industriella f\u00f6rflutna och sin trendiga konstn\u00e4rliga v\u00e4ckelse.\" \/>\n<meta property=\"og:url\" content=\"https:\/\/uk-gb.net\/sv\/manchester\/\" \/>\n<meta property=\"og:site_name\" content=\"UK GB\" \/>\n<meta property=\"article:modified_time\" content=\"2025-12-19T09:52:54+00:00\" \/>\n<meta property=\"og:image\" content=\"https:\/\/uk-gb.net\/wp-content\/uploads\/2025\/01\/Manchester-e1747991434136.jpg\" \/>\n\t<meta property=\"og:image:width\" content=\"1455\" \/>\n\t<meta property=\"og:image:height\" content=\"640\" \/>\n\t<meta property=\"og:image:type\" content=\"image\/jpeg\" \/>\n<meta name=\"twitter:card\" content=\"summary_large_image\" \/>\n<meta name=\"twitter:label1\" content=\"Ber\u00e4knad l\u00e4stid\" \/>\n\t<meta name=\"twitter:data1\" content=\"3 minuter\" \/>\n<script type=\"application\/ld+json\" class=\"yoast-schema-graph\">{\"@context\":\"https:\\\/\\\/schema.org\",\"@graph\":[{\"@type\":\"WebPage\",\"@id\":\"https:\\\/\\\/uk-gb.net\\\/sv\\\/manchester\\\/\",\"url\":\"https:\\\/\\\/uk-gb.net\\\/sv\\\/manchester\\\/\",\"name\":\"P\u00e5 bes\u00f6k i Manchester - UK GB\",\"isPartOf\":{\"@id\":\"https:\\\/\\\/uk-gb.net\\\/sv\\\/#website\"},\"primaryImageOfPage\":{\"@id\":\"https:\\\/\\\/uk-gb.net\\\/sv\\\/manchester\\\/#primaryimage\"},\"image\":{\"@id\":\"https:\\\/\\\/uk-gb.net\\\/sv\\\/manchester\\\/#primaryimage\"},\"thumbnailUrl\":\"https:\\\/\\\/uk-gb.net\\\/wp-content\\\/uploads\\\/2025\\\/01\\\/Manchester-1024x405.jpg\",\"datePublished\":\"2025-01-11T11:44:15+00:00\",\"dateModified\":\"2025-12-19T09:52:54+00:00\",\"description\":\"Uppt\u00e4ck den engelska staden Manchester, med sitt industriella f\u00f6rflutna och sin trendiga konstn\u00e4rliga v\u00e4ckelse.\",\"inLanguage\":\"sv-SE\",\"potentialAction\":[{\"@type\":\"ReadAction\",\"target\":[\"https:\\\/\\\/uk-gb.net\\\/sv\\\/manchester\\\/\"]}]},{\"@type\":\"ImageObject\",\"inLanguage\":\"sv-SE\",\"@id\":\"https:\\\/\\\/uk-gb.net\\\/sv\\\/manchester\\\/#primaryimage\",\"url\":\"https:\\\/\\\/uk-gb.net\\\/wp-content\\\/uploads\\\/2025\\\/01\\\/Manchester-1024x405.jpg\",\"contentUrl\":\"https:\\\/\\\/uk-gb.net\\\/wp-content\\\/uploads\\\/2025\\\/01\\\/Manchester-1024x405.jpg\"},{\"@type\":\"WebSite\",\"@id\":\"https:\\\/\\\/uk-gb.net\\\/sv\\\/#website\",\"url\":\"https:\\\/\\\/uk-gb.net\\\/sv\\\/\",\"name\":\"UK GB\",\"description\":\"Travel to the UK\",\"potentialAction\":[{\"@type\":\"SearchAction\",\"target\":{\"@type\":\"EntryPoint\",\"urlTemplate\":\"https:\\\/\\\/uk-gb.net\\\/sv\\\/?s={search_term_string}\"},\"query-input\":{\"@type\":\"PropertyValueSpecification\",\"valueRequired\":true,\"valueName\":\"search_term_string\"}}],\"inLanguage\":\"sv-SE\"}]}<\/script>\n<!-- \/ Yoast SEO plugin. -->","yoast_head_json":{"title":"P\u00e5 bes\u00f6k i Manchester - UK GB","description":"Uppt\u00e4ck den engelska staden Manchester, med sitt industriella f\u00f6rflutna och sin trendiga konstn\u00e4rliga v\u00e4ckelse.","robots":{"index":"index","follow":"follow","max-snippet":"max-snippet:-1","max-image-preview":"max-image-preview:large","max-video-preview":"max-video-preview:-1"},"canonical":"https:\/\/uk-gb.net\/sv\/manchester\/","og_locale":"sv_SE","og_type":"article","og_title":"P\u00e5 bes\u00f6k i Manchester - UK GB","og_description":"Uppt\u00e4ck den engelska staden Manchester, med sitt industriella f\u00f6rflutna och sin trendiga konstn\u00e4rliga v\u00e4ckelse.","og_url":"https:\/\/uk-gb.net\/sv\/manchester\/","og_site_name":"UK GB","article_modified_time":"2025-12-19T09:52:54+00:00","og_image":[{"width":1455,"height":640,"url":"https:\/\/uk-gb.net\/wp-content\/uploads\/2025\/01\/Manchester-e1747991434136.jpg","type":"image\/jpeg"}],"twitter_card":"summary_large_image","twitter_misc":{"Ber\u00e4knad l\u00e4stid":"3 minuter"},"schema":{"@context":"https:\/\/schema.org","@graph":[{"@type":"WebPage","@id":"https:\/\/uk-gb.net\/sv\/manchester\/","url":"https:\/\/uk-gb.net\/sv\/manchester\/","name":"P\u00e5 bes\u00f6k i Manchester - UK GB","isPartOf":{"@id":"https:\/\/uk-gb.net\/sv\/#website"},"primaryImageOfPage":{"@id":"https:\/\/uk-gb.net\/sv\/manchester\/#primaryimage"},"image":{"@id":"https:\/\/uk-gb.net\/sv\/manchester\/#primaryimage"},"thumbnailUrl":"https:\/\/uk-gb.net\/wp-content\/uploads\/2025\/01\/Manchester-1024x405.jpg","datePublished":"2025-01-11T11:44:15+00:00","dateModified":"2025-12-19T09:52:54+00:00","description":"Uppt\u00e4ck den engelska staden Manchester, med sitt industriella f\u00f6rflutna och sin trendiga konstn\u00e4rliga v\u00e4ckelse.","inLanguage":"sv-SE","potentialAction":[{"@type":"ReadAction","target":["https:\/\/uk-gb.net\/sv\/manchester\/"]}]},{"@type":"ImageObject","inLanguage":"sv-SE","@id":"https:\/\/uk-gb.net\/sv\/manchester\/#primaryimage","url":"https:\/\/uk-gb.net\/wp-content\/uploads\/2025\/01\/Manchester-1024x405.jpg","contentUrl":"https:\/\/uk-gb.net\/wp-content\/uploads\/2025\/01\/Manchester-1024x405.jpg"},{"@type":"WebSite","@id":"https:\/\/uk-gb.net\/sv\/#website","url":"https:\/\/uk-gb.net\/sv\/","name":"UK GB","description":"Travel to the UK","potentialAction":[{"@type":"SearchAction","target":{"@type":"EntryPoint","urlTemplate":"https:\/\/uk-gb.net\/sv\/?s={search_term_string}"},"query-input":{"@type":"PropertyValueSpecification","valueRequired":true,"valueName":"search_term_string"}}],"inLanguage":"sv-SE"}]}},"_links":{"self":[{"href":"https:\/\/uk-gb.net\/sv\/wp-json\/wp\/v2\/pages\/4084","targetHints":{"allow":["GET"]}}],"collection":[{"href":"https:\/\/uk-gb.net\/sv\/wp-json\/wp\/v2\/pages"}],"about":[{"href":"https:\/\/uk-gb.net\/sv\/wp-json\/wp\/v2\/types\/page"}],"author":[{"embeddable":true,"href":"https:\/\/uk-gb.net\/sv\/wp-json\/wp\/v2\/users\/1"}],"replies":[{"embeddable":true,"href":"https:\/\/uk-gb.net\/sv\/wp-json\/wp\/v2\/comments?post=4084"}],"version-history":[{"count":0,"href":"https:\/\/uk-gb.net\/sv\/wp-json\/wp\/v2\/pages\/4084\/revisions"}],"wp:attachment":[{"href":"https:\/\/uk-gb.net\/sv\/wp-json\/wp\/v2\/media?parent=4084"}],"curies":[{"name":"wp","href":"https:\/\/api.w.org\/{rel}","templated":true}]}}