{"id":3911,"date":"2025-01-11T11:00:01","date_gmt":"2025-01-11T11:00:01","guid":{"rendered":"https:\/\/uk-gb.net\/londres\/"},"modified":"2025-12-18T11:13:44","modified_gmt":"2025-12-18T11:13:44","slug":"london","status":"publish","type":"page","link":"https:\/\/uk-gb.net\/sv\/london\/","title":{"rendered":"Reseguide till London"},"content":{"rendered":"\n<h1 class=\"wp-block-heading\">Bes\u00f6k staden London i kungariket England<\/h1>\n\n<p>London \u00e4r en pulserande och inflytelserik huvudstad som utg\u00f6r en kulturell och historisk korsv\u00e4g. Det \u00e4r en stad med m\u00e5nga ansikten som dj\u00e4rvt blandar kungligt arv med modern kreativitet. Fr\u00e5n ikoniska landm\u00e4rken som Big Ben och Tower of London till avantgardistiska konstgallerier och kosmopolitiska distrikt, den brittiska huvudstaden f\u00e4ngslar lika mycket genom sin m\u00e5ngfald som genom sin energi. Oavsett om du \u00e4lskar historia, museer, gastronomi eller underh\u00e5llning, lovar London en rik och outt\u00f6mlig upplevelse.   <\/p>\n\n<figure class=\"wp-block-image size-large\"><img decoding=\"async\" src=\"https:\/\/uk-gb.net\/wp-content\/uploads\/2025\/01\/London-1024x469.jpeg\" alt=\"London stad\" class=\"wp-image-3893\"\/><figcaption class=\"wp-element-caption\">City of London, England<\/figcaption><\/figure>\n\n<h2 class=\"wp-block-heading\">Varf\u00f6r bes\u00f6ka London?<\/h2>\n\n<p>London \u00e4r en destination i en klass f\u00f6r sig och erbjuder en m\u00e4ngd olika upplevelser runt varje h\u00f6rn. Den charmar historieintresserade med sina palats och museer, lockar shoppare med sina marknader och varuhus och gl\u00e4djer gourmeter med sin extremt m\u00e5ngsidiga kulinariska scen. Oavsett om du \u00e4r en familj, ett par eller en ensam resen\u00e4r \u00e4r London en stad d\u00e4r du alltid kommer tillbaka med en k\u00e4nsla av att du bara har sett en del av vad den har att erbjuda.  <\/p>\n\n<h2 class=\"wp-block-heading\">Londons m\u00e5ste-sev\u00e4rdheter<\/h2>\n\n<ul class=\"wp-block-list\">\n<li><a href=\"https:\/\/www.rct.uk\/visit\/buckingham-palace\">Buckingham Palace<\/a>: Officiellt residens f\u00f6r den brittiska monarkin.<\/li>\n\n\n\n<li><a href=\"https:\/\/www.parliament.uk\/about\/living-heritage\/building\/palace\/big-ben\/\">Big Ben<\/a> och <a href=\"https:\/\/www.parliament.uk\/about\/living-heritage\/building\/palace\/\">Westminsterpalatset<\/a>: En av stadens mest k\u00e4nda symboler.<\/li>\n\n\n\n<li><a href=\"https:\/\/www.hrp.org.uk\/tower-of-london\/#gs.j42e6u\">Tower of London<\/a>: En tusen \u00e5r gammal f\u00e4stning d\u00e4r kronjuvelerna f\u00f6rvaras.<\/li>\n\n\n\n<li><a href=\"https:\/\/www.westminster-abbey.org\/fr\/visit-us\/\">Westminster Abbey<\/a>: Detta gamla kloster \u00e4r en milstolpe i den brittiska historien.<\/li>\n\n\n\n<li><a href=\"https:\/\/www.londoneye.com\/\">London Eye<\/a>: Ett ikoniskt pariserhjul som erbjuder panoramautsikt \u00f6ver staden.<\/li>\n\n\n\n<li><a href=\"https:\/\/www.britishmuseum.org\/\">British Museum<\/a>: Ett gratis museum med imponerande samlingar fr\u00e5n hela v\u00e4rlden.<\/li>\n<\/ul>\n\n<div style=\"height:10px\" aria-hidden=\"true\" class=\"wp-block-spacer\"><\/div>\n\n<h2 class=\"wp-block-heading\">Grannskap att utforska<\/h2>\n\n<ul class=\"wp-block-list\">\n<li><strong>Notting Hill<\/strong>: Ett f\u00e4rgstarkt och pittoreskt omr\u00e5de, k\u00e4nt f\u00f6r sin marknad p\u00e5 Portobello Road.<\/li>\n\n\n\n<li><strong>Camden<\/strong>: En alternativ stadsdel med trendiga marknader och en underjordisk musikscen.<\/li>\n\n\n\n<li><strong>South Bank<\/strong>: Kulturell flodstrand med Shakespeare&#8217;s Globe, London Eye och Tate Modern.<\/li>\n\n\n\n<li><strong>Soho<\/strong>: Hj\u00e4rtat i Londons nattliv, med teatrar och trendiga barer.<\/li>\n\n\n\n<li><strong>Covent Garden<\/strong>: K\u00e4nd f\u00f6r sina gatukonstn\u00e4rer, unika butiker och livliga atmosf\u00e4r.<\/li>\n<\/ul>\n\n<div style=\"height:10px\" aria-hidden=\"true\" class=\"wp-block-spacer\"><\/div>\n\n<h2 class=\"wp-block-heading\">Praktiska tips f\u00f6r bes\u00f6k i London<\/h2>\n\n<figure class=\"wp-block-table is-style-regular\"><table><tbody><tr><th>Aspekt<\/th><th>Detaljer<\/th><\/tr><tr><td><strong>Transport<\/strong><\/td><td>Tunnelbanen\u00e4t, r\u00f6da bussar, t\u00e5g och cyklar med sj\u00e4lvbetj\u00e4ning. <a href=\"https:\/\/oyster.tfl.gov.uk\/oyster\/entry.do\">Oyster Card<\/a> rekommenderas.<\/td><\/tr><tr><td><strong>boende<\/strong><\/td><td>Ett brett utbud av alternativ: vandrarhem, boutiquehotell, lyxanl\u00e4ggningar.<\/td><\/tr><tr><td><strong>Valuta<\/strong><\/td><td>Pund sterling (\u00a3). Kontaktl\u00f6sa betalningar \u00e4r utbredda. <\/td><\/tr><tr><td><strong>Visa<\/strong><\/td><td>Kontrollera om du beh\u00f6ver ett <a href=\"https:\/\/uk-gb.net\/sv\/eta-england-forenade-kungariket\/\">brittiskt ETA<\/a> eller <a href=\"https:\/\/uk-gb.net\/sv\/visum-for-london\/\">visum till London<\/a><\/td><\/tr><tr><td><strong>Elektriska uttag<\/strong><\/td><td>Typ G (adapter rekommenderas).<\/td><\/tr><tr><td><strong>V\u00e4der<\/strong><\/td><td>Ta med kl\u00e4der som \u00e4r l\u00e4mpliga f\u00f6r regn, vilket \u00e4r vanligt \u00e5ret runt.<\/td><\/tr><\/tbody><\/table><\/figure>\n\n<div style=\"height:10px\" aria-hidden=\"true\" class=\"wp-block-spacer\"><\/div>\n\n<h2 class=\"wp-block-heading\">Var ska man \u00e4ta i London?<\/h2>\n\n<ul class=\"wp-block-list\">\n<li><a href=\"https:\/\/www.thewolseley.com\/\">The Wolseley<\/a>: Londoninstitution f\u00f6r frukost eller afternoon tea.<\/li>\n\n\n\n<li><a href=\"https:\/\/sketch.london\/\">Sketch<\/a>: Gastronomi och samtida konst i en unik milj\u00f6.<\/li>\n\n\n\n<li><a href=\"https:\/\/flatironsteak.co.uk\/\">Flat Iron<\/a>: Ett popul\u00e4rt st\u00e4lle d\u00e4r man kan njuta av en kvalitetsstek till ett rimligt pris.<\/li>\n\n\n\n<li><a href=\"https:\/\/boroughmarket.org.uk\/\">Borough Market<\/a>: Tempel f\u00f6r street food och hantverksm\u00e4ssiga produkter.<\/li>\n\n\n\n<li><a href=\"https:\/\/www.dishoom.com\/\">Dishoom<\/a>: En popul\u00e4r indisk restaurang, en hyllning till caf\u00e9erna i Bombay.<\/li>\n<\/ul>\n\n<div style=\"height:10px\" aria-hidden=\"true\" class=\"wp-block-spacer\"><\/div>\n\n<h2 class=\"wp-block-heading\">N\u00e4r ska man \u00e5ka till London?<\/h2>\n\n<p>London kan bes\u00f6kas under alla \u00e5rstider. V\u00e5ren \u00e4r ljuvlig med blommande parker, medan sommaren bjuder p\u00e5 festivaler, terrasser och utomhusevenemang. H\u00f6sten bjuder p\u00e5 sublima f\u00e4rger i de kungliga tr\u00e4dg\u00e5rdarna. Vintern \u00e4r magisk med sin julbelysning, festliga marknader och varuhusens skyltf\u00f6nster.   <\/p>\n\n<h2 class=\"wp-block-heading\">Slutsats<\/h2>\n\n<p><a href=\"https:\/\/www.london.gov.uk\/\">London<\/a> \u00e4r en v\u00e4rldsstad som st\u00e4ndigt \u00e4r i r\u00f6relse och erbjuder ett o\u00e4ndligt utbud av kulturella, historiska och m\u00e4nskliga upplevelser. St\u00f6rre och mer m\u00e5ngsidig \u00e4n st\u00e4der som <a href=\"https:\/\/uk-gb.net\/sv\/oxford\/\">Oxford<\/a> eller Cambridge, mer internationell \u00e4n <a href=\"https:\/\/uk-gb.net\/sv\/manchester\/\">Manchester<\/a> eller Edinburgh, f\u00f6rkroppsligar den k\u00e4rnan i det moderna Storbritannien. F\u00f6rbered dig f\u00f6r din vistelse, f\u00f6r London \u00e4r inte en plats att bes\u00f6ka: det \u00e4r en plats att uppleva.  <\/p>\n\n<p>Formaliteterna f\u00f6r att bes\u00f6ka London beror p\u00e5 din nationalitet. Medborgare i Europeiska unionen och m\u00e5nga andra l\u00e4nder m\u00e5ste skaffa ett <a href=\"https:\/\/uk-gb.net\/sv\/eta-england-forenade-kungariket\/\">elektroniskt resetillst\u00e5nd (ETA)<\/a> om de inte har <a href=\"https:\/\/uk-gb.net\/sv\/visum-for-london\/\">visum till London.<\/a> <\/p>\n\n<p>ETA f\u00f6r Storbritannien m\u00e5ste ans\u00f6kas online via <a href=\"https:\/\/uk-gb.net\/sv\/ansokan-iphone-visum-eta-storbritannien\/\">den officiella IPhone-applikationen<\/a>. Irl\u00e4ndska medborgare och inv\u00e5nare i Storbritannien ber\u00f6rs inte. <\/p>\n","protected":false},"excerpt":{"rendered":"<p>Bes\u00f6k staden London i kungariket England London \u00e4r en pulserande och inflytelserik huvudstad som utg\u00f6r en kulturell och historisk korsv\u00e4g. Det \u00e4r en stad med m\u00e5nga ansikten som dj\u00e4rvt blandar kungligt arv med modern kreativitet. Fr\u00e5n ikoniska landm\u00e4rken som Big Ben och Tower of London till avantgardistiska konstgallerier och kosmopolitiska distrikt, den brittiska huvudstaden f\u00e4ngslar [&hellip;]<\/p>\n","protected":false},"author":1,"featured_media":0,"parent":0,"menu_order":0,"comment_status":"closed","ping_status":"closed","template":"","meta":{"footnotes":""},"class_list":["post-3911","page","type-page","status-publish","hentry"],"yoast_head":"<!-- This site is optimized with the Yoast SEO plugin v27.3 - https:\/\/yoast.com\/product\/yoast-seo-wordpress\/ -->\n<title>Reseguide till London - UK GB<\/title>\n<meta name=\"description\" content=\"All turistinformation om London som du beh\u00f6ver f\u00f6r att f\u00e5 ut det mesta av din vistelse i denna kulturella och historiska huvudstad.\" \/>\n<meta name=\"robots\" content=\"index, follow, max-snippet:-1, max-image-preview:large, max-video-preview:-1\" \/>\n<link rel=\"canonical\" href=\"https:\/\/uk-gb.net\/sv\/london\/\" \/>\n<meta property=\"og:locale\" content=\"sv_SE\" \/>\n<meta property=\"og:type\" content=\"article\" \/>\n<meta property=\"og:title\" content=\"Reseguide till London - UK GB\" \/>\n<meta property=\"og:description\" content=\"All turistinformation om London som du beh\u00f6ver f\u00f6r att f\u00e5 ut det mesta av din vistelse i denna kulturella och historiska huvudstad.\" \/>\n<meta property=\"og:url\" content=\"https:\/\/uk-gb.net\/sv\/london\/\" \/>\n<meta property=\"og:site_name\" content=\"UK GB\" \/>\n<meta property=\"article:modified_time\" content=\"2025-12-18T11:13:44+00:00\" \/>\n<meta property=\"og:image\" content=\"https:\/\/uk-gb.net\/wp-content\/uploads\/2025\/01\/London-scaled-e1747988544474.jpeg\" \/>\n\t<meta property=\"og:image:width\" content=\"2103\" \/>\n\t<meta property=\"og:image:height\" content=\"1028\" \/>\n\t<meta property=\"og:image:type\" content=\"image\/jpeg\" \/>\n<meta name=\"twitter:card\" content=\"summary_large_image\" \/>\n<meta name=\"twitter:label1\" content=\"Ber\u00e4knad l\u00e4stid\" \/>\n\t<meta name=\"twitter:data1\" content=\"3 minuter\" \/>\n<script type=\"application\/ld+json\" class=\"yoast-schema-graph\">{\"@context\":\"https:\\\/\\\/schema.org\",\"@graph\":[{\"@type\":\"WebPage\",\"@id\":\"https:\\\/\\\/uk-gb.net\\\/sv\\\/london\\\/\",\"url\":\"https:\\\/\\\/uk-gb.net\\\/sv\\\/london\\\/\",\"name\":\"Reseguide till London - UK GB\",\"isPartOf\":{\"@id\":\"https:\\\/\\\/uk-gb.net\\\/sv\\\/#website\"},\"primaryImageOfPage\":{\"@id\":\"https:\\\/\\\/uk-gb.net\\\/sv\\\/london\\\/#primaryimage\"},\"image\":{\"@id\":\"https:\\\/\\\/uk-gb.net\\\/sv\\\/london\\\/#primaryimage\"},\"thumbnailUrl\":\"https:\\\/\\\/uk-gb.net\\\/wp-content\\\/uploads\\\/2025\\\/01\\\/London-1024x469.jpeg\",\"datePublished\":\"2025-01-11T11:00:01+00:00\",\"dateModified\":\"2025-12-18T11:13:44+00:00\",\"description\":\"All turistinformation om London som du beh\u00f6ver f\u00f6r att f\u00e5 ut det mesta av din vistelse i denna kulturella och historiska huvudstad.\",\"inLanguage\":\"sv-SE\",\"potentialAction\":[{\"@type\":\"ReadAction\",\"target\":[\"https:\\\/\\\/uk-gb.net\\\/sv\\\/london\\\/\"]}]},{\"@type\":\"ImageObject\",\"inLanguage\":\"sv-SE\",\"@id\":\"https:\\\/\\\/uk-gb.net\\\/sv\\\/london\\\/#primaryimage\",\"url\":\"https:\\\/\\\/uk-gb.net\\\/wp-content\\\/uploads\\\/2025\\\/01\\\/London-1024x469.jpeg\",\"contentUrl\":\"https:\\\/\\\/uk-gb.net\\\/wp-content\\\/uploads\\\/2025\\\/01\\\/London-1024x469.jpeg\"},{\"@type\":\"WebSite\",\"@id\":\"https:\\\/\\\/uk-gb.net\\\/sv\\\/#website\",\"url\":\"https:\\\/\\\/uk-gb.net\\\/sv\\\/\",\"name\":\"UK GB\",\"description\":\"Travel to the UK\",\"potentialAction\":[{\"@type\":\"SearchAction\",\"target\":{\"@type\":\"EntryPoint\",\"urlTemplate\":\"https:\\\/\\\/uk-gb.net\\\/sv\\\/?s={search_term_string}\"},\"query-input\":{\"@type\":\"PropertyValueSpecification\",\"valueRequired\":true,\"valueName\":\"search_term_string\"}}],\"inLanguage\":\"sv-SE\"}]}<\/script>\n<!-- \/ Yoast SEO plugin. -->","yoast_head_json":{"title":"Reseguide till London - UK GB","description":"All turistinformation om London som du beh\u00f6ver f\u00f6r att f\u00e5 ut det mesta av din vistelse i denna kulturella och historiska huvudstad.","robots":{"index":"index","follow":"follow","max-snippet":"max-snippet:-1","max-image-preview":"max-image-preview:large","max-video-preview":"max-video-preview:-1"},"canonical":"https:\/\/uk-gb.net\/sv\/london\/","og_locale":"sv_SE","og_type":"article","og_title":"Reseguide till London - UK GB","og_description":"All turistinformation om London som du beh\u00f6ver f\u00f6r att f\u00e5 ut det mesta av din vistelse i denna kulturella och historiska huvudstad.","og_url":"https:\/\/uk-gb.net\/sv\/london\/","og_site_name":"UK GB","article_modified_time":"2025-12-18T11:13:44+00:00","og_image":[{"width":2103,"height":1028,"url":"https:\/\/uk-gb.net\/wp-content\/uploads\/2025\/01\/London-scaled-e1747988544474.jpeg","type":"image\/jpeg"}],"twitter_card":"summary_large_image","twitter_misc":{"Ber\u00e4knad l\u00e4stid":"3 minuter"},"schema":{"@context":"https:\/\/schema.org","@graph":[{"@type":"WebPage","@id":"https:\/\/uk-gb.net\/sv\/london\/","url":"https:\/\/uk-gb.net\/sv\/london\/","name":"Reseguide till London - UK GB","isPartOf":{"@id":"https:\/\/uk-gb.net\/sv\/#website"},"primaryImageOfPage":{"@id":"https:\/\/uk-gb.net\/sv\/london\/#primaryimage"},"image":{"@id":"https:\/\/uk-gb.net\/sv\/london\/#primaryimage"},"thumbnailUrl":"https:\/\/uk-gb.net\/wp-content\/uploads\/2025\/01\/London-1024x469.jpeg","datePublished":"2025-01-11T11:00:01+00:00","dateModified":"2025-12-18T11:13:44+00:00","description":"All turistinformation om London som du beh\u00f6ver f\u00f6r att f\u00e5 ut det mesta av din vistelse i denna kulturella och historiska huvudstad.","inLanguage":"sv-SE","potentialAction":[{"@type":"ReadAction","target":["https:\/\/uk-gb.net\/sv\/london\/"]}]},{"@type":"ImageObject","inLanguage":"sv-SE","@id":"https:\/\/uk-gb.net\/sv\/london\/#primaryimage","url":"https:\/\/uk-gb.net\/wp-content\/uploads\/2025\/01\/London-1024x469.jpeg","contentUrl":"https:\/\/uk-gb.net\/wp-content\/uploads\/2025\/01\/London-1024x469.jpeg"},{"@type":"WebSite","@id":"https:\/\/uk-gb.net\/sv\/#website","url":"https:\/\/uk-gb.net\/sv\/","name":"UK GB","description":"Travel to the UK","potentialAction":[{"@type":"SearchAction","target":{"@type":"EntryPoint","urlTemplate":"https:\/\/uk-gb.net\/sv\/?s={search_term_string}"},"query-input":{"@type":"PropertyValueSpecification","valueRequired":true,"valueName":"search_term_string"}}],"inLanguage":"sv-SE"}]}},"_links":{"self":[{"href":"https:\/\/uk-gb.net\/sv\/wp-json\/wp\/v2\/pages\/3911","targetHints":{"allow":["GET"]}}],"collection":[{"href":"https:\/\/uk-gb.net\/sv\/wp-json\/wp\/v2\/pages"}],"about":[{"href":"https:\/\/uk-gb.net\/sv\/wp-json\/wp\/v2\/types\/page"}],"author":[{"embeddable":true,"href":"https:\/\/uk-gb.net\/sv\/wp-json\/wp\/v2\/users\/1"}],"replies":[{"embeddable":true,"href":"https:\/\/uk-gb.net\/sv\/wp-json\/wp\/v2\/comments?post=3911"}],"version-history":[{"count":0,"href":"https:\/\/uk-gb.net\/sv\/wp-json\/wp\/v2\/pages\/3911\/revisions"}],"wp:attachment":[{"href":"https:\/\/uk-gb.net\/sv\/wp-json\/wp\/v2\/media?parent=3911"}],"curies":[{"name":"wp","href":"https:\/\/api.w.org\/{rel}","templated":true}]}}