{"id":2492,"date":"2023-12-07T15:10:50","date_gmt":"2023-12-07T15:10:50","guid":{"rendered":"https:\/\/uk-gb.net\/storbritannien-familjevisum\/"},"modified":"2026-01-06T14:16:28","modified_gmt":"2026-01-06T14:16:28","slug":"storbritannien-familjevisum","status":"publish","type":"page","link":"https:\/\/uk-gb.net\/sv\/storbritannien-familjevisum\/","title":{"rendered":"Familjevisum f\u00f6r Storbritannien"},"content":{"rendered":"\n<h1 class=\"wp-block-heading\">Familjevisum f\u00f6r resor till Storbritannien<\/h1>\n\n<p>Det brittiska familjevisumet g\u00f6r det m\u00f6jligt f\u00f6r en utl\u00e4ndsk medborgare att ansluta sig till en familjemedlem som bor lagligt i Storbritannien. Detta visum g\u00e4ller f\u00f6r makar, barn, f\u00f6r\u00e4ldrar och andra n\u00e4ra familjemedlemmar. H\u00e4r \u00e4r en fullst\u00e4ndig guide till villkoren, f\u00f6rfarandet och typerna av familjevisum som \u00e4r tillg\u00e4ngliga f\u00f6r att komma till Storbritannien.  <\/p>\n\n<p><strong>F\u00f6r korta vistelser <\/strong>: Du beh\u00f6ver inte skaffa visum utan fyller bara i <a href=\"https:\/\/uk-gb.net\/sv\/online-formular-eta-visering-england-fk\/\">ETA-formul\u00e4ret online<\/a>.<\/p>\n\n<div style=\"height:10px\" aria-hidden=\"true\" class=\"wp-block-spacer\"><\/div>\n\n<h2 class=\"wp-block-heading\">Vem kan ans\u00f6ka om familjevisum till Storbritannien?<\/h2>\n\n<p>Familjevisumet g\u00e4ller f\u00f6r flera situationer. Du kan ans\u00f6ka om ett s\u00e5dant om du vill : <\/p>\n\n<ul class=\"wp-block-list\">\n<li>Ansluta dig till din make\/maka eller registrerade partner som bor i Storbritannien ;<\/li>\n\n\n\n<li>Bor med en brittisk f\u00f6r\u00e4lder eller ett brittiskt barn eller \u00e4r lagligen bosatt i Storbritannien;<\/li>\n\n\n\n<li>G\u00e5 med en ogift partner om du har varit i ett stabilt f\u00f6rh\u00e5llande i minst 2 \u00e5r;<\/li>\n\n\n\n<li>Ledsaga en familjemedlem som har flyktingstatus eller humanit\u00e4rt skydd i Storbritannien.<\/li>\n<\/ul>\n\n<p>Den familjemedlem du ansluter m\u00e5ste i allm\u00e4nhet vara brittisk medborgare, ha permanent uppeh\u00e5llstillst\u00e5nd (ILR) eller ha flyktingstatus.<\/p>\n\n<div style=\"height:10px\" aria-hidden=\"true\" class=\"wp-block-spacer\"><\/div>\n\n<p>Sedan 2024 har Storbritannien inf\u00f6rt det <a href=\"https:\/\/uk-gb.net\/sv\/eta-england-forenade-kungariket\/\">brittiska ETA-systemet<\/a>. Beh\u00f6riga utl\u00e4ndska resen\u00e4rer kan nu resa <a href=\"https:\/\/uk-gb.net\/sv\/olika-brittiska-visum\/\">visumfritt till Storbritannien<\/a>.<\/p>\n\n<p><strong>F\u00f6r att g\u00f6ra en ETA-beg\u00e4ran<\/strong> <a href=\"https:\/\/uk-gb.net\/sv\/online-formular-eta-visering-england-fk\/\">online fyller du bara i ETA-formul\u00e4ret online<\/a>.<\/p>\n\n<div style=\"height:10px\" aria-hidden=\"true\" class=\"wp-block-spacer\"><\/div>\n\n<h2 class=\"wp-block-heading\">Beh\u00f6righetskriterier f\u00f6r familjevisum<\/h2>\n\n<p>F\u00f6r att vara ber\u00e4ttigad till ett <a href=\"https:\/\/www.gov.uk\/uk-family-visa\">brittiskt familjevisum<\/a> m\u00e5ste du uppfylla minst f\u00f6ljande villkor:<\/p>\n\n<ul class=\"wp-block-list\">\n<li>Ha ett genuint och erk\u00e4nt f\u00f6rh\u00e5llande med en brittisk medborgare eller permanent bosatt i landet.<\/li>\n\n\n\n<li>Bevisa att du har tillr\u00e4ckliga ekonomiska resurser f\u00f6r att tillgodose dina behov utan att anv\u00e4nda offentliga medel.<\/li>\n\n\n\n<li>Tillr\u00e4ckliga kunskaper i engelska.<\/li>\n\n\n\n<li>Uppvisa bevis p\u00e5 boende i England.<\/li>\n<\/ul>\n\n<div style=\"height:10px\" aria-hidden=\"true\" class=\"wp-block-spacer\"><\/div>\n\n<h2 class=\"wp-block-heading\">Steg f\u00f6r att ans\u00f6ka om familjevisum<\/h2>\n\n<ol class=\"wp-block-list\">\n<li>Fyll i <a href=\"https:\/\/uk-gb.net\/sv\/ansokningsforfarande-visa-fk\/\">formul\u00e4ret f\u00f6r visumans\u00f6kan online<\/a> p\u00e5 den brittiska regeringens webbplats.<\/li>\n\n\n\n<li>F\u00f6rbered alla n\u00f6dv\u00e4ndiga dokument, inklusive bevis p\u00e5 f\u00f6rh\u00e5llandet, ekonomiska bevis och resultat fr\u00e5n spr\u00e5ktest.<\/li>\n\n\n\n<li>L\u00e4mna in ans\u00f6kan online och betala den till\u00e4mpliga <a href=\"https:\/\/uk-gb.net\/sv\/kostnader-visum-resa-england\/\">visumavgiften<\/a>.<\/li>\n\n\n\n<li>Boka tid p\u00e5 ett visumans\u00f6kningscenter f\u00f6r att l\u00e4mna fingeravtryck och ett foto.<\/li>\n<\/ol>\n\n<div style=\"height:10px\" aria-hidden=\"true\" class=\"wp-block-spacer\"><\/div>\n\n<p>Det kan ta flera veckor innan visumans\u00f6kan behandlas och ett beslut fattas.<\/p>\n\n<h2 class=\"wp-block-heading\">Dokument som ska l\u00e4mnas in vid ans\u00f6kan om visum<\/h2>\n\n<p>De dokument som minst kr\u00e4vs f\u00f6r en ans\u00f6kan om familjevisum \u00e4r :<\/p>\n\n<ul class=\"wp-block-list\">\n<li>Ett giltigt pass.<\/li>\n\n\n\n<li>Bevis p\u00e5 relation (vigselbevis, f\u00f6delsebevis etc.).<\/li>\n\n\n\n<li>Bevis p\u00e5 ekonomiska resurser (kontoutdrag, brev fr\u00e5n arbetsgivare).<\/li>\n\n\n\n<li>Spr\u00e5kprov i engelska (om till\u00e4mpligt).<\/li>\n\n\n\n<li>Bevis p\u00e5 boende i England.<\/li>\n<\/ul>\n","protected":false},"excerpt":{"rendered":"<p>Familjevisum f\u00f6r resor till Storbritannien Det brittiska familjevisumet g\u00f6r det m\u00f6jligt f\u00f6r en utl\u00e4ndsk medborgare att ansluta sig till en familjemedlem som bor lagligt i Storbritannien. Detta visum g\u00e4ller f\u00f6r makar, barn, f\u00f6r\u00e4ldrar och andra n\u00e4ra familjemedlemmar. H\u00e4r \u00e4r en fullst\u00e4ndig guide till villkoren, f\u00f6rfarandet och typerna av familjevisum som \u00e4r tillg\u00e4ngliga f\u00f6r att komma [&hellip;]<\/p>\n","protected":false},"author":1,"featured_media":0,"parent":0,"menu_order":0,"comment_status":"closed","ping_status":"closed","template":"","meta":{"footnotes":""},"class_list":["post-2492","page","type-page","status-publish","hentry"],"yoast_head":"<!-- This site is optimized with the Yoast SEO plugin v27.3 - https:\/\/yoast.com\/product\/yoast-seo-wordpress\/ -->\n<title>Familjevisum f\u00f6r Storbritannien - UK GB<\/title>\n<meta name=\"description\" content=\"Skaffa ett familjevisum f\u00f6r att vistas i England och Storbritannien under den tid som visumet g\u00e4ller\" \/>\n<meta name=\"robots\" content=\"index, follow, max-snippet:-1, max-image-preview:large, max-video-preview:-1\" \/>\n<link rel=\"canonical\" href=\"https:\/\/uk-gb.net\/sv\/storbritannien-familjevisum\/\" \/>\n<meta property=\"og:locale\" content=\"sv_SE\" \/>\n<meta property=\"og:type\" content=\"article\" \/>\n<meta property=\"og:title\" content=\"Familjevisum f\u00f6r Storbritannien - UK GB\" \/>\n<meta property=\"og:description\" content=\"Skaffa ett familjevisum f\u00f6r att vistas i England och Storbritannien under den tid som visumet g\u00e4ller\" \/>\n<meta property=\"og:url\" content=\"https:\/\/uk-gb.net\/sv\/storbritannien-familjevisum\/\" \/>\n<meta property=\"og:site_name\" content=\"UK GB\" \/>\n<meta property=\"article:modified_time\" content=\"2026-01-06T14:16:28+00:00\" \/>\n<meta name=\"twitter:card\" content=\"summary_large_image\" \/>\n<meta name=\"twitter:label1\" content=\"Ber\u00e4knad l\u00e4stid\" \/>\n\t<meta name=\"twitter:data1\" content=\"2 minuter\" \/>\n<script type=\"application\/ld+json\" class=\"yoast-schema-graph\">{\"@context\":\"https:\\\/\\\/schema.org\",\"@graph\":[{\"@type\":\"WebPage\",\"@id\":\"https:\\\/\\\/uk-gb.net\\\/sv\\\/storbritannien-familjevisum\\\/\",\"url\":\"https:\\\/\\\/uk-gb.net\\\/sv\\\/storbritannien-familjevisum\\\/\",\"name\":\"Familjevisum f\u00f6r Storbritannien - UK GB\",\"isPartOf\":{\"@id\":\"https:\\\/\\\/uk-gb.net\\\/sv\\\/#website\"},\"datePublished\":\"2023-12-07T15:10:50+00:00\",\"dateModified\":\"2026-01-06T14:16:28+00:00\",\"description\":\"Skaffa ett familjevisum f\u00f6r att vistas i England och Storbritannien under den tid som visumet g\u00e4ller\",\"inLanguage\":\"sv-SE\",\"potentialAction\":[{\"@type\":\"ReadAction\",\"target\":[\"https:\\\/\\\/uk-gb.net\\\/sv\\\/storbritannien-familjevisum\\\/\"]}]},{\"@type\":\"WebSite\",\"@id\":\"https:\\\/\\\/uk-gb.net\\\/sv\\\/#website\",\"url\":\"https:\\\/\\\/uk-gb.net\\\/sv\\\/\",\"name\":\"UK GB\",\"description\":\"Travel to the UK\",\"potentialAction\":[{\"@type\":\"SearchAction\",\"target\":{\"@type\":\"EntryPoint\",\"urlTemplate\":\"https:\\\/\\\/uk-gb.net\\\/sv\\\/?s={search_term_string}\"},\"query-input\":{\"@type\":\"PropertyValueSpecification\",\"valueRequired\":true,\"valueName\":\"search_term_string\"}}],\"inLanguage\":\"sv-SE\"}]}<\/script>\n<!-- \/ Yoast SEO plugin. -->","yoast_head_json":{"title":"Familjevisum f\u00f6r Storbritannien - UK GB","description":"Skaffa ett familjevisum f\u00f6r att vistas i England och Storbritannien under den tid som visumet g\u00e4ller","robots":{"index":"index","follow":"follow","max-snippet":"max-snippet:-1","max-image-preview":"max-image-preview:large","max-video-preview":"max-video-preview:-1"},"canonical":"https:\/\/uk-gb.net\/sv\/storbritannien-familjevisum\/","og_locale":"sv_SE","og_type":"article","og_title":"Familjevisum f\u00f6r Storbritannien - UK GB","og_description":"Skaffa ett familjevisum f\u00f6r att vistas i England och Storbritannien under den tid som visumet g\u00e4ller","og_url":"https:\/\/uk-gb.net\/sv\/storbritannien-familjevisum\/","og_site_name":"UK GB","article_modified_time":"2026-01-06T14:16:28+00:00","twitter_card":"summary_large_image","twitter_misc":{"Ber\u00e4knad l\u00e4stid":"2 minuter"},"schema":{"@context":"https:\/\/schema.org","@graph":[{"@type":"WebPage","@id":"https:\/\/uk-gb.net\/sv\/storbritannien-familjevisum\/","url":"https:\/\/uk-gb.net\/sv\/storbritannien-familjevisum\/","name":"Familjevisum f\u00f6r Storbritannien - UK GB","isPartOf":{"@id":"https:\/\/uk-gb.net\/sv\/#website"},"datePublished":"2023-12-07T15:10:50+00:00","dateModified":"2026-01-06T14:16:28+00:00","description":"Skaffa ett familjevisum f\u00f6r att vistas i England och Storbritannien under den tid som visumet g\u00e4ller","inLanguage":"sv-SE","potentialAction":[{"@type":"ReadAction","target":["https:\/\/uk-gb.net\/sv\/storbritannien-familjevisum\/"]}]},{"@type":"WebSite","@id":"https:\/\/uk-gb.net\/sv\/#website","url":"https:\/\/uk-gb.net\/sv\/","name":"UK GB","description":"Travel to the UK","potentialAction":[{"@type":"SearchAction","target":{"@type":"EntryPoint","urlTemplate":"https:\/\/uk-gb.net\/sv\/?s={search_term_string}"},"query-input":{"@type":"PropertyValueSpecification","valueRequired":true,"valueName":"search_term_string"}}],"inLanguage":"sv-SE"}]}},"_links":{"self":[{"href":"https:\/\/uk-gb.net\/sv\/wp-json\/wp\/v2\/pages\/2492","targetHints":{"allow":["GET"]}}],"collection":[{"href":"https:\/\/uk-gb.net\/sv\/wp-json\/wp\/v2\/pages"}],"about":[{"href":"https:\/\/uk-gb.net\/sv\/wp-json\/wp\/v2\/types\/page"}],"author":[{"embeddable":true,"href":"https:\/\/uk-gb.net\/sv\/wp-json\/wp\/v2\/users\/1"}],"replies":[{"embeddable":true,"href":"https:\/\/uk-gb.net\/sv\/wp-json\/wp\/v2\/comments?post=2492"}],"version-history":[{"count":0,"href":"https:\/\/uk-gb.net\/sv\/wp-json\/wp\/v2\/pages\/2492\/revisions"}],"wp:attachment":[{"href":"https:\/\/uk-gb.net\/sv\/wp-json\/wp\/v2\/media?parent=2492"}],"curies":[{"name":"wp","href":"https:\/\/api.w.org\/{rel}","templated":true}]}}