{"id":2442,"date":"2023-12-07T16:36:32","date_gmt":"2023-12-07T16:36:32","guid":{"rendered":"https:\/\/uk-gb.net\/barnvisum-england-storbritannien\/"},"modified":"2026-01-05T15:30:57","modified_gmt":"2026-01-05T15:30:57","slug":"barnvisum-england-storbritannien","status":"publish","type":"page","link":"https:\/\/uk-gb.net\/sv\/barnvisum-england-storbritannien\/","title":{"rendered":"Visum f\u00f6r barn f\u00f6r resor till England och F\u00f6renade kungariket"},"content":{"rendered":"\n<p>Barn, liksom vuxna, beh\u00f6ver visum f\u00f6r att resa in i England om de inte \u00e4r medborgare i ett visumbefriat land. Kraven kan variera beroende p\u00e5 barnets nationalitet och l\u00e4ngden p\u00e5 den planerade vistelsen. <\/p>\n\n<p><strong>F\u00f6r en kortvarig vistelse i Storbritannien<\/strong>: Du beh\u00f6ver inte skaffa ett barnvisum om du \u00e4r medborgare i ett <a href=\"https:\/\/uk-gb.net\/sv\/land-som-kan-rekvirera-eta-forenat-kungarike\/\">land som \u00e4r ber\u00e4ttigat till UK ETA<\/a>. Fyll bara i <a href=\"https:\/\/uk-gb.net\/sv\/online-formular-eta-visering-england-fk\/\">eTA-formul\u00e4ret online<\/a> f\u00f6r ditt barns r\u00e4kning.<\/p>\n\n<div style=\"height:10px\" aria-hidden=\"true\" class=\"wp-block-spacer\"><\/div>\n\n<h2 class=\"wp-block-heading\">Vilka typer av brittiska visum finns tillg\u00e4ngliga f\u00f6r barn?<\/h2>\n\n<h3 class=\"wp-block-heading\">Turistvisum f\u00f6r barn<\/h3>\n\n<p>Det <a href=\"https:\/\/uk-gb.net\/sv\/turistbesok-england-forenade-kungariket\/\">brittiska turistvisumet<\/a> \u00e4r den vanligaste typen av visum f\u00f6r barn som reser till England p\u00e5 semester eller f\u00f6r att bes\u00f6ka v\u00e4nner och familj. Detta visum till\u00e5ter en vistelse p\u00e5 sex m\u00e5nader.<\/p>\n\n<h3 class=\"wp-block-heading\">Studentvisum f\u00f6r ett barn<\/h3>\n\n<p>Om ditt barn planerar att studera i England beh\u00f6ver han eller hon ett <a href=\"https:\/\/uk-gb.net\/sv\/studentvisum-england-forenta-kungariket\/\">brittiskt studentvisum<\/a>. Det finns olika typer av studentvisum, beroende p\u00e5 barnets \u00e5lder och l\u00e4ngden p\u00e5 studierna.<\/p>\n\n<h3 class=\"wp-block-heading\">Familjevisum som g\u00f6r det m\u00f6jligt f\u00f6r ett barn att resa till Storbritannien<\/h3>\n\n<p>F\u00f6r barn som ansluter sig till sina f\u00f6r\u00e4ldrar eller v\u00e5rdnadshavare som bor i England kan ett <a href=\"https:\/\/uk-gb.net\/sv\/storbritannien-familjevisum\/\">engelskt familjevisum<\/a> kr\u00e4vas. Denna typ av visum anv\u00e4nds i allm\u00e4nhet f\u00f6r l\u00e5ngtidsvistelser.<\/p>\n\n<h2 class=\"wp-block-heading\">Visumans\u00f6kan f\u00f6r ett minder\u00e5rigt barn<\/h2>\n\n<h3 class=\"wp-block-heading\">Handlingar som kr\u00e4vs f\u00f6r att ans\u00f6ka om visum f\u00f6r barn<\/h3>\n\n<p>H\u00e4r \u00e4r listan \u00f6ver dokument som kr\u00e4vs n\u00e4r du ans\u00f6ker om visum f\u00f6r ett minder\u00e5rigt barn:<\/p>\n\n<ul class=\"wp-block-list\">\n<li>Ett giltigt pass f\u00f6r barnet.<\/li>\n\n\n\n<li>Ett nytaget passfoto.<\/li>\n\n\n\n<li>Ifylld ans\u00f6kningsblankett f\u00f6r visum.<\/li>\n\n\n\n<li>Bevis p\u00e5 tillr\u00e4ckliga finansiella resurser.<\/li>\n\n\n\n<li>Ett inbjudningsbrev (om till\u00e4mpligt).<\/li>\n\n\n\n<li>Bevis p\u00e5 inskrivning i skola (f\u00f6r studentvisum).<\/li>\n<\/ul>\n\n<div style=\"height:10px\" aria-hidden=\"true\" class=\"wp-block-spacer\"><\/div>\n\n<h3 class=\"wp-block-heading\">Steg f\u00f6r att ans\u00f6ka om visum f\u00f6r ett barn<\/h3>\n\n<ul class=\"wp-block-list\">\n<li>Fyll i formul\u00e4ret f\u00f6r visumans\u00f6kan online p\u00e5 den brittiska regeringens webbplats.<\/li>\n\n\n\n<li>Boka <a href=\"https:\/\/uk-gb.net\/sv\/visumbokning-vid-den-brittiska-ambassaden\/\">tid f\u00f6r att ans\u00f6ka om visum<\/a> p\u00e5 ett visumcenter f\u00f6r att l\u00e4mna in de dokument som kr\u00e4vs och barnets biometriska data.<\/li>\n\n\n\n<li>Betala <a href=\"https:\/\/uk-gb.net\/sv\/kostnader-visum-resa-england\/\">viseringsavgifter<\/a> beroende p\u00e5 typ av visum och vistelsens l\u00e4ngd.<\/li>\n\n\n\n<li>V\u00e4nta n\u00e5gra veckor p\u00e5 att visumans\u00f6kningarna ska behandlas innan du fattar ett slutgiltigt beslut.<\/li>\n<\/ul>\n\n<div style=\"height:10px\" aria-hidden=\"true\" class=\"wp-block-spacer\"><\/div>\n\n<div style=\"height:10px\" aria-hidden=\"true\" class=\"wp-block-spacer\"><\/div>\n","protected":false},"excerpt":{"rendered":"<p>Barn, liksom vuxna, beh\u00f6ver visum f\u00f6r att resa in i England om de inte \u00e4r medborgare i ett visumbefriat land. Kraven kan variera beroende p\u00e5 barnets nationalitet och l\u00e4ngden p\u00e5 den planerade vistelsen. F\u00f6r en kortvarig vistelse i Storbritannien: Du beh\u00f6ver inte skaffa ett barnvisum om du \u00e4r medborgare i ett land som \u00e4r ber\u00e4ttigat [&hellip;]<\/p>\n","protected":false},"author":1,"featured_media":0,"parent":0,"menu_order":0,"comment_status":"closed","ping_status":"closed","template":"","meta":{"footnotes":""},"class_list":["post-2442","page","type-page","status-publish","hentry"],"yoast_head":"<!-- This site is optimized with the Yoast SEO plugin v27.3 - https:\/\/yoast.com\/product\/yoast-seo-wordpress\/ -->\n<title>Visum f\u00f6r barn f\u00f6r resor till England och F\u00f6renade kungariket - UK GB<\/title>\n<meta name=\"description\" content=\"Om du f\u00e5r ett resevisum f\u00f6r barn till England kan du resa till Storbritannien under en viss tidsperiod.\" \/>\n<meta name=\"robots\" content=\"index, follow, max-snippet:-1, max-image-preview:large, max-video-preview:-1\" \/>\n<link rel=\"canonical\" href=\"https:\/\/uk-gb.net\/sv\/barnvisum-england-storbritannien\/\" \/>\n<meta property=\"og:locale\" content=\"sv_SE\" \/>\n<meta property=\"og:type\" content=\"article\" \/>\n<meta property=\"og:title\" content=\"Visum f\u00f6r barn f\u00f6r resor till England och F\u00f6renade kungariket - UK GB\" \/>\n<meta property=\"og:description\" content=\"Om du f\u00e5r ett resevisum f\u00f6r barn till England kan du resa till Storbritannien under en viss tidsperiod.\" \/>\n<meta property=\"og:url\" content=\"https:\/\/uk-gb.net\/sv\/barnvisum-england-storbritannien\/\" \/>\n<meta property=\"og:site_name\" content=\"UK GB\" \/>\n<meta property=\"article:modified_time\" content=\"2026-01-05T15:30:57+00:00\" \/>\n<meta name=\"twitter:card\" content=\"summary_large_image\" \/>\n<meta name=\"twitter:label1\" content=\"Ber\u00e4knad l\u00e4stid\" \/>\n\t<meta name=\"twitter:data1\" content=\"2 minuter\" \/>\n<script type=\"application\/ld+json\" class=\"yoast-schema-graph\">{\"@context\":\"https:\\\/\\\/schema.org\",\"@graph\":[{\"@type\":\"WebPage\",\"@id\":\"https:\\\/\\\/uk-gb.net\\\/sv\\\/barnvisum-england-storbritannien\\\/\",\"url\":\"https:\\\/\\\/uk-gb.net\\\/sv\\\/barnvisum-england-storbritannien\\\/\",\"name\":\"Visum f\u00f6r barn f\u00f6r resor till England och F\u00f6renade kungariket - UK GB\",\"isPartOf\":{\"@id\":\"https:\\\/\\\/uk-gb.net\\\/sv\\\/#website\"},\"datePublished\":\"2023-12-07T16:36:32+00:00\",\"dateModified\":\"2026-01-05T15:30:57+00:00\",\"description\":\"Om du f\u00e5r ett resevisum f\u00f6r barn till England kan du resa till Storbritannien under en viss tidsperiod.\",\"inLanguage\":\"sv-SE\",\"potentialAction\":[{\"@type\":\"ReadAction\",\"target\":[\"https:\\\/\\\/uk-gb.net\\\/sv\\\/barnvisum-england-storbritannien\\\/\"]}]},{\"@type\":\"WebSite\",\"@id\":\"https:\\\/\\\/uk-gb.net\\\/sv\\\/#website\",\"url\":\"https:\\\/\\\/uk-gb.net\\\/sv\\\/\",\"name\":\"UK GB\",\"description\":\"Travel to the UK\",\"potentialAction\":[{\"@type\":\"SearchAction\",\"target\":{\"@type\":\"EntryPoint\",\"urlTemplate\":\"https:\\\/\\\/uk-gb.net\\\/sv\\\/?s={search_term_string}\"},\"query-input\":{\"@type\":\"PropertyValueSpecification\",\"valueRequired\":true,\"valueName\":\"search_term_string\"}}],\"inLanguage\":\"sv-SE\"}]}<\/script>\n<!-- \/ Yoast SEO plugin. -->","yoast_head_json":{"title":"Visum f\u00f6r barn f\u00f6r resor till England och F\u00f6renade kungariket - UK GB","description":"Om du f\u00e5r ett resevisum f\u00f6r barn till England kan du resa till Storbritannien under en viss tidsperiod.","robots":{"index":"index","follow":"follow","max-snippet":"max-snippet:-1","max-image-preview":"max-image-preview:large","max-video-preview":"max-video-preview:-1"},"canonical":"https:\/\/uk-gb.net\/sv\/barnvisum-england-storbritannien\/","og_locale":"sv_SE","og_type":"article","og_title":"Visum f\u00f6r barn f\u00f6r resor till England och F\u00f6renade kungariket - UK GB","og_description":"Om du f\u00e5r ett resevisum f\u00f6r barn till England kan du resa till Storbritannien under en viss tidsperiod.","og_url":"https:\/\/uk-gb.net\/sv\/barnvisum-england-storbritannien\/","og_site_name":"UK GB","article_modified_time":"2026-01-05T15:30:57+00:00","twitter_card":"summary_large_image","twitter_misc":{"Ber\u00e4knad l\u00e4stid":"2 minuter"},"schema":{"@context":"https:\/\/schema.org","@graph":[{"@type":"WebPage","@id":"https:\/\/uk-gb.net\/sv\/barnvisum-england-storbritannien\/","url":"https:\/\/uk-gb.net\/sv\/barnvisum-england-storbritannien\/","name":"Visum f\u00f6r barn f\u00f6r resor till England och F\u00f6renade kungariket - UK GB","isPartOf":{"@id":"https:\/\/uk-gb.net\/sv\/#website"},"datePublished":"2023-12-07T16:36:32+00:00","dateModified":"2026-01-05T15:30:57+00:00","description":"Om du f\u00e5r ett resevisum f\u00f6r barn till England kan du resa till Storbritannien under en viss tidsperiod.","inLanguage":"sv-SE","potentialAction":[{"@type":"ReadAction","target":["https:\/\/uk-gb.net\/sv\/barnvisum-england-storbritannien\/"]}]},{"@type":"WebSite","@id":"https:\/\/uk-gb.net\/sv\/#website","url":"https:\/\/uk-gb.net\/sv\/","name":"UK GB","description":"Travel to the UK","potentialAction":[{"@type":"SearchAction","target":{"@type":"EntryPoint","urlTemplate":"https:\/\/uk-gb.net\/sv\/?s={search_term_string}"},"query-input":{"@type":"PropertyValueSpecification","valueRequired":true,"valueName":"search_term_string"}}],"inLanguage":"sv-SE"}]}},"_links":{"self":[{"href":"https:\/\/uk-gb.net\/sv\/wp-json\/wp\/v2\/pages\/2442","targetHints":{"allow":["GET"]}}],"collection":[{"href":"https:\/\/uk-gb.net\/sv\/wp-json\/wp\/v2\/pages"}],"about":[{"href":"https:\/\/uk-gb.net\/sv\/wp-json\/wp\/v2\/types\/page"}],"author":[{"embeddable":true,"href":"https:\/\/uk-gb.net\/sv\/wp-json\/wp\/v2\/users\/1"}],"replies":[{"embeddable":true,"href":"https:\/\/uk-gb.net\/sv\/wp-json\/wp\/v2\/comments?post=2442"}],"version-history":[{"count":0,"href":"https:\/\/uk-gb.net\/sv\/wp-json\/wp\/v2\/pages\/2442\/revisions"}],"wp:attachment":[{"href":"https:\/\/uk-gb.net\/sv\/wp-json\/wp\/v2\/media?parent=2442"}],"curies":[{"name":"wp","href":"https:\/\/api.w.org\/{rel}","templated":true}]}}