{"id":2418,"date":"2023-12-07T14:57:24","date_gmt":"2023-12-07T14:57:24","guid":{"rendered":"https:\/\/uk-gb.net\/affarsvisum-for-england-storbritannien\/"},"modified":"2025-12-18T14:35:46","modified_gmt":"2025-12-18T14:35:46","slug":"affarsvisum-for-england-storbritannien","status":"publish","type":"page","link":"https:\/\/uk-gb.net\/sv\/affarsvisum-for-england-storbritannien\/","title":{"rendered":"Brittiskt aff\u00e4rsvisum f\u00f6r att stanna i Storbritannien"},"content":{"rendered":"\n<h1 class=\"wp-block-heading\">Aff\u00e4rsvisum f\u00f6r F\u00f6renade kungariket<\/h1>\n\n<p>Det <strong>brittiska aff\u00e4rsvisumet<\/strong> (Standard Visitor Visa &#8211; Business category) g\u00f6r det m\u00f6jligt f\u00f6r utl\u00e4ndska yrkesut\u00f6vare att vistas tillf\u00e4lligt i Storbritannien f\u00f6r aff\u00e4rs-, akademiska eller samarbets\u00e4ndam\u00e5l. Det ger inte innehavaren r\u00e4tt att arbeta f\u00f6r ett brittiskt f\u00f6retag, men till\u00e5ter vissa v\u00e4ldefinierade uppdrag. <\/p>\n\n<p><strong>F\u00f6r en vistelse p\u00e5 mindre \u00e4n 6 m\u00e5nader<\/strong>: Du beh\u00f6ver inte skaffa ett aff\u00e4rsvisum utan ans\u00f6ker bara om ett ETA (Electronic Travel Authorisation) genom att fylla i <a href=\"https:\/\/uk-gb.net\/sv\/online-formular-eta-visering-england-fk\/\">ETA-formul\u00e4ret online<\/a>.<\/p>\n\n<div style=\"height:10px\" aria-hidden=\"true\" class=\"wp-block-spacer\"><\/div>\n\n<h2 class=\"wp-block-heading\">Vad \u00e4r syftet med ett brittiskt aff\u00e4rsvisum?<\/h2>\n\n<p>Aff\u00e4rsvisumet \u00e4r utformat f\u00f6r bes\u00f6kare som vill bes\u00f6ka Storbritannien <strong>p\u00e5 professionell basis<\/strong> utan att ta avl\u00f6nad anst\u00e4llning lokalt. Det \u00e4r avsett f\u00f6r f\u00f6retagsledare, representanter, forskare, f\u00f6rel\u00e4sare, investerare eller medlemmar i ett utl\u00e4ndskt f\u00f6retag med kopplingar till brittiska enheter. <\/p>\n\n<p>I synnerhet g\u00f6r det det m\u00f6jligt f\u00f6r dig att :<\/p>\n\n<ul class=\"wp-block-list\">\n<li>Delta i <strong>m\u00f6ten<\/strong>, <strong>konferenser<\/strong> eller <strong>m\u00e4ssor<\/strong><\/li>\n\n\n\n<li>Undertecknande av <strong>kommersiella avtal<\/strong><\/li>\n\n\n\n<li>Genomf\u00f6ra <strong>revisioner<\/strong>, <strong>inspektioner<\/strong> och <strong>f\u00f6rhandlingar<\/strong><\/li>\n\n\n\n<li>H\u00e5lla ett <strong>f\u00f6redrag<\/strong> eller delta i ett seminarium<\/li>\n\n\n\n<li>G\u00e5 en <strong>kort kurs<\/strong> (obetald av en brittisk arbetsgivare)<\/li>\n\n\n\n<li>Utf\u00f6ra vissa <strong>vetenskapliga eller akademiska uppdrag<\/strong> f\u00f6r erk\u00e4nda universitet eller institut<\/li>\n<\/ul>\n\n<div style=\"height:10px\" aria-hidden=\"true\" class=\"wp-block-spacer\"><\/div>\n\n<h2 class=\"wp-block-heading\">Vem kan ans\u00f6ka om ett brittiskt aff\u00e4rsvisum?<\/h2>\n\n<p>Aff\u00e4rsvisumet \u00e4r \u00f6ppet f\u00f6r alla utl\u00e4ndska medborgare som inte \u00e4r ber\u00e4ttigade till ett <a href=\"https:\/\/uk-gb.net\/sv\/eta-england-forenade-kungariket\/\">elektroniskt resetillst\u00e5nd ETA<\/a>, eller som vill s\u00e4kra en r\u00e4ttslig ram f\u00f6r specifika aff\u00e4rsverksamheter.<\/p>\n\n<p>Medborgare i EU, USA, Kanada och andra l\u00e4nder som \u00e4r undantagna fr\u00e5n viseringskrav kan i vissa fall resa in utan visum f\u00f6r begr\u00e4nsad aff\u00e4rsverksamhet, men <strong>visum rekommenderas<\/strong> f\u00f6r upprepade, l\u00e5ngvariga eller k\u00e4nsliga uppdrag.<\/p>\n\n<h2 class=\"wp-block-heading\">Hur ans\u00f6ker jag?<\/h2>\n\n<p>De viktigaste stegen i det <a href=\"https:\/\/uk-gb.net\/sv\/ansokningsforfarande-visa-fk\/\">brittiska viseringsf\u00f6rfarandet<\/a> \u00e4r f\u00f6ljande:<\/p>\n\n<ol class=\"wp-block-list\">\n<li>Bes\u00f6k den officiella webbplatsen <a href=\"https:\/\/www.gov.uk\/uk-expansion-worker-visa\">gov.uk<\/a><\/li>\n\n\n\n<li>Fyll i <strong>onlineformul\u00e4ret<\/strong><\/li>\n\n\n\n<li><a href=\"https:\/\/uk-gb.net\/sv\/kostnader-visum-resa-england\/\">Betala visumavgifter<\/a> online<\/li>\n\n\n\n<li>Boka <strong>tid<\/strong> p\u00e5 <strong>ett visumans\u00f6kningscenter<\/strong> f\u00f6r biometrisk registrering<\/li>\n\n\n\n<li>L\u00e4mna in dina <strong>styrkande handlingar<\/strong><\/li>\n\n\n\n<li>F\u00f6lj din ans\u00f6kan \u00e4nda fram till det slutliga beslutet<\/li>\n<\/ol>\n\n<div style=\"height:10px\" aria-hidden=\"true\" class=\"wp-block-spacer\"><\/div>\n\n<h2 class=\"wp-block-heading\">Kostnad f\u00f6r aff\u00e4rsvisum till Storbritannien<\/h2>\n\n<figure class=\"wp-block-table\"><table><tbody><tr><td><strong>Standardvisering f\u00f6r bes\u00f6kare<\/strong><\/td><td class=\"has-text-align-center\" data-align=\"center\"><strong>Visumavgifter<\/strong><\/td><\/tr><tr><td>Visum f\u00f6r en vistelse p\u00e5 h\u00f6gst 6 m\u00e5nader<\/td><td class=\"has-text-align-center\" data-align=\"center\">115 \u00a3<\/td><\/tr><tr><td>2-\u00e5rigt visum<\/td><td class=\"has-text-align-center\" data-align=\"center\">400 \u00a3<\/td><\/tr><tr><td>5-\u00e5rigt visum<\/td><td class=\"has-text-align-center\" data-align=\"center\">771 \u00a3<\/td><\/tr><tr><td>10 \u00e5rs visum<\/td><td class=\"has-text-align-center\" data-align=\"center\">963 \u00a3<\/td><\/tr><\/tbody><\/table><figcaption class=\"wp-element-caption\">Tabell \u00f6ver avgifter f\u00f6r aff\u00e4rsvisum<\/figcaption><\/figure>\n\n<p>F\u00f6r mer information, se v\u00e5r sida med en fullst\u00e4ndig lista \u00f6ver <a href=\"https:\/\/uk-gb.net\/sv\/kostnader-visum-resa-england\/\">brittiska visumavgifter<\/a>.<\/p>\n\n<h2 class=\"wp-block-heading\">Kan jag arbeta i Storbritannien med ett aff\u00e4rsvisum?<\/h2>\n\n<p>Nej, aff\u00e4rsvisumet ger inte r\u00e4tt <strong>till avl\u00f6nad anst\u00e4llning<\/strong> hos ett brittiskt f\u00f6retag. Det ger dig inte heller r\u00e4tt att s\u00f6ka arbete eller bos\u00e4tta dig permanent i Storbritannien.  <\/p>\n\n<p>En s\u00e4rskild <strong>arbetsvisering<\/strong> (t.ex. Skilled Worker visa) m\u00e5ste erh\u00e5llas f\u00f6r all regelbunden, betald eller l\u00e5ngvarig yrkesverksamhet.<\/p>\n\n<h2 class=\"wp-block-heading\">Vad \u00e4r det po\u00e4ngbaserade viseringssystemet PBS?<\/h2>\n\n<p>Storbritanniens <a href=\"https:\/\/uk-gb.net\/sv\/pbs-system-punkter-visum-england\/\">po\u00e4ngbaserade system<\/a> (PBS) \u00e4r fr\u00e4mst inriktat p\u00e5 <strong>kvalificerade arbetstagare<\/strong>, <strong>internationella studenter<\/strong> och <strong>innovativa profiler<\/strong> som kan tillgodose Storbritanniens ekonomiska behov. Det till\u00e5ter inte m\u00e4nniskor att komma f\u00f6r okvalificerade jobb eller l\u00e4ngre vistelser utan ett validerat jobberbjudande. <\/p>\n\n<p>Innan du skickar in en ans\u00f6kan \u00e4r det viktigt att du :<\/p>\n\n<ul class=\"wp-block-list\">\n<li>F\u00f6rutse tids\u00e5tg\u00e5ngen och kostnaderna f\u00f6r att ans\u00f6ka om visum<\/li>\n\n\n\n<li>Kontrollera att du har uppn\u00e5tt minst 70 po\u00e4ng<\/li>\n\n\n\n<li>R\u00e5dg\u00f6r med en immigrationsr\u00e5dgivare om din situation \u00e4r komplex<\/li>\n<\/ul>\n\n<div style=\"height:10px\" aria-hidden=\"true\" class=\"wp-block-spacer\"><\/div>\n\n<p><\/p>\n","protected":false},"excerpt":{"rendered":"<p>Aff\u00e4rsvisum f\u00f6r F\u00f6renade kungariket Det brittiska aff\u00e4rsvisumet (Standard Visitor Visa &#8211; Business category) g\u00f6r det m\u00f6jligt f\u00f6r utl\u00e4ndska yrkesut\u00f6vare att vistas tillf\u00e4lligt i Storbritannien f\u00f6r aff\u00e4rs-, akademiska eller samarbets\u00e4ndam\u00e5l. Det ger inte innehavaren r\u00e4tt att arbeta f\u00f6r ett brittiskt f\u00f6retag, men till\u00e5ter vissa v\u00e4ldefinierade uppdrag. F\u00f6r en vistelse p\u00e5 mindre \u00e4n 6 m\u00e5nader: Du beh\u00f6ver [&hellip;]<\/p>\n","protected":false},"author":1,"featured_media":0,"parent":0,"menu_order":0,"comment_status":"closed","ping_status":"closed","template":"","meta":{"footnotes":""},"class_list":["post-2418","page","type-page","status-publish","hentry"],"yoast_head":"<!-- This site is optimized with the Yoast SEO plugin v27.3 - https:\/\/yoast.com\/product\/yoast-seo-wordpress\/ -->\n<title>Brittiskt aff\u00e4rsvisum f\u00f6r att stanna i Storbritannien - UK GB<\/title>\n<meta name=\"description\" content=\"Vilka \u00e4r villkoren f\u00f6r att f\u00e5 ett aff\u00e4rsvisum f\u00f6r att resa till Storbritannien f\u00f6r aff\u00e4rs\u00e4ndam\u00e5l?\" \/>\n<meta name=\"robots\" content=\"index, follow, max-snippet:-1, max-image-preview:large, max-video-preview:-1\" \/>\n<link rel=\"canonical\" href=\"https:\/\/uk-gb.net\/sv\/affarsvisum-for-england-storbritannien\/\" \/>\n<meta property=\"og:locale\" content=\"sv_SE\" \/>\n<meta property=\"og:type\" content=\"article\" \/>\n<meta property=\"og:title\" content=\"Brittiskt aff\u00e4rsvisum f\u00f6r att stanna i Storbritannien - UK GB\" \/>\n<meta property=\"og:description\" content=\"Vilka \u00e4r villkoren f\u00f6r att f\u00e5 ett aff\u00e4rsvisum f\u00f6r att resa till Storbritannien f\u00f6r aff\u00e4rs\u00e4ndam\u00e5l?\" \/>\n<meta property=\"og:url\" content=\"https:\/\/uk-gb.net\/sv\/affarsvisum-for-england-storbritannien\/\" \/>\n<meta property=\"og:site_name\" content=\"UK GB\" \/>\n<meta property=\"article:modified_time\" content=\"2025-12-18T14:35:46+00:00\" \/>\n<meta name=\"twitter:card\" content=\"summary_large_image\" \/>\n<meta name=\"twitter:label1\" content=\"Ber\u00e4knad l\u00e4stid\" \/>\n\t<meta name=\"twitter:data1\" content=\"3 minuter\" \/>\n<script type=\"application\/ld+json\" class=\"yoast-schema-graph\">{\"@context\":\"https:\\\/\\\/schema.org\",\"@graph\":[{\"@type\":\"WebPage\",\"@id\":\"https:\\\/\\\/uk-gb.net\\\/sv\\\/affarsvisum-for-england-storbritannien\\\/\",\"url\":\"https:\\\/\\\/uk-gb.net\\\/sv\\\/affarsvisum-for-england-storbritannien\\\/\",\"name\":\"Brittiskt aff\u00e4rsvisum f\u00f6r att stanna i Storbritannien - UK GB\",\"isPartOf\":{\"@id\":\"https:\\\/\\\/uk-gb.net\\\/sv\\\/#website\"},\"datePublished\":\"2023-12-07T14:57:24+00:00\",\"dateModified\":\"2025-12-18T14:35:46+00:00\",\"description\":\"Vilka \u00e4r villkoren f\u00f6r att f\u00e5 ett aff\u00e4rsvisum f\u00f6r att resa till Storbritannien f\u00f6r aff\u00e4rs\u00e4ndam\u00e5l?\",\"inLanguage\":\"sv-SE\",\"potentialAction\":[{\"@type\":\"ReadAction\",\"target\":[\"https:\\\/\\\/uk-gb.net\\\/sv\\\/affarsvisum-for-england-storbritannien\\\/\"]}]},{\"@type\":\"WebSite\",\"@id\":\"https:\\\/\\\/uk-gb.net\\\/sv\\\/#website\",\"url\":\"https:\\\/\\\/uk-gb.net\\\/sv\\\/\",\"name\":\"UK GB\",\"description\":\"Travel to the UK\",\"potentialAction\":[{\"@type\":\"SearchAction\",\"target\":{\"@type\":\"EntryPoint\",\"urlTemplate\":\"https:\\\/\\\/uk-gb.net\\\/sv\\\/?s={search_term_string}\"},\"query-input\":{\"@type\":\"PropertyValueSpecification\",\"valueRequired\":true,\"valueName\":\"search_term_string\"}}],\"inLanguage\":\"sv-SE\"}]}<\/script>\n<!-- \/ Yoast SEO plugin. -->","yoast_head_json":{"title":"Brittiskt aff\u00e4rsvisum f\u00f6r att stanna i Storbritannien - UK GB","description":"Vilka \u00e4r villkoren f\u00f6r att f\u00e5 ett aff\u00e4rsvisum f\u00f6r att resa till Storbritannien f\u00f6r aff\u00e4rs\u00e4ndam\u00e5l?","robots":{"index":"index","follow":"follow","max-snippet":"max-snippet:-1","max-image-preview":"max-image-preview:large","max-video-preview":"max-video-preview:-1"},"canonical":"https:\/\/uk-gb.net\/sv\/affarsvisum-for-england-storbritannien\/","og_locale":"sv_SE","og_type":"article","og_title":"Brittiskt aff\u00e4rsvisum f\u00f6r att stanna i Storbritannien - UK GB","og_description":"Vilka \u00e4r villkoren f\u00f6r att f\u00e5 ett aff\u00e4rsvisum f\u00f6r att resa till Storbritannien f\u00f6r aff\u00e4rs\u00e4ndam\u00e5l?","og_url":"https:\/\/uk-gb.net\/sv\/affarsvisum-for-england-storbritannien\/","og_site_name":"UK GB","article_modified_time":"2025-12-18T14:35:46+00:00","twitter_card":"summary_large_image","twitter_misc":{"Ber\u00e4knad l\u00e4stid":"3 minuter"},"schema":{"@context":"https:\/\/schema.org","@graph":[{"@type":"WebPage","@id":"https:\/\/uk-gb.net\/sv\/affarsvisum-for-england-storbritannien\/","url":"https:\/\/uk-gb.net\/sv\/affarsvisum-for-england-storbritannien\/","name":"Brittiskt aff\u00e4rsvisum f\u00f6r att stanna i Storbritannien - UK GB","isPartOf":{"@id":"https:\/\/uk-gb.net\/sv\/#website"},"datePublished":"2023-12-07T14:57:24+00:00","dateModified":"2025-12-18T14:35:46+00:00","description":"Vilka \u00e4r villkoren f\u00f6r att f\u00e5 ett aff\u00e4rsvisum f\u00f6r att resa till Storbritannien f\u00f6r aff\u00e4rs\u00e4ndam\u00e5l?","inLanguage":"sv-SE","potentialAction":[{"@type":"ReadAction","target":["https:\/\/uk-gb.net\/sv\/affarsvisum-for-england-storbritannien\/"]}]},{"@type":"WebSite","@id":"https:\/\/uk-gb.net\/sv\/#website","url":"https:\/\/uk-gb.net\/sv\/","name":"UK GB","description":"Travel to the UK","potentialAction":[{"@type":"SearchAction","target":{"@type":"EntryPoint","urlTemplate":"https:\/\/uk-gb.net\/sv\/?s={search_term_string}"},"query-input":{"@type":"PropertyValueSpecification","valueRequired":true,"valueName":"search_term_string"}}],"inLanguage":"sv-SE"}]}},"_links":{"self":[{"href":"https:\/\/uk-gb.net\/sv\/wp-json\/wp\/v2\/pages\/2418","targetHints":{"allow":["GET"]}}],"collection":[{"href":"https:\/\/uk-gb.net\/sv\/wp-json\/wp\/v2\/pages"}],"about":[{"href":"https:\/\/uk-gb.net\/sv\/wp-json\/wp\/v2\/types\/page"}],"author":[{"embeddable":true,"href":"https:\/\/uk-gb.net\/sv\/wp-json\/wp\/v2\/users\/1"}],"replies":[{"embeddable":true,"href":"https:\/\/uk-gb.net\/sv\/wp-json\/wp\/v2\/comments?post=2418"}],"version-history":[{"count":0,"href":"https:\/\/uk-gb.net\/sv\/wp-json\/wp\/v2\/pages\/2418\/revisions"}],"wp:attachment":[{"href":"https:\/\/uk-gb.net\/sv\/wp-json\/wp\/v2\/media?parent=2418"}],"curies":[{"name":"wp","href":"https:\/\/api.w.org\/{rel}","templated":true}]}}