{"id":2342,"date":"2023-12-07T16:48:46","date_gmt":"2023-12-07T16:48:46","guid":{"rendered":"https:\/\/uk-gb.net\/visumbokning-vid-den-brittiska-ambassaden\/"},"modified":"2025-12-18T11:16:57","modified_gmt":"2025-12-18T11:16:57","slug":"visumbokning-vid-den-brittiska-ambassaden","status":"publish","type":"page","link":"https:\/\/uk-gb.net\/sv\/visumbokning-vid-den-brittiska-ambassaden\/","title":{"rendered":"Intervju p\u00e5 den brittiska ambassaden f\u00f6r att ans\u00f6ka om visum"},"content":{"rendered":"\n<h1 class=\"wp-block-heading\">Bes\u00f6ka den brittiska ambassaden f\u00f6r att ans\u00f6ka om visum<\/h1>\n\n<p>Utl\u00e4ndska medborgare som vill resa till Storbritannien och som inte \u00e4r ber\u00e4ttigade till ETA m\u00e5ste skaffa visum. Detta inneb\u00e4r vanligtvis <strong>en konsul\u00e4r intervju<\/strong>. Detta sker p\u00e5 ett <strong>godk\u00e4nt visumans\u00f6kningscenter<\/strong> eller direkt p\u00e5 en <a href=\"https:\/\/uk-gb.net\/sv\/ambassad-england-forenta-kungariket-i-sverige\/\">brittisk ambassad<\/a>, beroende p\u00e5 bos\u00e4ttningsland.   Du kan se listan \u00f6ver <a href=\"https:\/\/www.gov.uk\/find-a-visa-application-centre\">visumans\u00f6kningscenter per land<\/a> f\u00f6r att boka tid p\u00e5 det center som ligger n\u00e4rmast dig.<\/p>\n\n<p><strong>F\u00f6r en kortvarig vistelse<\/strong>: Du beh\u00f6ver inte skaffa visum utan fyller bara i <a href=\"https:\/\/uk-gb.net\/sv\/online-formular-eta-visering-england-fk\/\">ETA-formul\u00e4ret online<\/a>.<\/p>\n\n<div style=\"height:10px\" aria-hidden=\"true\" class=\"wp-block-spacer\"><\/div>\n\n<h2 class=\"wp-block-heading\">Varf\u00f6r \u00e4r underh\u00e5ll n\u00f6dv\u00e4ndigt?<\/h2>\n\n<p>Den konsul\u00e4ra intervjun \u00e4r ett viktigt steg i visumans\u00f6kningsprocessen. Den g\u00f6r det m\u00f6jligt f\u00f6r de brittiska myndigheterna att : <\/p>\n\n<ul class=\"wp-block-list\">\n<li>Kontrollera den s\u00f6kandes identitet<\/li>\n\n\n\n<li>Bed\u00f6mning av om dina resplaner \u00e4r uppriktiga<\/li>\n\n\n\n<li>S\u00e4kerst\u00e4lla att den s\u00f6kande uppfyller inresevillkoren och kommer att l\u00e4mna Storbritannien n\u00e4r visumet l\u00f6per ut<\/li>\n<\/ul>\n\n<p>Denna intervju bidrar till att <strong>f\u00f6rhindra bedr\u00e4gerier<\/strong> och till att s\u00e4kerst\u00e4lla att endast personer som uppfyller beh\u00f6righetskriterierna beviljas visum.<\/p>\n\n<h2 class=\"wp-block-heading\">Dokument som du ska ta med dig p\u00e5 dagen f\u00f6r intervjun<\/h2>\n\n<p>Den dag du bokar tid m\u00e5ste du ta med dig f\u00f6ljande dokument:<\/p>\n\n<ul class=\"wp-block-list\">\n<li><strong>Utskriven bekr\u00e4ftelse<\/strong> p\u00e5 bokningen som du f\u00e5r via e-post<\/li>\n\n\n\n<li><strong>Kvitto p\u00e5 betalning<\/strong> <a href=\"https:\/\/uk-gb.net\/sv\/kostnader-visum-resa-england\/\">av ans\u00f6kningsavgiften f\u00f6r visum<\/a><\/li>\n\n\n\n<li>Ett <strong>giltigt pass<\/strong> (eller uppeh\u00e5llstillst\u00e5nd i original om till\u00e4mpligt)<\/li>\n\n\n\n<li>Alla <strong>n\u00f6dv\u00e4ndiga styrkande handlingar<\/strong>, med kopior till akten<\/li>\n\n\n\n<li>Det utskrivna <strong>f\u00f6rs\u00e4ttsbladet till viseringsans\u00f6kan<\/strong> <\/li>\n<\/ul>\n\n<div style=\"height:10px\" aria-hidden=\"true\" class=\"wp-block-spacer\"><\/div>\n\n<p>Se till att alla dokument \u00e4r i <strong>original<\/strong>, tydliga och aktuella. Saknade dokument kan f\u00f6rsena eller till och med avbryta din behandling. <\/p>\n\n<h2 class=\"wp-block-heading\">Hur g\u00e5r en tidsbokning p\u00e5 ambassaden till?<\/h2>\n\n<p>Det \u00e4r l\u00e4mpligt att anl\u00e4nda till centret <strong>minst 15 minuter f\u00f6re avtalad tid<\/strong> f\u00f6r att hinna genom s\u00e4kerhetskontrollen. N\u00e4r du v\u00e4l har kommit in i centret f\u00f6ljer du i allm\u00e4nhet f\u00f6ljande steg: <\/p>\n\n<ol class=\"wp-block-list\">\n<li><strong>Kontroll av identitet och dokument<\/strong><\/li>\n\n\n\n<li><strong>Fingeravtryck och biometrisk fotografering<\/strong><\/li>\n\n\n\n<li><strong>Intervju med en konsul\u00e4r tj\u00e4nsteman<\/strong><\/li>\n<\/ol>\n\n<div style=\"height:10px\" aria-hidden=\"true\" class=\"wp-block-spacer\"><\/div>\n\n<p>Intervjun genomf\u00f6rs vanligen p\u00e5 <strong>engelska<\/strong>. I vissa fall kan agenten uttrycka sig p\u00e5 det lokala spr\u00e5ket om han beh\u00e4rskar det. De fr\u00e5gor som st\u00e4lls \u00e4r utformade f\u00f6r att klarg\u00f6ra :  <\/p>\n\n<ul class=\"wp-block-list\">\n<li><strong>Anledningen till din vistelse<\/strong> i F\u00f6renade kungariket<\/li>\n\n\n\n<li><strong>Reseprogrammet<\/strong>: datum, platser, boende<\/li>\n\n\n\n<li><strong>Ekonomisk f\u00f6rm\u00e5ga<\/strong> att t\u00e4cka kostnaderna f\u00f6r vistelsen och \u00e5terresan<\/li>\n<\/ul>\n\n<div style=\"height:10px\" aria-hidden=\"true\" class=\"wp-block-spacer\"><\/div>\n\n<h2 class=\"wp-block-heading\">Hur l\u00e5ng tid tar intervjun?<\/h2>\n\n<p>Den genomsnittliga intervjun f\u00f6r ett brittiskt visum tar cirka <strong>30 minuter<\/strong>, men det kan variera beroende p\u00e5 hur komplicerat \u00e4rendet \u00e4r. Om den konsul\u00e4ra tj\u00e4nstemannen anser att det \u00e4r n\u00f6dv\u00e4ndigt att g\u00e5 in mer i detalj p\u00e5 vissa punkter kan intervjun ta <strong>upp till en timme eller mer.<\/strong> <\/p>\n\n<h2 class=\"wp-block-heading\">Och efter m\u00f6tet?<\/h2>\n\n<p>N\u00e4r intervjun \u00e4r avslutad kommer centret att f\u00f6rvara ditt pass medan ans\u00f6kan behandlas. Du kommer att f\u00e5 ett meddelande <g id=\"gid_0\">via e-post eller sms<\/g> s\u00e5 snart beslutet har fattats. Passet kommer sedan att skickas tillbaka till dig per post eller h\u00e4mtas p\u00e5 centret, beroende p\u00e5 vilket alternativ du valde n\u00e4r du bokade din tid.  <\/p>\n\n<p><strong>Observera<\/strong>: F\u00f6r n\u00f6dsituationer eller korta deadlines erbjuder vissa center <strong>snabbare tj\u00e4nster<\/strong> mot en extra kostnad.<\/p>\n","protected":false},"excerpt":{"rendered":"<p>Bes\u00f6ka den brittiska ambassaden f\u00f6r att ans\u00f6ka om visum Utl\u00e4ndska medborgare som vill resa till Storbritannien och som inte \u00e4r ber\u00e4ttigade till ETA m\u00e5ste skaffa visum. Detta inneb\u00e4r vanligtvis en konsul\u00e4r intervju. Detta sker p\u00e5 ett godk\u00e4nt visumans\u00f6kningscenter eller direkt p\u00e5 en brittisk ambassad, beroende p\u00e5 bos\u00e4ttningsland. Du kan se listan \u00f6ver visumans\u00f6kningscenter per land [&hellip;]<\/p>\n","protected":false},"author":1,"featured_media":0,"parent":0,"menu_order":0,"comment_status":"closed","ping_status":"closed","template":"","meta":{"footnotes":""},"class_list":["post-2342","page","type-page","status-publish","hentry"],"yoast_head":"<!-- This site is optimized with the Yoast SEO plugin v27.3 - https:\/\/yoast.com\/product\/yoast-seo-wordpress\/ -->\n<title>Intervju p\u00e5 den brittiska ambassaden f\u00f6r att ans\u00f6ka om visum - UK GB<\/title>\n<meta name=\"description\" content=\"S\u00e5 h\u00e4r bokar du tid p\u00e5 brittiska ambassaden f\u00f6r att slutf\u00f6ra din visumans\u00f6kan till Storbritannien\" \/>\n<meta name=\"robots\" content=\"index, follow, max-snippet:-1, max-image-preview:large, max-video-preview:-1\" \/>\n<link rel=\"canonical\" href=\"https:\/\/uk-gb.net\/sv\/visumbokning-vid-den-brittiska-ambassaden\/\" \/>\n<meta property=\"og:locale\" content=\"sv_SE\" \/>\n<meta property=\"og:type\" content=\"article\" \/>\n<meta property=\"og:title\" content=\"Intervju p\u00e5 den brittiska ambassaden f\u00f6r att ans\u00f6ka om visum - UK GB\" \/>\n<meta property=\"og:description\" content=\"S\u00e5 h\u00e4r bokar du tid p\u00e5 brittiska ambassaden f\u00f6r att slutf\u00f6ra din visumans\u00f6kan till Storbritannien\" \/>\n<meta property=\"og:url\" content=\"https:\/\/uk-gb.net\/sv\/visumbokning-vid-den-brittiska-ambassaden\/\" \/>\n<meta property=\"og:site_name\" content=\"UK GB\" \/>\n<meta property=\"article:modified_time\" content=\"2025-12-18T11:16:57+00:00\" \/>\n<meta name=\"twitter:card\" content=\"summary_large_image\" \/>\n<meta name=\"twitter:label1\" content=\"Ber\u00e4knad l\u00e4stid\" \/>\n\t<meta name=\"twitter:data1\" content=\"3 minuter\" \/>\n<script type=\"application\/ld+json\" class=\"yoast-schema-graph\">{\"@context\":\"https:\\\/\\\/schema.org\",\"@graph\":[{\"@type\":\"WebPage\",\"@id\":\"https:\\\/\\\/uk-gb.net\\\/sv\\\/visumbokning-vid-den-brittiska-ambassaden\\\/\",\"url\":\"https:\\\/\\\/uk-gb.net\\\/sv\\\/visumbokning-vid-den-brittiska-ambassaden\\\/\",\"name\":\"Intervju p\u00e5 den brittiska ambassaden f\u00f6r att ans\u00f6ka om visum - UK GB\",\"isPartOf\":{\"@id\":\"https:\\\/\\\/uk-gb.net\\\/sv\\\/#website\"},\"datePublished\":\"2023-12-07T16:48:46+00:00\",\"dateModified\":\"2025-12-18T11:16:57+00:00\",\"description\":\"S\u00e5 h\u00e4r bokar du tid p\u00e5 brittiska ambassaden f\u00f6r att slutf\u00f6ra din visumans\u00f6kan till Storbritannien\",\"inLanguage\":\"sv-SE\",\"potentialAction\":[{\"@type\":\"ReadAction\",\"target\":[\"https:\\\/\\\/uk-gb.net\\\/sv\\\/visumbokning-vid-den-brittiska-ambassaden\\\/\"]}]},{\"@type\":\"WebSite\",\"@id\":\"https:\\\/\\\/uk-gb.net\\\/sv\\\/#website\",\"url\":\"https:\\\/\\\/uk-gb.net\\\/sv\\\/\",\"name\":\"UK GB\",\"description\":\"Travel to the UK\",\"potentialAction\":[{\"@type\":\"SearchAction\",\"target\":{\"@type\":\"EntryPoint\",\"urlTemplate\":\"https:\\\/\\\/uk-gb.net\\\/sv\\\/?s={search_term_string}\"},\"query-input\":{\"@type\":\"PropertyValueSpecification\",\"valueRequired\":true,\"valueName\":\"search_term_string\"}}],\"inLanguage\":\"sv-SE\"}]}<\/script>\n<!-- \/ Yoast SEO plugin. -->","yoast_head_json":{"title":"Intervju p\u00e5 den brittiska ambassaden f\u00f6r att ans\u00f6ka om visum - UK GB","description":"S\u00e5 h\u00e4r bokar du tid p\u00e5 brittiska ambassaden f\u00f6r att slutf\u00f6ra din visumans\u00f6kan till Storbritannien","robots":{"index":"index","follow":"follow","max-snippet":"max-snippet:-1","max-image-preview":"max-image-preview:large","max-video-preview":"max-video-preview:-1"},"canonical":"https:\/\/uk-gb.net\/sv\/visumbokning-vid-den-brittiska-ambassaden\/","og_locale":"sv_SE","og_type":"article","og_title":"Intervju p\u00e5 den brittiska ambassaden f\u00f6r att ans\u00f6ka om visum - UK GB","og_description":"S\u00e5 h\u00e4r bokar du tid p\u00e5 brittiska ambassaden f\u00f6r att slutf\u00f6ra din visumans\u00f6kan till Storbritannien","og_url":"https:\/\/uk-gb.net\/sv\/visumbokning-vid-den-brittiska-ambassaden\/","og_site_name":"UK GB","article_modified_time":"2025-12-18T11:16:57+00:00","twitter_card":"summary_large_image","twitter_misc":{"Ber\u00e4knad l\u00e4stid":"3 minuter"},"schema":{"@context":"https:\/\/schema.org","@graph":[{"@type":"WebPage","@id":"https:\/\/uk-gb.net\/sv\/visumbokning-vid-den-brittiska-ambassaden\/","url":"https:\/\/uk-gb.net\/sv\/visumbokning-vid-den-brittiska-ambassaden\/","name":"Intervju p\u00e5 den brittiska ambassaden f\u00f6r att ans\u00f6ka om visum - UK GB","isPartOf":{"@id":"https:\/\/uk-gb.net\/sv\/#website"},"datePublished":"2023-12-07T16:48:46+00:00","dateModified":"2025-12-18T11:16:57+00:00","description":"S\u00e5 h\u00e4r bokar du tid p\u00e5 brittiska ambassaden f\u00f6r att slutf\u00f6ra din visumans\u00f6kan till Storbritannien","inLanguage":"sv-SE","potentialAction":[{"@type":"ReadAction","target":["https:\/\/uk-gb.net\/sv\/visumbokning-vid-den-brittiska-ambassaden\/"]}]},{"@type":"WebSite","@id":"https:\/\/uk-gb.net\/sv\/#website","url":"https:\/\/uk-gb.net\/sv\/","name":"UK GB","description":"Travel to the UK","potentialAction":[{"@type":"SearchAction","target":{"@type":"EntryPoint","urlTemplate":"https:\/\/uk-gb.net\/sv\/?s={search_term_string}"},"query-input":{"@type":"PropertyValueSpecification","valueRequired":true,"valueName":"search_term_string"}}],"inLanguage":"sv-SE"}]}},"_links":{"self":[{"href":"https:\/\/uk-gb.net\/sv\/wp-json\/wp\/v2\/pages\/2342","targetHints":{"allow":["GET"]}}],"collection":[{"href":"https:\/\/uk-gb.net\/sv\/wp-json\/wp\/v2\/pages"}],"about":[{"href":"https:\/\/uk-gb.net\/sv\/wp-json\/wp\/v2\/types\/page"}],"author":[{"embeddable":true,"href":"https:\/\/uk-gb.net\/sv\/wp-json\/wp\/v2\/users\/1"}],"replies":[{"embeddable":true,"href":"https:\/\/uk-gb.net\/sv\/wp-json\/wp\/v2\/comments?post=2342"}],"version-history":[{"count":0,"href":"https:\/\/uk-gb.net\/sv\/wp-json\/wp\/v2\/pages\/2342\/revisions"}],"wp:attachment":[{"href":"https:\/\/uk-gb.net\/sv\/wp-json\/wp\/v2\/media?parent=2342"}],"curies":[{"name":"wp","href":"https:\/\/api.w.org\/{rel}","templated":true}]}}