{"id":2167,"date":"2023-12-07T16:45:33","date_gmt":"2023-12-07T16:45:33","guid":{"rendered":"https:\/\/uk-gb.net\/ambassad-england-forenta-kungariket-i-sverige\/"},"modified":"2025-12-18T11:05:00","modified_gmt":"2025-12-18T11:05:00","slug":"ambassad-england-forenta-kungariket-i-sverige","status":"publish","type":"page","link":"https:\/\/uk-gb.net\/sv\/ambassad-england-forenta-kungariket-i-sverige\/","title":{"rendered":"F\u00f6renade kungarikets ambassad i Sverige"},"content":{"rendered":"\n<h1 class=\"wp-block-heading\">Vad \u00e4r F\u00f6renade kungarikets ambassad?<\/h1>\n\n<p>Storbritanniens ambassader, som finns i de flesta l\u00e4nder, \u00e4r officiella f\u00f6retr\u00e4dare f\u00f6r brittiska intressen utomlands. Deras huvuduppgift \u00e4r att skydda brittiska medborgare utomlands och samtidigt fr\u00e4mja Storbritanniens diplomatiska, ekonomiska och kulturella prioriteringar. De ger ocks\u00e5 konsul\u00e4rt st\u00f6d till medborgare som reser eller bor utomlands.  <\/p>\n\n<p>N\u00e4r det g\u00e4ller r\u00f6rlighet spelar dessa representationer en central roll i handl\u00e4ggningen av <a href=\"https:\/\/uk-gb.net\/sv\/ansokningsforfarande-visa-fk\/\">viseringsans\u00f6kningar<\/a> f\u00f6r personer som vill resa till Storbritannien. Sedan 2024 beh\u00f6ver dock medborgare i vissa <a href=\"https:\/\/uk-gb.net\/sv\/land-som-kan-rekvirera-eta-forenat-kungarike\/\">l\u00e4nder som omfattas av programmet f\u00f6r viseringsundantag<\/a> inte l\u00e4ngre ans\u00f6ka om <a href=\"https:\/\/uk-gb.net\/sv\/turistbesok-england-forenade-kungariket\/\">turistvisum<\/a> f\u00f6r kortare vistelser. <\/p>\n\n<p><strong>Du kan f\u00e5<\/strong> en <a href=\"https:\/\/uk-gb.net\/sv\/eta-england-forenade-kungariket\/\">eTA f\u00f6r Storbritannien<\/a> <strong>online<\/strong> f\u00f6r en turistvistelse p\u00e5 mindre \u00e4n 6 m\u00e5nader.<\/p>\n\n<div style=\"height:10px\" aria-hidden=\"true\" class=\"wp-block-spacer\"><\/div>\n\n<h2 class=\"wp-block-heading\">Var ligger den brittiska ambassaden?<\/h2>\n\n<p>F\u00f6r att hitta din n\u00e4rmaste brittiska ambassad eller konsulat kan du bes\u00f6ka <a href=\"https:\/\/www.gov.uk\/world\/embassies\">denna sida<\/a>, som inneh\u00e5ller en lista \u00f6ver alla Storbritanniens diplomatiska representationer runt om i v\u00e4rlden.<\/p>\n\n<p><strong>F\u00f6renade kungarikets ambassad i Sverige ligger p\u00e5 Skarp\u00f6gatan 6, 115 27 Stockholm. <\/strong><\/p>\n\n<h2 class=\"wp-block-heading\">Hur bokar jag tid p\u00e5 en brittisk ambassad?<\/h2>\n\n<p>N\u00e4r man ans\u00f6ker om visum till Storbritannien m\u00e5ste man vanligtvis g\u00e5 p\u00e5 en konsul\u00e4r intervju. F\u00f6r att boka detta m\u00f6te ska den s\u00f6kande bes\u00f6ka den brittiska regeringens officiella webbplats (gov.uk) och v\u00e4lja ett <a href=\"https:\/\/uk-gb.net\/sv\/visumbokning-vid-den-brittiska-ambassaden\/\">intervjudatum p\u00e5 den relevanta ambassaden<\/a> eller visumans\u00f6kningscentret. <\/p>\n\n<p>N\u00e4r m\u00f6tet har bekr\u00e4ftats kan en officiell inbjudan laddas ner. Detta dokument m\u00e5ste skrivas ut och uppvisas tillsammans med alla styrkande handlingar som kr\u00e4vs f\u00f6r intervjun. <\/p>\n","protected":false},"excerpt":{"rendered":"<p>Vad \u00e4r F\u00f6renade kungarikets ambassad? Storbritanniens ambassader, som finns i de flesta l\u00e4nder, \u00e4r officiella f\u00f6retr\u00e4dare f\u00f6r brittiska intressen utomlands. Deras huvuduppgift \u00e4r att skydda brittiska medborgare utomlands och samtidigt fr\u00e4mja Storbritanniens diplomatiska, ekonomiska och kulturella prioriteringar. De ger ocks\u00e5 konsul\u00e4rt st\u00f6d till medborgare som reser eller bor utomlands. N\u00e4r det g\u00e4ller r\u00f6rlighet spelar dessa [&hellip;]<\/p>\n","protected":false},"author":1,"featured_media":0,"parent":0,"menu_order":0,"comment_status":"closed","ping_status":"closed","template":"","meta":{"footnotes":""},"class_list":["post-2167","page","type-page","status-publish","hentry"],"yoast_head":"<!-- This site is optimized with the Yoast SEO plugin v27.3 - https:\/\/yoast.com\/product\/yoast-seo-wordpress\/ -->\n<title>F\u00f6renade kungarikets ambassad i Sverige - UK GB<\/title>\n<meta name=\"description\" content=\"Kontakta den brittiska ambassaden eller det brittiska konsulatet i det land d\u00e4r du bor\" \/>\n<meta name=\"robots\" content=\"index, follow, max-snippet:-1, max-image-preview:large, max-video-preview:-1\" \/>\n<link rel=\"canonical\" href=\"https:\/\/uk-gb.net\/sv\/ambassad-england-forenta-kungariket-i-sverige\/\" \/>\n<meta property=\"og:locale\" content=\"sv_SE\" \/>\n<meta property=\"og:type\" content=\"article\" \/>\n<meta property=\"og:title\" content=\"F\u00f6renade kungarikets ambassad i Sverige - UK GB\" \/>\n<meta property=\"og:description\" content=\"Kontakta den brittiska ambassaden eller det brittiska konsulatet i det land d\u00e4r du bor\" \/>\n<meta property=\"og:url\" content=\"https:\/\/uk-gb.net\/sv\/ambassad-england-forenta-kungariket-i-sverige\/\" \/>\n<meta property=\"og:site_name\" content=\"UK GB\" \/>\n<meta property=\"article:modified_time\" content=\"2025-12-18T11:05:00+00:00\" \/>\n<meta name=\"twitter:card\" content=\"summary_large_image\" \/>\n<meta name=\"twitter:label1\" content=\"Ber\u00e4knad l\u00e4stid\" \/>\n\t<meta name=\"twitter:data1\" content=\"1 minut\" \/>\n<script type=\"application\/ld+json\" class=\"yoast-schema-graph\">{\"@context\":\"https:\\\/\\\/schema.org\",\"@graph\":[{\"@type\":\"WebPage\",\"@id\":\"https:\\\/\\\/uk-gb.net\\\/sv\\\/ambassad-england-forenta-kungariket-i-sverige\\\/\",\"url\":\"https:\\\/\\\/uk-gb.net\\\/sv\\\/ambassad-england-forenta-kungariket-i-sverige\\\/\",\"name\":\"F\u00f6renade kungarikets ambassad i Sverige - UK GB\",\"isPartOf\":{\"@id\":\"https:\\\/\\\/uk-gb.net\\\/sv\\\/#website\"},\"datePublished\":\"2023-12-07T16:45:33+00:00\",\"dateModified\":\"2025-12-18T11:05:00+00:00\",\"description\":\"Kontakta den brittiska ambassaden eller det brittiska konsulatet i det land d\u00e4r du bor\",\"inLanguage\":\"sv-SE\",\"potentialAction\":[{\"@type\":\"ReadAction\",\"target\":[\"https:\\\/\\\/uk-gb.net\\\/sv\\\/ambassad-england-forenta-kungariket-i-sverige\\\/\"]}]},{\"@type\":\"WebSite\",\"@id\":\"https:\\\/\\\/uk-gb.net\\\/sv\\\/#website\",\"url\":\"https:\\\/\\\/uk-gb.net\\\/sv\\\/\",\"name\":\"UK GB\",\"description\":\"Travel to the UK\",\"potentialAction\":[{\"@type\":\"SearchAction\",\"target\":{\"@type\":\"EntryPoint\",\"urlTemplate\":\"https:\\\/\\\/uk-gb.net\\\/sv\\\/?s={search_term_string}\"},\"query-input\":{\"@type\":\"PropertyValueSpecification\",\"valueRequired\":true,\"valueName\":\"search_term_string\"}}],\"inLanguage\":\"sv-SE\"}]}<\/script>\n<!-- \/ Yoast SEO plugin. -->","yoast_head_json":{"title":"F\u00f6renade kungarikets ambassad i Sverige - UK GB","description":"Kontakta den brittiska ambassaden eller det brittiska konsulatet i det land d\u00e4r du bor","robots":{"index":"index","follow":"follow","max-snippet":"max-snippet:-1","max-image-preview":"max-image-preview:large","max-video-preview":"max-video-preview:-1"},"canonical":"https:\/\/uk-gb.net\/sv\/ambassad-england-forenta-kungariket-i-sverige\/","og_locale":"sv_SE","og_type":"article","og_title":"F\u00f6renade kungarikets ambassad i Sverige - UK GB","og_description":"Kontakta den brittiska ambassaden eller det brittiska konsulatet i det land d\u00e4r du bor","og_url":"https:\/\/uk-gb.net\/sv\/ambassad-england-forenta-kungariket-i-sverige\/","og_site_name":"UK GB","article_modified_time":"2025-12-18T11:05:00+00:00","twitter_card":"summary_large_image","twitter_misc":{"Ber\u00e4knad l\u00e4stid":"1 minut"},"schema":{"@context":"https:\/\/schema.org","@graph":[{"@type":"WebPage","@id":"https:\/\/uk-gb.net\/sv\/ambassad-england-forenta-kungariket-i-sverige\/","url":"https:\/\/uk-gb.net\/sv\/ambassad-england-forenta-kungariket-i-sverige\/","name":"F\u00f6renade kungarikets ambassad i Sverige - UK GB","isPartOf":{"@id":"https:\/\/uk-gb.net\/sv\/#website"},"datePublished":"2023-12-07T16:45:33+00:00","dateModified":"2025-12-18T11:05:00+00:00","description":"Kontakta den brittiska ambassaden eller det brittiska konsulatet i det land d\u00e4r du bor","inLanguage":"sv-SE","potentialAction":[{"@type":"ReadAction","target":["https:\/\/uk-gb.net\/sv\/ambassad-england-forenta-kungariket-i-sverige\/"]}]},{"@type":"WebSite","@id":"https:\/\/uk-gb.net\/sv\/#website","url":"https:\/\/uk-gb.net\/sv\/","name":"UK GB","description":"Travel to the UK","potentialAction":[{"@type":"SearchAction","target":{"@type":"EntryPoint","urlTemplate":"https:\/\/uk-gb.net\/sv\/?s={search_term_string}"},"query-input":{"@type":"PropertyValueSpecification","valueRequired":true,"valueName":"search_term_string"}}],"inLanguage":"sv-SE"}]}},"_links":{"self":[{"href":"https:\/\/uk-gb.net\/sv\/wp-json\/wp\/v2\/pages\/2167","targetHints":{"allow":["GET"]}}],"collection":[{"href":"https:\/\/uk-gb.net\/sv\/wp-json\/wp\/v2\/pages"}],"about":[{"href":"https:\/\/uk-gb.net\/sv\/wp-json\/wp\/v2\/types\/page"}],"author":[{"embeddable":true,"href":"https:\/\/uk-gb.net\/sv\/wp-json\/wp\/v2\/users\/1"}],"replies":[{"embeddable":true,"href":"https:\/\/uk-gb.net\/sv\/wp-json\/wp\/v2\/comments?post=2167"}],"version-history":[{"count":0,"href":"https:\/\/uk-gb.net\/sv\/wp-json\/wp\/v2\/pages\/2167\/revisions"}],"wp:attachment":[{"href":"https:\/\/uk-gb.net\/sv\/wp-json\/wp\/v2\/media?parent=2167"}],"curies":[{"name":"wp","href":"https:\/\/api.w.org\/{rel}","templated":true}]}}