{"id":2133,"date":"2023-12-07T14:55:09","date_gmt":"2023-12-07T14:55:09","guid":{"rendered":"https:\/\/uk-gb.net\/olika-brittiska-visum\/"},"modified":"2026-01-06T13:09:15","modified_gmt":"2026-01-06T13:09:15","slug":"olika-brittiska-visum","status":"publish","type":"page","link":"https:\/\/uk-gb.net\/sv\/olika-brittiska-visum\/","title":{"rendered":"De olika viseringarna f\u00f6r resor till Storbritannien"},"content":{"rendered":"\n<h1 class=\"wp-block-heading\">De viktigaste visumen f\u00f6r Storbritannien<\/h1>\n\n<p>Storbritannien erbjuder flera olika typer av visum som \u00e4r anpassade till olika resen\u00e4rsprofiler: turister p\u00e5 genomresa, studenter, yrkesverksamma eller familjemedlemmar som ansluter sig till en n\u00e4ra anh\u00f6rig. Varje visum uppfyller s\u00e4rskilda villkor och till\u00e5ter en vistelse av varierande l\u00e4ngd i Storbritannien. <\/p>\n\n<p>H\u00e4r \u00e4r en \u00f6versikt \u00f6ver de <strong>viktigaste viseringar som utf\u00e4rdas av F\u00f6renade kungariket:<\/strong> <\/p>\n\n<ul class=\"wp-block-list\">\n<li><strong>Transitvisum<\/strong>: f\u00f6r resen\u00e4rer som g\u00f6r en mellanlandning eller byter flygplats.<\/li>\n\n\n\n<li><strong>Familjevisum<\/strong>: f\u00f6r att ansluta sig till en make\/maka, ett barn eller en f\u00f6r\u00e4lder som bor i Storbritannien.<\/li>\n\n\n\n<li><strong>Studentvisum<\/strong>: f\u00f6r h\u00f6gre utbildning vid ett brittiskt l\u00e4ros\u00e4te.<\/li>\n\n\n\n<li><strong>Aff\u00e4rsvisum<\/strong>: f\u00f6r att delta i m\u00f6ten, konferenser eller professionella evenemang.<\/li>\n<\/ul>\n\n<div style=\"height:10px\" aria-hidden=\"true\" class=\"wp-block-spacer\"><\/div>\n\n<p>Sedan 2024 har Storbritannien inf\u00f6rt ett elektroniskt resetillst\u00e5nd (ETA) f\u00f6r medborgare i vissa l\u00e4nder som \u00e4r undantagna fr\u00e5n viseringskravet.<\/p>\n\n<p><strong>F\u00f6r att g\u00f6ra en ETA-beg\u00e4ran<\/strong> <a href=\"https:\/\/uk-gb.net\/sv\/online-formular-eta-visering-england-fk\/\">online fyller du bara i ETA-formul\u00e4ret online<\/a>.<\/p>\n\n<div style=\"height:10px\" aria-hidden=\"true\" class=\"wp-block-spacer\"><\/div>\n\n<h2 class=\"wp-block-heading\">Beh\u00f6ver jag visum f\u00f6r att resa in i Storbritannien?<\/h2>\n\n<p>Ett <a href=\"https:\/\/uk-gb.net\/sv\/transitvisumstopp-storbritannien\/\">transitvisum<\/a> kr\u00e4vs f\u00f6r resen\u00e4rer som m\u00e5ste passera genom gr\u00e4nskontrollen n\u00e4r de byter terminal eller flygplats. Det ger dig ocks\u00e5 m\u00f6jlighet att g\u00f6ra en <strong>l\u00e4ngre mellanlandning<\/strong> och tillf\u00e4lligt l\u00e4mna flygplatsen innan du \u00e5terupptar flygningen till en annan destination.<\/p>\n\n<h2 class=\"wp-block-heading\">Studera i Storbritannien: vilket visum ska jag skaffa?<\/h2>\n\n<p>Om du planerar att f\u00f6lja ett l\u00e5ngsiktigt studieprogram i Storbritannien m\u00e5ste du ans\u00f6ka om ett <a href=\"https:\/\/uk-gb.net\/sv\/studentvisum-england-forenta-kungariket\/\">studentvisum<\/a>. F\u00f6r att f\u00e5 det beh\u00f6ver du i allm\u00e4nhet :<\/p>\n\n<ul class=\"wp-block-list\">\n<li>Skicka in ett <strong>sponsringsbrev (CAS)<\/strong> utf\u00e4rdat av universitetet eller skolan.<\/li>\n\n\n\n<li>Bevis p\u00e5 <strong>tillr\u00e4ckliga kunskaper i engelska<\/strong> (godk\u00e4nt test kr\u00e4vs).<\/li>\n\n\n\n<li><strong>Bevisa att du har ekonomiska resurser f\u00f6r<\/strong> att t\u00e4cka studieavgifter och levnadskostnader.<\/li>\n<\/ul>\n\n<div style=\"height:10px\" aria-hidden=\"true\" class=\"wp-block-spacer\"><\/div>\n\n<h2 class=\"wp-block-heading\">Anslutning av en familjemedlem: familjevisum<\/h2>\n\n<p>Det <a href=\"https:\/\/uk-gb.net\/sv\/storbritannien-familjevisum\/\">brittiska familjevisumet<\/a> g\u00f6r det m\u00f6jligt f\u00f6r dig att bo i Storbritannien i mer \u00e4n sex m\u00e5nader tillsammans med en n\u00e4ra sl\u00e4kting: make\/maka, barn, f\u00f6r\u00e4lder eller annan familjemedlem. Denna typ av visum \u00e4r f\u00f6rem\u00e5l f\u00f6r familjeband, inkomst och ibland boendekriterier. Det finns ocks\u00e5 ett <a href=\"https:\/\/uk-gb.net\/sv\/barnvisum-england-storbritannien\/\">barnvisum f\u00f6r Storbritannien<\/a>.  <\/p>\n\n<h2 class=\"wp-block-heading\">Aff\u00e4rsresor: n\u00e4r ska du ans\u00f6ka om ett aff\u00e4rsvisum?<\/h2>\n\n<p><a href=\"https:\/\/uk-gb.net\/sv\/affarsvisum-for-england-storbritannien\/\">Aff\u00e4rsvisum<\/a> \u00e4r avsett f\u00f6r utl\u00e4ndska yrkesut\u00f6vare som reser till Storbritannien f\u00f6r <strong>tillf\u00e4lliga aktiviteter som inte ers\u00e4tts lokalt<\/strong>, t.ex. :<\/p>\n\n<ul class=\"wp-block-list\">\n<li>Deltagande i ett m\u00f6te eller en konferens<\/li>\n\n\n\n<li>F\u00f6rhandla om ett avtal<\/li>\n\n\n\n<li>Genomf\u00f6ra forskning eller presentera ett akademiskt projekt<\/li>\n<\/ul>\n\n<div style=\"height:10px\" aria-hidden=\"true\" class=\"wp-block-spacer\"><\/div>\n\n<p>Detta visum <strong>ger dig inte r\u00e4tt att arbeta f\u00f6r ett brittiskt f\u00f6retag<\/strong> eller att bos\u00e4tta dig permanent i Storbritannien.<\/p>\n","protected":false},"excerpt":{"rendered":"<p>De viktigaste visumen f\u00f6r Storbritannien Storbritannien erbjuder flera olika typer av visum som \u00e4r anpassade till olika resen\u00e4rsprofiler: turister p\u00e5 genomresa, studenter, yrkesverksamma eller familjemedlemmar som ansluter sig till en n\u00e4ra anh\u00f6rig. Varje visum uppfyller s\u00e4rskilda villkor och till\u00e5ter en vistelse av varierande l\u00e4ngd i Storbritannien. H\u00e4r \u00e4r en \u00f6versikt \u00f6ver de viktigaste viseringar som [&hellip;]<\/p>\n","protected":false},"author":1,"featured_media":0,"parent":0,"menu_order":0,"comment_status":"closed","ping_status":"closed","template":"","meta":{"footnotes":""},"class_list":["post-2133","page","type-page","status-publish","hentry"],"yoast_head":"<!-- This site is optimized with the Yoast SEO plugin v27.3 - https:\/\/yoast.com\/product\/yoast-seo-wordpress\/ -->\n<title>De olika viseringarna f\u00f6r resor till Storbritannien - UK GB<\/title>\n<meta name=\"description\" content=\"Vilka visum finns tillg\u00e4ngliga f\u00f6r utl\u00e4ndska resen\u00e4rer som vill bes\u00f6ka Storbritannien?\" \/>\n<meta name=\"robots\" content=\"index, follow, max-snippet:-1, max-image-preview:large, max-video-preview:-1\" \/>\n<link rel=\"canonical\" href=\"https:\/\/uk-gb.net\/sv\/olika-brittiska-visum\/\" \/>\n<meta property=\"og:locale\" content=\"sv_SE\" \/>\n<meta property=\"og:type\" content=\"article\" \/>\n<meta property=\"og:title\" content=\"De olika viseringarna f\u00f6r resor till Storbritannien - UK GB\" \/>\n<meta property=\"og:description\" content=\"Vilka visum finns tillg\u00e4ngliga f\u00f6r utl\u00e4ndska resen\u00e4rer som vill bes\u00f6ka Storbritannien?\" \/>\n<meta property=\"og:url\" content=\"https:\/\/uk-gb.net\/sv\/olika-brittiska-visum\/\" \/>\n<meta property=\"og:site_name\" content=\"UK GB\" \/>\n<meta property=\"article:modified_time\" content=\"2026-01-06T13:09:15+00:00\" \/>\n<meta name=\"twitter:card\" content=\"summary_large_image\" \/>\n<meta name=\"twitter:label1\" content=\"Ber\u00e4knad l\u00e4stid\" \/>\n\t<meta name=\"twitter:data1\" content=\"2 minuter\" \/>\n<script type=\"application\/ld+json\" class=\"yoast-schema-graph\">{\"@context\":\"https:\\\/\\\/schema.org\",\"@graph\":[{\"@type\":\"WebPage\",\"@id\":\"https:\\\/\\\/uk-gb.net\\\/sv\\\/olika-brittiska-visum\\\/\",\"url\":\"https:\\\/\\\/uk-gb.net\\\/sv\\\/olika-brittiska-visum\\\/\",\"name\":\"De olika viseringarna f\u00f6r resor till Storbritannien - UK GB\",\"isPartOf\":{\"@id\":\"https:\\\/\\\/uk-gb.net\\\/sv\\\/#website\"},\"datePublished\":\"2023-12-07T14:55:09+00:00\",\"dateModified\":\"2026-01-06T13:09:15+00:00\",\"description\":\"Vilka visum finns tillg\u00e4ngliga f\u00f6r utl\u00e4ndska resen\u00e4rer som vill bes\u00f6ka Storbritannien?\",\"inLanguage\":\"sv-SE\",\"potentialAction\":[{\"@type\":\"ReadAction\",\"target\":[\"https:\\\/\\\/uk-gb.net\\\/sv\\\/olika-brittiska-visum\\\/\"]}]},{\"@type\":\"WebSite\",\"@id\":\"https:\\\/\\\/uk-gb.net\\\/sv\\\/#website\",\"url\":\"https:\\\/\\\/uk-gb.net\\\/sv\\\/\",\"name\":\"UK GB\",\"description\":\"Travel to the UK\",\"potentialAction\":[{\"@type\":\"SearchAction\",\"target\":{\"@type\":\"EntryPoint\",\"urlTemplate\":\"https:\\\/\\\/uk-gb.net\\\/sv\\\/?s={search_term_string}\"},\"query-input\":{\"@type\":\"PropertyValueSpecification\",\"valueRequired\":true,\"valueName\":\"search_term_string\"}}],\"inLanguage\":\"sv-SE\"}]}<\/script>\n<!-- \/ Yoast SEO plugin. -->","yoast_head_json":{"title":"De olika viseringarna f\u00f6r resor till Storbritannien - UK GB","description":"Vilka visum finns tillg\u00e4ngliga f\u00f6r utl\u00e4ndska resen\u00e4rer som vill bes\u00f6ka Storbritannien?","robots":{"index":"index","follow":"follow","max-snippet":"max-snippet:-1","max-image-preview":"max-image-preview:large","max-video-preview":"max-video-preview:-1"},"canonical":"https:\/\/uk-gb.net\/sv\/olika-brittiska-visum\/","og_locale":"sv_SE","og_type":"article","og_title":"De olika viseringarna f\u00f6r resor till Storbritannien - UK GB","og_description":"Vilka visum finns tillg\u00e4ngliga f\u00f6r utl\u00e4ndska resen\u00e4rer som vill bes\u00f6ka Storbritannien?","og_url":"https:\/\/uk-gb.net\/sv\/olika-brittiska-visum\/","og_site_name":"UK GB","article_modified_time":"2026-01-06T13:09:15+00:00","twitter_card":"summary_large_image","twitter_misc":{"Ber\u00e4knad l\u00e4stid":"2 minuter"},"schema":{"@context":"https:\/\/schema.org","@graph":[{"@type":"WebPage","@id":"https:\/\/uk-gb.net\/sv\/olika-brittiska-visum\/","url":"https:\/\/uk-gb.net\/sv\/olika-brittiska-visum\/","name":"De olika viseringarna f\u00f6r resor till Storbritannien - UK GB","isPartOf":{"@id":"https:\/\/uk-gb.net\/sv\/#website"},"datePublished":"2023-12-07T14:55:09+00:00","dateModified":"2026-01-06T13:09:15+00:00","description":"Vilka visum finns tillg\u00e4ngliga f\u00f6r utl\u00e4ndska resen\u00e4rer som vill bes\u00f6ka Storbritannien?","inLanguage":"sv-SE","potentialAction":[{"@type":"ReadAction","target":["https:\/\/uk-gb.net\/sv\/olika-brittiska-visum\/"]}]},{"@type":"WebSite","@id":"https:\/\/uk-gb.net\/sv\/#website","url":"https:\/\/uk-gb.net\/sv\/","name":"UK GB","description":"Travel to the UK","potentialAction":[{"@type":"SearchAction","target":{"@type":"EntryPoint","urlTemplate":"https:\/\/uk-gb.net\/sv\/?s={search_term_string}"},"query-input":{"@type":"PropertyValueSpecification","valueRequired":true,"valueName":"search_term_string"}}],"inLanguage":"sv-SE"}]}},"_links":{"self":[{"href":"https:\/\/uk-gb.net\/sv\/wp-json\/wp\/v2\/pages\/2133","targetHints":{"allow":["GET"]}}],"collection":[{"href":"https:\/\/uk-gb.net\/sv\/wp-json\/wp\/v2\/pages"}],"about":[{"href":"https:\/\/uk-gb.net\/sv\/wp-json\/wp\/v2\/types\/page"}],"author":[{"embeddable":true,"href":"https:\/\/uk-gb.net\/sv\/wp-json\/wp\/v2\/users\/1"}],"replies":[{"embeddable":true,"href":"https:\/\/uk-gb.net\/sv\/wp-json\/wp\/v2\/comments?post=2133"}],"version-history":[{"count":0,"href":"https:\/\/uk-gb.net\/sv\/wp-json\/wp\/v2\/pages\/2133\/revisions"}],"wp:attachment":[{"href":"https:\/\/uk-gb.net\/sv\/wp-json\/wp\/v2\/media?parent=2133"}],"curies":[{"name":"wp","href":"https:\/\/api.w.org\/{rel}","templated":true}]}}