{"id":2111,"date":"2023-12-07T15:07:43","date_gmt":"2023-12-07T15:07:43","guid":{"rendered":"https:\/\/uk-gb.net\/studentvisum-england-forenta-kungariket\/"},"modified":"2025-12-19T09:31:20","modified_gmt":"2025-12-19T09:31:20","slug":"studentvisum-england-forenta-kungariket","status":"publish","type":"page","link":"https:\/\/uk-gb.net\/sv\/studentvisum-england-forenta-kungariket\/","title":{"rendered":"Studentvisum f\u00f6r Storbritannien"},"content":{"rendered":"\n<h1 class=\"wp-block-heading\">Visum f\u00f6r att studera i Storbritannien<\/h1>\n\n<p>Det <strong>brittiska studentvisumet<\/strong>, som officiellt kallas <strong>studentvisum<\/strong>, \u00e4r obligatoriskt f\u00f6r alla internationella studenter som vill studera i Storbritannien i mer \u00e4n 6 m\u00e5nader. Att studera i England, Skottland, Wales eller Nordirland ger dig m\u00f6jlighet att studera vid v\u00e4rldsber\u00f6mda universitet som Oxford, Cambridge, Edinburgh eller UCL. <\/p>\n\n<p><strong>F\u00f6r en skolvistelse p\u00e5 mindre \u00e4n 6 m\u00e5nader<\/strong>: Du beh\u00f6ver inte skaffa ett brittiskt studentvisum; du beh\u00f6ver bara ans\u00f6ka om ett resetillst\u00e5nd genom att fylla i <a href=\"https:\/\/uk-gb.net\/sv\/online-formular-eta-visering-england-fk\/\">ETA-formul\u00e4ret online<\/a>.<\/p>\n\n<div style=\"height:10px\" aria-hidden=\"true\" class=\"wp-block-spacer\"><\/div>\n\n<h2 class=\"wp-block-heading\">Vem beh\u00f6ver ett studentvisum till Storbritannien?<\/h2>\n\n<p>Du m\u00e5ste ans\u00f6ka om ett studentvisum om du :<\/p>\n\n<ul class=\"wp-block-list\">\n<li>\u00c4r 16 \u00e5r eller \u00e4ldre<\/li>\n\n\n\n<li>Har blivit antagen till en ackrediterad utbildningsinstitution i Storbritannien<\/li>\n\n\n\n<li>Vill f\u00f6lja ett <strong>studieprogram som varar mer \u00e4n 6 m\u00e5nader<\/strong><\/li>\n\n\n\n<li><strong>inte \u00e4r brittisk eller irl\u00e4ndsk medborgare<\/strong><\/li>\n\n\n\n<li>\u00c4r inte ber\u00e4ttigade till ett <a href=\"https:\/\/uk-gb.net\/sv\/eta-england-forenade-kungariket\/\">ETA i Storbritannien<\/a><\/li>\n<\/ul>\n\n<blockquote class=\"wp-block-quote is-layout-flow wp-block-quote-is-layout-flow\">\n<p>EU-medborgare m\u00e5ste ocks\u00e5 ans\u00f6ka om ett studentvisum efter Storbritanniens uttr\u00e4de ur EU.<\/p>\n<\/blockquote>\n\n<h2 class=\"wp-block-heading\">Villkor f\u00f6r att f\u00e5 ett brittiskt studentvisum<\/h2>\n\n<p>F\u00f6r att din ans\u00f6kan ska kunna godtas m\u00e5ste du :<\/p>\n\n<p>\u2705 F\u00e5 en <strong>Confirmation of Acceptance for Studies (CAS)<\/strong>, utf\u00e4rdad av ditt universitet eller din h\u00f6gskola<br\/>\u2705 Bevisa att du har tillr\u00e4ckliga kunskaper i <strong>engelska<\/strong> (i allm\u00e4nhet niv\u00e5 B2 f\u00f6r h\u00f6gre utbildning)<br\/>\u2705 Bevisa att du har tillr\u00e4ckliga <strong>ekonomiska resurser<\/strong> f\u00f6r att t\u00e4cka kostnaderna f\u00f6r din undervisning, boende och levnadskostnader p\u00e5 din destination<br\/>\u2705 Betala <strong>Immigration Health Surcharge<\/strong> f\u00f6r att dra nytta av NHS under dina studier<\/p>\n\n<div style=\"height:10px\" aria-hidden=\"true\" class=\"wp-block-spacer\"><\/div>\n\n<h2 class=\"wp-block-heading\">Giltighetstid f\u00f6r studentvisumet<\/h2>\n\n<p>Visumets giltighetstid beror p\u00e5 hur l\u00e4nge skolprogrammet p\u00e5g\u00e5r:<\/p>\n\n<ul class=\"wp-block-list\">\n<li><strong>F\u00f6r kurser p\u00e5 6-11 m\u00e5nader<\/strong>: visum med motsvarande giltighetstid<\/li>\n\n\n\n<li><strong>Kandidatexamen, magisterexamen eller doktorsexamen<\/strong>: programmets l\u00e4ngd + 1 till 2 extra m\u00e5nader<\/li>\n\n\n\n<li>M\u00f6jlighet att f\u00f6rl\u00e4nga eller f\u00f6rnya visumet vid fortsatta studier eller byte av etableringsort<\/li>\n<\/ul>\n\n<p>Akademiker kan sedan ans\u00f6ka om ett <strong>Graduate Visa<\/strong> f\u00f6r att stanna i upp till 2 \u00e5r efter avslutade studier (3 \u00e5r f\u00f6r en doktorsexamen).<\/p>\n\n<h2 class=\"wp-block-heading\">Hur mycket kostar ett studentvisum till Storbritannien?<\/h2>\n\n<figure class=\"wp-block-table\"><table><tbody><tr><td>Studentvisum (standard)<\/td><td>490 \u00a3<\/td><\/tr><tr><td>Till\u00e4ggsavgift f\u00f6r h\u00e4lsa vid invandring (IHS)<\/td><td>776 kr per \u00e5r (eller 388 kr f\u00f6r 6 m\u00e5nader)<\/td><\/tr><\/tbody><\/table><\/figure>\n\n<p><a href=\"https:\/\/uk-gb.net\/sv\/kostnader-visum-resa-england\/\">Visumavgiften<\/a> betalas online vid ans\u00f6kningstillf\u00e4llet. Denna avgift <strong>\u00e5terbetalas inte<\/strong>, inte ens om ans\u00f6kan avsl\u00e5s. <\/p>\n\n<h2 class=\"wp-block-heading\">S\u00e5 h\u00e4r ans\u00f6ker du om studentvisum<\/h2>\n\n<ol class=\"wp-block-list\">\n<li><strong>Ta emot en CAS<\/strong> fr\u00e5n den valda anl\u00e4ggningen<\/li>\n\n\n\n<li><strong>Skapa ett konto p\u00e5 gov.uk<\/strong> och fyll i ans\u00f6kningsformul\u00e4ret<\/li>\n\n\n\n<li><strong>Betala visumavgifter + IHS<\/strong><\/li>\n\n\n\n<li><strong>Boka tid p\u00e5 ett visumans\u00f6kningscenter<\/strong> f\u00f6r biometriska uppgifter<\/li>\n\n\n\n<li><strong>Inl\u00e4mnande<\/strong> av styrkande handlingar<\/li>\n\n\n\n<li>V\u00e4ntar p\u00e5 beslut<\/li>\n<\/ol>\n\n<blockquote class=\"wp-block-quote is-layout-flow wp-block-quote-is-layout-flow\">\n<p>N\u00e4r ditt visum har godk\u00e4nts kan du <strong>arbeta upp till 20 timmar i veckan<\/strong> under kursperioderna och heltid under semestrarna.<\/p>\n<\/blockquote>\n\n<h2 class=\"wp-block-heading\">Kan jag studera i Storbritannien med ett ETA och utan visum?<\/h2>\n\n<p>Ja, <strong>i vissa fall<\/strong> kan ett skolbes\u00f6k i Storbritannien under n\u00e5gra m\u00e5nader genomf\u00f6ras med ett <a href=\"https:\/\/uk-gb.net\/sv\/eta-england-forenade-kungariket\/\">ETA f\u00f6r Storbritannien,<\/a> men det beror p\u00e5 bes\u00f6kets exakta karakt\u00e4r. H\u00e4r \u00e4r detaljerna: <\/p>\n\n<ul class=\"wp-block-list\">\n<li>Vistelsen \u00e4r <strong>kortare \u00e4n 6 m\u00e5nader<\/strong><\/li>\n\n\n\n<li>Det \u00e4r ett <strong>skolutbyte<\/strong> eller ett <strong>oavl\u00f6nat<\/strong> program<\/li>\n\n\n\n<li>V\u00e4rdinstitutionen \u00e4r <strong>ackrediterad<\/strong> i Storbritannien<\/li>\n\n\n\n<li>Studenten \u00e4r medborgare i ett <a href=\"https:\/\/uk-gb.net\/sv\/land-som-kan-rekvirera-eta-forenat-kungarike\/\">land som \u00e4r ber\u00e4ttigat till ETA<\/a> (EU, Kanada, Japan etc.)<\/li>\n\n\n\n<li>I programmet ing\u00e5r inte <strong>arbete, betald praktik eller l\u00e4ngre formell utbildning.<\/strong><\/li>\n<\/ul>\n\n<blockquote class=\"wp-block-quote is-layout-flow wp-block-quote-is-layout-flow\">\n<p>Exempel: en europeisk student g\u00e5r en termin i en brittisk skola som en del av ett utbytesprogram \u2192 ett ETA \u00e4r allt som beh\u00f6vs.<\/p>\n<\/blockquote>\n","protected":false},"excerpt":{"rendered":"<p>Visum f\u00f6r att studera i Storbritannien Det brittiska studentvisumet, som officiellt kallas studentvisum, \u00e4r obligatoriskt f\u00f6r alla internationella studenter som vill studera i Storbritannien i mer \u00e4n 6 m\u00e5nader. Att studera i England, Skottland, Wales eller Nordirland ger dig m\u00f6jlighet att studera vid v\u00e4rldsber\u00f6mda universitet som Oxford, Cambridge, Edinburgh eller UCL. F\u00f6r en skolvistelse p\u00e5 [&hellip;]<\/p>\n","protected":false},"author":1,"featured_media":0,"parent":0,"menu_order":0,"comment_status":"closed","ping_status":"closed","template":"","meta":{"footnotes":""},"class_list":["post-2111","page","type-page","status-publish","hentry"],"yoast_head":"<!-- This site is optimized with the Yoast SEO plugin v27.3 - https:\/\/yoast.com\/product\/yoast-seo-wordpress\/ -->\n<title>Studentvisum f\u00f6r Storbritannien - UK GB<\/title>\n<meta name=\"description\" content=\"H\u00e4r \u00e4r den viktigaste informationen om studentvisum f\u00f6r studier och vistelse i Storbritannien som en del av din utbildning\" \/>\n<meta name=\"robots\" content=\"index, follow, max-snippet:-1, max-image-preview:large, max-video-preview:-1\" \/>\n<link rel=\"canonical\" href=\"https:\/\/uk-gb.net\/sv\/studentvisum-england-forenta-kungariket\/\" \/>\n<meta property=\"og:locale\" content=\"sv_SE\" \/>\n<meta property=\"og:type\" content=\"article\" \/>\n<meta property=\"og:title\" content=\"Studentvisum f\u00f6r Storbritannien - UK GB\" \/>\n<meta property=\"og:description\" content=\"H\u00e4r \u00e4r den viktigaste informationen om studentvisum f\u00f6r studier och vistelse i Storbritannien som en del av din utbildning\" \/>\n<meta property=\"og:url\" content=\"https:\/\/uk-gb.net\/sv\/studentvisum-england-forenta-kungariket\/\" \/>\n<meta property=\"og:site_name\" content=\"UK GB\" \/>\n<meta property=\"article:modified_time\" content=\"2025-12-19T09:31:20+00:00\" \/>\n<meta name=\"twitter:card\" content=\"summary_large_image\" \/>\n<meta name=\"twitter:label1\" content=\"Ber\u00e4knad l\u00e4stid\" \/>\n\t<meta name=\"twitter:data1\" content=\"3 minuter\" \/>\n<script type=\"application\/ld+json\" class=\"yoast-schema-graph\">{\"@context\":\"https:\\\/\\\/schema.org\",\"@graph\":[{\"@type\":\"WebPage\",\"@id\":\"https:\\\/\\\/uk-gb.net\\\/sv\\\/studentvisum-england-forenta-kungariket\\\/\",\"url\":\"https:\\\/\\\/uk-gb.net\\\/sv\\\/studentvisum-england-forenta-kungariket\\\/\",\"name\":\"Studentvisum f\u00f6r Storbritannien - UK GB\",\"isPartOf\":{\"@id\":\"https:\\\/\\\/uk-gb.net\\\/sv\\\/#website\"},\"datePublished\":\"2023-12-07T15:07:43+00:00\",\"dateModified\":\"2025-12-19T09:31:20+00:00\",\"description\":\"H\u00e4r \u00e4r den viktigaste informationen om studentvisum f\u00f6r studier och vistelse i Storbritannien som en del av din utbildning\",\"inLanguage\":\"sv-SE\",\"potentialAction\":[{\"@type\":\"ReadAction\",\"target\":[\"https:\\\/\\\/uk-gb.net\\\/sv\\\/studentvisum-england-forenta-kungariket\\\/\"]}]},{\"@type\":\"WebSite\",\"@id\":\"https:\\\/\\\/uk-gb.net\\\/sv\\\/#website\",\"url\":\"https:\\\/\\\/uk-gb.net\\\/sv\\\/\",\"name\":\"UK GB\",\"description\":\"Travel to the UK\",\"potentialAction\":[{\"@type\":\"SearchAction\",\"target\":{\"@type\":\"EntryPoint\",\"urlTemplate\":\"https:\\\/\\\/uk-gb.net\\\/sv\\\/?s={search_term_string}\"},\"query-input\":{\"@type\":\"PropertyValueSpecification\",\"valueRequired\":true,\"valueName\":\"search_term_string\"}}],\"inLanguage\":\"sv-SE\"}]}<\/script>\n<!-- \/ Yoast SEO plugin. -->","yoast_head_json":{"title":"Studentvisum f\u00f6r Storbritannien - UK GB","description":"H\u00e4r \u00e4r den viktigaste informationen om studentvisum f\u00f6r studier och vistelse i Storbritannien som en del av din utbildning","robots":{"index":"index","follow":"follow","max-snippet":"max-snippet:-1","max-image-preview":"max-image-preview:large","max-video-preview":"max-video-preview:-1"},"canonical":"https:\/\/uk-gb.net\/sv\/studentvisum-england-forenta-kungariket\/","og_locale":"sv_SE","og_type":"article","og_title":"Studentvisum f\u00f6r Storbritannien - UK GB","og_description":"H\u00e4r \u00e4r den viktigaste informationen om studentvisum f\u00f6r studier och vistelse i Storbritannien som en del av din utbildning","og_url":"https:\/\/uk-gb.net\/sv\/studentvisum-england-forenta-kungariket\/","og_site_name":"UK GB","article_modified_time":"2025-12-19T09:31:20+00:00","twitter_card":"summary_large_image","twitter_misc":{"Ber\u00e4knad l\u00e4stid":"3 minuter"},"schema":{"@context":"https:\/\/schema.org","@graph":[{"@type":"WebPage","@id":"https:\/\/uk-gb.net\/sv\/studentvisum-england-forenta-kungariket\/","url":"https:\/\/uk-gb.net\/sv\/studentvisum-england-forenta-kungariket\/","name":"Studentvisum f\u00f6r Storbritannien - UK GB","isPartOf":{"@id":"https:\/\/uk-gb.net\/sv\/#website"},"datePublished":"2023-12-07T15:07:43+00:00","dateModified":"2025-12-19T09:31:20+00:00","description":"H\u00e4r \u00e4r den viktigaste informationen om studentvisum f\u00f6r studier och vistelse i Storbritannien som en del av din utbildning","inLanguage":"sv-SE","potentialAction":[{"@type":"ReadAction","target":["https:\/\/uk-gb.net\/sv\/studentvisum-england-forenta-kungariket\/"]}]},{"@type":"WebSite","@id":"https:\/\/uk-gb.net\/sv\/#website","url":"https:\/\/uk-gb.net\/sv\/","name":"UK GB","description":"Travel to the UK","potentialAction":[{"@type":"SearchAction","target":{"@type":"EntryPoint","urlTemplate":"https:\/\/uk-gb.net\/sv\/?s={search_term_string}"},"query-input":{"@type":"PropertyValueSpecification","valueRequired":true,"valueName":"search_term_string"}}],"inLanguage":"sv-SE"}]}},"_links":{"self":[{"href":"https:\/\/uk-gb.net\/sv\/wp-json\/wp\/v2\/pages\/2111","targetHints":{"allow":["GET"]}}],"collection":[{"href":"https:\/\/uk-gb.net\/sv\/wp-json\/wp\/v2\/pages"}],"about":[{"href":"https:\/\/uk-gb.net\/sv\/wp-json\/wp\/v2\/types\/page"}],"author":[{"embeddable":true,"href":"https:\/\/uk-gb.net\/sv\/wp-json\/wp\/v2\/users\/1"}],"replies":[{"embeddable":true,"href":"https:\/\/uk-gb.net\/sv\/wp-json\/wp\/v2\/comments?post=2111"}],"version-history":[{"count":0,"href":"https:\/\/uk-gb.net\/sv\/wp-json\/wp\/v2\/pages\/2111\/revisions"}],"wp:attachment":[{"href":"https:\/\/uk-gb.net\/sv\/wp-json\/wp\/v2\/media?parent=2111"}],"curies":[{"name":"wp","href":"https:\/\/api.w.org\/{rel}","templated":true}]}}