{"id":2021,"date":"2023-12-31T15:10:49","date_gmt":"2023-12-31T15:10:49","guid":{"rendered":"https:\/\/uk-gb.net\/visum-england-fran-sverige\/"},"modified":"2026-03-02T14:13:24","modified_gmt":"2026-03-02T14:13:24","slug":"visum-england-fran-sverige","status":"publish","type":"page","link":"https:\/\/uk-gb.net\/sv\/visum-england-fran-sverige\/","title":{"rendered":"Visum f\u00f6r England fr\u00e5n Sverige"},"content":{"rendered":"\n<h1 class=\"wp-block-heading\">Formaliteter f\u00f6r resa till England fr\u00e5n Sverige<\/h1>\n\n<h2 class=\"wp-block-heading\">Beh\u00f6ver svensk medborgare visum f\u00f6r att resa till England?<\/h2>\n\n<p><strong>En svensk medborgare beh\u00f6ver inget visum till Storbritannien f\u00f6r en vistelse p\u00e5 mindre \u00e4n 6 m\u00e5nader<\/strong> tack vare det brittiska programmet f\u00f6r viseringsundantag. Allt de beh\u00f6ver g\u00f6ra \u00e4r att ans\u00f6ka om ett elektroniskt resetillst\u00e5nd genom att fylla i <a href=\"https:\/\/uk-gb.net\/sv\/online-formular-eta-visering-england-fk\/\">formul\u00e4ret eTA UK online<\/a>.<\/p>\n\n<div style=\"height:20px\" aria-hidden=\"true\" class=\"wp-block-spacer\"><\/div>\n\n<h2 class=\"wp-block-heading\">Beh\u00f6ver utl\u00e4ndska medborgare som bor i Sverige visum till Storbritannien?<\/h2>\n\n<p>Vilka formaliteter som kr\u00e4vs f\u00f6r att resa in i Storbritannien beror p\u00e5 resen\u00e4rens nationalitet:<\/p>\n\n<ul class=\"wp-block-list\">\n<li>Om den utl\u00e4ndska personen som \u00e4r bosatt i Sverige \u00e4r medborgare i ett <a href=\"https:\/\/uk-gb.net\/sv\/land-som-kan-rekvirera-eta-forenat-kungarike\/\">land som omfattas av programmet f\u00f6r viseringsundantag<\/a> kan han eller hon ans\u00f6ka om ett <a href=\"https:\/\/uk-gb.net\/sv\/eta-england-forenade-kungariket\/\">ETA i Storbritannien<\/a> f\u00f6r en vistelse p\u00e5 mindre \u00e4n 6 m\u00e5nader.<\/li>\n\n\n\n<li>I annat fall m\u00e5ste de ans\u00f6ka om <a href=\"https:\/\/uk-gb.net\/sv\/olika-brittiska-visum\/\">visum f\u00f6r att resa till England<\/a>.<\/li>\n<\/ul>\n\n<p>En utl\u00e4ndsk medborgare som bor i Frankrike kan d\u00e4rf\u00f6r f\u00e5 ett ETA om hans eller hennes ursprungsland omfattas av brittisk viseringsfrihet.<\/p>\n\n<h2 class=\"wp-block-heading\">Hur ans\u00f6ker jag om visum till England fr\u00e5n Sverige?<\/h2>\n\n<p>F\u00f6r att f\u00e5 en visering f\u00f6r Storbritannien m\u00e5ste du fylla i onlineformul\u00e4ret p\u00e5 UK Border Agencys webbplats. Processen sker i flera steg, helt online. <\/p>\n\n<p>Hur du ans\u00f6ker om visum och vilka <a href=\"https:\/\/uk-gb.net\/sv\/kostnader-visum-resa-england\/\">avgifter som ska betalas<\/a> beror p\u00e5 anledningen till din vistelse i Storbritannien.<\/p>\n\n<h3 class=\"wp-block-heading\">Hur ans\u00f6ker jag om ett turistvisum f\u00f6r England i Sverige?<\/h3>\n\n<p>Om du ska vistas i Storbritannien i mer \u00e4n 6 m\u00e5nader m\u00e5ste du ans\u00f6ka om ett <a href=\"https:\/\/uk-gb.net\/sv\/turistbesok-england-forenade-kungariket\/\">brittiskt turistvisum<\/a>. Din ans\u00f6kan kommer att behandlas av den <a href=\"https:\/\/uk-gb.net\/sv\/ambassad-england-forenta-kungariket-i-sverige\/\">brittiska ambassaden<\/a>. <\/p>\n\n<h3 class=\"wp-block-heading\">Hur kan en svensk medborgare f\u00e5 ett arbetsvisum f\u00f6r England?<\/h3>\n\n<p>F\u00f6r att f\u00e5 ett arbetsvisum f\u00f6r Storbritannien m\u00e5ste du f\u00f6rst f\u00e5 ett jobberbjudande fr\u00e5n ett brittiskt f\u00f6retag. Detta f\u00f6retag kommer sedan att beh\u00f6va certifiera ditt uppdrag och sponsra ditt visum till Storbritannien. <\/p>\n\n<h3 class=\"wp-block-heading\">Hur f\u00e5r jag en tid f\u00f6r visum till Storbritannien?<\/h3>\n\n<p>Om din ans\u00f6kan kr\u00e4ver en annan process kanske du kan f\u00e5 en <a href=\"https:\/\/uk-gb.net\/sv\/visumbokning-vid-den-brittiska-ambassaden\/\">tid p\u00e5 den brittiska ambassaden<\/a>.<\/p>\n\n<p><\/p>\n","protected":false},"excerpt":{"rendered":"<p>Formaliteter f\u00f6r resa till England fr\u00e5n Sverige Beh\u00f6ver svensk medborgare visum f\u00f6r att resa till England? En svensk medborgare beh\u00f6ver inget visum till Storbritannien f\u00f6r en vistelse p\u00e5 mindre \u00e4n 6 m\u00e5nader tack vare det brittiska programmet f\u00f6r viseringsundantag. Allt de beh\u00f6ver g\u00f6ra \u00e4r att ans\u00f6ka om ett elektroniskt resetillst\u00e5nd genom att fylla i formul\u00e4ret [&hellip;]<\/p>\n","protected":false},"author":1,"featured_media":0,"parent":0,"menu_order":0,"comment_status":"closed","ping_status":"closed","template":"","meta":{"footnotes":""},"class_list":["post-2021","page","type-page","status-publish","hentry"],"yoast_head":"<!-- This site is optimized with the Yoast SEO plugin v27.4 - https:\/\/yoast.com\/product\/yoast-seo-wordpress\/ -->\n<title>Visum f\u00f6r England fr\u00e5n Sverige - UK GB<\/title>\n<meta name=\"description\" content=\"S\u00e5 h\u00e4r f\u00e5r du ett visum online f\u00f6r att resa till Storbritannien fr\u00e5n Sverige p\u00e5 bara n\u00e5gra minuter med ditt pass\" \/>\n<meta name=\"robots\" content=\"index, follow, max-snippet:-1, max-image-preview:large, max-video-preview:-1\" \/>\n<link rel=\"canonical\" href=\"https:\/\/uk-gb.net\/sv\/visum-england-fran-sverige\/\" \/>\n<meta property=\"og:locale\" content=\"sv_SE\" \/>\n<meta property=\"og:type\" content=\"article\" \/>\n<meta property=\"og:title\" content=\"Visum f\u00f6r England fr\u00e5n Sverige - UK GB\" \/>\n<meta property=\"og:description\" content=\"S\u00e5 h\u00e4r f\u00e5r du ett visum online f\u00f6r att resa till Storbritannien fr\u00e5n Sverige p\u00e5 bara n\u00e5gra minuter med ditt pass\" \/>\n<meta property=\"og:url\" content=\"https:\/\/uk-gb.net\/sv\/visum-england-fran-sverige\/\" \/>\n<meta property=\"og:site_name\" content=\"UK GB\" \/>\n<meta property=\"article:modified_time\" content=\"2026-03-02T14:13:24+00:00\" \/>\n<meta name=\"twitter:card\" content=\"summary_large_image\" \/>\n<meta name=\"twitter:label1\" content=\"Ber\u00e4knad l\u00e4stid\" \/>\n\t<meta name=\"twitter:data1\" content=\"2 minuter\" \/>\n<script type=\"application\/ld+json\" class=\"yoast-schema-graph\">{\"@context\":\"https:\\\/\\\/schema.org\",\"@graph\":[{\"@type\":\"WebPage\",\"@id\":\"https:\\\/\\\/uk-gb.net\\\/sv\\\/visum-england-fran-sverige\\\/\",\"url\":\"https:\\\/\\\/uk-gb.net\\\/sv\\\/visum-england-fran-sverige\\\/\",\"name\":\"Visum f\u00f6r England fr\u00e5n Sverige - UK GB\",\"isPartOf\":{\"@id\":\"https:\\\/\\\/uk-gb.net\\\/sv\\\/#website\"},\"datePublished\":\"2023-12-31T15:10:49+00:00\",\"dateModified\":\"2026-03-02T14:13:24+00:00\",\"description\":\"S\u00e5 h\u00e4r f\u00e5r du ett visum online f\u00f6r att resa till Storbritannien fr\u00e5n Sverige p\u00e5 bara n\u00e5gra minuter med ditt pass\",\"inLanguage\":\"sv-SE\",\"potentialAction\":[{\"@type\":\"ReadAction\",\"target\":[\"https:\\\/\\\/uk-gb.net\\\/sv\\\/visum-england-fran-sverige\\\/\"]}]},{\"@type\":\"WebSite\",\"@id\":\"https:\\\/\\\/uk-gb.net\\\/sv\\\/#website\",\"url\":\"https:\\\/\\\/uk-gb.net\\\/sv\\\/\",\"name\":\"UK GB\",\"description\":\"Travel to the UK\",\"potentialAction\":[{\"@type\":\"SearchAction\",\"target\":{\"@type\":\"EntryPoint\",\"urlTemplate\":\"https:\\\/\\\/uk-gb.net\\\/sv\\\/?s={search_term_string}\"},\"query-input\":{\"@type\":\"PropertyValueSpecification\",\"valueRequired\":true,\"valueName\":\"search_term_string\"}}],\"inLanguage\":\"sv-SE\"}]}<\/script>\n<!-- \/ Yoast SEO plugin. -->","yoast_head_json":{"title":"Visum f\u00f6r England fr\u00e5n Sverige - UK GB","description":"S\u00e5 h\u00e4r f\u00e5r du ett visum online f\u00f6r att resa till Storbritannien fr\u00e5n Sverige p\u00e5 bara n\u00e5gra minuter med ditt pass","robots":{"index":"index","follow":"follow","max-snippet":"max-snippet:-1","max-image-preview":"max-image-preview:large","max-video-preview":"max-video-preview:-1"},"canonical":"https:\/\/uk-gb.net\/sv\/visum-england-fran-sverige\/","og_locale":"sv_SE","og_type":"article","og_title":"Visum f\u00f6r England fr\u00e5n Sverige - UK GB","og_description":"S\u00e5 h\u00e4r f\u00e5r du ett visum online f\u00f6r att resa till Storbritannien fr\u00e5n Sverige p\u00e5 bara n\u00e5gra minuter med ditt pass","og_url":"https:\/\/uk-gb.net\/sv\/visum-england-fran-sverige\/","og_site_name":"UK GB","article_modified_time":"2026-03-02T14:13:24+00:00","twitter_card":"summary_large_image","twitter_misc":{"Ber\u00e4knad l\u00e4stid":"2 minuter"},"schema":{"@context":"https:\/\/schema.org","@graph":[{"@type":"WebPage","@id":"https:\/\/uk-gb.net\/sv\/visum-england-fran-sverige\/","url":"https:\/\/uk-gb.net\/sv\/visum-england-fran-sverige\/","name":"Visum f\u00f6r England fr\u00e5n Sverige - UK GB","isPartOf":{"@id":"https:\/\/uk-gb.net\/sv\/#website"},"datePublished":"2023-12-31T15:10:49+00:00","dateModified":"2026-03-02T14:13:24+00:00","description":"S\u00e5 h\u00e4r f\u00e5r du ett visum online f\u00f6r att resa till Storbritannien fr\u00e5n Sverige p\u00e5 bara n\u00e5gra minuter med ditt pass","inLanguage":"sv-SE","potentialAction":[{"@type":"ReadAction","target":["https:\/\/uk-gb.net\/sv\/visum-england-fran-sverige\/"]}]},{"@type":"WebSite","@id":"https:\/\/uk-gb.net\/sv\/#website","url":"https:\/\/uk-gb.net\/sv\/","name":"UK GB","description":"Travel to the UK","potentialAction":[{"@type":"SearchAction","target":{"@type":"EntryPoint","urlTemplate":"https:\/\/uk-gb.net\/sv\/?s={search_term_string}"},"query-input":{"@type":"PropertyValueSpecification","valueRequired":true,"valueName":"search_term_string"}}],"inLanguage":"sv-SE"}]}},"_links":{"self":[{"href":"https:\/\/uk-gb.net\/sv\/wp-json\/wp\/v2\/pages\/2021","targetHints":{"allow":["GET"]}}],"collection":[{"href":"https:\/\/uk-gb.net\/sv\/wp-json\/wp\/v2\/pages"}],"about":[{"href":"https:\/\/uk-gb.net\/sv\/wp-json\/wp\/v2\/types\/page"}],"author":[{"embeddable":true,"href":"https:\/\/uk-gb.net\/sv\/wp-json\/wp\/v2\/users\/1"}],"replies":[{"embeddable":true,"href":"https:\/\/uk-gb.net\/sv\/wp-json\/wp\/v2\/comments?post=2021"}],"version-history":[{"count":0,"href":"https:\/\/uk-gb.net\/sv\/wp-json\/wp\/v2\/pages\/2021\/revisions"}],"wp:attachment":[{"href":"https:\/\/uk-gb.net\/sv\/wp-json\/wp\/v2\/media?parent=2021"}],"curies":[{"name":"wp","href":"https:\/\/api.w.org\/{rel}","templated":true}]}}