{"id":2012,"date":"2023-12-19T15:52:54","date_gmt":"2023-12-19T15:52:54","guid":{"rendered":"https:\/\/uk-gb.net\/visum-cambridge\/"},"modified":"2026-02-05T13:17:34","modified_gmt":"2026-02-05T13:17:34","slug":"visum-cambridge","status":"publish","type":"page","link":"https:\/\/uk-gb.net\/sv\/visum-cambridge\/","title":{"rendered":"Visum f\u00f6r resor till Cambridge i F\u00f6renade kungariket"},"content":{"rendered":"\n<h1 class=\"wp-block-heading\">Visum f\u00f6r resa till eller mellanlandning i Cambridge  <\/h1>\n\n<p><a href=\"https:\/\/uk-gb.net\/sv\/cambridge\/\" type=\"page\" id=\"4530\">Cambridge <\/a>\u00e4r en stad i \u00f6stra England, vid floden Cams strand. Staden \u00e4r k\u00e4nd f\u00f6r sitt prestigefyllda universitet, som grundades 1209, och har spelat en central roll i Storbritanniens historia inom utbildning, forskning och innovation. <\/p>\n\n<p>Utl\u00e4ndska medborgare som vill resa till Cambridge m\u00e5ste ha ett resetillst\u00e5nd utf\u00e4rdat av Storbritannien. Det finns flera olika typer av resetillst\u00e5nd f\u00f6r resor till Cambridge. <\/p>\n\n<h2 class=\"wp-block-heading\">Beh\u00f6ver jag visum f\u00f6r Cambridge?<\/h2>\n\n<p>Cambridge \u00e4r en st\u00f6rre stad i England, s\u00e5 alla utl\u00e4ndska medborgare som vill resa in i Storbritannien via Cambridge m\u00e5ste ha ett uppeh\u00e5llstillst\u00e5nd. Beroende p\u00e5 syftet med vistelsen i Cambridge kan bes\u00f6kare ans\u00f6ka om ett <a href=\"https:\/\/uk-gb.net\/sv\/turistbesok-england-forenade-kungariket\/\">engelskt turistvisum<\/a>. <\/p>\n\n<p><strong>F\u00f6r vistelser p\u00e5 mindre \u00e4n 6 m\u00e5nader<\/strong>: Du beh\u00f6ver inte skaffa visum f\u00f6r Cambridge, eftersom de flesta europeiska l\u00e4nder undantar sina medborgare fr\u00e5n viseringskrav. Nyligen har vissa l\u00e4nder i Mellan\u00f6stern ocks\u00e5 kunnat f\u00e5 ett <a href=\"https:\/\/uk-gb.net\/sv\/online-formular-eta-visering-england-fk\/\">ETA-resetillst\u00e5nd<\/a> enkelt och smidigt online. <\/p>\n\n<div style=\"height:10px\" aria-hidden=\"true\" class=\"wp-block-spacer\"><\/div>\n\n<h2 class=\"wp-block-heading\">Beh\u00f6ver jag visum f\u00f6r en mellanlandning i Cambridge?<\/h2>\n\n<p>Det finns tv\u00e5 s\u00e4tt att stanna till i Cambridge:<\/p>\n\n<ul class=\"wp-block-list\">\n<li>Resen\u00e4rer kan ans\u00f6ka om ett <a href=\"https:\/\/uk-gb.net\/sv\/transitvisumstopp-storbritannien\/\">transitvisum<\/a> f\u00f6r en mellanlandning i <a href=\"https:\/\/uk-gb.net\/sv\/cambridge\/\" type=\"page\" id=\"4530\">Cambridge<\/a>;<\/li>\n\n\n\n<li>Om resen\u00e4ren \u00e4r medborgare i ett <a href=\"https:\/\/uk-gb.net\/sv\/land-som-kan-rekvirera-eta-forenat-kungarike\/\">land som \u00e4r medlem i det brittiska programmet f\u00f6r viseringsundantag<\/a> kan de <a href=\"https:\/\/uk-gb.net\/sv\/online-formular-eta-visering-england-fk\/\">ans\u00f6ka om ett brittiskt ETA<\/a> f\u00f6r att bes\u00f6ka Cambridge utan visum.<\/li>\n<\/ul>\n\n<div style=\"height:10px\" aria-hidden=\"true\" class=\"wp-block-spacer\"><\/div>\n\n<h2 class=\"wp-block-heading\">Hur mycket kostar ett visum f\u00f6r Cambridge?<\/h2>\n\n<p>Priset f\u00f6r ett visum till <a href=\"https:\/\/uk-gb.net\/sv\/cambridge\/\" type=\"page\" id=\"4530\">Cambridge<\/a> beror p\u00e5 vilken typ av visum du beh\u00f6ver f\u00f6r att resa till Storbritannien. Den administrativa avgiften f\u00f6r ett turistvisum p\u00e5 upp till 6 m\u00e5nader \u00e4r 115 GBP. F\u00f6r l\u00e4ngre <a href=\"https:\/\/uk-gb.net\/sv\/kostnader-visum-resa-england\/\">vistelser \u00e4r de administrativa kostnaderna f\u00f6r visumet<\/a> h\u00f6gre. Om resen\u00e4ren \u00e4r ber\u00e4ttigad till ett <a href=\"https:\/\/uk-gb.net\/sv\/eta-england-forenade-kungariket\/\">ETA f\u00f6r Storbritannien<\/a> blir priset l\u00e4gre: Ett <a href=\"https:\/\/uk-gb.net\/sv\/pris-eta-uk\/\">ETA kostar<\/a> minst 10 pund.<\/p>\n\n<h2 class=\"wp-block-heading\">Hur f\u00e5r jag visum till Cambridge?<\/h2>\n\n<p>F\u00f6r att f\u00e5 visum till Cambridge m\u00e5ste utl\u00e4ndska medborgare f\u00f6lja ett <a href=\"https:\/\/uk-gb.net\/sv\/ansokningsforfarande-visa-fk\/\">onlinef\u00f6rfarande f\u00f6r visumans\u00f6kan<\/a>. Denna process best\u00e5r av flera steg:<\/p>\n\n<ul class=\"wp-block-list\">\n<li>V\u00e4lj typ av visum beroende p\u00e5 syftet med resan;<\/li>\n\n\n\n<li>Samla in n\u00f6dv\u00e4ndiga styrkande handlingar;<\/li>\n\n\n\n<li>Fyll i onlineformul\u00e4ret f\u00f6r viseringsans\u00f6kan ;<\/li>\n\n\n\n<li>Betala <a href=\"https:\/\/uk-gb.net\/sv\/kostnader-visum-resa-england\/\">viseringsavgiften<\/a>;<\/li>\n\n\n\n<li>Boka tid p\u00e5 en <a href=\"https:\/\/uk-gb.net\/sv\/ambassad-england-forenta-kungariket-i-sverige\/\">brittisk ambassad<\/a>;<\/li>\n\n\n\n<li>Skicka in dokument f\u00f6r att slutf\u00f6ra viseringsans\u00f6kan;<\/li>\n\n\n\n<li>G\u00e5 p\u00e5 en <a href=\"https:\/\/uk-gb.net\/sv\/visumbokning-vid-den-brittiska-ambassaden\/\">viseringsintervju<\/a> om det kr\u00e4vs f\u00f6r din ans\u00f6kan.<\/li>\n<\/ul>\n\n<div style=\"height:10px\" aria-hidden=\"true\" class=\"wp-block-spacer\"><\/div>\n\n<h2 class=\"wp-block-heading\">Beh\u00f6ver jag ETA-tillst\u00e5nd f\u00f6r Cambridge?<\/h2>\n\n<p>En utl\u00e4ndsk medborgare som uppfyller kraven kan ans\u00f6ka om ett ETA f\u00f6r Cambridge. Det tar mycket kort tid att erh\u00e5lla. ETA f\u00f6r Oxford \u00e4r giltigt i 2 \u00e5r f\u00f6r vistelser p\u00e5 upp till 6 m\u00e5nader i f\u00f6ljd i Storbritannien.  <\/p>\n\n<h2 class=\"wp-block-heading\">Bild p\u00e5 visum f\u00f6r Cambridge i Storbritannien<\/h2>\n\n<p>Detta \u00e4r ett foto av en visering f\u00f6r England. Detta visum ger dig r\u00e4tt att resa in i Storbritannien via staden Cambridge. <\/p>\n\n<figure class=\"wp-block-image size-full\"><img fetchpriority=\"high\" decoding=\"async\" width=\"564\" height=\"338\" src=\"https:\/\/uk-gb.net\/wp-content\/uploads\/2024\/03\/UK-visa-C.jpg\" alt=\"turistvisum F&#xF6;renade kungariket\" class=\"wp-image-1890\" srcset=\"https:\/\/uk-gb.net\/wp-content\/uploads\/2024\/03\/UK-visa-C.jpg 564w, https:\/\/uk-gb.net\/wp-content\/uploads\/2024\/03\/UK-visa-C-300x180.jpg 300w\" sizes=\"(max-width: 564px) 100vw, 564px\" \/><figcaption class=\"wp-element-caption\">Foto <a href=\"https:\/\/uk-gb.net\/sv\/turistbesok-england-forenade-kungariket\/\">turistvisum England<\/a><\/figcaption><\/figure>\n\n<p><\/p>\n","protected":false},"excerpt":{"rendered":"<p>Visum f\u00f6r resa till eller mellanlandning i Cambridge Cambridge \u00e4r en stad i \u00f6stra England, vid floden Cams strand. Staden \u00e4r k\u00e4nd f\u00f6r sitt prestigefyllda universitet, som grundades 1209, och har spelat en central roll i Storbritanniens historia inom utbildning, forskning och innovation. Utl\u00e4ndska medborgare som vill resa till Cambridge m\u00e5ste ha ett resetillst\u00e5nd utf\u00e4rdat [&hellip;]<\/p>\n","protected":false},"author":1,"featured_media":0,"parent":0,"menu_order":0,"comment_status":"closed","ping_status":"closed","template":"","meta":{"footnotes":""},"class_list":["post-2012","page","type-page","status-publish","hentry"],"yoast_head":"<!-- This site is optimized with the Yoast SEO plugin v27.3 - https:\/\/yoast.com\/product\/yoast-seo-wordpress\/ -->\n<title>Visum f\u00f6r resor till Cambridge i F\u00f6renade kungariket - UK GB<\/title>\n<meta name=\"description\" content=\"Skaffa visum eller reseintyg f\u00f6r Cambridge. Tillst\u00e5nd kr\u00e4vs f\u00f6r att resa till eller stanna till i Cambridge\" \/>\n<meta name=\"robots\" content=\"index, follow, max-snippet:-1, max-image-preview:large, max-video-preview:-1\" \/>\n<link rel=\"canonical\" href=\"https:\/\/uk-gb.net\/sv\/visum-cambridge\/\" \/>\n<meta property=\"og:locale\" content=\"sv_SE\" \/>\n<meta property=\"og:type\" content=\"article\" \/>\n<meta property=\"og:title\" content=\"Visum f\u00f6r resor till Cambridge i F\u00f6renade kungariket - UK GB\" \/>\n<meta property=\"og:description\" content=\"Skaffa visum eller reseintyg f\u00f6r Cambridge. Tillst\u00e5nd kr\u00e4vs f\u00f6r att resa till eller stanna till i Cambridge\" \/>\n<meta property=\"og:url\" content=\"https:\/\/uk-gb.net\/sv\/visum-cambridge\/\" \/>\n<meta property=\"og:site_name\" content=\"UK GB\" \/>\n<meta property=\"article:modified_time\" content=\"2026-02-05T13:17:34+00:00\" \/>\n<meta property=\"og:image\" content=\"https:\/\/uk-gb.net\/wp-content\/uploads\/2024\/03\/UK-visa-C.jpg\" \/>\n\t<meta property=\"og:image:width\" content=\"564\" \/>\n\t<meta property=\"og:image:height\" content=\"338\" \/>\n\t<meta property=\"og:image:type\" content=\"image\/jpeg\" \/>\n<meta name=\"twitter:card\" content=\"summary_large_image\" \/>\n<meta name=\"twitter:label1\" content=\"Ber\u00e4knad l\u00e4stid\" \/>\n\t<meta name=\"twitter:data1\" content=\"3 minuter\" \/>\n<script type=\"application\/ld+json\" class=\"yoast-schema-graph\">{\"@context\":\"https:\\\/\\\/schema.org\",\"@graph\":[{\"@type\":\"WebPage\",\"@id\":\"https:\\\/\\\/uk-gb.net\\\/sv\\\/visum-cambridge\\\/\",\"url\":\"https:\\\/\\\/uk-gb.net\\\/sv\\\/visum-cambridge\\\/\",\"name\":\"Visum f\u00f6r resor till Cambridge i F\u00f6renade kungariket - UK GB\",\"isPartOf\":{\"@id\":\"https:\\\/\\\/uk-gb.net\\\/sv\\\/#website\"},\"primaryImageOfPage\":{\"@id\":\"https:\\\/\\\/uk-gb.net\\\/sv\\\/visum-cambridge\\\/#primaryimage\"},\"image\":{\"@id\":\"https:\\\/\\\/uk-gb.net\\\/sv\\\/visum-cambridge\\\/#primaryimage\"},\"thumbnailUrl\":\"https:\\\/\\\/uk-gb.net\\\/wp-content\\\/uploads\\\/2024\\\/03\\\/UK-visa-C.jpg\",\"datePublished\":\"2023-12-19T15:52:54+00:00\",\"dateModified\":\"2026-02-05T13:17:34+00:00\",\"description\":\"Skaffa visum eller reseintyg f\u00f6r Cambridge. Tillst\u00e5nd kr\u00e4vs f\u00f6r att resa till eller stanna till i Cambridge\",\"inLanguage\":\"sv-SE\",\"potentialAction\":[{\"@type\":\"ReadAction\",\"target\":[\"https:\\\/\\\/uk-gb.net\\\/sv\\\/visum-cambridge\\\/\"]}]},{\"@type\":\"ImageObject\",\"inLanguage\":\"sv-SE\",\"@id\":\"https:\\\/\\\/uk-gb.net\\\/sv\\\/visum-cambridge\\\/#primaryimage\",\"url\":\"https:\\\/\\\/uk-gb.net\\\/wp-content\\\/uploads\\\/2024\\\/03\\\/UK-visa-C.jpg\",\"contentUrl\":\"https:\\\/\\\/uk-gb.net\\\/wp-content\\\/uploads\\\/2024\\\/03\\\/UK-visa-C.jpg\"},{\"@type\":\"WebSite\",\"@id\":\"https:\\\/\\\/uk-gb.net\\\/sv\\\/#website\",\"url\":\"https:\\\/\\\/uk-gb.net\\\/sv\\\/\",\"name\":\"UK GB\",\"description\":\"Travel to the UK\",\"potentialAction\":[{\"@type\":\"SearchAction\",\"target\":{\"@type\":\"EntryPoint\",\"urlTemplate\":\"https:\\\/\\\/uk-gb.net\\\/sv\\\/?s={search_term_string}\"},\"query-input\":{\"@type\":\"PropertyValueSpecification\",\"valueRequired\":true,\"valueName\":\"search_term_string\"}}],\"inLanguage\":\"sv-SE\"}]}<\/script>\n<!-- \/ Yoast SEO plugin. -->","yoast_head_json":{"title":"Visum f\u00f6r resor till Cambridge i F\u00f6renade kungariket - UK GB","description":"Skaffa visum eller reseintyg f\u00f6r Cambridge. Tillst\u00e5nd kr\u00e4vs f\u00f6r att resa till eller stanna till i Cambridge","robots":{"index":"index","follow":"follow","max-snippet":"max-snippet:-1","max-image-preview":"max-image-preview:large","max-video-preview":"max-video-preview:-1"},"canonical":"https:\/\/uk-gb.net\/sv\/visum-cambridge\/","og_locale":"sv_SE","og_type":"article","og_title":"Visum f\u00f6r resor till Cambridge i F\u00f6renade kungariket - UK GB","og_description":"Skaffa visum eller reseintyg f\u00f6r Cambridge. Tillst\u00e5nd kr\u00e4vs f\u00f6r att resa till eller stanna till i Cambridge","og_url":"https:\/\/uk-gb.net\/sv\/visum-cambridge\/","og_site_name":"UK GB","article_modified_time":"2026-02-05T13:17:34+00:00","og_image":[{"width":564,"height":338,"url":"https:\/\/uk-gb.net\/wp-content\/uploads\/2024\/03\/UK-visa-C.jpg","type":"image\/jpeg"}],"twitter_card":"summary_large_image","twitter_misc":{"Ber\u00e4knad l\u00e4stid":"3 minuter"},"schema":{"@context":"https:\/\/schema.org","@graph":[{"@type":"WebPage","@id":"https:\/\/uk-gb.net\/sv\/visum-cambridge\/","url":"https:\/\/uk-gb.net\/sv\/visum-cambridge\/","name":"Visum f\u00f6r resor till Cambridge i F\u00f6renade kungariket - UK GB","isPartOf":{"@id":"https:\/\/uk-gb.net\/sv\/#website"},"primaryImageOfPage":{"@id":"https:\/\/uk-gb.net\/sv\/visum-cambridge\/#primaryimage"},"image":{"@id":"https:\/\/uk-gb.net\/sv\/visum-cambridge\/#primaryimage"},"thumbnailUrl":"https:\/\/uk-gb.net\/wp-content\/uploads\/2024\/03\/UK-visa-C.jpg","datePublished":"2023-12-19T15:52:54+00:00","dateModified":"2026-02-05T13:17:34+00:00","description":"Skaffa visum eller reseintyg f\u00f6r Cambridge. Tillst\u00e5nd kr\u00e4vs f\u00f6r att resa till eller stanna till i Cambridge","inLanguage":"sv-SE","potentialAction":[{"@type":"ReadAction","target":["https:\/\/uk-gb.net\/sv\/visum-cambridge\/"]}]},{"@type":"ImageObject","inLanguage":"sv-SE","@id":"https:\/\/uk-gb.net\/sv\/visum-cambridge\/#primaryimage","url":"https:\/\/uk-gb.net\/wp-content\/uploads\/2024\/03\/UK-visa-C.jpg","contentUrl":"https:\/\/uk-gb.net\/wp-content\/uploads\/2024\/03\/UK-visa-C.jpg"},{"@type":"WebSite","@id":"https:\/\/uk-gb.net\/sv\/#website","url":"https:\/\/uk-gb.net\/sv\/","name":"UK GB","description":"Travel to the UK","potentialAction":[{"@type":"SearchAction","target":{"@type":"EntryPoint","urlTemplate":"https:\/\/uk-gb.net\/sv\/?s={search_term_string}"},"query-input":{"@type":"PropertyValueSpecification","valueRequired":true,"valueName":"search_term_string"}}],"inLanguage":"sv-SE"}]}},"_links":{"self":[{"href":"https:\/\/uk-gb.net\/sv\/wp-json\/wp\/v2\/pages\/2012","targetHints":{"allow":["GET"]}}],"collection":[{"href":"https:\/\/uk-gb.net\/sv\/wp-json\/wp\/v2\/pages"}],"about":[{"href":"https:\/\/uk-gb.net\/sv\/wp-json\/wp\/v2\/types\/page"}],"author":[{"embeddable":true,"href":"https:\/\/uk-gb.net\/sv\/wp-json\/wp\/v2\/users\/1"}],"replies":[{"embeddable":true,"href":"https:\/\/uk-gb.net\/sv\/wp-json\/wp\/v2\/comments?post=2012"}],"version-history":[{"count":0,"href":"https:\/\/uk-gb.net\/sv\/wp-json\/wp\/v2\/pages\/2012\/revisions"}],"wp:attachment":[{"href":"https:\/\/uk-gb.net\/sv\/wp-json\/wp\/v2\/media?parent=2012"}],"curies":[{"name":"wp","href":"https:\/\/api.w.org\/{rel}","templated":true}]}}