{"id":1883,"date":"2023-12-19T16:05:55","date_gmt":"2023-12-19T16:05:55","guid":{"rendered":"https:\/\/uk-gb.net\/visum-england-fran-saudiarabien\/"},"modified":"2025-12-19T09:39:15","modified_gmt":"2025-12-19T09:39:15","slug":"visum-england-fran-saudiarabien","status":"publish","type":"page","link":"https:\/\/uk-gb.net\/sv\/visum-england-fran-saudiarabien\/","title":{"rendered":"Visum till F\u00f6renade kungariket fr\u00e5n Saudiarabien"},"content":{"rendered":"\n<h1 class=\"wp-block-heading\">Visum f\u00f6r resor till Storbritannien f\u00f6r medborgare i Saudiarabien<\/h1>\n\n<p>\u00c4r du medborgare eller bosatt i Saudiarabien och vill resa till Storbritannien? Ta reda p\u00e5 vilka formaliteter som m\u00e5ste uppfyllas, ETA-systemet, vilka typer av visum som finns och hur du g\u00e5r tillv\u00e4ga f\u00f6r att l\u00e4mna in din ans\u00f6kan. <\/p>\n\n<h2 class=\"wp-block-heading\">Beh\u00f6ver jag visum f\u00f6r att resa fr\u00e5n Saudiarabien till Storbritannien?<\/h2>\n\n<p>Sedan den <strong>22 februari 2024<\/strong> beh\u00f6ver saudiska medborgare inte l\u00e4ngre n\u00e5got <a href=\"https:\/\/uk-gb.net\/sv\/turistbesok-england-forenade-kungariket\/\">brittiskt turistvisum<\/a> f\u00f6r att resa till Storbritannien. Saudiska medborgare kan f\u00e5 ett elektroniskt resetillst\u00e5nd som ger dem r\u00e4tt att stanna i Storbritannien i upp till <strong>6 m\u00e5nader.<\/strong><\/p>\n\n<p><strong>F\u00f6r att f\u00e5 detta resetillst\u00e5nd p\u00e5 bara n\u00e5gra minuter<\/strong> fyller du i <a href=\"https:\/\/uk-gb.net\/sv\/online-formular-eta-visering-england-fk\/\">ETA-formul\u00e4ret online.<\/a><\/p>\n\n<div style=\"height:10px\" aria-hidden=\"true\" class=\"wp-block-spacer\"><\/div>\n\n<p>Detta elektroniska resetillst\u00e5nd ger dig r\u00e4tt att stanna i Storbritannien i :<\/p>\n\n<ul class=\"wp-block-list\">\n<li>en turistresa,<\/li>\n\n\n\n<li>en aff\u00e4rsresa,<\/li>\n\n\n\n<li>ett familjebes\u00f6k,<\/li>\n\n\n\n<li>en kort studievistelse,<\/li>\n\n\n\n<li>eller flygplatstransporter.<\/li>\n<\/ul>\n\n<div style=\"height:10px\" aria-hidden=\"true\" class=\"wp-block-spacer\"><\/div>\n\n<h2 class=\"wp-block-heading\">Hur ans\u00f6ker jag om ett ETA till Storbritannien fr\u00e5n Saudiarabien?<\/h2>\n\n<p>Att ans\u00f6ka om ett <a href=\"https:\/\/uk-gb.net\/sv\/eta-england-forenade-kungariket\/\">ETA i Storbritannien<\/a> \u00e4r enkelt och sker helt online:<\/p>\n\n<ol class=\"wp-block-list\">\n<li><strong>Bes\u00f6k den officiella portalen<\/strong>: <a>gov.uk\/eta<\/a><\/li>\n\n\n\n<li><strong>Fyll i formul\u00e4ret<\/strong> med resen\u00e4rens personliga uppgifter.<\/li>\n\n\n\n<li><strong>Ladda upp ett foto<\/strong> (t.ex. en selfie) direkt via formul\u00e4ret eller mobilapplikationen.<\/li>\n\n\n\n<li><strong>Betala avgiften<\/strong> p\u00e5 cirka <strong>\u00a316 (\u20ac19)<\/strong> med kreditkort.<\/li>\n\n\n\n<li><strong>F\u00e5 din ETA via e-post<\/strong> inom n\u00e5gra minuter till maximalt 3 dagar.<\/li>\n<\/ol>\n\n<p>ETA \u00e4r <strong>giltigt i 2 \u00e5r<\/strong> eller tills passet l\u00f6per ut. Det till\u00e5ter <strong>flera inresor<\/strong> till Storbritannien under denna period. <\/p>\n\n<h2 class=\"wp-block-heading\">Vem kan ans\u00f6ka om ETA fr\u00e5n Saudiarabien?<\/h2>\n\n<p>ETA \u00e4r endast tillg\u00e4ngligt f\u00f6r <strong>saudiska medborgare<\/strong> som innehar ett <strong>biometriskt pass<\/strong>. Utl\u00e4ndska medborgare i Saudiarabien som inte \u00e4r medborgare i ett ber\u00e4ttigat land m\u00e5ste <a href=\"https:\/\/uk-gb.net\/sv\/ansokningsforfarande-visa-fk\/\">ans\u00f6ka om ett brittiskt visum<\/a> p\u00e5 det <a href=\"https:\/\/uk-gb.net\/sv\/ambassad-england-forenta-kungariket-i-sverige\/\">brittiska konsulatet<\/a>. <\/p>\n\n<h2 class=\"wp-block-heading\">Beh\u00f6ver jag visum om jag inte uppfyller ETA-villkoren?<\/h2>\n\n<p>Ja. Om du \u00e4r : <\/p>\n\n<ul class=\"wp-block-list\">\n<li>Inte \u00e4r medborgare i ett <a href=\"https:\/\/uk-gb.net\/sv\/land-som-kan-rekvirera-eta-forenat-kungarike\/\">land som \u00e4r ber\u00e4ttigat till ETA<\/a>,<\/li>\n\n\n\n<li>Eller om du vill stanna i Storbritannien i <strong>mer \u00e4n 6 m\u00e5nader,<\/strong> <\/li>\n\n\n\n<li>Eller om du ska b\u00f6rja <strong>arbeta, gifta dig eller studera under en l\u00e4ngre tid,<\/strong><\/li>\n<\/ul>\n\n<p>m\u00e5ste du <strong>ans\u00f6ka om ett vanligt brittiskt visum.<\/strong><\/p>\n\n<h2 class=\"wp-block-heading\">Var kan jag ans\u00f6ka om visum till Storbritannien fr\u00e5n Saudiarabien?<\/h2>\n\n<p>Visumans\u00f6kningar kan g\u00f6ras p\u00e5 den officiella webbplatsen <a class=\"\" href=\"https:\/\/www.gov.uk\">www.gov.uk.<\/a> N\u00e4r du har skickat in formul\u00e4ret och betalat m\u00e5ste du <strong>boka tid p\u00e5 ett TLScontact-<\/strong> eller <strong>VFS Global-center<\/strong> p\u00e5 :<\/p>\n\n<ul class=\"wp-block-list\">\n<li>Riyadh<\/li>\n\n\n\n<li>Jeddah<\/li>\n\n\n\n<li>eller Al Khobar<\/li>\n<\/ul>\n\n<p>Du m\u00e5ste g\u00e5 dit med originaldokumenten och f\u00e5 dina <strong>biometriska fingeravtryck<\/strong> tagna.<\/p>\n\n<h2 class=\"wp-block-heading\">Vilka typer av visum finns tillg\u00e4ngliga?<\/h2>\n\n<p>Om du inte kan f\u00e5 ett ETA kan du ans\u00f6ka om n\u00e5got av f\u00f6ljande visum:<\/p>\n\n<ul class=\"wp-block-list\">\n<li><a href=\"https:\/\/uk-gb.net\/sv\/turistbesok-england-forenade-kungariket\/\">Turistvisum<\/a><\/li>\n\n\n\n<li><a href=\"https:\/\/uk-gb.net\/sv\/studentvisum-england-forenta-kungariket\/\">Studentvisum<\/a><\/li>\n\n\n\n<li><a href=\"https:\/\/uk-gb.net\/sv\/affarsvisum-for-england-storbritannien\/\">Visum f\u00f6r aff\u00e4rsverksamhet<\/a><\/li>\n\n\n\n<li><strong>Visum f\u00f6r familj<\/strong><\/li>\n\n\n\n<li><strong>Arbetsvisum<\/strong><\/li>\n\n\n\n<li><a href=\"https:\/\/uk-gb.net\/sv\/transitvisumstopp-storbritannien\/\">Genomresevisum<\/a><\/li>\n<\/ul>\n\n<div style=\"height:10px\" aria-hidden=\"true\" class=\"wp-block-spacer\"><\/div>\n\n<h2 class=\"wp-block-heading\">Kan jag resa till Storbritannien fr\u00e5n Saudiarabien utan visum?<\/h2>\n\n<p>Nej, \u00e4ven f\u00f6r enkel <strong>flygplatstransitering utan utresa<\/strong> m\u00e5ste saudiska medborgare erh\u00e5lla <strong>ETA-tillst\u00e5nd<\/strong> innan de reser till en destination via Storbritannien.<\/p>\n\n<p>Det finns tv\u00e5 s\u00e4tt f\u00f6r saudiarabiska medborgare att mellanlanda i Storbritannien:<\/p>\n\n<ul class=\"wp-block-list\">\n<li>Saudiska resen\u00e4rer kan ans\u00f6ka om ett <a href=\"https:\/\/uk-gb.net\/sv\/transitvisumstopp-storbritannien\/\">transitvisum<\/a> f\u00f6r att g\u00f6ra en mellanlandning;<\/li>\n\n\n\n<li>Saudiarabiska resen\u00e4rer kan nu resa med <a href=\"https:\/\/uk-gb.net\/sv\/eta-england-forenade-kungariket\/\">ETA UK-tillst\u00e5nd<\/a> f\u00f6r att mellanlanda i England utan visum.<\/li>\n<\/ul>\n","protected":false},"excerpt":{"rendered":"<p>Visum f\u00f6r resor till Storbritannien f\u00f6r medborgare i Saudiarabien \u00c4r du medborgare eller bosatt i Saudiarabien och vill resa till Storbritannien? Ta reda p\u00e5 vilka formaliteter som m\u00e5ste uppfyllas, ETA-systemet, vilka typer av visum som finns och hur du g\u00e5r tillv\u00e4ga f\u00f6r att l\u00e4mna in din ans\u00f6kan. Beh\u00f6ver jag visum f\u00f6r att resa fr\u00e5n Saudiarabien [&hellip;]<\/p>\n","protected":false},"author":1,"featured_media":0,"parent":0,"menu_order":0,"comment_status":"closed","ping_status":"closed","template":"","meta":{"footnotes":""},"class_list":["post-1883","page","type-page","status-publish","hentry"],"yoast_head":"<!-- This site is optimized with the Yoast SEO plugin v27.3 - https:\/\/yoast.com\/product\/yoast-seo-wordpress\/ -->\n<title>Visum till F\u00f6renade kungariket fr\u00e5n Saudiarabien - UK GB<\/title>\n<meta name=\"description\" content=\"Vilka \u00e4r de administrativa formaliteterna f\u00f6r en saudiarabisk medborgare som vill resa till F\u00f6renade kungariket?\" \/>\n<meta name=\"robots\" content=\"index, follow, max-snippet:-1, max-image-preview:large, max-video-preview:-1\" \/>\n<link rel=\"canonical\" href=\"https:\/\/uk-gb.net\/sv\/visum-england-fran-saudiarabien\/\" \/>\n<meta property=\"og:locale\" content=\"sv_SE\" \/>\n<meta property=\"og:type\" content=\"article\" \/>\n<meta property=\"og:title\" content=\"Visum till F\u00f6renade kungariket fr\u00e5n Saudiarabien - UK GB\" \/>\n<meta property=\"og:description\" content=\"Vilka \u00e4r de administrativa formaliteterna f\u00f6r en saudiarabisk medborgare som vill resa till F\u00f6renade kungariket?\" \/>\n<meta property=\"og:url\" content=\"https:\/\/uk-gb.net\/sv\/visum-england-fran-saudiarabien\/\" \/>\n<meta property=\"og:site_name\" content=\"UK GB\" \/>\n<meta property=\"article:modified_time\" content=\"2025-12-19T09:39:15+00:00\" \/>\n<meta name=\"twitter:card\" content=\"summary_large_image\" \/>\n<meta name=\"twitter:label1\" content=\"Ber\u00e4knad l\u00e4stid\" \/>\n\t<meta name=\"twitter:data1\" content=\"3 minuter\" \/>\n<script type=\"application\/ld+json\" class=\"yoast-schema-graph\">{\"@context\":\"https:\\\/\\\/schema.org\",\"@graph\":[{\"@type\":\"WebPage\",\"@id\":\"https:\\\/\\\/uk-gb.net\\\/sv\\\/visum-england-fran-saudiarabien\\\/\",\"url\":\"https:\\\/\\\/uk-gb.net\\\/sv\\\/visum-england-fran-saudiarabien\\\/\",\"name\":\"Visum till F\u00f6renade kungariket fr\u00e5n Saudiarabien - UK GB\",\"isPartOf\":{\"@id\":\"https:\\\/\\\/uk-gb.net\\\/sv\\\/#website\"},\"datePublished\":\"2023-12-19T16:05:55+00:00\",\"dateModified\":\"2025-12-19T09:39:15+00:00\",\"description\":\"Vilka \u00e4r de administrativa formaliteterna f\u00f6r en saudiarabisk medborgare som vill resa till F\u00f6renade kungariket?\",\"inLanguage\":\"sv-SE\",\"potentialAction\":[{\"@type\":\"ReadAction\",\"target\":[\"https:\\\/\\\/uk-gb.net\\\/sv\\\/visum-england-fran-saudiarabien\\\/\"]}]},{\"@type\":\"WebSite\",\"@id\":\"https:\\\/\\\/uk-gb.net\\\/sv\\\/#website\",\"url\":\"https:\\\/\\\/uk-gb.net\\\/sv\\\/\",\"name\":\"UK GB\",\"description\":\"Travel to the UK\",\"potentialAction\":[{\"@type\":\"SearchAction\",\"target\":{\"@type\":\"EntryPoint\",\"urlTemplate\":\"https:\\\/\\\/uk-gb.net\\\/sv\\\/?s={search_term_string}\"},\"query-input\":{\"@type\":\"PropertyValueSpecification\",\"valueRequired\":true,\"valueName\":\"search_term_string\"}}],\"inLanguage\":\"sv-SE\"}]}<\/script>\n<!-- \/ Yoast SEO plugin. -->","yoast_head_json":{"title":"Visum till F\u00f6renade kungariket fr\u00e5n Saudiarabien - UK GB","description":"Vilka \u00e4r de administrativa formaliteterna f\u00f6r en saudiarabisk medborgare som vill resa till F\u00f6renade kungariket?","robots":{"index":"index","follow":"follow","max-snippet":"max-snippet:-1","max-image-preview":"max-image-preview:large","max-video-preview":"max-video-preview:-1"},"canonical":"https:\/\/uk-gb.net\/sv\/visum-england-fran-saudiarabien\/","og_locale":"sv_SE","og_type":"article","og_title":"Visum till F\u00f6renade kungariket fr\u00e5n Saudiarabien - UK GB","og_description":"Vilka \u00e4r de administrativa formaliteterna f\u00f6r en saudiarabisk medborgare som vill resa till F\u00f6renade kungariket?","og_url":"https:\/\/uk-gb.net\/sv\/visum-england-fran-saudiarabien\/","og_site_name":"UK GB","article_modified_time":"2025-12-19T09:39:15+00:00","twitter_card":"summary_large_image","twitter_misc":{"Ber\u00e4knad l\u00e4stid":"3 minuter"},"schema":{"@context":"https:\/\/schema.org","@graph":[{"@type":"WebPage","@id":"https:\/\/uk-gb.net\/sv\/visum-england-fran-saudiarabien\/","url":"https:\/\/uk-gb.net\/sv\/visum-england-fran-saudiarabien\/","name":"Visum till F\u00f6renade kungariket fr\u00e5n Saudiarabien - UK GB","isPartOf":{"@id":"https:\/\/uk-gb.net\/sv\/#website"},"datePublished":"2023-12-19T16:05:55+00:00","dateModified":"2025-12-19T09:39:15+00:00","description":"Vilka \u00e4r de administrativa formaliteterna f\u00f6r en saudiarabisk medborgare som vill resa till F\u00f6renade kungariket?","inLanguage":"sv-SE","potentialAction":[{"@type":"ReadAction","target":["https:\/\/uk-gb.net\/sv\/visum-england-fran-saudiarabien\/"]}]},{"@type":"WebSite","@id":"https:\/\/uk-gb.net\/sv\/#website","url":"https:\/\/uk-gb.net\/sv\/","name":"UK GB","description":"Travel to the UK","potentialAction":[{"@type":"SearchAction","target":{"@type":"EntryPoint","urlTemplate":"https:\/\/uk-gb.net\/sv\/?s={search_term_string}"},"query-input":{"@type":"PropertyValueSpecification","valueRequired":true,"valueName":"search_term_string"}}],"inLanguage":"sv-SE"}]}},"_links":{"self":[{"href":"https:\/\/uk-gb.net\/sv\/wp-json\/wp\/v2\/pages\/1883","targetHints":{"allow":["GET"]}}],"collection":[{"href":"https:\/\/uk-gb.net\/sv\/wp-json\/wp\/v2\/pages"}],"about":[{"href":"https:\/\/uk-gb.net\/sv\/wp-json\/wp\/v2\/types\/page"}],"author":[{"embeddable":true,"href":"https:\/\/uk-gb.net\/sv\/wp-json\/wp\/v2\/users\/1"}],"replies":[{"embeddable":true,"href":"https:\/\/uk-gb.net\/sv\/wp-json\/wp\/v2\/comments?post=1883"}],"version-history":[{"count":0,"href":"https:\/\/uk-gb.net\/sv\/wp-json\/wp\/v2\/pages\/1883\/revisions"}],"wp:attachment":[{"href":"https:\/\/uk-gb.net\/sv\/wp-json\/wp\/v2\/media?parent=1883"}],"curies":[{"name":"wp","href":"https:\/\/api.w.org\/{rel}","templated":true}]}}