{"id":1780,"date":"2023-12-07T16:39:43","date_gmt":"2023-12-07T16:39:43","guid":{"rendered":"https:\/\/uk-gb.net\/transitvisumstopp-storbritannien\/"},"modified":"2025-12-19T09:30:06","modified_gmt":"2025-12-19T09:30:06","slug":"transitvisumstopp-storbritannien","status":"publish","type":"page","link":"https:\/\/uk-gb.net\/sv\/transitvisumstopp-storbritannien\/","title":{"rendered":"Transitvisum f\u00f6r F\u00f6renade kungariket"},"content":{"rendered":"\n<h1 class=\"wp-block-heading\">Formaliteter vid transitering genom F\u00f6renade kungariket<\/h1>\n\n<p>Om du ska resa till ett tredjeland med mellanlandning i Storbritannien kan du beh\u00f6va ett <strong>transitvisum<\/strong>. Den h\u00e4r typen av visum g\u00f6r det m\u00f6jligt f\u00f6r anslutande passagerare att passera genom en flygplats eller byta terminal utan att stanna kvar i Storbritannien. <\/p>\n\n<p><strong>F\u00f6r enkel transit genom Storbritannien<\/strong> \u00e4r det i de flesta fall inte n\u00f6dv\u00e4ndigt att skaffa ett transitvisum. Du kan ans\u00f6ka om ett elektroniskt resetillst\u00e5nd genom att fylla i <a href=\"https:\/\/uk-gb.net\/sv\/online-formular-eta-visering-england-fk\/\">ETA-formul\u00e4ret online.<\/a> <\/p>\n\n<div style=\"height:10px\" aria-hidden=\"true\" class=\"wp-block-spacer\"><\/div>\n\n<h2 class=\"wp-block-heading\">Vad \u00e4r ett transitvisum f\u00f6r mellanlandningar i Storbritannien?<\/h2>\n\n<p>Det brittiska transitvisumet \u00e4r ett officiellt dokument som g\u00f6r det m\u00f6jligt f\u00f6r utl\u00e4ndska medborgare att transitera genom Storbritannien utan att stanna permanent. Det \u00e4r <strong>obligatoriskt f\u00f6r vissa passagerare<\/strong>, beroende p\u00e5 deras nationalitet, resv\u00e4g och typ av transit. <\/p>\n\n<h2 class=\"wp-block-heading\">De tv\u00e5 typerna av transitvisum f\u00f6r Storbritannien<\/h2>\n\n<h3 class=\"wp-block-heading\">Visum f\u00f6r direkt transitering p\u00e5 flygsidan (DATV)<\/h3>\n\n<p>Detta visum kr\u00e4vs om du :<\/p>\n\n<ul class=\"wp-block-list\">\n<li>Bo i den internationella zonen p\u00e5 en flygplats i Storbritannien<\/li>\n\n\n\n<li>G\u00e5 inte igenom immigrationskontrollen<\/li>\n\n\n\n<li>Har ett anslutningsflyg inom 24 timmar<\/li>\n\n\n\n<li>Du beh\u00f6ver inte h\u00e4mta ut ditt bagage eller byta flygplats<\/li>\n<\/ul>\n\n<div style=\"height:10px\" aria-hidden=\"true\" class=\"wp-block-spacer\"><\/div>\n\n<h3 class=\"wp-block-heading\">Visum f\u00f6r bes\u00f6kare i transit<\/h3>\n\n<p>Detta visum kr\u00e4vs om du :<\/p>\n\n<ul class=\"wp-block-list\">\n<li>Behov av att l\u00e4mna den internationella zonen (byte av terminal, flygplats, bagageutl\u00e4mning&#8230;)<\/li>\n\n\n\n<li>Transit genom Storbritannien under mindre \u00e4n 48 timmar<\/li>\n\n\n\n<li>\u00d6nskar g\u00f6ra en kort mellanlandning (ett snabbt bes\u00f6k i staden mellan tv\u00e5 flygningar)<\/li>\n<\/ul>\n\n<div style=\"height:10px\" aria-hidden=\"true\" class=\"wp-block-spacer\"><\/div>\n\n<h2 class=\"wp-block-heading\">Hur mycket kostar de olika transitvisumen?<\/h2>\n\n<p>Avgifterna f\u00f6r transitvisum i Storbritannien varierar beroende p\u00e5 ett antal faktorer, bland annat var du bor och vilken typ av visum du ans\u00f6ker om. <a href=\"https:\/\/uk-gb.net\/sv\/kostnader-visum-resa-england\/\">Visumavgifter<\/a> och vistelsens l\u00e4ngd \u00e4r : <\/p>\n\n<figure class=\"wp-block-table\"><table><tbody><tr><td class=\"has-text-align-center\" data-align=\"center\"><strong>Typ av transitvisum f\u00f6r Storbritannien<\/strong><\/td><td class=\"has-text-align-center\" data-align=\"center\"><strong>Avgifter som ska betalas 2025<\/strong><\/td><td class=\"has-text-align-center\" data-align=\"center\"><strong>Maximal vistelsetid<\/strong><\/td><\/tr><tr><td class=\"has-text-align-center\" data-align=\"center\">Visum f\u00f6r direkt transitering p\u00e5 flygsidan (DATV)<\/td><td class=\"has-text-align-center\" data-align=\"center\">\u00a3 39<\/td><td class=\"has-text-align-center\" data-align=\"center\">24 timmar<\/td><\/tr><tr><td class=\"has-text-align-center\" data-align=\"center\">Visum f\u00f6r bes\u00f6kare i transit<\/td><td class=\"has-text-align-center\" data-align=\"center\">\u00a3 64<\/td><td class=\"has-text-align-center\" data-align=\"center\">48 timmar<\/td><\/tr><\/tbody><\/table><figcaption class=\"wp-element-caption\">Avgifter f\u00f6r transitvisum<\/figcaption><\/figure>\n\n<h2 class=\"wp-block-heading\">Vem beh\u00f6ver ett transitvisum f\u00f6r Storbritannien?<\/h2>\n\n<p>Behovet av visum beror p\u00e5 ett antal kriterier:<\/p>\n\n<p>\u2705 <strong>Du beh\u00f6ver INTE ett transitvisum<\/strong> om :<\/p>\n\n<ul class=\"wp-block-list\">\n<li>Du \u00e4r medborgare i ett land som \u00e4r undantaget fr\u00e5n viseringskrav (t.ex. EU, USA, Kanada, Australien etc.)<\/li>\n\n\n\n<li>Du har ett giltigt <a href=\"https:\/\/uk-gb.net\/sv\/olika-brittiska-visum\/\">brittiskt visum<\/a> eller <strong>uppeh\u00e5llstillst\u00e5nd<\/strong> f\u00f6r USA, Kanada, Nya Zeeland, Australien eller ett EU\/EES-land, och <strong>du reser till eller fr\u00e5n det landet.<\/strong><\/li>\n\n\n\n<li>Du har ett <a href=\"https:\/\/uk-gb.net\/sv\/eta-england-forenade-kungariket\/\">elektroniskt resetillst\u00e5nd ETA<\/a> i vissa fall<\/li>\n<\/ul>\n\n<p>\u274c <strong>Du beh\u00f6ver ett transitvisum<\/strong> om :<\/p>\n\n<ul class=\"wp-block-list\">\n<li>Du \u00e4r medborgare i ett land som kr\u00e4ver visum (t.ex. Indien, Pakistan, Nigeria, Ghana, Egypten etc.)<\/li>\n\n\n\n<li>Du uppfyller inte ovanst\u00e5ende villkor f\u00f6r undantag<\/li>\n\n\n\n<li>Din transit inneb\u00e4r att du byter flygplats eller l\u00e4mnar den internationella zonen<\/li>\n<\/ul>\n\n<div style=\"height:10px\" aria-hidden=\"true\" class=\"wp-block-spacer\"><\/div>\n\n<p>Bes\u00f6k den officiella webbplatsen <a>gov.uk\/check-uk-visa<\/a> f\u00f6r att kontrollera din situation.<\/p>\n\n<h2 class=\"wp-block-heading\">Hur l\u00e5ng tid tar det att f\u00e5 ett transitvisum f\u00f6r Storbritannien?<\/h2>\n\n<p>Behandlingen av en ans\u00f6kan om transitvisum tar i allm\u00e4nhet <strong>cirka 3 veckor<\/strong> efter det biometriska bes\u00f6ket. Det \u00e4r l\u00e4mpligt att ans\u00f6ka<strong>minst en m\u00e5nad f\u00f6re avresan<\/strong>.   <\/p>\n","protected":false},"excerpt":{"rendered":"<p>Formaliteter vid transitering genom F\u00f6renade kungariket Om du ska resa till ett tredjeland med mellanlandning i Storbritannien kan du beh\u00f6va ett transitvisum. Den h\u00e4r typen av visum g\u00f6r det m\u00f6jligt f\u00f6r anslutande passagerare att passera genom en flygplats eller byta terminal utan att stanna kvar i Storbritannien. F\u00f6r enkel transit genom Storbritannien \u00e4r det i [&hellip;]<\/p>\n","protected":false},"author":1,"featured_media":0,"parent":0,"menu_order":0,"comment_status":"closed","ping_status":"closed","template":"","meta":{"footnotes":""},"class_list":["post-1780","page","type-page","status-publish","hentry"],"yoast_head":"<!-- This site is optimized with the Yoast SEO plugin v27.3 - https:\/\/yoast.com\/product\/yoast-seo-wordpress\/ -->\n<title>Transitvisum f\u00f6r F\u00f6renade kungariket - UK GB<\/title>\n<meta name=\"description\" content=\"Vi beskriver de regler som g\u00e4ller f\u00f6r behovet av transitvisum i F\u00f6renade kungariket\" \/>\n<meta name=\"robots\" content=\"index, follow, max-snippet:-1, max-image-preview:large, max-video-preview:-1\" \/>\n<link rel=\"canonical\" href=\"https:\/\/uk-gb.net\/sv\/transitvisumstopp-storbritannien\/\" \/>\n<meta property=\"og:locale\" content=\"sv_SE\" \/>\n<meta property=\"og:type\" content=\"article\" \/>\n<meta property=\"og:title\" content=\"Transitvisum f\u00f6r F\u00f6renade kungariket - UK GB\" \/>\n<meta property=\"og:description\" content=\"Vi beskriver de regler som g\u00e4ller f\u00f6r behovet av transitvisum i F\u00f6renade kungariket\" \/>\n<meta property=\"og:url\" content=\"https:\/\/uk-gb.net\/sv\/transitvisumstopp-storbritannien\/\" \/>\n<meta property=\"og:site_name\" content=\"UK GB\" \/>\n<meta property=\"article:modified_time\" content=\"2025-12-19T09:30:06+00:00\" \/>\n<meta name=\"twitter:card\" content=\"summary_large_image\" \/>\n<meta name=\"twitter:label1\" content=\"Ber\u00e4knad l\u00e4stid\" \/>\n\t<meta name=\"twitter:data1\" content=\"2 minuter\" \/>\n<script type=\"application\/ld+json\" class=\"yoast-schema-graph\">{\"@context\":\"https:\\\/\\\/schema.org\",\"@graph\":[{\"@type\":\"WebPage\",\"@id\":\"https:\\\/\\\/uk-gb.net\\\/sv\\\/transitvisumstopp-storbritannien\\\/\",\"url\":\"https:\\\/\\\/uk-gb.net\\\/sv\\\/transitvisumstopp-storbritannien\\\/\",\"name\":\"Transitvisum f\u00f6r F\u00f6renade kungariket - UK GB\",\"isPartOf\":{\"@id\":\"https:\\\/\\\/uk-gb.net\\\/sv\\\/#website\"},\"datePublished\":\"2023-12-07T16:39:43+00:00\",\"dateModified\":\"2025-12-19T09:30:06+00:00\",\"description\":\"Vi beskriver de regler som g\u00e4ller f\u00f6r behovet av transitvisum i F\u00f6renade kungariket\",\"inLanguage\":\"sv-SE\",\"potentialAction\":[{\"@type\":\"ReadAction\",\"target\":[\"https:\\\/\\\/uk-gb.net\\\/sv\\\/transitvisumstopp-storbritannien\\\/\"]}]},{\"@type\":\"WebSite\",\"@id\":\"https:\\\/\\\/uk-gb.net\\\/sv\\\/#website\",\"url\":\"https:\\\/\\\/uk-gb.net\\\/sv\\\/\",\"name\":\"UK GB\",\"description\":\"Travel to the UK\",\"potentialAction\":[{\"@type\":\"SearchAction\",\"target\":{\"@type\":\"EntryPoint\",\"urlTemplate\":\"https:\\\/\\\/uk-gb.net\\\/sv\\\/?s={search_term_string}\"},\"query-input\":{\"@type\":\"PropertyValueSpecification\",\"valueRequired\":true,\"valueName\":\"search_term_string\"}}],\"inLanguage\":\"sv-SE\"}]}<\/script>\n<!-- \/ Yoast SEO plugin. -->","yoast_head_json":{"title":"Transitvisum f\u00f6r F\u00f6renade kungariket - UK GB","description":"Vi beskriver de regler som g\u00e4ller f\u00f6r behovet av transitvisum i F\u00f6renade kungariket","robots":{"index":"index","follow":"follow","max-snippet":"max-snippet:-1","max-image-preview":"max-image-preview:large","max-video-preview":"max-video-preview:-1"},"canonical":"https:\/\/uk-gb.net\/sv\/transitvisumstopp-storbritannien\/","og_locale":"sv_SE","og_type":"article","og_title":"Transitvisum f\u00f6r F\u00f6renade kungariket - UK GB","og_description":"Vi beskriver de regler som g\u00e4ller f\u00f6r behovet av transitvisum i F\u00f6renade kungariket","og_url":"https:\/\/uk-gb.net\/sv\/transitvisumstopp-storbritannien\/","og_site_name":"UK GB","article_modified_time":"2025-12-19T09:30:06+00:00","twitter_card":"summary_large_image","twitter_misc":{"Ber\u00e4knad l\u00e4stid":"2 minuter"},"schema":{"@context":"https:\/\/schema.org","@graph":[{"@type":"WebPage","@id":"https:\/\/uk-gb.net\/sv\/transitvisumstopp-storbritannien\/","url":"https:\/\/uk-gb.net\/sv\/transitvisumstopp-storbritannien\/","name":"Transitvisum f\u00f6r F\u00f6renade kungariket - UK GB","isPartOf":{"@id":"https:\/\/uk-gb.net\/sv\/#website"},"datePublished":"2023-12-07T16:39:43+00:00","dateModified":"2025-12-19T09:30:06+00:00","description":"Vi beskriver de regler som g\u00e4ller f\u00f6r behovet av transitvisum i F\u00f6renade kungariket","inLanguage":"sv-SE","potentialAction":[{"@type":"ReadAction","target":["https:\/\/uk-gb.net\/sv\/transitvisumstopp-storbritannien\/"]}]},{"@type":"WebSite","@id":"https:\/\/uk-gb.net\/sv\/#website","url":"https:\/\/uk-gb.net\/sv\/","name":"UK GB","description":"Travel to the UK","potentialAction":[{"@type":"SearchAction","target":{"@type":"EntryPoint","urlTemplate":"https:\/\/uk-gb.net\/sv\/?s={search_term_string}"},"query-input":{"@type":"PropertyValueSpecification","valueRequired":true,"valueName":"search_term_string"}}],"inLanguage":"sv-SE"}]}},"_links":{"self":[{"href":"https:\/\/uk-gb.net\/sv\/wp-json\/wp\/v2\/pages\/1780","targetHints":{"allow":["GET"]}}],"collection":[{"href":"https:\/\/uk-gb.net\/sv\/wp-json\/wp\/v2\/pages"}],"about":[{"href":"https:\/\/uk-gb.net\/sv\/wp-json\/wp\/v2\/types\/page"}],"author":[{"embeddable":true,"href":"https:\/\/uk-gb.net\/sv\/wp-json\/wp\/v2\/users\/1"}],"replies":[{"embeddable":true,"href":"https:\/\/uk-gb.net\/sv\/wp-json\/wp\/v2\/comments?post=1780"}],"version-history":[{"count":0,"href":"https:\/\/uk-gb.net\/sv\/wp-json\/wp\/v2\/pages\/1780\/revisions"}],"wp:attachment":[{"href":"https:\/\/uk-gb.net\/sv\/wp-json\/wp\/v2\/media?parent=1780"}],"curies":[{"name":"wp","href":"https:\/\/api.w.org\/{rel}","templated":true}]}}