{"id":1692,"date":"2023-12-07T14:52:18","date_gmt":"2023-12-07T14:52:18","guid":{"rendered":"https:\/\/uk-gb.net\/pbs-system-punkter-visum-england\/"},"modified":"2025-12-18T12:49:29","modified_gmt":"2025-12-18T12:49:29","slug":"pbs-system-punkter-visum-england","status":"publish","type":"page","link":"https:\/\/uk-gb.net\/sv\/pbs-system-punkter-visum-england\/","title":{"rendered":"PBS po\u00e4ngsystem f\u00f6r att f\u00e5 visum till England"},"content":{"rendered":"\n<h1 class=\"wp-block-heading\">PBS-po\u00e4ngsystemet f\u00f6r att f\u00e5 visum till Storbritannien<\/h1>\n\n<p>Sedan Storbritannien l\u00e4mnade Europeiska unionen har landet inf\u00f6rt ett <strong>po\u00e4ngbaserat invandringssystem<\/strong>, \u00e4ven kallat <strong>PBS (Points-Based System).<\/strong> PBS st\u00e4rker den <a href=\"https:\/\/uk-gb.net\/sv\/ansokningsforfarande-visa-fk\/\">brittiska processen f\u00f6r visumans\u00f6kningar<\/a>. Systemet g\u00e4ller f\u00f6r utl\u00e4ndska medborgare som vill arbeta, studera eller bo i Storbritannien, oavsett nationalitet.  <\/p>\n\n<h2 class=\"wp-block-heading\">Vad \u00e4r det brittiska po\u00e4ngbaserade systemet?<\/h2>\n\n<p><a href=\"https:\/\/www.gov.uk\/government\/publications\/uk-points-based-immigration-system-employer-information\/the-uks-points-based-immigration-system-an-introduction-for-employers\">PBS Points System<\/a> \u00e4r ett bed\u00f6mningssystem som tilldelar ett antal po\u00e4ng till varje s\u00f6kande av ett <a href=\"https:\/\/uk-gb.net\/sv\/olika-brittiska-visum\/\">brittiskt visum<\/a> enligt tydligt definierade kriterier. F\u00f6r att f\u00e5 visum m\u00e5ste den s\u00f6kande uppn\u00e5 en <strong>l\u00e4gsta po\u00e4nggr\u00e4ns<\/strong>, som i allm\u00e4nhet \u00e4r <strong>70 po\u00e4ng<\/strong>. <\/p>\n\n<p>Syftet med detta system \u00e4r att uppmuntra kvalificerade, oberoende profiler som tillgodoser landets ekonomiska behov, s\u00e4rskilt inom sektorer med brist p\u00e5 arbetskraft (h\u00e4lsa, teknik, ingenj\u00f6rsvetenskap etc.).<\/p>\n\n<h2 class=\"wp-block-heading\">Vem p\u00e5verkas av PBS-systemet?<\/h2>\n\n<p>Det po\u00e4ngbaserade systemet g\u00e4ller f\u00f6r flera typer av visum, bland annat :<\/p>\n\n<ul class=\"wp-block-list\">\n<li>Visum f\u00f6r <strong>kvalificerad<\/strong> arbetstagare<\/li>\n\n\n\n<li><strong>Visum f\u00f6r globala talanger<\/strong><\/li>\n\n\n\n<li><strong>Studentvisum<\/strong><\/li>\n\n\n\n<li><strong>Innovat\u00f6ren Grundare visum<\/strong><\/li>\n\n\n\n<li>Visum f\u00f6r <strong>tillf\u00e4llig<\/strong> arbetstagare<\/li>\n<\/ul>\n\n<div style=\"height:10px\" aria-hidden=\"true\" class=\"wp-block-spacer\"><\/div>\n\n<p>Varje typ av visum har sina egna kriterier och po\u00e4nggr\u00e4nser.<\/p>\n\n<h2 class=\"wp-block-heading\">Hur delas po\u00e4ng ut?<\/h2>\n\n<p>Po\u00e4ng delas ut p\u00e5 grundval av ett antal faktorer, bland annat :<\/p>\n\n<figure class=\"wp-block-table\"><table><thead><tr><th class=\"has-text-align-left\" data-align=\"left\"><strong>Kriterier<\/strong><\/th><th class=\"has-text-align-center\" data-align=\"center\"><strong>Antal po\u00e4ng<\/strong><\/th><th class=\"has-text-align-center\" data-align=\"center\"><strong>\u00c4r det obligatoriskt?<\/strong><\/th><\/tr><\/thead><tbody><tr><td class=\"has-text-align-left\" data-align=\"left\">Jobberbjudande validerat av en sponsor<\/td><td class=\"has-text-align-center\" data-align=\"center\">20 po\u00e4ng<\/td><td class=\"has-text-align-center\" data-align=\"center\">Ja<\/td><\/tr><tr><td class=\"has-text-align-left\" data-align=\"left\">Kvalifikationsniv\u00e5 f\u00f6r jobbet<\/td><td class=\"has-text-align-center\" data-align=\"center\">20 po\u00e4ng<\/td><td class=\"has-text-align-center\" data-align=\"center\">Ja<\/td><\/tr><tr><td class=\"has-text-align-left\" data-align=\"left\">Kunskaper i engelska (B1-niv\u00e5)<\/td><td class=\"has-text-align-center\" data-align=\"center\">10 po\u00e4ng<\/td><td class=\"has-text-align-center\" data-align=\"center\">Ja<\/td><\/tr><tr><td class=\"has-text-align-left\" data-align=\"left\">\u00c5rsl\u00f6n p\u00e5 26 200 pund eller mer<\/td><td class=\"has-text-align-center\" data-align=\"center\">20 po\u00e4ng<\/td><td class=\"has-text-align-center\" data-align=\"center\">Ja (med vissa undantag)<\/td><\/tr><tr><td class=\"has-text-align-left\" data-align=\"left\">Bristyrke<\/td><td class=\"has-text-align-center\" data-align=\"center\">20 po\u00e4ng<\/td><td class=\"has-text-align-center\" data-align=\"center\">Nej<\/td><\/tr><tr><td class=\"has-text-align-left\" data-align=\"left\">Doktorsexamen (STEM)<\/td><td class=\"has-text-align-center\" data-align=\"center\">10 till 20 po\u00e4ng<\/td><td class=\"has-text-align-center\" data-align=\"center\">Nej<\/td><\/tr><\/tbody><\/table><figcaption class=\"wp-element-caption\">Exempel: En kvalificerad arbetstagare med ett jobberbjudande i ett snabbv\u00e4xande yrke, goda kunskaper i engelska och en l\u00f6n p\u00e5 \u00f6ver 26 200 pund uppn\u00e5r l\u00e4tt de 70 po\u00e4ng som kr\u00e4vs.<\/figcaption><\/figure>\n\n<h2 class=\"wp-block-heading\">Hur g\u00e5r man tillv\u00e4ga f\u00f6r att ans\u00f6ka via PBS-systemet?<\/h2>\n\n<ol class=\"wp-block-list\">\n<li>Identifiera vilken <a href=\"https:\/\/uk-gb.net\/sv\/olika-brittiska-visum\/\">typ av brittiskt visum<\/a> som passar din profil<\/li>\n\n\n\n<li>Kontrollera beh\u00f6righetskriterierna och r\u00e4kna ut dina po\u00e4ng<\/li>\n\n\n\n<li>Skaffa en sponsor eller ett sponsorbrev (arbetsgivare, universitet etc.)<\/li>\n\n\n\n<li>Samla in n\u00f6dv\u00e4ndiga styrkande handlingar (anst\u00e4llningsavtal, intyg p\u00e5 engelska, ekonomiska bevis etc.)<\/li>\n\n\n\n<li>Fyll i onlineformul\u00e4ret p\u00e5 <a href=\"https:\/\/www.gov.uk\/\">gov.uk<\/a><\/li>\n\n\n\n<li>Betala <a href=\"https:\/\/uk-gb.net\/sv\/kostnader-visum-resa-england\/\">visumavgifter<\/a> och h\u00e4lsoavgift (IHS)<\/li>\n\n\n\n<li>Boka <a href=\"https:\/\/uk-gb.net\/sv\/visumbokning-vid-den-brittiska-ambassaden\/\">tid f\u00f6r intervjun p\u00e5 ambassaden<\/a><\/li>\n<\/ol>\n\n<div style=\"height:10px\" aria-hidden=\"true\" class=\"wp-block-spacer\"><\/div>\n\n<h2 class=\"wp-block-heading\">S\u00e4rskilda egenskaper f\u00f6r studentvisum i PBS-systemet<\/h2>\n\n<p>F\u00f6r ett <a href=\"https:\/\/uk-gb.net\/sv\/studentvisum-england-forenta-kungariket\/\">studentvisum<\/a> tilldelas po\u00e4ng enligt f\u00f6ljande:<\/p>\n\n<ul class=\"wp-block-list\">\n<li>50 po\u00e4ng: bekr\u00e4ftelse p\u00e5 godk\u00e4nnande av studier (CAS) fr\u00e5n en ackrediterad institution<\/li>\n\n\n\n<li>10 po\u00e4ng: bevis p\u00e5 tillr\u00e4ckliga finansiella resurser<\/li>\n\n\n\n<li>10 po\u00e4ng: kunskaper i engelska (minst B2-niv\u00e5 i de flesta fall)<\/li>\n<\/ul>\n\n<div style=\"height:10px\" aria-hidden=\"true\" class=\"wp-block-spacer\"><\/div>\n\n<p>Du beh\u00f6ver ocks\u00e5 <strong>70 po\u00e4ng<\/strong> f\u00f6r att f\u00e5 ett studentvisum.<\/p>\n","protected":false},"excerpt":{"rendered":"<p>PBS-po\u00e4ngsystemet f\u00f6r att f\u00e5 visum till Storbritannien Sedan Storbritannien l\u00e4mnade Europeiska unionen har landet inf\u00f6rt ett po\u00e4ngbaserat invandringssystem, \u00e4ven kallat PBS (Points-Based System). PBS st\u00e4rker den brittiska processen f\u00f6r visumans\u00f6kningar. Systemet g\u00e4ller f\u00f6r utl\u00e4ndska medborgare som vill arbeta, studera eller bo i Storbritannien, oavsett nationalitet. Vad \u00e4r det brittiska po\u00e4ngbaserade systemet? PBS Points System \u00e4r [&hellip;]<\/p>\n","protected":false},"author":1,"featured_media":0,"parent":0,"menu_order":0,"comment_status":"closed","ping_status":"closed","template":"","meta":{"footnotes":""},"class_list":["post-1692","page","type-page","status-publish","hentry"],"yoast_head":"<!-- This site is optimized with the Yoast SEO plugin v27.3 - https:\/\/yoast.com\/product\/yoast-seo-wordpress\/ -->\n<title>PBS po\u00e4ngsystem f\u00f6r att f\u00e5 visum till England - UK GB<\/title>\n<meta name=\"description\" content=\"PBS-systemet v\u00e4nder sig till kvalificerade arbetstagare, internationella studenter och innovativa profiler som vill arbeta i Storbritannien.\" \/>\n<meta name=\"robots\" content=\"index, follow, max-snippet:-1, max-image-preview:large, max-video-preview:-1\" \/>\n<link rel=\"canonical\" href=\"https:\/\/uk-gb.net\/sv\/pbs-system-punkter-visum-england\/\" \/>\n<meta property=\"og:locale\" content=\"sv_SE\" \/>\n<meta property=\"og:type\" content=\"article\" \/>\n<meta property=\"og:title\" content=\"PBS po\u00e4ngsystem f\u00f6r att f\u00e5 visum till England - UK GB\" \/>\n<meta property=\"og:description\" content=\"PBS-systemet v\u00e4nder sig till kvalificerade arbetstagare, internationella studenter och innovativa profiler som vill arbeta i Storbritannien.\" \/>\n<meta property=\"og:url\" content=\"https:\/\/uk-gb.net\/sv\/pbs-system-punkter-visum-england\/\" \/>\n<meta property=\"og:site_name\" content=\"UK GB\" \/>\n<meta property=\"article:modified_time\" content=\"2025-12-18T12:49:29+00:00\" \/>\n<meta name=\"twitter:card\" content=\"summary_large_image\" \/>\n<meta name=\"twitter:label1\" content=\"Ber\u00e4knad l\u00e4stid\" \/>\n\t<meta name=\"twitter:data1\" content=\"2 minuter\" \/>\n<script type=\"application\/ld+json\" class=\"yoast-schema-graph\">{\"@context\":\"https:\\\/\\\/schema.org\",\"@graph\":[{\"@type\":\"WebPage\",\"@id\":\"https:\\\/\\\/uk-gb.net\\\/sv\\\/pbs-system-punkter-visum-england\\\/\",\"url\":\"https:\\\/\\\/uk-gb.net\\\/sv\\\/pbs-system-punkter-visum-england\\\/\",\"name\":\"PBS po\u00e4ngsystem f\u00f6r att f\u00e5 visum till England - UK GB\",\"isPartOf\":{\"@id\":\"https:\\\/\\\/uk-gb.net\\\/sv\\\/#website\"},\"datePublished\":\"2023-12-07T14:52:18+00:00\",\"dateModified\":\"2025-12-18T12:49:29+00:00\",\"description\":\"PBS-systemet v\u00e4nder sig till kvalificerade arbetstagare, internationella studenter och innovativa profiler som vill arbeta i Storbritannien.\",\"inLanguage\":\"sv-SE\",\"potentialAction\":[{\"@type\":\"ReadAction\",\"target\":[\"https:\\\/\\\/uk-gb.net\\\/sv\\\/pbs-system-punkter-visum-england\\\/\"]}]},{\"@type\":\"WebSite\",\"@id\":\"https:\\\/\\\/uk-gb.net\\\/sv\\\/#website\",\"url\":\"https:\\\/\\\/uk-gb.net\\\/sv\\\/\",\"name\":\"UK GB\",\"description\":\"Travel to the UK\",\"potentialAction\":[{\"@type\":\"SearchAction\",\"target\":{\"@type\":\"EntryPoint\",\"urlTemplate\":\"https:\\\/\\\/uk-gb.net\\\/sv\\\/?s={search_term_string}\"},\"query-input\":{\"@type\":\"PropertyValueSpecification\",\"valueRequired\":true,\"valueName\":\"search_term_string\"}}],\"inLanguage\":\"sv-SE\"}]}<\/script>\n<!-- \/ Yoast SEO plugin. -->","yoast_head_json":{"title":"PBS po\u00e4ngsystem f\u00f6r att f\u00e5 visum till England - UK GB","description":"PBS-systemet v\u00e4nder sig till kvalificerade arbetstagare, internationella studenter och innovativa profiler som vill arbeta i Storbritannien.","robots":{"index":"index","follow":"follow","max-snippet":"max-snippet:-1","max-image-preview":"max-image-preview:large","max-video-preview":"max-video-preview:-1"},"canonical":"https:\/\/uk-gb.net\/sv\/pbs-system-punkter-visum-england\/","og_locale":"sv_SE","og_type":"article","og_title":"PBS po\u00e4ngsystem f\u00f6r att f\u00e5 visum till England - UK GB","og_description":"PBS-systemet v\u00e4nder sig till kvalificerade arbetstagare, internationella studenter och innovativa profiler som vill arbeta i Storbritannien.","og_url":"https:\/\/uk-gb.net\/sv\/pbs-system-punkter-visum-england\/","og_site_name":"UK GB","article_modified_time":"2025-12-18T12:49:29+00:00","twitter_card":"summary_large_image","twitter_misc":{"Ber\u00e4knad l\u00e4stid":"2 minuter"},"schema":{"@context":"https:\/\/schema.org","@graph":[{"@type":"WebPage","@id":"https:\/\/uk-gb.net\/sv\/pbs-system-punkter-visum-england\/","url":"https:\/\/uk-gb.net\/sv\/pbs-system-punkter-visum-england\/","name":"PBS po\u00e4ngsystem f\u00f6r att f\u00e5 visum till England - UK GB","isPartOf":{"@id":"https:\/\/uk-gb.net\/sv\/#website"},"datePublished":"2023-12-07T14:52:18+00:00","dateModified":"2025-12-18T12:49:29+00:00","description":"PBS-systemet v\u00e4nder sig till kvalificerade arbetstagare, internationella studenter och innovativa profiler som vill arbeta i Storbritannien.","inLanguage":"sv-SE","potentialAction":[{"@type":"ReadAction","target":["https:\/\/uk-gb.net\/sv\/pbs-system-punkter-visum-england\/"]}]},{"@type":"WebSite","@id":"https:\/\/uk-gb.net\/sv\/#website","url":"https:\/\/uk-gb.net\/sv\/","name":"UK GB","description":"Travel to the UK","potentialAction":[{"@type":"SearchAction","target":{"@type":"EntryPoint","urlTemplate":"https:\/\/uk-gb.net\/sv\/?s={search_term_string}"},"query-input":{"@type":"PropertyValueSpecification","valueRequired":true,"valueName":"search_term_string"}}],"inLanguage":"sv-SE"}]}},"_links":{"self":[{"href":"https:\/\/uk-gb.net\/sv\/wp-json\/wp\/v2\/pages\/1692","targetHints":{"allow":["GET"]}}],"collection":[{"href":"https:\/\/uk-gb.net\/sv\/wp-json\/wp\/v2\/pages"}],"about":[{"href":"https:\/\/uk-gb.net\/sv\/wp-json\/wp\/v2\/types\/page"}],"author":[{"embeddable":true,"href":"https:\/\/uk-gb.net\/sv\/wp-json\/wp\/v2\/users\/1"}],"replies":[{"embeddable":true,"href":"https:\/\/uk-gb.net\/sv\/wp-json\/wp\/v2\/comments?post=1692"}],"version-history":[{"count":0,"href":"https:\/\/uk-gb.net\/sv\/wp-json\/wp\/v2\/pages\/1692\/revisions"}],"wp:attachment":[{"href":"https:\/\/uk-gb.net\/sv\/wp-json\/wp\/v2\/media?parent=1692"}],"curies":[{"name":"wp","href":"https:\/\/api.w.org\/{rel}","templated":true}]}}