{"id":1684,"date":"2024-02-25T10:31:56","date_gmt":"2024-02-25T10:31:56","guid":{"rendered":"https:\/\/uk-gb.net\/ansokningsforfarande-visa-fk\/"},"modified":"2025-12-18T11:49:00","modified_gmt":"2025-12-18T11:49:00","slug":"ansokningsforfarande-visa-fk","status":"publish","type":"page","link":"https:\/\/uk-gb.net\/sv\/ansokningsforfarande-visa-fk\/","title":{"rendered":"F\u00f6rfarande f\u00f6r ans\u00f6kan om brittiskt visum"},"content":{"rendered":"\n<h1 class=\"wp-block-heading\">F\u00f6rfarandet f\u00f6r att f\u00e5 visum f\u00f6r att resa till F\u00f6renade kungariket<\/h1>\n\n<p>Om du inte \u00e4r ber\u00e4ttigad till ett <a href=\"https:\/\/uk-gb.net\/sv\/eta-england-forenade-kungariket\/\">ETA<\/a> m\u00e5ste du skaffa ett <a href=\"https:\/\/uk-gb.net\/sv\/olika-brittiska-visum\/\">brittiskt visum<\/a> f\u00f6r att resa in i Storbritannien. Ans\u00f6kan g\u00f6rs i flera steg och b\u00f6rjar alltid med ett onlineformul\u00e4r, f\u00f6ljt av ett m\u00f6te p\u00e5 en ambassad eller ett godk\u00e4nt ans\u00f6kningscenter. <\/p>\n\n<p><strong>F\u00f6r en turist- eller aff\u00e4rsvistelse<\/strong> p\u00e5 <strong>mindre \u00e4n 6 m\u00e5nader<\/strong>: Medborgare i ber\u00e4ttigade l\u00e4nder kan <a href=\"https:\/\/uk-gb.net\/sv\/online-formular-eta-visering-england-fk\/\">ans\u00f6ka om ett ETA online<\/a> ist\u00e4llet f\u00f6r visum. Detta f\u00f6rfarande \u00e4r snabbare och sker till 100 % online. <\/p>\n\n<div style=\"height:10px\" aria-hidden=\"true\" class=\"wp-block-spacer\"><\/div>\n\n<h2 class=\"wp-block-heading\">Hur ans\u00f6ker jag om visum till Storbritannien?<\/h2>\n\n<p>Du kan ans\u00f6ka om brittiskt visum online. F\u00f6rfarandet f\u00f6r att ans\u00f6ka om brittisk visering best\u00e5r av flera obligatoriska steg: <\/p>\n\n<ol class=\"wp-block-list\">\n<li>Best\u00e4m vilken <a href=\"https:\/\/uk-gb.net\/sv\/olika-brittiska-visum\/\">typ av brittiskt visum<\/a> som kr\u00e4vs beroende p\u00e5 orsaken till resan (turism, studier, arbete, transit);<\/li>\n\n\n\n<li>Samla in alla styrkande handlingar som kr\u00e4vs av de brittiska myndigheterna;<\/li>\n\n\n\n<li>Fyll i formul\u00e4ret f\u00f6r visumans\u00f6kan p\u00e5 den brittiska regeringens officiella webbplats: <a class=\"\" href=\"https:\/\/www.gov.uk\/\">gov.uk<\/a>;<\/li>\n\n\n\n<li>Betala <a href=\"https:\/\/uk-gb.net\/sv\/kostnader-visum-resa-england\/\">visumavgiften<\/a> online vid inl\u00e4mningstillf\u00e4llet;<\/li>\n\n\n\n<li>Boka tid p\u00e5 en <a href=\"https:\/\/uk-gb.net\/sv\/visumbokning-vid-den-brittiska-ambassaden\/\">brittisk ambassad<\/a> eller ett godk\u00e4nt visumans\u00f6kningscenter;<\/li>\n\n\n\n<li>L\u00e4mna in alla originaldokument och styrkande handlingar vid <a href=\"https:\/\/uk-gb.net\/sv\/visumbokning-vid-den-brittiska-ambassaden\/\">viseringstillf\u00e4llet p\u00e5 ambassaden<\/a>;<\/li>\n\n\n\n<li>Delta i en intervju med en konsul\u00e4r tj\u00e4nsteman om detta kr\u00e4vs f\u00f6r din typ av visum.<\/li>\n<\/ol>\n\n<div style=\"height:10px\" aria-hidden=\"true\" class=\"wp-block-spacer\"><\/div>\n\n<h2 class=\"wp-block-heading\">Vilka dokument kr\u00e4vs?<\/h2>\n\n<p>Vilka handlingar som kr\u00e4vs beror p\u00e5 vilken typ av visum som s\u00f6ks, men de m\u00e5ste i allm\u00e4nhet g\u00f6ra det m\u00f6jligt f\u00f6r de brittiska myndigheterna att :<\/p>\n\n<ul class=\"wp-block-list\">\n<li>Kontrollera att du reser in i Storbritannien f\u00f6r en <strong>till\u00e5ten aktivitet<\/strong>;<\/li>\n\n\n\n<li>Bekr\u00e4fta att du <strong>kommer att l\u00e4mna landet n\u00e4r ditt visum l\u00f6per ut;<\/strong> <\/li>\n\n\n\n<li>Bevisa att du kan <strong>finansiera din<\/strong> och eventuella medf\u00f6ljande personers <strong>vistelse<\/strong>;<\/li>\n\n\n\n<li>Bevisa att du <strong>kan betala f\u00f6r din returresa<\/strong> eller n\u00e4sta destination.<\/li>\n<\/ul>\n\n<div style=\"height:10px\" aria-hidden=\"true\" class=\"wp-block-spacer\"><\/div>\n\n<p>Alla styrkande handlingar m\u00e5ste tillhandah\u00e5llas i <strong>digitalt format som skannats<\/strong> fr\u00e5n <strong>originaldokumenten<\/strong>. Ocertifierade fotokopior eller \u00f6vers\u00e4ttningar kan leda till avslag. <\/p>\n\n<h2 class=\"wp-block-heading\">Handl\u00e4ggningstider och f\u00f6rdr\u00f6jning<\/h2>\n\n<p>Den normala handl\u00e4ggningstiden f\u00f6r en visumans\u00f6kan \u00e4r i genomsnitt <strong>3 veckor<\/strong> fr\u00e5n dagen f\u00f6r det konsul\u00e4ra bes\u00f6ket. Det \u00e4r l\u00e4mpligt att l\u00e4mna in din ans\u00f6kan <strong>minst en m\u00e5nad f\u00f6re din planerade avresa<\/strong>, s\u00e4rskilt under hektiska perioder. <\/p>\n\n<p>Prioriterade <strong>servicealternativ<\/strong> finns tillg\u00e4ngliga mot en extra kostnad.<\/p>\n\n<h2 class=\"wp-block-heading\">Kan jag \u00e4ndra eller avbryta min visumans\u00f6kan?<\/h2>\n\n<p>N\u00e4r du har skickat in din ans\u00f6kan och betalat <a href=\"https:\/\/uk-gb.net\/sv\/kostnader-visum-resa-england\/\">visumavgiften<\/a> kan du inte <strong>\u00e4ndra de uppgifter du har angett<\/strong> eller f\u00e5 pengarna tillbaka vid en eventuell avbokning. Om du har gjort ett misstag eller \u00e4ndrat dina planer m\u00e5ste du l\u00e4mna in <strong>en helt ny ans\u00f6kan<\/strong> med nya avgifter. <\/p>\n\n<h2 class=\"wp-block-heading\">Vad \u00e4r skillnaden mellan ett visum och ett ETA?<\/h2>\n\n<p><strong>Visumet<\/strong> \u00e4r ett standardtillst\u00e5nd som utf\u00e4rdas efter en noggrann unders\u00f6kning och som ofta kr\u00e4vs f\u00f6r l\u00e4ngre vistelser eller f\u00f6r medborgare i l\u00e4nder som inte omfattas av ETA-programmet.<\/p>\n\n<p><strong>ETA<\/strong> \u00e4r <strong>snabbare<\/strong>, <strong>billigare<\/strong> (\u00a316) och \u00e4r avsett f\u00f6r vissa viseringsfria resen\u00e4rer. Det \u00e4r giltigt i <strong>2 \u00e5r<\/strong> f\u00f6r vistelser p\u00e5 <strong>mindre \u00e4n 6 m\u00e5nader.<\/strong> <\/p>\n","protected":false},"excerpt":{"rendered":"<p>F\u00f6rfarandet f\u00f6r att f\u00e5 visum f\u00f6r att resa till F\u00f6renade kungariket Om du inte \u00e4r ber\u00e4ttigad till ett ETA m\u00e5ste du skaffa ett brittiskt visum f\u00f6r att resa in i Storbritannien. Ans\u00f6kan g\u00f6rs i flera steg och b\u00f6rjar alltid med ett onlineformul\u00e4r, f\u00f6ljt av ett m\u00f6te p\u00e5 en ambassad eller ett godk\u00e4nt ans\u00f6kningscenter. F\u00f6r en [&hellip;]<\/p>\n","protected":false},"author":1,"featured_media":0,"parent":0,"menu_order":0,"comment_status":"closed","ping_status":"closed","template":"","meta":{"footnotes":""},"class_list":["post-1684","page","type-page","status-publish","hentry"],"yoast_head":"<!-- This site is optimized with the Yoast SEO plugin v27.3 - https:\/\/yoast.com\/product\/yoast-seo-wordpress\/ -->\n<title>F\u00f6rfarande f\u00f6r ans\u00f6kan om brittiskt visum - UK GB<\/title>\n<meta name=\"description\" content=\"Ta reda p\u00e5 hur du ans\u00f6ker om visum online f\u00f6r din resa till Storbritannien i bara n\u00e5gra steg.\" \/>\n<meta name=\"robots\" content=\"index, follow, max-snippet:-1, max-image-preview:large, max-video-preview:-1\" \/>\n<link rel=\"canonical\" href=\"https:\/\/uk-gb.net\/sv\/ansokningsforfarande-visa-fk\/\" \/>\n<meta property=\"og:locale\" content=\"sv_SE\" \/>\n<meta property=\"og:type\" content=\"article\" \/>\n<meta property=\"og:title\" content=\"F\u00f6rfarande f\u00f6r ans\u00f6kan om brittiskt visum - UK GB\" \/>\n<meta property=\"og:description\" content=\"Ta reda p\u00e5 hur du ans\u00f6ker om visum online f\u00f6r din resa till Storbritannien i bara n\u00e5gra steg.\" \/>\n<meta property=\"og:url\" content=\"https:\/\/uk-gb.net\/sv\/ansokningsforfarande-visa-fk\/\" \/>\n<meta property=\"og:site_name\" content=\"UK GB\" \/>\n<meta property=\"article:modified_time\" content=\"2025-12-18T11:49:00+00:00\" \/>\n<meta name=\"twitter:card\" content=\"summary_large_image\" \/>\n<meta name=\"twitter:label1\" content=\"Ber\u00e4knad l\u00e4stid\" \/>\n\t<meta name=\"twitter:data1\" content=\"3 minuter\" \/>\n<script type=\"application\/ld+json\" class=\"yoast-schema-graph\">{\"@context\":\"https:\\\/\\\/schema.org\",\"@graph\":[{\"@type\":\"WebPage\",\"@id\":\"https:\\\/\\\/uk-gb.net\\\/sv\\\/ansokningsforfarande-visa-fk\\\/\",\"url\":\"https:\\\/\\\/uk-gb.net\\\/sv\\\/ansokningsforfarande-visa-fk\\\/\",\"name\":\"F\u00f6rfarande f\u00f6r ans\u00f6kan om brittiskt visum - UK GB\",\"isPartOf\":{\"@id\":\"https:\\\/\\\/uk-gb.net\\\/sv\\\/#website\"},\"datePublished\":\"2024-02-25T10:31:56+00:00\",\"dateModified\":\"2025-12-18T11:49:00+00:00\",\"description\":\"Ta reda p\u00e5 hur du ans\u00f6ker om visum online f\u00f6r din resa till Storbritannien i bara n\u00e5gra steg.\",\"inLanguage\":\"sv-SE\",\"potentialAction\":[{\"@type\":\"ReadAction\",\"target\":[\"https:\\\/\\\/uk-gb.net\\\/sv\\\/ansokningsforfarande-visa-fk\\\/\"]}]},{\"@type\":\"WebSite\",\"@id\":\"https:\\\/\\\/uk-gb.net\\\/sv\\\/#website\",\"url\":\"https:\\\/\\\/uk-gb.net\\\/sv\\\/\",\"name\":\"UK GB\",\"description\":\"Travel to the UK\",\"potentialAction\":[{\"@type\":\"SearchAction\",\"target\":{\"@type\":\"EntryPoint\",\"urlTemplate\":\"https:\\\/\\\/uk-gb.net\\\/sv\\\/?s={search_term_string}\"},\"query-input\":{\"@type\":\"PropertyValueSpecification\",\"valueRequired\":true,\"valueName\":\"search_term_string\"}}],\"inLanguage\":\"sv-SE\"}]}<\/script>\n<!-- \/ Yoast SEO plugin. -->","yoast_head_json":{"title":"F\u00f6rfarande f\u00f6r ans\u00f6kan om brittiskt visum - UK GB","description":"Ta reda p\u00e5 hur du ans\u00f6ker om visum online f\u00f6r din resa till Storbritannien i bara n\u00e5gra steg.","robots":{"index":"index","follow":"follow","max-snippet":"max-snippet:-1","max-image-preview":"max-image-preview:large","max-video-preview":"max-video-preview:-1"},"canonical":"https:\/\/uk-gb.net\/sv\/ansokningsforfarande-visa-fk\/","og_locale":"sv_SE","og_type":"article","og_title":"F\u00f6rfarande f\u00f6r ans\u00f6kan om brittiskt visum - UK GB","og_description":"Ta reda p\u00e5 hur du ans\u00f6ker om visum online f\u00f6r din resa till Storbritannien i bara n\u00e5gra steg.","og_url":"https:\/\/uk-gb.net\/sv\/ansokningsforfarande-visa-fk\/","og_site_name":"UK GB","article_modified_time":"2025-12-18T11:49:00+00:00","twitter_card":"summary_large_image","twitter_misc":{"Ber\u00e4knad l\u00e4stid":"3 minuter"},"schema":{"@context":"https:\/\/schema.org","@graph":[{"@type":"WebPage","@id":"https:\/\/uk-gb.net\/sv\/ansokningsforfarande-visa-fk\/","url":"https:\/\/uk-gb.net\/sv\/ansokningsforfarande-visa-fk\/","name":"F\u00f6rfarande f\u00f6r ans\u00f6kan om brittiskt visum - UK GB","isPartOf":{"@id":"https:\/\/uk-gb.net\/sv\/#website"},"datePublished":"2024-02-25T10:31:56+00:00","dateModified":"2025-12-18T11:49:00+00:00","description":"Ta reda p\u00e5 hur du ans\u00f6ker om visum online f\u00f6r din resa till Storbritannien i bara n\u00e5gra steg.","inLanguage":"sv-SE","potentialAction":[{"@type":"ReadAction","target":["https:\/\/uk-gb.net\/sv\/ansokningsforfarande-visa-fk\/"]}]},{"@type":"WebSite","@id":"https:\/\/uk-gb.net\/sv\/#website","url":"https:\/\/uk-gb.net\/sv\/","name":"UK GB","description":"Travel to the UK","potentialAction":[{"@type":"SearchAction","target":{"@type":"EntryPoint","urlTemplate":"https:\/\/uk-gb.net\/sv\/?s={search_term_string}"},"query-input":{"@type":"PropertyValueSpecification","valueRequired":true,"valueName":"search_term_string"}}],"inLanguage":"sv-SE"}]}},"_links":{"self":[{"href":"https:\/\/uk-gb.net\/sv\/wp-json\/wp\/v2\/pages\/1684","targetHints":{"allow":["GET"]}}],"collection":[{"href":"https:\/\/uk-gb.net\/sv\/wp-json\/wp\/v2\/pages"}],"about":[{"href":"https:\/\/uk-gb.net\/sv\/wp-json\/wp\/v2\/types\/page"}],"author":[{"embeddable":true,"href":"https:\/\/uk-gb.net\/sv\/wp-json\/wp\/v2\/users\/1"}],"replies":[{"embeddable":true,"href":"https:\/\/uk-gb.net\/sv\/wp-json\/wp\/v2\/comments?post=1684"}],"version-history":[{"count":0,"href":"https:\/\/uk-gb.net\/sv\/wp-json\/wp\/v2\/pages\/1684\/revisions"}],"wp:attachment":[{"href":"https:\/\/uk-gb.net\/sv\/wp-json\/wp\/v2\/media?parent=1684"}],"curies":[{"name":"wp","href":"https:\/\/api.w.org\/{rel}","templated":true}]}}