{"id":1682,"date":"2023-12-07T16:41:44","date_gmt":"2023-12-07T16:41:44","guid":{"rendered":"https:\/\/uk-gb.net\/kostnader-visum-resa-england\/"},"modified":"2025-12-18T11:47:47","modified_gmt":"2025-12-18T11:47:47","slug":"kostnader-visum-resa-england","status":"publish","type":"page","link":"https:\/\/uk-gb.net\/sv\/kostnader-visum-resa-england\/","title":{"rendered":"Kostnader f\u00f6r att f\u00e5 visum f\u00f6r att resa till England"},"content":{"rendered":"\n<h1 class=\"wp-block-heading\">Hur mycket kostar ett visum f\u00f6r att resa till Storbritannien?<\/h1>\n\n<p>Alla viseringsans\u00f6kningar till F\u00f6renade kungariket \u00e4r belagda med en obligatorisk avgift. Denna avgift t\u00e4cker de administrativa kostnaderna f\u00f6r att granska och behandla ans\u00f6kningarna. Avgiften varierar beroende p\u00e5 vilken <strong>typ<\/strong> av <strong>visum<\/strong> som s\u00f6ks, <strong>vistelsens l\u00e4ngd<\/strong> och den <strong>s\u00f6kandes bos\u00e4ttningsland<\/strong>.  <\/p>\n\n<p><strong>F\u00f6r turistvistelse <\/strong>: Du beh\u00f6ver inte skaffa visum utan fyller bara i <a href=\"https:\/\/uk-gb.net\/sv\/online-formular-eta-visering-england-fk\/\">ETA-formul\u00e4ret online<\/a>.<\/p>\n\n<div style=\"height:10px\" aria-hidden=\"true\" class=\"wp-block-spacer\"><\/div>\n\n<p>H\u00e4r \u00e4r n\u00e5gra v\u00e4gledande exempel f\u00f6r \u00e5r <strong>2025:<\/strong><\/p>\n\n<figure class=\"wp-block-table\"><table><tbody><tr><td><strong>Visum f\u00f6r bes\u00f6kare<\/strong><\/td><td class=\"has-text-align-center\" data-align=\"center\"><strong>Visumavgifter<\/strong><\/td><\/tr><tr><td><a href=\"https:\/\/uk-gb.net\/sv\/turistbesok-england-forenade-kungariket\/\">Turistvisum<\/a> f\u00f6r kortare vistelse i upp till 6 m\u00e5nader<\/td><td class=\"has-text-align-center\" data-align=\"center\">\u00a3 115<\/td><\/tr><tr><td>Visum f\u00f6r l\u00e5ngtidsbes\u00f6kare (2 \u00e5r)<\/td><td class=\"has-text-align-center\" data-align=\"center\">\u00a3 400<\/td><\/tr><tr><td>Visum f\u00f6r l\u00e5ngtidsbes\u00f6kare (5 \u00e5r)<\/td><td class=\"has-text-align-center\" data-align=\"center\">\u00a3 771<\/td><\/tr><tr><td>Visum f\u00f6r l\u00e5ngtidsbes\u00f6kare (10 \u00e5r)<\/td><td class=\"has-text-align-center\" data-align=\"center\">\u00a3 963<\/td><\/tr><\/tbody><\/table><figcaption class=\"wp-element-caption\">Tabell \u00f6ver viseringsavgifter f\u00f6r bes\u00f6ksvisum<\/figcaption><\/figure>\n\n<figure class=\"wp-block-table\"><table><tbody><tr><td><strong>Genomresevisum<\/strong><\/td><td class=\"has-text-align-center\" data-align=\"center\"><strong><strong>Visumavgifter<\/strong><\/strong><\/td><\/tr><tr><td>Visum f\u00f6r direkttransitering p\u00e5 flygsidan (DATV) f\u00f6r passagerare som vistas i den internationella zonen<\/td><td class=\"has-text-align-center\" data-align=\"center\">\u00a3 39<\/td><\/tr><tr><td>Visum f\u00f6r bes\u00f6kare i transit: f\u00f6r passagerare som m\u00e5ste passera genom gr\u00e4nskontroll<\/td><td class=\"has-text-align-center\" data-align=\"center\">\u00a3 64<\/td><\/tr><\/tbody><\/table><figcaption class=\"wp-element-caption\">Dessa visum till\u00e5ter en vistelse p\u00e5 h\u00f6gst 48 timmar i Storbritannien.<\/figcaption><\/figure>\n\n<div style=\"height:10px\" aria-hidden=\"true\" class=\"wp-block-spacer\"><\/div>\n\n<h2 class=\"wp-block-heading\">Avgifter f\u00f6r studentvisum f\u00f6r Storbritannien<\/h2>\n\n<p>Internationella studenter som vill studera i Storbritannien m\u00e5ste skaffa ett <a href=\"https:\/\/uk-gb.net\/sv\/studentvisum-england-forenta-kungariket\/\">studentvisum<\/a>.<\/p>\n\n<figure class=\"wp-block-table\"><table><tbody><tr><td><strong>Visum f\u00f6r korttidsstudier<\/strong><\/td><td class=\"has-text-align-center\" data-align=\"center\"><strong><strong>Visumavgifter<\/strong><\/strong><\/td><\/tr><tr><td>Avgift f\u00f6r visumans\u00f6kan<\/td><td class=\"has-text-align-center\" data-align=\"center\">\u00a3 524<\/td><\/tr><tr><td>Till\u00e4ggsavgift f\u00f6r invandrarh\u00e4lsa per \u00e5r<\/td><td class=\"has-text-align-center\" data-align=\"center\">\u00a3 776<\/td><\/tr><\/tbody><\/table><figcaption class=\"wp-element-caption\">Betalning av IHS \u00e4r obligatorisk och ger tillg\u00e5ng till National Health Service under hela din vistelse.<\/figcaption><\/figure>\n\n<div style=\"height:10px\" aria-hidden=\"true\" class=\"wp-block-spacer\"><\/div>\n\n<h2 class=\"wp-block-heading\">Kan visumavgifter f\u00f6r Storbritannien betalas i lokal valuta?<\/h2>\n\n<p>Visumavgifterna anges i <strong>pund sterling (\u00a3).<\/strong> Betalning kan dock vanligtvis g\u00f6ras i den <g id=\"gid_1\">lokala valutan<\/g> i bos\u00e4ttningslandet, baserat p\u00e5 den v\u00e4xelkurs som till\u00e4mpas av den brittiska regeringen. Denna kurs uppdateras regelbundet och till\u00e4mpas automatiskt n\u00e4r du betalar online.  <\/p>\n","protected":false},"excerpt":{"rendered":"<p>Hur mycket kostar ett visum f\u00f6r att resa till Storbritannien? Alla viseringsans\u00f6kningar till F\u00f6renade kungariket \u00e4r belagda med en obligatorisk avgift. Denna avgift t\u00e4cker de administrativa kostnaderna f\u00f6r att granska och behandla ans\u00f6kningarna. Avgiften varierar beroende p\u00e5 vilken typ av visum som s\u00f6ks, vistelsens l\u00e4ngd och den s\u00f6kandes bos\u00e4ttningsland. F\u00f6r turistvistelse : Du beh\u00f6ver inte [&hellip;]<\/p>\n","protected":false},"author":1,"featured_media":0,"parent":0,"menu_order":0,"comment_status":"closed","ping_status":"closed","template":"","meta":{"footnotes":""},"class_list":["post-1682","page","type-page","status-publish","hentry"],"yoast_head":"<!-- This site is optimized with the Yoast SEO plugin v27.3 - https:\/\/yoast.com\/product\/yoast-seo-wordpress\/ -->\n<title>Kostnader f\u00f6r att f\u00e5 visum f\u00f6r att resa till England - UK GB<\/title>\n<meta name=\"description\" content=\"Vilka \u00e4r de administrativa avgifterna f\u00f6r att ans\u00f6ka om visum f\u00f6r resor inom F\u00f6renade kungariket?\" \/>\n<meta name=\"robots\" content=\"index, follow, max-snippet:-1, max-image-preview:large, max-video-preview:-1\" \/>\n<link rel=\"canonical\" href=\"https:\/\/uk-gb.net\/sv\/kostnader-visum-resa-england\/\" \/>\n<meta property=\"og:locale\" content=\"sv_SE\" \/>\n<meta property=\"og:type\" content=\"article\" \/>\n<meta property=\"og:title\" content=\"Kostnader f\u00f6r att f\u00e5 visum f\u00f6r att resa till England - UK GB\" \/>\n<meta property=\"og:description\" content=\"Vilka \u00e4r de administrativa avgifterna f\u00f6r att ans\u00f6ka om visum f\u00f6r resor inom F\u00f6renade kungariket?\" \/>\n<meta property=\"og:url\" content=\"https:\/\/uk-gb.net\/sv\/kostnader-visum-resa-england\/\" \/>\n<meta property=\"og:site_name\" content=\"UK GB\" \/>\n<meta property=\"article:modified_time\" content=\"2025-12-18T11:47:47+00:00\" \/>\n<meta name=\"twitter:card\" content=\"summary_large_image\" \/>\n<meta name=\"twitter:label1\" content=\"Ber\u00e4knad l\u00e4stid\" \/>\n\t<meta name=\"twitter:data1\" content=\"1 minut\" \/>\n<script type=\"application\/ld+json\" class=\"yoast-schema-graph\">{\"@context\":\"https:\\\/\\\/schema.org\",\"@graph\":[{\"@type\":\"WebPage\",\"@id\":\"https:\\\/\\\/uk-gb.net\\\/sv\\\/kostnader-visum-resa-england\\\/\",\"url\":\"https:\\\/\\\/uk-gb.net\\\/sv\\\/kostnader-visum-resa-england\\\/\",\"name\":\"Kostnader f\u00f6r att f\u00e5 visum f\u00f6r att resa till England - UK GB\",\"isPartOf\":{\"@id\":\"https:\\\/\\\/uk-gb.net\\\/sv\\\/#website\"},\"datePublished\":\"2023-12-07T16:41:44+00:00\",\"dateModified\":\"2025-12-18T11:47:47+00:00\",\"description\":\"Vilka \u00e4r de administrativa avgifterna f\u00f6r att ans\u00f6ka om visum f\u00f6r resor inom F\u00f6renade kungariket?\",\"inLanguage\":\"sv-SE\",\"potentialAction\":[{\"@type\":\"ReadAction\",\"target\":[\"https:\\\/\\\/uk-gb.net\\\/sv\\\/kostnader-visum-resa-england\\\/\"]}]},{\"@type\":\"WebSite\",\"@id\":\"https:\\\/\\\/uk-gb.net\\\/sv\\\/#website\",\"url\":\"https:\\\/\\\/uk-gb.net\\\/sv\\\/\",\"name\":\"UK GB\",\"description\":\"Travel to the UK\",\"potentialAction\":[{\"@type\":\"SearchAction\",\"target\":{\"@type\":\"EntryPoint\",\"urlTemplate\":\"https:\\\/\\\/uk-gb.net\\\/sv\\\/?s={search_term_string}\"},\"query-input\":{\"@type\":\"PropertyValueSpecification\",\"valueRequired\":true,\"valueName\":\"search_term_string\"}}],\"inLanguage\":\"sv-SE\"}]}<\/script>\n<!-- \/ Yoast SEO plugin. -->","yoast_head_json":{"title":"Kostnader f\u00f6r att f\u00e5 visum f\u00f6r att resa till England - UK GB","description":"Vilka \u00e4r de administrativa avgifterna f\u00f6r att ans\u00f6ka om visum f\u00f6r resor inom F\u00f6renade kungariket?","robots":{"index":"index","follow":"follow","max-snippet":"max-snippet:-1","max-image-preview":"max-image-preview:large","max-video-preview":"max-video-preview:-1"},"canonical":"https:\/\/uk-gb.net\/sv\/kostnader-visum-resa-england\/","og_locale":"sv_SE","og_type":"article","og_title":"Kostnader f\u00f6r att f\u00e5 visum f\u00f6r att resa till England - UK GB","og_description":"Vilka \u00e4r de administrativa avgifterna f\u00f6r att ans\u00f6ka om visum f\u00f6r resor inom F\u00f6renade kungariket?","og_url":"https:\/\/uk-gb.net\/sv\/kostnader-visum-resa-england\/","og_site_name":"UK GB","article_modified_time":"2025-12-18T11:47:47+00:00","twitter_card":"summary_large_image","twitter_misc":{"Ber\u00e4knad l\u00e4stid":"1 minut"},"schema":{"@context":"https:\/\/schema.org","@graph":[{"@type":"WebPage","@id":"https:\/\/uk-gb.net\/sv\/kostnader-visum-resa-england\/","url":"https:\/\/uk-gb.net\/sv\/kostnader-visum-resa-england\/","name":"Kostnader f\u00f6r att f\u00e5 visum f\u00f6r att resa till England - UK GB","isPartOf":{"@id":"https:\/\/uk-gb.net\/sv\/#website"},"datePublished":"2023-12-07T16:41:44+00:00","dateModified":"2025-12-18T11:47:47+00:00","description":"Vilka \u00e4r de administrativa avgifterna f\u00f6r att ans\u00f6ka om visum f\u00f6r resor inom F\u00f6renade kungariket?","inLanguage":"sv-SE","potentialAction":[{"@type":"ReadAction","target":["https:\/\/uk-gb.net\/sv\/kostnader-visum-resa-england\/"]}]},{"@type":"WebSite","@id":"https:\/\/uk-gb.net\/sv\/#website","url":"https:\/\/uk-gb.net\/sv\/","name":"UK GB","description":"Travel to the UK","potentialAction":[{"@type":"SearchAction","target":{"@type":"EntryPoint","urlTemplate":"https:\/\/uk-gb.net\/sv\/?s={search_term_string}"},"query-input":{"@type":"PropertyValueSpecification","valueRequired":true,"valueName":"search_term_string"}}],"inLanguage":"sv-SE"}]}},"_links":{"self":[{"href":"https:\/\/uk-gb.net\/sv\/wp-json\/wp\/v2\/pages\/1682","targetHints":{"allow":["GET"]}}],"collection":[{"href":"https:\/\/uk-gb.net\/sv\/wp-json\/wp\/v2\/pages"}],"about":[{"href":"https:\/\/uk-gb.net\/sv\/wp-json\/wp\/v2\/types\/page"}],"author":[{"embeddable":true,"href":"https:\/\/uk-gb.net\/sv\/wp-json\/wp\/v2\/users\/1"}],"replies":[{"embeddable":true,"href":"https:\/\/uk-gb.net\/sv\/wp-json\/wp\/v2\/comments?post=1682"}],"version-history":[{"count":0,"href":"https:\/\/uk-gb.net\/sv\/wp-json\/wp\/v2\/pages\/1682\/revisions"}],"wp:attachment":[{"href":"https:\/\/uk-gb.net\/sv\/wp-json\/wp\/v2\/media?parent=1682"}],"curies":[{"name":"wp","href":"https:\/\/api.w.org\/{rel}","templated":true}]}}