{"id":1658,"date":"2024-02-25T10:29:22","date_gmt":"2024-02-25T10:29:22","guid":{"rendered":"https:\/\/uk-gb.net\/pris-eta-uk\/"},"modified":"2026-04-02T11:25:27","modified_gmt":"2026-04-02T10:25:27","slug":"pris-eta-uk","status":"publish","type":"page","link":"https:\/\/uk-gb.net\/sv\/pris-eta-uk\/","title":{"rendered":"ETA Award f\u00f6r Storbritannien"},"content":{"rendered":"\n<h1 class=\"wp-block-heading\">Hur mycket kostar ett ETA-tillst\u00e5nd f\u00f6r Storbritannien?<\/h1>\n\n<p>Om du \u00e4r medborgare i ett land som omfattas av det brittiska <strong>programmet f\u00f6r viseringsundantag<\/strong> kan du <a href=\"https:\/\/uk-gb.net\/sv\/online-formular-eta-visering-england-fk\/\">ans\u00f6ka om ett ETA<\/a> f\u00f6r att resa in i Storbritannien utan brittisk <a href=\"https:\/\/uk-gb.net\/sv\/olika-brittiska-visum\/\">visering<\/a>.  <\/p>\n\n<p><strong>F\u00f6rfarandet \u00e4r snabbt och 100% online<\/strong> genom att fylla i <a href=\"https:\/\/uk-gb.net\/sv\/online-formular-eta-visering-england-fk\/\">ETA-formul\u00e4ret online<\/a>.<\/p>\n\n<div style=\"height:10px\" aria-hidden=\"true\" class=\"wp-block-spacer\"><\/div>\n\n<h2 class=\"wp-block-heading\">ETA-tariff f\u00f6r F\u00f6renade kungariket<\/h2>\n\n<p>Det officiella priset f\u00f6r ett ETA har varit <strong>20 pund<\/strong> sedan den 8 april 2026, eller cirka <strong>23 euro.<\/strong> Detta \u00e4r ett <strong>schablonbelopp<\/strong> som \u00e4r identiskt f\u00f6r alla s\u00f6kande, oavsett \u00e5lder eller ursprungsland. <\/p>\n\n<p>Detta \u00e4r betydligt l\u00e4gre \u00e4n kostnaden f\u00f6r ett <a href=\"https:\/\/uk-gb.net\/sv\/turistbesok-england-forenade-kungariket\/\">turistvisum<\/a>, som \u00e4r minst <strong>115 pund<\/strong> f\u00f6r en kortvarig vistelse.<\/p>\n\n<h2 class=\"wp-block-heading\">Hur st\u00e4ller jag in ETA?<\/h2>\n\n<p>Betalning sker <strong>direkt online<\/strong> vid ans\u00f6kningstillf\u00e4llet med kreditkort (Visa, Mastercard etc.). Betalning \u00e4r <strong>obligatorisk<\/strong> f\u00f6r att ans\u00f6kan ska beaktas: ingen behandling p\u00e5b\u00f6rjas f\u00f6rr\u00e4n betalningen har validerats. <\/p>\n\n<p>N\u00e4r betalningen har gjorts b\u00f6rjar systemet omedelbart unders\u00f6ka din fil, och svaret skickas vanligtvis via e-post inom n\u00e5gra timmar (eller upp till 3 dagar om ytterligare analys kr\u00e4vs).<\/p>\n\n<h2 class=\"wp-block-heading\">Ingen \u00e5terbetalning m\u00f6jlig<\/h2>\n\n<p>Det belopp som betalats f\u00f6r ett ETA <strong>\u00e5terbetalas inte<\/strong>, \u00e4ven om din ans\u00f6kan avsl\u00e5s, annulleras eller om du \u00e4ndrar dina resplaner. Det \u00e4r d\u00e4rf\u00f6r viktigt att kontrollera om du \u00e4r <strong>ber\u00e4ttigad<\/strong> till <a href=\"https:\/\/uk-gb.net\/sv\/land-som-kan-rekvirera-eta-forenat-kungarike\/\">ETA innan du p\u00e5b\u00f6rjar f\u00f6rfarandet, s\u00e4rskilt om du byter pass eller om du inte \u00e4r medborgare i ett land som \u00e4r ber\u00e4ttigat till ETA-programmet<\/a>. <\/p>\n\n<h2 class=\"wp-block-heading\">Ett ETA \u00e4r giltigt i 2 \u00e5r<\/h2>\n\n<p>ETA \u00e4r <strong>giltigt i 2 \u00e5r<\/strong> eller tills ditt pass g\u00e5r ut, beroende p\u00e5 vilket som intr\u00e4ffar f\u00f6rst. Det ger dig r\u00e4tt att resa in i Storbritannien flera g\u00e5nger under denna period, f\u00f6r vistelser p\u00e5 <strong>mindre \u00e4n 6 m\u00e5nader<\/strong> varje g\u00e5ng. <\/p>\n","protected":false},"excerpt":{"rendered":"<p>Hur mycket kostar ett ETA-tillst\u00e5nd f\u00f6r Storbritannien? Om du \u00e4r medborgare i ett land som omfattas av det brittiska programmet f\u00f6r viseringsundantag kan du ans\u00f6ka om ett ETA f\u00f6r att resa in i Storbritannien utan brittisk visering. F\u00f6rfarandet \u00e4r snabbt och 100% online genom att fylla i ETA-formul\u00e4ret online. ETA-tariff f\u00f6r F\u00f6renade kungariket Det officiella [&hellip;]<\/p>\n","protected":false},"author":1,"featured_media":0,"parent":0,"menu_order":0,"comment_status":"closed","ping_status":"closed","template":"","meta":{"footnotes":""},"class_list":["post-1658","page","type-page","status-publish","hentry"],"yoast_head":"<!-- This site is optimized with the Yoast SEO plugin v27.3 - https:\/\/yoast.com\/product\/yoast-seo-wordpress\/ -->\n<title>ETA Award f\u00f6r Storbritannien - UK GB<\/title>\n<meta name=\"description\" content=\"Vad \u00e4r den administrativa avgiften som ska betalas online f\u00f6r att validera en ans\u00f6kan om ett elektroniskt resetillst\u00e5nd ETA?\" \/>\n<meta name=\"robots\" content=\"index, follow, max-snippet:-1, max-image-preview:large, max-video-preview:-1\" \/>\n<link rel=\"canonical\" href=\"https:\/\/uk-gb.net\/sv\/pris-eta-uk\/\" \/>\n<meta property=\"og:locale\" content=\"sv_SE\" \/>\n<meta property=\"og:type\" content=\"article\" \/>\n<meta property=\"og:title\" content=\"ETA Award f\u00f6r Storbritannien - UK GB\" \/>\n<meta property=\"og:description\" content=\"Vad \u00e4r den administrativa avgiften som ska betalas online f\u00f6r att validera en ans\u00f6kan om ett elektroniskt resetillst\u00e5nd ETA?\" \/>\n<meta property=\"og:url\" content=\"https:\/\/uk-gb.net\/sv\/pris-eta-uk\/\" \/>\n<meta property=\"og:site_name\" content=\"UK GB\" \/>\n<meta property=\"article:modified_time\" content=\"2026-04-02T10:25:27+00:00\" \/>\n<meta name=\"twitter:card\" content=\"summary_large_image\" \/>\n<meta name=\"twitter:label1\" content=\"Ber\u00e4knad l\u00e4stid\" \/>\n\t<meta name=\"twitter:data1\" content=\"2 minuter\" \/>\n<script type=\"application\/ld+json\" class=\"yoast-schema-graph\">{\"@context\":\"https:\\\/\\\/schema.org\",\"@graph\":[{\"@type\":\"WebPage\",\"@id\":\"https:\\\/\\\/uk-gb.net\\\/sv\\\/pris-eta-uk\\\/\",\"url\":\"https:\\\/\\\/uk-gb.net\\\/sv\\\/pris-eta-uk\\\/\",\"name\":\"ETA Award f\u00f6r Storbritannien - UK GB\",\"isPartOf\":{\"@id\":\"https:\\\/\\\/uk-gb.net\\\/sv\\\/#website\"},\"datePublished\":\"2024-02-25T10:29:22+00:00\",\"dateModified\":\"2026-04-02T10:25:27+00:00\",\"description\":\"Vad \u00e4r den administrativa avgiften som ska betalas online f\u00f6r att validera en ans\u00f6kan om ett elektroniskt resetillst\u00e5nd ETA?\",\"inLanguage\":\"sv-SE\",\"potentialAction\":[{\"@type\":\"ReadAction\",\"target\":[\"https:\\\/\\\/uk-gb.net\\\/sv\\\/pris-eta-uk\\\/\"]}]},{\"@type\":\"WebSite\",\"@id\":\"https:\\\/\\\/uk-gb.net\\\/sv\\\/#website\",\"url\":\"https:\\\/\\\/uk-gb.net\\\/sv\\\/\",\"name\":\"UK GB\",\"description\":\"Travel to the UK\",\"potentialAction\":[{\"@type\":\"SearchAction\",\"target\":{\"@type\":\"EntryPoint\",\"urlTemplate\":\"https:\\\/\\\/uk-gb.net\\\/sv\\\/?s={search_term_string}\"},\"query-input\":{\"@type\":\"PropertyValueSpecification\",\"valueRequired\":true,\"valueName\":\"search_term_string\"}}],\"inLanguage\":\"sv-SE\"}]}<\/script>\n<!-- \/ Yoast SEO plugin. -->","yoast_head_json":{"title":"ETA Award f\u00f6r Storbritannien - UK GB","description":"Vad \u00e4r den administrativa avgiften som ska betalas online f\u00f6r att validera en ans\u00f6kan om ett elektroniskt resetillst\u00e5nd ETA?","robots":{"index":"index","follow":"follow","max-snippet":"max-snippet:-1","max-image-preview":"max-image-preview:large","max-video-preview":"max-video-preview:-1"},"canonical":"https:\/\/uk-gb.net\/sv\/pris-eta-uk\/","og_locale":"sv_SE","og_type":"article","og_title":"ETA Award f\u00f6r Storbritannien - UK GB","og_description":"Vad \u00e4r den administrativa avgiften som ska betalas online f\u00f6r att validera en ans\u00f6kan om ett elektroniskt resetillst\u00e5nd ETA?","og_url":"https:\/\/uk-gb.net\/sv\/pris-eta-uk\/","og_site_name":"UK GB","article_modified_time":"2026-04-02T10:25:27+00:00","twitter_card":"summary_large_image","twitter_misc":{"Ber\u00e4knad l\u00e4stid":"2 minuter"},"schema":{"@context":"https:\/\/schema.org","@graph":[{"@type":"WebPage","@id":"https:\/\/uk-gb.net\/sv\/pris-eta-uk\/","url":"https:\/\/uk-gb.net\/sv\/pris-eta-uk\/","name":"ETA Award f\u00f6r Storbritannien - UK GB","isPartOf":{"@id":"https:\/\/uk-gb.net\/sv\/#website"},"datePublished":"2024-02-25T10:29:22+00:00","dateModified":"2026-04-02T10:25:27+00:00","description":"Vad \u00e4r den administrativa avgiften som ska betalas online f\u00f6r att validera en ans\u00f6kan om ett elektroniskt resetillst\u00e5nd ETA?","inLanguage":"sv-SE","potentialAction":[{"@type":"ReadAction","target":["https:\/\/uk-gb.net\/sv\/pris-eta-uk\/"]}]},{"@type":"WebSite","@id":"https:\/\/uk-gb.net\/sv\/#website","url":"https:\/\/uk-gb.net\/sv\/","name":"UK GB","description":"Travel to the UK","potentialAction":[{"@type":"SearchAction","target":{"@type":"EntryPoint","urlTemplate":"https:\/\/uk-gb.net\/sv\/?s={search_term_string}"},"query-input":{"@type":"PropertyValueSpecification","valueRequired":true,"valueName":"search_term_string"}}],"inLanguage":"sv-SE"}]}},"_links":{"self":[{"href":"https:\/\/uk-gb.net\/sv\/wp-json\/wp\/v2\/pages\/1658","targetHints":{"allow":["GET"]}}],"collection":[{"href":"https:\/\/uk-gb.net\/sv\/wp-json\/wp\/v2\/pages"}],"about":[{"href":"https:\/\/uk-gb.net\/sv\/wp-json\/wp\/v2\/types\/page"}],"author":[{"embeddable":true,"href":"https:\/\/uk-gb.net\/sv\/wp-json\/wp\/v2\/users\/1"}],"replies":[{"embeddable":true,"href":"https:\/\/uk-gb.net\/sv\/wp-json\/wp\/v2\/comments?post=1658"}],"version-history":[{"count":0,"href":"https:\/\/uk-gb.net\/sv\/wp-json\/wp\/v2\/pages\/1658\/revisions"}],"wp:attachment":[{"href":"https:\/\/uk-gb.net\/sv\/wp-json\/wp\/v2\/media?parent=1658"}],"curies":[{"name":"wp","href":"https:\/\/api.w.org\/{rel}","templated":true}]}}