{"id":1616,"date":"2023-12-07T16:56:29","date_gmt":"2023-12-07T16:56:29","guid":{"rendered":"https:\/\/uk-gb.net\/visum-for-edinburgh\/"},"modified":"2026-04-02T11:22:52","modified_gmt":"2026-04-02T10:22:52","slug":"visum-for-edinburgh","status":"publish","type":"page","link":"https:\/\/uk-gb.net\/sv\/visum-for-edinburgh\/","title":{"rendered":"Visum f\u00f6r resor till Edinburgh"},"content":{"rendered":"\n<p><a href=\"https:\/\/uk-gb.net\/sv\/edinburgh\/\" type=\"page\" id=\"4933\">Edinburgh<\/a> \u00e4r en stad i syd\u00f6stra Skottland, vid stranden av Firth of Forth. Edinburgh, som har varit Skottlands huvudstad sedan 1400-talet, \u00e4r k\u00e4nd f\u00f6r sitt historiska arv, sin enast\u00e5ende arkitektur och sin kulturella roll, inte minst genom v\u00e4lk\u00e4nda festivaler som Edinburgh International Festival och Fringe. <\/p>\n\n<h1 class=\"wp-block-heading\">Visum f\u00f6r resor till Edinburgh<\/h1>\n\n<p><br\/>Utl\u00e4ndska medborgare som vill resa till Edinburgh m\u00e5ste ha ett resetillst\u00e5nd utf\u00e4rdat av F\u00f6renade kungariket. Det finns flera olika typer av resetillst\u00e5nd f\u00f6r resor till Edinburgh. <\/p>\n\n<h2 class=\"wp-block-heading\">Beh\u00f6ver jag visum f\u00f6r Edinburgh?<\/h2>\n\n<p><a href=\"https:\/\/uk-gb.net\/sv\/edinburgh\/\" type=\"page\" id=\"4933\">Edinburgh<\/a> \u00e4r huvudstad i Skottland, s\u00e5 alla utl\u00e4ndska medborgare som vill resa in i Storbritannien via Edinburgh m\u00e5ste ha ett giltigt resetillst\u00e5nd. Beroende p\u00e5 syftet med vistelsen i Edinburgh kan bes\u00f6kare ans\u00f6ka om ett <a href=\"https:\/\/uk-gb.net\/sv\/turistbesok-england-forenade-kungariket\/\">turistvisum<\/a>. <\/p>\n\n<p><strong>F\u00f6r vistelser p\u00e5 mindre \u00e4n 6 m\u00e5nader<\/strong>: Det \u00e4r inte n\u00f6dv\u00e4ndigt att ans\u00f6ka om visum f\u00f6r Edinburgh, eftersom de flesta europeiska l\u00e4nder undantar sina medborgare fr\u00e5n viseringskrav. Nyligen har vissa l\u00e4nder i Mellan\u00f6stern ocks\u00e5 kunnat f\u00e5 ett <a href=\"https:\/\/uk-gb.net\/sv\/online-formular-eta-visering-england-fk\/\">ETA-resetillst\u00e5nd<\/a> enkelt och smidigt online. <\/p>\n\n<div style=\"height:10px\" aria-hidden=\"true\" class=\"wp-block-spacer\"><\/div>\n\n<h2 class=\"wp-block-heading\">Beh\u00f6ver jag visum f\u00f6r att mellanlanda i Edinburgh?<\/h2>\n\n<p>Det finns tv\u00e5 s\u00e4tt att stanna till i Edinburgh:<\/p>\n\n<ul class=\"wp-block-list\">\n<li>Resen\u00e4rer kan ans\u00f6ka om ett <a href=\"https:\/\/uk-gb.net\/sv\/transitvisumstopp-storbritannien\/\">transitvisum<\/a> f\u00f6r en mellanlandning i Edinburgh ;<\/li>\n\n\n\n<li>Om resen\u00e4ren \u00e4r medborgare i ett <a href=\"https:\/\/uk-gb.net\/sv\/land-som-kan-rekvirera-eta-forenat-kungarike\/\">land som \u00e4r medlem i det brittiska programmet f\u00f6r viseringsundantag<\/a> kan han eller hon <a href=\"https:\/\/uk-gb.net\/sv\/online-formular-eta-visering-england-fk\/\">ans\u00f6ka om ett ETA<\/a> f\u00f6r att mellanlanda i Edinburgh utan visum.<\/li>\n<\/ul>\n\n<div style=\"height:10px\" aria-hidden=\"true\" class=\"wp-block-spacer\"><\/div>\n\n<h2 class=\"wp-block-heading\">Hur mycket kostar ett visum till Edinburgh?<\/h2>\n\n<p>Priset f\u00f6r ett visum till Edinburgh beror p\u00e5 vilken typ av visum du beh\u00f6ver f\u00f6r att resa till Storbritannien. Den administrativa avgiften f\u00f6r ett turistvisum p\u00e5 upp till 6 m\u00e5nader \u00e4r 115 GBP. F\u00f6r l\u00e4ngre <a href=\"https:\/\/uk-gb.net\/sv\/kostnader-visum-resa-england\/\">vistelser \u00e4r de administrativa kostnaderna f\u00f6r visumet<\/a> h\u00f6gre. Om resen\u00e4ren \u00e4r ber\u00e4ttigad till att f\u00e5 ett <a href=\"https:\/\/uk-gb.net\/sv\/eta-england-forenade-kungariket\/\">ETA f\u00f6r Storbritannien<\/a> blir priset l\u00e4gre: <a href=\"https:\/\/uk-gb.net\/sv\/pris-eta-uk\/\">Priset f\u00f6r ett ETA<\/a> \u00e4r nu \u00a3 20.<\/p>\n\n<h2 class=\"wp-block-heading\">Hur f\u00e5r jag visum till Edinburgh?<\/h2>\n\n<p>F\u00f6r att f\u00e5 visum till Edinburgh m\u00e5ste utl\u00e4ndska medborgare f\u00f6lja ett <a href=\"https:\/\/uk-gb.net\/sv\/ansokningsforfarande-visa-fk\/\">onlinef\u00f6rfarande f\u00f6r visumans\u00f6kan<\/a>. Denna process best\u00e5r av flera steg: <\/p>\n\n<ul class=\"wp-block-list\">\n<li>V\u00e4lj typ av visum beroende p\u00e5 syftet med resan;<\/li>\n\n\n\n<li>Samla in n\u00f6dv\u00e4ndiga styrkande handlingar;<\/li>\n\n\n\n<li>Fyll i onlineformul\u00e4ret f\u00f6r viseringsans\u00f6kan ;<\/li>\n\n\n\n<li>Betala <a href=\"https:\/\/uk-gb.net\/sv\/kostnader-visum-resa-england\/\">viseringsavgiften<\/a>;<\/li>\n\n\n\n<li>Boka tid p\u00e5 en <a href=\"https:\/\/uk-gb.net\/sv\/ambassad-england-forenta-kungariket-i-sverige\/\">brittisk ambassad<\/a>;<\/li>\n\n\n\n<li>Skicka in dokument f\u00f6r att slutf\u00f6ra viseringsans\u00f6kan;<\/li>\n\n\n\n<li>G\u00e5 p\u00e5 en <a href=\"https:\/\/uk-gb.net\/sv\/visumbokning-vid-den-brittiska-ambassaden\/\">viseringsintervju<\/a> om det kr\u00e4vs f\u00f6r din ans\u00f6kan.<\/li>\n<\/ul>\n\n<div style=\"height:10px\" aria-hidden=\"true\" class=\"wp-block-spacer\"><\/div>\n\n<h2 class=\"wp-block-heading\">Beh\u00f6ver jag ett ETA-tillst\u00e5nd f\u00f6r Edinburgh?<\/h2>\n\n<p>En utl\u00e4ndsk medborgare som uppfyller kraven kan ans\u00f6ka om ett ETA f\u00f6r att resa till Edinburgh. Det tar mycket kort tid att erh\u00e5lla. ETA f\u00f6r Edinburgh \u00e4r giltigt i 2 \u00e5r f\u00f6r vistelser p\u00e5 upp till 6 m\u00e5nader i f\u00f6ljd i Storbritannien.  <\/p>\n","protected":false},"excerpt":{"rendered":"<p>Edinburgh \u00e4r en stad i syd\u00f6stra Skottland, vid stranden av Firth of Forth. Edinburgh, som har varit Skottlands huvudstad sedan 1400-talet, \u00e4r k\u00e4nd f\u00f6r sitt historiska arv, sin enast\u00e5ende arkitektur och sin kulturella roll, inte minst genom v\u00e4lk\u00e4nda festivaler som Edinburgh International Festival och Fringe. Visum f\u00f6r resor till Edinburgh Utl\u00e4ndska medborgare som vill resa [&hellip;]<\/p>\n","protected":false},"author":1,"featured_media":0,"parent":0,"menu_order":0,"comment_status":"closed","ping_status":"closed","template":"","meta":{"footnotes":""},"class_list":["post-1616","page","type-page","status-publish","hentry"],"yoast_head":"<!-- This site is optimized with the Yoast SEO plugin v27.3 - https:\/\/yoast.com\/product\/yoast-seo-wordpress\/ -->\n<title>Visum f\u00f6r resor till Edinburgh - UK GB<\/title>\n<meta name=\"description\" content=\"Skaffa visum eller resedokument till Edinburgh. Tillst\u00e5nd kr\u00e4vs f\u00f6r att resa till eller mellanlanda i Edinburgh.\" \/>\n<meta name=\"robots\" content=\"index, follow, max-snippet:-1, max-image-preview:large, max-video-preview:-1\" \/>\n<link rel=\"canonical\" href=\"https:\/\/uk-gb.net\/sv\/visum-for-edinburgh\/\" \/>\n<meta property=\"og:locale\" content=\"sv_SE\" \/>\n<meta property=\"og:type\" content=\"article\" \/>\n<meta property=\"og:title\" content=\"Visum f\u00f6r resor till Edinburgh - UK GB\" \/>\n<meta property=\"og:description\" content=\"Skaffa visum eller resedokument till Edinburgh. Tillst\u00e5nd kr\u00e4vs f\u00f6r att resa till eller mellanlanda i Edinburgh.\" \/>\n<meta property=\"og:url\" content=\"https:\/\/uk-gb.net\/sv\/visum-for-edinburgh\/\" \/>\n<meta property=\"og:site_name\" content=\"UK GB\" \/>\n<meta property=\"article:modified_time\" content=\"2026-04-02T10:22:52+00:00\" \/>\n<meta name=\"twitter:card\" content=\"summary_large_image\" \/>\n<meta name=\"twitter:label1\" content=\"Ber\u00e4knad l\u00e4stid\" \/>\n\t<meta name=\"twitter:data1\" content=\"2 minuter\" \/>\n<script type=\"application\/ld+json\" class=\"yoast-schema-graph\">{\"@context\":\"https:\\\/\\\/schema.org\",\"@graph\":[{\"@type\":\"WebPage\",\"@id\":\"https:\\\/\\\/uk-gb.net\\\/sv\\\/visum-for-edinburgh\\\/\",\"url\":\"https:\\\/\\\/uk-gb.net\\\/sv\\\/visum-for-edinburgh\\\/\",\"name\":\"Visum f\u00f6r resor till Edinburgh - UK GB\",\"isPartOf\":{\"@id\":\"https:\\\/\\\/uk-gb.net\\\/sv\\\/#website\"},\"datePublished\":\"2023-12-07T16:56:29+00:00\",\"dateModified\":\"2026-04-02T10:22:52+00:00\",\"description\":\"Skaffa visum eller resedokument till Edinburgh. Tillst\u00e5nd kr\u00e4vs f\u00f6r att resa till eller mellanlanda i Edinburgh.\",\"inLanguage\":\"sv-SE\",\"potentialAction\":[{\"@type\":\"ReadAction\",\"target\":[\"https:\\\/\\\/uk-gb.net\\\/sv\\\/visum-for-edinburgh\\\/\"]}]},{\"@type\":\"WebSite\",\"@id\":\"https:\\\/\\\/uk-gb.net\\\/sv\\\/#website\",\"url\":\"https:\\\/\\\/uk-gb.net\\\/sv\\\/\",\"name\":\"UK GB\",\"description\":\"Travel to the UK\",\"potentialAction\":[{\"@type\":\"SearchAction\",\"target\":{\"@type\":\"EntryPoint\",\"urlTemplate\":\"https:\\\/\\\/uk-gb.net\\\/sv\\\/?s={search_term_string}\"},\"query-input\":{\"@type\":\"PropertyValueSpecification\",\"valueRequired\":true,\"valueName\":\"search_term_string\"}}],\"inLanguage\":\"sv-SE\"}]}<\/script>\n<!-- \/ Yoast SEO plugin. -->","yoast_head_json":{"title":"Visum f\u00f6r resor till Edinburgh - UK GB","description":"Skaffa visum eller resedokument till Edinburgh. Tillst\u00e5nd kr\u00e4vs f\u00f6r att resa till eller mellanlanda i Edinburgh.","robots":{"index":"index","follow":"follow","max-snippet":"max-snippet:-1","max-image-preview":"max-image-preview:large","max-video-preview":"max-video-preview:-1"},"canonical":"https:\/\/uk-gb.net\/sv\/visum-for-edinburgh\/","og_locale":"sv_SE","og_type":"article","og_title":"Visum f\u00f6r resor till Edinburgh - UK GB","og_description":"Skaffa visum eller resedokument till Edinburgh. Tillst\u00e5nd kr\u00e4vs f\u00f6r att resa till eller mellanlanda i Edinburgh.","og_url":"https:\/\/uk-gb.net\/sv\/visum-for-edinburgh\/","og_site_name":"UK GB","article_modified_time":"2026-04-02T10:22:52+00:00","twitter_card":"summary_large_image","twitter_misc":{"Ber\u00e4knad l\u00e4stid":"2 minuter"},"schema":{"@context":"https:\/\/schema.org","@graph":[{"@type":"WebPage","@id":"https:\/\/uk-gb.net\/sv\/visum-for-edinburgh\/","url":"https:\/\/uk-gb.net\/sv\/visum-for-edinburgh\/","name":"Visum f\u00f6r resor till Edinburgh - UK GB","isPartOf":{"@id":"https:\/\/uk-gb.net\/sv\/#website"},"datePublished":"2023-12-07T16:56:29+00:00","dateModified":"2026-04-02T10:22:52+00:00","description":"Skaffa visum eller resedokument till Edinburgh. Tillst\u00e5nd kr\u00e4vs f\u00f6r att resa till eller mellanlanda i Edinburgh.","inLanguage":"sv-SE","potentialAction":[{"@type":"ReadAction","target":["https:\/\/uk-gb.net\/sv\/visum-for-edinburgh\/"]}]},{"@type":"WebSite","@id":"https:\/\/uk-gb.net\/sv\/#website","url":"https:\/\/uk-gb.net\/sv\/","name":"UK GB","description":"Travel to the UK","potentialAction":[{"@type":"SearchAction","target":{"@type":"EntryPoint","urlTemplate":"https:\/\/uk-gb.net\/sv\/?s={search_term_string}"},"query-input":{"@type":"PropertyValueSpecification","valueRequired":true,"valueName":"search_term_string"}}],"inLanguage":"sv-SE"}]}},"_links":{"self":[{"href":"https:\/\/uk-gb.net\/sv\/wp-json\/wp\/v2\/pages\/1616","targetHints":{"allow":["GET"]}}],"collection":[{"href":"https:\/\/uk-gb.net\/sv\/wp-json\/wp\/v2\/pages"}],"about":[{"href":"https:\/\/uk-gb.net\/sv\/wp-json\/wp\/v2\/types\/page"}],"author":[{"embeddable":true,"href":"https:\/\/uk-gb.net\/sv\/wp-json\/wp\/v2\/users\/1"}],"replies":[{"embeddable":true,"href":"https:\/\/uk-gb.net\/sv\/wp-json\/wp\/v2\/comments?post=1616"}],"version-history":[{"count":0,"href":"https:\/\/uk-gb.net\/sv\/wp-json\/wp\/v2\/pages\/1616\/revisions"}],"wp:attachment":[{"href":"https:\/\/uk-gb.net\/sv\/wp-json\/wp\/v2\/media?parent=1616"}],"curies":[{"name":"wp","href":"https:\/\/api.w.org\/{rel}","templated":true}]}}