{"id":1604,"date":"2023-12-07T17:29:32","date_gmt":"2023-12-07T17:29:32","guid":{"rendered":"https:\/\/uk-gb.net\/visum-for-glasgow\/"},"modified":"2025-12-19T09:41:37","modified_gmt":"2025-12-19T09:41:37","slug":"visum-for-glasgow","status":"publish","type":"page","link":"https:\/\/uk-gb.net\/sv\/visum-for-glasgow\/","title":{"rendered":"Visum f\u00f6r resor till Glasgow"},"content":{"rendered":"\n<h1 class=\"wp-block-heading\">Beh\u00f6ver du visum f\u00f6r att resa till Glasgow?<\/h1>\n\n<p>Glasgow \u00e4r en stad i v\u00e4stra Skottland, vid stranden av floden Clyde. Utl\u00e4ndska medborgare som vill resa till Glasgow m\u00e5ste ha ett brittiskt resetillst\u00e5nd. Det finns flera olika typer av resetillst\u00e5nd f\u00f6r resor till Glasgow. L\u00e5t oss ta en titt p\u00e5 de olika alternativen.   <\/p>\n\n<h2 class=\"wp-block-heading\">Vilken typ av resetillst\u00e5nd beh\u00f6ver jag f\u00f6r Glasgow?<\/h2>\n\n<p><a href=\"https:\/\/www.visitscotland.com\/places-to-go\/glasgow\">Glasgow<\/a> \u00e4r huvudstad i Skottland, s\u00e5 alla utl\u00e4ndska medborgare som vill resa in i Storbritannien via Glasgow m\u00e5ste ha ett giltigt resetillst\u00e5nd. Beroende p\u00e5 syftet med vistelsen i Glasgow kan bes\u00f6kare ans\u00f6ka om ett <a href=\"https:\/\/uk-gb.net\/sv\/turistbesok-england-forenade-kungariket\/\">turistvisum<\/a>.<\/p>\n\n<p><strong>F\u00f6r vistelser p\u00e5 mindre \u00e4n 6 m\u00e5nader<\/strong>: Du beh\u00f6ver inte skaffa visum f\u00f6r Glasgow, eftersom de flesta europeiska l\u00e4nder har undantagit sina medborgare fr\u00e5n viseringskraven. Men sedan mars 2025 m\u00e5ste dessa viseringsfria medborgare skaffa <a href=\"https:\/\/uk-gb.net\/sv\/online-formular-eta-visering-england-fk\/\">ETA-tillst\u00e5nd online<\/a> innan de reser till Storbritannien. <\/p>\n\n<div style=\"height:10px\" aria-hidden=\"true\" class=\"wp-block-spacer\"><\/div>\n\n<h2 class=\"wp-block-heading\">Beh\u00f6ver jag visum f\u00f6r att mellanlanda i Glasgow?<\/h2>\n\n<p>Det finns tv\u00e5 s\u00e4tt att mellanlanda i Glasgow:<\/p>\n\n<ul class=\"wp-block-list\">\n<li>Resen\u00e4rer kan ans\u00f6ka om ett <a href=\"https:\/\/uk-gb.net\/sv\/transitvisumstopp-storbritannien\/\">transitvisum<\/a> f\u00f6r en mellanlandning i Glasgow ;<\/li>\n\n\n\n<li>Om resen\u00e4ren \u00e4r medborgare i ett <a href=\"https:\/\/uk-gb.net\/sv\/land-som-kan-rekvirera-eta-forenat-kungarike\/\">land som omfattas av det brittiska programmet f\u00f6r viseringsundantag<\/a> kan de <a href=\"https:\/\/uk-gb.net\/sv\/online-formular-eta-visering-england-fk\/\">ans\u00f6ka om ett ETA<\/a> f\u00f6r att mellanlanda i Glasgow utan visum.<\/li>\n<\/ul>\n\n<div style=\"height:10px\" aria-hidden=\"true\" class=\"wp-block-spacer\"><\/div>\n\n<h2 class=\"wp-block-heading\">Hur mycket kostar ett visum till Glasgow?<\/h2>\n\n<p>Priset f\u00f6r ett visum till Glasgow beror p\u00e5 vilken typ av visum du beh\u00f6ver f\u00f6r att resa till Storbritannien. Den administrativa avgiften f\u00f6r ett turistvisum p\u00e5 upp till 6 m\u00e5nader \u00e4r 115 GBP. F\u00f6r l\u00e4ngre <a href=\"https:\/\/uk-gb.net\/sv\/kostnader-visum-resa-england\/\">vistelser \u00e4r de administrativa kostnaderna f\u00f6r visumet<\/a> h\u00f6gre. Om resen\u00e4ren \u00e4r ber\u00e4ttigad att f\u00e5 ett <a href=\"https:\/\/uk-gb.net\/sv\/eta-england-forenade-kungariket\/\">ETA f\u00f6r Storbritannien<\/a> blir priset l\u00e4gre: <a href=\"https:\/\/uk-gb.net\/sv\/pris-eta-uk\/\">Priset f\u00f6r ett ETA<\/a> \u00e4r 16 pund (cirka 19 euro) per person.   <\/p>\n\n<h2 class=\"wp-block-heading\">Hur f\u00e5r jag en visering f\u00f6r Glasgow?<\/h2>\n\n<p>F\u00f6r att f\u00e5 visum till Glasgow m\u00e5ste utl\u00e4ndska medborgare f\u00f6lja ett <a href=\"https:\/\/uk-gb.net\/sv\/ansokningsforfarande-visa-fk\/\">onlinef\u00f6rfarande f\u00f6r visumans\u00f6kan<\/a>. Denna process best\u00e5r av flera steg:<\/p>\n\n<ul class=\"wp-block-list\">\n<li>V\u00e4lj typ av visum beroende p\u00e5 syftet med resan;<\/li>\n\n\n\n<li>Samla in n\u00f6dv\u00e4ndiga styrkande handlingar;<\/li>\n\n\n\n<li>Fyll i onlineformul\u00e4ret f\u00f6r viseringsans\u00f6kan ;<\/li>\n\n\n\n<li>Betala <a href=\"https:\/\/uk-gb.net\/sv\/kostnader-visum-resa-england\/\">viseringsavgiften<\/a>;<\/li>\n\n\n\n<li>Boka tid p\u00e5 en <a href=\"https:\/\/uk-gb.net\/sv\/ambassad-england-forenta-kungariket-i-sverige\/\">brittisk ambassad<\/a>;<\/li>\n\n\n\n<li>Skicka in dokument f\u00f6r att slutf\u00f6ra viseringsans\u00f6kan;<\/li>\n\n\n\n<li>G\u00e5 p\u00e5 en <a href=\"https:\/\/uk-gb.net\/sv\/visumbokning-vid-den-brittiska-ambassaden\/\">viseringsintervju<\/a> om det kr\u00e4vs f\u00f6r din ans\u00f6kan.<\/li>\n<\/ul>\n\n<div style=\"height:10px\" aria-hidden=\"true\" class=\"wp-block-spacer\"><\/div>\n\n<h2 class=\"wp-block-heading\">Anv\u00e4nd ett ETA-tillst\u00e5nd f\u00f6r att resa till Glasgow<\/h2>\n\n<p>En kvalificerad utl\u00e4ndsk medborgare kan ans\u00f6ka om ETA f\u00f6r att resa till Glasgow. Det tar mycket kort tid att erh\u00e5lla. ETA f\u00f6r Glasgow \u00e4r giltigt i 2 \u00e5r f\u00f6r vistelser p\u00e5 upp till 6 m\u00e5nader i f\u00f6ljd i Storbritannien.  <\/p>\n\n<p><\/p>\n","protected":false},"excerpt":{"rendered":"<p>Beh\u00f6ver du visum f\u00f6r att resa till Glasgow? Glasgow \u00e4r en stad i v\u00e4stra Skottland, vid stranden av floden Clyde. Utl\u00e4ndska medborgare som vill resa till Glasgow m\u00e5ste ha ett brittiskt resetillst\u00e5nd. Det finns flera olika typer av resetillst\u00e5nd f\u00f6r resor till Glasgow. L\u00e5t oss ta en titt p\u00e5 de olika alternativen. Vilken typ av [&hellip;]<\/p>\n","protected":false},"author":1,"featured_media":0,"parent":0,"menu_order":0,"comment_status":"closed","ping_status":"closed","template":"","meta":{"footnotes":""},"class_list":["post-1604","page","type-page","status-publish","hentry"],"yoast_head":"<!-- This site is optimized with the Yoast SEO plugin v27.3 - https:\/\/yoast.com\/product\/yoast-seo-wordpress\/ -->\n<title>Visum f\u00f6r resor till Glasgow - UK GB<\/title>\n<meta name=\"description\" content=\"Skaffa ett resevisum f\u00f6r Glasgow. Ett resetillst\u00e5nd kr\u00e4vs f\u00f6r att resa till eller mellanlanda i Glasgow.\" \/>\n<meta name=\"robots\" content=\"index, follow, max-snippet:-1, max-image-preview:large, max-video-preview:-1\" \/>\n<link rel=\"canonical\" href=\"https:\/\/uk-gb.net\/sv\/visum-for-glasgow\/\" \/>\n<meta property=\"og:locale\" content=\"sv_SE\" \/>\n<meta property=\"og:type\" content=\"article\" \/>\n<meta property=\"og:title\" content=\"Visum f\u00f6r resor till Glasgow - UK GB\" \/>\n<meta property=\"og:description\" content=\"Skaffa ett resevisum f\u00f6r Glasgow. Ett resetillst\u00e5nd kr\u00e4vs f\u00f6r att resa till eller mellanlanda i Glasgow.\" \/>\n<meta property=\"og:url\" content=\"https:\/\/uk-gb.net\/sv\/visum-for-glasgow\/\" \/>\n<meta property=\"og:site_name\" content=\"UK GB\" \/>\n<meta property=\"article:modified_time\" content=\"2025-12-19T09:41:37+00:00\" \/>\n<meta name=\"twitter:card\" content=\"summary_large_image\" \/>\n<meta name=\"twitter:label1\" content=\"Ber\u00e4knad l\u00e4stid\" \/>\n\t<meta name=\"twitter:data1\" content=\"2 minuter\" \/>\n<script type=\"application\/ld+json\" class=\"yoast-schema-graph\">{\"@context\":\"https:\\\/\\\/schema.org\",\"@graph\":[{\"@type\":\"WebPage\",\"@id\":\"https:\\\/\\\/uk-gb.net\\\/sv\\\/visum-for-glasgow\\\/\",\"url\":\"https:\\\/\\\/uk-gb.net\\\/sv\\\/visum-for-glasgow\\\/\",\"name\":\"Visum f\u00f6r resor till Glasgow - UK GB\",\"isPartOf\":{\"@id\":\"https:\\\/\\\/uk-gb.net\\\/sv\\\/#website\"},\"datePublished\":\"2023-12-07T17:29:32+00:00\",\"dateModified\":\"2025-12-19T09:41:37+00:00\",\"description\":\"Skaffa ett resevisum f\u00f6r Glasgow. Ett resetillst\u00e5nd kr\u00e4vs f\u00f6r att resa till eller mellanlanda i Glasgow.\",\"inLanguage\":\"sv-SE\",\"potentialAction\":[{\"@type\":\"ReadAction\",\"target\":[\"https:\\\/\\\/uk-gb.net\\\/sv\\\/visum-for-glasgow\\\/\"]}]},{\"@type\":\"WebSite\",\"@id\":\"https:\\\/\\\/uk-gb.net\\\/sv\\\/#website\",\"url\":\"https:\\\/\\\/uk-gb.net\\\/sv\\\/\",\"name\":\"UK GB\",\"description\":\"Travel to the UK\",\"potentialAction\":[{\"@type\":\"SearchAction\",\"target\":{\"@type\":\"EntryPoint\",\"urlTemplate\":\"https:\\\/\\\/uk-gb.net\\\/sv\\\/?s={search_term_string}\"},\"query-input\":{\"@type\":\"PropertyValueSpecification\",\"valueRequired\":true,\"valueName\":\"search_term_string\"}}],\"inLanguage\":\"sv-SE\"}]}<\/script>\n<!-- \/ Yoast SEO plugin. -->","yoast_head_json":{"title":"Visum f\u00f6r resor till Glasgow - UK GB","description":"Skaffa ett resevisum f\u00f6r Glasgow. Ett resetillst\u00e5nd kr\u00e4vs f\u00f6r att resa till eller mellanlanda i Glasgow.","robots":{"index":"index","follow":"follow","max-snippet":"max-snippet:-1","max-image-preview":"max-image-preview:large","max-video-preview":"max-video-preview:-1"},"canonical":"https:\/\/uk-gb.net\/sv\/visum-for-glasgow\/","og_locale":"sv_SE","og_type":"article","og_title":"Visum f\u00f6r resor till Glasgow - UK GB","og_description":"Skaffa ett resevisum f\u00f6r Glasgow. Ett resetillst\u00e5nd kr\u00e4vs f\u00f6r att resa till eller mellanlanda i Glasgow.","og_url":"https:\/\/uk-gb.net\/sv\/visum-for-glasgow\/","og_site_name":"UK GB","article_modified_time":"2025-12-19T09:41:37+00:00","twitter_card":"summary_large_image","twitter_misc":{"Ber\u00e4knad l\u00e4stid":"2 minuter"},"schema":{"@context":"https:\/\/schema.org","@graph":[{"@type":"WebPage","@id":"https:\/\/uk-gb.net\/sv\/visum-for-glasgow\/","url":"https:\/\/uk-gb.net\/sv\/visum-for-glasgow\/","name":"Visum f\u00f6r resor till Glasgow - UK GB","isPartOf":{"@id":"https:\/\/uk-gb.net\/sv\/#website"},"datePublished":"2023-12-07T17:29:32+00:00","dateModified":"2025-12-19T09:41:37+00:00","description":"Skaffa ett resevisum f\u00f6r Glasgow. Ett resetillst\u00e5nd kr\u00e4vs f\u00f6r att resa till eller mellanlanda i Glasgow.","inLanguage":"sv-SE","potentialAction":[{"@type":"ReadAction","target":["https:\/\/uk-gb.net\/sv\/visum-for-glasgow\/"]}]},{"@type":"WebSite","@id":"https:\/\/uk-gb.net\/sv\/#website","url":"https:\/\/uk-gb.net\/sv\/","name":"UK GB","description":"Travel to the UK","potentialAction":[{"@type":"SearchAction","target":{"@type":"EntryPoint","urlTemplate":"https:\/\/uk-gb.net\/sv\/?s={search_term_string}"},"query-input":{"@type":"PropertyValueSpecification","valueRequired":true,"valueName":"search_term_string"}}],"inLanguage":"sv-SE"}]}},"_links":{"self":[{"href":"https:\/\/uk-gb.net\/sv\/wp-json\/wp\/v2\/pages\/1604","targetHints":{"allow":["GET"]}}],"collection":[{"href":"https:\/\/uk-gb.net\/sv\/wp-json\/wp\/v2\/pages"}],"about":[{"href":"https:\/\/uk-gb.net\/sv\/wp-json\/wp\/v2\/types\/page"}],"author":[{"embeddable":true,"href":"https:\/\/uk-gb.net\/sv\/wp-json\/wp\/v2\/users\/1"}],"replies":[{"embeddable":true,"href":"https:\/\/uk-gb.net\/sv\/wp-json\/wp\/v2\/comments?post=1604"}],"version-history":[{"count":0,"href":"https:\/\/uk-gb.net\/sv\/wp-json\/wp\/v2\/pages\/1604\/revisions"}],"wp:attachment":[{"href":"https:\/\/uk-gb.net\/sv\/wp-json\/wp\/v2\/media?parent=1604"}],"curies":[{"name":"wp","href":"https:\/\/api.w.org\/{rel}","templated":true}]}}