{"id":1596,"date":"2023-12-07T17:06:53","date_gmt":"2023-12-07T17:06:53","guid":{"rendered":"https:\/\/uk-gb.net\/visum-for-liverpool\/"},"modified":"2025-12-19T09:43:51","modified_gmt":"2025-12-19T09:43:51","slug":"visum-for-liverpool","status":"publish","type":"page","link":"https:\/\/uk-gb.net\/sv\/visum-for-liverpool\/","title":{"rendered":"Visum f\u00f6r resor till Liverpool"},"content":{"rendered":"\n<h1 class=\"wp-block-heading\">Visum f\u00f6r resa till eller mellanlandning i Liverpool<\/h1>\n\n<p><a href=\"https:\/\/uk-gb.net\/sv\/liverpool\/\">Liverpool<\/a>, som \u00e4r k\u00e4nt f\u00f6r sin sj\u00f6fartshistoria, sina kulturminnen och sitt musikarv, lockar m\u00e5nga internationella bes\u00f6kare varje \u00e5r. Oavsett om du ska uppt\u00e4cka Beatles stad, delta i ett sportevenemang eller bara mellanlanda p\u00e5 Liverpool Airport \u00e4r det viktigt att k\u00e4nna till inreseformaliteterna. Beroende p\u00e5 din nationalitet och syftet med ditt bes\u00f6k beh\u00f6ver du antingen ett <a href=\"https:\/\/uk-gb.net\/sv\/turistbesok-england-forenade-kungariket\/\">brittiskt visum<\/a> eller ett <a href=\"https:\/\/uk-gb.net\/sv\/eta-england-forenade-kungariket\/\">elektroniskt resetillst\u00e5nd (ETA)<\/a>.  <\/p>\n\n<p><strong>F\u00f6r vistelser p\u00e5 mindre \u00e4n 6 m\u00e5nader<\/strong>: Det \u00e4r inte n\u00f6dv\u00e4ndigt att skaffa ett turistvisum f\u00f6r Liverpool. Medborgare i viseringsfria europeiska l\u00e4nder beh\u00f6ver bara skaffa ett resetillst\u00e5nd genom att fylla i <a href=\"https:\/\/uk-gb.net\/sv\/online-formular-eta-visering-england-fk\/\">ETA-formul\u00e4ret online<\/a>. <\/p>\n\n<h2 class=\"wp-block-heading\">Beh\u00f6ver jag visum f\u00f6r att resa till Liverpool?<\/h2>\n\n<h3 class=\"wp-block-heading\">Du beh\u00f6ver inte visum om :<\/h3>\n\n<ul class=\"wp-block-list\">\n<li>Du \u00e4r <strong>irl\u00e4ndsk medborgare<\/strong>;<\/li>\n\n\n\n<li>Du \u00e4r medborgare i ett <strong>land som \u00e4r undantaget fr\u00e5n viseringskravet<\/strong> f\u00f6r en kortare vistelse (turism, aff\u00e4rer, familjebes\u00f6k eller kortare studier p\u00e5 mindre \u00e4n 6 m\u00e5nader).<br\/>Sedan 2025 m\u00e5ste dessa resen\u00e4rer ha <a href=\"https:\/\/uk-gb.net\/sv\/eta-england-forenade-kungariket\/\">ETA-tillst\u00e5nd<\/a> f\u00f6re avresan.<\/li>\n<\/ul>\n\n<h3 class=\"wp-block-heading\">Du beh\u00f6ver visum om :<\/h3>\n\n<ul class=\"wp-block-list\">\n<li>Du \u00e4r medborgare i ett land som omfattas av viseringskrav, t.ex. Indien, Kina, Algeriet, Nigeria, Pakistan &#8230; ;<\/li>\n\n\n\n<li>Vill du <strong>arbeta<\/strong>, <strong>studera under en l\u00e4ngre tid<\/strong> eller <strong>bos\u00e4tta<\/strong> dig i Liverpool?<\/li>\n\n\n\n<li>Du kommer att flytta till en familjemedlem i Storbritannien f\u00f6r en l\u00e4ngre tid.<\/li>\n<\/ul>\n\n<div style=\"height:10px\" aria-hidden=\"true\" class=\"wp-block-spacer\"><\/div>\n\n<h2 class=\"wp-block-heading\">ETA: f\u00f6renklat tillst\u00e5nd att resa till Liverpool<\/h2>\n\n<p><a href=\"https:\/\/uk-gb.net\/sv\/eta-england-forenade-kungariket\/\">ETA<\/a> \u00e4r ett obligatoriskt resetillst\u00e5nd f\u00f6r medborgare i vissa <a href=\"https:\/\/uk-gb.net\/sv\/land-som-kan-rekvirera-eta-forenat-kungarike\/\">l\u00e4nder som \u00e4r undantagna fr\u00e5n viseringskravet f\u00f6r F\u00f6renade kungariket<\/a>.<\/p>\n\n<ul class=\"wp-block-list\">\n<li><a href=\"https:\/\/uk-gb.net\/sv\/pris-eta-uk\/\">Ber\u00e4knat pris<\/a>: \u00a316 (cirka \u20ac19)<\/li>\n\n\n\n<li>Giltighet: 2 \u00e5r eller tills passet l\u00f6per ut<\/li>\n\n\n\n<li>Maximal vistelse: 6 m\u00e5nader<\/li>\n\n\n\n<li>Anv\u00e4ndning: turism, aff\u00e4rer, korta studier eller transit<\/li>\n<\/ul>\n\n<p>Sedan april 2025 m\u00e5ste EU-medborgare skaffa ett <strong>ETA f\u00f6r Liverpool innan de g\u00e5r ombord.<\/strong><\/p>\n\n<h2 class=\"wp-block-heading\">Beh\u00f6ver jag visum f\u00f6r att g\u00f6ra en mellanlandning i Liverpool?<\/h2>\n\n<p><a href=\"https:\/\/uk-gb.net\/sv\/liverpool\/\">Liverpool<\/a> har en internationell flygplats (Liverpool John Lennon Airport), men en del passagerare anv\u00e4nder ocks\u00e5 n\u00e4rliggande Manchester Airport.<\/p>\n\n<h3 class=\"wp-block-heading\">Transit utan att korsa den brittiska gr\u00e4nsen:<\/h3>\n\n<ul class=\"wp-block-list\">\n<li>Om du vistas i en internationell transitzon och inte passerar gr\u00e4nskontrollen kan du i vissa fall vara undantagen fr\u00e5n visumkravet.<\/li>\n\n\n\n<li>I de flesta fall <strong>kr\u00e4vs<\/strong> dock en <strong>ETA<\/strong>, \u00e4ven f\u00f6r enkel transit.<\/li>\n<\/ul>\n\n<h3 class=\"wp-block-heading\">Transit med gr\u00e4nspassage (byte av flygplats eller f\u00f6rl\u00e4ngd mellanlandning) :<\/h3>\n\n<ul class=\"wp-block-list\">\n<li>Ett <a href=\"https:\/\/uk-gb.net\/sv\/transitvisumstopp-storbritannien\/\">transitvisum f\u00f6r Storbritannien<\/a> eller <strong>ETA<\/strong> kr\u00e4vs beroende p\u00e5 din nationalitet och resv\u00e4g. Reglerna \u00e4r strikta, \u00e4ven f\u00f6r korta transiteringar. Kontrollera alltid din situation f\u00f6re avresa.  <\/li>\n<\/ul>\n\n<div style=\"height:10px\" aria-hidden=\"true\" class=\"wp-block-spacer\"><\/div>\n\n<h2 class=\"wp-block-heading\">Priser p\u00e5 olika visum f\u00f6r Liverpool?<\/h2>\n\n<p>Priset f\u00f6r ett visum till Liverpool beror p\u00e5 vilken typ av visum du beh\u00f6ver f\u00f6r att resa till Storbritannien. F\u00f6r l\u00e4ngre <g id=\"gid_0\">vistelser \u00e4r de administrativa kostnaderna f\u00f6r visumet<\/g> h\u00f6gre. Om resen\u00e4ren \u00e4r ber\u00e4ttigad till att f\u00e5 ett <a href=\"https:\/\/uk-gb.net\/sv\/eta-england-forenade-kungariket\/\">ETA f\u00f6r Storbritannien<\/a> blir priset l\u00e4gre: <a href=\"https:\/\/uk-gb.net\/sv\/pris-eta-uk\/\">Priset f\u00f6r ett ETA<\/a> \u00e4r \u00a316.  <\/p>\n\n<figure class=\"wp-block-table\"><table><thead><tr><th class=\"has-text-align-center\" data-align=\"center\">Typ av dokument<\/th><th class=\"has-text-align-center\" data-align=\"center\">Pris<\/th><\/tr><\/thead><tbody><tr><td class=\"has-text-align-center\" data-align=\"center\">ETA<\/td><td class=\"has-text-align-center\" data-align=\"center\">16 \u00a3<\/td><\/tr><tr><td class=\"has-text-align-center\" data-align=\"center\">Turistvisum (6 m\u00e5nader)<\/td><td class=\"has-text-align-center\" data-align=\"center\">115 \u00a3<\/td><\/tr><tr><td class=\"has-text-align-center\" data-align=\"center\">Genomresevisum<\/td><td class=\"has-text-align-center\" data-align=\"center\">64 \u00a3<\/td><\/tr><tr><td class=\"has-text-align-center\" data-align=\"center\">Studentvisum<\/td><td class=\"has-text-align-center\" data-align=\"center\">fr\u00e5n \u00a3490<\/td><\/tr><tr><td class=\"has-text-align-center\" data-align=\"center\">Arbets- eller familjevisum<\/td><td class=\"has-text-align-center\" data-align=\"center\">fr\u00e5n \u00a31,846<\/td><\/tr><\/tbody><\/table><\/figure>\n\n<h2 class=\"wp-block-heading\">Hur ans\u00f6ker jag om visum till Liverpool?<\/h2>\n\n<p>F\u00f6r att f\u00e5 visum till <a href=\"https:\/\/uk-gb.net\/sv\/liverpool\/\">Liverpool<\/a> m\u00e5ste utl\u00e4ndska medborgare f\u00f6lja ett <a href=\"https:\/\/uk-gb.net\/sv\/ansokningsforfarande-visa-fk\/\">ans\u00f6kningsf\u00f6rfarande online<\/a>. Denna process best\u00e5r av flera steg:<\/p>\n\n<ul class=\"wp-block-list\">\n<li>V\u00e4lj typ av visum beroende p\u00e5 syftet med resan;<\/li>\n\n\n\n<li>Samla in n\u00f6dv\u00e4ndiga styrkande handlingar;<\/li>\n\n\n\n<li>Fyll i ans\u00f6kningsformul\u00e4ret f\u00f6r visum online p\u00e5 <a href=\"https:\/\/www.gov.uk\/standard-visitor\/apply-standard-visitor-visa\">gov.uk<\/a>;<\/li>\n\n\n\n<li>Betala <a href=\"https:\/\/uk-gb.net\/sv\/kostnader-visum-resa-england\/\">viseringsavgiften<\/a>;<\/li>\n\n\n\n<li>Boka tid p\u00e5 en <a href=\"https:\/\/uk-gb.net\/sv\/ambassad-england-forenta-kungariket-i-sverige\/\">brittisk ambassad<\/a>;<\/li>\n\n\n\n<li>Skicka in dokument f\u00f6r att slutf\u00f6ra viseringsans\u00f6kan;<\/li>\n\n\n\n<li>G\u00e5 p\u00e5 en <a href=\"https:\/\/uk-gb.net\/sv\/visumbokning-vid-den-brittiska-ambassaden\/\">viseringsintervju<\/a> om det kr\u00e4vs f\u00f6r din ans\u00f6kan.<\/li>\n<\/ul>\n\n<div style=\"height:10px\" aria-hidden=\"true\" class=\"wp-block-spacer\"><\/div>\n\n<h2 class=\"wp-block-heading\">Sammanfattning<\/h2>\n\n<p>Sedan reformen av inreseformaliteterna har det varit viktigt att f\u00f6rbereda din ans\u00f6kan noggrant innan du reser till Liverpool. <strong>ETA \u00e4r nu obligatoriskt<\/strong> f\u00f6r de flesta medborgare som \u00e4r undantagna fr\u00e5n viseringskravet. Om du inte uppfyller villkoren f\u00f6r ett ETA beh\u00f6ver du en vanlig visering.  <\/p>\n\n<p>Innan du reser till Liverpool b\u00f6r du kontrollera din officiella status p\u00e5 den brittiska regeringens webbplats: <a href=\"https:\/\/www.gov.uk\/check-uk-visa\">gov.uk\/check-uk-visa<\/a>.<\/p>\n\n<p><\/p>\n","protected":false},"excerpt":{"rendered":"<p>Visum f\u00f6r resa till eller mellanlandning i Liverpool Liverpool, som \u00e4r k\u00e4nt f\u00f6r sin sj\u00f6fartshistoria, sina kulturminnen och sitt musikarv, lockar m\u00e5nga internationella bes\u00f6kare varje \u00e5r. Oavsett om du ska uppt\u00e4cka Beatles stad, delta i ett sportevenemang eller bara mellanlanda p\u00e5 Liverpool Airport \u00e4r det viktigt att k\u00e4nna till inreseformaliteterna. Beroende p\u00e5 din nationalitet och [&hellip;]<\/p>\n","protected":false},"author":1,"featured_media":0,"parent":0,"menu_order":0,"comment_status":"closed","ping_status":"closed","template":"","meta":{"footnotes":""},"class_list":["post-1596","page","type-page","status-publish","hentry"],"yoast_head":"<!-- This site is optimized with the Yoast SEO plugin v27.3 - https:\/\/yoast.com\/product\/yoast-seo-wordpress\/ -->\n<title>Visum f\u00f6r resor till Liverpool - UK GB<\/title>\n<meta name=\"description\" content=\"Beh\u00f6ver du visum eller resedokument f\u00f6r att resa till Liverpool? Vi tar en titt p\u00e5 de formaliteter som \u00e4r inblandade\" \/>\n<meta name=\"robots\" content=\"index, follow, max-snippet:-1, max-image-preview:large, max-video-preview:-1\" \/>\n<link rel=\"canonical\" href=\"https:\/\/uk-gb.net\/sv\/visum-for-liverpool\/\" \/>\n<meta property=\"og:locale\" content=\"sv_SE\" \/>\n<meta property=\"og:type\" content=\"article\" \/>\n<meta property=\"og:title\" content=\"Visum f\u00f6r resor till Liverpool - UK GB\" \/>\n<meta property=\"og:description\" content=\"Beh\u00f6ver du visum eller resedokument f\u00f6r att resa till Liverpool? Vi tar en titt p\u00e5 de formaliteter som \u00e4r inblandade\" \/>\n<meta property=\"og:url\" content=\"https:\/\/uk-gb.net\/sv\/visum-for-liverpool\/\" \/>\n<meta property=\"og:site_name\" content=\"UK GB\" \/>\n<meta property=\"article:modified_time\" content=\"2025-12-19T09:43:51+00:00\" \/>\n<meta name=\"twitter:card\" content=\"summary_large_image\" \/>\n<meta name=\"twitter:label1\" content=\"Ber\u00e4knad l\u00e4stid\" \/>\n\t<meta name=\"twitter:data1\" content=\"3 minuter\" \/>\n<script type=\"application\/ld+json\" class=\"yoast-schema-graph\">{\"@context\":\"https:\\\/\\\/schema.org\",\"@graph\":[{\"@type\":\"WebPage\",\"@id\":\"https:\\\/\\\/uk-gb.net\\\/sv\\\/visum-for-liverpool\\\/\",\"url\":\"https:\\\/\\\/uk-gb.net\\\/sv\\\/visum-for-liverpool\\\/\",\"name\":\"Visum f\u00f6r resor till Liverpool - UK GB\",\"isPartOf\":{\"@id\":\"https:\\\/\\\/uk-gb.net\\\/sv\\\/#website\"},\"datePublished\":\"2023-12-07T17:06:53+00:00\",\"dateModified\":\"2025-12-19T09:43:51+00:00\",\"description\":\"Beh\u00f6ver du visum eller resedokument f\u00f6r att resa till Liverpool? Vi tar en titt p\u00e5 de formaliteter som \u00e4r inblandade\",\"inLanguage\":\"sv-SE\",\"potentialAction\":[{\"@type\":\"ReadAction\",\"target\":[\"https:\\\/\\\/uk-gb.net\\\/sv\\\/visum-for-liverpool\\\/\"]}]},{\"@type\":\"WebSite\",\"@id\":\"https:\\\/\\\/uk-gb.net\\\/sv\\\/#website\",\"url\":\"https:\\\/\\\/uk-gb.net\\\/sv\\\/\",\"name\":\"UK GB\",\"description\":\"Travel to the UK\",\"potentialAction\":[{\"@type\":\"SearchAction\",\"target\":{\"@type\":\"EntryPoint\",\"urlTemplate\":\"https:\\\/\\\/uk-gb.net\\\/sv\\\/?s={search_term_string}\"},\"query-input\":{\"@type\":\"PropertyValueSpecification\",\"valueRequired\":true,\"valueName\":\"search_term_string\"}}],\"inLanguage\":\"sv-SE\"}]}<\/script>\n<!-- \/ Yoast SEO plugin. -->","yoast_head_json":{"title":"Visum f\u00f6r resor till Liverpool - UK GB","description":"Beh\u00f6ver du visum eller resedokument f\u00f6r att resa till Liverpool? Vi tar en titt p\u00e5 de formaliteter som \u00e4r inblandade","robots":{"index":"index","follow":"follow","max-snippet":"max-snippet:-1","max-image-preview":"max-image-preview:large","max-video-preview":"max-video-preview:-1"},"canonical":"https:\/\/uk-gb.net\/sv\/visum-for-liverpool\/","og_locale":"sv_SE","og_type":"article","og_title":"Visum f\u00f6r resor till Liverpool - UK GB","og_description":"Beh\u00f6ver du visum eller resedokument f\u00f6r att resa till Liverpool? Vi tar en titt p\u00e5 de formaliteter som \u00e4r inblandade","og_url":"https:\/\/uk-gb.net\/sv\/visum-for-liverpool\/","og_site_name":"UK GB","article_modified_time":"2025-12-19T09:43:51+00:00","twitter_card":"summary_large_image","twitter_misc":{"Ber\u00e4knad l\u00e4stid":"3 minuter"},"schema":{"@context":"https:\/\/schema.org","@graph":[{"@type":"WebPage","@id":"https:\/\/uk-gb.net\/sv\/visum-for-liverpool\/","url":"https:\/\/uk-gb.net\/sv\/visum-for-liverpool\/","name":"Visum f\u00f6r resor till Liverpool - UK GB","isPartOf":{"@id":"https:\/\/uk-gb.net\/sv\/#website"},"datePublished":"2023-12-07T17:06:53+00:00","dateModified":"2025-12-19T09:43:51+00:00","description":"Beh\u00f6ver du visum eller resedokument f\u00f6r att resa till Liverpool? Vi tar en titt p\u00e5 de formaliteter som \u00e4r inblandade","inLanguage":"sv-SE","potentialAction":[{"@type":"ReadAction","target":["https:\/\/uk-gb.net\/sv\/visum-for-liverpool\/"]}]},{"@type":"WebSite","@id":"https:\/\/uk-gb.net\/sv\/#website","url":"https:\/\/uk-gb.net\/sv\/","name":"UK GB","description":"Travel to the UK","potentialAction":[{"@type":"SearchAction","target":{"@type":"EntryPoint","urlTemplate":"https:\/\/uk-gb.net\/sv\/?s={search_term_string}"},"query-input":{"@type":"PropertyValueSpecification","valueRequired":true,"valueName":"search_term_string"}}],"inLanguage":"sv-SE"}]}},"_links":{"self":[{"href":"https:\/\/uk-gb.net\/sv\/wp-json\/wp\/v2\/pages\/1596","targetHints":{"allow":["GET"]}}],"collection":[{"href":"https:\/\/uk-gb.net\/sv\/wp-json\/wp\/v2\/pages"}],"about":[{"href":"https:\/\/uk-gb.net\/sv\/wp-json\/wp\/v2\/types\/page"}],"author":[{"embeddable":true,"href":"https:\/\/uk-gb.net\/sv\/wp-json\/wp\/v2\/users\/1"}],"replies":[{"embeddable":true,"href":"https:\/\/uk-gb.net\/sv\/wp-json\/wp\/v2\/comments?post=1596"}],"version-history":[{"count":0,"href":"https:\/\/uk-gb.net\/sv\/wp-json\/wp\/v2\/pages\/1596\/revisions"}],"wp:attachment":[{"href":"https:\/\/uk-gb.net\/sv\/wp-json\/wp\/v2\/media?parent=1596"}],"curies":[{"name":"wp","href":"https:\/\/api.w.org\/{rel}","templated":true}]}}