{"id":1580,"date":"2023-12-07T16:52:56","date_gmt":"2023-12-07T16:52:56","guid":{"rendered":"https:\/\/uk-gb.net\/visum-for-london\/"},"modified":"2025-12-19T09:45:26","modified_gmt":"2025-12-19T09:45:26","slug":"visum-for-london","status":"publish","type":"page","link":"https:\/\/uk-gb.net\/sv\/visum-for-london\/","title":{"rendered":"Visum f\u00f6r resor till London eller mellanlandningar"},"content":{"rendered":"\n<h1 class=\"wp-block-heading\">Visering f\u00f6r resa till eller mellanlandning i London<\/h1>\n\n<p><a href=\"https:\/\/uk-gb.net\/sv\/london\/\">London<\/a> \u00e4r den viktigaste ink\u00f6rsporten till Storbritannien f\u00f6r turister, studenter, yrkesverksamma och resen\u00e4rer p\u00e5 genomresa. Sedan Storbritannien l\u00e4mnade Europeiska unionen har <a href=\"https:\/\/uk-gb.net\/sv\/visum-forenade-kungariket\/\">formaliteterna f\u00f6r inresa<\/a> till Storbritannien \u00e4ndrats. Beroende p\u00e5 din nationalitet, vistelsens l\u00e4ngd eller anledningen till resan kan du beh\u00f6va visum eller ETA. H\u00e4r \u00e4r allt du beh\u00f6ver veta f\u00f6r att resa eller mellanlanda i London p\u00e5 laglig v\u00e4g.   <\/p>\n\n<h2 class=\"wp-block-heading\">Beh\u00f6ver jag visum f\u00f6r London?<\/h2>\n\n<p>Om du beh\u00f6ver visum f\u00f6r att bes\u00f6ka London beror p\u00e5 din nationalitet och anledningen till ditt bes\u00f6k.<\/p>\n\n<p><strong>Du beh\u00f6ver inte visum om<\/strong>:<\/p>\n\n<ul class=\"wp-block-list\">\n<li>Du \u00e4r irl\u00e4ndsk medborgare.<\/li>\n\n\n\n<li>Du \u00e4r medborgare i ett land som \u00e4r undantaget fr\u00e5n viseringsskyldighet och din vistelse \u00e4r kort (mindre \u00e4n 6 m\u00e5nader) f\u00f6r turism, familjebes\u00f6k, ett kort aff\u00e4rsuppdrag eller korttidsstudier.  <\/li>\n<\/ul>\n\n<p>Sedan 2025 har dessa resen\u00e4rer varit tvungna att skaffa ett elektroniskt resetillst\u00e5nd genom att fylla i <a href=\"https:\/\/uk-gb.net\/sv\/online-formular-eta-visering-england-fk\/\">ETA-formul\u00e4ret online<\/a>.<\/p>\n\n<p><strong>Du beh\u00f6ver visum om<\/strong>:<\/p>\n\n<ul class=\"wp-block-list\">\n<li>Du \u00e4r medborgare i ett land som inte kr\u00e4ver visum, inte ens f\u00f6r en kort vistelse.<\/li>\n\n\n\n<li>Du vill arbeta, studera under en l\u00e4ngre tid, bos\u00e4tta dig eller gifta dig i Storbritannien.<\/li>\n\n\n\n<li>Du vill f\u00f6lja med en familjemedlem till London under en l\u00e4ngre period.<\/li>\n<\/ul>\n\n<p>Turister som vill stanna i Storbritannien i mer \u00e4n 6 m\u00e5nader m\u00e5ste skaffa ett <a href=\"https:\/\/uk-gb.net\/sv\/turistbesok-england-forenade-kungariket\/\">engelskt turistvisum<\/a>.<\/p>\n\n<div style=\"height:10px\" aria-hidden=\"true\" class=\"wp-block-spacer\"><\/div>\n\n<h2 class=\"wp-block-heading\">ETA: ett alternativ till visum f\u00f6r bes\u00f6k i London<\/h2>\n\n<p><a href=\"https:\/\/uk-gb.net\/sv\/eta-england-forenade-kungariket\/\">Elektroniskt<\/a> resetillst\u00e5nd (ETA) \u00e4r ett obligatoriskt resetillst\u00e5nd f\u00f6r medborgare i vissa l\u00e4nder som \u00e4r undantagna fr\u00e5n viseringskrav n\u00e4r de bes\u00f6ker Storbritannien.<\/p>\n\n<ul class=\"wp-block-list\">\n<li><a href=\"https:\/\/uk-gb.net\/sv\/pris-eta-uk\/\">Ber\u00e4knat pris<\/a>: \u00a316 (cirka \u20ac19)<\/li>\n\n\n\n<li>Giltighet: 2 \u00e5r eller tills passet l\u00f6per ut<\/li>\n\n\n\n<li>Maximal vistelse: 6 m\u00e5nader<\/li>\n\n\n\n<li>Anv\u00e4ndning: turism, aff\u00e4rer, korta studier eller transit<\/li>\n<\/ul>\n\n<p>Sedan april 2025 \u00e4r det obligatoriskt f\u00f6r EU-medborgare att skaffa ett <strong>ETA f\u00f6r London innan de reser.<\/strong><\/p>\n\n<h2 class=\"wp-block-heading\">Beh\u00f6ver jag visum f\u00f6r att mellanlanda i London?<\/h2>\n\n<p>Om du mellanlandar p\u00e5 en flygplats i London (Heathrow, Gatwick, Stansted, Luton) varierar formaliteterna beroende p\u00e5 om du passerar genom den brittiska gr\u00e4nskontrollen eller inte.<\/p>\n\n<h3 class=\"wp-block-heading\">Fall 1: transit utan flygplatsutg\u00e5ng<\/h3>\n\n<p>Om du stannar i en internationell zon och inte byter flygplats: Om du \u00e4r medborgare i ett <a href=\"https:\/\/uk-gb.net\/sv\/land-som-kan-rekvirera-eta-forenat-kungarike\/\">land som \u00e4r medlem i Storbritanniens program f\u00f6r viseringsundantag<\/a> kan du ans\u00f6ka om ett brittiskt ETA f\u00f6r att mellanlanda i London utan visum.<\/p>\n\n<h3 class=\"wp-block-heading\">Fall 2: transit med gr\u00e4ns\u00f6verg\u00e5ng<\/h3>\n\n<p>Om du m\u00e5ste byta flygplats eller g\u00e5 igenom tullen (t.ex. vid en l\u00e4ngre mellanlandning): du beh\u00f6ver ett <a href=\"https:\/\/uk-gb.net\/sv\/transitvisumstopp-storbritannien\/\">transitvisum<\/a> eller ett ETA, beroende p\u00e5 din nationalitet.<\/p>\n\n<p>Bra att veta: \u00e4ven f\u00f6r enkel transit m\u00e5ste vissa medborgare skaffa ett brittiskt transitvisum (Visitor in Transit Visa).<\/p>\n\n<div style=\"height:10px\" aria-hidden=\"true\" class=\"wp-block-spacer\"><\/div>\n\n<h2 class=\"wp-block-heading\">Hur skaffar jag visum eller ETA till London?<\/h2>\n\n<p>H\u00e4r f\u00f6ljer en f\u00f6renklad sammanfattning av hur det g\u00e5r till beroende p\u00e5 din situation som resen\u00e4r.<\/p>\n\n<figure class=\"wp-block-table\"><table class=\"has-fixed-layout\"><thead><tr><th>Situation<\/th><th class=\"has-text-align-center\" data-align=\"center\">Typ av dokument som kr\u00e4vs<\/th><th class=\"has-text-align-left\" data-align=\"left\">F\u00f6rfarande<\/th><\/tr><\/thead><tbody><tr><td>Korta semestrar f\u00f6r turism, aff\u00e4rer eller studier<\/td><td class=\"has-text-align-center\" data-align=\"center\">ETA<\/td><td class=\"has-text-align-left\" data-align=\"left\">Onlineans\u00f6kan p\u00e5 <a href=\"https:\/\/www.gov.uk\/eta\">gov.uk<\/a>, betalning med kreditkort<\/td><\/tr><tr><td>Uppeh\u00e5ll i mer \u00e4n 6 m\u00e5nader, arbete, familje\u00e5terf\u00f6rening<\/td><td class=\"has-text-align-center\" data-align=\"center\">Brittiskt visum<\/td><td class=\"has-text-align-left\" data-align=\"left\">Onlineans\u00f6kan + tidsbokning p\u00e5 ambassaden<\/td><\/tr><tr><td>Transit med utfart fr\u00e5n internationell zon<\/td><td class=\"has-text-align-center\" data-align=\"center\">ETA eller transitvisum<\/td><td class=\"has-text-align-left\" data-align=\"left\">Beroende p\u00e5 nationalitet och flygplats<\/td><\/tr><\/tbody><\/table><\/figure>\n\n<p>F\u00f6r att f\u00e5 visum till London m\u00e5ste utl\u00e4ndska medborgare f\u00f6lja ett <a href=\"https:\/\/uk-gb.net\/sv\/ansokningsforfarande-visa-fk\/\">onlinef\u00f6rfarande f\u00f6r visumans\u00f6kan<\/a>. Denna process best\u00e5r av flera steg:<\/p>\n\n<ul class=\"wp-block-list\">\n<li>V\u00e4lj typ av visum beroende p\u00e5 syftet med resan;<\/li>\n\n\n\n<li>Samla in n\u00f6dv\u00e4ndiga styrkande handlingar;<\/li>\n\n\n\n<li>Fyll i onlineformul\u00e4ret f\u00f6r viseringsans\u00f6kan ;<\/li>\n\n\n\n<li>Betala <a href=\"https:\/\/uk-gb.net\/sv\/kostnader-visum-resa-england\/\">viseringsavgiften<\/a>;<\/li>\n\n\n\n<li>Boka tid p\u00e5 en <a href=\"https:\/\/uk-gb.net\/sv\/ambassad-england-forenta-kungariket-i-sverige\/\">brittisk ambassad<\/a>;<\/li>\n\n\n\n<li>Skicka in dokument f\u00f6r att slutf\u00f6ra viseringsans\u00f6kan;<\/li>\n\n\n\n<li>G\u00e5 p\u00e5 en <a href=\"https:\/\/uk-gb.net\/sv\/visumbokning-vid-den-brittiska-ambassaden\/\">viseringsintervju<\/a> om det kr\u00e4vs f\u00f6r din ans\u00f6kan.<\/li>\n<\/ul>\n\n<div style=\"height:10px\" aria-hidden=\"true\" class=\"wp-block-spacer\"><\/div>\n\n<h2 class=\"wp-block-heading\">Vilka dokument beh\u00f6ver jag f\u00f6r att resa till London?<\/h2>\n\n<p>H\u00e4r \u00e4r de vanligaste dokumenten som kr\u00e4vs vid ankomsten till Storbritannien:<\/p>\n\n<ul class=\"wp-block-list\">\n<li>Ett <strong>giltigt pass<\/strong> \u00e4r obligatoriskt igen efter Brexit;<\/li>\n\n\n\n<li>Ett giltigt <strong>ETA eller visum<\/strong>;<\/li>\n\n\n\n<li><strong>Bevis p\u00e5 tillr\u00e4ckliga medel<\/strong> f\u00f6r din vistelse ;<\/li>\n\n\n\n<li><strong>Bevis p\u00e5 boende<\/strong>, t.ex. en hotellbokning eller inbjudan;<\/li>\n\n\n\n<li>En <strong>retur- eller vidarebiljett<\/strong> i h\u00e4ndelse av transit.<\/li>\n<\/ul>\n\n<div style=\"height:10px\" aria-hidden=\"true\" class=\"wp-block-spacer\"><\/div>\n\n<h2 class=\"wp-block-heading\">Slutsats<\/h2>\n\n<p>Om du ska resa till eller genom London m\u00e5ste du noga kontrollera din personliga situation. <strong>ETA \u00e4r nu obligatoriskt<\/strong> f\u00f6r m\u00e5nga resen\u00e4rer, \u00e4ven europ\u00e9er, medan andra m\u00e5ste g\u00e5 den traditionella <a href=\"https:\/\/uk-gb.net\/sv\/olika-brittiska-visum\/\">brittiska visumv\u00e4gen<\/a>. Om du \u00e4r os\u00e4ker \u00e4r det b\u00e4st att k\u00f6ra en simulering p\u00e5 den <a href=\"https:\/\/www.gov.uk\/check-uk-visa\">brittiska regeringens officiella webbplats<\/a>.  <\/p>\n","protected":false},"excerpt":{"rendered":"<p>Visering f\u00f6r resa till eller mellanlandning i London London \u00e4r den viktigaste ink\u00f6rsporten till Storbritannien f\u00f6r turister, studenter, yrkesverksamma och resen\u00e4rer p\u00e5 genomresa. Sedan Storbritannien l\u00e4mnade Europeiska unionen har formaliteterna f\u00f6r inresa till Storbritannien \u00e4ndrats. Beroende p\u00e5 din nationalitet, vistelsens l\u00e4ngd eller anledningen till resan kan du beh\u00f6va visum eller ETA. H\u00e4r \u00e4r allt du [&hellip;]<\/p>\n","protected":false},"author":1,"featured_media":0,"parent":0,"menu_order":0,"comment_status":"closed","ping_status":"closed","template":"","meta":{"footnotes":""},"class_list":["post-1580","page","type-page","status-publish","hentry"],"yoast_head":"<!-- This site is optimized with the Yoast SEO plugin v27.3 - https:\/\/yoast.com\/product\/yoast-seo-wordpress\/ -->\n<title>Visum f\u00f6r resor till London eller mellanlandningar - UK GB<\/title>\n<meta name=\"description\" content=\"F\u00f6r att resa till Storbritannien n\u00e4r du landar i London m\u00e5ste du skaffa ett visum eller resedokument f\u00f6r London.\" \/>\n<meta name=\"robots\" content=\"index, follow, max-snippet:-1, max-image-preview:large, max-video-preview:-1\" \/>\n<link rel=\"canonical\" href=\"https:\/\/uk-gb.net\/sv\/visum-for-london\/\" \/>\n<meta property=\"og:locale\" content=\"sv_SE\" \/>\n<meta property=\"og:type\" content=\"article\" \/>\n<meta property=\"og:title\" content=\"Visum f\u00f6r resor till London eller mellanlandningar - UK GB\" \/>\n<meta property=\"og:description\" content=\"F\u00f6r att resa till Storbritannien n\u00e4r du landar i London m\u00e5ste du skaffa ett visum eller resedokument f\u00f6r London.\" \/>\n<meta property=\"og:url\" content=\"https:\/\/uk-gb.net\/sv\/visum-for-london\/\" \/>\n<meta property=\"og:site_name\" content=\"UK GB\" \/>\n<meta property=\"article:modified_time\" content=\"2025-12-19T09:45:26+00:00\" \/>\n<meta name=\"twitter:card\" content=\"summary_large_image\" \/>\n<meta name=\"twitter:label1\" content=\"Ber\u00e4knad l\u00e4stid\" \/>\n\t<meta name=\"twitter:data1\" content=\"4 minuter\" \/>\n<script type=\"application\/ld+json\" class=\"yoast-schema-graph\">{\"@context\":\"https:\\\/\\\/schema.org\",\"@graph\":[{\"@type\":\"WebPage\",\"@id\":\"https:\\\/\\\/uk-gb.net\\\/sv\\\/visum-for-london\\\/\",\"url\":\"https:\\\/\\\/uk-gb.net\\\/sv\\\/visum-for-london\\\/\",\"name\":\"Visum f\u00f6r resor till London eller mellanlandningar - UK GB\",\"isPartOf\":{\"@id\":\"https:\\\/\\\/uk-gb.net\\\/sv\\\/#website\"},\"datePublished\":\"2023-12-07T16:52:56+00:00\",\"dateModified\":\"2025-12-19T09:45:26+00:00\",\"description\":\"F\u00f6r att resa till Storbritannien n\u00e4r du landar i London m\u00e5ste du skaffa ett visum eller resedokument f\u00f6r London.\",\"inLanguage\":\"sv-SE\",\"potentialAction\":[{\"@type\":\"ReadAction\",\"target\":[\"https:\\\/\\\/uk-gb.net\\\/sv\\\/visum-for-london\\\/\"]}]},{\"@type\":\"WebSite\",\"@id\":\"https:\\\/\\\/uk-gb.net\\\/sv\\\/#website\",\"url\":\"https:\\\/\\\/uk-gb.net\\\/sv\\\/\",\"name\":\"UK GB\",\"description\":\"Travel to the UK\",\"potentialAction\":[{\"@type\":\"SearchAction\",\"target\":{\"@type\":\"EntryPoint\",\"urlTemplate\":\"https:\\\/\\\/uk-gb.net\\\/sv\\\/?s={search_term_string}\"},\"query-input\":{\"@type\":\"PropertyValueSpecification\",\"valueRequired\":true,\"valueName\":\"search_term_string\"}}],\"inLanguage\":\"sv-SE\"}]}<\/script>\n<!-- \/ Yoast SEO plugin. -->","yoast_head_json":{"title":"Visum f\u00f6r resor till London eller mellanlandningar - UK GB","description":"F\u00f6r att resa till Storbritannien n\u00e4r du landar i London m\u00e5ste du skaffa ett visum eller resedokument f\u00f6r London.","robots":{"index":"index","follow":"follow","max-snippet":"max-snippet:-1","max-image-preview":"max-image-preview:large","max-video-preview":"max-video-preview:-1"},"canonical":"https:\/\/uk-gb.net\/sv\/visum-for-london\/","og_locale":"sv_SE","og_type":"article","og_title":"Visum f\u00f6r resor till London eller mellanlandningar - UK GB","og_description":"F\u00f6r att resa till Storbritannien n\u00e4r du landar i London m\u00e5ste du skaffa ett visum eller resedokument f\u00f6r London.","og_url":"https:\/\/uk-gb.net\/sv\/visum-for-london\/","og_site_name":"UK GB","article_modified_time":"2025-12-19T09:45:26+00:00","twitter_card":"summary_large_image","twitter_misc":{"Ber\u00e4knad l\u00e4stid":"4 minuter"},"schema":{"@context":"https:\/\/schema.org","@graph":[{"@type":"WebPage","@id":"https:\/\/uk-gb.net\/sv\/visum-for-london\/","url":"https:\/\/uk-gb.net\/sv\/visum-for-london\/","name":"Visum f\u00f6r resor till London eller mellanlandningar - UK GB","isPartOf":{"@id":"https:\/\/uk-gb.net\/sv\/#website"},"datePublished":"2023-12-07T16:52:56+00:00","dateModified":"2025-12-19T09:45:26+00:00","description":"F\u00f6r att resa till Storbritannien n\u00e4r du landar i London m\u00e5ste du skaffa ett visum eller resedokument f\u00f6r London.","inLanguage":"sv-SE","potentialAction":[{"@type":"ReadAction","target":["https:\/\/uk-gb.net\/sv\/visum-for-london\/"]}]},{"@type":"WebSite","@id":"https:\/\/uk-gb.net\/sv\/#website","url":"https:\/\/uk-gb.net\/sv\/","name":"UK GB","description":"Travel to the UK","potentialAction":[{"@type":"SearchAction","target":{"@type":"EntryPoint","urlTemplate":"https:\/\/uk-gb.net\/sv\/?s={search_term_string}"},"query-input":{"@type":"PropertyValueSpecification","valueRequired":true,"valueName":"search_term_string"}}],"inLanguage":"sv-SE"}]}},"_links":{"self":[{"href":"https:\/\/uk-gb.net\/sv\/wp-json\/wp\/v2\/pages\/1580","targetHints":{"allow":["GET"]}}],"collection":[{"href":"https:\/\/uk-gb.net\/sv\/wp-json\/wp\/v2\/pages"}],"about":[{"href":"https:\/\/uk-gb.net\/sv\/wp-json\/wp\/v2\/types\/page"}],"author":[{"embeddable":true,"href":"https:\/\/uk-gb.net\/sv\/wp-json\/wp\/v2\/users\/1"}],"replies":[{"embeddable":true,"href":"https:\/\/uk-gb.net\/sv\/wp-json\/wp\/v2\/comments?post=1580"}],"version-history":[{"count":0,"href":"https:\/\/uk-gb.net\/sv\/wp-json\/wp\/v2\/pages\/1580\/revisions"}],"wp:attachment":[{"href":"https:\/\/uk-gb.net\/sv\/wp-json\/wp\/v2\/media?parent=1580"}],"curies":[{"name":"wp","href":"https:\/\/api.w.org\/{rel}","templated":true}]}}