{"id":1578,"date":"2023-11-21T12:31:09","date_gmt":"2023-11-21T12:31:09","guid":{"rendered":"https:\/\/uk-gb.net\/turistbesok-england-forenade-kungariket\/"},"modified":"2025-12-19T09:47:30","modified_gmt":"2025-12-19T09:47:30","slug":"turistbesok-england-forenade-kungariket","status":"publish","type":"page","link":"https:\/\/uk-gb.net\/sv\/turistbesok-england-forenade-kungariket\/","title":{"rendered":"Turistvisum f\u00f6r F\u00f6renade kungariket"},"content":{"rendered":"\n<h1 class=\"wp-block-heading\">Turistvisum f\u00f6r resor till England<\/h1>\n\n<p>Om du vill bes\u00f6ka <a href=\"https:\/\/uk-gb.net\/sv\/london\/\">London<\/a>, <a href=\"https:\/\/uk-gb.net\/sv\/manchester\/\">Manchester<\/a>, <a href=\"https:\/\/uk-gb.net\/sv\/glasgow\/\">Glasgow<\/a> eller utforska landsbygden i Wales kan du beh\u00f6va ett <strong>turistvisum<\/strong> f\u00f6r <strong>Storbritannien<\/strong>. Detta visum g\u00f6r det m\u00f6jligt f\u00f6r resen\u00e4rer att vistas tillf\u00e4lligt i Storbritannien f\u00f6r semester, bes\u00f6k hos sl\u00e4ktingar eller kulturella eller medicinska bes\u00f6k. <\/p>\n\n<p><strong>F\u00f6r en turistvistelse p\u00e5 mindre \u00e4n 6 m\u00e5nader<\/strong>: Det \u00e4r inte n\u00f6dv\u00e4ndigt att skaffa ett brittiskt turistvisum. Allt du beh\u00f6ver g\u00f6ra \u00e4r att ans\u00f6ka om ett elektroniskt resetillst\u00e5nd (ETA) genom att fylla i <a href=\"https:\/\/uk-gb.net\/sv\/online-formular-eta-visering-england-fk\/\">ETA-formul\u00e4ret online<\/a>.<\/p>\n\n<div style=\"height:10px\" aria-hidden=\"true\" class=\"wp-block-spacer\"><\/div>\n\n<h2 class=\"wp-block-heading\">Vad \u00e4r ett brittiskt turistvisum?<\/h2>\n\n<p>Turistvisumet, som officiellt kallas <strong>Standard Visitor Visa<\/strong>, \u00e4r avsett f\u00f6r personer som vill resa in i Storbritannien f\u00f6r :<\/p>\n\n<ul class=\"wp-block-list\">\n<li><strong>semester<\/strong> eller <strong>turism<\/strong><\/li>\n\n\n\n<li><strong>bes\u00f6ka sl\u00e4ktingar eller v\u00e4nner<\/strong><\/li>\n\n\n\n<li>bes\u00f6ka ett <strong>kulturellt, musikaliskt eller sportigt evenemang<\/strong><\/li>\n\n\n\n<li>f\u00e5 icke-akut <strong>medicinsk v\u00e5rd<\/strong> <\/li>\n\n\n\n<li>f\u00f6lja en <strong>kort kurs<\/strong> (h\u00f6gst 30 dagar)<\/li>\n<\/ul>\n\n<div style=\"height:10px\" aria-hidden=\"true\" class=\"wp-block-spacer\"><\/div>\n\n<p>Denna visering ger inte r\u00e4tt till <strong>arbete<\/strong>, l\u00e5ngtidsstudier eller permanent uppeh\u00e5llstillst\u00e5nd i Storbritannien.<\/p>\n\n<h2 class=\"wp-block-heading\">Beh\u00f6ver du ett turistvisum?<\/h2>\n\n<p>Huruvida du beh\u00f6ver ett turistvisum till Storbritannien beror p\u00e5 <strong>din nationalitet<\/strong>:<\/p>\n\n<p><strong>Du beh\u00f6ver inte turistvisum<\/strong>: Om du \u00e4r medborgare i ett <a href=\"https:\/\/uk-gb.net\/sv\/land-som-kan-rekvirera-eta-forenat-kungarike\/\">land som \u00e4r ber\u00e4ttigat till ETA<\/a> Electronic Travel Authorisation, t.ex. Kanada, USA, Japan, Australien och EU-l\u00e4nderna.<\/p>\n\n<p><strong>Du beh\u00f6ver ett turistvisum<\/strong> om :<\/p>\n\n<ul class=\"wp-block-list\">\n<li>Du \u00e4r medborgare i ett land som kr\u00e4ver visum (t.ex. Indien, Marocko, Algeriet, Tunisien, Kina, Pakistan etc.)<\/li>\n\n\n\n<li>Du uppfyller inte villkoren f\u00f6r undantag<\/li>\n\n\n\n<li>Du kan inte ans\u00f6ka om ETA eller har redan f\u00e5tt avslag<\/li>\n<\/ul>\n\n<blockquote class=\"wp-block-quote is-layout-flow wp-block-quote-is-layout-flow\">\n<p>F\u00f6r att kontrollera om du beh\u00f6ver visum eller ETA, bes\u00f6k den officiella webbplatsen <a href=\"https:\/\/www.gov.uk\/check-uk-visa\">gov.uk\/check-uk-visa<\/a><\/p>\n<\/blockquote>\n\n<h2 class=\"wp-block-heading\">Hur ans\u00f6ker jag om visum till Storbritannien?<\/h2>\n\n<p><a href=\"https:\/\/uk-gb.net\/sv\/ansokningsforfarande-visa-fk\/\">Ans\u00f6kan om visum<\/a> g\u00f6rs online p\u00e5 UK Border Agencys webbplats. H\u00e4r \u00e4r de steg som kr\u00e4vs f\u00f6r att ans\u00f6ka om ett brittiskt visum online:<\/p>\n\n<ol class=\"wp-block-list\">\n<li>Bes\u00f6k den officiella webbplatsen <a href=\"http:\/\/www.gov.uk\">www.gov.uk<\/a><\/li>\n\n\n\n<li>V\u00e4lj din typ av visum<\/li>\n\n\n\n<li>Skapa ett konto och fyll i onlineformul\u00e4ret<\/li>\n\n\n\n<li>Betala <a href=\"https:\/\/uk-gb.net\/sv\/kostnader-visum-resa-england\/\">visumavgiften<\/a><\/li>\n\n\n\n<li>Boka tid p\u00e5 ett godk\u00e4nt center f\u00f6r att l\u00e4mna dina biometriska uppgifter<\/li>\n\n\n\n<li>Skicka in dina styrkande handlingar och v\u00e4nta p\u00e5 beslutet<\/li>\n<\/ol>\n\n<div style=\"height:10px\" aria-hidden=\"true\" class=\"wp-block-spacer\"><\/div>\n\n<h2 class=\"wp-block-heading\">Hur mycket kostar ett turistvisum f\u00f6r Storbritannien?<\/h2>\n\n<p>Den administrativa avgiften f\u00f6r att f\u00e5 ett brittiskt visum \u00e4r :<\/p>\n\n<figure class=\"wp-block-table\"><table><tbody><tr><td><strong>Typ av brittisk visering<\/strong><\/td><td class=\"has-text-align-center\" data-align=\"center\"><strong>Avgifter att betala<\/strong><\/td><\/tr><tr><td>Standardvisum upp till 6 m\u00e5nader<\/td><td class=\"has-text-align-center\" data-align=\"center\">\u00a3 115<\/td><\/tr><tr><td>Visum f\u00f6r flera inresor (2 \u00e5r) men h\u00f6gst 6 m\u00e5nader per vistelse<\/td><td class=\"has-text-align-center\" data-align=\"center\">\u00a3 400<\/td><\/tr><tr><td>Visum f\u00f6r flera inresor (5 \u00e5r) men h\u00f6gst 6 m\u00e5nader per vistelse<\/td><td class=\"has-text-align-center\" data-align=\"center\">\u00a3 771<\/td><\/tr><tr><td>Visum f\u00f6r flera inresor (10 \u00e5r) men h\u00f6gst 6 m\u00e5nader per vistelse<\/td><td class=\"has-text-align-center\" data-align=\"center\">\u00a3 963<\/td><\/tr><\/tbody><\/table><figcaption class=\"wp-element-caption\">Avgifter f\u00f6r turistvisum<\/figcaption><\/figure>\n\n<h2 class=\"wp-block-heading\">ETA eller turistvisum: vad \u00e4r skillnaden?<\/h2>\n\n<figure class=\"wp-block-table\"><table class=\"has-fixed-layout\"><thead><tr><th class=\"has-text-align-center\" data-align=\"center\">Kriterier<\/th><th class=\"has-text-align-center\" data-align=\"center\">ETA<\/th><th class=\"has-text-align-center\" data-align=\"center\">Turistvisum<\/th><\/tr><\/thead><tbody><tr><td class=\"has-text-align-center\" data-align=\"center\">Kostnad<\/td><td class=\"has-text-align-center\" data-align=\"center\">16 \u00a3<\/td><td class=\"has-text-align-center\" data-align=\"center\">Fr\u00e5n \u00a3115<\/td><\/tr><tr><td class=\"has-text-align-center\" data-align=\"center\">Deadline<\/td><td class=\"has-text-align-center\" data-align=\"center\">Svar inom 72 timmar<\/td><td class=\"has-text-align-center\" data-align=\"center\">Cirka 3 veckor<\/td><\/tr><tr><td class=\"has-text-align-center\" data-align=\"center\">Giltighetstid<\/td><td class=\"has-text-align-center\" data-align=\"center\">2 \u00e5r<\/td><td class=\"has-text-align-center\" data-align=\"center\">Upp till 10 \u00e5r (multi-entry)<\/td><\/tr><tr><td class=\"has-text-align-center\" data-align=\"center\">F\u00f6rfarande<\/td><td class=\"has-text-align-center\" data-align=\"center\">100% online<\/td><td class=\"has-text-align-center\" data-align=\"center\">Online + konsul\u00e4rt bes\u00f6k<\/td><\/tr><tr><td class=\"has-text-align-center\" data-align=\"center\">Ber\u00f6rda nationaliteter<\/td><td class=\"has-text-align-center\" data-align=\"center\">Visumfria l\u00e4nder<\/td><td class=\"has-text-align-center\" data-align=\"center\">Visumpliktiga l\u00e4nder<\/td><\/tr><\/tbody><\/table><\/figure>\n\n<h2 class=\"wp-block-heading\">Hur l\u00e5ng tid tar det att ans\u00f6ka om visum till Storbritannien?<\/h2>\n\n<ul class=\"wp-block-list\">\n<li>Den genomsnittliga handl\u00e4ggningstiden \u00e4r <strong>3 veckor<\/strong> fr\u00e5n det biometriska bes\u00f6ket.<\/li>\n\n\n\n<li>I vissa l\u00e4nder finns en <strong>snabbservice<\/strong> (Priority Visa) f\u00f6r att f\u00e5 svar inom 5 dagar eller mindre (mot en extra kostnad).<\/li>\n<\/ul>\n\n<div style=\"height:10px\" aria-hidden=\"true\" class=\"wp-block-spacer\"><\/div>\n\n<h2 class=\"wp-block-heading\">Bild p\u00e5 ett turistvisum f\u00f6r F\u00f6renade kungariket<\/h2>\n\n<p>Turistvisumet f\u00f6r F\u00f6renade kungariket har formen av en sida i passet med ett foto av innehavaren som uppfyller s\u00e4rskilda m\u00e5tt. Passfotot m\u00e5ste vara mindre \u00e4n 6 m\u00e5nader gammalt n\u00e4r det l\u00e4mnas in f\u00f6r visum. <\/p>\n\n<figure class=\"wp-block-image size-full is-resized\" id=\"image-visa-uk-c\"><img fetchpriority=\"high\" decoding=\"async\" width=\"564\" height=\"338\" src=\"https:\/\/uk-gb.net\/wp-content\/uploads\/2024\/03\/UK-visa-C.jpg\" alt=\"Foto visum Storbritannien\" class=\"wp-image-1890\" style=\"width:800px;height:auto\" title=\"Bild p&#xE5; brittiskt visum\" srcset=\"https:\/\/uk-gb.net\/wp-content\/uploads\/2024\/03\/UK-visa-C.jpg 564w, https:\/\/uk-gb.net\/wp-content\/uploads\/2024\/03\/UK-visa-C-300x180.jpg 300w\" sizes=\"(max-width: 564px) 100vw, 564px\" \/><\/figure>\n","protected":false},"excerpt":{"rendered":"<p>Turistvisum f\u00f6r resor till England Om du vill bes\u00f6ka London, Manchester, Glasgow eller utforska landsbygden i Wales kan du beh\u00f6va ett turistvisum f\u00f6r Storbritannien. Detta visum g\u00f6r det m\u00f6jligt f\u00f6r resen\u00e4rer att vistas tillf\u00e4lligt i Storbritannien f\u00f6r semester, bes\u00f6k hos sl\u00e4ktingar eller kulturella eller medicinska bes\u00f6k. F\u00f6r en turistvistelse p\u00e5 mindre \u00e4n 6 m\u00e5nader: Det [&hellip;]<\/p>\n","protected":false},"author":1,"featured_media":0,"parent":0,"menu_order":0,"comment_status":"closed","ping_status":"closed","template":"","meta":{"footnotes":""},"class_list":["post-1578","page","type-page","status-publish","hentry"],"yoast_head":"<!-- This site is optimized with the Yoast SEO plugin v27.3 - https:\/\/yoast.com\/product\/yoast-seo-wordpress\/ -->\n<title>Turistvisum f\u00f6r F\u00f6renade kungariket<\/title>\n<meta name=\"description\" content=\"Ta reda p\u00e5 alla regler f\u00f6r att f\u00e5 ett turistvisum f\u00f6r Storbritannien\" \/>\n<meta name=\"robots\" content=\"index, follow, max-snippet:-1, max-image-preview:large, max-video-preview:-1\" \/>\n<link rel=\"canonical\" href=\"https:\/\/uk-gb.net\/sv\/turistbesok-england-forenade-kungariket\/\" \/>\n<meta property=\"og:locale\" content=\"sv_SE\" \/>\n<meta property=\"og:type\" content=\"article\" \/>\n<meta property=\"og:title\" content=\"Turistvisum f\u00f6r F\u00f6renade kungariket\" \/>\n<meta property=\"og:description\" content=\"Ta reda p\u00e5 alla regler f\u00f6r att f\u00e5 ett turistvisum f\u00f6r Storbritannien\" \/>\n<meta property=\"og:url\" content=\"https:\/\/uk-gb.net\/sv\/turistbesok-england-forenade-kungariket\/\" \/>\n<meta property=\"og:site_name\" content=\"UK GB\" \/>\n<meta property=\"article:modified_time\" content=\"2025-12-19T09:47:30+00:00\" \/>\n<meta property=\"og:image\" content=\"https:\/\/uk-gb.net\/wp-content\/uploads\/2024\/03\/UK-visa-C.jpg\" \/>\n\t<meta property=\"og:image:width\" content=\"564\" \/>\n\t<meta property=\"og:image:height\" content=\"338\" \/>\n\t<meta property=\"og:image:type\" content=\"image\/jpeg\" \/>\n<meta name=\"twitter:card\" content=\"summary_large_image\" \/>\n<meta name=\"twitter:label1\" content=\"Ber\u00e4knad l\u00e4stid\" \/>\n\t<meta name=\"twitter:data1\" content=\"3 minuter\" \/>\n<script type=\"application\/ld+json\" class=\"yoast-schema-graph\">{\"@context\":\"https:\\\/\\\/schema.org\",\"@graph\":[{\"@type\":\"WebPage\",\"@id\":\"https:\\\/\\\/uk-gb.net\\\/sv\\\/turistbesok-england-forenade-kungariket\\\/\",\"url\":\"https:\\\/\\\/uk-gb.net\\\/sv\\\/turistbesok-england-forenade-kungariket\\\/\",\"name\":\"Turistvisum f\u00f6r F\u00f6renade kungariket\",\"isPartOf\":{\"@id\":\"https:\\\/\\\/uk-gb.net\\\/sv\\\/#website\"},\"primaryImageOfPage\":{\"@id\":\"https:\\\/\\\/uk-gb.net\\\/sv\\\/turistbesok-england-forenade-kungariket\\\/#primaryimage\"},\"image\":{\"@id\":\"https:\\\/\\\/uk-gb.net\\\/sv\\\/turistbesok-england-forenade-kungariket\\\/#primaryimage\"},\"thumbnailUrl\":\"https:\\\/\\\/uk-gb.net\\\/wp-content\\\/uploads\\\/2024\\\/03\\\/UK-visa-C.jpg\",\"datePublished\":\"2023-11-21T12:31:09+00:00\",\"dateModified\":\"2025-12-19T09:47:30+00:00\",\"description\":\"Ta reda p\u00e5 alla regler f\u00f6r att f\u00e5 ett turistvisum f\u00f6r Storbritannien\",\"inLanguage\":\"sv-SE\",\"potentialAction\":[{\"@type\":\"ReadAction\",\"target\":[\"https:\\\/\\\/uk-gb.net\\\/sv\\\/turistbesok-england-forenade-kungariket\\\/\"]}]},{\"@type\":\"ImageObject\",\"inLanguage\":\"sv-SE\",\"@id\":\"https:\\\/\\\/uk-gb.net\\\/sv\\\/turistbesok-england-forenade-kungariket\\\/#primaryimage\",\"url\":\"https:\\\/\\\/uk-gb.net\\\/wp-content\\\/uploads\\\/2024\\\/03\\\/UK-visa-C.jpg\",\"contentUrl\":\"https:\\\/\\\/uk-gb.net\\\/wp-content\\\/uploads\\\/2024\\\/03\\\/UK-visa-C.jpg\"},{\"@type\":\"WebSite\",\"@id\":\"https:\\\/\\\/uk-gb.net\\\/sv\\\/#website\",\"url\":\"https:\\\/\\\/uk-gb.net\\\/sv\\\/\",\"name\":\"UK GB\",\"description\":\"Travel to the UK\",\"potentialAction\":[{\"@type\":\"SearchAction\",\"target\":{\"@type\":\"EntryPoint\",\"urlTemplate\":\"https:\\\/\\\/uk-gb.net\\\/sv\\\/?s={search_term_string}\"},\"query-input\":{\"@type\":\"PropertyValueSpecification\",\"valueRequired\":true,\"valueName\":\"search_term_string\"}}],\"inLanguage\":\"sv-SE\"}]}<\/script>\n<!-- \/ Yoast SEO plugin. -->","yoast_head_json":{"title":"Turistvisum f\u00f6r F\u00f6renade kungariket","description":"Ta reda p\u00e5 alla regler f\u00f6r att f\u00e5 ett turistvisum f\u00f6r Storbritannien","robots":{"index":"index","follow":"follow","max-snippet":"max-snippet:-1","max-image-preview":"max-image-preview:large","max-video-preview":"max-video-preview:-1"},"canonical":"https:\/\/uk-gb.net\/sv\/turistbesok-england-forenade-kungariket\/","og_locale":"sv_SE","og_type":"article","og_title":"Turistvisum f\u00f6r F\u00f6renade kungariket","og_description":"Ta reda p\u00e5 alla regler f\u00f6r att f\u00e5 ett turistvisum f\u00f6r Storbritannien","og_url":"https:\/\/uk-gb.net\/sv\/turistbesok-england-forenade-kungariket\/","og_site_name":"UK GB","article_modified_time":"2025-12-19T09:47:30+00:00","og_image":[{"width":564,"height":338,"url":"https:\/\/uk-gb.net\/wp-content\/uploads\/2024\/03\/UK-visa-C.jpg","type":"image\/jpeg"}],"twitter_card":"summary_large_image","twitter_misc":{"Ber\u00e4knad l\u00e4stid":"3 minuter"},"schema":{"@context":"https:\/\/schema.org","@graph":[{"@type":"WebPage","@id":"https:\/\/uk-gb.net\/sv\/turistbesok-england-forenade-kungariket\/","url":"https:\/\/uk-gb.net\/sv\/turistbesok-england-forenade-kungariket\/","name":"Turistvisum f\u00f6r F\u00f6renade kungariket","isPartOf":{"@id":"https:\/\/uk-gb.net\/sv\/#website"},"primaryImageOfPage":{"@id":"https:\/\/uk-gb.net\/sv\/turistbesok-england-forenade-kungariket\/#primaryimage"},"image":{"@id":"https:\/\/uk-gb.net\/sv\/turistbesok-england-forenade-kungariket\/#primaryimage"},"thumbnailUrl":"https:\/\/uk-gb.net\/wp-content\/uploads\/2024\/03\/UK-visa-C.jpg","datePublished":"2023-11-21T12:31:09+00:00","dateModified":"2025-12-19T09:47:30+00:00","description":"Ta reda p\u00e5 alla regler f\u00f6r att f\u00e5 ett turistvisum f\u00f6r Storbritannien","inLanguage":"sv-SE","potentialAction":[{"@type":"ReadAction","target":["https:\/\/uk-gb.net\/sv\/turistbesok-england-forenade-kungariket\/"]}]},{"@type":"ImageObject","inLanguage":"sv-SE","@id":"https:\/\/uk-gb.net\/sv\/turistbesok-england-forenade-kungariket\/#primaryimage","url":"https:\/\/uk-gb.net\/wp-content\/uploads\/2024\/03\/UK-visa-C.jpg","contentUrl":"https:\/\/uk-gb.net\/wp-content\/uploads\/2024\/03\/UK-visa-C.jpg"},{"@type":"WebSite","@id":"https:\/\/uk-gb.net\/sv\/#website","url":"https:\/\/uk-gb.net\/sv\/","name":"UK GB","description":"Travel to the UK","potentialAction":[{"@type":"SearchAction","target":{"@type":"EntryPoint","urlTemplate":"https:\/\/uk-gb.net\/sv\/?s={search_term_string}"},"query-input":{"@type":"PropertyValueSpecification","valueRequired":true,"valueName":"search_term_string"}}],"inLanguage":"sv-SE"}]}},"_links":{"self":[{"href":"https:\/\/uk-gb.net\/sv\/wp-json\/wp\/v2\/pages\/1578","targetHints":{"allow":["GET"]}}],"collection":[{"href":"https:\/\/uk-gb.net\/sv\/wp-json\/wp\/v2\/pages"}],"about":[{"href":"https:\/\/uk-gb.net\/sv\/wp-json\/wp\/v2\/types\/page"}],"author":[{"embeddable":true,"href":"https:\/\/uk-gb.net\/sv\/wp-json\/wp\/v2\/users\/1"}],"replies":[{"embeddable":true,"href":"https:\/\/uk-gb.net\/sv\/wp-json\/wp\/v2\/comments?post=1578"}],"version-history":[{"count":0,"href":"https:\/\/uk-gb.net\/sv\/wp-json\/wp\/v2\/pages\/1578\/revisions"}],"wp:attachment":[{"href":"https:\/\/uk-gb.net\/sv\/wp-json\/wp\/v2\/media?parent=1578"}],"curies":[{"name":"wp","href":"https:\/\/api.w.org\/{rel}","templated":true}]}}