{"id":1521,"date":"2024-02-25T15:25:14","date_gmt":"2024-02-25T15:25:14","guid":{"rendered":"https:\/\/uk-gb.net\/contact\/"},"modified":"2025-12-18T11:08:19","modified_gmt":"2025-12-18T11:08:19","slug":"contact","status":"publish","type":"page","link":"https:\/\/uk-gb.net\/sv\/contact\/","title":{"rendered":"Kontakt"},"content":{"rendered":"\n<h1 class=\"wp-block-heading\">Kontaktformul\u00e4r<\/h1>\n\n<p>Vi \u00e4r en privat\u00e4gd online-informationssida om semester i Storbritannien.  <\/p>\n\n<p>Vi \u00e4r inte p\u00e5 n\u00e5got s\u00e4tt knutna till den brittiska administrationen, eller till n\u00e5gon annan administration.\nVi \u00e4r inte i st\u00e5nd att ge st\u00f6d f\u00f6r ett f\u00f6rfarande som utf\u00f6rs p\u00e5 en officiell webbplats eller en privat webbplats som ger hj\u00e4lp med administrativa formaliteter. <\/p>\n\n<p>V\u00e5r webbplats inneh\u00e5ller olika reklam-hyperl\u00e4nkar till webbplatser fr\u00e5n tredje part. Vi har ingen l\u00e4nk till eller kontroll \u00f6ver dessa webbplatser och ansvarar inte f\u00f6r deras integritetspolicyer eller aff\u00e4rsmetoder.<\/p>\n<div class=\"wpforms-container wpforms-container-full wpforms-block wpforms-block-97737c9a-6459-48bb-9e26-bc200d497ab8 wpforms-render-modern\" id=\"wpforms-1497\"><form id=\"wpforms-form-1497\" class=\"wpforms-validate wpforms-form wpforms-ajax-form\" data-formid=\"1497\" method=\"post\" enctype=\"multipart\/form-data\" action=\"\/sv\/wp-json\/wp\/v2\/pages\/1521\" data-token=\"094b1d5e87531b23206cb0f4085ab595\" data-token-time=\"1776102924\"><noscript class=\"wpforms-error-noscript\">Aktivera JavaScript i din webbl\u00e4sare f\u00f6r att fylla i formul\u00e4ret.<\/noscript><div id=\"wpforms-error-noscript\" style=\"display: none;\">Aktivera JavaScript i din webbl\u00e4sare f\u00f6r att fylla i formul\u00e4ret.<\/div><div class=\"wpforms-field-container\"><div id=\"wpforms-1497-field_0-container\" class=\"wpforms-field wpforms-field-name\" data-field-id=\"0\"><label class=\"wpforms-field-label\" for=\"wpforms-1497-field_0\">Name <span class=\"wpforms-required-label\" aria-hidden=\"true\">*<\/span><\/label><input type=\"text\" id=\"wpforms-1497-field_0\" class=\"wpforms-field-medium wpforms-field-required\" name=\"wpforms[fields][0]\" aria-errormessage=\"wpforms-1497-field_0-error\" required><\/div><div id=\"wpforms-1497-field_1-container\" class=\"wpforms-field wpforms-field-email\" data-field-id=\"1\"><label class=\"wpforms-field-label\" for=\"wpforms-1497-field_1\">E-mail <span class=\"wpforms-required-label\" aria-hidden=\"true\">*<\/span><\/label><input type=\"email\" id=\"wpforms-1497-field_1\" class=\"wpforms-field-medium wpforms-field-required\" name=\"wpforms[fields][1]\" spellcheck=\"false\" aria-errormessage=\"wpforms-1497-field_1-error\" required><\/div><div id=\"wpforms-1497-field_2-container\" class=\"wpforms-field wpforms-field-textarea\" data-field-id=\"2\"><label class=\"wpforms-field-label\" for=\"wpforms-1497-field_2\">Message<\/label><textarea id=\"wpforms-1497-field_2\" class=\"wpforms-field-medium\" name=\"wpforms[fields][2]\" aria-errormessage=\"wpforms-1497-field_2-error\" ><\/textarea><\/div><\/div><!-- .wpforms-field-container --><div class=\"wpforms-submit-container\" ><input type=\"hidden\" name=\"wpforms[id]\" value=\"1497\"><input type=\"hidden\" name=\"page_title\" value=\"\"><input type=\"hidden\" name=\"page_url\" value=\"https:\/\/uk-gb.net\/sv\/wp-json\/wp\/v2\/pages\/1521\"><input type=\"hidden\" name=\"url_referer\" value=\"\"><button type=\"submit\" name=\"wpforms[submit]\" id=\"wpforms-submit-1497\" class=\"wpforms-submit\" data-alt-text=\"in progress\" data-submit-text=\"OK\" aria-live=\"assertive\" value=\"wpforms-submit\">OK<\/button><img decoding=\"async\" src=\"https:\/\/uk-gb.net\/wp-content\/plugins\/wpforms-lite\/assets\/images\/submit-spin.svg\" class=\"wpforms-submit-spinner\" style=\"display: none;\" width=\"26\" height=\"26\" alt=\"Laddar\"><\/div><\/form><\/div>  <!-- .wpforms-container -->","protected":false},"excerpt":{"rendered":"<p>Kontaktformul\u00e4r Vi \u00e4r en privat\u00e4gd online-informationssida om semester i Storbritannien. Vi \u00e4r inte p\u00e5 n\u00e5got s\u00e4tt knutna till den brittiska administrationen, eller till n\u00e5gon annan administration. Vi \u00e4r inte i st\u00e5nd att ge st\u00f6d f\u00f6r ett f\u00f6rfarande som utf\u00f6rs p\u00e5 en officiell webbplats eller en privat webbplats som ger hj\u00e4lp med administrativa formaliteter. V\u00e5r webbplats [&hellip;]<\/p>\n","protected":false},"author":1,"featured_media":0,"parent":0,"menu_order":0,"comment_status":"closed","ping_status":"closed","template":"","meta":{"footnotes":""},"class_list":["post-1521","page","type-page","status-publish","hentry"],"yoast_head":"<!-- This site is optimized with the Yoast SEO plugin v27.3 - https:\/\/yoast.com\/product\/yoast-seo-wordpress\/ -->\n<title>Kontakt - UK GB<\/title>\n<meta name=\"description\" content=\"uk-gb.net webbplats kontaktformul\u00e4r\" \/>\n<meta name=\"robots\" content=\"noindex, nofollow\" \/>\n<meta property=\"og:locale\" content=\"sv_SE\" \/>\n<meta property=\"og:type\" content=\"article\" \/>\n<meta property=\"og:title\" content=\"Kontakt - UK GB\" \/>\n<meta property=\"og:description\" content=\"uk-gb.net webbplats kontaktformul\u00e4r\" \/>\n<meta property=\"og:url\" content=\"https:\/\/uk-gb.net\/sv\/contact\/\" \/>\n<meta property=\"og:site_name\" content=\"UK GB\" \/>\n<meta property=\"article:modified_time\" content=\"2025-12-18T11:08:19+00:00\" \/>\n<meta name=\"twitter:card\" content=\"summary_large_image\" \/>\n<script type=\"application\/ld+json\" class=\"yoast-schema-graph\">{\"@context\":\"https:\\\/\\\/schema.org\",\"@graph\":[{\"@type\":\"WebPage\",\"@id\":\"https:\\\/\\\/uk-gb.net\\\/sv\\\/contact\\\/\",\"url\":\"https:\\\/\\\/uk-gb.net\\\/sv\\\/contact\\\/\",\"name\":\"Kontakt - UK GB\",\"isPartOf\":{\"@id\":\"https:\\\/\\\/uk-gb.net\\\/sv\\\/#website\"},\"datePublished\":\"2024-02-25T15:25:14+00:00\",\"dateModified\":\"2025-12-18T11:08:19+00:00\",\"description\":\"uk-gb.net webbplats kontaktformul\u00e4r\",\"inLanguage\":\"sv-SE\",\"potentialAction\":[{\"@type\":\"ReadAction\",\"target\":[\"https:\\\/\\\/uk-gb.net\\\/sv\\\/contact\\\/\"]}]},{\"@type\":\"WebSite\",\"@id\":\"https:\\\/\\\/uk-gb.net\\\/sv\\\/#website\",\"url\":\"https:\\\/\\\/uk-gb.net\\\/sv\\\/\",\"name\":\"UK GB\",\"description\":\"Travel to the UK\",\"potentialAction\":[{\"@type\":\"SearchAction\",\"target\":{\"@type\":\"EntryPoint\",\"urlTemplate\":\"https:\\\/\\\/uk-gb.net\\\/sv\\\/?s={search_term_string}\"},\"query-input\":{\"@type\":\"PropertyValueSpecification\",\"valueRequired\":true,\"valueName\":\"search_term_string\"}}],\"inLanguage\":\"sv-SE\"}]}<\/script>\n<!-- \/ Yoast SEO plugin. -->","yoast_head_json":{"title":"Kontakt - UK GB","description":"uk-gb.net webbplats kontaktformul\u00e4r","robots":{"index":"noindex","follow":"nofollow"},"og_locale":"sv_SE","og_type":"article","og_title":"Kontakt - UK GB","og_description":"uk-gb.net webbplats kontaktformul\u00e4r","og_url":"https:\/\/uk-gb.net\/sv\/contact\/","og_site_name":"UK GB","article_modified_time":"2025-12-18T11:08:19+00:00","twitter_card":"summary_large_image","schema":{"@context":"https:\/\/schema.org","@graph":[{"@type":"WebPage","@id":"https:\/\/uk-gb.net\/sv\/contact\/","url":"https:\/\/uk-gb.net\/sv\/contact\/","name":"Kontakt - UK GB","isPartOf":{"@id":"https:\/\/uk-gb.net\/sv\/#website"},"datePublished":"2024-02-25T15:25:14+00:00","dateModified":"2025-12-18T11:08:19+00:00","description":"uk-gb.net webbplats kontaktformul\u00e4r","inLanguage":"sv-SE","potentialAction":[{"@type":"ReadAction","target":["https:\/\/uk-gb.net\/sv\/contact\/"]}]},{"@type":"WebSite","@id":"https:\/\/uk-gb.net\/sv\/#website","url":"https:\/\/uk-gb.net\/sv\/","name":"UK GB","description":"Travel to the UK","potentialAction":[{"@type":"SearchAction","target":{"@type":"EntryPoint","urlTemplate":"https:\/\/uk-gb.net\/sv\/?s={search_term_string}"},"query-input":{"@type":"PropertyValueSpecification","valueRequired":true,"valueName":"search_term_string"}}],"inLanguage":"sv-SE"}]}},"_links":{"self":[{"href":"https:\/\/uk-gb.net\/sv\/wp-json\/wp\/v2\/pages\/1521","targetHints":{"allow":["GET"]}}],"collection":[{"href":"https:\/\/uk-gb.net\/sv\/wp-json\/wp\/v2\/pages"}],"about":[{"href":"https:\/\/uk-gb.net\/sv\/wp-json\/wp\/v2\/types\/page"}],"author":[{"embeddable":true,"href":"https:\/\/uk-gb.net\/sv\/wp-json\/wp\/v2\/users\/1"}],"replies":[{"embeddable":true,"href":"https:\/\/uk-gb.net\/sv\/wp-json\/wp\/v2\/comments?post=1521"}],"version-history":[{"count":0,"href":"https:\/\/uk-gb.net\/sv\/wp-json\/wp\/v2\/pages\/1521\/revisions"}],"wp:attachment":[{"href":"https:\/\/uk-gb.net\/sv\/wp-json\/wp\/v2\/media?parent=1521"}],"curies":[{"name":"wp","href":"https:\/\/api.w.org\/{rel}","templated":true}]}}