{"id":1482,"date":"2023-11-13T17:36:02","date_gmt":"2023-11-13T17:36:02","guid":{"rendered":"https:\/\/uk-gb.net\/rattsligt-information\/"},"modified":"2025-12-18T11:26:11","modified_gmt":"2025-12-18T11:26:11","slug":"rattsligt-information","status":"publish","type":"page","link":"https:\/\/uk-gb.net\/sv\/rattsligt-information\/","title":{"rendered":"Juridisk information"},"content":{"rendered":"\n<h1 class=\"wp-block-heading\">R\u00e4ttsligt meddelande<\/h1>\n\n<p>Vi ger ut en webbplats med information om turistvistelser i Storbritannien. Webbplatsen och driftsbolaget \u00e4r oberoende av n\u00e5gon offentlig f\u00f6rvaltning. De har ingen koppling till den brittiska administrationen.  <\/p>\n\n<h2 class=\"wp-block-heading\">Redakt\u00f6r f\u00f6r webbplats<\/h2>\n\n<p>Webbplatsen publiceras av ett konsultf\u00f6retag som \u00e4r registrerat p\u00e5 Malta inom Europeiska gemenskapen. V\u00e5r publikationschef \u00e4r Manuel Borg.  F\u00f6r att kontakta oss, v\u00e4nligen anv\u00e4nd <a href=\"https:\/\/uk-gb.net\/sv\/contact\/\">kontakt formul\u00e4ret<\/a>.<\/p>\n\n<p>Vi \u00e4r en privat webbplats som \u00e4r inriktad p\u00e5 att tillhandah\u00e5lla information.\nWebbplatsen erbjuder inga kommersiella tj\u00e4nster online. <\/p>\n\n<p>Webbplatsen inneh\u00e5ller reklamhyperl\u00e4nkar som kan leda anv\u00e4ndare till externa webbplatser fr\u00e5n tredje part: vi ansvarar inte f\u00f6r deras sekretesspolicy eller deras aff\u00e4rsmetoder.<\/p>\n\n<h2 class=\"wp-block-heading\">Behandling av personuppgifter<\/h2>\n\n<p>Vi samlar inte in n\u00e5gra personuppgifter via onlineformul\u00e4r.\nDet enda formul\u00e4ret p\u00e5 v\u00e5r webbplats \u00e4r ett enkelt kontaktformul\u00e4r.\nDen information som anges f\u00f6r att kontakta oss raderas regelbundet.\nBes\u00f6karna har r\u00e4tt att f\u00e5 tillg\u00e5ng till, \u00e4ndra, korrigera och radera dessa uppgifter.    F\u00f6r att ut\u00f6va denna r\u00e4ttighet, v\u00e4nligen kontakta oss via <a href=\"https:\/\/uk-gb.net\/sv\/contact\/\">kontakt formul\u00e4ret<\/a>.<\/p>\n","protected":false},"excerpt":{"rendered":"<p>R\u00e4ttsligt meddelande Vi ger ut en webbplats med information om turistvistelser i Storbritannien. Webbplatsen och driftsbolaget \u00e4r oberoende av n\u00e5gon offentlig f\u00f6rvaltning. De har ingen koppling till den brittiska administrationen. Redakt\u00f6r f\u00f6r webbplats Webbplatsen publiceras av ett konsultf\u00f6retag som \u00e4r registrerat p\u00e5 Malta inom Europeiska gemenskapen. V\u00e5r publikationschef \u00e4r Manuel Borg. F\u00f6r att kontakta oss, [&hellip;]<\/p>\n","protected":false},"author":1,"featured_media":0,"parent":0,"menu_order":0,"comment_status":"closed","ping_status":"closed","template":"","meta":{"footnotes":""},"class_list":["post-1482","page","type-page","status-publish","hentry"],"yoast_head":"<!-- This site is optimized with the Yoast SEO plugin v27.3 - https:\/\/yoast.com\/product\/yoast-seo-wordpress\/ -->\n<title>Juridisk information - UK GB<\/title>\n<meta name=\"description\" content=\"Juridisk information f\u00f6r webbplatsen uk-gb.net\" \/>\n<meta name=\"robots\" content=\"noindex, nofollow\" \/>\n<meta property=\"og:locale\" content=\"sv_SE\" \/>\n<meta property=\"og:type\" content=\"article\" \/>\n<meta property=\"og:title\" content=\"Juridisk information - UK GB\" \/>\n<meta property=\"og:description\" content=\"Juridisk information f\u00f6r webbplatsen uk-gb.net\" \/>\n<meta property=\"og:url\" content=\"https:\/\/uk-gb.net\/sv\/rattsligt-information\/\" \/>\n<meta property=\"og:site_name\" content=\"UK GB\" \/>\n<meta property=\"article:modified_time\" content=\"2025-12-18T11:26:11+00:00\" \/>\n<meta name=\"twitter:card\" content=\"summary_large_image\" \/>\n<meta name=\"twitter:label1\" content=\"Ber\u00e4knad l\u00e4stid\" \/>\n\t<meta name=\"twitter:data1\" content=\"1 minut\" \/>\n<script type=\"application\/ld+json\" class=\"yoast-schema-graph\">{\"@context\":\"https:\\\/\\\/schema.org\",\"@graph\":[{\"@type\":\"WebPage\",\"@id\":\"https:\\\/\\\/uk-gb.net\\\/sv\\\/rattsligt-information\\\/\",\"url\":\"https:\\\/\\\/uk-gb.net\\\/sv\\\/rattsligt-information\\\/\",\"name\":\"Juridisk information - UK GB\",\"isPartOf\":{\"@id\":\"https:\\\/\\\/uk-gb.net\\\/sv\\\/#website\"},\"datePublished\":\"2023-11-13T17:36:02+00:00\",\"dateModified\":\"2025-12-18T11:26:11+00:00\",\"description\":\"Juridisk information f\u00f6r webbplatsen uk-gb.net\",\"inLanguage\":\"sv-SE\",\"potentialAction\":[{\"@type\":\"ReadAction\",\"target\":[\"https:\\\/\\\/uk-gb.net\\\/sv\\\/rattsligt-information\\\/\"]}]},{\"@type\":\"WebSite\",\"@id\":\"https:\\\/\\\/uk-gb.net\\\/sv\\\/#website\",\"url\":\"https:\\\/\\\/uk-gb.net\\\/sv\\\/\",\"name\":\"UK GB\",\"description\":\"Travel to the UK\",\"potentialAction\":[{\"@type\":\"SearchAction\",\"target\":{\"@type\":\"EntryPoint\",\"urlTemplate\":\"https:\\\/\\\/uk-gb.net\\\/sv\\\/?s={search_term_string}\"},\"query-input\":{\"@type\":\"PropertyValueSpecification\",\"valueRequired\":true,\"valueName\":\"search_term_string\"}}],\"inLanguage\":\"sv-SE\"}]}<\/script>\n<!-- \/ Yoast SEO plugin. -->","yoast_head_json":{"title":"Juridisk information - UK GB","description":"Juridisk information f\u00f6r webbplatsen uk-gb.net","robots":{"index":"noindex","follow":"nofollow"},"og_locale":"sv_SE","og_type":"article","og_title":"Juridisk information - UK GB","og_description":"Juridisk information f\u00f6r webbplatsen uk-gb.net","og_url":"https:\/\/uk-gb.net\/sv\/rattsligt-information\/","og_site_name":"UK GB","article_modified_time":"2025-12-18T11:26:11+00:00","twitter_card":"summary_large_image","twitter_misc":{"Ber\u00e4knad l\u00e4stid":"1 minut"},"schema":{"@context":"https:\/\/schema.org","@graph":[{"@type":"WebPage","@id":"https:\/\/uk-gb.net\/sv\/rattsligt-information\/","url":"https:\/\/uk-gb.net\/sv\/rattsligt-information\/","name":"Juridisk information - UK GB","isPartOf":{"@id":"https:\/\/uk-gb.net\/sv\/#website"},"datePublished":"2023-11-13T17:36:02+00:00","dateModified":"2025-12-18T11:26:11+00:00","description":"Juridisk information f\u00f6r webbplatsen uk-gb.net","inLanguage":"sv-SE","potentialAction":[{"@type":"ReadAction","target":["https:\/\/uk-gb.net\/sv\/rattsligt-information\/"]}]},{"@type":"WebSite","@id":"https:\/\/uk-gb.net\/sv\/#website","url":"https:\/\/uk-gb.net\/sv\/","name":"UK GB","description":"Travel to the UK","potentialAction":[{"@type":"SearchAction","target":{"@type":"EntryPoint","urlTemplate":"https:\/\/uk-gb.net\/sv\/?s={search_term_string}"},"query-input":{"@type":"PropertyValueSpecification","valueRequired":true,"valueName":"search_term_string"}}],"inLanguage":"sv-SE"}]}},"_links":{"self":[{"href":"https:\/\/uk-gb.net\/sv\/wp-json\/wp\/v2\/pages\/1482","targetHints":{"allow":["GET"]}}],"collection":[{"href":"https:\/\/uk-gb.net\/sv\/wp-json\/wp\/v2\/pages"}],"about":[{"href":"https:\/\/uk-gb.net\/sv\/wp-json\/wp\/v2\/types\/page"}],"author":[{"embeddable":true,"href":"https:\/\/uk-gb.net\/sv\/wp-json\/wp\/v2\/users\/1"}],"replies":[{"embeddable":true,"href":"https:\/\/uk-gb.net\/sv\/wp-json\/wp\/v2\/comments?post=1482"}],"version-history":[{"count":0,"href":"https:\/\/uk-gb.net\/sv\/wp-json\/wp\/v2\/pages\/1482\/revisions"}],"wp:attachment":[{"href":"https:\/\/uk-gb.net\/sv\/wp-json\/wp\/v2\/media?parent=1482"}],"curies":[{"name":"wp","href":"https:\/\/api.w.org\/{rel}","templated":true}]}}