{"id":1465,"date":"2023-11-21T14:15:17","date_gmt":"2023-11-21T14:15:17","guid":{"rendered":"https:\/\/uk-gb.net\/eta-england-forenade-kungariket\/"},"modified":"2026-04-02T16:51:22","modified_gmt":"2026-04-02T15:51:22","slug":"eta-england-forenade-kungariket","status":"publish","type":"page","link":"https:\/\/uk-gb.net\/sv\/eta-england-forenade-kungariket\/","title":{"rendered":"ETA England f\u00f6r resor till F\u00f6renade kungariket"},"content":{"rendered":"\n<h1 class=\"wp-block-heading\">ETA Brittiskt elektroniskt resetillst\u00e5nd<\/h1>\n\n<p>Electronic Travel Authorisation (ETA) \u00e4r ett system som inf\u00f6rts av Storbritannien f\u00f6r att vissa utl\u00e4ndska medborgare ska kunna vistas i landet utan att beh\u00f6va en traditionell visering. ETA \u00e4r avsett f\u00f6r kortare vistelser och riktar sig till resen\u00e4rer fr\u00e5n l\u00e4nder som omfattas av viseringsfrihet. <\/p>\n\n<p><strong>F\u00f6r att f\u00e5 detta resetillst\u00e5nd p\u00e5 bara n\u00e5gra minuter<\/strong> fyller du i <a href=\"https:\/\/uk-gb.net\/sv\/online-formular-eta-visering-england-fk\/\">ETA-formul\u00e4ret online.<\/a><\/p>\n\n<div style=\"height:10px\" aria-hidden=\"true\" class=\"wp-block-spacer\"><\/div>\n\n<h2 class=\"wp-block-heading\">Vad inneb\u00e4r ETA f\u00f6r Storbritannien?<\/h2>\n\n<p>ETA \u00e4r ett digitalt tillst\u00e5nd som \u00e4r obligatoriskt f\u00f6r medborgare i vissa l\u00e4nder som vill bes\u00f6ka Storbritannien f\u00f6r turism, aff\u00e4rer eller en mellanlandning. Tillst\u00e5ndet \u00e4r giltigt f\u00f6r kortare vistelser och ers\u00e4tter delvis traditionella viseringsf\u00f6rfaranden. Ans\u00f6kan g\u00f6rs online via en s\u00e4ker portal och ger ett snabbt svar, vilket f\u00f6renklar formaliteterna f\u00f6r att komma in i Storbritannien.  <\/p>\n\n<h2 class=\"wp-block-heading\">Vem kan f\u00e5 ett ETA f\u00f6r Storbritannien?<\/h2>\n\n<p>ETA riktar sig till medborgare i l\u00e4nder som \u00e4r undantagna fr\u00e5n viseringskravet f\u00f6r inresa till Storbritannien. <a href=\"https:\/\/uk-gb.net\/sv\/land-som-kan-rekvirera-eta-forenat-kungarike\/\">Listan \u00f6ver ber\u00e4ttigade l\u00e4nder<\/a> uppdateras regelbundet av de brittiska myndigheterna. Det \u00e4r d\u00e4rf\u00f6r viktigt att du kontrollerar om du kan ans\u00f6ka om ett ETA p\u00e5 grund av din nationalitet innan du planerar din vistelse.  <\/p>\n\n<p>Varje passagerare m\u00e5ste ans\u00f6ka individuellt, inklusive minder\u00e5riga och sp\u00e4dbarn. Ingen passagerare f\u00e5r g\u00e5 in utan f\u00f6reg\u00e5ende tillst\u00e5nd. <\/p>\n\n<h2 class=\"wp-block-heading\">Hur ans\u00f6ker jag om ett ETA i Storbritannien?<\/h2>\n\n<p>ETA-ans\u00f6kan g\u00f6rs online via den <a href=\"https:\/\/www.gov.uk\/guidance\/apply-for-an-electronic-travel-authorisation-eta\">brittiska regeringens officiella webbplats.<\/a> Blanketten m\u00e5ste fyllas i noggrant och inneh\u00e5lla f\u00f6ljande information: <\/p>\n\n<ul class=\"wp-block-list\">\n<li>Personuppgifter (namn, f\u00f6delsedatum etc.)<\/li>\n\n\n\n<li>Detaljer om pass som anv\u00e4nts f\u00f6r resan<\/li>\n\n\n\n<li>Information om din vistelse (syfte, varaktighet etc.)<\/li>\n<\/ul>\n\n<p>N\u00e4r <a href=\"https:\/\/uk-gb.net\/sv\/online-formular-eta-visering-england-fk\/\">onlineformul\u00e4ret<\/a> har skickats in kr\u00e4vs betalning av avgiften f\u00f6r att validera ans\u00f6kan.<\/p>\n\n<h2 class=\"wp-block-heading\">Ladda ner ETA-applikationen f\u00f6r iPhone?<\/h2>\n\n<p>F\u00f6r att g\u00f6ra processen enklare har den brittiska regeringen lanserat en <a href=\"https:\/\/uk-gb.net\/sv\/ansokan-iphone-visum-eta-storbritannien\/\">s\u00e4rskild ETA-mobilapp<\/a> som finns tillg\u00e4nglig i<strong>App Store (iOS)<\/strong> i l\u00e4nder som omfattas av Visa Waiver Programme.  <\/p>\n\n<p>Applikationen g\u00f6r att du kan fylla i, skicka in och f\u00f6lja din ans\u00f6kan direkt fr\u00e5n din telefon, i full s\u00e4kerhet. S\u00f6k bara efter \u201cUK ETA\u201d i App Store och installera den kostnadsfritt f\u00f6r att starta proceduren fr\u00e5n din iPhone. <\/p>\n\n<h2 class=\"wp-block-heading\">N\u00e4r ska jag ans\u00f6ka online?<\/h2>\n\n<p>Det \u00e4r viktigt att ans\u00f6ka om ett ETA <strong>innan<\/strong> du reser till Storbritannien. \u00c4ven om de flesta ans\u00f6kningar behandlas inom n\u00e5gra timmar rekommenderar myndigheterna att du skickar in din ans\u00f6kan <strong>minst 3 dagar f\u00f6re avresan<\/strong>. Detta f\u00f6r att ta h\u00f6jd f\u00f6r eventuella f\u00f6rseningar i handl\u00e4ggningen.  <\/p>\n\n<p>Det \u00e4r i teorin m\u00f6jligt att resa medan ans\u00f6kan p\u00e5g\u00e5r, f\u00f6rutsatt att den har l\u00e4mnats in p\u00e5 ett giltigt s\u00e4tt f\u00f6re ombordstigningen. Det finns dock en risk om tillst\u00e5ndet f\u00f6rsenas eller nekas. <\/p>\n\n<h2 class=\"wp-block-heading\">Hur mycket kostar ett ETA i Storbritannien?<\/h2>\n\n<p>Kostnaden f\u00f6r en ETA f\u00f6r Storbritannien \u00e4r fast, oavsett resen\u00e4rens \u00e5lder. Avgiften t\u00e4cker administrativa behandlingskostnader och m\u00e5ste betalas direkt p\u00e5 den officiella webbplatsen vid ans\u00f6kningstillf\u00e4llet. <\/p>\n\n<p>Det pris du betalar \u00e4ndras regelbundet, s\u00e5 kontrollera det senaste <a href=\"https:\/\/uk-gb.net\/sv\/pris-eta-uk\/\">ETA UK-priset<\/a>.<\/p>\n\n<p>Denna avgift \u00e4r betydligt l\u00e4gre \u00e4n f\u00f6r ett <a href=\"https:\/\/uk-gb.net\/sv\/kostnader-visum-resa-england\/\">brittiskt visum<\/a>, vilket g\u00f6r ETA mer tillg\u00e4ngligt f\u00f6r kortvariga turist- eller aff\u00e4rsresor.<\/p>\n\n<h2 class=\"wp-block-heading\">Hur l\u00e5ng tid tar det att f\u00e5 ett ETA?<\/h2>\n\n<p>ETA-ans\u00f6kningar behandlas i allm\u00e4nhet snabbt. I de flesta fall skickas ett svar inom n\u00e5gra timmar efter att <a href=\"https:\/\/uk-gb.net\/sv\/online-formular-eta-visering-england-fk\/\">ETA-formul\u00e4ret har skickats in online<\/a>. Vissa ans\u00f6kningar kan dock kr\u00e4va ytterligare utredning. Det \u00e4r d\u00e4rf\u00f6r l\u00e4mpligt att skicka in din ans\u00f6kan <strong>minst 72 timmar f\u00f6re avresan<\/strong> f\u00f6r att minska risken f\u00f6r f\u00f6rseningar eller avslag i sista minuten.   <\/p>\n\n<h2 class=\"wp-block-heading\">Vad ska jag g\u00f6ra om mitt ETA inte godk\u00e4nns?<\/h2>\n\n<p>Om din ETA-ans\u00f6kan avsl\u00e5s kan det bero p\u00e5 ett fel i den information som l\u00e4mnats. I s\u00e5 fall kan du l\u00e4mna in en <strong>ny, korrigerad<\/strong> ans\u00f6kan. <\/p>\n\n<p>Om du <strong>inte \u00e4r ber\u00e4ttigad<\/strong> till ETA-programmet m\u00e5ste du dock ans\u00f6ka om ett <a href=\"https:\/\/uk-gb.net\/sv\/turistbesok-england-forenade-kungariket\/\">brittiskt visum<\/a>. Detta f\u00f6rfarande tar l\u00e4ngre tid och omfattar en <a href=\"https:\/\/uk-gb.net\/sv\/visumbokning-vid-den-brittiska-ambassaden\/\">obligatorisk konsul\u00e4r intervju<\/a> p\u00e5 n\u00e4rmaste brittiska ambassad eller visumans\u00f6kningscenter. <\/p>\n","protected":false},"excerpt":{"rendered":"<p>ETA Brittiskt elektroniskt resetillst\u00e5nd Electronic Travel Authorisation (ETA) \u00e4r ett system som inf\u00f6rts av Storbritannien f\u00f6r att vissa utl\u00e4ndska medborgare ska kunna vistas i landet utan att beh\u00f6va en traditionell visering. ETA \u00e4r avsett f\u00f6r kortare vistelser och riktar sig till resen\u00e4rer fr\u00e5n l\u00e4nder som omfattas av viseringsfrihet. F\u00f6r att f\u00e5 detta resetillst\u00e5nd p\u00e5 bara [&hellip;]<\/p>\n","protected":false},"author":1,"featured_media":0,"parent":0,"menu_order":0,"comment_status":"closed","ping_status":"closed","template":"","meta":{"footnotes":""},"class_list":["post-1465","page","type-page","status-publish","hentry"],"yoast_head":"<!-- This site is optimized with the Yoast SEO plugin v27.3 - https:\/\/yoast.com\/product\/yoast-seo-wordpress\/ -->\n<title>ETA England f\u00f6r resor till F\u00f6renade kungariket<\/title>\n<meta name=\"description\" content=\"Ans\u00f6k om ditt ETA online f\u00f6r att snabbt f\u00e5 ditt resetillst\u00e5nd till Storbritannien\" \/>\n<meta name=\"robots\" content=\"index, follow, max-snippet:-1, max-image-preview:large, max-video-preview:-1\" \/>\n<link rel=\"canonical\" href=\"https:\/\/uk-gb.net\/sv\/eta-england-forenade-kungariket\/\" \/>\n<meta property=\"og:locale\" content=\"sv_SE\" \/>\n<meta property=\"og:type\" content=\"article\" \/>\n<meta property=\"og:title\" content=\"ETA England f\u00f6r resor till F\u00f6renade kungariket\" \/>\n<meta property=\"og:description\" content=\"Ans\u00f6k om ditt ETA online f\u00f6r att snabbt f\u00e5 ditt resetillst\u00e5nd till Storbritannien\" \/>\n<meta property=\"og:url\" content=\"https:\/\/uk-gb.net\/sv\/eta-england-forenade-kungariket\/\" \/>\n<meta property=\"og:site_name\" content=\"UK GB\" \/>\n<meta property=\"article:modified_time\" content=\"2026-04-02T15:51:22+00:00\" \/>\n<meta name=\"twitter:card\" content=\"summary_large_image\" \/>\n<meta name=\"twitter:label1\" content=\"Ber\u00e4knad l\u00e4stid\" \/>\n\t<meta name=\"twitter:data1\" content=\"4 minuter\" \/>\n<script type=\"application\/ld+json\" class=\"yoast-schema-graph\">{\"@context\":\"https:\\\/\\\/schema.org\",\"@graph\":[{\"@type\":\"WebPage\",\"@id\":\"https:\\\/\\\/uk-gb.net\\\/sv\\\/eta-england-forenade-kungariket\\\/\",\"url\":\"https:\\\/\\\/uk-gb.net\\\/sv\\\/eta-england-forenade-kungariket\\\/\",\"name\":\"ETA England f\u00f6r resor till F\u00f6renade kungariket\",\"isPartOf\":{\"@id\":\"https:\\\/\\\/uk-gb.net\\\/sv\\\/#website\"},\"datePublished\":\"2023-11-21T14:15:17+00:00\",\"dateModified\":\"2026-04-02T15:51:22+00:00\",\"description\":\"Ans\u00f6k om ditt ETA online f\u00f6r att snabbt f\u00e5 ditt resetillst\u00e5nd till Storbritannien\",\"inLanguage\":\"sv-SE\",\"potentialAction\":[{\"@type\":\"ReadAction\",\"target\":[\"https:\\\/\\\/uk-gb.net\\\/sv\\\/eta-england-forenade-kungariket\\\/\"]}]},{\"@type\":\"WebSite\",\"@id\":\"https:\\\/\\\/uk-gb.net\\\/sv\\\/#website\",\"url\":\"https:\\\/\\\/uk-gb.net\\\/sv\\\/\",\"name\":\"UK GB\",\"description\":\"Travel to the UK\",\"potentialAction\":[{\"@type\":\"SearchAction\",\"target\":{\"@type\":\"EntryPoint\",\"urlTemplate\":\"https:\\\/\\\/uk-gb.net\\\/sv\\\/?s={search_term_string}\"},\"query-input\":{\"@type\":\"PropertyValueSpecification\",\"valueRequired\":true,\"valueName\":\"search_term_string\"}}],\"inLanguage\":\"sv-SE\"}]}<\/script>\n<!-- \/ Yoast SEO plugin. -->","yoast_head_json":{"title":"ETA England f\u00f6r resor till F\u00f6renade kungariket","description":"Ans\u00f6k om ditt ETA online f\u00f6r att snabbt f\u00e5 ditt resetillst\u00e5nd till Storbritannien","robots":{"index":"index","follow":"follow","max-snippet":"max-snippet:-1","max-image-preview":"max-image-preview:large","max-video-preview":"max-video-preview:-1"},"canonical":"https:\/\/uk-gb.net\/sv\/eta-england-forenade-kungariket\/","og_locale":"sv_SE","og_type":"article","og_title":"ETA England f\u00f6r resor till F\u00f6renade kungariket","og_description":"Ans\u00f6k om ditt ETA online f\u00f6r att snabbt f\u00e5 ditt resetillst\u00e5nd till Storbritannien","og_url":"https:\/\/uk-gb.net\/sv\/eta-england-forenade-kungariket\/","og_site_name":"UK GB","article_modified_time":"2026-04-02T15:51:22+00:00","twitter_card":"summary_large_image","twitter_misc":{"Ber\u00e4knad l\u00e4stid":"4 minuter"},"schema":{"@context":"https:\/\/schema.org","@graph":[{"@type":"WebPage","@id":"https:\/\/uk-gb.net\/sv\/eta-england-forenade-kungariket\/","url":"https:\/\/uk-gb.net\/sv\/eta-england-forenade-kungariket\/","name":"ETA England f\u00f6r resor till F\u00f6renade kungariket","isPartOf":{"@id":"https:\/\/uk-gb.net\/sv\/#website"},"datePublished":"2023-11-21T14:15:17+00:00","dateModified":"2026-04-02T15:51:22+00:00","description":"Ans\u00f6k om ditt ETA online f\u00f6r att snabbt f\u00e5 ditt resetillst\u00e5nd till Storbritannien","inLanguage":"sv-SE","potentialAction":[{"@type":"ReadAction","target":["https:\/\/uk-gb.net\/sv\/eta-england-forenade-kungariket\/"]}]},{"@type":"WebSite","@id":"https:\/\/uk-gb.net\/sv\/#website","url":"https:\/\/uk-gb.net\/sv\/","name":"UK GB","description":"Travel to the UK","potentialAction":[{"@type":"SearchAction","target":{"@type":"EntryPoint","urlTemplate":"https:\/\/uk-gb.net\/sv\/?s={search_term_string}"},"query-input":{"@type":"PropertyValueSpecification","valueRequired":true,"valueName":"search_term_string"}}],"inLanguage":"sv-SE"}]}},"_links":{"self":[{"href":"https:\/\/uk-gb.net\/sv\/wp-json\/wp\/v2\/pages\/1465","targetHints":{"allow":["GET"]}}],"collection":[{"href":"https:\/\/uk-gb.net\/sv\/wp-json\/wp\/v2\/pages"}],"about":[{"href":"https:\/\/uk-gb.net\/sv\/wp-json\/wp\/v2\/types\/page"}],"author":[{"embeddable":true,"href":"https:\/\/uk-gb.net\/sv\/wp-json\/wp\/v2\/users\/1"}],"replies":[{"embeddable":true,"href":"https:\/\/uk-gb.net\/sv\/wp-json\/wp\/v2\/comments?post=1465"}],"version-history":[{"count":0,"href":"https:\/\/uk-gb.net\/sv\/wp-json\/wp\/v2\/pages\/1465\/revisions"}],"wp:attachment":[{"href":"https:\/\/uk-gb.net\/sv\/wp-json\/wp\/v2\/media?parent=1465"}],"curies":[{"name":"wp","href":"https:\/\/api.w.org\/{rel}","templated":true}]}}