{"id":1458,"date":"2023-12-19T16:07:33","date_gmt":"2023-12-19T16:07:33","guid":{"rendered":"https:\/\/uk-gb.net\/ansokan-iphone-visum-eta-storbritannien\/"},"modified":"2025-12-18T11:06:33","modified_gmt":"2025-12-18T11:06:33","slug":"ansokan-iphone-visum-eta-storbritannien","status":"publish","type":"page","link":"https:\/\/uk-gb.net\/sv\/ansokan-iphone-visum-eta-storbritannien\/","title":{"rendered":"Officiell ETA-ans\u00f6kan fr\u00e5n Storbritannien"},"content":{"rendered":"\n<h1 class=\"wp-block-heading\">ETA-ans\u00f6kan F\u00f6renade kungariket<\/h1>\n\n<p>Storbritannien har lanserat en mobilapplikation f\u00f6r att hantera <a href=\"https:\/\/uk-gb.net\/sv\/eta-england-forenade-kungariket\/\">eTA-f\u00f6rfr\u00e5gningar f\u00f6r Storbritannien.<\/a> Denna digitala ans\u00f6kan erbjuder en praktisk och effektiv l\u00f6sning f\u00f6r resen\u00e4rer fr\u00e5n <a href=\"https:\/\/uk-gb.net\/sv\/land-som-kan-rekvirera-eta-forenat-kungarike\/\">l\u00e4nder som \u00e4r ber\u00e4ttigade till ett eTA till Storbritannien.<\/a><\/p>\n\n<p><strong>F\u00f6r att f\u00e5 detta resetillst\u00e5nd p\u00e5 bara n\u00e5gra minuter<\/strong> fyller du i <a href=\"https:\/\/uk-gb.net\/sv\/online-formular-eta-visering-england-fk\/\">ETA-formul\u00e4ret online.<\/a><\/p>\n\n<h2 class=\"wp-block-heading\">Vad \u00e4r en ETA-ans\u00f6kan i Storbritannien?<\/h2>\n\n<p>Applikationen har skapats av den brittiska regeringen f\u00f6r att g\u00f6ra det enklare att ans\u00f6ka om ett ETA f\u00f6r inresa till Storbritannien. Den riktar sig till <g id=\"gid_0\">resen\u00e4rer som \u00e4r ber\u00e4ttigade till viseringsundantag<\/g> och som vill stanna i Storbritannien under en kort period. Applikationen \u00e4r enkel att anv\u00e4nda och 100% mobil och togs i drift 2024.  <\/p>\n\n<h2 class=\"wp-block-heading\">Hur fungerar en ETA-ans\u00f6kan i Storbritannien?<\/h2>\n\n<p>Applikationen kan laddas ner kostnadsfritt fr\u00e5n Android- och iOS-butikerna. Den g\u00f6r att du kan skicka in en beg\u00e4ran om resetillst\u00e5nd p\u00e5 bara n\u00e5gra minuter. Resen\u00e4rer m\u00e5ste :  <\/p>\n\n<ul class=\"wp-block-list\">\n<li>Fyll i dina personuppgifter och passuppgifter<\/li>\n\n\n\n<li>Besvara en kort s\u00e4kerhetsfr\u00e5ga<\/li>\n\n\n\n<li>S\u00e4ker betalning av ETA-avgifter<\/li>\n<\/ul>\n\n<div style=\"height:10px\" aria-hidden=\"true\" class=\"wp-block-spacer\"><\/div>\n\n<p>N\u00e4r ans\u00f6kan har validerats <strong>utf\u00e4rdas<\/strong> ETA i allm\u00e4nhet <strong>inom tre arbetsdagar<\/strong> och bifogas elektroniskt till resen\u00e4rens pass. Inga pappersdokument kr\u00e4vs. <\/p>\n\n<h2 class=\"wp-block-heading\">Vilka \u00e4r f\u00f6rdelarna med en ETA-ans\u00f6kan i Storbritannien?<\/h2>\n\n<p>Den brittiska ETA-ans\u00f6kan \u00e4r snabb, intuitiv och helt pappersl\u00f6s. Du slipper de tidskr\u00e4vande f\u00f6rfaranden som kr\u00e4vs f\u00f6r att f\u00e5 ett brittiskt <a href=\"https:\/\/uk-gb.net\/sv\/turistbesok-england-forenade-kungariket\/\">visum f\u00f6r turistbes\u00f6k<\/a>.   <\/p>\n\n<p>Resen\u00e4rer kan f\u00f6lja statusen f\u00f6r sin ans\u00f6kan i realtid, f\u00e5 meddelanden och h\u00e5lla ett digitalt register \u00f6ver sitt resetillst\u00e5nd. Det minskar v\u00e4ntetiderna avsev\u00e4rt och f\u00f6renklar <a href=\"https:\/\/uk-gb.net\/sv\/visum-forenade-kungariket\/\">formaliteterna f\u00f6r inresa till Storbritannien.<\/a> <\/p>\n\n<h2 class=\"wp-block-heading\">Finns det kundsupport online?<\/h2>\n\n<p>Applikationen erbjuder online-support f\u00f6r att hj\u00e4lpa anv\u00e4ndarna i varje steg av processen. En integrerad FAQ besvarar de vanligaste fr\u00e5gorna och en chatbot finns tillg\u00e4nglig f\u00f6r att ge omedelbara svar i realtid. <\/p>\n\n<p>Dessa funktioner g\u00f6r eTA-ans\u00f6kan till ett viktigt verktyg f\u00f6r resen\u00e4rer genom att f\u00f6renkla ans\u00f6kningsprocessen och ge en s\u00e4ker och effektiv anv\u00e4ndarupplevelse. Detta \u00e4r mycket enklare \u00e4n att <a href=\"https:\/\/uk-gb.net\/sv\/ansokningsforfarande-visa-fk\/\">ans\u00f6ka om visum till Storbritannien<\/a>. <\/p>\n\n<h2 class=\"wp-block-heading\">UK eTA App i Apple App Store<\/h2>\n\n<p>Detta \u00e4r den officiella applikationen fr\u00e5n de brittiska myndigheterna f\u00f6r att g\u00f6ra det m\u00f6jligt f\u00f6r resen\u00e4rer att ans\u00f6ka om eTA p\u00e5 sin mobil.<\/p>\n\n<figure class=\"wp-block-image size-full\"><img fetchpriority=\"high\" decoding=\"async\" width=\"486\" height=\"822\" src=\"https:\/\/uk-gb.net\/wp-content\/uploads\/2024\/05\/uk-esta-app.jpg\" alt=\"eTA UK iPhone-applikation\" class=\"wp-image-2351\" srcset=\"https:\/\/uk-gb.net\/wp-content\/uploads\/2024\/05\/uk-esta-app.jpg 486w, https:\/\/uk-gb.net\/wp-content\/uploads\/2024\/05\/uk-esta-app-177x300.jpg 177w\" sizes=\"(max-width: 486px) 100vw, 486px\" \/><figcaption class=\"wp-element-caption\">Bild av IPhone-applikationen i App Store f\u00f6r ans\u00f6kan om eTA UK<\/figcaption><\/figure>\n\n<p><\/p>\n","protected":false},"excerpt":{"rendered":"<p>ETA-ans\u00f6kan F\u00f6renade kungariket Storbritannien har lanserat en mobilapplikation f\u00f6r att hantera eTA-f\u00f6rfr\u00e5gningar f\u00f6r Storbritannien. Denna digitala ans\u00f6kan erbjuder en praktisk och effektiv l\u00f6sning f\u00f6r resen\u00e4rer fr\u00e5n l\u00e4nder som \u00e4r ber\u00e4ttigade till ett eTA till Storbritannien. F\u00f6r att f\u00e5 detta resetillst\u00e5nd p\u00e5 bara n\u00e5gra minuter fyller du i ETA-formul\u00e4ret online. Vad \u00e4r en ETA-ans\u00f6kan i Storbritannien? [&hellip;]<\/p>\n","protected":false},"author":1,"featured_media":0,"parent":0,"menu_order":0,"comment_status":"closed","ping_status":"closed","template":"","meta":{"footnotes":""},"class_list":["post-1458","page","type-page","status-publish","hentry"],"yoast_head":"<!-- This site is optimized with the Yoast SEO plugin v27.3 - https:\/\/yoast.com\/product\/yoast-seo-wordpress\/ -->\n<title>Officiell ETA-ans\u00f6kan fr\u00e5n Storbritannien - UK GB<\/title>\n<meta name=\"description\" content=\"Uppt\u00e4ck IPhone-applikationen som l\u00e5ter dig hantera din eTA-ans\u00f6kan f\u00f6r att resa till Storbritannien\" \/>\n<meta name=\"robots\" content=\"index, follow, max-snippet:-1, max-image-preview:large, max-video-preview:-1\" \/>\n<link rel=\"canonical\" href=\"https:\/\/uk-gb.net\/sv\/ansokan-iphone-visum-eta-storbritannien\/\" \/>\n<meta property=\"og:locale\" content=\"sv_SE\" \/>\n<meta property=\"og:type\" content=\"article\" \/>\n<meta property=\"og:title\" content=\"Officiell ETA-ans\u00f6kan fr\u00e5n Storbritannien - UK GB\" \/>\n<meta property=\"og:description\" content=\"Uppt\u00e4ck IPhone-applikationen som l\u00e5ter dig hantera din eTA-ans\u00f6kan f\u00f6r att resa till Storbritannien\" \/>\n<meta property=\"og:url\" content=\"https:\/\/uk-gb.net\/sv\/ansokan-iphone-visum-eta-storbritannien\/\" \/>\n<meta property=\"og:site_name\" content=\"UK GB\" \/>\n<meta property=\"article:modified_time\" content=\"2025-12-18T11:06:33+00:00\" \/>\n<meta property=\"og:image\" content=\"https:\/\/uk-gb.net\/wp-content\/uploads\/2024\/05\/uk-esta-app.jpg\" \/>\n\t<meta property=\"og:image:width\" content=\"486\" \/>\n\t<meta property=\"og:image:height\" content=\"822\" \/>\n\t<meta property=\"og:image:type\" content=\"image\/jpeg\" \/>\n<meta name=\"twitter:card\" content=\"summary_large_image\" \/>\n<meta name=\"twitter:label1\" content=\"Ber\u00e4knad l\u00e4stid\" \/>\n\t<meta name=\"twitter:data1\" content=\"2 minuter\" \/>\n<script type=\"application\/ld+json\" class=\"yoast-schema-graph\">{\"@context\":\"https:\\\/\\\/schema.org\",\"@graph\":[{\"@type\":\"WebPage\",\"@id\":\"https:\\\/\\\/uk-gb.net\\\/sv\\\/ansokan-iphone-visum-eta-storbritannien\\\/\",\"url\":\"https:\\\/\\\/uk-gb.net\\\/sv\\\/ansokan-iphone-visum-eta-storbritannien\\\/\",\"name\":\"Officiell ETA-ans\u00f6kan fr\u00e5n Storbritannien - UK GB\",\"isPartOf\":{\"@id\":\"https:\\\/\\\/uk-gb.net\\\/sv\\\/#website\"},\"primaryImageOfPage\":{\"@id\":\"https:\\\/\\\/uk-gb.net\\\/sv\\\/ansokan-iphone-visum-eta-storbritannien\\\/#primaryimage\"},\"image\":{\"@id\":\"https:\\\/\\\/uk-gb.net\\\/sv\\\/ansokan-iphone-visum-eta-storbritannien\\\/#primaryimage\"},\"thumbnailUrl\":\"https:\\\/\\\/uk-gb.net\\\/wp-content\\\/uploads\\\/2024\\\/05\\\/uk-esta-app.jpg\",\"datePublished\":\"2023-12-19T16:07:33+00:00\",\"dateModified\":\"2025-12-18T11:06:33+00:00\",\"description\":\"Uppt\u00e4ck IPhone-applikationen som l\u00e5ter dig hantera din eTA-ans\u00f6kan f\u00f6r att resa till Storbritannien\",\"inLanguage\":\"sv-SE\",\"potentialAction\":[{\"@type\":\"ReadAction\",\"target\":[\"https:\\\/\\\/uk-gb.net\\\/sv\\\/ansokan-iphone-visum-eta-storbritannien\\\/\"]}]},{\"@type\":\"ImageObject\",\"inLanguage\":\"sv-SE\",\"@id\":\"https:\\\/\\\/uk-gb.net\\\/sv\\\/ansokan-iphone-visum-eta-storbritannien\\\/#primaryimage\",\"url\":\"https:\\\/\\\/uk-gb.net\\\/wp-content\\\/uploads\\\/2024\\\/05\\\/uk-esta-app.jpg\",\"contentUrl\":\"https:\\\/\\\/uk-gb.net\\\/wp-content\\\/uploads\\\/2024\\\/05\\\/uk-esta-app.jpg\"},{\"@type\":\"WebSite\",\"@id\":\"https:\\\/\\\/uk-gb.net\\\/sv\\\/#website\",\"url\":\"https:\\\/\\\/uk-gb.net\\\/sv\\\/\",\"name\":\"UK GB\",\"description\":\"Travel to the UK\",\"potentialAction\":[{\"@type\":\"SearchAction\",\"target\":{\"@type\":\"EntryPoint\",\"urlTemplate\":\"https:\\\/\\\/uk-gb.net\\\/sv\\\/?s={search_term_string}\"},\"query-input\":{\"@type\":\"PropertyValueSpecification\",\"valueRequired\":true,\"valueName\":\"search_term_string\"}}],\"inLanguage\":\"sv-SE\"}]}<\/script>\n<!-- \/ Yoast SEO plugin. -->","yoast_head_json":{"title":"Officiell ETA-ans\u00f6kan fr\u00e5n Storbritannien - UK GB","description":"Uppt\u00e4ck IPhone-applikationen som l\u00e5ter dig hantera din eTA-ans\u00f6kan f\u00f6r att resa till Storbritannien","robots":{"index":"index","follow":"follow","max-snippet":"max-snippet:-1","max-image-preview":"max-image-preview:large","max-video-preview":"max-video-preview:-1"},"canonical":"https:\/\/uk-gb.net\/sv\/ansokan-iphone-visum-eta-storbritannien\/","og_locale":"sv_SE","og_type":"article","og_title":"Officiell ETA-ans\u00f6kan fr\u00e5n Storbritannien - UK GB","og_description":"Uppt\u00e4ck IPhone-applikationen som l\u00e5ter dig hantera din eTA-ans\u00f6kan f\u00f6r att resa till Storbritannien","og_url":"https:\/\/uk-gb.net\/sv\/ansokan-iphone-visum-eta-storbritannien\/","og_site_name":"UK GB","article_modified_time":"2025-12-18T11:06:33+00:00","og_image":[{"width":486,"height":822,"url":"https:\/\/uk-gb.net\/wp-content\/uploads\/2024\/05\/uk-esta-app.jpg","type":"image\/jpeg"}],"twitter_card":"summary_large_image","twitter_misc":{"Ber\u00e4knad l\u00e4stid":"2 minuter"},"schema":{"@context":"https:\/\/schema.org","@graph":[{"@type":"WebPage","@id":"https:\/\/uk-gb.net\/sv\/ansokan-iphone-visum-eta-storbritannien\/","url":"https:\/\/uk-gb.net\/sv\/ansokan-iphone-visum-eta-storbritannien\/","name":"Officiell ETA-ans\u00f6kan fr\u00e5n Storbritannien - UK GB","isPartOf":{"@id":"https:\/\/uk-gb.net\/sv\/#website"},"primaryImageOfPage":{"@id":"https:\/\/uk-gb.net\/sv\/ansokan-iphone-visum-eta-storbritannien\/#primaryimage"},"image":{"@id":"https:\/\/uk-gb.net\/sv\/ansokan-iphone-visum-eta-storbritannien\/#primaryimage"},"thumbnailUrl":"https:\/\/uk-gb.net\/wp-content\/uploads\/2024\/05\/uk-esta-app.jpg","datePublished":"2023-12-19T16:07:33+00:00","dateModified":"2025-12-18T11:06:33+00:00","description":"Uppt\u00e4ck IPhone-applikationen som l\u00e5ter dig hantera din eTA-ans\u00f6kan f\u00f6r att resa till Storbritannien","inLanguage":"sv-SE","potentialAction":[{"@type":"ReadAction","target":["https:\/\/uk-gb.net\/sv\/ansokan-iphone-visum-eta-storbritannien\/"]}]},{"@type":"ImageObject","inLanguage":"sv-SE","@id":"https:\/\/uk-gb.net\/sv\/ansokan-iphone-visum-eta-storbritannien\/#primaryimage","url":"https:\/\/uk-gb.net\/wp-content\/uploads\/2024\/05\/uk-esta-app.jpg","contentUrl":"https:\/\/uk-gb.net\/wp-content\/uploads\/2024\/05\/uk-esta-app.jpg"},{"@type":"WebSite","@id":"https:\/\/uk-gb.net\/sv\/#website","url":"https:\/\/uk-gb.net\/sv\/","name":"UK GB","description":"Travel to the UK","potentialAction":[{"@type":"SearchAction","target":{"@type":"EntryPoint","urlTemplate":"https:\/\/uk-gb.net\/sv\/?s={search_term_string}"},"query-input":{"@type":"PropertyValueSpecification","valueRequired":true,"valueName":"search_term_string"}}],"inLanguage":"sv-SE"}]}},"_links":{"self":[{"href":"https:\/\/uk-gb.net\/sv\/wp-json\/wp\/v2\/pages\/1458","targetHints":{"allow":["GET"]}}],"collection":[{"href":"https:\/\/uk-gb.net\/sv\/wp-json\/wp\/v2\/pages"}],"about":[{"href":"https:\/\/uk-gb.net\/sv\/wp-json\/wp\/v2\/types\/page"}],"author":[{"embeddable":true,"href":"https:\/\/uk-gb.net\/sv\/wp-json\/wp\/v2\/users\/1"}],"replies":[{"embeddable":true,"href":"https:\/\/uk-gb.net\/sv\/wp-json\/wp\/v2\/comments?post=1458"}],"version-history":[{"count":0,"href":"https:\/\/uk-gb.net\/sv\/wp-json\/wp\/v2\/pages\/1458\/revisions"}],"wp:attachment":[{"href":"https:\/\/uk-gb.net\/sv\/wp-json\/wp\/v2\/media?parent=1458"}],"curies":[{"name":"wp","href":"https:\/\/api.w.org\/{rel}","templated":true}]}}