{"id":1311,"date":"2023-11-13T16:38:13","date_gmt":"2023-11-13T16:38:13","guid":{"rendered":"https:\/\/uk-gb.net\/visum-forenade-kungariket\/"},"modified":"2026-03-03T08:44:05","modified_gmt":"2026-03-03T08:44:05","slug":"visum-forenade-kungariket","status":"publish","type":"page","link":"https:\/\/uk-gb.net\/sv\/visum-forenade-kungariket\/","title":{"rendered":"Reseformaliteter f\u00f6r F\u00f6renade kungariket"},"content":{"rendered":"\n<h1 class=\"wp-block-heading\">Formaliteter vid inresa till Storbritannien f\u00f6r internationella resen\u00e4rer<\/h1>\n\n<p>Storbritannien har inf\u00f6rt ett system med <strong>elektroniska resetillst\u00e5nd<\/strong> (ETA) f\u00f6r medborgare i vissa viseringsfria l\u00e4nder. Detta f\u00f6renklade f\u00f6rfarande g\u00f6r det m\u00f6jligt f\u00f6r personer att resa in i Storbritannien f\u00f6r en kortare vistelse utan en traditionell visering. ETA kr\u00e4vs i f\u00f6ljande fall: Turistvistelser, bes\u00f6k hos sl\u00e4ktingar, aff\u00e4rsresor, korttidsstudier eller mellanlandningar i Storbritannien.  <\/p>\n\n<p>Du kan <strong>ans\u00f6ka p\u00e5 <strong>bara n\u00e5gra minuter<\/strong><\/strong> genom att fylla i <a href=\"https:\/\/uk-gb.net\/sv\/online-formular-eta-visering-england-fk\/\">ETA-formul\u00e4ret online<\/a>.<\/p>\n\n<div style=\"height:10px\" aria-hidden=\"true\" class=\"wp-block-spacer\"><\/div>\n\n<h2 class=\"wp-block-heading\">Vem p\u00e5verkas av Storbritanniens ETA?<\/h2>\n\n<p>Antalet <a href=\"https:\/\/uk-gb.net\/sv\/land-som-kan-rekvirera-eta-forenat-kungarike\/\">l\u00e4nder som kan komma i fr\u00e5ga f\u00f6r Storbritanniens ETA<\/a> \u00f6kar gradvis.<\/p>\n\n<p>Programmet introducerades f\u00f6rst i Mellan\u00f6stern, med f\u00f6ljande inledande faser:<\/p>\n\n<ul class=\"wp-block-list\">\n<li>Sedan 2023 har ETA gjort det m\u00f6jligt f\u00f6r qatariska medborgare att slippa ans\u00f6ka om visum till England fr\u00e5n Qatar.<\/li>\n\n\n\n<li>Sedan februari 2024: <a href=\"https:\/\/uk-gb.net\/sv\/visum-england-fran-saudiarabien\/\">Saudiska medborgare kan f\u00e5 ett ETA i<\/a> st\u00e4llet f\u00f6r visum till Storbritannien.<\/li>\n<\/ul>\n\n<div style=\"height:10px\" aria-hidden=\"true\" class=\"wp-block-spacer\"><\/div>\n\n<p>Alla europeiska l\u00e4nder har lagts till i Storbritanniens ETA-system. Europeiska medborgare kan nu <a href=\"https:\/\/uk-gb.net\/sv\/online-formular-eta-visering-england-fk\/\">ans\u00f6ka om ETA online<\/a> innan de reser till Storbritannien. <\/p>\n\n<h2 class=\"wp-block-heading\">Vilka visum och tillst\u00e5nd kr\u00e4vs f\u00f6r att resa till Storbritannien?<\/h2>\n\n<p>Storbritannien erbjuder <a href=\"https:\/\/uk-gb.net\/sv\/olika-brittiska-visum\/\">flera olika typer av visum<\/a> eller tillst\u00e5nd beroende p\u00e5 resen\u00e4rens profil, sk\u00e4let till vistelsen och dess varaktighet. F\u00f6r kortare vistelser kan vissa medborgare undvika det traditionella viseringsf\u00f6rfarandet genom att anv\u00e4nda det elektroniska ETA-tillst\u00e5ndet. H\u00e4r \u00e4r en tydlig guide till de alternativ som finns.  <\/p>\n\n<h3 class=\"wp-block-heading\">Beh\u00f6ver jag visum f\u00f6r att resa till Storbritannien?<\/h3>\n\n<p>Det beror helt p\u00e5 din nationalitet och syftet med din resa. H\u00e4r \u00e4r de viktigaste scenarierna: <\/p>\n\n<ul class=\"wp-block-list\">\n<li><strong>Om du \u00e4r irl\u00e4ndsk medborgare<\/strong>: Ingen visering eller ETA kr\u00e4vs.<\/li>\n\n\n\n<li><strong>Du \u00e4r medborgare i ett land som var undantaget fr\u00e5n viseringskravet<\/strong>: Detta g\u00e4ller f\u00f6r medborgare i Europa, USA och andra partnerl\u00e4nder. Sedan 2025 kr\u00e4vs ett <a href=\"https:\/\/uk-gb.net\/sv\/eta-england-forenade-kungariket\/\">brittiskt ETA<\/a> f\u00f6r att resa in i Storbritannien.   <\/li>\n\n\n\n<li><strong>Du kommer fr\u00e5n ett land som redan ing\u00e5r i ETA-systemet (Qatar, Saudiarabien etc.):<\/strong> Du m\u00e5ste <a href=\"https:\/\/uk-gb.net\/sv\/online-formular-eta-visering-england-fk\/\">ans\u00f6ka om ett ETA online.<\/a><\/li>\n\n\n\n<li>Om <strong>du \u00e4r medborgare i ett land som omfattas av viseringskrav<\/strong>: du m\u00e5ste ans\u00f6ka om <a href=\"https:\/\/uk-gb.net\/sv\/turistbesok-england-forenade-kungariket\/\">turistvisum<\/a> online och sedan slutf\u00f6ra din ans\u00f6kan vid ett <a href=\"https:\/\/uk-gb.net\/sv\/visumbokning-vid-den-brittiska-ambassaden\/\">m\u00f6te p\u00e5 den brittiska ambassaden<\/a>.<\/li>\n\n\n\n<li><strong>Exempel<\/strong>: <a href=\"https:\/\/uk-gb.net\/sv\/visum-england-fran-sverige\/\" type=\"page\" id=\"972\">eTA fr\u00e5n Sverige<\/a>.<\/li>\n<\/ul>\n\n<div style=\"height:10px\" aria-hidden=\"true\" class=\"wp-block-spacer\"><\/div>\n\n<h3 class=\"wp-block-heading\">Vilka typer av visum finns det f\u00f6r Storbritannien?<\/h3>\n\n<p>Typen av visum beror p\u00e5 anledningen till bes\u00f6ket:<\/p>\n\n<figure class=\"wp-block-table\"><table><thead><tr><th>Typ av visum<\/th><th>Huvudsaklig till\u00e4mpning<\/th><\/tr><\/thead><tbody><tr><td><a href=\"https:\/\/uk-gb.net\/sv\/turistbesok-england-forenade-kungariket\/\">Turistvisum<\/a><\/td><td>Fritidsresor eller bes\u00f6k hos sl\u00e4ktingar<\/td><\/tr><tr><td><a href=\"https:\/\/uk-gb.net\/sv\/affarsvisum-for-england-storbritannien\/\">Visum f\u00f6r aff\u00e4rsverksamhet<\/a><\/td><td>M\u00f6ten, konferenser, professionella uppdrag<\/td><\/tr><tr><td><a href=\"https:\/\/uk-gb.net\/sv\/studentvisum-england-forenta-kungariket\/\">Studentvisum<\/a><\/td><td>L\u00e5ngsiktiga studier eller s\u00e4rskild utbildning<\/td><\/tr><tr><td><a href=\"https:\/\/uk-gb.net\/sv\/transitvisumstopp-storbritannien\/\">Genomresevisum<\/a><\/td><td>Tillf\u00e4llig passage genom en brittisk flygplats<\/td><\/tr><tr><td><a href=\"https:\/\/uk-gb.net\/sv\/storbritannien-familjevisum\/\">Visum f\u00f6r familj<\/a><\/td><td>Familjeresor i Storbritannien<\/td><\/tr><\/tbody><\/table><\/figure>\n\n<h3 class=\"wp-block-heading\">Transit i Storbritannien: ETA eller visum?<\/h3>\n\n<p>\u00c4ven om du <strong>bara stannar till p\u00e5 en flygplats<\/strong> <strong>beh\u00f6ver<\/strong> du ett resetillst\u00e5nd. Beroende p\u00e5 din nationalitet kan det vara ett <a href=\"https:\/\/uk-gb.net\/sv\/eta-england-forenade-kungariket\/\">ETA<\/a> eller ett <a href=\"https:\/\/uk-gb.net\/sv\/transitvisumstopp-storbritannien\/\">transitvisum<\/a> f\u00f6r Storbritannien. Detta krav g\u00e4ller \u00e4ven om du inte passerar genom gr\u00e4nskontrollen.  <\/p>\n\n<h3 class=\"wp-block-heading\">Kan jag resa med ett ETA i st\u00e4llet f\u00f6r ett visum?<\/h3>\n\n<p><strong>ETA:s elektroniska tillst\u00e5nd<\/strong> \u00e4r tillr\u00e4ckligt om din vistelse uppfyller dessa villkor:<\/p>\n\n<p>\u2705 Turistvistelse, familjebes\u00f6k, kortare studier, aff\u00e4rsresa<br\/>\u2705 H\u00f6gst 6 m\u00e5nader<br\/>\u2705 Transit genom F\u00f6renade kungariket<br\/>\u2705 Betald konstn\u00e4rlig resa p\u00e5 mindre \u00e4n 3 m\u00e5nader (i vissa s\u00e4rskilda fall)<\/p>\n\n<h3 class=\"wp-block-heading\">Gr\u00e4nserna f\u00f6r ETA-tillst\u00e5nd<\/h3>\n\n<p>\u274c ETA till\u00e5ter inte :<\/p>\n\n<ul class=\"wp-block-list\">\n<li>Stannar i mer \u00e4n 6 m\u00e5nader<\/li>\n\n\n\n<li>Arbeta f\u00f6r ett brittiskt f\u00f6retag<\/li>\n\n\n\n<li>Starta ett f\u00f6retag eller bli egenf\u00f6retagare<\/li>\n\n\n\n<li>Ta emot offentlig finansiering<\/li>\n\n\n\n<li>F\u00f6r att gifta sig eller registrera en civil union<\/li>\n\n\n\n<li>F\u00f6r att st\u00e4lla in permanent<\/li>\n<\/ul>\n\n<p>I alla dessa fall kr\u00e4vs ett <a href=\"https:\/\/uk-gb.net\/sv\/olika-brittiska-visum\/\">brittiskt visum<\/a>.<\/p>\n\n<h3 class=\"wp-block-heading\">Vilka destinationer \u00e4r de mest popul\u00e4ra f\u00f6r visumans\u00f6kningar?<\/h3>\n\n<p>London \u00e4r fortfarande landets viktigaste ink\u00f6rsport, men \u00e4ven andra st\u00e4der lockar m\u00e5nga bes\u00f6kare. Resen\u00e4rer ans\u00f6ker om <a href=\"https:\/\/uk-gb.net\/sv\/visum-for-london\/\">visum f\u00f6r London<\/a> f\u00f6r att landa i England. Utl\u00e4ndska turister bes\u00f6ker ocks\u00e5 Englands andra huvudst\u00e4der genom att ans\u00f6ka om <a href=\"https:\/\/uk-gb.net\/sv\/visum-for-liverpool\/\">visum f\u00f6r Liverpool.<\/a> Det finns ocks\u00e5 m\u00e5nga visumans\u00f6kningar <a href=\"https:\/\/uk-gb.net\/sv\/visum-for-manchester\/\">f\u00f6r Manchester.<\/a>    <\/p>\n\n<p>Englands stora universitetsst\u00e4der lockar ocks\u00e5 m\u00e5nga turister f\u00f6r akademiska vistelser, med <a href=\"https:\/\/uk-gb.net\/sv\/visum-for-oxford\/\">Oxford som kr\u00e4ver visum<\/a> och Cambridge l\u00e4ngre norrut i London.<\/p>\n\n<p>I norra delen av Storbritannien ans\u00f6ker resen\u00e4rer om visum f\u00f6r Birmingham. Vissa reser \u00e4nnu l\u00e4ngre norrut till Skottland och ans\u00f6ker om visum till Edinburgh eller <a href=\"https:\/\/uk-gb.net\/sv\/visum-for-glasgow\/\">visum till Glasgow.<\/a> <\/p>\n\n<p>Wales \u00e4r ocks\u00e5 ett popul\u00e4rt resm\u00e5l f\u00f6r utl\u00e4ndska resen\u00e4rer. Turister beh\u00f6ver visum f\u00f6r Cardiff. <\/p>\n","protected":false},"excerpt":{"rendered":"<p>Formaliteter vid inresa till Storbritannien f\u00f6r internationella resen\u00e4rer Storbritannien har inf\u00f6rt ett system med elektroniska resetillst\u00e5nd (ETA) f\u00f6r medborgare i vissa viseringsfria l\u00e4nder. Detta f\u00f6renklade f\u00f6rfarande g\u00f6r det m\u00f6jligt f\u00f6r personer att resa in i Storbritannien f\u00f6r en kortare vistelse utan en traditionell visering. ETA kr\u00e4vs i f\u00f6ljande fall: Turistvistelser, bes\u00f6k hos sl\u00e4ktingar, aff\u00e4rsresor, korttidsstudier [&hellip;]<\/p>\n","protected":false},"author":1,"featured_media":0,"parent":0,"menu_order":0,"comment_status":"closed","ping_status":"closed","template":"","meta":{"footnotes":""},"class_list":["post-1311","page","type-page","status-publish","hentry"],"yoast_head":"<!-- This site is optimized with the Yoast SEO plugin v27.3 - https:\/\/yoast.com\/product\/yoast-seo-wordpress\/ -->\n<title>Reseformaliteter f\u00f6r F\u00f6renade kungariket<\/title>\n<meta name=\"description\" content=\"Reglerna f\u00f6r utl\u00e4ndska resen\u00e4rer som reser in i Storbritannien har \u00e4ndrats i och med inf\u00f6randet av en brittisk eTA.\" \/>\n<meta name=\"robots\" content=\"index, follow, max-snippet:-1, max-image-preview:large, max-video-preview:-1\" \/>\n<link rel=\"canonical\" href=\"https:\/\/uk-gb.net\/sv\/visum-forenade-kungariket\/\" \/>\n<meta property=\"og:locale\" content=\"sv_SE\" \/>\n<meta property=\"og:type\" content=\"article\" \/>\n<meta property=\"og:title\" content=\"Reseformaliteter f\u00f6r F\u00f6renade kungariket\" \/>\n<meta property=\"og:description\" content=\"Reglerna f\u00f6r utl\u00e4ndska resen\u00e4rer som reser in i Storbritannien har \u00e4ndrats i och med inf\u00f6randet av en brittisk eTA.\" \/>\n<meta property=\"og:url\" content=\"https:\/\/uk-gb.net\/sv\/visum-forenade-kungariket\/\" \/>\n<meta property=\"og:site_name\" content=\"UK GB\" \/>\n<meta property=\"article:modified_time\" content=\"2026-03-03T08:44:05+00:00\" \/>\n<meta name=\"twitter:card\" content=\"summary_large_image\" \/>\n<meta name=\"twitter:label1\" content=\"Ber\u00e4knad l\u00e4stid\" \/>\n\t<meta name=\"twitter:data1\" content=\"4 minuter\" \/>\n<script type=\"application\/ld+json\" class=\"yoast-schema-graph\">{\"@context\":\"https:\\\/\\\/schema.org\",\"@graph\":[{\"@type\":\"WebPage\",\"@id\":\"https:\\\/\\\/uk-gb.net\\\/sv\\\/visum-forenade-kungariket\\\/\",\"url\":\"https:\\\/\\\/uk-gb.net\\\/sv\\\/visum-forenade-kungariket\\\/\",\"name\":\"Reseformaliteter f\u00f6r F\u00f6renade kungariket\",\"isPartOf\":{\"@id\":\"https:\\\/\\\/uk-gb.net\\\/sv\\\/#website\"},\"datePublished\":\"2023-11-13T16:38:13+00:00\",\"dateModified\":\"2026-03-03T08:44:05+00:00\",\"description\":\"Reglerna f\u00f6r utl\u00e4ndska resen\u00e4rer som reser in i Storbritannien har \u00e4ndrats i och med inf\u00f6randet av en brittisk eTA.\",\"inLanguage\":\"sv-SE\",\"potentialAction\":[{\"@type\":\"ReadAction\",\"target\":[\"https:\\\/\\\/uk-gb.net\\\/sv\\\/visum-forenade-kungariket\\\/\"]}]},{\"@type\":\"WebSite\",\"@id\":\"https:\\\/\\\/uk-gb.net\\\/sv\\\/#website\",\"url\":\"https:\\\/\\\/uk-gb.net\\\/sv\\\/\",\"name\":\"UK GB\",\"description\":\"Travel to the UK\",\"potentialAction\":[{\"@type\":\"SearchAction\",\"target\":{\"@type\":\"EntryPoint\",\"urlTemplate\":\"https:\\\/\\\/uk-gb.net\\\/sv\\\/?s={search_term_string}\"},\"query-input\":{\"@type\":\"PropertyValueSpecification\",\"valueRequired\":true,\"valueName\":\"search_term_string\"}}],\"inLanguage\":\"sv-SE\"}]}<\/script>\n<!-- \/ Yoast SEO plugin. -->","yoast_head_json":{"title":"Reseformaliteter f\u00f6r F\u00f6renade kungariket","description":"Reglerna f\u00f6r utl\u00e4ndska resen\u00e4rer som reser in i Storbritannien har \u00e4ndrats i och med inf\u00f6randet av en brittisk eTA.","robots":{"index":"index","follow":"follow","max-snippet":"max-snippet:-1","max-image-preview":"max-image-preview:large","max-video-preview":"max-video-preview:-1"},"canonical":"https:\/\/uk-gb.net\/sv\/visum-forenade-kungariket\/","og_locale":"sv_SE","og_type":"article","og_title":"Reseformaliteter f\u00f6r F\u00f6renade kungariket","og_description":"Reglerna f\u00f6r utl\u00e4ndska resen\u00e4rer som reser in i Storbritannien har \u00e4ndrats i och med inf\u00f6randet av en brittisk eTA.","og_url":"https:\/\/uk-gb.net\/sv\/visum-forenade-kungariket\/","og_site_name":"UK GB","article_modified_time":"2026-03-03T08:44:05+00:00","twitter_card":"summary_large_image","twitter_misc":{"Ber\u00e4knad l\u00e4stid":"4 minuter"},"schema":{"@context":"https:\/\/schema.org","@graph":[{"@type":"WebPage","@id":"https:\/\/uk-gb.net\/sv\/visum-forenade-kungariket\/","url":"https:\/\/uk-gb.net\/sv\/visum-forenade-kungariket\/","name":"Reseformaliteter f\u00f6r F\u00f6renade kungariket","isPartOf":{"@id":"https:\/\/uk-gb.net\/sv\/#website"},"datePublished":"2023-11-13T16:38:13+00:00","dateModified":"2026-03-03T08:44:05+00:00","description":"Reglerna f\u00f6r utl\u00e4ndska resen\u00e4rer som reser in i Storbritannien har \u00e4ndrats i och med inf\u00f6randet av en brittisk eTA.","inLanguage":"sv-SE","potentialAction":[{"@type":"ReadAction","target":["https:\/\/uk-gb.net\/sv\/visum-forenade-kungariket\/"]}]},{"@type":"WebSite","@id":"https:\/\/uk-gb.net\/sv\/#website","url":"https:\/\/uk-gb.net\/sv\/","name":"UK GB","description":"Travel to the UK","potentialAction":[{"@type":"SearchAction","target":{"@type":"EntryPoint","urlTemplate":"https:\/\/uk-gb.net\/sv\/?s={search_term_string}"},"query-input":{"@type":"PropertyValueSpecification","valueRequired":true,"valueName":"search_term_string"}}],"inLanguage":"sv-SE"}]}},"_links":{"self":[{"href":"https:\/\/uk-gb.net\/sv\/wp-json\/wp\/v2\/pages\/1311","targetHints":{"allow":["GET"]}}],"collection":[{"href":"https:\/\/uk-gb.net\/sv\/wp-json\/wp\/v2\/pages"}],"about":[{"href":"https:\/\/uk-gb.net\/sv\/wp-json\/wp\/v2\/types\/page"}],"author":[{"embeddable":true,"href":"https:\/\/uk-gb.net\/sv\/wp-json\/wp\/v2\/users\/1"}],"replies":[{"embeddable":true,"href":"https:\/\/uk-gb.net\/sv\/wp-json\/wp\/v2\/comments?post=1311"}],"version-history":[{"count":0,"href":"https:\/\/uk-gb.net\/sv\/wp-json\/wp\/v2\/pages\/1311\/revisions"}],"wp:attachment":[{"href":"https:\/\/uk-gb.net\/sv\/wp-json\/wp\/v2\/media?parent=1311"}],"curies":[{"name":"wp","href":"https:\/\/api.w.org\/{rel}","templated":true}]}}