{"id":9929,"date":"2026-02-25T16:17:50","date_gmt":"2026-02-25T16:17:50","guid":{"rendered":"https:\/\/uk-gb.net\/causeway-coastal-route-pt\/"},"modified":"2026-03-02T15:23:01","modified_gmt":"2026-03-02T15:23:01","slug":"causeway-coastal-route-pt","status":"publish","type":"page","link":"https:\/\/uk-gb.net\/pt-pt\/causeway-coastal-route-pt\/","title":{"rendered":"Causeway Coastal Route: itiner\u00e1rio completo na Irlanda do Norte, mapa e conselhos"},"content":{"rendered":"\n<h1 class=\"wp-block-heading\">Descobre a Rota Costeira de Causeway na Irlanda do Norte<\/h1>\n\n<p>A Causeway Coastal Route \u00e9 uma das mais belas viagens rodovi\u00e1rias da Europa. Entre fal\u00e9sias espectaculares, castelos em ru\u00ednas, praias selvagens e aldeias pitorescas, esta rota liga <a href=\"https:\/\/uk-gb.net\/pt-pt\/belfast\/\" type=\"page\" id=\"5344\">Belfast<\/a> a Derry (Londonderry) ao longo de cerca de 200 km. <\/p>\n\n<p>\u00c9 um must para uma <strong>descoberta<\/strong> imersiva <strong>da Irlanda do Norte<\/strong>.<\/p>\n\n<figure class=\"wp-block-image size-large\"><img fetchpriority=\"high\" decoding=\"async\" width=\"1024\" height=\"458\" src=\"https:\/\/uk-gb.net\/wp-content\/uploads\/2026\/02\/causeway-carrick-a-rede-rope-bridge-1024x458.jpg\" alt=\"\" class=\"wp-image-9843\" srcset=\"https:\/\/uk-gb.net\/wp-content\/uploads\/2026\/02\/causeway-carrick-a-rede-rope-bridge-1024x458.jpg 1024w, https:\/\/uk-gb.net\/wp-content\/uploads\/2026\/02\/causeway-carrick-a-rede-rope-bridge-300x134.jpg 300w, https:\/\/uk-gb.net\/wp-content\/uploads\/2026\/02\/causeway-carrick-a-rede-rope-bridge-768x344.jpg 768w, https:\/\/uk-gb.net\/wp-content\/uploads\/2026\/02\/causeway-carrick-a-rede-rope-bridge.jpg 1050w\" sizes=\"(max-width: 1024px) 100vw, 1024px\" \/><\/figure>\n\n<h2 class=\"wp-block-heading\">Rota da Via Costeira de Causeway<\/h2>\n\n<p>O percurso segue a costa norte da Irlanda do Norte e pode ser completado em 1 a 3 dias, dependendo do teu ritmo.<\/p>\n\n<p>Principais passos:<\/p>\n\n<ol class=\"wp-block-list\">\n<li>Belfast &#8211; ponto de partida<\/li>\n\n\n\n<li>Castelo de Carrickfergus<\/li>\n\n\n\n<li>Carnlough &#8211; aldeia aut\u00eantica<\/li>\n\n\n\n<li>Ponte de corda de Carrick-a-Rede<\/li>\n\n\n\n<li>Giant&#8217;s Causeway (s\u00edtio UNESCO)<\/li>\n\n\n\n<li>Castelo de Dunluce<\/li>\n\n\n\n<li>Portrush e Portstewart<\/li>\n\n\n\n<li>Templo de Mussenden<\/li>\n\n\n\n<li>Derry \/ Londonderry<\/li>\n<\/ol>\n\n<div style=\"height:10px\" aria-hidden=\"true\" class=\"wp-block-spacer\"><\/div>\n\n<h2 class=\"wp-block-heading\">O que tens de ver<\/h2>\n\n<p><strong>Giant&#8217;s Causeway<\/strong>: Este s\u00edtio do Patrim\u00f3nio Mundial da UNESCO \u00e9 famoso pelas suas colunas hexagonais de basalto formadas por uma erup\u00e7\u00e3o vulc\u00e2nica. \u00c9 um local natural \u00fanico no mundo, composto por 40.000 colunas de basalto formadas por uma antiga atividade vulc\u00e2nica. Explora os trilhos para caminhadas, admira as forma\u00e7\u00f5es rochosas e visita o centro de visitantes para saberes mais sobre a lenda que rodeia o local.  <\/p>\n\n<figure class=\"wp-block-gallery has-nested-images columns-default is-cropped wp-block-gallery-1 is-layout-flex wp-block-gallery-is-layout-flex\">\n<figure class=\"wp-block-image size-large\"><img decoding=\"async\" width=\"1024\" height=\"566\" data-id=\"9845\" src=\"https:\/\/uk-gb.net\/wp-content\/uploads\/2026\/02\/giant-causeway-1-1024x566.jpg\" alt=\"\" class=\"wp-image-9845\" srcset=\"https:\/\/uk-gb.net\/wp-content\/uploads\/2026\/02\/giant-causeway-1-1024x566.jpg 1024w, https:\/\/uk-gb.net\/wp-content\/uploads\/2026\/02\/giant-causeway-1-300x166.jpg 300w, https:\/\/uk-gb.net\/wp-content\/uploads\/2026\/02\/giant-causeway-1-768x424.jpg 768w, https:\/\/uk-gb.net\/wp-content\/uploads\/2026\/02\/giant-causeway-1-1536x849.jpg 1536w, https:\/\/uk-gb.net\/wp-content\/uploads\/2026\/02\/giant-causeway-1.jpg 1549w\" sizes=\"(max-width: 1024px) 100vw, 1024px\" \/><figcaption class=\"wp-element-caption\"><strong>A Cal\u00e7ada dos Gigantes<\/strong><\/figcaption><\/figure>\n<\/figure>\n\n<p><strong>Ponte de corda de Carrick-a-Rede<\/strong>: Esta ponte suspensa oferece vistas espectaculares sobre o mar e as fal\u00e9sias circundantes. Atravessa a ponte para sentires a adrenalina e desfrutares da beleza natural da \u00e1rea circundante. <\/p>\n\n<figure class=\"wp-block-image size-full\"><img decoding=\"async\" width=\"964\" height=\"522\" src=\"https:\/\/uk-gb.net\/wp-content\/uploads\/2026\/03\/carrick-a-rede-rope-bridge.jpg\" alt=\"\" class=\"wp-image-9849\" srcset=\"https:\/\/uk-gb.net\/wp-content\/uploads\/2026\/03\/carrick-a-rede-rope-bridge.jpg 964w, https:\/\/uk-gb.net\/wp-content\/uploads\/2026\/03\/carrick-a-rede-rope-bridge-300x162.jpg 300w, https:\/\/uk-gb.net\/wp-content\/uploads\/2026\/03\/carrick-a-rede-rope-bridge-768x416.jpg 768w\" sizes=\"(max-width: 964px) 100vw, 964px\" \/><figcaption class=\"wp-element-caption\"><strong>Ponte de corda de Carrick-a-Rede<\/strong><\/figcaption><\/figure>\n\n<p><strong>Castelo de Dunluce<\/strong>: Empoleirado em penhascos, este castelo medieval oferece vistas deslumbrantes sobre o Oceano Atl\u00e2ntico. Visita as ru\u00ednas, descobre a sua hist\u00f3ria fascinante e desfruta da paisagem circundante. <\/p>\n\n<figure class=\"wp-block-image size-large\"><img loading=\"lazy\" decoding=\"async\" width=\"1024\" height=\"509\" src=\"https:\/\/uk-gb.net\/wp-content\/uploads\/2026\/03\/Dunluce-castle-1024x509.jpg\" alt=\"\" class=\"wp-image-9848\" srcset=\"https:\/\/uk-gb.net\/wp-content\/uploads\/2026\/03\/Dunluce-castle-1024x509.jpg 1024w, https:\/\/uk-gb.net\/wp-content\/uploads\/2026\/03\/Dunluce-castle-300x149.jpg 300w, https:\/\/uk-gb.net\/wp-content\/uploads\/2026\/03\/Dunluce-castle-768x382.jpg 768w, https:\/\/uk-gb.net\/wp-content\/uploads\/2026\/03\/Dunluce-castle.jpg 1142w\" sizes=\"(max-width: 1024px) 100vw, 1024px\" \/><figcaption class=\"wp-element-caption\"><strong>Castelo de Dunluce<\/strong><\/figcaption><\/figure>\n\n<p>Conselhos pr\u00e1ticos para a tua viagem de carro<\/p>\n\n<ul class=\"wp-block-list\">\n<li><strong>Melhor altura para visitar<\/strong>: De maio a setembro, o clima \u00e9 mais ameno e os dias mais longos.<\/li>\n\n\n\n<li><strong>Aluguer de autom\u00f3veis<\/strong>: Escolhe um carro confort\u00e1vel para tirar o m\u00e1ximo partido das paisagens. Lembra-te de reservar com anteced\u00eancia, especialmente na \u00e9poca alta. <\/li>\n\n\n\n<li><strong>Alojamento<\/strong>: Escolhe entre B&amp;Bs, hot\u00e9is ou parques de campismo ao longo do percurso para uma experi\u00eancia aut\u00eantica.<\/li>\n\n\n\n<li><strong>Respeita o ambiente<\/strong>: Cuida dos s\u00edtios que visitas, leva o teu lixo contigo e respeita a vida selvagem local.<\/li>\n\n\n\n<li><strong>Formalidades de viagem<\/strong>: N\u00e3o te esque\u00e7as de antecipar as <a href=\"https:\/\/uk-gb.net\/pt-pt\/visto-reino-unido\/\" type=\"page\" id=\"373\">formalidades para o Reino Unido<\/a>.<\/li>\n<\/ul>\n\n<div style=\"height:10px\" aria-hidden=\"true\" class=\"wp-block-spacer\"><\/div>\n\n<h2 class=\"wp-block-heading\">Porqu\u00ea fazer a Rota Costeira de Causeway?<\/h2>\n\n<p>Uma viagem de carro ao longo da Rota Costeira Causeway \u00e9 uma experi\u00eancia inesquec\u00edvel que combina beleza natural, hist\u00f3ria e aventura. Quer queiras explorar locais emblem\u00e1ticos ou simplesmente apreciar a paisagem, esta rota \u00e9 obrigat\u00f3ria quando visitares a Irlanda do Norte.   <\/p>\n\n<p>Planeia o teu itiner\u00e1rio, pega na tua m\u00e1quina fotogr\u00e1fica e parte \u00e0 descoberta deste tesouro escondido.<\/p>\n","protected":false},"excerpt":{"rendered":"<p>Descobre a Rota Costeira de Causeway na Irlanda do Norte A Causeway Coastal Route \u00e9 uma das mais belas viagens rodovi\u00e1rias da Europa. Entre fal\u00e9sias espectaculares, castelos em ru\u00ednas, praias selvagens e aldeias pitorescas, esta rota liga Belfast a Derry (Londonderry) ao longo de cerca de 200 km. \u00c9 um must para uma descoberta imersiva [&hellip;]<\/p>\n","protected":false},"author":1,"featured_media":0,"parent":0,"menu_order":0,"comment_status":"closed","ping_status":"closed","template":"","meta":{"footnotes":""},"class_list":["post-9929","page","type-page","status-publish","hentry"],"yoast_head":"<!-- This site is optimized with the Yoast SEO plugin v27.4 - https:\/\/yoast.com\/product\/yoast-seo-wordpress\/ -->\n<title>Causeway Coastal Route: itiner\u00e1rio completo na Irlanda do Norte, mapa e conselhos - UK GB<\/title>\n<meta name=\"description\" content=\"Causeway Coastal Route na Irlanda do Norte: itiner\u00e1rio detalhado, mapa, etapas essenciais e lugares a visitar entre Belfast e Derry.\" \/>\n<meta name=\"robots\" content=\"index, follow, max-snippet:-1, max-image-preview:large, max-video-preview:-1\" \/>\n<link rel=\"canonical\" href=\"https:\/\/uk-gb.net\/pt-pt\/causeway-coastal-route-pt\/\" \/>\n<meta property=\"og:locale\" content=\"pt_PT\" \/>\n<meta property=\"og:type\" content=\"article\" \/>\n<meta property=\"og:title\" content=\"Causeway Coastal Route: itiner\u00e1rio completo na Irlanda do Norte, mapa e conselhos - UK GB\" \/>\n<meta property=\"og:description\" content=\"Causeway Coastal Route na Irlanda do Norte: itiner\u00e1rio detalhado, mapa, etapas essenciais e lugares a visitar entre Belfast e Derry.\" \/>\n<meta property=\"og:url\" content=\"https:\/\/uk-gb.net\/pt-pt\/causeway-coastal-route-pt\/\" \/>\n<meta property=\"og:site_name\" content=\"UK GB\" \/>\n<meta property=\"article:modified_time\" content=\"2026-03-02T15:23:01+00:00\" \/>\n<meta property=\"og:image\" content=\"https:\/\/uk-gb.net\/wp-content\/uploads\/2026\/02\/causeway-carrick-a-rede-rope-bridge.jpg\" \/>\n\t<meta property=\"og:image:width\" content=\"1050\" \/>\n\t<meta property=\"og:image:height\" content=\"470\" \/>\n\t<meta property=\"og:image:type\" content=\"image\/jpeg\" \/>\n<meta name=\"twitter:card\" content=\"summary_large_image\" \/>\n<meta name=\"twitter:label1\" content=\"Tempo estimado de leitura\" \/>\n\t<meta name=\"twitter:data1\" content=\"2 minutos\" \/>\n<script type=\"application\/ld+json\" class=\"yoast-schema-graph\">{\"@context\":\"https:\\\/\\\/schema.org\",\"@graph\":[{\"@type\":\"WebPage\",\"@id\":\"https:\\\/\\\/uk-gb.net\\\/pt-pt\\\/causeway-coastal-route-pt\\\/\",\"url\":\"https:\\\/\\\/uk-gb.net\\\/pt-pt\\\/causeway-coastal-route-pt\\\/\",\"name\":\"Causeway Coastal Route: itiner\u00e1rio completo na Irlanda do Norte, mapa e conselhos - UK GB\",\"isPartOf\":{\"@id\":\"https:\\\/\\\/uk-gb.net\\\/pt-pt\\\/#website\"},\"primaryImageOfPage\":{\"@id\":\"https:\\\/\\\/uk-gb.net\\\/pt-pt\\\/causeway-coastal-route-pt\\\/#primaryimage\"},\"image\":{\"@id\":\"https:\\\/\\\/uk-gb.net\\\/pt-pt\\\/causeway-coastal-route-pt\\\/#primaryimage\"},\"thumbnailUrl\":\"https:\\\/\\\/uk-gb.net\\\/wp-content\\\/uploads\\\/2026\\\/02\\\/causeway-carrick-a-rede-rope-bridge-1024x458.jpg\",\"datePublished\":\"2026-02-25T16:17:50+00:00\",\"dateModified\":\"2026-03-02T15:23:01+00:00\",\"description\":\"Causeway Coastal Route na Irlanda do Norte: itiner\u00e1rio detalhado, mapa, etapas essenciais e lugares a visitar entre Belfast e Derry.\",\"inLanguage\":\"pt-PT\",\"potentialAction\":[{\"@type\":\"ReadAction\",\"target\":[\"https:\\\/\\\/uk-gb.net\\\/pt-pt\\\/causeway-coastal-route-pt\\\/\"]}]},{\"@type\":\"ImageObject\",\"inLanguage\":\"pt-PT\",\"@id\":\"https:\\\/\\\/uk-gb.net\\\/pt-pt\\\/causeway-coastal-route-pt\\\/#primaryimage\",\"url\":\"https:\\\/\\\/uk-gb.net\\\/wp-content\\\/uploads\\\/2026\\\/02\\\/causeway-carrick-a-rede-rope-bridge-1024x458.jpg\",\"contentUrl\":\"https:\\\/\\\/uk-gb.net\\\/wp-content\\\/uploads\\\/2026\\\/02\\\/causeway-carrick-a-rede-rope-bridge-1024x458.jpg\"},{\"@type\":\"WebSite\",\"@id\":\"https:\\\/\\\/uk-gb.net\\\/pt-pt\\\/#website\",\"url\":\"https:\\\/\\\/uk-gb.net\\\/pt-pt\\\/\",\"name\":\"UK GB\",\"description\":\"Travel to the UK\",\"potentialAction\":[{\"@type\":\"SearchAction\",\"target\":{\"@type\":\"EntryPoint\",\"urlTemplate\":\"https:\\\/\\\/uk-gb.net\\\/pt-pt\\\/?s={search_term_string}\"},\"query-input\":{\"@type\":\"PropertyValueSpecification\",\"valueRequired\":true,\"valueName\":\"search_term_string\"}}],\"inLanguage\":\"pt-PT\"}]}<\/script>\n<!-- \/ Yoast SEO plugin. -->","yoast_head_json":{"title":"Causeway Coastal Route: itiner\u00e1rio completo na Irlanda do Norte, mapa e conselhos - UK GB","description":"Causeway Coastal Route na Irlanda do Norte: itiner\u00e1rio detalhado, mapa, etapas essenciais e lugares a visitar entre Belfast e Derry.","robots":{"index":"index","follow":"follow","max-snippet":"max-snippet:-1","max-image-preview":"max-image-preview:large","max-video-preview":"max-video-preview:-1"},"canonical":"https:\/\/uk-gb.net\/pt-pt\/causeway-coastal-route-pt\/","og_locale":"pt_PT","og_type":"article","og_title":"Causeway Coastal Route: itiner\u00e1rio completo na Irlanda do Norte, mapa e conselhos - UK GB","og_description":"Causeway Coastal Route na Irlanda do Norte: itiner\u00e1rio detalhado, mapa, etapas essenciais e lugares a visitar entre Belfast e Derry.","og_url":"https:\/\/uk-gb.net\/pt-pt\/causeway-coastal-route-pt\/","og_site_name":"UK GB","article_modified_time":"2026-03-02T15:23:01+00:00","og_image":[{"width":1050,"height":470,"url":"https:\/\/uk-gb.net\/wp-content\/uploads\/2026\/02\/causeway-carrick-a-rede-rope-bridge.jpg","type":"image\/jpeg"}],"twitter_card":"summary_large_image","twitter_misc":{"Tempo estimado de leitura":"2 minutos"},"schema":{"@context":"https:\/\/schema.org","@graph":[{"@type":"WebPage","@id":"https:\/\/uk-gb.net\/pt-pt\/causeway-coastal-route-pt\/","url":"https:\/\/uk-gb.net\/pt-pt\/causeway-coastal-route-pt\/","name":"Causeway Coastal Route: itiner\u00e1rio completo na Irlanda do Norte, mapa e conselhos - UK GB","isPartOf":{"@id":"https:\/\/uk-gb.net\/pt-pt\/#website"},"primaryImageOfPage":{"@id":"https:\/\/uk-gb.net\/pt-pt\/causeway-coastal-route-pt\/#primaryimage"},"image":{"@id":"https:\/\/uk-gb.net\/pt-pt\/causeway-coastal-route-pt\/#primaryimage"},"thumbnailUrl":"https:\/\/uk-gb.net\/wp-content\/uploads\/2026\/02\/causeway-carrick-a-rede-rope-bridge-1024x458.jpg","datePublished":"2026-02-25T16:17:50+00:00","dateModified":"2026-03-02T15:23:01+00:00","description":"Causeway Coastal Route na Irlanda do Norte: itiner\u00e1rio detalhado, mapa, etapas essenciais e lugares a visitar entre Belfast e Derry.","inLanguage":"pt-PT","potentialAction":[{"@type":"ReadAction","target":["https:\/\/uk-gb.net\/pt-pt\/causeway-coastal-route-pt\/"]}]},{"@type":"ImageObject","inLanguage":"pt-PT","@id":"https:\/\/uk-gb.net\/pt-pt\/causeway-coastal-route-pt\/#primaryimage","url":"https:\/\/uk-gb.net\/wp-content\/uploads\/2026\/02\/causeway-carrick-a-rede-rope-bridge-1024x458.jpg","contentUrl":"https:\/\/uk-gb.net\/wp-content\/uploads\/2026\/02\/causeway-carrick-a-rede-rope-bridge-1024x458.jpg"},{"@type":"WebSite","@id":"https:\/\/uk-gb.net\/pt-pt\/#website","url":"https:\/\/uk-gb.net\/pt-pt\/","name":"UK GB","description":"Travel to the UK","potentialAction":[{"@type":"SearchAction","target":{"@type":"EntryPoint","urlTemplate":"https:\/\/uk-gb.net\/pt-pt\/?s={search_term_string}"},"query-input":{"@type":"PropertyValueSpecification","valueRequired":true,"valueName":"search_term_string"}}],"inLanguage":"pt-PT"}]}},"_links":{"self":[{"href":"https:\/\/uk-gb.net\/pt-pt\/wp-json\/wp\/v2\/pages\/9929","targetHints":{"allow":["GET"]}}],"collection":[{"href":"https:\/\/uk-gb.net\/pt-pt\/wp-json\/wp\/v2\/pages"}],"about":[{"href":"https:\/\/uk-gb.net\/pt-pt\/wp-json\/wp\/v2\/types\/page"}],"author":[{"embeddable":true,"href":"https:\/\/uk-gb.net\/pt-pt\/wp-json\/wp\/v2\/users\/1"}],"replies":[{"embeddable":true,"href":"https:\/\/uk-gb.net\/pt-pt\/wp-json\/wp\/v2\/comments?post=9929"}],"version-history":[{"count":0,"href":"https:\/\/uk-gb.net\/pt-pt\/wp-json\/wp\/v2\/pages\/9929\/revisions"}],"wp:attachment":[{"href":"https:\/\/uk-gb.net\/pt-pt\/wp-json\/wp\/v2\/media?parent=9929"}],"curies":[{"name":"wp","href":"https:\/\/api.w.org\/{rel}","templated":true}]}}