{"id":937,"date":"2023-12-19T15:51:50","date_gmt":"2023-12-19T15:51:50","guid":{"rendered":"https:\/\/uk-gb.net\/visto-para-oxford\/"},"modified":"2025-08-28T13:19:58","modified_gmt":"2025-08-28T12:19:58","slug":"visto-para-oxford","status":"publish","type":"page","link":"https:\/\/uk-gb.net\/pt-pt\/visto-para-oxford\/","title":{"rendered":"Visto para viajar para Oxford no Reino Unido"},"content":{"rendered":"\n<h1 class=\"wp-block-heading\">Preciso de um visto para viajar ou fazer uma escala em Oxford?<\/h1>\n\n<p>Oxford \u00e9 uma cidade do sudeste de Inglaterra, situada nas margens do rio Cherwell e do rio Tamisa. Os cidad\u00e3os estrangeiros que pretendam deslocar-se a Oxford devem possuir uma autoriza\u00e7\u00e3o de viagem v\u00e1lida emitida pelo Reino Unido.  Existem v\u00e1rios tipos de autoriza\u00e7\u00e3o de viagem dispon\u00edveis para viajar para Oxford.<\/p>\n\n<h2 class=\"wp-block-heading\">Preciso de um visto para ir para Oxford?<\/h2>\n\n<p><a href=\"https:\/\/www.visitbritain.com\/en\/destinations\/england\/oxford\">Oxford<\/a> \u00e9 uma cidade importante em Inglaterra, pelo que todos os cidad\u00e3os estrangeiros que pretendam entrar no Reino Unido atrav\u00e9s de Oxford devem possuir uma autoriza\u00e7\u00e3o de resid\u00eancia. Dependendo do objetivo da sua estadia em Oxford, os visitantes podem solicitar um <a href=\"https:\/\/uk-gb.net\/pt-pt\/visto-turista-inglaterra-reino-unido\/\">visto de turista ingl\u00eas<\/a>.<\/p>\n\n<p><strong>Para estadias inferiores a 6 meses<\/strong>: N\u00e3o \u00e9 necess\u00e1rio obter um visto para Oxford, uma vez que a maioria dos pa\u00edses europeus isenta os seus nacionais da obriga\u00e7\u00e3o de visto. No entanto, desde abril de 2025, \u00e9 necess\u00e1rio obter uma autoriza\u00e7\u00e3o eletr\u00f3nica de viagem atrav\u00e9s do preenchimento do <a href=\"https:\/\/uk-gb.net\/pt-pt\/formulario-visto-eta-online-inglaterra\/\">formul\u00e1rio ETA em linha<\/a>.<\/p>\n\n<div style=\"height:10px\" aria-hidden=\"true\" class=\"wp-block-spacer\"><\/div>\n\n<h2 class=\"wp-block-heading\">Preciso de um visto para visitar Oxford?<\/h2>\n\n<p>H\u00e1 duas maneiras de chegar a Oxford:<\/p>\n\n<ul class=\"wp-block-list\">\n<li>Os viajantes podem solicitar um <a href=\"https:\/\/uk-gb.net\/pt-pt\/visto-de-transito-na-inglaterra-reino-unido\/\">visto de tr\u00e2nsito para o Reino Unido<\/a> para uma escala em Oxford;<\/li>\n\n\n\n<li>Se o viajante for nacional de um <a href=\"https:\/\/uk-gb.net\/pt-pt\/paises-que-podem-solicitar-eta-reino-unido\/\">pa\u00eds eleg\u00edvel para a ETA do Reino Unido<\/a>, pode <a href=\"https:\/\/uk-gb.net\/pt-pt\/formulario-visto-eta-online-inglaterra\/\">solicitar uma ETA<\/a> para visitar Oxford sem visto.<\/li>\n<\/ul>\n\n<div style=\"height:10px\" aria-hidden=\"true\" class=\"wp-block-spacer\"><\/div>\n\n<h2 class=\"wp-block-heading\">Quanto custa um visto para Oxford?<\/h2>\n\n<p>O pre\u00e7o de um visto para Oxford depende do tipo de visto de que necessita para viajar para o Reino Unido. A taxa administrativa para um visto de turista visitante com uma dura\u00e7\u00e3o m\u00e1xima de 6 meses \u00e9 de 115 libras esterlinas. Para estadias mais longas, os <a href=\"https:\/\/uk-gb.net\/pt-pt\/preco-do-visto-para-inglaterra\/\">custos administrativos do visto<\/a> s\u00e3o mais elevados. Se o viajante for eleg\u00edvel para obter uma <a href=\"https:\/\/uk-gb.net\/pt-pt\/eta-inglaterra-reino-unido\/\">ETA para o Reino Unido<\/a>, pagar\u00e1 menos, uma vez que o <a href=\"https:\/\/uk-gb.net\/pt-pt\/preco-eta-reino-unido\/\">pre\u00e7o de uma ETA<\/a> \u00e9 de apenas 16 libras.<\/p>\n\n<h2 class=\"wp-block-heading\">Como posso obter um visto para Oxford?<\/h2>\n\n<p>Para obter um visto para Oxford, os cidad\u00e3os estrangeiros devem seguir um <a href=\"https:\/\/uk-gb.net\/pt-pt\/procedimento-visto-reino-unido\/\">procedimento de pedido de visto em linha<\/a>. Este processo compreende v\u00e1rias fases:<\/p>\n\n<ul class=\"wp-block-list\">\n<li>Escolha o tipo de visto em fun\u00e7\u00e3o do motivo da viagem ;<\/li>\n\n\n\n<li>Reunir os documentos comprovativos necess\u00e1rios;<\/li>\n\n\n\n<li>Preencher o formul\u00e1rio de pedido de visto em linha ;<\/li>\n\n\n\n<li>Pagar a <a href=\"https:\/\/uk-gb.net\/pt-pt\/preco-do-visto-para-inglaterra\/\">taxa de visto<\/a>;<\/li>\n\n\n\n<li>Marcar uma reuni\u00e3o com uma <a href=\"https:\/\/uk-gb.net\/pt-pt\/embaixada-britanica-em-portugal\/\">embaixada brit\u00e2nica<\/a>;<\/li>\n\n\n\n<li>Apresenta\u00e7\u00e3o de documentos para finalizar o pedido de visto;<\/li>\n\n\n\n<li>Comparecer a uma <a href=\"https:\/\/uk-gb.net\/pt-pt\/nomeacao-de-visto-embaixada-inglaterra\/\">entrevista para obten\u00e7\u00e3o de visto<\/a>, se o seu pedido o exigir.<\/li>\n<\/ul>\n\n<div style=\"height:10px\" aria-hidden=\"true\" class=\"wp-block-spacer\"><\/div>\n\n<h2 class=\"wp-block-heading\">Preciso de uma autoriza\u00e7\u00e3o ETA para Oxford?<\/h2>\n\n<p>Um cidad\u00e3o estrangeiro eleg\u00edvel pode candidatar-se a um ETA para Oxford. A sua obten\u00e7\u00e3o demora muito pouco tempo. A ETA para Oxford \u00e9 v\u00e1lida por 2 anos para estadias de at\u00e9 6 meses consecutivos no Reino Unido.  <\/p>\n\n<h2 class=\"wp-block-heading\">Imagem de um visto para Oxford no Reino Unido<\/h2>\n\n<p>Esta \u00e9 uma fotografia de um visto para Inglaterra. Este visto permite-lhe entrar no Reino Unido atrav\u00e9s de Oxford. <\/p>\n\n<figure class=\"wp-block-image size-full\"><img fetchpriority=\"high\" decoding=\"async\" width=\"564\" height=\"338\" src=\"https:\/\/uk-gb.net\/wp-content\/uploads\/2024\/03\/UK-visa-C.jpg\" alt=\"visto tur&#xED;stico Reino Unido\" class=\"wp-image-1890\" srcset=\"https:\/\/uk-gb.net\/wp-content\/uploads\/2024\/03\/UK-visa-C.jpg 564w, https:\/\/uk-gb.net\/wp-content\/uploads\/2024\/03\/UK-visa-C-300x180.jpg 300w\" sizes=\"(max-width: 564px) 100vw, 564px\" \/><figcaption class=\"wp-element-caption\"><a href=\"https:\/\/uk-gb.net\/pt-pt\/visto-turista-inglaterra-reino-unido\/\">Visto de turista com fotografia Inglaterra<\/a><\/figcaption><\/figure>\n\n<p><\/p>\n","protected":false},"excerpt":{"rendered":"<p>Preciso de um visto para viajar ou fazer uma escala em Oxford? Oxford \u00e9 uma cidade do sudeste de Inglaterra, situada nas margens do rio Cherwell e do rio Tamisa. Os cidad\u00e3os estrangeiros que pretendam deslocar-se a Oxford devem possuir uma autoriza\u00e7\u00e3o de viagem v\u00e1lida emitida pelo Reino Unido. Existem v\u00e1rios tipos de autoriza\u00e7\u00e3o de [&hellip;]<\/p>\n","protected":false},"author":1,"featured_media":0,"parent":0,"menu_order":0,"comment_status":"closed","ping_status":"closed","template":"","meta":{"footnotes":""},"class_list":["post-937","page","type-page","status-publish","hentry"],"yoast_head":"<!-- This site is optimized with the Yoast SEO plugin v27.4 - https:\/\/yoast.com\/product\/yoast-seo-wordpress\/ -->\n<title>Visto para viajar para Oxford no Reino Unido - UK GB<\/title>\n<meta name=\"description\" content=\"Obter um visto de viagem para Oxford. \u00c9 necess\u00e1ria autoriza\u00e7\u00e3o para viajar ou fazer escala em Oxford, no Reino Unido.\" \/>\n<meta name=\"robots\" content=\"index, follow, max-snippet:-1, max-image-preview:large, max-video-preview:-1\" \/>\n<link rel=\"canonical\" href=\"https:\/\/uk-gb.net\/pt-pt\/visto-para-oxford\/\" \/>\n<meta property=\"og:locale\" content=\"pt_PT\" \/>\n<meta property=\"og:type\" content=\"article\" \/>\n<meta property=\"og:title\" content=\"Visto para viajar para Oxford no Reino Unido - UK GB\" \/>\n<meta property=\"og:description\" content=\"Obter um visto de viagem para Oxford. \u00c9 necess\u00e1ria autoriza\u00e7\u00e3o para viajar ou fazer escala em Oxford, no Reino Unido.\" \/>\n<meta property=\"og:url\" content=\"https:\/\/uk-gb.net\/pt-pt\/visto-para-oxford\/\" \/>\n<meta property=\"og:site_name\" content=\"UK GB\" \/>\n<meta property=\"article:modified_time\" content=\"2025-08-28T12:19:58+00:00\" \/>\n<meta property=\"og:image\" content=\"https:\/\/uk-gb.net\/wp-content\/uploads\/2024\/03\/UK-visa-C.jpg\" \/>\n<meta name=\"twitter:card\" content=\"summary_large_image\" \/>\n<meta name=\"twitter:label1\" content=\"Tempo estimado de leitura\" \/>\n\t<meta name=\"twitter:data1\" content=\"3 minutos\" \/>\n<script type=\"application\/ld+json\" class=\"yoast-schema-graph\">{\"@context\":\"https:\\\/\\\/schema.org\",\"@graph\":[{\"@type\":\"WebPage\",\"@id\":\"https:\\\/\\\/uk-gb.net\\\/pt-pt\\\/visto-para-oxford\\\/\",\"url\":\"https:\\\/\\\/uk-gb.net\\\/pt-pt\\\/visto-para-oxford\\\/\",\"name\":\"Visto para viajar para Oxford no Reino Unido - UK GB\",\"isPartOf\":{\"@id\":\"https:\\\/\\\/uk-gb.net\\\/pt-pt\\\/#website\"},\"primaryImageOfPage\":{\"@id\":\"https:\\\/\\\/uk-gb.net\\\/pt-pt\\\/visto-para-oxford\\\/#primaryimage\"},\"image\":{\"@id\":\"https:\\\/\\\/uk-gb.net\\\/pt-pt\\\/visto-para-oxford\\\/#primaryimage\"},\"thumbnailUrl\":\"https:\\\/\\\/uk-gb.net\\\/wp-content\\\/uploads\\\/2024\\\/03\\\/UK-visa-C.jpg\",\"datePublished\":\"2023-12-19T15:51:50+00:00\",\"dateModified\":\"2025-08-28T12:19:58+00:00\",\"description\":\"Obter um visto de viagem para Oxford. \u00c9 necess\u00e1ria autoriza\u00e7\u00e3o para viajar ou fazer escala em Oxford, no Reino Unido.\",\"inLanguage\":\"pt-PT\",\"potentialAction\":[{\"@type\":\"ReadAction\",\"target\":[\"https:\\\/\\\/uk-gb.net\\\/pt-pt\\\/visto-para-oxford\\\/\"]}]},{\"@type\":\"ImageObject\",\"inLanguage\":\"pt-PT\",\"@id\":\"https:\\\/\\\/uk-gb.net\\\/pt-pt\\\/visto-para-oxford\\\/#primaryimage\",\"url\":\"https:\\\/\\\/uk-gb.net\\\/wp-content\\\/uploads\\\/2024\\\/03\\\/UK-visa-C.jpg\",\"contentUrl\":\"https:\\\/\\\/uk-gb.net\\\/wp-content\\\/uploads\\\/2024\\\/03\\\/UK-visa-C.jpg\"},{\"@type\":\"WebSite\",\"@id\":\"https:\\\/\\\/uk-gb.net\\\/pt-pt\\\/#website\",\"url\":\"https:\\\/\\\/uk-gb.net\\\/pt-pt\\\/\",\"name\":\"UK GB\",\"description\":\"Travel to the UK\",\"potentialAction\":[{\"@type\":\"SearchAction\",\"target\":{\"@type\":\"EntryPoint\",\"urlTemplate\":\"https:\\\/\\\/uk-gb.net\\\/pt-pt\\\/?s={search_term_string}\"},\"query-input\":{\"@type\":\"PropertyValueSpecification\",\"valueRequired\":true,\"valueName\":\"search_term_string\"}}],\"inLanguage\":\"pt-PT\"}]}<\/script>\n<!-- \/ Yoast SEO plugin. -->","yoast_head_json":{"title":"Visto para viajar para Oxford no Reino Unido - UK GB","description":"Obter um visto de viagem para Oxford. \u00c9 necess\u00e1ria autoriza\u00e7\u00e3o para viajar ou fazer escala em Oxford, no Reino Unido.","robots":{"index":"index","follow":"follow","max-snippet":"max-snippet:-1","max-image-preview":"max-image-preview:large","max-video-preview":"max-video-preview:-1"},"canonical":"https:\/\/uk-gb.net\/pt-pt\/visto-para-oxford\/","og_locale":"pt_PT","og_type":"article","og_title":"Visto para viajar para Oxford no Reino Unido - UK GB","og_description":"Obter um visto de viagem para Oxford. \u00c9 necess\u00e1ria autoriza\u00e7\u00e3o para viajar ou fazer escala em Oxford, no Reino Unido.","og_url":"https:\/\/uk-gb.net\/pt-pt\/visto-para-oxford\/","og_site_name":"UK GB","article_modified_time":"2025-08-28T12:19:58+00:00","og_image":[{"url":"https:\/\/uk-gb.net\/wp-content\/uploads\/2024\/03\/UK-visa-C.jpg","type":"","width":"","height":""}],"twitter_card":"summary_large_image","twitter_misc":{"Tempo estimado de leitura":"3 minutos"},"schema":{"@context":"https:\/\/schema.org","@graph":[{"@type":"WebPage","@id":"https:\/\/uk-gb.net\/pt-pt\/visto-para-oxford\/","url":"https:\/\/uk-gb.net\/pt-pt\/visto-para-oxford\/","name":"Visto para viajar para Oxford no Reino Unido - UK GB","isPartOf":{"@id":"https:\/\/uk-gb.net\/pt-pt\/#website"},"primaryImageOfPage":{"@id":"https:\/\/uk-gb.net\/pt-pt\/visto-para-oxford\/#primaryimage"},"image":{"@id":"https:\/\/uk-gb.net\/pt-pt\/visto-para-oxford\/#primaryimage"},"thumbnailUrl":"https:\/\/uk-gb.net\/wp-content\/uploads\/2024\/03\/UK-visa-C.jpg","datePublished":"2023-12-19T15:51:50+00:00","dateModified":"2025-08-28T12:19:58+00:00","description":"Obter um visto de viagem para Oxford. \u00c9 necess\u00e1ria autoriza\u00e7\u00e3o para viajar ou fazer escala em Oxford, no Reino Unido.","inLanguage":"pt-PT","potentialAction":[{"@type":"ReadAction","target":["https:\/\/uk-gb.net\/pt-pt\/visto-para-oxford\/"]}]},{"@type":"ImageObject","inLanguage":"pt-PT","@id":"https:\/\/uk-gb.net\/pt-pt\/visto-para-oxford\/#primaryimage","url":"https:\/\/uk-gb.net\/wp-content\/uploads\/2024\/03\/UK-visa-C.jpg","contentUrl":"https:\/\/uk-gb.net\/wp-content\/uploads\/2024\/03\/UK-visa-C.jpg"},{"@type":"WebSite","@id":"https:\/\/uk-gb.net\/pt-pt\/#website","url":"https:\/\/uk-gb.net\/pt-pt\/","name":"UK GB","description":"Travel to the UK","potentialAction":[{"@type":"SearchAction","target":{"@type":"EntryPoint","urlTemplate":"https:\/\/uk-gb.net\/pt-pt\/?s={search_term_string}"},"query-input":{"@type":"PropertyValueSpecification","valueRequired":true,"valueName":"search_term_string"}}],"inLanguage":"pt-PT"}]}},"_links":{"self":[{"href":"https:\/\/uk-gb.net\/pt-pt\/wp-json\/wp\/v2\/pages\/937","targetHints":{"allow":["GET"]}}],"collection":[{"href":"https:\/\/uk-gb.net\/pt-pt\/wp-json\/wp\/v2\/pages"}],"about":[{"href":"https:\/\/uk-gb.net\/pt-pt\/wp-json\/wp\/v2\/types\/page"}],"author":[{"embeddable":true,"href":"https:\/\/uk-gb.net\/pt-pt\/wp-json\/wp\/v2\/users\/1"}],"replies":[{"embeddable":true,"href":"https:\/\/uk-gb.net\/pt-pt\/wp-json\/wp\/v2\/comments?post=937"}],"version-history":[{"count":0,"href":"https:\/\/uk-gb.net\/pt-pt\/wp-json\/wp\/v2\/pages\/937\/revisions"}],"wp:attachment":[{"href":"https:\/\/uk-gb.net\/pt-pt\/wp-json\/wp\/v2\/media?parent=937"}],"curies":[{"name":"wp","href":"https:\/\/api.w.org\/{rel}","templated":true}]}}