{"id":929,"date":"2023-12-07T16:57:58","date_gmt":"2023-12-07T16:57:58","guid":{"rendered":"https:\/\/uk-gb.net\/visto-para-manchester\/"},"modified":"2025-11-04T09:24:53","modified_gmt":"2025-11-04T09:24:53","slug":"visto-para-manchester","status":"publish","type":"page","link":"https:\/\/uk-gb.net\/pt-pt\/visto-para-manchester\/","title":{"rendered":"Vistos para viagens a Manchester ou escalas"},"content":{"rendered":"\n<p><a href=\"https:\/\/uk-gb.net\/pt-pt\/manchester\/\">Manchester<\/a> \u00e9 uma cidade no noroeste de Inglaterra, nas margens do rio Irwell. Conhecida pelo seu importante papel durante a Revolu\u00e7\u00e3o Industrial, \u00e9 agora conhecida pelo seu patrim\u00f3nio industrial, pela sua influente cena musical e pela sua import\u00e2ncia no desporto, especialmente atrav\u00e9s dos seus famosos clubes de futebol. <\/p>\n\n<h1 class=\"wp-block-heading\">Vistos para viagens ou escalas em Manchester<\/h1>\n\n<p><br\/>Os cidad\u00e3os estrangeiros que pretendam viajar para <a href=\"https:\/\/uk-gb.net\/pt-pt\/manchester\/\">Manchester<\/a> devem possuir uma autoriza\u00e7\u00e3o de viagem do Reino Unido. Existem v\u00e1rios tipos de autoriza\u00e7\u00e3o de viagem dispon\u00edveis para viajar para Manchester.<\/p>\n\n<h2 class=\"wp-block-heading\">Preciso de um visto para Manchester?<\/h2>\n\n<p>Manchester \u00e9 uma das principais cidades de Inglaterra, pelo que todos os cidad\u00e3os estrangeiros que pretendam entrar no Reino Unido atrav\u00e9s de Manchester devem possuir uma autoriza\u00e7\u00e3o de resid\u00eancia. Dependendo do objetivo da sua estadia em Manchester, os visitantes podem solicitar um <a href=\"https:\/\/uk-gb.net\/pt-pt\/visto-turista-inglaterra-reino-unido\/\">visto de turista ingl\u00eas<\/a>. <\/p>\n\n<p><strong>Para estadias de menos de 6 meses<\/strong>: N\u00e3o \u00e9 necess\u00e1rio obter um visto para Manchester. Os nacionais eleg\u00edveis podem simplesmente obter uma <a href=\"https:\/\/uk-gb.net\/pt-pt\/formulario-visto-eta-online-inglaterra\/\">autoriza\u00e7\u00e3o de viagem ETA em linha<\/a>.<\/p>\n\n<div style=\"height:10px\" aria-hidden=\"true\" class=\"wp-block-spacer\"><\/div>\n\n<h2 class=\"wp-block-heading\">Preciso de um visto para fazer uma escala em Manchester?<\/h2>\n\n<p>Existem duas formas de fazer uma paragem em Manchester:<\/p>\n\n<ul class=\"wp-block-list\">\n<li>Os viajantes podem solicitar um <a href=\"https:\/\/uk-gb.net\/pt-pt\/visto-de-transito-na-inglaterra-reino-unido\/\">visto de tr\u00e2nsito<\/a> para uma escala em Manchester;<\/li>\n\n\n\n<li>Se o viajante for nacional de um <a href=\"https:\/\/uk-gb.net\/pt-pt\/paises-que-podem-solicitar-eta-reino-unido\/\">pa\u00eds abrangido pelo Programa de Isen\u00e7\u00e3o de Vistos do Reino Unido<\/a>, pode <a href=\"https:\/\/uk-gb.net\/pt-pt\/formulario-visto-eta-online-inglaterra\/\">solicitar uma ETA do Reino Unido<\/a> para fazer escala em Manchester sem necessidade de visto.<\/li>\n<\/ul>\n\n<div style=\"height:10px\" aria-hidden=\"true\" class=\"wp-block-spacer\"><\/div>\n\n<h2 class=\"wp-block-heading\">Quanto custa um visto para Manchester?<\/h2>\n\n<p>O pre\u00e7o de um visto para Manchester depende do tipo de visto de que necessita para viajar para o Reino Unido. A taxa administrativa para um visto de turista visitante com uma dura\u00e7\u00e3o m\u00e1xima de 6 meses \u00e9 de 115 libras esterlinas. Para estadias mais longas, os <a href=\"https:\/\/uk-gb.net\/pt-pt\/preco-do-visto-para-inglaterra\/\">custos administrativos do visto<\/a> s\u00e3o mais elevados. Se o viajante for eleg\u00edvel para obter uma <a href=\"https:\/\/uk-gb.net\/pt-pt\/eta-inglaterra-reino-unido\/\">ETA para o Reino Unido<\/a>, o <a href=\"https:\/\/uk-gb.net\/pt-pt\/preco-eta-reino-unido\/\">pre\u00e7o de uma ETA<\/a> \u00e9 de 16 libras.<\/p>\n\n<h2 class=\"wp-block-heading\">Como posso obter um visto para Manchester?<\/h2>\n\n<p>Para obter um visto para Manchester, os cidad\u00e3os estrangeiros devem seguir um <a href=\"https:\/\/uk-gb.net\/pt-pt\/procedimento-visto-reino-unido\/\">procedimento de pedido de visto em linha<\/a>. Este processo compreende v\u00e1rias fases:<\/p>\n\n<ul class=\"wp-block-list\">\n<li>Escolha o tipo de visto em fun\u00e7\u00e3o do motivo da viagem ;<\/li>\n\n\n\n<li>Reunir os documentos comprovativos necess\u00e1rios;<\/li>\n\n\n\n<li>Preencher o formul\u00e1rio de pedido de visto em linha ;<\/li>\n\n\n\n<li>Pagar a <a href=\"https:\/\/uk-gb.net\/pt-pt\/preco-do-visto-para-inglaterra\/\">taxa de visto<\/a>;<\/li>\n\n\n\n<li>Marcar uma reuni\u00e3o com uma <a href=\"https:\/\/uk-gb.net\/pt-pt\/embaixada-britanica-em-portugal\/\">embaixada brit\u00e2nica<\/a>;<\/li>\n\n\n\n<li>Apresenta\u00e7\u00e3o de documentos para finalizar o pedido de visto;<\/li>\n\n\n\n<li>Comparecer a uma <a href=\"https:\/\/uk-gb.net\/pt-pt\/nomeacao-de-visto-embaixada-inglaterra\/\">entrevista para obten\u00e7\u00e3o de visto<\/a>, se o seu pedido o exigir.<\/li>\n<\/ul>\n\n<div style=\"height:10px\" aria-hidden=\"true\" class=\"wp-block-spacer\"><\/div>\n\n<h2 class=\"wp-block-heading\">\u00c9 necess\u00e1ria uma autoriza\u00e7\u00e3o ETA para Manchester?<\/h2>\n\n<p>Um cidad\u00e3o estrangeiro eleg\u00edvel pode candidatar-se a uma ETA para Manchester. A sua obten\u00e7\u00e3o demora muito pouco tempo. A ETA para Manchester \u00e9 v\u00e1lida por 2 anos para estadias de at\u00e9 6 meses consecutivos no Reino Unido.<\/p>\n\n<h2 class=\"wp-block-heading\">Imagem de um visto para Manchester, no Reino Unido<\/h2>\n\n<p>Esta \u00e9 uma fotografia de um visto para Inglaterra. Este visto permite-lhe entrar no Reino Unido atrav\u00e9s da cidade de Manchester.<\/p>\n\n<figure class=\"wp-block-image size-full\"><img fetchpriority=\"high\" decoding=\"async\" width=\"564\" height=\"338\" src=\"https:\/\/uk-gb.net\/wp-content\/uploads\/2024\/03\/UK-visa-C.jpg\" alt=\"visto tur&#xED;stico Reino Unido\" class=\"wp-image-1890\" srcset=\"https:\/\/uk-gb.net\/wp-content\/uploads\/2024\/03\/UK-visa-C.jpg 564w, https:\/\/uk-gb.net\/wp-content\/uploads\/2024\/03\/UK-visa-C-300x180.jpg 300w\" sizes=\"(max-width: 564px) 100vw, 564px\" \/><figcaption class=\"wp-element-caption\">Visto de turista com fotografia Inglaterra<\/figcaption><\/figure>\n\n<p><\/p>\n","protected":false},"excerpt":{"rendered":"<p>Manchester \u00e9 uma cidade no noroeste de Inglaterra, nas margens do rio Irwell. Conhecida pelo seu importante papel durante a Revolu\u00e7\u00e3o Industrial, \u00e9 agora conhecida pelo seu patrim\u00f3nio industrial, pela sua influente cena musical e pela sua import\u00e2ncia no desporto, especialmente atrav\u00e9s dos seus famosos clubes de futebol. Vistos para viagens ou escalas em Manchester [&hellip;]<\/p>\n","protected":false},"author":1,"featured_media":0,"parent":0,"menu_order":0,"comment_status":"closed","ping_status":"closed","template":"","meta":{"footnotes":""},"class_list":["post-929","page","type-page","status-publish","hentry"],"yoast_head":"<!-- This site is optimized with the Yoast SEO plugin v27.3 - https:\/\/yoast.com\/product\/yoast-seo-wordpress\/ -->\n<title>Vistos para viagens a Manchester ou escalas - UK GB<\/title>\n<meta name=\"description\" content=\"Preciso de um visto ou documento de viagem para Manchester ou para uma escala em Manchester no Reino Unido?\" \/>\n<meta name=\"robots\" content=\"index, follow, max-snippet:-1, max-image-preview:large, max-video-preview:-1\" \/>\n<link rel=\"canonical\" href=\"https:\/\/uk-gb.net\/pt-pt\/visto-para-manchester\/\" \/>\n<meta property=\"og:locale\" content=\"pt_PT\" \/>\n<meta property=\"og:type\" content=\"article\" \/>\n<meta property=\"og:title\" content=\"Vistos para viagens a Manchester ou escalas - UK GB\" \/>\n<meta property=\"og:description\" content=\"Preciso de um visto ou documento de viagem para Manchester ou para uma escala em Manchester no Reino Unido?\" \/>\n<meta property=\"og:url\" content=\"https:\/\/uk-gb.net\/pt-pt\/visto-para-manchester\/\" \/>\n<meta property=\"og:site_name\" content=\"UK GB\" \/>\n<meta property=\"article:modified_time\" content=\"2025-11-04T09:24:53+00:00\" \/>\n<meta property=\"og:image\" content=\"https:\/\/uk-gb.net\/wp-content\/uploads\/2024\/03\/UK-visa-C.jpg\" \/>\n\t<meta property=\"og:image:width\" content=\"564\" \/>\n\t<meta property=\"og:image:height\" content=\"338\" \/>\n\t<meta property=\"og:image:type\" content=\"image\/jpeg\" \/>\n<meta name=\"twitter:card\" content=\"summary_large_image\" \/>\n<meta name=\"twitter:label1\" content=\"Tempo estimado de leitura\" \/>\n\t<meta name=\"twitter:data1\" content=\"3 minutos\" \/>\n<script type=\"application\/ld+json\" class=\"yoast-schema-graph\">{\"@context\":\"https:\\\/\\\/schema.org\",\"@graph\":[{\"@type\":\"WebPage\",\"@id\":\"https:\\\/\\\/uk-gb.net\\\/pt-pt\\\/visto-para-manchester\\\/\",\"url\":\"https:\\\/\\\/uk-gb.net\\\/pt-pt\\\/visto-para-manchester\\\/\",\"name\":\"Vistos para viagens a Manchester ou escalas - UK GB\",\"isPartOf\":{\"@id\":\"https:\\\/\\\/uk-gb.net\\\/pt-pt\\\/#website\"},\"primaryImageOfPage\":{\"@id\":\"https:\\\/\\\/uk-gb.net\\\/pt-pt\\\/visto-para-manchester\\\/#primaryimage\"},\"image\":{\"@id\":\"https:\\\/\\\/uk-gb.net\\\/pt-pt\\\/visto-para-manchester\\\/#primaryimage\"},\"thumbnailUrl\":\"https:\\\/\\\/uk-gb.net\\\/wp-content\\\/uploads\\\/2024\\\/03\\\/UK-visa-C.jpg\",\"datePublished\":\"2023-12-07T16:57:58+00:00\",\"dateModified\":\"2025-11-04T09:24:53+00:00\",\"description\":\"Preciso de um visto ou documento de viagem para Manchester ou para uma escala em Manchester no Reino Unido?\",\"inLanguage\":\"pt-PT\",\"potentialAction\":[{\"@type\":\"ReadAction\",\"target\":[\"https:\\\/\\\/uk-gb.net\\\/pt-pt\\\/visto-para-manchester\\\/\"]}]},{\"@type\":\"ImageObject\",\"inLanguage\":\"pt-PT\",\"@id\":\"https:\\\/\\\/uk-gb.net\\\/pt-pt\\\/visto-para-manchester\\\/#primaryimage\",\"url\":\"https:\\\/\\\/uk-gb.net\\\/wp-content\\\/uploads\\\/2024\\\/03\\\/UK-visa-C.jpg\",\"contentUrl\":\"https:\\\/\\\/uk-gb.net\\\/wp-content\\\/uploads\\\/2024\\\/03\\\/UK-visa-C.jpg\"},{\"@type\":\"WebSite\",\"@id\":\"https:\\\/\\\/uk-gb.net\\\/pt-pt\\\/#website\",\"url\":\"https:\\\/\\\/uk-gb.net\\\/pt-pt\\\/\",\"name\":\"UK GB\",\"description\":\"Travel to the UK\",\"potentialAction\":[{\"@type\":\"SearchAction\",\"target\":{\"@type\":\"EntryPoint\",\"urlTemplate\":\"https:\\\/\\\/uk-gb.net\\\/pt-pt\\\/?s={search_term_string}\"},\"query-input\":{\"@type\":\"PropertyValueSpecification\",\"valueRequired\":true,\"valueName\":\"search_term_string\"}}],\"inLanguage\":\"pt-PT\"}]}<\/script>\n<!-- \/ Yoast SEO plugin. -->","yoast_head_json":{"title":"Vistos para viagens a Manchester ou escalas - UK GB","description":"Preciso de um visto ou documento de viagem para Manchester ou para uma escala em Manchester no Reino Unido?","robots":{"index":"index","follow":"follow","max-snippet":"max-snippet:-1","max-image-preview":"max-image-preview:large","max-video-preview":"max-video-preview:-1"},"canonical":"https:\/\/uk-gb.net\/pt-pt\/visto-para-manchester\/","og_locale":"pt_PT","og_type":"article","og_title":"Vistos para viagens a Manchester ou escalas - UK GB","og_description":"Preciso de um visto ou documento de viagem para Manchester ou para uma escala em Manchester no Reino Unido?","og_url":"https:\/\/uk-gb.net\/pt-pt\/visto-para-manchester\/","og_site_name":"UK GB","article_modified_time":"2025-11-04T09:24:53+00:00","og_image":[{"width":564,"height":338,"url":"https:\/\/uk-gb.net\/wp-content\/uploads\/2024\/03\/UK-visa-C.jpg","type":"image\/jpeg"}],"twitter_card":"summary_large_image","twitter_misc":{"Tempo estimado de leitura":"3 minutos"},"schema":{"@context":"https:\/\/schema.org","@graph":[{"@type":"WebPage","@id":"https:\/\/uk-gb.net\/pt-pt\/visto-para-manchester\/","url":"https:\/\/uk-gb.net\/pt-pt\/visto-para-manchester\/","name":"Vistos para viagens a Manchester ou escalas - UK GB","isPartOf":{"@id":"https:\/\/uk-gb.net\/pt-pt\/#website"},"primaryImageOfPage":{"@id":"https:\/\/uk-gb.net\/pt-pt\/visto-para-manchester\/#primaryimage"},"image":{"@id":"https:\/\/uk-gb.net\/pt-pt\/visto-para-manchester\/#primaryimage"},"thumbnailUrl":"https:\/\/uk-gb.net\/wp-content\/uploads\/2024\/03\/UK-visa-C.jpg","datePublished":"2023-12-07T16:57:58+00:00","dateModified":"2025-11-04T09:24:53+00:00","description":"Preciso de um visto ou documento de viagem para Manchester ou para uma escala em Manchester no Reino Unido?","inLanguage":"pt-PT","potentialAction":[{"@type":"ReadAction","target":["https:\/\/uk-gb.net\/pt-pt\/visto-para-manchester\/"]}]},{"@type":"ImageObject","inLanguage":"pt-PT","@id":"https:\/\/uk-gb.net\/pt-pt\/visto-para-manchester\/#primaryimage","url":"https:\/\/uk-gb.net\/wp-content\/uploads\/2024\/03\/UK-visa-C.jpg","contentUrl":"https:\/\/uk-gb.net\/wp-content\/uploads\/2024\/03\/UK-visa-C.jpg"},{"@type":"WebSite","@id":"https:\/\/uk-gb.net\/pt-pt\/#website","url":"https:\/\/uk-gb.net\/pt-pt\/","name":"UK GB","description":"Travel to the UK","potentialAction":[{"@type":"SearchAction","target":{"@type":"EntryPoint","urlTemplate":"https:\/\/uk-gb.net\/pt-pt\/?s={search_term_string}"},"query-input":{"@type":"PropertyValueSpecification","valueRequired":true,"valueName":"search_term_string"}}],"inLanguage":"pt-PT"}]}},"_links":{"self":[{"href":"https:\/\/uk-gb.net\/pt-pt\/wp-json\/wp\/v2\/pages\/929","targetHints":{"allow":["GET"]}}],"collection":[{"href":"https:\/\/uk-gb.net\/pt-pt\/wp-json\/wp\/v2\/pages"}],"about":[{"href":"https:\/\/uk-gb.net\/pt-pt\/wp-json\/wp\/v2\/types\/page"}],"author":[{"embeddable":true,"href":"https:\/\/uk-gb.net\/pt-pt\/wp-json\/wp\/v2\/users\/1"}],"replies":[{"embeddable":true,"href":"https:\/\/uk-gb.net\/pt-pt\/wp-json\/wp\/v2\/comments?post=929"}],"version-history":[{"count":0,"href":"https:\/\/uk-gb.net\/pt-pt\/wp-json\/wp\/v2\/pages\/929\/revisions"}],"wp:attachment":[{"href":"https:\/\/uk-gb.net\/pt-pt\/wp-json\/wp\/v2\/media?parent=929"}],"curies":[{"name":"wp","href":"https:\/\/api.w.org\/{rel}","templated":true}]}}