{"id":922,"date":"2023-12-07T16:52:56","date_gmt":"2023-12-07T16:52:56","guid":{"rendered":"https:\/\/uk-gb.net\/visto-para-londres\/"},"modified":"2025-06-09T09:04:00","modified_gmt":"2025-06-09T08:04:00","slug":"visto-para-londres","status":"publish","type":"page","link":"https:\/\/uk-gb.net\/pt-pt\/visto-para-londres\/","title":{"rendered":"Visto para viajar para Londres ou fazer uma escala"},"content":{"rendered":"\n<h1 class=\"wp-block-heading\">Visto para viajar ou fazer escala em Londres<\/h1>\n\n<p><a href=\"https:\/\/uk-gb.net\/pt-pt\/londres\/\">Londres<\/a> \u00e9 a principal porta de entrada no Reino Unido para turistas, estudantes, profissionais e viajantes em tr\u00e2nsito. Desde que o Reino Unido deixou a Uni\u00e3o Europeia, as <a href=\"https:\/\/uk-gb.net\/pt-pt\/visto-reino-unido\/\">formalidades para entrar no Reino Unido<\/a> mudaram. Dependendo da tua nacionalidade, dura\u00e7\u00e3o da estadia ou motivo da viagem, podes precisar de um visto ou de uma ETA. Eis tudo o que precisas de saber para viajar ou fazer escala em Londres legalmente.   <\/p>\n\n<h2 class=\"wp-block-heading\">Preciso de um visto para Londres?<\/h2>\n\n<p>A necessidade de um visto para visitar Londres depende da tua nacionalidade e do motivo da tua visita.<\/p>\n\n<p><strong>N\u00e3o precisas de visto se<\/strong>:<\/p>\n\n<ul class=\"wp-block-list\">\n<li>\u00c9s um cidad\u00e3o irland\u00eas.<\/li>\n\n\n\n<li>\u00c9s cidad\u00e3o de um pa\u00eds isento de visto e a tua estadia \u00e9 curta (menos de 6 meses) para turismo, visita a familiares, miss\u00e3o de neg\u00f3cios de curta dura\u00e7\u00e3o ou estudos de curta dura\u00e7\u00e3o.  <\/li>\n<\/ul>\n\n<p>Desde 2025, estes viajantes t\u00eam de obter uma autoriza\u00e7\u00e3o eletr\u00f3nica de viagem, preenchendo o <a href=\"https:\/\/uk-gb.net\/pt-pt\/formulario-visto-eta-online-inglaterra\/\">formul\u00e1rio ETA em linha<\/a>.<\/p>\n\n<p><strong>Precisas de um visto se<\/strong>:<\/p>\n\n<ul class=\"wp-block-list\">\n<li>\u00c9s nacional de um pa\u00eds que n\u00e3o exige visto, mesmo para uma estadia de curta dura\u00e7\u00e3o.<\/li>\n\n\n\n<li>Queres trabalhar, estudar a longo prazo, estabelecer-te ou casar no Reino Unido.<\/li>\n\n\n\n<li>Queres juntar-te a um membro da tua fam\u00edlia em Londres por um per\u00edodo prolongado.<\/li>\n<\/ul>\n\n<p>Os turistas que pretendam permanecer no Reino Unido por mais de 6 meses devem obter um <a href=\"https:\/\/uk-gb.net\/pt-pt\/visto-turista-inglaterra-reino-unido\/\">visto de turista ingl\u00eas<\/a>.<\/p>\n\n<div style=\"height:10px\" aria-hidden=\"true\" class=\"wp-block-spacer\"><\/div>\n\n<h2 class=\"wp-block-heading\">A ETA: uma alternativa ao visto para visitar Londres<\/h2>\n\n<p>A <a href=\"https:\/\/uk-gb.net\/pt-pt\/eta-inglaterra-reino-unido\/\">autoriza\u00e7\u00e3o eletr\u00f3nica de viagem<\/a> (ETA) \u00e9 uma autoriza\u00e7\u00e3o de viagem obrigat\u00f3ria para os nacionais de determinados pa\u00edses isentos de visto quando visitam o Reino Unido.<\/p>\n\n<ul class=\"wp-block-list\">\n<li><a href=\"https:\/\/uk-gb.net\/pt-pt\/preco-eta-reino-unido\/\">Pre\u00e7o previsto<\/a>: 16 libras (cerca de 19 euros)<\/li>\n\n\n\n<li>Validade: 2 anos ou at\u00e9 \u00e0 expira\u00e7\u00e3o do passaporte<\/li>\n\n\n\n<li>Estadia m\u00e1xima: 6 meses<\/li>\n\n\n\n<li>Utiliza\u00e7\u00e3o: turismo, neg\u00f3cios, estudos curtos ou tr\u00e2nsito<\/li>\n<\/ul>\n\n<p>Desde abril de 2025, \u00e9 obrigat\u00f3rio para os cidad\u00e3os europeus obterem uma <strong>ETA para Londres antes de partirem<\/strong>.<\/p>\n\n<h2 class=\"wp-block-heading\">Preciso de um visto para fazer uma escala em Londres?<\/h2>\n\n<p>Se fizeres uma escala no aeroporto de Londres (Heathrow, Gatwick, Stansted, Luton), as formalidades variam consoante passes ou n\u00e3o pelo controlo das fronteiras brit\u00e2nicas.<\/p>\n\n<h3 class=\"wp-block-heading\">Caso 1: tr\u00e2nsito sem sa\u00edda do aeroporto<\/h3>\n\n<p>Se permaneceres numa zona internacional e n\u00e3o mudares de aeroporto: Se fores nacional de um <a href=\"https:\/\/uk-gb.net\/pt-pt\/paises-que-podem-solicitar-eta-reino-unido\/\">pa\u00eds membro do programa de isen\u00e7\u00e3o de vistos do Reino Unido<\/a>, podes solicitar uma ETA do Reino Unido para fazer uma escala em Londres sem visto.<\/p>\n\n<h3 class=\"wp-block-heading\">Caso 2: tr\u00e2nsito com passagem de fronteira<\/h3>\n\n<p>Se tiveres de mudar de aeroporto ou passar pela alf\u00e2ndega (por exemplo, para uma escala longa): necessitar\u00e1s de um <a href=\"https:\/\/uk-gb.net\/pt-pt\/visto-de-transito-na-inglaterra-reino-unido\/\">visto de tr\u00e2nsito<\/a> ou de uma ETA, consoante a tua nacionalidade.<\/p>\n\n<p>\u00c9 bom saber: mesmo para um simples tr\u00e2nsito, alguns nacionais precisam de obter um visto de tr\u00e2nsito brit\u00e2nico (Visitor in Transit Visa).<\/p>\n\n<div style=\"height:10px\" aria-hidden=\"true\" class=\"wp-block-spacer\"><\/div>\n\n<h2 class=\"wp-block-heading\">Como posso obter um visto ou ETA para Londres?<\/h2>\n\n<p>Segue-se um resumo simplificado do procedimento em fun\u00e7\u00e3o da tua situa\u00e7\u00e3o de viajante.<\/p>\n\n<figure class=\"wp-block-table\"><table class=\"has-fixed-layout\"><thead><tr><th>Situa\u00e7\u00e3o<\/th><th class=\"has-text-align-center\" data-align=\"center\">Tipo de documento necess\u00e1rio<\/th><th class=\"has-text-align-left\" data-align=\"left\">Procedimento<\/th><\/tr><\/thead><tbody><tr><td>Pausas curtas para turismo, neg\u00f3cios ou estudos<\/td><td class=\"has-text-align-center\" data-align=\"center\">ETA<\/td><td class=\"has-text-align-left\" data-align=\"left\">Candidatura em linha em <a href=\"https:\/\/www.gov.uk\/eta\">gov.uk<\/a>, pagamento por cart\u00e3o de cr\u00e9dito<\/td><\/tr><tr><td>Resid\u00eancia por mais de 6 meses, trabalho, reagrupamento familiar<\/td><td class=\"has-text-align-center\" data-align=\"center\">Visto brit\u00e2nico<\/td><td class=\"has-text-align-left\" data-align=\"left\">Candidatura em linha + marca\u00e7\u00e3o na embaixada<\/td><\/tr><tr><td>Tr\u00e2nsito com sa\u00edda da zona internacional<\/td><td class=\"has-text-align-center\" data-align=\"center\">ETA ou visto de tr\u00e2nsito<\/td><td class=\"has-text-align-left\" data-align=\"left\">Depende da nacionalidade e do aeroporto<\/td><\/tr><\/tbody><\/table><\/figure>\n\n<p>Para obter um visto para Londres, os cidad\u00e3os estrangeiros devem seguir um <a href=\"https:\/\/uk-gb.net\/pt-pt\/procedimento-visto-reino-unido\/\">procedimento de pedido de visto em linha<\/a>. Este processo compreende v\u00e1rias fases:<\/p>\n\n<ul class=\"wp-block-list\">\n<li>Escolha o tipo de visto em fun\u00e7\u00e3o do motivo da viagem ;<\/li>\n\n\n\n<li>Reunir os documentos comprovativos necess\u00e1rios;<\/li>\n\n\n\n<li>Preencher o formul\u00e1rio de pedido de visto em linha ;<\/li>\n\n\n\n<li>Pagar a <a href=\"https:\/\/uk-gb.net\/pt-pt\/preco-do-visto-para-inglaterra\/\">taxa de visto<\/a>;<\/li>\n\n\n\n<li>Marcar uma reuni\u00e3o com uma <a href=\"https:\/\/uk-gb.net\/pt-pt\/embaixada-britanica-em-portugal\/\">embaixada brit\u00e2nica<\/a>;<\/li>\n\n\n\n<li>Apresenta\u00e7\u00e3o de documentos para finalizar o pedido de visto;<\/li>\n\n\n\n<li>Comparecer a uma <a href=\"https:\/\/uk-gb.net\/pt-pt\/nomeacao-de-visto-embaixada-inglaterra\/\">entrevista para obten\u00e7\u00e3o de visto<\/a>, se o seu pedido o exigir.<\/li>\n<\/ul>\n\n<div style=\"height:10px\" aria-hidden=\"true\" class=\"wp-block-spacer\"><\/div>\n\n<h2 class=\"wp-block-heading\">De que documentos necessito para viajar para Londres?<\/h2>\n\n<p>Eis os documentos mais comuns exigidos \u00e0 chegada ao Reino Unido:<\/p>\n\n<ul class=\"wp-block-list\">\n<li>Desde o Brexit, voltou a ser obrigat\u00f3rio ter um <strong>passaporte v\u00e1lido<\/strong>;<\/li>\n\n\n\n<li>Um <strong>ETA ou visto<\/strong> v\u00e1lido ;<\/li>\n\n\n\n<li><strong>Prova de fundos suficientes<\/strong> para a tua estadia ;<\/li>\n\n\n\n<li><strong>Prova de alojamento<\/strong>, como uma reserva de hotel ou um convite;<\/li>\n\n\n\n<li>Um <strong>bilhete de regresso ou de continua\u00e7\u00e3o da<\/strong> viagem em caso de tr\u00e2nsito.<\/li>\n<\/ul>\n\n<div style=\"height:10px\" aria-hidden=\"true\" class=\"wp-block-spacer\"><\/div>\n\n<h2 class=\"wp-block-heading\">Conclus\u00e3o<\/h2>\n\n<p>Se vais viajar para ou atrav\u00e9s de Londres, tens de verificar cuidadosamente a tua situa\u00e7\u00e3o pessoal. A<strong>ETA \u00e9 agora obrigat\u00f3ria<\/strong> para muitos viajantes, mesmo europeus, enquanto outros ter\u00e3o de passar pela via tradicional <a href=\"https:\/\/uk-gb.net\/pt-pt\/diferentes-tipos-de-vistos-britanicos\/\">dos vistos brit\u00e2nicos<\/a>. Em caso de d\u00favida, o melhor \u00e9 fazer uma simula\u00e7\u00e3o no <a href=\"https:\/\/www.gov.uk\/check-uk-visa\">s\u00edtio Web oficial do Governo brit\u00e2nico<\/a>.  <\/p>\n","protected":false},"excerpt":{"rendered":"<p>Visto para viajar ou fazer escala em Londres Londres \u00e9 a principal porta de entrada no Reino Unido para turistas, estudantes, profissionais e viajantes em tr\u00e2nsito. Desde que o Reino Unido deixou a Uni\u00e3o Europeia, as formalidades para entrar no Reino Unido mudaram. Dependendo da tua nacionalidade, dura\u00e7\u00e3o da estadia ou motivo da viagem, podes [&hellip;]<\/p>\n","protected":false},"author":1,"featured_media":0,"parent":0,"menu_order":0,"comment_status":"closed","ping_status":"closed","template":"","meta":{"footnotes":""},"class_list":["post-922","page","type-page","status-publish","hentry"],"yoast_head":"<!-- This site is optimized with the Yoast SEO plugin v27.4 - https:\/\/yoast.com\/product\/yoast-seo-wordpress\/ -->\n<title>Visto para viajar para Londres ou fazer uma escala - UK GB<\/title>\n<meta name=\"description\" content=\"Para viajares para o Reino Unido quando aterrares em Londres, tens de obter um visto ou um documento de viagem para Londres.\" \/>\n<meta name=\"robots\" content=\"index, follow, max-snippet:-1, max-image-preview:large, max-video-preview:-1\" \/>\n<link rel=\"canonical\" href=\"https:\/\/uk-gb.net\/pt-pt\/visto-para-londres\/\" \/>\n<meta property=\"og:locale\" content=\"pt_PT\" \/>\n<meta property=\"og:type\" content=\"article\" \/>\n<meta property=\"og:title\" content=\"Visto para viajar para Londres ou fazer uma escala - UK GB\" \/>\n<meta property=\"og:description\" content=\"Para viajares para o Reino Unido quando aterrares em Londres, tens de obter um visto ou um documento de viagem para Londres.\" \/>\n<meta property=\"og:url\" content=\"https:\/\/uk-gb.net\/pt-pt\/visto-para-londres\/\" \/>\n<meta property=\"og:site_name\" content=\"UK GB\" \/>\n<meta property=\"article:modified_time\" content=\"2025-06-09T08:04:00+00:00\" \/>\n<meta name=\"twitter:card\" content=\"summary_large_image\" \/>\n<meta name=\"twitter:label1\" content=\"Tempo estimado de leitura\" \/>\n\t<meta name=\"twitter:data1\" content=\"4 minutos\" \/>\n<script type=\"application\/ld+json\" class=\"yoast-schema-graph\">{\"@context\":\"https:\\\/\\\/schema.org\",\"@graph\":[{\"@type\":\"WebPage\",\"@id\":\"https:\\\/\\\/uk-gb.net\\\/pt-pt\\\/visto-para-londres\\\/\",\"url\":\"https:\\\/\\\/uk-gb.net\\\/pt-pt\\\/visto-para-londres\\\/\",\"name\":\"Visto para viajar para Londres ou fazer uma escala - UK GB\",\"isPartOf\":{\"@id\":\"https:\\\/\\\/uk-gb.net\\\/pt-pt\\\/#website\"},\"datePublished\":\"2023-12-07T16:52:56+00:00\",\"dateModified\":\"2025-06-09T08:04:00+00:00\",\"description\":\"Para viajares para o Reino Unido quando aterrares em Londres, tens de obter um visto ou um documento de viagem para Londres.\",\"inLanguage\":\"pt-PT\",\"potentialAction\":[{\"@type\":\"ReadAction\",\"target\":[\"https:\\\/\\\/uk-gb.net\\\/pt-pt\\\/visto-para-londres\\\/\"]}]},{\"@type\":\"WebSite\",\"@id\":\"https:\\\/\\\/uk-gb.net\\\/pt-pt\\\/#website\",\"url\":\"https:\\\/\\\/uk-gb.net\\\/pt-pt\\\/\",\"name\":\"UK GB\",\"description\":\"Travel to the UK\",\"potentialAction\":[{\"@type\":\"SearchAction\",\"target\":{\"@type\":\"EntryPoint\",\"urlTemplate\":\"https:\\\/\\\/uk-gb.net\\\/pt-pt\\\/?s={search_term_string}\"},\"query-input\":{\"@type\":\"PropertyValueSpecification\",\"valueRequired\":true,\"valueName\":\"search_term_string\"}}],\"inLanguage\":\"pt-PT\"}]}<\/script>\n<!-- \/ Yoast SEO plugin. -->","yoast_head_json":{"title":"Visto para viajar para Londres ou fazer uma escala - UK GB","description":"Para viajares para o Reino Unido quando aterrares em Londres, tens de obter um visto ou um documento de viagem para Londres.","robots":{"index":"index","follow":"follow","max-snippet":"max-snippet:-1","max-image-preview":"max-image-preview:large","max-video-preview":"max-video-preview:-1"},"canonical":"https:\/\/uk-gb.net\/pt-pt\/visto-para-londres\/","og_locale":"pt_PT","og_type":"article","og_title":"Visto para viajar para Londres ou fazer uma escala - UK GB","og_description":"Para viajares para o Reino Unido quando aterrares em Londres, tens de obter um visto ou um documento de viagem para Londres.","og_url":"https:\/\/uk-gb.net\/pt-pt\/visto-para-londres\/","og_site_name":"UK GB","article_modified_time":"2025-06-09T08:04:00+00:00","twitter_card":"summary_large_image","twitter_misc":{"Tempo estimado de leitura":"4 minutos"},"schema":{"@context":"https:\/\/schema.org","@graph":[{"@type":"WebPage","@id":"https:\/\/uk-gb.net\/pt-pt\/visto-para-londres\/","url":"https:\/\/uk-gb.net\/pt-pt\/visto-para-londres\/","name":"Visto para viajar para Londres ou fazer uma escala - UK GB","isPartOf":{"@id":"https:\/\/uk-gb.net\/pt-pt\/#website"},"datePublished":"2023-12-07T16:52:56+00:00","dateModified":"2025-06-09T08:04:00+00:00","description":"Para viajares para o Reino Unido quando aterrares em Londres, tens de obter um visto ou um documento de viagem para Londres.","inLanguage":"pt-PT","potentialAction":[{"@type":"ReadAction","target":["https:\/\/uk-gb.net\/pt-pt\/visto-para-londres\/"]}]},{"@type":"WebSite","@id":"https:\/\/uk-gb.net\/pt-pt\/#website","url":"https:\/\/uk-gb.net\/pt-pt\/","name":"UK GB","description":"Travel to the UK","potentialAction":[{"@type":"SearchAction","target":{"@type":"EntryPoint","urlTemplate":"https:\/\/uk-gb.net\/pt-pt\/?s={search_term_string}"},"query-input":{"@type":"PropertyValueSpecification","valueRequired":true,"valueName":"search_term_string"}}],"inLanguage":"pt-PT"}]}},"_links":{"self":[{"href":"https:\/\/uk-gb.net\/pt-pt\/wp-json\/wp\/v2\/pages\/922","targetHints":{"allow":["GET"]}}],"collection":[{"href":"https:\/\/uk-gb.net\/pt-pt\/wp-json\/wp\/v2\/pages"}],"about":[{"href":"https:\/\/uk-gb.net\/pt-pt\/wp-json\/wp\/v2\/types\/page"}],"author":[{"embeddable":true,"href":"https:\/\/uk-gb.net\/pt-pt\/wp-json\/wp\/v2\/users\/1"}],"replies":[{"embeddable":true,"href":"https:\/\/uk-gb.net\/pt-pt\/wp-json\/wp\/v2\/comments?post=922"}],"version-history":[{"count":0,"href":"https:\/\/uk-gb.net\/pt-pt\/wp-json\/wp\/v2\/pages\/922\/revisions"}],"wp:attachment":[{"href":"https:\/\/uk-gb.net\/pt-pt\/wp-json\/wp\/v2\/media?parent=922"}],"curies":[{"name":"wp","href":"https:\/\/api.w.org\/{rel}","templated":true}]}}