{"id":914,"date":"2023-12-07T17:06:53","date_gmt":"2023-12-07T17:06:53","guid":{"rendered":"https:\/\/uk-gb.net\/visto-para-liverpool\/"},"modified":"2025-06-12T08:57:31","modified_gmt":"2025-06-12T07:57:31","slug":"visto-para-liverpool","status":"publish","type":"page","link":"https:\/\/uk-gb.net\/pt-pt\/visto-para-liverpool\/","title":{"rendered":"Visto para viajar para Liverpool"},"content":{"rendered":"\n<h1 class=\"wp-block-heading\">Vistos para viagens ou escalas em Liverpool<\/h1>\n\n<p><a href=\"https:\/\/uk-gb.net\/pt-pt\/liverpool\/\">Liverpool<\/a>, famosa pela sua hist\u00f3ria mar\u00edtima, monumentos culturais e patrim\u00f3nio musical, atrai todos os anos muitos visitantes internacionais. Quer estejas a descobrir a cidade dos Beatles, a assistir a um evento desportivo ou simplesmente a fazer uma escala no aeroporto de Liverpool, \u00e9 essencial conheceres as formalidades de entrada. Consoante a tua nacionalidade e o objetivo da tua visita, necessitar\u00e1s de um <a href=\"https:\/\/uk-gb.net\/pt-pt\/visto-turista-inglaterra-reino-unido\/\">visto para o Reino Unido<\/a> ou de uma <a href=\"https:\/\/uk-gb.net\/pt-pt\/eta-inglaterra-reino-unido\/\">autoriza\u00e7\u00e3o eletr\u00f3nica de viagem (ETA<\/a>).  <\/p>\n\n<p><strong>Para estadias inferiores a 6 meses<\/strong>: n\u00e3o \u00e9 necess\u00e1rio obter um visto de turista para Liverpool. Os cidad\u00e3os de pa\u00edses europeus isentos de visto s\u00f3 precisam de obter uma autoriza\u00e7\u00e3o de viagem preenchendo o <a href=\"https:\/\/uk-gb.net\/pt-pt\/formulario-visto-eta-online-inglaterra\/\">formul\u00e1rio ETA em linha<\/a>. <\/p>\n\n<h2 class=\"wp-block-heading\">Preciso de um visto para viajar para Liverpool?<\/h2>\n\n<h3 class=\"wp-block-heading\">N\u00e3o precisas de visto se :<\/h3>\n\n<ul class=\"wp-block-list\">\n<li>\u00c9s um <strong>cidad\u00e3o irland\u00eas<\/strong>;<\/li>\n\n\n\n<li>\u00c9s nacional de um <strong>pa\u00eds isento de visto<\/strong> para uma estada de curta dura\u00e7\u00e3o (turismo, neg\u00f3cios, visita familiar ou estudos de curta dura\u00e7\u00e3o inferiores a 6 meses).<br\/>Desde 2025, estes viajantes t\u00eam de obter <a href=\"https:\/\/uk-gb.net\/pt-pt\/eta-inglaterra-reino-unido\/\">uma autoriza\u00e7\u00e3o ETA<\/a> antes da sua partida.<\/li>\n<\/ul>\n\n<h3 class=\"wp-block-heading\">Precisas de um visto se :<\/h3>\n\n<ul class=\"wp-block-list\">\n<li>\u00c9s nacional de um pa\u00eds sujeito \u00e0 obriga\u00e7\u00e3o de visto, como a \u00cdndia, a China, a Arg\u00e9lia, a Nig\u00e9ria, o Paquist\u00e3o&#8230; ;<\/li>\n\n\n\n<li>Se queres <strong>trabalhar<\/strong>, <strong>estudar durante muito tempo<\/strong> ou <strong>estabelecer-te em<\/strong> Liverpool ;<\/li>\n\n\n\n<li>Vens juntar-te a um membro da tua fam\u00edlia no Reino Unido para uma mudan\u00e7a de longa dura\u00e7\u00e3o.<\/li>\n<\/ul>\n\n<div style=\"height:10px\" aria-hidden=\"true\" class=\"wp-block-spacer\"><\/div>\n\n<h2 class=\"wp-block-heading\">ETA: autoriza\u00e7\u00e3o simplificada para viajar para Liverpool<\/h2>\n\n<p><a href=\"https:\/\/uk-gb.net\/pt-pt\/eta-inglaterra-reino-unido\/\">A ETA<\/a> \u00e9 uma autoriza\u00e7\u00e3o de viagem obrigat\u00f3ria para os nacionais de determinados <a href=\"https:\/\/uk-gb.net\/pt-pt\/paises-que-podem-solicitar-eta-reino-unido\/\">pa\u00edses isentos de visto para o Reino Unido<\/a>.<\/p>\n\n<ul class=\"wp-block-list\">\n<li><a href=\"https:\/\/uk-gb.net\/pt-pt\/preco-eta-reino-unido\/\">Pre\u00e7o previsto<\/a>: 16 libras (cerca de 19 euros)<\/li>\n\n\n\n<li>Validade: 2 anos ou at\u00e9 \u00e0 expira\u00e7\u00e3o do passaporte<\/li>\n\n\n\n<li>Estadia m\u00e1xima: 6 meses<\/li>\n\n\n\n<li>Utiliza\u00e7\u00e3o: turismo, neg\u00f3cios, estudos curtos ou tr\u00e2nsito<\/li>\n<\/ul>\n\n<p>Desde abril de 2025, os cidad\u00e3os da UE s\u00e3o obrigados a obter uma <strong>ETA para Liverpool antes de embarcarem<\/strong>.<\/p>\n\n<h2 class=\"wp-block-heading\">Preciso de um visto para fazer uma escala em Liverpool?<\/h2>\n\n<p><a href=\"https:\/\/uk-gb.net\/pt-pt\/liverpool\/\">Liverpool<\/a> tem um aeroporto internacional (Liverpool John Lennon Airport), mas alguns passageiros tamb\u00e9m utilizam o vizinho Aeroporto de Manchester.<\/p>\n\n<h3 class=\"wp-block-heading\">Transita sem atravessar a fronteira brit\u00e2nica:<\/h3>\n\n<ul class=\"wp-block-list\">\n<li>Se permaneceres numa zona de tr\u00e2nsito internacional e n\u00e3o passares pelo controlo fronteiri\u00e7o, podes estar isento da obriga\u00e7\u00e3o de visto em certos casos.<\/li>\n\n\n\n<li>No entanto, na maioria dos casos, <strong>\u00e9 necess\u00e1ria<\/strong> uma <strong>ETA,<\/strong> mesmo para o tr\u00e2nsito simples.<\/li>\n<\/ul>\n\n<h3 class=\"wp-block-heading\">Tr\u00e2nsito com passagem de fronteira (mudan\u00e7a de aeroporto ou escala prolongada) :<\/h3>\n\n<ul class=\"wp-block-list\">\n<li>Dependendo da tua nacionalidade e do teu itiner\u00e1rio, ser-te-\u00e1 exigido um <a href=\"https:\/\/uk-gb.net\/pt-pt\/visto-de-transito-na-inglaterra-reino-unido\/\">visto de tr\u00e2nsito para o Reino Unido<\/a> ou uma <strong>ETA<\/strong>. As regras s\u00e3o rigorosas, mesmo para tr\u00e2nsitos curtos. Verifica sempre a tua situa\u00e7\u00e3o antes da partida.  <\/li>\n<\/ul>\n\n<div style=\"height:10px\" aria-hidden=\"true\" class=\"wp-block-spacer\"><\/div>\n\n<h2 class=\"wp-block-heading\">Pre\u00e7os dos diferentes vistos para Liverpool?<\/h2>\n\n<p>O pre\u00e7o de um visto para Liverpool depende do tipo de visto de que necessita para viajar para o Reino Unido. Para estadias mais longas, os <a href=\"https:\/\/uk-gb.net\/pt-pt\/preco-do-visto-para-inglaterra\/\">custos administrativos do visto<\/a> s\u00e3o mais elevados. Se o viajante for eleg\u00edvel para obter uma <a href=\"https:\/\/uk-gb.net\/pt-pt\/eta-inglaterra-reino-unido\/\">ETA para o Reino Unido<\/a>, ent\u00e3o o pre\u00e7o ser\u00e1 mais baixo: O <a href=\"https:\/\/uk-gb.net\/pt-pt\/preco-eta-reino-unido\/\">pre\u00e7o de uma ETA<\/a> \u00e9 de 16 libras.<\/p>\n\n<figure class=\"wp-block-table\"><table><thead><tr><th class=\"has-text-align-center\" data-align=\"center\">Tipo de documento<\/th><th class=\"has-text-align-center\" data-align=\"center\">Taxa<\/th><\/tr><\/thead><tbody><tr><td class=\"has-text-align-center\" data-align=\"center\">ETA<\/td><td class=\"has-text-align-center\" data-align=\"center\">16 \u00a3<\/td><\/tr><tr><td class=\"has-text-align-center\" data-align=\"center\">Visto de turista (6 meses)<\/td><td class=\"has-text-align-center\" data-align=\"center\">115 \u00a3<\/td><\/tr><tr><td class=\"has-text-align-center\" data-align=\"center\">Visto de tr\u00e2nsito<\/td><td class=\"has-text-align-center\" data-align=\"center\">64 \u00a3<\/td><\/tr><tr><td class=\"has-text-align-center\" data-align=\"center\">Visto de estudante<\/td><td class=\"has-text-align-center\" data-align=\"center\">a partir de \u00a3490<\/td><\/tr><tr><td class=\"has-text-align-center\" data-align=\"center\">Visto de trabalho ou familiar<\/td><td class=\"has-text-align-center\" data-align=\"center\">a partir de 1.846 \u00a4.<\/td><\/tr><\/tbody><\/table><\/figure>\n\n<h2 class=\"wp-block-heading\">Como \u00e9 que posso pedir um visto para Liverpool?<\/h2>\n\n<p>Para obter um visto para <a href=\"https:\/\/uk-gb.net\/pt-pt\/liverpool\/\">Liverpool<\/a>, os cidad\u00e3os estrangeiros devem seguir um <a href=\"https:\/\/uk-gb.net\/pt-pt\/procedimento-visto-reino-unido\/\">procedimento de pedido de visto em linha<\/a>. Este processo compreende v\u00e1rias fases:<\/p>\n\n<ul class=\"wp-block-list\">\n<li>Escolha o tipo de visto em fun\u00e7\u00e3o do motivo da viagem ;<\/li>\n\n\n\n<li>Reunir os documentos comprovativos necess\u00e1rios;<\/li>\n\n\n\n<li>Preenche o formul\u00e1rio de pedido de visto em linha em <a href=\"https:\/\/www.gov.uk\/standard-visitor\/apply-standard-visitor-visa\">gov.uk<\/a>;<\/li>\n\n\n\n<li>Pagar a <a href=\"https:\/\/uk-gb.net\/pt-pt\/preco-do-visto-para-inglaterra\/\">taxa de visto<\/a>;<\/li>\n\n\n\n<li>Marcar uma reuni\u00e3o com uma <a href=\"https:\/\/uk-gb.net\/pt-pt\/embaixada-britanica-em-portugal\/\">embaixada brit\u00e2nica<\/a>;<\/li>\n\n\n\n<li>Apresenta\u00e7\u00e3o de documentos para finalizar o pedido de visto;<\/li>\n\n\n\n<li>Comparecer a uma <a href=\"https:\/\/uk-gb.net\/pt-pt\/nomeacao-de-visto-embaixada-inglaterra\/\">entrevista para obten\u00e7\u00e3o de visto<\/a>, se o seu pedido o exigir.<\/li>\n<\/ul>\n\n<div style=\"height:10px\" aria-hidden=\"true\" class=\"wp-block-spacer\"><\/div>\n\n<h2 class=\"wp-block-heading\">Resumo<\/h2>\n\n<p>Desde a reforma das formalidades de entrada, \u00e9 essencial que prepares cuidadosamente o teu pedido antes de viajares para Liverpool. A<strong>ETA \u00e9 agora obrigat\u00f3ria<\/strong> para a maioria dos nacionais isentos de visto. Se n\u00e3o preencheres as condi\u00e7\u00f5es para a ETA, necessitar\u00e1s de um visto normal.  <\/p>\n\n<p>Antes de partires para Liverpool, verifica a tua situa\u00e7\u00e3o oficial no s\u00edtio Web do Governo do Reino Unido: <a href=\"https:\/\/www.gov.uk\/check-uk-visa\">gov.uk\/check-uk-visa<\/a>.<\/p>\n\n<p><\/p>\n","protected":false},"excerpt":{"rendered":"<p>Vistos para viagens ou escalas em Liverpool Liverpool, famosa pela sua hist\u00f3ria mar\u00edtima, monumentos culturais e patrim\u00f3nio musical, atrai todos os anos muitos visitantes internacionais. Quer estejas a descobrir a cidade dos Beatles, a assistir a um evento desportivo ou simplesmente a fazer uma escala no aeroporto de Liverpool, \u00e9 essencial conheceres as formalidades de [&hellip;]<\/p>\n","protected":false},"author":1,"featured_media":0,"parent":0,"menu_order":0,"comment_status":"closed","ping_status":"closed","template":"","meta":{"footnotes":""},"class_list":["post-914","page","type-page","status-publish","hentry"],"yoast_head":"<!-- This site is optimized with the Yoast SEO plugin v27.3 - https:\/\/yoast.com\/product\/yoast-seo-wordpress\/ -->\n<title>Visto para viajar para Liverpool - UK GB<\/title>\n<meta name=\"description\" content=\"Precisas de um visto ou de um documento de viagem para viajar para Liverpool? D\u00e1 uma vista de olhos \u00e0s formalidades envolvidas\" \/>\n<meta name=\"robots\" content=\"index, follow, max-snippet:-1, max-image-preview:large, max-video-preview:-1\" \/>\n<link rel=\"canonical\" href=\"https:\/\/uk-gb.net\/pt-pt\/visto-para-liverpool\/\" \/>\n<meta property=\"og:locale\" content=\"pt_PT\" \/>\n<meta property=\"og:type\" content=\"article\" \/>\n<meta property=\"og:title\" content=\"Visto para viajar para Liverpool - UK GB\" \/>\n<meta property=\"og:description\" content=\"Precisas de um visto ou de um documento de viagem para viajar para Liverpool? D\u00e1 uma vista de olhos \u00e0s formalidades envolvidas\" \/>\n<meta property=\"og:url\" content=\"https:\/\/uk-gb.net\/pt-pt\/visto-para-liverpool\/\" \/>\n<meta property=\"og:site_name\" content=\"UK GB\" \/>\n<meta property=\"article:modified_time\" content=\"2025-06-12T07:57:31+00:00\" \/>\n<meta name=\"twitter:card\" content=\"summary_large_image\" \/>\n<meta name=\"twitter:label1\" content=\"Tempo estimado de leitura\" \/>\n\t<meta name=\"twitter:data1\" content=\"4 minutos\" \/>\n<script type=\"application\/ld+json\" class=\"yoast-schema-graph\">{\"@context\":\"https:\\\/\\\/schema.org\",\"@graph\":[{\"@type\":\"WebPage\",\"@id\":\"https:\\\/\\\/uk-gb.net\\\/pt-pt\\\/visto-para-liverpool\\\/\",\"url\":\"https:\\\/\\\/uk-gb.net\\\/pt-pt\\\/visto-para-liverpool\\\/\",\"name\":\"Visto para viajar para Liverpool - UK GB\",\"isPartOf\":{\"@id\":\"https:\\\/\\\/uk-gb.net\\\/pt-pt\\\/#website\"},\"datePublished\":\"2023-12-07T17:06:53+00:00\",\"dateModified\":\"2025-06-12T07:57:31+00:00\",\"description\":\"Precisas de um visto ou de um documento de viagem para viajar para Liverpool? D\u00e1 uma vista de olhos \u00e0s formalidades envolvidas\",\"inLanguage\":\"pt-PT\",\"potentialAction\":[{\"@type\":\"ReadAction\",\"target\":[\"https:\\\/\\\/uk-gb.net\\\/pt-pt\\\/visto-para-liverpool\\\/\"]}]},{\"@type\":\"WebSite\",\"@id\":\"https:\\\/\\\/uk-gb.net\\\/pt-pt\\\/#website\",\"url\":\"https:\\\/\\\/uk-gb.net\\\/pt-pt\\\/\",\"name\":\"UK GB\",\"description\":\"Travel to the UK\",\"potentialAction\":[{\"@type\":\"SearchAction\",\"target\":{\"@type\":\"EntryPoint\",\"urlTemplate\":\"https:\\\/\\\/uk-gb.net\\\/pt-pt\\\/?s={search_term_string}\"},\"query-input\":{\"@type\":\"PropertyValueSpecification\",\"valueRequired\":true,\"valueName\":\"search_term_string\"}}],\"inLanguage\":\"pt-PT\"}]}<\/script>\n<!-- \/ Yoast SEO plugin. -->","yoast_head_json":{"title":"Visto para viajar para Liverpool - UK GB","description":"Precisas de um visto ou de um documento de viagem para viajar para Liverpool? D\u00e1 uma vista de olhos \u00e0s formalidades envolvidas","robots":{"index":"index","follow":"follow","max-snippet":"max-snippet:-1","max-image-preview":"max-image-preview:large","max-video-preview":"max-video-preview:-1"},"canonical":"https:\/\/uk-gb.net\/pt-pt\/visto-para-liverpool\/","og_locale":"pt_PT","og_type":"article","og_title":"Visto para viajar para Liverpool - UK GB","og_description":"Precisas de um visto ou de um documento de viagem para viajar para Liverpool? D\u00e1 uma vista de olhos \u00e0s formalidades envolvidas","og_url":"https:\/\/uk-gb.net\/pt-pt\/visto-para-liverpool\/","og_site_name":"UK GB","article_modified_time":"2025-06-12T07:57:31+00:00","twitter_card":"summary_large_image","twitter_misc":{"Tempo estimado de leitura":"4 minutos"},"schema":{"@context":"https:\/\/schema.org","@graph":[{"@type":"WebPage","@id":"https:\/\/uk-gb.net\/pt-pt\/visto-para-liverpool\/","url":"https:\/\/uk-gb.net\/pt-pt\/visto-para-liverpool\/","name":"Visto para viajar para Liverpool - UK GB","isPartOf":{"@id":"https:\/\/uk-gb.net\/pt-pt\/#website"},"datePublished":"2023-12-07T17:06:53+00:00","dateModified":"2025-06-12T07:57:31+00:00","description":"Precisas de um visto ou de um documento de viagem para viajar para Liverpool? D\u00e1 uma vista de olhos \u00e0s formalidades envolvidas","inLanguage":"pt-PT","potentialAction":[{"@type":"ReadAction","target":["https:\/\/uk-gb.net\/pt-pt\/visto-para-liverpool\/"]}]},{"@type":"WebSite","@id":"https:\/\/uk-gb.net\/pt-pt\/#website","url":"https:\/\/uk-gb.net\/pt-pt\/","name":"UK GB","description":"Travel to the UK","potentialAction":[{"@type":"SearchAction","target":{"@type":"EntryPoint","urlTemplate":"https:\/\/uk-gb.net\/pt-pt\/?s={search_term_string}"},"query-input":{"@type":"PropertyValueSpecification","valueRequired":true,"valueName":"search_term_string"}}],"inLanguage":"pt-PT"}]}},"_links":{"self":[{"href":"https:\/\/uk-gb.net\/pt-pt\/wp-json\/wp\/v2\/pages\/914","targetHints":{"allow":["GET"]}}],"collection":[{"href":"https:\/\/uk-gb.net\/pt-pt\/wp-json\/wp\/v2\/pages"}],"about":[{"href":"https:\/\/uk-gb.net\/pt-pt\/wp-json\/wp\/v2\/types\/page"}],"author":[{"embeddable":true,"href":"https:\/\/uk-gb.net\/pt-pt\/wp-json\/wp\/v2\/users\/1"}],"replies":[{"embeddable":true,"href":"https:\/\/uk-gb.net\/pt-pt\/wp-json\/wp\/v2\/comments?post=914"}],"version-history":[{"count":0,"href":"https:\/\/uk-gb.net\/pt-pt\/wp-json\/wp\/v2\/pages\/914\/revisions"}],"wp:attachment":[{"href":"https:\/\/uk-gb.net\/pt-pt\/wp-json\/wp\/v2\/media?parent=914"}],"curies":[{"name":"wp","href":"https:\/\/api.w.org\/{rel}","templated":true}]}}