{"id":908,"date":"2023-12-07T17:29:32","date_gmt":"2023-12-07T17:29:32","guid":{"rendered":"https:\/\/uk-gb.net\/visto-para-glasgow\/"},"modified":"2025-08-27T16:59:29","modified_gmt":"2025-08-27T15:59:29","slug":"visto-para-glasgow","status":"publish","type":"page","link":"https:\/\/uk-gb.net\/pt-pt\/visto-para-glasgow\/","title":{"rendered":"Visto para viajar para Glasgow"},"content":{"rendered":"\n<h1 class=\"wp-block-heading\">Precisas de um visto para viajar para Glasgow?<\/h1>\n\n<p>Glasgow \u00e9 uma cidade no oeste da Esc\u00f3cia, nas margens do rio Clyde. Os cidad\u00e3os estrangeiros que pretendam viajar para Glasgow devem possuir uma autoriza\u00e7\u00e3o de viagem do Reino Unido. Existem v\u00e1rios tipos de autoriza\u00e7\u00e3o de viagem dispon\u00edveis para viajar para Glasgow. Vamos dar uma vista de olhos \u00e0s diferentes op\u00e7\u00f5es.<\/p>\n\n<h2 class=\"wp-block-heading\">De que tipo de autoriza\u00e7\u00e3o de viagem necessito para ir a Glasgow?<\/h2>\n\n<p><a href=\"https:\/\/www.visitscotland.com\/places-to-go\/glasgow\">Glasgow<\/a> \u00e9 a capital da Esc\u00f3cia, pelo que todos os cidad\u00e3os estrangeiros que pretendam entrar no Reino Unido atrav\u00e9s de Glasgow devem estar na posse de uma autoriza\u00e7\u00e3o de viagem v\u00e1lida. Dependendo do objetivo da sua estadia em Glasgow, os visitantes podem solicitar um <a href=\"https:\/\/uk-gb.net\/pt-pt\/visto-turista-inglaterra-reino-unido\/\">visto de turista<\/a>.<\/p>\n\n<p><strong>Para estadias inferiores a 6 meses<\/strong>: N\u00e3o \u00e9 necess\u00e1rio obter um visto para Glasgow, uma vez que a maioria dos pa\u00edses europeus isenta os seus nacionais da obriga\u00e7\u00e3o de visto. No entanto, desde mar\u00e7o de 2025, estes cidad\u00e3os isentos de visto s\u00e3o obrigados a obter <a href=\"https:\/\/uk-gb.net\/pt-pt\/formulario-visto-eta-online-inglaterra\/\">uma autoriza\u00e7\u00e3o ETA em linha<\/a> antes de embarcarem para o Reino Unido.<\/p>\n\n<div style=\"height:10px\" aria-hidden=\"true\" class=\"wp-block-spacer\"><\/div>\n\n<h2 class=\"wp-block-heading\">\u00c9 necess\u00e1rio um visto para fazer uma escala em Glasgow?<\/h2>\n\n<p>H\u00e1 duas formas de fazer escala em Glasgow:<\/p>\n\n<ul class=\"wp-block-list\">\n<li>Os viajantes podem solicitar um <a href=\"https:\/\/uk-gb.net\/pt-pt\/visto-de-transito-na-inglaterra-reino-unido\/\">visto de tr\u00e2nsito<\/a> para uma escala em Glasgow ;<\/li>\n\n\n\n<li>Se o viajante for nacional de um <a href=\"https:\/\/uk-gb.net\/pt-pt\/paises-que-podem-solicitar-eta-reino-unido\/\">pa\u00eds abrangido pelo programa de isen\u00e7\u00e3o de vistos do Reino Unido<\/a>, pode <a href=\"https:\/\/uk-gb.net\/pt-pt\/formulario-visto-eta-online-inglaterra\/\">solicitar uma ETA do Reino Unido<\/a> para fazer escala em Glasgow sem necessidade de visto.<\/li>\n<\/ul>\n\n<div style=\"height:10px\" aria-hidden=\"true\" class=\"wp-block-spacer\"><\/div>\n\n<h2 class=\"wp-block-heading\">Quanto custa um visto para Glasgow?<\/h2>\n\n<p>O pre\u00e7o de um visto para Glasgow depende do tipo de visto de que necessita para viajar para o Reino Unido. A taxa administrativa para um visto de turista visitante com uma dura\u00e7\u00e3o m\u00e1xima de 6 meses \u00e9 de 115 libras esterlinas. Para estadias mais longas, os <a href=\"https:\/\/uk-gb.net\/pt-pt\/preco-do-visto-para-inglaterra\/\">custos administrativos do visto<\/a> s\u00e3o mais elevados. Se o viajante for eleg\u00edvel para obter uma <a href=\"https:\/\/uk-gb.net\/pt-pt\/eta-inglaterra-reino-unido\/\">ETA para o Reino Unido<\/a>, ent\u00e3o o pre\u00e7o ser\u00e1 mais baixo: O <a href=\"https:\/\/uk-gb.net\/pt-pt\/preco-eta-reino-unido\/\">pre\u00e7o de uma ETA<\/a> \u00e9 de \u00a316 (cerca de 19 euros) por pessoa.<\/p>\n\n<h2 class=\"wp-block-heading\">Como posso obter um visto para Glasgow?<\/h2>\n\n<p>Para obter um visto para Glasgow, os cidad\u00e3os estrangeiros devem seguir um <a href=\"https:\/\/uk-gb.net\/pt-pt\/procedimento-visto-reino-unido\/\">procedimento de pedido de visto em linha<\/a>. Este processo compreende v\u00e1rias fases:<\/p>\n\n<ul class=\"wp-block-list\">\n<li>Escolha o tipo de visto em fun\u00e7\u00e3o do motivo da viagem ;<\/li>\n\n\n\n<li>Reunir os documentos comprovativos necess\u00e1rios;<\/li>\n\n\n\n<li>Preencher o formul\u00e1rio de pedido de visto em linha ;<\/li>\n\n\n\n<li>Pagar a <a href=\"https:\/\/uk-gb.net\/pt-pt\/preco-do-visto-para-inglaterra\/\">taxa de visto<\/a>;<\/li>\n\n\n\n<li>Marcar uma reuni\u00e3o com uma <a href=\"https:\/\/uk-gb.net\/pt-pt\/embaixada-britanica-em-portugal\/\">embaixada brit\u00e2nica<\/a>;<\/li>\n\n\n\n<li>Apresenta\u00e7\u00e3o de documentos para finalizar o pedido de visto;<\/li>\n\n\n\n<li>Comparecer a uma <a href=\"https:\/\/uk-gb.net\/pt-pt\/nomeacao-de-visto-embaixada-inglaterra\/\">entrevista para obten\u00e7\u00e3o de visto<\/a>, se o seu pedido o exigir.<\/li>\n<\/ul>\n\n<div style=\"height:10px\" aria-hidden=\"true\" class=\"wp-block-spacer\"><\/div>\n\n<h2 class=\"wp-block-heading\">Utiliza uma autoriza\u00e7\u00e3o ETA para viajar para Glasgow<\/h2>\n\n<p>Um cidad\u00e3o estrangeiro eleg\u00edvel pode solicitar uma autoriza\u00e7\u00e3o de sa\u00edda para viajar para Glasgow. A sua obten\u00e7\u00e3o demora muito pouco tempo. A ETA para Glasgow \u00e9 v\u00e1lida por 2 anos para estadias de at\u00e9 6 meses consecutivos no Reino Unido.  <\/p>\n\n<p><\/p>\n","protected":false},"excerpt":{"rendered":"<p>Precisas de um visto para viajar para Glasgow? Glasgow \u00e9 uma cidade no oeste da Esc\u00f3cia, nas margens do rio Clyde. Os cidad\u00e3os estrangeiros que pretendam viajar para Glasgow devem possuir uma autoriza\u00e7\u00e3o de viagem do Reino Unido. Existem v\u00e1rios tipos de autoriza\u00e7\u00e3o de viagem dispon\u00edveis para viajar para Glasgow. Vamos dar uma vista de [&hellip;]<\/p>\n","protected":false},"author":1,"featured_media":0,"parent":0,"menu_order":0,"comment_status":"closed","ping_status":"closed","template":"","meta":{"footnotes":""},"class_list":["post-908","page","type-page","status-publish","hentry"],"yoast_head":"<!-- This site is optimized with the Yoast SEO plugin v27.4 - https:\/\/yoast.com\/product\/yoast-seo-wordpress\/ -->\n<title>Visto para viajar para Glasgow - UK GB<\/title>\n<meta name=\"description\" content=\"Obten\u00e7\u00e3o de um visto de viagem para Glasgow. \u00c9 necess\u00e1ria uma autoriza\u00e7\u00e3o de viagem para viajar ou fazer escala em Glasgow.\" \/>\n<meta name=\"robots\" content=\"index, follow, max-snippet:-1, max-image-preview:large, max-video-preview:-1\" \/>\n<link rel=\"canonical\" href=\"https:\/\/uk-gb.net\/pt-pt\/visto-para-glasgow\/\" \/>\n<meta property=\"og:locale\" content=\"pt_PT\" \/>\n<meta property=\"og:type\" content=\"article\" \/>\n<meta property=\"og:title\" content=\"Visto para viajar para Glasgow - UK GB\" \/>\n<meta property=\"og:description\" content=\"Obten\u00e7\u00e3o de um visto de viagem para Glasgow. \u00c9 necess\u00e1ria uma autoriza\u00e7\u00e3o de viagem para viajar ou fazer escala em Glasgow.\" \/>\n<meta property=\"og:url\" content=\"https:\/\/uk-gb.net\/pt-pt\/visto-para-glasgow\/\" \/>\n<meta property=\"og:site_name\" content=\"UK GB\" \/>\n<meta property=\"article:modified_time\" content=\"2025-08-27T15:59:29+00:00\" \/>\n<meta name=\"twitter:card\" content=\"summary_large_image\" \/>\n<meta name=\"twitter:label1\" content=\"Tempo estimado de leitura\" \/>\n\t<meta name=\"twitter:data1\" content=\"3 minutos\" \/>\n<script type=\"application\/ld+json\" class=\"yoast-schema-graph\">{\"@context\":\"https:\\\/\\\/schema.org\",\"@graph\":[{\"@type\":\"WebPage\",\"@id\":\"https:\\\/\\\/uk-gb.net\\\/pt-pt\\\/visto-para-glasgow\\\/\",\"url\":\"https:\\\/\\\/uk-gb.net\\\/pt-pt\\\/visto-para-glasgow\\\/\",\"name\":\"Visto para viajar para Glasgow - UK GB\",\"isPartOf\":{\"@id\":\"https:\\\/\\\/uk-gb.net\\\/pt-pt\\\/#website\"},\"datePublished\":\"2023-12-07T17:29:32+00:00\",\"dateModified\":\"2025-08-27T15:59:29+00:00\",\"description\":\"Obten\u00e7\u00e3o de um visto de viagem para Glasgow. \u00c9 necess\u00e1ria uma autoriza\u00e7\u00e3o de viagem para viajar ou fazer escala em Glasgow.\",\"inLanguage\":\"pt-PT\",\"potentialAction\":[{\"@type\":\"ReadAction\",\"target\":[\"https:\\\/\\\/uk-gb.net\\\/pt-pt\\\/visto-para-glasgow\\\/\"]}]},{\"@type\":\"WebSite\",\"@id\":\"https:\\\/\\\/uk-gb.net\\\/pt-pt\\\/#website\",\"url\":\"https:\\\/\\\/uk-gb.net\\\/pt-pt\\\/\",\"name\":\"UK GB\",\"description\":\"Travel to the UK\",\"potentialAction\":[{\"@type\":\"SearchAction\",\"target\":{\"@type\":\"EntryPoint\",\"urlTemplate\":\"https:\\\/\\\/uk-gb.net\\\/pt-pt\\\/?s={search_term_string}\"},\"query-input\":{\"@type\":\"PropertyValueSpecification\",\"valueRequired\":true,\"valueName\":\"search_term_string\"}}],\"inLanguage\":\"pt-PT\"}]}<\/script>\n<!-- \/ Yoast SEO plugin. -->","yoast_head_json":{"title":"Visto para viajar para Glasgow - UK GB","description":"Obten\u00e7\u00e3o de um visto de viagem para Glasgow. \u00c9 necess\u00e1ria uma autoriza\u00e7\u00e3o de viagem para viajar ou fazer escala em Glasgow.","robots":{"index":"index","follow":"follow","max-snippet":"max-snippet:-1","max-image-preview":"max-image-preview:large","max-video-preview":"max-video-preview:-1"},"canonical":"https:\/\/uk-gb.net\/pt-pt\/visto-para-glasgow\/","og_locale":"pt_PT","og_type":"article","og_title":"Visto para viajar para Glasgow - UK GB","og_description":"Obten\u00e7\u00e3o de um visto de viagem para Glasgow. \u00c9 necess\u00e1ria uma autoriza\u00e7\u00e3o de viagem para viajar ou fazer escala em Glasgow.","og_url":"https:\/\/uk-gb.net\/pt-pt\/visto-para-glasgow\/","og_site_name":"UK GB","article_modified_time":"2025-08-27T15:59:29+00:00","twitter_card":"summary_large_image","twitter_misc":{"Tempo estimado de leitura":"3 minutos"},"schema":{"@context":"https:\/\/schema.org","@graph":[{"@type":"WebPage","@id":"https:\/\/uk-gb.net\/pt-pt\/visto-para-glasgow\/","url":"https:\/\/uk-gb.net\/pt-pt\/visto-para-glasgow\/","name":"Visto para viajar para Glasgow - UK GB","isPartOf":{"@id":"https:\/\/uk-gb.net\/pt-pt\/#website"},"datePublished":"2023-12-07T17:29:32+00:00","dateModified":"2025-08-27T15:59:29+00:00","description":"Obten\u00e7\u00e3o de um visto de viagem para Glasgow. \u00c9 necess\u00e1ria uma autoriza\u00e7\u00e3o de viagem para viajar ou fazer escala em Glasgow.","inLanguage":"pt-PT","potentialAction":[{"@type":"ReadAction","target":["https:\/\/uk-gb.net\/pt-pt\/visto-para-glasgow\/"]}]},{"@type":"WebSite","@id":"https:\/\/uk-gb.net\/pt-pt\/#website","url":"https:\/\/uk-gb.net\/pt-pt\/","name":"UK GB","description":"Travel to the UK","potentialAction":[{"@type":"SearchAction","target":{"@type":"EntryPoint","urlTemplate":"https:\/\/uk-gb.net\/pt-pt\/?s={search_term_string}"},"query-input":{"@type":"PropertyValueSpecification","valueRequired":true,"valueName":"search_term_string"}}],"inLanguage":"pt-PT"}]}},"_links":{"self":[{"href":"https:\/\/uk-gb.net\/pt-pt\/wp-json\/wp\/v2\/pages\/908","targetHints":{"allow":["GET"]}}],"collection":[{"href":"https:\/\/uk-gb.net\/pt-pt\/wp-json\/wp\/v2\/pages"}],"about":[{"href":"https:\/\/uk-gb.net\/pt-pt\/wp-json\/wp\/v2\/types\/page"}],"author":[{"embeddable":true,"href":"https:\/\/uk-gb.net\/pt-pt\/wp-json\/wp\/v2\/users\/1"}],"replies":[{"embeddable":true,"href":"https:\/\/uk-gb.net\/pt-pt\/wp-json\/wp\/v2\/comments?post=908"}],"version-history":[{"count":0,"href":"https:\/\/uk-gb.net\/pt-pt\/wp-json\/wp\/v2\/pages\/908\/revisions"}],"wp:attachment":[{"href":"https:\/\/uk-gb.net\/pt-pt\/wp-json\/wp\/v2\/media?parent=908"}],"curies":[{"name":"wp","href":"https:\/\/api.w.org\/{rel}","templated":true}]}}