{"id":899,"date":"2023-12-07T16:56:29","date_gmt":"2023-12-07T16:56:29","guid":{"rendered":"https:\/\/uk-gb.net\/visto-para-edimburgo\/"},"modified":"2026-04-02T11:20:09","modified_gmt":"2026-04-02T10:20:09","slug":"visto-para-edimburgo","status":"publish","type":"page","link":"https:\/\/uk-gb.net\/pt-pt\/visto-para-edimburgo\/","title":{"rendered":"Visto para viajar para Edimburgo"},"content":{"rendered":"\n<p><a href=\"https:\/\/uk-gb.net\/pt-pt\/edimburgo\/\" type=\"page\" id=\"4933\">Edimburgo<\/a> \u00e9 uma cidade situada no sudeste da Esc\u00f3cia, nas margens do Firth of Forth. Capital da Esc\u00f3cia desde o s\u00e9culo XV, \u00e9 conhecida pelo seu patrim\u00f3nio hist\u00f3rico, pela sua arquitetura not\u00e1vel e pelo seu papel cultural, nomeadamente atrav\u00e9s de festivais de renome como o Festival Internacional de Edimburgo e o Fringe. <\/p>\n\n<h1 class=\"wp-block-heading\">Visto para viajar para Edimburgo<\/h1>\n\n<p><br\/>Os cidad\u00e3os estrangeiros que pretendam deslocar-se a Edimburgo devem ser titulares de uma autoriza\u00e7\u00e3o de viagem emitida pelo Reino Unido. Existem v\u00e1rios tipos de autoriza\u00e7\u00e3o de viagem dispon\u00edveis para viajar para Edimburgo. <\/p>\n\n<h2 class=\"wp-block-heading\">\u00c9 necess\u00e1rio um visto para Edimburgo?<\/h2>\n\n<p><a href=\"https:\/\/uk-gb.net\/pt-pt\/edimburgo\/\" type=\"page\" id=\"4933\">Edimburgo<\/a> \u00e9 a capital da Esc\u00f3cia, pelo que todos os cidad\u00e3os estrangeiros que pretendam entrar no Reino Unido atrav\u00e9s de Edimburgo devem estar na posse de uma autoriza\u00e7\u00e3o de viagem v\u00e1lida. Dependendo do objetivo da sua estadia em Edimburgo, os visitantes podem solicitar um <a href=\"https:\/\/uk-gb.net\/pt-pt\/visto-turista-inglaterra-reino-unido\/\">visto de turista<\/a>. <\/p>\n\n<p><strong>Para estadias inferiores a 6 meses<\/strong>: n\u00e3o \u00e9 necess\u00e1rio obter um visto para Edimburgo, uma vez que a maioria dos pa\u00edses europeus isenta os seus cidad\u00e3os da obriga\u00e7\u00e3o de visto. Recentemente, alguns pa\u00edses do M\u00e9dio Oriente tamb\u00e9m puderam obter uma <a href=\"https:\/\/uk-gb.net\/pt-pt\/formulario-visto-eta-online-inglaterra\/\">autoriza\u00e7\u00e3o de viagem ETA<\/a> de forma simples e f\u00e1cil em linha. <\/p>\n\n<div style=\"height:10px\" aria-hidden=\"true\" class=\"wp-block-spacer\"><\/div>\n\n<h2 class=\"wp-block-heading\">\u00c9 necess\u00e1rio um visto para fazer uma escala em Edimburgo?<\/h2>\n\n<p>H\u00e1 duas maneiras de fazer uma paragem em Edimburgo:<\/p>\n\n<ul class=\"wp-block-list\">\n<li>Os viajantes podem solicitar um <a href=\"https:\/\/uk-gb.net\/pt-pt\/visto-de-transito-na-inglaterra-reino-unido\/\">visto de tr\u00e2nsito<\/a> para uma escala em Edimburgo;<\/li>\n\n\n\n<li>Se o viajante for nacional de um <a href=\"https:\/\/uk-gb.net\/pt-pt\/paises-que-podem-solicitar-eta-reino-unido\/\">pa\u00eds membro do programa de isen\u00e7\u00e3o de vistos do Reino Unido<\/a>, pode <a href=\"https:\/\/uk-gb.net\/pt-pt\/formulario-visto-eta-online-inglaterra\/\">solicitar uma ETA do Reino Unido<\/a> para fazer escala em Edimburgo sem necessidade de visto.<\/li>\n<\/ul>\n\n<div style=\"height:10px\" aria-hidden=\"true\" class=\"wp-block-spacer\"><\/div>\n\n<h2 class=\"wp-block-heading\">Quanto custa um visto para Edimburgo?<\/h2>\n\n<p>O pre\u00e7o de um visto para Edimburgo depende do tipo de visto de que necessita para viajar para o Reino Unido. A taxa administrativa para um visto de turista visitante com uma dura\u00e7\u00e3o m\u00e1xima de 6 meses \u00e9 de 115 libras esterlinas. Para estadias mais longas, os <a href=\"https:\/\/uk-gb.net\/pt-pt\/preco-do-visto-para-inglaterra\/\">custos administrativos do visto<\/a> s\u00e3o mais elevados. Se o viajante for eleg\u00edvel para obter uma <a href=\"https:\/\/uk-gb.net\/pt-pt\/eta-inglaterra-reino-unido\/\">ETA para o Reino Unido<\/a>, ent\u00e3o o pre\u00e7o ser\u00e1 mais baixo: O <a href=\"https:\/\/uk-gb.net\/pt-pt\/preco-eta-reino-unido\/\">pre\u00e7o de uma ETA<\/a> \u00e9 agora de \u00a320.<\/p>\n\n<h2 class=\"wp-block-heading\">Como posso obter um visto para Edimburgo?<\/h2>\n\n<p>Para obter um visto para Edimburgo, os cidad\u00e3os estrangeiros devem seguir um <a href=\"https:\/\/uk-gb.net\/pt-pt\/procedimento-visto-reino-unido\/\">procedimento de pedido de visto em linha<\/a>. Este processo compreende v\u00e1rias fases: <\/p>\n\n<ul class=\"wp-block-list\">\n<li>Escolha o tipo de visto em fun\u00e7\u00e3o do motivo da viagem ;<\/li>\n\n\n\n<li>Reunir os documentos comprovativos necess\u00e1rios;<\/li>\n\n\n\n<li>Preencher o formul\u00e1rio de pedido de visto em linha ;<\/li>\n\n\n\n<li>Pagar a <a href=\"https:\/\/uk-gb.net\/pt-pt\/preco-do-visto-para-inglaterra\/\">taxa de visto<\/a>;<\/li>\n\n\n\n<li>Marcar uma reuni\u00e3o com uma <a href=\"https:\/\/uk-gb.net\/pt-pt\/embaixada-britanica-em-portugal\/\">embaixada brit\u00e2nica<\/a>;<\/li>\n\n\n\n<li>Apresenta\u00e7\u00e3o de documentos para finalizar o pedido de visto;<\/li>\n\n\n\n<li>Comparecer a uma <a href=\"https:\/\/uk-gb.net\/pt-pt\/nomeacao-de-visto-embaixada-inglaterra\/\">entrevista para obten\u00e7\u00e3o de visto<\/a>, se o seu pedido o exigir.<\/li>\n<\/ul>\n\n<div style=\"height:10px\" aria-hidden=\"true\" class=\"wp-block-spacer\"><\/div>\n\n<h2 class=\"wp-block-heading\">\u00c9 necess\u00e1ria uma autoriza\u00e7\u00e3o ETA para Edimburgo?<\/h2>\n\n<p>Um cidad\u00e3o estrangeiro eleg\u00edvel pode solicitar uma ETA para viajar para Edimburgo. A sua obten\u00e7\u00e3o demora muito pouco tempo. A ETA para Edimburgo \u00e9 v\u00e1lida por 2 anos para estadias de at\u00e9 6 meses consecutivos no Reino Unido.  <\/p>\n","protected":false},"excerpt":{"rendered":"<p>Edimburgo \u00e9 uma cidade situada no sudeste da Esc\u00f3cia, nas margens do Firth of Forth. Capital da Esc\u00f3cia desde o s\u00e9culo XV, \u00e9 conhecida pelo seu patrim\u00f3nio hist\u00f3rico, pela sua arquitetura not\u00e1vel e pelo seu papel cultural, nomeadamente atrav\u00e9s de festivais de renome como o Festival Internacional de Edimburgo e o Fringe. Visto para viajar [&hellip;]<\/p>\n","protected":false},"author":1,"featured_media":0,"parent":0,"menu_order":0,"comment_status":"closed","ping_status":"closed","template":"","meta":{"footnotes":""},"class_list":["post-899","page","type-page","status-publish","hentry"],"yoast_head":"<!-- This site is optimized with the Yoast SEO plugin v27.3 - https:\/\/yoast.com\/product\/yoast-seo-wordpress\/ -->\n<title>Visto para viajar para Edimburgo - UK GB<\/title>\n<meta name=\"description\" content=\"Obter um visto ou um documento de viagem para Edimburgo. \u00c9 necess\u00e1ria autoriza\u00e7\u00e3o para viajar para Edimburgo ou fazer escala em Edimburgo.\" \/>\n<meta name=\"robots\" content=\"index, follow, max-snippet:-1, max-image-preview:large, max-video-preview:-1\" \/>\n<link rel=\"canonical\" href=\"https:\/\/uk-gb.net\/pt-pt\/visto-para-edimburgo\/\" \/>\n<meta property=\"og:locale\" content=\"pt_PT\" \/>\n<meta property=\"og:type\" content=\"article\" \/>\n<meta property=\"og:title\" content=\"Visto para viajar para Edimburgo - UK GB\" \/>\n<meta property=\"og:description\" content=\"Obter um visto ou um documento de viagem para Edimburgo. \u00c9 necess\u00e1ria autoriza\u00e7\u00e3o para viajar para Edimburgo ou fazer escala em Edimburgo.\" \/>\n<meta property=\"og:url\" content=\"https:\/\/uk-gb.net\/pt-pt\/visto-para-edimburgo\/\" \/>\n<meta property=\"og:site_name\" content=\"UK GB\" \/>\n<meta property=\"article:modified_time\" content=\"2026-04-02T10:20:09+00:00\" \/>\n<meta name=\"twitter:card\" content=\"summary_large_image\" \/>\n<meta name=\"twitter:label1\" content=\"Tempo estimado de leitura\" \/>\n\t<meta name=\"twitter:data1\" content=\"3 minutos\" \/>\n<script type=\"application\/ld+json\" class=\"yoast-schema-graph\">{\"@context\":\"https:\\\/\\\/schema.org\",\"@graph\":[{\"@type\":\"WebPage\",\"@id\":\"https:\\\/\\\/uk-gb.net\\\/pt-pt\\\/visto-para-edimburgo\\\/\",\"url\":\"https:\\\/\\\/uk-gb.net\\\/pt-pt\\\/visto-para-edimburgo\\\/\",\"name\":\"Visto para viajar para Edimburgo - UK GB\",\"isPartOf\":{\"@id\":\"https:\\\/\\\/uk-gb.net\\\/pt-pt\\\/#website\"},\"datePublished\":\"2023-12-07T16:56:29+00:00\",\"dateModified\":\"2026-04-02T10:20:09+00:00\",\"description\":\"Obter um visto ou um documento de viagem para Edimburgo. \u00c9 necess\u00e1ria autoriza\u00e7\u00e3o para viajar para Edimburgo ou fazer escala em Edimburgo.\",\"inLanguage\":\"pt-PT\",\"potentialAction\":[{\"@type\":\"ReadAction\",\"target\":[\"https:\\\/\\\/uk-gb.net\\\/pt-pt\\\/visto-para-edimburgo\\\/\"]}]},{\"@type\":\"WebSite\",\"@id\":\"https:\\\/\\\/uk-gb.net\\\/pt-pt\\\/#website\",\"url\":\"https:\\\/\\\/uk-gb.net\\\/pt-pt\\\/\",\"name\":\"UK GB\",\"description\":\"Travel to the UK\",\"potentialAction\":[{\"@type\":\"SearchAction\",\"target\":{\"@type\":\"EntryPoint\",\"urlTemplate\":\"https:\\\/\\\/uk-gb.net\\\/pt-pt\\\/?s={search_term_string}\"},\"query-input\":{\"@type\":\"PropertyValueSpecification\",\"valueRequired\":true,\"valueName\":\"search_term_string\"}}],\"inLanguage\":\"pt-PT\"}]}<\/script>\n<!-- \/ Yoast SEO plugin. -->","yoast_head_json":{"title":"Visto para viajar para Edimburgo - UK GB","description":"Obter um visto ou um documento de viagem para Edimburgo. \u00c9 necess\u00e1ria autoriza\u00e7\u00e3o para viajar para Edimburgo ou fazer escala em Edimburgo.","robots":{"index":"index","follow":"follow","max-snippet":"max-snippet:-1","max-image-preview":"max-image-preview:large","max-video-preview":"max-video-preview:-1"},"canonical":"https:\/\/uk-gb.net\/pt-pt\/visto-para-edimburgo\/","og_locale":"pt_PT","og_type":"article","og_title":"Visto para viajar para Edimburgo - UK GB","og_description":"Obter um visto ou um documento de viagem para Edimburgo. \u00c9 necess\u00e1ria autoriza\u00e7\u00e3o para viajar para Edimburgo ou fazer escala em Edimburgo.","og_url":"https:\/\/uk-gb.net\/pt-pt\/visto-para-edimburgo\/","og_site_name":"UK GB","article_modified_time":"2026-04-02T10:20:09+00:00","twitter_card":"summary_large_image","twitter_misc":{"Tempo estimado de leitura":"3 minutos"},"schema":{"@context":"https:\/\/schema.org","@graph":[{"@type":"WebPage","@id":"https:\/\/uk-gb.net\/pt-pt\/visto-para-edimburgo\/","url":"https:\/\/uk-gb.net\/pt-pt\/visto-para-edimburgo\/","name":"Visto para viajar para Edimburgo - UK GB","isPartOf":{"@id":"https:\/\/uk-gb.net\/pt-pt\/#website"},"datePublished":"2023-12-07T16:56:29+00:00","dateModified":"2026-04-02T10:20:09+00:00","description":"Obter um visto ou um documento de viagem para Edimburgo. \u00c9 necess\u00e1ria autoriza\u00e7\u00e3o para viajar para Edimburgo ou fazer escala em Edimburgo.","inLanguage":"pt-PT","potentialAction":[{"@type":"ReadAction","target":["https:\/\/uk-gb.net\/pt-pt\/visto-para-edimburgo\/"]}]},{"@type":"WebSite","@id":"https:\/\/uk-gb.net\/pt-pt\/#website","url":"https:\/\/uk-gb.net\/pt-pt\/","name":"UK GB","description":"Travel to the UK","potentialAction":[{"@type":"SearchAction","target":{"@type":"EntryPoint","urlTemplate":"https:\/\/uk-gb.net\/pt-pt\/?s={search_term_string}"},"query-input":{"@type":"PropertyValueSpecification","valueRequired":true,"valueName":"search_term_string"}}],"inLanguage":"pt-PT"}]}},"_links":{"self":[{"href":"https:\/\/uk-gb.net\/pt-pt\/wp-json\/wp\/v2\/pages\/899","targetHints":{"allow":["GET"]}}],"collection":[{"href":"https:\/\/uk-gb.net\/pt-pt\/wp-json\/wp\/v2\/pages"}],"about":[{"href":"https:\/\/uk-gb.net\/pt-pt\/wp-json\/wp\/v2\/types\/page"}],"author":[{"embeddable":true,"href":"https:\/\/uk-gb.net\/pt-pt\/wp-json\/wp\/v2\/users\/1"}],"replies":[{"embeddable":true,"href":"https:\/\/uk-gb.net\/pt-pt\/wp-json\/wp\/v2\/comments?post=899"}],"version-history":[{"count":0,"href":"https:\/\/uk-gb.net\/pt-pt\/wp-json\/wp\/v2\/pages\/899\/revisions"}],"wp:attachment":[{"href":"https:\/\/uk-gb.net\/pt-pt\/wp-json\/wp\/v2\/media?parent=899"}],"curies":[{"name":"wp","href":"https:\/\/api.w.org\/{rel}","templated":true}]}}