{"id":883,"date":"2023-12-19T15:52:54","date_gmt":"2023-12-19T15:52:54","guid":{"rendered":"https:\/\/uk-gb.net\/visto-cambridge\/"},"modified":"2026-02-05T13:18:35","modified_gmt":"2026-02-05T13:18:35","slug":"visto-cambridge","status":"publish","type":"page","link":"https:\/\/uk-gb.net\/pt-pt\/visto-cambridge\/","title":{"rendered":"Visto para viajar para Cambridge no Reino Unido"},"content":{"rendered":"\n<h1 class=\"wp-block-heading\">Vistos para viajar para ou fazer escala em Cambridge  <\/h1>\n\n<p><a href=\"https:\/\/uk-gb.net\/pt-pt\/cambridge\/\" type=\"page\" id=\"4530\">Cambridge <\/a>\u00e9 uma cidade no leste de Inglaterra, nas margens do rio Cam. Conhecida pela sua prestigiada universidade, fundada em 1209, tem desempenhado um papel central na hist\u00f3ria da educa\u00e7\u00e3o, investiga\u00e7\u00e3o e inova\u00e7\u00e3o no Reino Unido. <\/p>\n\n<p>Os cidad\u00e3os estrangeiros que pretendam deslocar-se a Cambridge devem ser titulares de uma autoriza\u00e7\u00e3o de viagem emitida pelo Reino Unido. Existem v\u00e1rios tipos de autoriza\u00e7\u00e3o de viagem dispon\u00edveis para viajar para Cambridge. <\/p>\n\n<h2 class=\"wp-block-heading\">Preciso de um visto para Cambridge?<\/h2>\n\n<p>Cambridge \u00e9 uma cidade importante em Inglaterra, pelo que todos os cidad\u00e3os estrangeiros que pretendam entrar no Reino Unido atrav\u00e9s de Cambridge devem possuir uma autoriza\u00e7\u00e3o de resid\u00eancia. Dependendo do objetivo da sua estadia em Cambridge, os visitantes podem solicitar um <a href=\"https:\/\/uk-gb.net\/pt-pt\/visto-turista-inglaterra-reino-unido\/\">visto de turista ingl\u00eas<\/a>. <\/p>\n\n<p><strong>Para estadias inferiores a 6 meses<\/strong>: N\u00e3o \u00e9 necess\u00e1rio obter um visto para Cambridge, uma vez que a maioria dos pa\u00edses europeus isenta os seus nacionais da obriga\u00e7\u00e3o de visto. Recentemente, alguns pa\u00edses do M\u00e9dio Oriente tamb\u00e9m puderam obter uma <a href=\"https:\/\/uk-gb.net\/pt-pt\/formulario-visto-eta-online-inglaterra\/\">autoriza\u00e7\u00e3o de viagem ETA<\/a> de forma simples e f\u00e1cil em linha. <\/p>\n\n<div style=\"height:10px\" aria-hidden=\"true\" class=\"wp-block-spacer\"><\/div>\n\n<h2 class=\"wp-block-heading\">\u00c9 necess\u00e1rio um visto para uma escala em Cambridge?<\/h2>\n\n<p>H\u00e1 duas formas de fazer uma paragem em Cambridge:<\/p>\n\n<ul class=\"wp-block-list\">\n<li>Os viajantes podem solicitar um <a href=\"https:\/\/uk-gb.net\/pt-pt\/visto-de-transito-na-inglaterra-reino-unido\/\">visto de tr\u00e2nsito<\/a> para uma escala em <a href=\"https:\/\/uk-gb.net\/pt-pt\/cambridge\/\" type=\"page\" id=\"4530\">Cambridge<\/a>;<\/li>\n\n\n\n<li>Se o viajante for nacional de um <a href=\"https:\/\/uk-gb.net\/pt-pt\/paises-que-podem-solicitar-eta-reino-unido\/\">pa\u00eds membro do Programa de Isen\u00e7\u00e3o de Vistos do Reino Unido<\/a>, pode <a href=\"https:\/\/uk-gb.net\/pt-pt\/formulario-visto-eta-online-inglaterra\/\">solicitar uma ETA do Reino Unido<\/a> para visitar Cambridge sem visto.<\/li>\n<\/ul>\n\n<div style=\"height:10px\" aria-hidden=\"true\" class=\"wp-block-spacer\"><\/div>\n\n<h2 class=\"wp-block-heading\">Quanto custa um visto para Cambridge?<\/h2>\n\n<p>O pre\u00e7o de um visto para <a href=\"https:\/\/uk-gb.net\/pt-pt\/cambridge\/\" type=\"page\" id=\"4530\">Cambridge<\/a> depende do tipo de visto de que necessitas para viajar para o Reino Unido. A taxa administrativa para um visto de turista visitante com uma dura\u00e7\u00e3o m\u00e1xima de 6 meses \u00e9 de 115 libras esterlinas. Para estadias mais longas, os <a href=\"https:\/\/uk-gb.net\/pt-pt\/preco-do-visto-para-inglaterra\/\">custos administrativos do visto<\/a> s\u00e3o mais elevados. Se o viajante for eleg\u00edvel para obter uma <a href=\"https:\/\/uk-gb.net\/pt-pt\/eta-inglaterra-reino-unido\/\">ETA para o Reino Unido<\/a>, ent\u00e3o o pre\u00e7o ser\u00e1 mais baixo: Uma <a href=\"https:\/\/uk-gb.net\/pt-pt\/preco-eta-reino-unido\/\">ETA custa<\/a> 10 libras.<\/p>\n\n<h2 class=\"wp-block-heading\">Como posso obter um visto para Cambridge?<\/h2>\n\n<p>Para obter um visto para Cambridge, os cidad\u00e3os estrangeiros devem seguir um <a href=\"https:\/\/uk-gb.net\/pt-pt\/procedimento-visto-reino-unido\/\">procedimento de pedido de visto em linha<\/a>. Este processo compreende v\u00e1rias fases:<\/p>\n\n<ul class=\"wp-block-list\">\n<li>Escolha o tipo de visto em fun\u00e7\u00e3o do motivo da viagem ;<\/li>\n\n\n\n<li>Reunir os documentos comprovativos necess\u00e1rios;<\/li>\n\n\n\n<li>Preencher o formul\u00e1rio de pedido de visto em linha ;<\/li>\n\n\n\n<li>Pagar a <a href=\"https:\/\/uk-gb.net\/pt-pt\/preco-do-visto-para-inglaterra\/\">taxa de visto<\/a>;<\/li>\n\n\n\n<li>Marcar uma reuni\u00e3o com uma <a href=\"https:\/\/uk-gb.net\/pt-pt\/embaixada-britanica-em-portugal\/\">embaixada brit\u00e2nica<\/a>;<\/li>\n\n\n\n<li>Apresenta\u00e7\u00e3o de documentos para finalizar o pedido de visto;<\/li>\n\n\n\n<li>Comparecer a uma <a href=\"https:\/\/uk-gb.net\/pt-pt\/nomeacao-de-visto-embaixada-inglaterra\/\">entrevista para obten\u00e7\u00e3o de visto<\/a>, se o seu pedido o exigir.<\/li>\n<\/ul>\n\n<div style=\"height:10px\" aria-hidden=\"true\" class=\"wp-block-spacer\"><\/div>\n\n<h2 class=\"wp-block-heading\">Preciso de uma autoriza\u00e7\u00e3o ETA para Cambridge?<\/h2>\n\n<p>Um cidad\u00e3o estrangeiro eleg\u00edvel pode candidatar-se a uma ETA para Cambridge. A sua obten\u00e7\u00e3o demora muito pouco tempo. A ETA para Oxford \u00e9 v\u00e1lida por 2 anos para estadias de at\u00e9 6 meses consecutivos no Reino Unido.  <\/p>\n\n<h2 class=\"wp-block-heading\">Imagem de um visto para Cambridge no Reino Unido<\/h2>\n\n<p>Esta \u00e9 uma fotografia de um visto para Inglaterra. Este visto permite-lhe entrar no Reino Unido atrav\u00e9s da cidade de Cambridge. <\/p>\n\n<figure class=\"wp-block-image size-full\"><img fetchpriority=\"high\" decoding=\"async\" width=\"564\" height=\"338\" src=\"https:\/\/uk-gb.net\/wp-content\/uploads\/2024\/03\/UK-visa-C.jpg\" alt=\"visto tur&#xED;stico Reino Unido\" class=\"wp-image-1890\" srcset=\"https:\/\/uk-gb.net\/wp-content\/uploads\/2024\/03\/UK-visa-C.jpg 564w, https:\/\/uk-gb.net\/wp-content\/uploads\/2024\/03\/UK-visa-C-300x180.jpg 300w\" sizes=\"(max-width: 564px) 100vw, 564px\" \/><figcaption class=\"wp-element-caption\"><a href=\"https:\/\/uk-gb.net\/pt-pt\/visto-turista-inglaterra-reino-unido\/\">Visto de turista com fotografia Inglaterra<\/a><\/figcaption><\/figure>\n\n<p><\/p>\n","protected":false},"excerpt":{"rendered":"<p>Vistos para viajar para ou fazer escala em Cambridge Cambridge \u00e9 uma cidade no leste de Inglaterra, nas margens do rio Cam. Conhecida pela sua prestigiada universidade, fundada em 1209, tem desempenhado um papel central na hist\u00f3ria da educa\u00e7\u00e3o, investiga\u00e7\u00e3o e inova\u00e7\u00e3o no Reino Unido. Os cidad\u00e3os estrangeiros que pretendam deslocar-se a Cambridge devem ser [&hellip;]<\/p>\n","protected":false},"author":1,"featured_media":0,"parent":0,"menu_order":0,"comment_status":"closed","ping_status":"closed","template":"","meta":{"footnotes":""},"class_list":["post-883","page","type-page","status-publish","hentry"],"yoast_head":"<!-- This site is optimized with the Yoast SEO plugin v27.3 - https:\/\/yoast.com\/product\/yoast-seo-wordpress\/ -->\n<title>Visto para viajar para Cambridge no Reino Unido - UK GB<\/title>\n<meta name=\"description\" content=\"Obter um visto ou um certificado de viagem para Cambridge. \u00c9 necess\u00e1ria autoriza\u00e7\u00e3o para viajar para ou fazer escala em Cambridge\" \/>\n<meta name=\"robots\" content=\"index, follow, max-snippet:-1, max-image-preview:large, max-video-preview:-1\" \/>\n<link rel=\"canonical\" href=\"https:\/\/uk-gb.net\/pt-pt\/visto-cambridge\/\" \/>\n<meta property=\"og:locale\" content=\"pt_PT\" \/>\n<meta property=\"og:type\" content=\"article\" \/>\n<meta property=\"og:title\" content=\"Visto para viajar para Cambridge no Reino Unido - UK GB\" \/>\n<meta property=\"og:description\" content=\"Obter um visto ou um certificado de viagem para Cambridge. \u00c9 necess\u00e1ria autoriza\u00e7\u00e3o para viajar para ou fazer escala em Cambridge\" \/>\n<meta property=\"og:url\" content=\"https:\/\/uk-gb.net\/pt-pt\/visto-cambridge\/\" \/>\n<meta property=\"og:site_name\" content=\"UK GB\" \/>\n<meta property=\"article:modified_time\" content=\"2026-02-05T13:18:35+00:00\" \/>\n<meta property=\"og:image\" content=\"https:\/\/uk-gb.net\/wp-content\/uploads\/2024\/03\/UK-visa-C.jpg\" \/>\n\t<meta property=\"og:image:width\" content=\"564\" \/>\n\t<meta property=\"og:image:height\" content=\"338\" \/>\n\t<meta property=\"og:image:type\" content=\"image\/jpeg\" \/>\n<meta name=\"twitter:card\" content=\"summary_large_image\" \/>\n<meta name=\"twitter:label1\" content=\"Tempo estimado de leitura\" \/>\n\t<meta name=\"twitter:data1\" content=\"3 minutos\" \/>\n<script type=\"application\/ld+json\" class=\"yoast-schema-graph\">{\"@context\":\"https:\\\/\\\/schema.org\",\"@graph\":[{\"@type\":\"WebPage\",\"@id\":\"https:\\\/\\\/uk-gb.net\\\/pt-pt\\\/visto-cambridge\\\/\",\"url\":\"https:\\\/\\\/uk-gb.net\\\/pt-pt\\\/visto-cambridge\\\/\",\"name\":\"Visto para viajar para Cambridge no Reino Unido - UK GB\",\"isPartOf\":{\"@id\":\"https:\\\/\\\/uk-gb.net\\\/pt-pt\\\/#website\"},\"primaryImageOfPage\":{\"@id\":\"https:\\\/\\\/uk-gb.net\\\/pt-pt\\\/visto-cambridge\\\/#primaryimage\"},\"image\":{\"@id\":\"https:\\\/\\\/uk-gb.net\\\/pt-pt\\\/visto-cambridge\\\/#primaryimage\"},\"thumbnailUrl\":\"https:\\\/\\\/uk-gb.net\\\/wp-content\\\/uploads\\\/2024\\\/03\\\/UK-visa-C.jpg\",\"datePublished\":\"2023-12-19T15:52:54+00:00\",\"dateModified\":\"2026-02-05T13:18:35+00:00\",\"description\":\"Obter um visto ou um certificado de viagem para Cambridge. \u00c9 necess\u00e1ria autoriza\u00e7\u00e3o para viajar para ou fazer escala em Cambridge\",\"inLanguage\":\"pt-PT\",\"potentialAction\":[{\"@type\":\"ReadAction\",\"target\":[\"https:\\\/\\\/uk-gb.net\\\/pt-pt\\\/visto-cambridge\\\/\"]}]},{\"@type\":\"ImageObject\",\"inLanguage\":\"pt-PT\",\"@id\":\"https:\\\/\\\/uk-gb.net\\\/pt-pt\\\/visto-cambridge\\\/#primaryimage\",\"url\":\"https:\\\/\\\/uk-gb.net\\\/wp-content\\\/uploads\\\/2024\\\/03\\\/UK-visa-C.jpg\",\"contentUrl\":\"https:\\\/\\\/uk-gb.net\\\/wp-content\\\/uploads\\\/2024\\\/03\\\/UK-visa-C.jpg\"},{\"@type\":\"WebSite\",\"@id\":\"https:\\\/\\\/uk-gb.net\\\/pt-pt\\\/#website\",\"url\":\"https:\\\/\\\/uk-gb.net\\\/pt-pt\\\/\",\"name\":\"UK GB\",\"description\":\"Travel to the UK\",\"potentialAction\":[{\"@type\":\"SearchAction\",\"target\":{\"@type\":\"EntryPoint\",\"urlTemplate\":\"https:\\\/\\\/uk-gb.net\\\/pt-pt\\\/?s={search_term_string}\"},\"query-input\":{\"@type\":\"PropertyValueSpecification\",\"valueRequired\":true,\"valueName\":\"search_term_string\"}}],\"inLanguage\":\"pt-PT\"}]}<\/script>\n<!-- \/ Yoast SEO plugin. -->","yoast_head_json":{"title":"Visto para viajar para Cambridge no Reino Unido - UK GB","description":"Obter um visto ou um certificado de viagem para Cambridge. \u00c9 necess\u00e1ria autoriza\u00e7\u00e3o para viajar para ou fazer escala em Cambridge","robots":{"index":"index","follow":"follow","max-snippet":"max-snippet:-1","max-image-preview":"max-image-preview:large","max-video-preview":"max-video-preview:-1"},"canonical":"https:\/\/uk-gb.net\/pt-pt\/visto-cambridge\/","og_locale":"pt_PT","og_type":"article","og_title":"Visto para viajar para Cambridge no Reino Unido - UK GB","og_description":"Obter um visto ou um certificado de viagem para Cambridge. \u00c9 necess\u00e1ria autoriza\u00e7\u00e3o para viajar para ou fazer escala em Cambridge","og_url":"https:\/\/uk-gb.net\/pt-pt\/visto-cambridge\/","og_site_name":"UK GB","article_modified_time":"2026-02-05T13:18:35+00:00","og_image":[{"width":564,"height":338,"url":"https:\/\/uk-gb.net\/wp-content\/uploads\/2024\/03\/UK-visa-C.jpg","type":"image\/jpeg"}],"twitter_card":"summary_large_image","twitter_misc":{"Tempo estimado de leitura":"3 minutos"},"schema":{"@context":"https:\/\/schema.org","@graph":[{"@type":"WebPage","@id":"https:\/\/uk-gb.net\/pt-pt\/visto-cambridge\/","url":"https:\/\/uk-gb.net\/pt-pt\/visto-cambridge\/","name":"Visto para viajar para Cambridge no Reino Unido - UK GB","isPartOf":{"@id":"https:\/\/uk-gb.net\/pt-pt\/#website"},"primaryImageOfPage":{"@id":"https:\/\/uk-gb.net\/pt-pt\/visto-cambridge\/#primaryimage"},"image":{"@id":"https:\/\/uk-gb.net\/pt-pt\/visto-cambridge\/#primaryimage"},"thumbnailUrl":"https:\/\/uk-gb.net\/wp-content\/uploads\/2024\/03\/UK-visa-C.jpg","datePublished":"2023-12-19T15:52:54+00:00","dateModified":"2026-02-05T13:18:35+00:00","description":"Obter um visto ou um certificado de viagem para Cambridge. \u00c9 necess\u00e1ria autoriza\u00e7\u00e3o para viajar para ou fazer escala em Cambridge","inLanguage":"pt-PT","potentialAction":[{"@type":"ReadAction","target":["https:\/\/uk-gb.net\/pt-pt\/visto-cambridge\/"]}]},{"@type":"ImageObject","inLanguage":"pt-PT","@id":"https:\/\/uk-gb.net\/pt-pt\/visto-cambridge\/#primaryimage","url":"https:\/\/uk-gb.net\/wp-content\/uploads\/2024\/03\/UK-visa-C.jpg","contentUrl":"https:\/\/uk-gb.net\/wp-content\/uploads\/2024\/03\/UK-visa-C.jpg"},{"@type":"WebSite","@id":"https:\/\/uk-gb.net\/pt-pt\/#website","url":"https:\/\/uk-gb.net\/pt-pt\/","name":"UK GB","description":"Travel to the UK","potentialAction":[{"@type":"SearchAction","target":{"@type":"EntryPoint","urlTemplate":"https:\/\/uk-gb.net\/pt-pt\/?s={search_term_string}"},"query-input":{"@type":"PropertyValueSpecification","valueRequired":true,"valueName":"search_term_string"}}],"inLanguage":"pt-PT"}]}},"_links":{"self":[{"href":"https:\/\/uk-gb.net\/pt-pt\/wp-json\/wp\/v2\/pages\/883","targetHints":{"allow":["GET"]}}],"collection":[{"href":"https:\/\/uk-gb.net\/pt-pt\/wp-json\/wp\/v2\/pages"}],"about":[{"href":"https:\/\/uk-gb.net\/pt-pt\/wp-json\/wp\/v2\/types\/page"}],"author":[{"embeddable":true,"href":"https:\/\/uk-gb.net\/pt-pt\/wp-json\/wp\/v2\/users\/1"}],"replies":[{"embeddable":true,"href":"https:\/\/uk-gb.net\/pt-pt\/wp-json\/wp\/v2\/comments?post=883"}],"version-history":[{"count":0,"href":"https:\/\/uk-gb.net\/pt-pt\/wp-json\/wp\/v2\/pages\/883\/revisions"}],"wp:attachment":[{"href":"https:\/\/uk-gb.net\/pt-pt\/wp-json\/wp\/v2\/media?parent=883"}],"curies":[{"name":"wp","href":"https:\/\/api.w.org\/{rel}","templated":true}]}}