{"id":869,"date":"2023-12-19T16:05:55","date_gmt":"2023-12-19T16:05:55","guid":{"rendered":"https:\/\/uk-gb.net\/visto-para-inglaterra-da-arabia-saudita\/"},"modified":"2025-11-17T17:43:53","modified_gmt":"2025-11-17T17:43:53","slug":"visto-para-inglaterra-da-arabia-saudita","status":"publish","type":"page","link":"https:\/\/uk-gb.net\/pt-pt\/visto-para-inglaterra-da-arabia-saudita\/","title":{"rendered":"Visto da Ar\u00e1bia Saudita para o Reino Unido"},"content":{"rendered":"\n<h1 class=\"wp-block-heading\">Visto de viagem para cidad\u00e3os da Ar\u00e1bia Saudita no Reino Unido<\/h1>\n\n<p>\u00c9s um cidad\u00e3o ou residente da Ar\u00e1bia Saudita e gostarias de viajar para o Reino Unido? Informa-te sobre as formalidades a cumprir, o sistema ETA, os tipos de visto dispon\u00edveis e os passos a dar para apresentares o teu pedido. <\/p>\n\n<h2 class=\"wp-block-heading\">Preciso de um visto para viajar da Ar\u00e1bia Saudita para o Reino Unido?<\/h2>\n\n<p>Desde <strong>22 de fevereiro de 2024<\/strong>, os cidad\u00e3os sauditas j\u00e1 n\u00e3o precisam de um <a href=\"https:\/\/uk-gb.net\/pt-pt\/visto-turista-inglaterra-reino-unido\/\">visto de turista<\/a> para viajar para o Reino Unido. Os cidad\u00e3os sauditas podem obter uma autoriza\u00e7\u00e3o eletr\u00f3nica de viagem que lhes permite permanecer no Reino Unido por um per\u00edodo m\u00e1ximo de <strong>6 meses<\/strong>.<\/p>\n\n<p><strong>Para obter esta autoriza\u00e7\u00e3o de viagem em apenas alguns minutos<\/strong>, preenche o <a href=\"https:\/\/uk-gb.net\/pt-pt\/formulario-visto-eta-online-inglaterra\/\">formul\u00e1rio ETA em linha<\/a>.<\/p>\n\n<div style=\"height:10px\" aria-hidden=\"true\" class=\"wp-block-spacer\"><\/div>\n\n<p>Esta autoriza\u00e7\u00e3o eletr\u00f3nica de viagem permite-te permanecer no Reino Unido durante :<\/p>\n\n<ul class=\"wp-block-list\">\n<li>uma viagem tur\u00edstica,<\/li>\n\n\n\n<li>uma viagem de neg\u00f3cios,<\/li>\n\n\n\n<li>uma visita familiar,<\/li>\n\n\n\n<li>uma curta estadia de estudo,<\/li>\n\n\n\n<li>ou tr\u00e2nsito aeroportu\u00e1rio.<\/li>\n<\/ul>\n\n<div style=\"height:10px\" aria-hidden=\"true\" class=\"wp-block-spacer\"><\/div>\n\n<h2 class=\"wp-block-heading\">Como posso solicitar uma ETA para o Reino Unido a partir da Ar\u00e1bia Saudita?<\/h2>\n\n<p>O pedido de <a href=\"https:\/\/uk-gb.net\/pt-pt\/eta-inglaterra-reino-unido\/\">ETA para o Reino Unido<\/a> \u00e9 simples e 100% online:<\/p>\n\n<ol class=\"wp-block-list\">\n<li><strong>Visita o portal oficial<\/strong>: <a>gov.uk\/eta<\/a><\/li>\n\n\n\n<li>Preenche <strong>o formul\u00e1rio<\/strong> com os dados pessoais do viajante.<\/li>\n\n\n\n<li><strong>Carrega uma fotografia<\/strong> (por exemplo, uma selfie) diretamente atrav\u00e9s do formul\u00e1rio ou da aplica\u00e7\u00e3o m\u00f3vel.<\/li>\n\n\n\n<li><strong>Paga a taxa<\/strong> de cerca de <strong>16 libras (19 euros)<\/strong> com cart\u00e3o de cr\u00e9dito.<\/li>\n\n\n\n<li><strong>Recebe a tua ETA por e-mail<\/strong> dentro de alguns minutos at\u00e9 um m\u00e1ximo de 3 dias.<\/li>\n<\/ol>\n\n<p>O ETA \u00e9 <strong>v\u00e1lido por 2 anos<\/strong> ou at\u00e9 \u00e0 expira\u00e7\u00e3o do passaporte. Permite <strong>m\u00faltiplas entradas<\/strong> no Reino Unido durante este per\u00edodo. <\/p>\n\n<h2 class=\"wp-block-heading\">Quem pode solicitar uma ETA da Ar\u00e1bia Saudita?<\/h2>\n\n<p>A ETA s\u00f3 est\u00e1 dispon\u00edvel para os <strong>cidad\u00e3os sauditas<\/strong> titulares de um <strong>passaporte biom\u00e9trico<\/strong>. Os estrangeiros residentes na Ar\u00e1bia Saudita que n\u00e3o sejam cidad\u00e3os de um pa\u00eds eleg\u00edvel devem <a href=\"https:\/\/uk-gb.net\/pt-pt\/procedimento-visto-reino-unido\/\">solicitar um visto brit\u00e2nico<\/a> no <a href=\"https:\/\/uk-gb.net\/pt-pt\/embaixada-britanica-em-portugal\/\">Consulado Brit\u00e2nico<\/a>. <\/p>\n\n<h2 class=\"wp-block-heading\">Preciso de um visto se n\u00e3o preencher as condi\u00e7\u00f5es da ETA?<\/h2>\n\n<p>Sim. Se \u00e9s : <\/p>\n\n<ul class=\"wp-block-list\">\n<li>N\u00e3o \u00e9s nacional de um <a href=\"https:\/\/uk-gb.net\/pt-pt\/paises-que-podem-solicitar-eta-reino-unido\/\">pa\u00eds eleg\u00edvel para a ETA<\/a>,<\/li>\n\n\n\n<li>Ou se pretenderes permanecer no Reino Unido <strong>por mais de 6 meses<\/strong>,<\/li>\n\n\n\n<li>Ou se vieres <strong>trabalhar, casar ou estudar durante muito tempo<\/strong>,<\/li>\n<\/ul>\n\n<p>tens de <strong>pedir um visto normal para o Reino Unido<\/strong>.<\/p>\n\n<h2 class=\"wp-block-heading\">Onde posso pedir um visto para o Reino Unido a partir da Ar\u00e1bia Saudita?<\/h2>\n\n<p>Os pedidos de visto podem ser feitos no s\u00edtio Web oficial <a class=\"\" href=\"https:\/\/www.gov.uk\">www.gov.uk.<\/a> Depois de teres enviado o formul\u00e1rio e pago, ter\u00e1s de <strong>marcar uma entrevista num centro TLScontact<\/strong> ou <strong>VFS Global<\/strong> em :<\/p>\n\n<ul class=\"wp-block-list\">\n<li>Riade<\/li>\n\n\n\n<li>Jeddah<\/li>\n\n\n\n<li>ou Al Khobar<\/li>\n<\/ul>\n\n<p>Ter\u00e1s de te deslocar ao local com os documentos originais e tirar as tuas <strong>impress\u00f5es digitais biom\u00e9tricas<\/strong>.<\/p>\n\n<h2 class=\"wp-block-heading\">Que tipos de vistos est\u00e3o dispon\u00edveis?<\/h2>\n\n<p>Se n\u00e3o conseguires obter uma ETA, podes requerer um dos seguintes vistos:<\/p>\n\n<ul class=\"wp-block-list\">\n<li><a href=\"https:\/\/uk-gb.net\/pt-pt\/visto-turista-inglaterra-reino-unido\/\">Visto de turista<\/a><\/li>\n\n\n\n<li><a href=\"https:\/\/uk-gb.net\/pt-pt\/visto-de-estudante-para-inglaterra\/\">Visto de estudante<\/a><\/li>\n\n\n\n<li><a href=\"https:\/\/uk-gb.net\/pt-pt\/visto-de-negocios-para-inglaterra-reino-unido\/\">Visto de neg\u00f3cios<\/a><\/li>\n\n\n\n<li><strong>Visto de fam\u00edlia<\/strong><\/li>\n\n\n\n<li><strong>Visto de trabalho<\/strong><\/li>\n\n\n\n<li><a href=\"https:\/\/uk-gb.net\/pt-pt\/visto-de-transito-na-inglaterra-reino-unido\/\">Visto de tr\u00e2nsito<\/a><\/li>\n<\/ul>\n\n<div style=\"height:10px\" aria-hidden=\"true\" class=\"wp-block-spacer\"><\/div>\n\n<h2 class=\"wp-block-heading\">Posso viajar para o Reino Unido a partir da Ar\u00e1bia Saudita sem visto?<\/h2>\n\n<p>N\u00e3o, mesmo para um simples <strong>tr\u00e2nsito aeroportu\u00e1rio sem sa\u00edda<\/strong>, os cidad\u00e3os sauditas devem obter <strong>uma autoriza\u00e7\u00e3o ETA<\/strong> antes de partirem para um destino atrav\u00e9s do Reino Unido.<\/p>\n\n<p>Existem duas formas de os cidad\u00e3os da Ar\u00e1bia Saudita fazerem escala no Reino Unido:<\/p>\n\n<ul class=\"wp-block-list\">\n<li>Os viajantes sauditas podem solicitar um <a href=\"https:\/\/uk-gb.net\/pt-pt\/visto-de-transito-na-inglaterra-reino-unido\/\">visto de tr\u00e2nsito<\/a> para efetuar uma escala;<\/li>\n\n\n\n<li>Os viajantes da Ar\u00e1bia Saudita podem agora viajar com autoriza\u00e7\u00e3o da <a href=\"https:\/\/uk-gb.net\/pt-pt\/eta-inglaterra-reino-unido\/\">ETA UK<\/a> para fazer escala em Inglaterra sem necessidade de visto.<\/li>\n<\/ul>\n","protected":false},"excerpt":{"rendered":"<p>Visto de viagem para cidad\u00e3os da Ar\u00e1bia Saudita no Reino Unido \u00c9s um cidad\u00e3o ou residente da Ar\u00e1bia Saudita e gostarias de viajar para o Reino Unido? Informa-te sobre as formalidades a cumprir, o sistema ETA, os tipos de visto dispon\u00edveis e os passos a dar para apresentares o teu pedido. Preciso de um visto [&hellip;]<\/p>\n","protected":false},"author":1,"featured_media":0,"parent":0,"menu_order":0,"comment_status":"closed","ping_status":"closed","template":"","meta":{"footnotes":""},"class_list":["post-869","page","type-page","status-publish","hentry"],"yoast_head":"<!-- This site is optimized with the Yoast SEO plugin v27.4 - https:\/\/yoast.com\/product\/yoast-seo-wordpress\/ -->\n<title>Visto da Ar\u00e1bia Saudita para o Reino Unido - UK GB<\/title>\n<meta name=\"description\" content=\"Quais s\u00e3o as formalidades administrativas para um cidad\u00e3o da Ar\u00e1bia Saudita que pretenda viajar para o Reino Unido?\" \/>\n<meta name=\"robots\" content=\"index, follow, max-snippet:-1, max-image-preview:large, max-video-preview:-1\" \/>\n<link rel=\"canonical\" href=\"https:\/\/uk-gb.net\/pt-pt\/visto-para-inglaterra-da-arabia-saudita\/\" \/>\n<meta property=\"og:locale\" content=\"pt_PT\" \/>\n<meta property=\"og:type\" content=\"article\" \/>\n<meta property=\"og:title\" content=\"Visto da Ar\u00e1bia Saudita para o Reino Unido - UK GB\" \/>\n<meta property=\"og:description\" content=\"Quais s\u00e3o as formalidades administrativas para um cidad\u00e3o da Ar\u00e1bia Saudita que pretenda viajar para o Reino Unido?\" \/>\n<meta property=\"og:url\" content=\"https:\/\/uk-gb.net\/pt-pt\/visto-para-inglaterra-da-arabia-saudita\/\" \/>\n<meta property=\"og:site_name\" content=\"UK GB\" \/>\n<meta property=\"article:modified_time\" content=\"2025-11-17T17:43:53+00:00\" \/>\n<meta name=\"twitter:card\" content=\"summary_large_image\" \/>\n<meta name=\"twitter:label1\" content=\"Tempo estimado de leitura\" \/>\n\t<meta name=\"twitter:data1\" content=\"3 minutos\" \/>\n<script type=\"application\/ld+json\" class=\"yoast-schema-graph\">{\"@context\":\"https:\\\/\\\/schema.org\",\"@graph\":[{\"@type\":\"WebPage\",\"@id\":\"https:\\\/\\\/uk-gb.net\\\/pt-pt\\\/visto-para-inglaterra-da-arabia-saudita\\\/\",\"url\":\"https:\\\/\\\/uk-gb.net\\\/pt-pt\\\/visto-para-inglaterra-da-arabia-saudita\\\/\",\"name\":\"Visto da Ar\u00e1bia Saudita para o Reino Unido - UK GB\",\"isPartOf\":{\"@id\":\"https:\\\/\\\/uk-gb.net\\\/pt-pt\\\/#website\"},\"datePublished\":\"2023-12-19T16:05:55+00:00\",\"dateModified\":\"2025-11-17T17:43:53+00:00\",\"description\":\"Quais s\u00e3o as formalidades administrativas para um cidad\u00e3o da Ar\u00e1bia Saudita que pretenda viajar para o Reino Unido?\",\"inLanguage\":\"pt-PT\",\"potentialAction\":[{\"@type\":\"ReadAction\",\"target\":[\"https:\\\/\\\/uk-gb.net\\\/pt-pt\\\/visto-para-inglaterra-da-arabia-saudita\\\/\"]}]},{\"@type\":\"WebSite\",\"@id\":\"https:\\\/\\\/uk-gb.net\\\/pt-pt\\\/#website\",\"url\":\"https:\\\/\\\/uk-gb.net\\\/pt-pt\\\/\",\"name\":\"UK GB\",\"description\":\"Travel to the UK\",\"potentialAction\":[{\"@type\":\"SearchAction\",\"target\":{\"@type\":\"EntryPoint\",\"urlTemplate\":\"https:\\\/\\\/uk-gb.net\\\/pt-pt\\\/?s={search_term_string}\"},\"query-input\":{\"@type\":\"PropertyValueSpecification\",\"valueRequired\":true,\"valueName\":\"search_term_string\"}}],\"inLanguage\":\"pt-PT\"}]}<\/script>\n<!-- \/ Yoast SEO plugin. -->","yoast_head_json":{"title":"Visto da Ar\u00e1bia Saudita para o Reino Unido - UK GB","description":"Quais s\u00e3o as formalidades administrativas para um cidad\u00e3o da Ar\u00e1bia Saudita que pretenda viajar para o Reino Unido?","robots":{"index":"index","follow":"follow","max-snippet":"max-snippet:-1","max-image-preview":"max-image-preview:large","max-video-preview":"max-video-preview:-1"},"canonical":"https:\/\/uk-gb.net\/pt-pt\/visto-para-inglaterra-da-arabia-saudita\/","og_locale":"pt_PT","og_type":"article","og_title":"Visto da Ar\u00e1bia Saudita para o Reino Unido - UK GB","og_description":"Quais s\u00e3o as formalidades administrativas para um cidad\u00e3o da Ar\u00e1bia Saudita que pretenda viajar para o Reino Unido?","og_url":"https:\/\/uk-gb.net\/pt-pt\/visto-para-inglaterra-da-arabia-saudita\/","og_site_name":"UK GB","article_modified_time":"2025-11-17T17:43:53+00:00","twitter_card":"summary_large_image","twitter_misc":{"Tempo estimado de leitura":"3 minutos"},"schema":{"@context":"https:\/\/schema.org","@graph":[{"@type":"WebPage","@id":"https:\/\/uk-gb.net\/pt-pt\/visto-para-inglaterra-da-arabia-saudita\/","url":"https:\/\/uk-gb.net\/pt-pt\/visto-para-inglaterra-da-arabia-saudita\/","name":"Visto da Ar\u00e1bia Saudita para o Reino Unido - UK GB","isPartOf":{"@id":"https:\/\/uk-gb.net\/pt-pt\/#website"},"datePublished":"2023-12-19T16:05:55+00:00","dateModified":"2025-11-17T17:43:53+00:00","description":"Quais s\u00e3o as formalidades administrativas para um cidad\u00e3o da Ar\u00e1bia Saudita que pretenda viajar para o Reino Unido?","inLanguage":"pt-PT","potentialAction":[{"@type":"ReadAction","target":["https:\/\/uk-gb.net\/pt-pt\/visto-para-inglaterra-da-arabia-saudita\/"]}]},{"@type":"WebSite","@id":"https:\/\/uk-gb.net\/pt-pt\/#website","url":"https:\/\/uk-gb.net\/pt-pt\/","name":"UK GB","description":"Travel to the UK","potentialAction":[{"@type":"SearchAction","target":{"@type":"EntryPoint","urlTemplate":"https:\/\/uk-gb.net\/pt-pt\/?s={search_term_string}"},"query-input":{"@type":"PropertyValueSpecification","valueRequired":true,"valueName":"search_term_string"}}],"inLanguage":"pt-PT"}]}},"_links":{"self":[{"href":"https:\/\/uk-gb.net\/pt-pt\/wp-json\/wp\/v2\/pages\/869","targetHints":{"allow":["GET"]}}],"collection":[{"href":"https:\/\/uk-gb.net\/pt-pt\/wp-json\/wp\/v2\/pages"}],"about":[{"href":"https:\/\/uk-gb.net\/pt-pt\/wp-json\/wp\/v2\/types\/page"}],"author":[{"embeddable":true,"href":"https:\/\/uk-gb.net\/pt-pt\/wp-json\/wp\/v2\/users\/1"}],"replies":[{"embeddable":true,"href":"https:\/\/uk-gb.net\/pt-pt\/wp-json\/wp\/v2\/comments?post=869"}],"version-history":[{"count":0,"href":"https:\/\/uk-gb.net\/pt-pt\/wp-json\/wp\/v2\/pages\/869\/revisions"}],"wp:attachment":[{"href":"https:\/\/uk-gb.net\/pt-pt\/wp-json\/wp\/v2\/media?parent=869"}],"curies":[{"name":"wp","href":"https:\/\/api.w.org\/{rel}","templated":true}]}}