{"id":861,"date":"2023-12-07T16:36:32","date_gmt":"2023-12-07T16:36:32","guid":{"rendered":"https:\/\/uk-gb.net\/visto-de-crianca-para-inglaterra\/"},"modified":"2026-01-05T15:28:06","modified_gmt":"2026-01-05T15:28:06","slug":"visto-de-crianca-para-inglaterra","status":"publish","type":"page","link":"https:\/\/uk-gb.net\/pt-pt\/visto-de-crianca-para-inglaterra\/","title":{"rendered":"Visto de crian\u00e7a para viajar para Inglaterra e para o Reino Unido"},"content":{"rendered":"\n<p>As crian\u00e7as, tal como os adultos, necessitam de um visto para entrar em Inglaterra se n\u00e3o forem cidad\u00e3os de um pa\u00eds isento de visto. Os requisitos podem variar consoante a nacionalidade da crian\u00e7a e a dura\u00e7\u00e3o da estadia prevista. <\/p>\n\n<p><strong>Para uma estadia de curta dura\u00e7\u00e3o no Reino Unido<\/strong>: n\u00e3o precisas de obter um visto para crian\u00e7as se fores nacional de um <a href=\"https:\/\/uk-gb.net\/pt-pt\/paises-que-podem-solicitar-eta-reino-unido\/\">pa\u00eds eleg\u00edvel para a ETA do Reino Unido<\/a>. Basta preencheres o <a href=\"https:\/\/uk-gb.net\/pt-pt\/formulario-visto-eta-online-inglaterra\/\">formul\u00e1rio eTA em linha em<\/a> nome da tua crian\u00e7a.<\/p>\n\n<div style=\"height:10px\" aria-hidden=\"true\" class=\"wp-block-spacer\"><\/div>\n\n<h2 class=\"wp-block-heading\">Que tipos de vistos brit\u00e2nicos est\u00e3o dispon\u00edveis para crian\u00e7as?<\/h2>\n\n<h3 class=\"wp-block-heading\">Visto de turista para crian\u00e7as<\/h3>\n\n<p>O <a href=\"https:\/\/uk-gb.net\/pt-pt\/visto-turista-inglaterra-reino-unido\/\">visto de turista do Reino Unido<\/a> \u00e9 o tipo de visto mais comum para crian\u00e7as que viajam para Inglaterra de f\u00e9rias ou para visitar amigos e familiares. Este visto permite uma estadia de seis meses.<\/p>\n\n<h3 class=\"wp-block-heading\">Visto de estudante para uma crian\u00e7a<\/h3>\n\n<p>Se o teu filho tenciona estudar em Inglaterra, precisar\u00e1 de um <a href=\"https:\/\/uk-gb.net\/pt-pt\/visto-de-estudante-para-inglaterra\/\">visto de estudante brit\u00e2nico<\/a>. Existem diferentes tipos de vistos de estudante, consoante a idade da crian\u00e7a e a dura\u00e7\u00e3o do seu curso.<\/p>\n\n<h3 class=\"wp-block-heading\">Visto de fam\u00edlia para permitir que uma crian\u00e7a viaje para o Reino Unido<\/h3>\n\n<p>Para as crian\u00e7as que se juntam aos seus pais ou tutores que vivem em Inglaterra, pode ser necess\u00e1rio um <a href=\"https:\/\/uk-gb.net\/pt-pt\/visto-de-familia-para-inglaterra\/\">visto de fam\u00edlia ingl\u00eas<\/a>. Este tipo de visto \u00e9 geralmente utilizado para estadias de longa dura\u00e7\u00e3o.<\/p>\n\n<h2 class=\"wp-block-heading\">Procedimento de pedido de visto para um filho menor<\/h2>\n\n<h3 class=\"wp-block-heading\">Documentos necess\u00e1rios para requerer um visto para crian\u00e7as<\/h3>\n\n<p>Segue-se a lista dos documentos necess\u00e1rios para requerer um visto para um filho menor:<\/p>\n\n<ul class=\"wp-block-list\">\n<li>Um passaporte v\u00e1lido para a crian\u00e7a.<\/li>\n\n\n\n<li>Uma fotografia recente para passaporte.<\/li>\n\n\n\n<li>O formul\u00e1rio de pedido de visto preenchido.<\/li>\n\n\n\n<li>Prova de recursos financeiros suficientes.<\/li>\n\n\n\n<li>Uma carta de convite (se aplic\u00e1vel).<\/li>\n\n\n\n<li>Comprovativo de matr\u00edcula na escola (para vistos de estudante).<\/li>\n<\/ul>\n\n<div style=\"height:10px\" aria-hidden=\"true\" class=\"wp-block-spacer\"><\/div>\n\n<h3 class=\"wp-block-heading\">Passos para requerer um visto para uma crian\u00e7a<\/h3>\n\n<ul class=\"wp-block-list\">\n<li>Preenche o formul\u00e1rio de pedido de visto em linha no s\u00edtio Web do Governo do Reino Unido.<\/li>\n\n\n\n<li>Marca uma <a href=\"https:\/\/uk-gb.net\/pt-pt\/nomeacao-de-visto-embaixada-inglaterra\/\">entrevista para pedir um visto<\/a> num centro de vistos para apresentar os documentos necess\u00e1rios e fornecer os dados biom\u00e9tricos da crian\u00e7a.<\/li>\n\n\n\n<li>Paga as <a href=\"https:\/\/uk-gb.net\/pt-pt\/preco-do-visto-para-inglaterra\/\">taxas de visto<\/a> de acordo com o tipo de visto e a dura\u00e7\u00e3o da estadia.<\/li>\n\n\n\n<li>Espera algumas semanas para que os pedidos de visto sejam processados antes de obteres uma decis\u00e3o final.<\/li>\n<\/ul>\n\n<div style=\"height:10px\" aria-hidden=\"true\" class=\"wp-block-spacer\"><\/div>\n\n<div style=\"height:10px\" aria-hidden=\"true\" class=\"wp-block-spacer\"><\/div>\n","protected":false},"excerpt":{"rendered":"<p>As crian\u00e7as, tal como os adultos, necessitam de um visto para entrar em Inglaterra se n\u00e3o forem cidad\u00e3os de um pa\u00eds isento de visto. Os requisitos podem variar consoante a nacionalidade da crian\u00e7a e a dura\u00e7\u00e3o da estadia prevista. Para uma estadia de curta dura\u00e7\u00e3o no Reino Unido: n\u00e3o precisas de obter um visto para [&hellip;]<\/p>\n","protected":false},"author":1,"featured_media":0,"parent":0,"menu_order":0,"comment_status":"closed","ping_status":"closed","template":"","meta":{"footnotes":""},"class_list":["post-861","page","type-page","status-publish","hentry"],"yoast_head":"<!-- This site is optimized with the Yoast SEO plugin v27.3 - https:\/\/yoast.com\/product\/yoast-seo-wordpress\/ -->\n<title>Visto de crian\u00e7a para viajar para Inglaterra e para o Reino Unido - UK GB<\/title>\n<meta name=\"description\" content=\"A obten\u00e7\u00e3o de um visto de viagem para crian\u00e7as em Inglaterra permite-lhe viajar para o Reino Unido durante um determinado per\u00edodo de tempo.\" \/>\n<meta name=\"robots\" content=\"index, follow, max-snippet:-1, max-image-preview:large, max-video-preview:-1\" \/>\n<link rel=\"canonical\" href=\"https:\/\/uk-gb.net\/pt-pt\/visto-de-crianca-para-inglaterra\/\" \/>\n<meta property=\"og:locale\" content=\"pt_PT\" \/>\n<meta property=\"og:type\" content=\"article\" \/>\n<meta property=\"og:title\" content=\"Visto de crian\u00e7a para viajar para Inglaterra e para o Reino Unido - UK GB\" \/>\n<meta property=\"og:description\" content=\"A obten\u00e7\u00e3o de um visto de viagem para crian\u00e7as em Inglaterra permite-lhe viajar para o Reino Unido durante um determinado per\u00edodo de tempo.\" \/>\n<meta property=\"og:url\" content=\"https:\/\/uk-gb.net\/pt-pt\/visto-de-crianca-para-inglaterra\/\" \/>\n<meta property=\"og:site_name\" content=\"UK GB\" \/>\n<meta property=\"article:modified_time\" content=\"2026-01-05T15:28:06+00:00\" \/>\n<meta name=\"twitter:card\" content=\"summary_large_image\" \/>\n<meta name=\"twitter:label1\" content=\"Tempo estimado de leitura\" \/>\n\t<meta name=\"twitter:data1\" content=\"2 minutos\" \/>\n<script type=\"application\/ld+json\" class=\"yoast-schema-graph\">{\"@context\":\"https:\\\/\\\/schema.org\",\"@graph\":[{\"@type\":\"WebPage\",\"@id\":\"https:\\\/\\\/uk-gb.net\\\/pt-pt\\\/visto-de-crianca-para-inglaterra\\\/\",\"url\":\"https:\\\/\\\/uk-gb.net\\\/pt-pt\\\/visto-de-crianca-para-inglaterra\\\/\",\"name\":\"Visto de crian\u00e7a para viajar para Inglaterra e para o Reino Unido - UK GB\",\"isPartOf\":{\"@id\":\"https:\\\/\\\/uk-gb.net\\\/pt-pt\\\/#website\"},\"datePublished\":\"2023-12-07T16:36:32+00:00\",\"dateModified\":\"2026-01-05T15:28:06+00:00\",\"description\":\"A obten\u00e7\u00e3o de um visto de viagem para crian\u00e7as em Inglaterra permite-lhe viajar para o Reino Unido durante um determinado per\u00edodo de tempo.\",\"inLanguage\":\"pt-PT\",\"potentialAction\":[{\"@type\":\"ReadAction\",\"target\":[\"https:\\\/\\\/uk-gb.net\\\/pt-pt\\\/visto-de-crianca-para-inglaterra\\\/\"]}]},{\"@type\":\"WebSite\",\"@id\":\"https:\\\/\\\/uk-gb.net\\\/pt-pt\\\/#website\",\"url\":\"https:\\\/\\\/uk-gb.net\\\/pt-pt\\\/\",\"name\":\"UK GB\",\"description\":\"Travel to the UK\",\"potentialAction\":[{\"@type\":\"SearchAction\",\"target\":{\"@type\":\"EntryPoint\",\"urlTemplate\":\"https:\\\/\\\/uk-gb.net\\\/pt-pt\\\/?s={search_term_string}\"},\"query-input\":{\"@type\":\"PropertyValueSpecification\",\"valueRequired\":true,\"valueName\":\"search_term_string\"}}],\"inLanguage\":\"pt-PT\"}]}<\/script>\n<!-- \/ Yoast SEO plugin. -->","yoast_head_json":{"title":"Visto de crian\u00e7a para viajar para Inglaterra e para o Reino Unido - UK GB","description":"A obten\u00e7\u00e3o de um visto de viagem para crian\u00e7as em Inglaterra permite-lhe viajar para o Reino Unido durante um determinado per\u00edodo de tempo.","robots":{"index":"index","follow":"follow","max-snippet":"max-snippet:-1","max-image-preview":"max-image-preview:large","max-video-preview":"max-video-preview:-1"},"canonical":"https:\/\/uk-gb.net\/pt-pt\/visto-de-crianca-para-inglaterra\/","og_locale":"pt_PT","og_type":"article","og_title":"Visto de crian\u00e7a para viajar para Inglaterra e para o Reino Unido - UK GB","og_description":"A obten\u00e7\u00e3o de um visto de viagem para crian\u00e7as em Inglaterra permite-lhe viajar para o Reino Unido durante um determinado per\u00edodo de tempo.","og_url":"https:\/\/uk-gb.net\/pt-pt\/visto-de-crianca-para-inglaterra\/","og_site_name":"UK GB","article_modified_time":"2026-01-05T15:28:06+00:00","twitter_card":"summary_large_image","twitter_misc":{"Tempo estimado de leitura":"2 minutos"},"schema":{"@context":"https:\/\/schema.org","@graph":[{"@type":"WebPage","@id":"https:\/\/uk-gb.net\/pt-pt\/visto-de-crianca-para-inglaterra\/","url":"https:\/\/uk-gb.net\/pt-pt\/visto-de-crianca-para-inglaterra\/","name":"Visto de crian\u00e7a para viajar para Inglaterra e para o Reino Unido - UK GB","isPartOf":{"@id":"https:\/\/uk-gb.net\/pt-pt\/#website"},"datePublished":"2023-12-07T16:36:32+00:00","dateModified":"2026-01-05T15:28:06+00:00","description":"A obten\u00e7\u00e3o de um visto de viagem para crian\u00e7as em Inglaterra permite-lhe viajar para o Reino Unido durante um determinado per\u00edodo de tempo.","inLanguage":"pt-PT","potentialAction":[{"@type":"ReadAction","target":["https:\/\/uk-gb.net\/pt-pt\/visto-de-crianca-para-inglaterra\/"]}]},{"@type":"WebSite","@id":"https:\/\/uk-gb.net\/pt-pt\/#website","url":"https:\/\/uk-gb.net\/pt-pt\/","name":"UK GB","description":"Travel to the UK","potentialAction":[{"@type":"SearchAction","target":{"@type":"EntryPoint","urlTemplate":"https:\/\/uk-gb.net\/pt-pt\/?s={search_term_string}"},"query-input":{"@type":"PropertyValueSpecification","valueRequired":true,"valueName":"search_term_string"}}],"inLanguage":"pt-PT"}]}},"_links":{"self":[{"href":"https:\/\/uk-gb.net\/pt-pt\/wp-json\/wp\/v2\/pages\/861","targetHints":{"allow":["GET"]}}],"collection":[{"href":"https:\/\/uk-gb.net\/pt-pt\/wp-json\/wp\/v2\/pages"}],"about":[{"href":"https:\/\/uk-gb.net\/pt-pt\/wp-json\/wp\/v2\/types\/page"}],"author":[{"embeddable":true,"href":"https:\/\/uk-gb.net\/pt-pt\/wp-json\/wp\/v2\/users\/1"}],"replies":[{"embeddable":true,"href":"https:\/\/uk-gb.net\/pt-pt\/wp-json\/wp\/v2\/comments?post=861"}],"version-history":[{"count":0,"href":"https:\/\/uk-gb.net\/pt-pt\/wp-json\/wp\/v2\/pages\/861\/revisions"}],"wp:attachment":[{"href":"https:\/\/uk-gb.net\/pt-pt\/wp-json\/wp\/v2\/media?parent=861"}],"curies":[{"name":"wp","href":"https:\/\/api.w.org\/{rel}","templated":true}]}}