{"id":8555,"date":"2025-09-05T14:11:50","date_gmt":"2025-09-05T13:11:50","guid":{"rendered":"https:\/\/uk-gb.net\/road-trip-cotswolds-road\/"},"modified":"2025-09-06T13:29:56","modified_gmt":"2025-09-06T12:29:56","slug":"road-trip-cotswolds-road","status":"publish","type":"page","link":"https:\/\/uk-gb.net\/pt-pt\/road-trip-cotswolds-road\/","title":{"rendered":"Viagem de carro a Cotswolds a partir de Oxford: aldeias e itiner\u00e1rio"},"content":{"rendered":"\n<h1 class=\"wp-block-heading\">Viagem por Cotswolds a partir de Oxford<\/h1>\n\n<p>A apenas duas horas de <a href=\"https:\/\/uk-gb.net\/pt-pt\/londres\/\">Londres<\/a>, <a href=\"https:\/\/uk-gb.net\/pt-pt\/oxford\/\">Oxford<\/a> \u00e9 o ponto de partida perfeito para descobrir Cotswolds, uma \u00c1rea de Excecional Beleza Natural. Com as suas pitorescas aldeias de pedra de mel, colinas verdejantes e estradas sinuosas, a Rota de Cotswolds \u00e9 uma das melhores viagens rodovi\u00e1rias do Reino Unido. Esta rota \u00e9 perfeita para um fim de semana prolongado ou uma viagem de v\u00e1rios dias pelo interior da Inglaterra.  <\/p>\n\n<h2 class=\"wp-block-heading\">Porqu\u00ea escolher Cotswolds para uma viagem de carro?<\/h2>\n\n<p>A regi\u00e3o cativa pela sua atmosfera intemporal e pelo seu rico patrim\u00f3nio. Viajar para Cotswolds significa desfrutar : <\/p>\n\n<ul class=\"wp-block-list\">\n<li>aldeias emblem\u00e1ticas como Bibury, <a href=\"https:\/\/bourtoninfo.com\/\">Bourton-on-the-Water<\/a> e Stow-on-the-Wold<\/li>\n\n\n\n<li>casas senhoriais hist\u00f3ricas, castelos e abadias medievais<\/li>\n\n\n\n<li>paisagem rural ondulante, ideal para caminhadas e para tirar fotografias<\/li>\n\n\n\n<li>um estilo de vida tipicamente ingl\u00eas, com pubs tradicionais, sal\u00f5es de ch\u00e1 e mercados locais<\/li>\n<\/ul>\n\n<p>\u00c9 o destino perfeito para os amantes da natureza, da hist\u00f3ria e do charme brit\u00e2nico.<\/p>\n\n<figure class=\"wp-block-image size-large\"><img decoding=\"async\" src=\"https:\/\/uk-gb.net\/wp-content\/uploads\/2025\/06\/cotswolds-road-1024x695.jpg\" alt=\"Foto da viagem de Cotswolds\" class=\"wp-image-7731\"\/><figcaption class=\"wp-element-caption\">Imagem de viagem da estrada de Cotswolds<\/figcaption><\/figure>\n\n<h2 class=\"wp-block-heading\">Itiner\u00e1rio a partir de Oxford<\/h2>\n\n<p>A partir de Oxford, existem v\u00e1rias rotas atrav\u00e9s de Cotswolds. Um itiner\u00e1rio cl\u00e1ssico de 3 a 5 dias inclui: <\/p>\n\n<ol class=\"wp-block-list\">\n<li>Oxford \u2192 Burford: primeira paragem numa aldeia apelidada de &#8220;Porta de entrada para Cotswolds&#8221;, com as suas casas de pedra e lojas de antiguidades.<\/li>\n\n\n\n<li>Bibury: considerada a aldeia mais bonita de Inglaterra, juntamente com Arlington Row.<\/li>\n\n\n\n<li><a href=\"https:\/\/bourtoninfo.com\/\">Bourton-on-the-Water<\/a>: apelidada de &#8220;Veneza de Cotswolds&#8221;, \u00e9 atravessada por pequenas pontes encantadoras.<\/li>\n\n\n\n<li>Stow-on-the-Wold: antiga cidade mercantil medieval, famosa pela sua igreja e antiguidades.<\/li>\n\n\n\n<li>Broadway e Chipping Campden: aldeias hist\u00f3ricas com casas t\u00edpicas e um ponto de partida para explorar a Torre de Broadway.<\/li>\n\n\n\n<li>Regressa a Oxford, passando por algumas aldeias menos conhecidas mas igualmente pitorescas.<\/li>\n<\/ol>\n\n<div style=\"height:10px\" aria-hidden=\"true\" class=\"wp-block-spacer\"><\/div>\n\n<h2 class=\"wp-block-heading\">Quando ir a Cotswolds?<\/h2>\n\n<ul class=\"wp-block-list\">\n<li><strong>primavera<\/strong>: ideal para admirar os jardins em flor, os campos de colza e aproveitar o clima ameno.<\/li>\n\n\n\n<li><strong>ver\u00e3o<\/strong>: \u00e9poca mais movimentada, ideal para festas e mercados, mas as aldeias podem ser muito tur\u00edsticas.<\/li>\n\n\n\n<li><strong>outono<\/strong>: uma \u00e9poca do ano magn\u00edfica, com as cores vistosas das \u00e1rvores e um ambiente mais calmo.<\/li>\n\n\n\n<li><strong>inverno<\/strong>: ambiente rom\u00e2ntico, ideal para bares \u00e0 lareira, mas algumas atrac\u00e7\u00f5es tur\u00edsticas est\u00e3o fechadas.<\/li>\n<\/ul>\n\n<div style=\"height:10px\" aria-hidden=\"true\" class=\"wp-block-spacer\"><\/div>\n\n<h2 class=\"wp-block-heading\">Conselhos pr\u00e1ticos para uma viagem de carro bem sucedida<\/h2>\n\n<p>O sucesso de uma viagem de carro em Cotswolds depende tanto da escolha do percurso como da prepara\u00e7\u00e3o. No que diz respeito ao transporte, \u00e9 aconselh\u00e1vel optar por um carro pequeno para se deslocar facilmente nas estradas estreitas e sinuosas do campo ingl\u00eas. Conduzir em Cotswolds \u00e9 acess\u00edvel e menos exigente do que em algumas das rotas mais selvagens, como a <a href=\"https:\/\/uk-gb.net\/pt-pt\/north-coast-500-road-trip\/\">North Coast 500, na Esc\u00f3cia<\/a>, o que a torna uma rota ideal para uma primeira viagem de carro no Reino Unido.  <\/p>\n\n<p>O alojamento tamb\u00e9m desempenha um papel central na experi\u00eancia. As aldeias albergam um grande n\u00famero de casas de h\u00f3spedes, casas t\u00edpicas e hot\u00e9is de charme. Na \u00e9poca alta, o n\u00famero de turistas \u00e9 elevado, pelo que \u00e9 prefer\u00edvel reservar com anteced\u00eancia para garantir os melhores endere\u00e7os e evitar surpresas desagrad\u00e1veis. O planeamento de algumas paragens estrat\u00e9gicas permite-te equilibrar visitas culturais, escapadelas na natureza e momentos de relaxamento nos pubs tradicionais que est\u00e3o no centro do estilo de vida brit\u00e2nico.   <\/p>\n\n<p>Finalmente, uma boa prepara\u00e7\u00e3o garante uma viagem sem stress. As Cotswolds tamb\u00e9m podem ser exploradas a p\u00e9, por isso \u00e9 uma boa ideia levar sapatos confort\u00e1veis para visitar as aldeias e desfrutar de passeios. O tempo pode ser inconstante, por isso \u00e9 melhor levares roupa adequada para todas as esta\u00e7\u00f5es, mesmo para o ver\u00e3o. Como a cobertura de rede nem sempre \u00e9 fi\u00e1vel em algumas zonas rurais, \u00e9 aconselh\u00e1vel trazer um GPS ou descarregar um mapa offline. E para partires sem preocupa\u00e7\u00f5es, n\u00e3o te esque\u00e7as de te informares antecipadamente sobre as <a href=\"https:\/\/uk-gb.net\/pt-pt\/visto-reino-unido\/\">formalidades de obten\u00e7\u00e3o de visto para o Reino Unido<\/a>, que s\u00e3o obrigat\u00f3rias para certos viajantes em fun\u00e7\u00e3o da sua nacionalidade.    <\/p>\n\n<h2 class=\"wp-block-heading\">Visita obrigat\u00f3ria na Rota de Cotswolds<\/h2>\n\n<ul class=\"wp-block-list\">\n<li><a href=\"https:\/\/www.bibury.com\/arlington-row\/\">Arlington Row em Bibury<\/a>, a imagem emblem\u00e1tica de Cotswolds<\/li>\n\n\n\n<li>A encantadora aldeia de <a href=\"https:\/\/bourtoninfo.com\/\">Bourton-on-the-Water<\/a><\/li>\n\n\n\n<li><a href=\"https:\/\/broadwaytower.co.uk\/\">Broadway Tower<\/a>, situada no topo de uma colina com vistas panor\u00e2micas<\/li>\n\n\n\n<li>Mercado coberto <a href=\"https:\/\/en.wikipedia.org\/wiki\/Chipping_Campden\">de Chipping Campden<\/a><\/li>\n\n\n\n<li>Trilhos para caminhadas, como o <a href=\"https:\/\/www.nationaltrail.co.uk\/en_GB\/trails\/cotswold-way\/\">Cotswold Way<\/a><\/li>\n<\/ul>\n\n<div style=\"height:10px\" aria-hidden=\"true\" class=\"wp-block-spacer\"><\/div>\n\n<h2 class=\"wp-block-heading\">Em poucas palavras<\/h2>\n\n<p>Uma viagem de carro para Cotswolds a partir de Oxford \u00e9 uma imers\u00e3o na Inglaterra de cart\u00e3o postal. Com as suas aldeias pitorescas, campos ondulantes e patrim\u00f3nio hist\u00f3rico, esta rota oferece uma escapadela aut\u00eantica cheia de encanto. Quer seja por alguns dias ou por uma semana, esta \u00e9 uma viagem inesquec\u00edvel por uma das regi\u00f5es mais bonitas do Reino Unido.  <\/p>\n","protected":false},"excerpt":{"rendered":"<p>Viagem por Cotswolds a partir de Oxford A apenas duas horas de Londres, Oxford \u00e9 o ponto de partida perfeito para descobrir Cotswolds, uma \u00c1rea de Excecional Beleza Natural. Com as suas pitorescas aldeias de pedra de mel, colinas verdejantes e estradas sinuosas, a Rota de Cotswolds \u00e9 uma das melhores viagens rodovi\u00e1rias do Reino [&hellip;]<\/p>\n","protected":false},"author":1,"featured_media":0,"parent":0,"menu_order":0,"comment_status":"closed","ping_status":"closed","template":"","meta":{"footnotes":""},"class_list":["post-8555","page","type-page","status-publish","hentry"],"yoast_head":"<!-- This site is optimized with the Yoast SEO plugin v27.4 - https:\/\/yoast.com\/product\/yoast-seo-wordpress\/ -->\n<title>Viagem de carro a Cotswolds a partir de Oxford: aldeias e itiner\u00e1rio - UK GB<\/title>\n<meta name=\"description\" content=\"Parte de Oxford para uma viagem de carro por Cotswolds. Descobre Bibury, Bourton-on-the-Water, Stow-on-the-Wold e as mais belas aldeias.\" \/>\n<meta name=\"robots\" content=\"index, follow, max-snippet:-1, max-image-preview:large, max-video-preview:-1\" \/>\n<link rel=\"canonical\" href=\"https:\/\/uk-gb.net\/pt-pt\/road-trip-cotswolds-road\/\" \/>\n<meta property=\"og:locale\" content=\"pt_PT\" \/>\n<meta property=\"og:type\" content=\"article\" \/>\n<meta property=\"og:title\" content=\"Viagem de carro a Cotswolds a partir de Oxford: aldeias e itiner\u00e1rio - UK GB\" \/>\n<meta property=\"og:description\" content=\"Parte de Oxford para uma viagem de carro por Cotswolds. Descobre Bibury, Bourton-on-the-Water, Stow-on-the-Wold e as mais belas aldeias.\" \/>\n<meta property=\"og:url\" content=\"https:\/\/uk-gb.net\/pt-pt\/road-trip-cotswolds-road\/\" \/>\n<meta property=\"og:site_name\" content=\"UK GB\" \/>\n<meta property=\"article:modified_time\" content=\"2025-09-06T12:29:56+00:00\" \/>\n<meta property=\"og:image\" content=\"https:\/\/uk-gb.net\/wp-content\/uploads\/2025\/06\/cotswolds-road-e1750836905787.jpg\" \/>\n\t<meta property=\"og:image:width\" content=\"1200\" \/>\n\t<meta property=\"og:image:height\" content=\"698\" \/>\n\t<meta property=\"og:image:type\" content=\"image\/jpeg\" \/>\n<meta name=\"twitter:card\" content=\"summary_large_image\" \/>\n<meta name=\"twitter:label1\" content=\"Tempo estimado de leitura\" \/>\n\t<meta name=\"twitter:data1\" content=\"4 minutos\" \/>\n<script type=\"application\/ld+json\" class=\"yoast-schema-graph\">{\"@context\":\"https:\\\/\\\/schema.org\",\"@graph\":[{\"@type\":\"WebPage\",\"@id\":\"https:\\\/\\\/uk-gb.net\\\/pt-pt\\\/road-trip-cotswolds-road\\\/\",\"url\":\"https:\\\/\\\/uk-gb.net\\\/pt-pt\\\/road-trip-cotswolds-road\\\/\",\"name\":\"Viagem de carro a Cotswolds a partir de Oxford: aldeias e itiner\u00e1rio - UK GB\",\"isPartOf\":{\"@id\":\"https:\\\/\\\/uk-gb.net\\\/pt-pt\\\/#website\"},\"primaryImageOfPage\":{\"@id\":\"https:\\\/\\\/uk-gb.net\\\/pt-pt\\\/road-trip-cotswolds-road\\\/#primaryimage\"},\"image\":{\"@id\":\"https:\\\/\\\/uk-gb.net\\\/pt-pt\\\/road-trip-cotswolds-road\\\/#primaryimage\"},\"thumbnailUrl\":\"https:\\\/\\\/uk-gb.net\\\/wp-content\\\/uploads\\\/2025\\\/06\\\/cotswolds-road-1024x695.jpg\",\"datePublished\":\"2025-09-05T13:11:50+00:00\",\"dateModified\":\"2025-09-06T12:29:56+00:00\",\"description\":\"Parte de Oxford para uma viagem de carro por Cotswolds. Descobre Bibury, Bourton-on-the-Water, Stow-on-the-Wold e as mais belas aldeias.\",\"inLanguage\":\"pt-PT\",\"potentialAction\":[{\"@type\":\"ReadAction\",\"target\":[\"https:\\\/\\\/uk-gb.net\\\/pt-pt\\\/road-trip-cotswolds-road\\\/\"]}]},{\"@type\":\"ImageObject\",\"inLanguage\":\"pt-PT\",\"@id\":\"https:\\\/\\\/uk-gb.net\\\/pt-pt\\\/road-trip-cotswolds-road\\\/#primaryimage\",\"url\":\"https:\\\/\\\/uk-gb.net\\\/wp-content\\\/uploads\\\/2025\\\/06\\\/cotswolds-road-1024x695.jpg\",\"contentUrl\":\"https:\\\/\\\/uk-gb.net\\\/wp-content\\\/uploads\\\/2025\\\/06\\\/cotswolds-road-1024x695.jpg\"},{\"@type\":\"WebSite\",\"@id\":\"https:\\\/\\\/uk-gb.net\\\/pt-pt\\\/#website\",\"url\":\"https:\\\/\\\/uk-gb.net\\\/pt-pt\\\/\",\"name\":\"UK GB\",\"description\":\"Travel to the UK\",\"potentialAction\":[{\"@type\":\"SearchAction\",\"target\":{\"@type\":\"EntryPoint\",\"urlTemplate\":\"https:\\\/\\\/uk-gb.net\\\/pt-pt\\\/?s={search_term_string}\"},\"query-input\":{\"@type\":\"PropertyValueSpecification\",\"valueRequired\":true,\"valueName\":\"search_term_string\"}}],\"inLanguage\":\"pt-PT\"}]}<\/script>\n<!-- \/ Yoast SEO plugin. -->","yoast_head_json":{"title":"Viagem de carro a Cotswolds a partir de Oxford: aldeias e itiner\u00e1rio - UK GB","description":"Parte de Oxford para uma viagem de carro por Cotswolds. Descobre Bibury, Bourton-on-the-Water, Stow-on-the-Wold e as mais belas aldeias.","robots":{"index":"index","follow":"follow","max-snippet":"max-snippet:-1","max-image-preview":"max-image-preview:large","max-video-preview":"max-video-preview:-1"},"canonical":"https:\/\/uk-gb.net\/pt-pt\/road-trip-cotswolds-road\/","og_locale":"pt_PT","og_type":"article","og_title":"Viagem de carro a Cotswolds a partir de Oxford: aldeias e itiner\u00e1rio - UK GB","og_description":"Parte de Oxford para uma viagem de carro por Cotswolds. Descobre Bibury, Bourton-on-the-Water, Stow-on-the-Wold e as mais belas aldeias.","og_url":"https:\/\/uk-gb.net\/pt-pt\/road-trip-cotswolds-road\/","og_site_name":"UK GB","article_modified_time":"2025-09-06T12:29:56+00:00","og_image":[{"width":1200,"height":698,"url":"https:\/\/uk-gb.net\/wp-content\/uploads\/2025\/06\/cotswolds-road-e1750836905787.jpg","type":"image\/jpeg"}],"twitter_card":"summary_large_image","twitter_misc":{"Tempo estimado de leitura":"4 minutos"},"schema":{"@context":"https:\/\/schema.org","@graph":[{"@type":"WebPage","@id":"https:\/\/uk-gb.net\/pt-pt\/road-trip-cotswolds-road\/","url":"https:\/\/uk-gb.net\/pt-pt\/road-trip-cotswolds-road\/","name":"Viagem de carro a Cotswolds a partir de Oxford: aldeias e itiner\u00e1rio - UK GB","isPartOf":{"@id":"https:\/\/uk-gb.net\/pt-pt\/#website"},"primaryImageOfPage":{"@id":"https:\/\/uk-gb.net\/pt-pt\/road-trip-cotswolds-road\/#primaryimage"},"image":{"@id":"https:\/\/uk-gb.net\/pt-pt\/road-trip-cotswolds-road\/#primaryimage"},"thumbnailUrl":"https:\/\/uk-gb.net\/wp-content\/uploads\/2025\/06\/cotswolds-road-1024x695.jpg","datePublished":"2025-09-05T13:11:50+00:00","dateModified":"2025-09-06T12:29:56+00:00","description":"Parte de Oxford para uma viagem de carro por Cotswolds. Descobre Bibury, Bourton-on-the-Water, Stow-on-the-Wold e as mais belas aldeias.","inLanguage":"pt-PT","potentialAction":[{"@type":"ReadAction","target":["https:\/\/uk-gb.net\/pt-pt\/road-trip-cotswolds-road\/"]}]},{"@type":"ImageObject","inLanguage":"pt-PT","@id":"https:\/\/uk-gb.net\/pt-pt\/road-trip-cotswolds-road\/#primaryimage","url":"https:\/\/uk-gb.net\/wp-content\/uploads\/2025\/06\/cotswolds-road-1024x695.jpg","contentUrl":"https:\/\/uk-gb.net\/wp-content\/uploads\/2025\/06\/cotswolds-road-1024x695.jpg"},{"@type":"WebSite","@id":"https:\/\/uk-gb.net\/pt-pt\/#website","url":"https:\/\/uk-gb.net\/pt-pt\/","name":"UK GB","description":"Travel to the UK","potentialAction":[{"@type":"SearchAction","target":{"@type":"EntryPoint","urlTemplate":"https:\/\/uk-gb.net\/pt-pt\/?s={search_term_string}"},"query-input":{"@type":"PropertyValueSpecification","valueRequired":true,"valueName":"search_term_string"}}],"inLanguage":"pt-PT"}]}},"_links":{"self":[{"href":"https:\/\/uk-gb.net\/pt-pt\/wp-json\/wp\/v2\/pages\/8555","targetHints":{"allow":["GET"]}}],"collection":[{"href":"https:\/\/uk-gb.net\/pt-pt\/wp-json\/wp\/v2\/pages"}],"about":[{"href":"https:\/\/uk-gb.net\/pt-pt\/wp-json\/wp\/v2\/types\/page"}],"author":[{"embeddable":true,"href":"https:\/\/uk-gb.net\/pt-pt\/wp-json\/wp\/v2\/users\/1"}],"replies":[{"embeddable":true,"href":"https:\/\/uk-gb.net\/pt-pt\/wp-json\/wp\/v2\/comments?post=8555"}],"version-history":[{"count":0,"href":"https:\/\/uk-gb.net\/pt-pt\/wp-json\/wp\/v2\/pages\/8555\/revisions"}],"wp:attachment":[{"href":"https:\/\/uk-gb.net\/pt-pt\/wp-json\/wp\/v2\/media?parent=8555"}],"curies":[{"name":"wp","href":"https:\/\/api.w.org\/{rel}","templated":true}]}}