{"id":854,"date":"2023-12-07T15:10:50","date_gmt":"2023-12-07T15:10:50","guid":{"rendered":"https:\/\/uk-gb.net\/visto-de-familia-para-inglaterra\/"},"modified":"2026-01-06T14:15:14","modified_gmt":"2026-01-06T14:15:14","slug":"visto-de-familia-para-inglaterra","status":"publish","type":"page","link":"https:\/\/uk-gb.net\/pt-pt\/visto-de-familia-para-inglaterra\/","title":{"rendered":"Visto de fam\u00edlia para o Reino Unido"},"content":{"rendered":"\n<h1 class=\"wp-block-heading\">Vistos de fam\u00edlia para viajar para o Reino Unido<\/h1>\n\n<p>O visto de fam\u00edlia do Reino Unido permite a um cidad\u00e3o estrangeiro juntar-se a um membro da fam\u00edlia que vive legalmente no Reino Unido. Este visto aplica-se a c\u00f4njuges, filhos, pais e outros familiares pr\u00f3ximos. Aqui tens um guia completo sobre as condi\u00e7\u00f5es, o procedimento e os tipos de visto de fam\u00edlia dispon\u00edveis para vires para o Reino Unido.  <\/p>\n\n<p><strong>Para estadias de curta dura\u00e7\u00e3o <\/strong>: N\u00e3o \u00e9 necess\u00e1rio obter um visto; basta preencher o <a href=\"https:\/\/uk-gb.net\/pt-pt\/formulario-visto-eta-online-inglaterra\/\">formul\u00e1rio ETA em linha<\/a>.<\/p>\n\n<div style=\"height:10px\" aria-hidden=\"true\" class=\"wp-block-spacer\"><\/div>\n\n<h2 class=\"wp-block-heading\">Quem pode requerer um visto de fam\u00edlia para o Reino Unido?<\/h2>\n\n<p>O visto de fam\u00edlia aplica-se a v\u00e1rias situa\u00e7\u00f5es. Podes candidatar-te a um se desejares : <\/p>\n\n<ul class=\"wp-block-list\">\n<li>Juntares-te ao teu c\u00f4njuge ou parceiro civil que vive no Reino Unido ;<\/li>\n\n\n\n<li>Viver com um progenitor ou filho brit\u00e2nico ou residir legalmente no Reino Unido;<\/li>\n\n\n\n<li>Junta-te a um parceiro solteiro se tiveres uma rela\u00e7\u00e3o est\u00e1vel h\u00e1 pelo menos 2 anos;<\/li>\n\n\n\n<li>Acompanhar um membro da tua fam\u00edlia que tenha estatuto de refugiado ou prote\u00e7\u00e3o humanit\u00e1ria no Reino Unido.<\/li>\n<\/ul>\n\n<p>O membro da fam\u00edlia com quem te vais juntar deve, geralmente, ser cidad\u00e3o brit\u00e2nico, ter o estatuto de residente permanente (ILR) ou ter o estatuto de refugiado.<\/p>\n\n<div style=\"height:10px\" aria-hidden=\"true\" class=\"wp-block-spacer\"><\/div>\n\n<p>Desde 2024, o Reino Unido aplica o sistema <a href=\"https:\/\/uk-gb.net\/pt-pt\/eta-inglaterra-reino-unido\/\">UK ETA<\/a>. Os viajantes estrangeiros eleg\u00edveis podem agora viajar <a href=\"https:\/\/uk-gb.net\/pt-pt\/diferentes-tipos-de-vistos-britanicos\/\">sem visto para o Reino Unido<\/a>.<\/p>\n\n<p><strong>Para fazer um pedido de ETA em linha<\/strong>, basta preencher o <a href=\"https:\/\/uk-gb.net\/pt-pt\/formulario-visto-eta-online-inglaterra\/\">formul\u00e1rio ETA em linha<\/a>.<\/p>\n\n<div style=\"height:10px\" aria-hidden=\"true\" class=\"wp-block-spacer\"><\/div>\n\n<h2 class=\"wp-block-heading\">Crit\u00e9rios de elegibilidade para os vistos familiares<\/h2>\n\n<p>Para ser eleg\u00edvel para um <a href=\"https:\/\/www.gov.uk\/uk-family-visa\">visto de fam\u00edlia no Reino Unido<\/a>, tens de preencher, pelo menos, as seguintes condi\u00e7\u00f5es:<\/p>\n\n<ul class=\"wp-block-list\">\n<li>Ter uma rela\u00e7\u00e3o genu\u00edna e reconhecida com um cidad\u00e3o brit\u00e2nico ou residente permanente.<\/li>\n\n\n\n<li>Prova que disp\u00f5e de recursos financeiros suficientes para satisfazer as suas necessidades sem recorrer a fundos p\u00fablicos.<\/li>\n\n\n\n<li>Conhecimentos adequados de ingl\u00eas.<\/li>\n\n\n\n<li>Apresenta um comprovativo de alojamento em Inglaterra.<\/li>\n<\/ul>\n\n<div style=\"height:10px\" aria-hidden=\"true\" class=\"wp-block-spacer\"><\/div>\n\n<h2 class=\"wp-block-heading\">Passos para requerer um visto de fam\u00edlia<\/h2>\n\n<ol class=\"wp-block-list\">\n<li>Preenche o <a href=\"https:\/\/uk-gb.net\/pt-pt\/procedimento-visto-reino-unido\/\">formul\u00e1rio de pedido de visto em linha<\/a> no s\u00edtio Web do Governo do Reino Unido.<\/li>\n\n\n\n<li>Prepara todos os documentos necess\u00e1rios, incluindo prova de parentesco, comprovativos financeiros e resultados de testes lingu\u00edsticos.<\/li>\n\n\n\n<li>Apresenta o pedido em linha e paga a <a href=\"https:\/\/uk-gb.net\/pt-pt\/preco-do-visto-para-inglaterra\/\">taxa de visto<\/a> aplic\u00e1vel.<\/li>\n\n\n\n<li>Marca uma entrevista num centro de pedidos de visto para fornecer as tuas impress\u00f5es digitais e uma fotografia.<\/li>\n<\/ol>\n\n<div style=\"height:10px\" aria-hidden=\"true\" class=\"wp-block-spacer\"><\/div>\n\n<p>O pedido de visto pode demorar v\u00e1rias semanas a ser tratado e a ser tomada uma decis\u00e3o.<\/p>\n\n<h2 class=\"wp-block-heading\">Documentos a apresentar para requerer um visto<\/h2>\n\n<p>Os documentos m\u00ednimos exigidos para um pedido de visto familiar s\u00e3o :<\/p>\n\n<ul class=\"wp-block-list\">\n<li>Um passaporte v\u00e1lido.<\/li>\n\n\n\n<li>Prova de parentesco (certid\u00e3o de casamento, certid\u00e3o de nascimento, etc.).<\/li>\n\n\n\n<li>Prova de recursos financeiros (extractos banc\u00e1rios, cartas da entidade patronal).<\/li>\n\n\n\n<li>Teste de l\u00edngua inglesa (se aplic\u00e1vel).<\/li>\n\n\n\n<li>Comprovativo de alojamento em Inglaterra.<\/li>\n<\/ul>\n","protected":false},"excerpt":{"rendered":"<p>Vistos de fam\u00edlia para viajar para o Reino Unido O visto de fam\u00edlia do Reino Unido permite a um cidad\u00e3o estrangeiro juntar-se a um membro da fam\u00edlia que vive legalmente no Reino Unido. Este visto aplica-se a c\u00f4njuges, filhos, pais e outros familiares pr\u00f3ximos. Aqui tens um guia completo sobre as condi\u00e7\u00f5es, o procedimento e [&hellip;]<\/p>\n","protected":false},"author":1,"featured_media":0,"parent":0,"menu_order":0,"comment_status":"closed","ping_status":"closed","template":"","meta":{"footnotes":""},"class_list":["post-854","page","type-page","status-publish","hentry"],"yoast_head":"<!-- This site is optimized with the Yoast SEO plugin v27.3 - https:\/\/yoast.com\/product\/yoast-seo-wordpress\/ -->\n<title>Visto de fam\u00edlia para o Reino Unido - UK GB<\/title>\n<meta name=\"description\" content=\"Obter um visto de fam\u00edlia para permanecer em Inglaterra e no Reino Unido durante o per\u00edodo de validade do visto obtido\" \/>\n<meta name=\"robots\" content=\"index, follow, max-snippet:-1, max-image-preview:large, max-video-preview:-1\" \/>\n<link rel=\"canonical\" href=\"https:\/\/uk-gb.net\/pt-pt\/visto-de-familia-para-inglaterra\/\" \/>\n<meta property=\"og:locale\" content=\"pt_PT\" \/>\n<meta property=\"og:type\" content=\"article\" \/>\n<meta property=\"og:title\" content=\"Visto de fam\u00edlia para o Reino Unido - UK GB\" \/>\n<meta property=\"og:description\" content=\"Obter um visto de fam\u00edlia para permanecer em Inglaterra e no Reino Unido durante o per\u00edodo de validade do visto obtido\" \/>\n<meta property=\"og:url\" content=\"https:\/\/uk-gb.net\/pt-pt\/visto-de-familia-para-inglaterra\/\" \/>\n<meta property=\"og:site_name\" content=\"UK GB\" \/>\n<meta property=\"article:modified_time\" content=\"2026-01-06T14:15:14+00:00\" \/>\n<meta name=\"twitter:card\" content=\"summary_large_image\" \/>\n<meta name=\"twitter:label1\" content=\"Tempo estimado de leitura\" \/>\n\t<meta name=\"twitter:data1\" content=\"2 minutos\" \/>\n<script type=\"application\/ld+json\" class=\"yoast-schema-graph\">{\"@context\":\"https:\\\/\\\/schema.org\",\"@graph\":[{\"@type\":\"WebPage\",\"@id\":\"https:\\\/\\\/uk-gb.net\\\/pt-pt\\\/visto-de-familia-para-inglaterra\\\/\",\"url\":\"https:\\\/\\\/uk-gb.net\\\/pt-pt\\\/visto-de-familia-para-inglaterra\\\/\",\"name\":\"Visto de fam\u00edlia para o Reino Unido - UK GB\",\"isPartOf\":{\"@id\":\"https:\\\/\\\/uk-gb.net\\\/pt-pt\\\/#website\"},\"datePublished\":\"2023-12-07T15:10:50+00:00\",\"dateModified\":\"2026-01-06T14:15:14+00:00\",\"description\":\"Obter um visto de fam\u00edlia para permanecer em Inglaterra e no Reino Unido durante o per\u00edodo de validade do visto obtido\",\"inLanguage\":\"pt-PT\",\"potentialAction\":[{\"@type\":\"ReadAction\",\"target\":[\"https:\\\/\\\/uk-gb.net\\\/pt-pt\\\/visto-de-familia-para-inglaterra\\\/\"]}]},{\"@type\":\"WebSite\",\"@id\":\"https:\\\/\\\/uk-gb.net\\\/pt-pt\\\/#website\",\"url\":\"https:\\\/\\\/uk-gb.net\\\/pt-pt\\\/\",\"name\":\"UK GB\",\"description\":\"Travel to the UK\",\"potentialAction\":[{\"@type\":\"SearchAction\",\"target\":{\"@type\":\"EntryPoint\",\"urlTemplate\":\"https:\\\/\\\/uk-gb.net\\\/pt-pt\\\/?s={search_term_string}\"},\"query-input\":{\"@type\":\"PropertyValueSpecification\",\"valueRequired\":true,\"valueName\":\"search_term_string\"}}],\"inLanguage\":\"pt-PT\"}]}<\/script>\n<!-- \/ Yoast SEO plugin. -->","yoast_head_json":{"title":"Visto de fam\u00edlia para o Reino Unido - UK GB","description":"Obter um visto de fam\u00edlia para permanecer em Inglaterra e no Reino Unido durante o per\u00edodo de validade do visto obtido","robots":{"index":"index","follow":"follow","max-snippet":"max-snippet:-1","max-image-preview":"max-image-preview:large","max-video-preview":"max-video-preview:-1"},"canonical":"https:\/\/uk-gb.net\/pt-pt\/visto-de-familia-para-inglaterra\/","og_locale":"pt_PT","og_type":"article","og_title":"Visto de fam\u00edlia para o Reino Unido - UK GB","og_description":"Obter um visto de fam\u00edlia para permanecer em Inglaterra e no Reino Unido durante o per\u00edodo de validade do visto obtido","og_url":"https:\/\/uk-gb.net\/pt-pt\/visto-de-familia-para-inglaterra\/","og_site_name":"UK GB","article_modified_time":"2026-01-06T14:15:14+00:00","twitter_card":"summary_large_image","twitter_misc":{"Tempo estimado de leitura":"2 minutos"},"schema":{"@context":"https:\/\/schema.org","@graph":[{"@type":"WebPage","@id":"https:\/\/uk-gb.net\/pt-pt\/visto-de-familia-para-inglaterra\/","url":"https:\/\/uk-gb.net\/pt-pt\/visto-de-familia-para-inglaterra\/","name":"Visto de fam\u00edlia para o Reino Unido - UK GB","isPartOf":{"@id":"https:\/\/uk-gb.net\/pt-pt\/#website"},"datePublished":"2023-12-07T15:10:50+00:00","dateModified":"2026-01-06T14:15:14+00:00","description":"Obter um visto de fam\u00edlia para permanecer em Inglaterra e no Reino Unido durante o per\u00edodo de validade do visto obtido","inLanguage":"pt-PT","potentialAction":[{"@type":"ReadAction","target":["https:\/\/uk-gb.net\/pt-pt\/visto-de-familia-para-inglaterra\/"]}]},{"@type":"WebSite","@id":"https:\/\/uk-gb.net\/pt-pt\/#website","url":"https:\/\/uk-gb.net\/pt-pt\/","name":"UK GB","description":"Travel to the UK","potentialAction":[{"@type":"SearchAction","target":{"@type":"EntryPoint","urlTemplate":"https:\/\/uk-gb.net\/pt-pt\/?s={search_term_string}"},"query-input":{"@type":"PropertyValueSpecification","valueRequired":true,"valueName":"search_term_string"}}],"inLanguage":"pt-PT"}]}},"_links":{"self":[{"href":"https:\/\/uk-gb.net\/pt-pt\/wp-json\/wp\/v2\/pages\/854","targetHints":{"allow":["GET"]}}],"collection":[{"href":"https:\/\/uk-gb.net\/pt-pt\/wp-json\/wp\/v2\/pages"}],"about":[{"href":"https:\/\/uk-gb.net\/pt-pt\/wp-json\/wp\/v2\/types\/page"}],"author":[{"embeddable":true,"href":"https:\/\/uk-gb.net\/pt-pt\/wp-json\/wp\/v2\/users\/1"}],"replies":[{"embeddable":true,"href":"https:\/\/uk-gb.net\/pt-pt\/wp-json\/wp\/v2\/comments?post=854"}],"version-history":[{"count":0,"href":"https:\/\/uk-gb.net\/pt-pt\/wp-json\/wp\/v2\/pages\/854\/revisions"}],"wp:attachment":[{"href":"https:\/\/uk-gb.net\/pt-pt\/wp-json\/wp\/v2\/media?parent=854"}],"curies":[{"name":"wp","href":"https:\/\/api.w.org\/{rel}","templated":true}]}}