{"id":848,"date":"2023-12-07T15:07:43","date_gmt":"2023-12-07T15:07:43","guid":{"rendered":"https:\/\/uk-gb.net\/visto-de-estudante-para-inglaterra\/"},"modified":"2025-06-05T10:49:30","modified_gmt":"2025-06-05T09:49:30","slug":"visto-de-estudante-para-inglaterra","status":"publish","type":"page","link":"https:\/\/uk-gb.net\/pt-pt\/visto-de-estudante-para-inglaterra\/","title":{"rendered":"Visto de estudante para o Reino Unido"},"content":{"rendered":"\n<h1 class=\"wp-block-heading\">Visto para estudar no Reino Unido<\/h1>\n\n<p>O <strong>visto de estudante do Reino Unido<\/strong>, oficialmente conhecido como <strong>visto de estudante<\/strong>, \u00e9 obrigat\u00f3rio para todos os estudantes internacionais que pretendam estudar no Reino Unido durante mais de 6 meses. Estudar em Inglaterra, Esc\u00f3cia, Pa\u00eds de Gales ou Irlanda do Norte d\u00e1-te a oportunidade de estudar em universidades de renome mundial, como Oxford, Cambridge, Edimburgo ou UCL. <\/p>\n\n<p><strong>Para uma estadia escolar inferior a 6 meses<\/strong>: N\u00e3o precisas de obter um visto de estudante brit\u00e2nico; basta pedires uma autoriza\u00e7\u00e3o de viagem preenchendo o <a href=\"https:\/\/uk-gb.net\/pt-pt\/formulario-visto-eta-online-inglaterra\/\">formul\u00e1rio ETA em linha<\/a>.<\/p>\n\n<div style=\"height:10px\" aria-hidden=\"true\" class=\"wp-block-spacer\"><\/div>\n\n<h2 class=\"wp-block-heading\">Quem precisa de um visto de estudante para o Reino Unido?<\/h2>\n\n<p>Tens de pedir um visto de estudante se :<\/p>\n\n<ul class=\"wp-block-list\">\n<li>Tens 16 anos ou mais<\/li>\n\n\n\n<li>Ter sido aceite num estabelecimento de ensino acreditado no Reino Unido<\/li>\n\n\n\n<li>Deseja seguir um <strong>programa de estudos com dura\u00e7\u00e3o superior a 6 meses<\/strong><\/li>\n\n\n\n<li><strong>N\u00e3o tens nacionalidade brit\u00e2nica ou irlandesa<\/strong><\/li>\n\n\n\n<li>N\u00e3o \u00e9s eleg\u00edvel para um <a href=\"https:\/\/uk-gb.net\/pt-pt\/eta-inglaterra-reino-unido\/\">ETA do Reino Unido<\/a><\/li>\n<\/ul>\n\n<blockquote class=\"wp-block-quote is-layout-flow wp-block-quote-is-layout-flow\">\n<p>Os cidad\u00e3os da UE devem tamb\u00e9m requerer um visto de estudante ap\u00f3s a sa\u00edda do Reino Unido da UE.<\/p>\n<\/blockquote>\n\n<h2 class=\"wp-block-heading\">Condi\u00e7\u00f5es para obter um visto de estudante no Reino Unido<\/h2>\n\n<p>Para que a tua candidatura seja aceite, deves :<\/p>\n\n<p>\u2705 Receber uma <strong>Confirma\u00e7\u00e3o de Aceita\u00e7\u00e3o de Estudos (CAS)<\/strong>, emitida pela tua universidade ou estabelecimento<br\/>\u2705 Provar que tens um <strong>n\u00edvel suficiente de ingl\u00eas<\/strong> (geralmente n\u00edvel B2 para o ensino superior)<br\/>\u2705 Provar que tens <strong>recursos financeiros<\/strong> suficientes para cobrir os custos das tuas propinas, alojamento e despesas de subsist\u00eancia no teu destino<br\/>\u2705 Pagar a <strong>Sobretaxa de Sa\u00fade de Imigra\u00e7\u00e3o<\/strong> para beneficiar do NHS durante os teus estudos<\/p>\n\n<div style=\"height:10px\" aria-hidden=\"true\" class=\"wp-block-spacer\"><\/div>\n\n<h2 class=\"wp-block-heading\">Per\u00edodo de validade do visto de estudante<\/h2>\n\n<p>A dura\u00e7\u00e3o do visto depende da dura\u00e7\u00e3o do programa escolar:<\/p>\n\n<ul class=\"wp-block-list\">\n<li><strong>Para cursos de 6 a 11 meses<\/strong>: visto de dura\u00e7\u00e3o equivalente<\/li>\n\n\n\n<li><strong>Licenciatura, mestrado ou doutoramento<\/strong>: dura\u00e7\u00e3o do programa + 1 a 2 meses adicionais<\/li>\n\n\n\n<li>Possibilidade de prorroga\u00e7\u00e3o ou renova\u00e7\u00e3o do visto em caso de prosseguimento dos estudos ou de mudan\u00e7a de estabelecimento<\/li>\n<\/ul>\n\n<p>Os licenciados podem ent\u00e3o candidatar-se a um <strong>Visto de Licenciado<\/strong>, para permanecerem at\u00e9 2 anos ap\u00f3s a conclus\u00e3o dos seus estudos (3 anos para um doutoramento).<\/p>\n\n<h2 class=\"wp-block-heading\">Quanto custa um visto de estudante para o Reino Unido?<\/h2>\n\n<figure class=\"wp-block-table\"><table><tbody><tr><td>Visto de estudante (normal)<\/td><td>490 \u00a3<\/td><\/tr><tr><td>Sobretaxa de sa\u00fade para os imigrantes (IHS)<\/td><td>776 por ano (ou 388 libras por 6 meses)<\/td><\/tr><\/tbody><\/table><\/figure>\n\n<p>Os <a href=\"https:\/\/uk-gb.net\/pt-pt\/preco-do-visto-para-inglaterra\/\">emolumentos<\/a> s\u00e3o pagos em linha no momento do pedido. Esta taxa <strong>n\u00e3o \u00e9 reembols\u00e1vel<\/strong>, mesmo em caso de recusa. <\/p>\n\n<h2 class=\"wp-block-heading\">Como requerer um visto de estudante<\/h2>\n\n<ol class=\"wp-block-list\">\n<li><strong>Recebe um CAS<\/strong> do estabelecimento escolhido<\/li>\n\n\n\n<li><strong>Cria uma conta em gov.uk<\/strong> e preenche o formul\u00e1rio de candidatura<\/li>\n\n\n\n<li><strong>Paga os emolumentos do visto + IHS<\/strong><\/li>\n\n\n\n<li><strong>Marca uma entrevista num centro de pedidos de visto<\/strong> para obter dados biom\u00e9tricos<\/li>\n\n\n\n<li><strong>Apresenta<\/strong> documentos comprovativos<\/li>\n\n\n\n<li>Aguarda a decis\u00e3o<\/li>\n<\/ol>\n\n<blockquote class=\"wp-block-quote is-layout-flow wp-block-quote-is-layout-flow\">\n<p>Uma vez aprovado, o teu visto permitir-te-\u00e1 <strong>trabalhar at\u00e9 20 horas por semana<\/strong> durante os per\u00edodos de curso e a tempo inteiro durante as f\u00e9rias.<\/p>\n<\/blockquote>\n\n<h2 class=\"wp-block-heading\">Posso estudar no Reino Unido com uma ETA e sem um visto?<\/h2>\n\n<p>Sim, <strong>em alguns casos<\/strong>, uma visita escolar ao Reino Unido durante alguns meses pode ser efectuada com uma <a href=\"https:\/\/uk-gb.net\/pt-pt\/eta-inglaterra-reino-unido\/\">ETA para o Reino Unido<\/a>, mas isso depende da natureza exacta da visita. V\u00ea aqui os pormenores: <\/p>\n\n<ul class=\"wp-block-list\">\n<li>A estadia \u00e9 <strong>inferior a 6 meses<\/strong><\/li>\n\n\n\n<li>Trata-se de um <strong>interc\u00e2mbio escolar<\/strong> ou de um programa <strong>n\u00e3o remunerado<\/strong><\/li>\n\n\n\n<li>O estabelecimento de acolhimento \u00e9 <strong>acreditado<\/strong> no Reino Unido<\/li>\n\n\n\n<li>O estudante \u00e9 nacional de um <a href=\"https:\/\/uk-gb.net\/pt-pt\/paises-que-podem-solicitar-eta-reino-unido\/\">pa\u00eds eleg\u00edvel para a ETA<\/a> (UE, Canad\u00e1, Jap\u00e3o, etc.)<\/li>\n\n\n\n<li>O programa n\u00e3o inclui <strong>trabalho, est\u00e1gios remunerados ou educa\u00e7\u00e3o formal a longo prazo.<\/strong><\/li>\n<\/ul>\n\n<blockquote class=\"wp-block-quote is-layout-flow wp-block-quote-is-layout-flow\">\n<p>Exemplo: um estudante europeu vai para uma escola brit\u00e2nica durante um per\u00edodo letivo no \u00e2mbito de um programa de interc\u00e2mbio \u2192 basta uma ETA.<\/p>\n<\/blockquote>\n","protected":false},"excerpt":{"rendered":"<p>Visto para estudar no Reino Unido O visto de estudante do Reino Unido, oficialmente conhecido como visto de estudante, \u00e9 obrigat\u00f3rio para todos os estudantes internacionais que pretendam estudar no Reino Unido durante mais de 6 meses. Estudar em Inglaterra, Esc\u00f3cia, Pa\u00eds de Gales ou Irlanda do Norte d\u00e1-te a oportunidade de estudar em universidades [&hellip;]<\/p>\n","protected":false},"author":1,"featured_media":0,"parent":0,"menu_order":0,"comment_status":"closed","ping_status":"closed","template":"","meta":{"footnotes":""},"class_list":["post-848","page","type-page","status-publish","hentry"],"yoast_head":"<!-- This site is optimized with the Yoast SEO plugin v27.3 - https:\/\/yoast.com\/product\/yoast-seo-wordpress\/ -->\n<title>Visto de estudante para o Reino Unido - UK GB<\/title>\n<meta name=\"description\" content=\"Aqui est\u00e3o as principais informa\u00e7\u00f5es sobre vistos de estudante para estudar e permanecer no Reino Unido como parte do teu curso de estudo\" \/>\n<meta name=\"robots\" content=\"index, follow, max-snippet:-1, max-image-preview:large, max-video-preview:-1\" \/>\n<link rel=\"canonical\" href=\"https:\/\/uk-gb.net\/pt-pt\/visto-de-estudante-para-inglaterra\/\" \/>\n<meta property=\"og:locale\" content=\"pt_PT\" \/>\n<meta property=\"og:type\" content=\"article\" \/>\n<meta property=\"og:title\" content=\"Visto de estudante para o Reino Unido - UK GB\" \/>\n<meta property=\"og:description\" content=\"Aqui est\u00e3o as principais informa\u00e7\u00f5es sobre vistos de estudante para estudar e permanecer no Reino Unido como parte do teu curso de estudo\" \/>\n<meta property=\"og:url\" content=\"https:\/\/uk-gb.net\/pt-pt\/visto-de-estudante-para-inglaterra\/\" \/>\n<meta property=\"og:site_name\" content=\"UK GB\" \/>\n<meta property=\"article:modified_time\" content=\"2025-06-05T09:49:30+00:00\" \/>\n<meta name=\"twitter:card\" content=\"summary_large_image\" \/>\n<meta name=\"twitter:label1\" content=\"Tempo estimado de leitura\" \/>\n\t<meta name=\"twitter:data1\" content=\"3 minutos\" \/>\n<script type=\"application\/ld+json\" class=\"yoast-schema-graph\">{\"@context\":\"https:\\\/\\\/schema.org\",\"@graph\":[{\"@type\":\"WebPage\",\"@id\":\"https:\\\/\\\/uk-gb.net\\\/pt-pt\\\/visto-de-estudante-para-inglaterra\\\/\",\"url\":\"https:\\\/\\\/uk-gb.net\\\/pt-pt\\\/visto-de-estudante-para-inglaterra\\\/\",\"name\":\"Visto de estudante para o Reino Unido - UK GB\",\"isPartOf\":{\"@id\":\"https:\\\/\\\/uk-gb.net\\\/pt-pt\\\/#website\"},\"datePublished\":\"2023-12-07T15:07:43+00:00\",\"dateModified\":\"2025-06-05T09:49:30+00:00\",\"description\":\"Aqui est\u00e3o as principais informa\u00e7\u00f5es sobre vistos de estudante para estudar e permanecer no Reino Unido como parte do teu curso de estudo\",\"inLanguage\":\"pt-PT\",\"potentialAction\":[{\"@type\":\"ReadAction\",\"target\":[\"https:\\\/\\\/uk-gb.net\\\/pt-pt\\\/visto-de-estudante-para-inglaterra\\\/\"]}]},{\"@type\":\"WebSite\",\"@id\":\"https:\\\/\\\/uk-gb.net\\\/pt-pt\\\/#website\",\"url\":\"https:\\\/\\\/uk-gb.net\\\/pt-pt\\\/\",\"name\":\"UK GB\",\"description\":\"Travel to the UK\",\"potentialAction\":[{\"@type\":\"SearchAction\",\"target\":{\"@type\":\"EntryPoint\",\"urlTemplate\":\"https:\\\/\\\/uk-gb.net\\\/pt-pt\\\/?s={search_term_string}\"},\"query-input\":{\"@type\":\"PropertyValueSpecification\",\"valueRequired\":true,\"valueName\":\"search_term_string\"}}],\"inLanguage\":\"pt-PT\"}]}<\/script>\n<!-- \/ Yoast SEO plugin. -->","yoast_head_json":{"title":"Visto de estudante para o Reino Unido - UK GB","description":"Aqui est\u00e3o as principais informa\u00e7\u00f5es sobre vistos de estudante para estudar e permanecer no Reino Unido como parte do teu curso de estudo","robots":{"index":"index","follow":"follow","max-snippet":"max-snippet:-1","max-image-preview":"max-image-preview:large","max-video-preview":"max-video-preview:-1"},"canonical":"https:\/\/uk-gb.net\/pt-pt\/visto-de-estudante-para-inglaterra\/","og_locale":"pt_PT","og_type":"article","og_title":"Visto de estudante para o Reino Unido - UK GB","og_description":"Aqui est\u00e3o as principais informa\u00e7\u00f5es sobre vistos de estudante para estudar e permanecer no Reino Unido como parte do teu curso de estudo","og_url":"https:\/\/uk-gb.net\/pt-pt\/visto-de-estudante-para-inglaterra\/","og_site_name":"UK GB","article_modified_time":"2025-06-05T09:49:30+00:00","twitter_card":"summary_large_image","twitter_misc":{"Tempo estimado de leitura":"3 minutos"},"schema":{"@context":"https:\/\/schema.org","@graph":[{"@type":"WebPage","@id":"https:\/\/uk-gb.net\/pt-pt\/visto-de-estudante-para-inglaterra\/","url":"https:\/\/uk-gb.net\/pt-pt\/visto-de-estudante-para-inglaterra\/","name":"Visto de estudante para o Reino Unido - UK GB","isPartOf":{"@id":"https:\/\/uk-gb.net\/pt-pt\/#website"},"datePublished":"2023-12-07T15:07:43+00:00","dateModified":"2025-06-05T09:49:30+00:00","description":"Aqui est\u00e3o as principais informa\u00e7\u00f5es sobre vistos de estudante para estudar e permanecer no Reino Unido como parte do teu curso de estudo","inLanguage":"pt-PT","potentialAction":[{"@type":"ReadAction","target":["https:\/\/uk-gb.net\/pt-pt\/visto-de-estudante-para-inglaterra\/"]}]},{"@type":"WebSite","@id":"https:\/\/uk-gb.net\/pt-pt\/#website","url":"https:\/\/uk-gb.net\/pt-pt\/","name":"UK GB","description":"Travel to the UK","potentialAction":[{"@type":"SearchAction","target":{"@type":"EntryPoint","urlTemplate":"https:\/\/uk-gb.net\/pt-pt\/?s={search_term_string}"},"query-input":{"@type":"PropertyValueSpecification","valueRequired":true,"valueName":"search_term_string"}}],"inLanguage":"pt-PT"}]}},"_links":{"self":[{"href":"https:\/\/uk-gb.net\/pt-pt\/wp-json\/wp\/v2\/pages\/848","targetHints":{"allow":["GET"]}}],"collection":[{"href":"https:\/\/uk-gb.net\/pt-pt\/wp-json\/wp\/v2\/pages"}],"about":[{"href":"https:\/\/uk-gb.net\/pt-pt\/wp-json\/wp\/v2\/types\/page"}],"author":[{"embeddable":true,"href":"https:\/\/uk-gb.net\/pt-pt\/wp-json\/wp\/v2\/users\/1"}],"replies":[{"embeddable":true,"href":"https:\/\/uk-gb.net\/pt-pt\/wp-json\/wp\/v2\/comments?post=848"}],"version-history":[{"count":0,"href":"https:\/\/uk-gb.net\/pt-pt\/wp-json\/wp\/v2\/pages\/848\/revisions"}],"wp:attachment":[{"href":"https:\/\/uk-gb.net\/pt-pt\/wp-json\/wp\/v2\/media?parent=848"}],"curies":[{"name":"wp","href":"https:\/\/api.w.org\/{rel}","templated":true}]}}