{"id":840,"date":"2023-12-07T16:39:43","date_gmt":"2023-12-07T16:39:43","guid":{"rendered":"https:\/\/uk-gb.net\/visto-de-transito-na-inglaterra-reino-unido\/"},"modified":"2025-06-04T15:41:32","modified_gmt":"2025-06-04T14:41:32","slug":"visto-de-transito-na-inglaterra-reino-unido","status":"publish","type":"page","link":"https:\/\/uk-gb.net\/pt-pt\/visto-de-transito-na-inglaterra-reino-unido\/","title":{"rendered":"Visto de tr\u00e2nsito para o Reino Unido"},"content":{"rendered":"\n<h1 class=\"wp-block-heading\">Formalidades de tr\u00e2nsito no Reino Unido<\/h1>\n\n<p>Se estiver a viajar para um pa\u00eds terceiro com uma escala no Reino Unido, pode precisar de um <strong>visto de tr\u00e2nsito<\/strong>. Este tipo de visto permite que os passageiros em tr\u00e2nsito passem por um aeroporto ou mudem de terminal sem permanecerem no Reino Unido. <\/p>\n\n<p><strong>Para o tr\u00e2nsito simples atrav\u00e9s do Reino Unido<\/strong>, na maioria dos casos n\u00e3o \u00e9 necess\u00e1rio obter um visto de tr\u00e2nsito. Podes solicitar uma autoriza\u00e7\u00e3o eletr\u00f3nica de viagem preenchendo o <a href=\"https:\/\/uk-gb.net\/pt-pt\/formulario-visto-eta-online-inglaterra\/\">formul\u00e1rio ETA em linha<\/a>. <\/p>\n\n<div style=\"height:10px\" aria-hidden=\"true\" class=\"wp-block-spacer\"><\/div>\n\n<h2 class=\"wp-block-heading\">O que \u00e9 um visto de tr\u00e2nsito para escalas no Reino Unido?<\/h2>\n\n<p>O visto de tr\u00e2nsito do Reino Unido \u00e9 um documento oficial que permite aos cidad\u00e3os estrangeiros transitarem pelo Reino Unido sem permanecerem permanentemente. \u00c9 <strong>obrigat\u00f3rio para determinados passageiros<\/strong>, consoante a sua nacionalidade, o itiner\u00e1rio e o tipo de tr\u00e2nsito. <\/p>\n\n<h2 class=\"wp-block-heading\">Os dois tipos de visto de tr\u00e2nsito do Reino Unido<\/h2>\n\n<h3 class=\"wp-block-heading\">Visto de tr\u00e2nsito aeroportu\u00e1rio direto (DATV)<\/h3>\n\n<p>Este visto \u00e9 exigido se tu :<\/p>\n\n<ul class=\"wp-block-list\">\n<li>Fica na zona internacional de um aeroporto do Reino Unido<\/li>\n\n\n\n<li>N\u00e3o passes pelo controlo de imigra\u00e7\u00e3o<\/li>\n\n\n\n<li>Tem um voo de liga\u00e7\u00e3o dentro de 24 horas<\/li>\n\n\n\n<li>N\u00e3o precisas de recolher a tua bagagem ou mudar de aeroporto<\/li>\n<\/ul>\n\n<div style=\"height:10px\" aria-hidden=\"true\" class=\"wp-block-spacer\"><\/div>\n\n<h3 class=\"wp-block-heading\">Visto de visitante em tr\u00e2nsito<\/h3>\n\n<p>Este visto \u00e9 exigido se tu :<\/p>\n\n<ul class=\"wp-block-list\">\n<li>Necessidade de sair da zona internacional (mudan\u00e7a de terminal, aeroporto, recolha de bagagens&#8230;)<\/li>\n\n\n\n<li>Transita pelo Reino Unido durante menos de 48 horas<\/li>\n\n\n\n<li>Deseja fazer uma escala curta (uma visita r\u00e1pida \u00e0 cidade entre dois voos)<\/li>\n<\/ul>\n\n<div style=\"height:10px\" aria-hidden=\"true\" class=\"wp-block-spacer\"><\/div>\n\n<h2 class=\"wp-block-heading\">Quanto custam os diferentes vistos de tr\u00e2nsito?<\/h2>\n\n<p>As taxas dos vistos de tr\u00e2nsito no Reino Unido variam em fun\u00e7\u00e3o de uma s\u00e9rie de factores, incluindo o local onde vive e o tipo de visto que est\u00e1 a solicitar. <a href=\"https:\/\/uk-gb.net\/pt-pt\/preco-do-visto-para-inglaterra\/\">As taxas de visto<\/a> e a dura\u00e7\u00e3o da estadia s\u00e3o :<\/p>\n\n<figure class=\"wp-block-table\"><table><tbody><tr><td class=\"has-text-align-center\" data-align=\"center\"><strong>Tipo de visto de tr\u00e2nsito para o Reino Unido<\/strong><\/td><td class=\"has-text-align-center\" data-align=\"center\"><strong>Taxas a pagar em 2025<\/strong><\/td><td class=\"has-text-align-center\" data-align=\"center\"><strong>Dura\u00e7\u00e3o m\u00e1xima da estadia<\/strong><\/td><\/tr><tr><td class=\"has-text-align-center\" data-align=\"center\">Visto de tr\u00e2nsito aeroportu\u00e1rio direto (DATV)<\/td><td class=\"has-text-align-center\" data-align=\"center\">\u00a3 39<\/td><td class=\"has-text-align-center\" data-align=\"center\">24 horas<\/td><\/tr><tr><td class=\"has-text-align-center\" data-align=\"center\">Visto de visitante em tr\u00e2nsito<\/td><td class=\"has-text-align-center\" data-align=\"center\">\u00a3 64<\/td><td class=\"has-text-align-center\" data-align=\"center\">48 horas<\/td><\/tr><\/tbody><\/table><figcaption class=\"wp-element-caption\">Emolumentos para um visto de tr\u00e2nsito<\/figcaption><\/figure>\n\n<h2 class=\"wp-block-heading\">Quem precisa de um visto de tr\u00e2nsito para o Reino Unido?<\/h2>\n\n<p>A necessidade de um visto depende de uma s\u00e9rie de crit\u00e9rios:<\/p>\n\n<p>\u2705 <strong>N\u00c3O precisas de um visto de tr\u00e2nsito<\/strong> se :<\/p>\n\n<ul class=\"wp-block-list\">\n<li>\u00c9s cidad\u00e3o de um pa\u00eds isento de visto (por exemplo, UE, EUA, Canad\u00e1, Austr\u00e1lia, etc.)<\/li>\n\n\n\n<li>\u00c9s titular de um <a href=\"https:\/\/uk-gb.net\/pt-pt\/diferentes-tipos-de-vistos-britanicos\/\">visto<\/a> ou de uma <strong>autoriza\u00e7\u00e3o de resid\u00eancia<\/strong> v\u00e1lidos no Reino Unido para os EUA, Canad\u00e1, Nova Zel\u00e2ndia, Austr\u00e1lia ou um pa\u00eds da UE\/EEE <strong>e vais viajar para ou a partir desse pa\u00eds<\/strong><\/li>\n\n\n\n<li>Em certos casos, \u00e9s titular de uma <a href=\"https:\/\/uk-gb.net\/pt-pt\/eta-inglaterra-reino-unido\/\">autoriza\u00e7\u00e3o eletr\u00f3nica de viagem ETA<\/a><\/li>\n<\/ul>\n\n<p>\u274c <strong>Precisas de um visto de tr\u00e2nsito<\/strong> se :<\/p>\n\n<ul class=\"wp-block-list\">\n<li>\u00c9s nacional de um pa\u00eds que exige visto (por exemplo, \u00cdndia, Paquist\u00e3o, Nig\u00e9ria, Gana, Egito, etc.)<\/li>\n\n\n\n<li>N\u00e3o satisfazes as condi\u00e7\u00f5es de isen\u00e7\u00e3o acima referidas<\/li>\n\n\n\n<li>O teu tr\u00e2nsito implica mudar de aeroporto ou sair da zona internacional<\/li>\n<\/ul>\n\n<div style=\"height:10px\" aria-hidden=\"true\" class=\"wp-block-spacer\"><\/div>\n\n<p>Visita o s\u00edtio Web oficial <a>gov.uk\/check-uk-visa<\/a> para verificar a tua situa\u00e7\u00e3o.<\/p>\n\n<h2 class=\"wp-block-heading\">Quanto tempo \u00e9 necess\u00e1rio para obter um visto de tr\u00e2nsito para o Reino Unido?<\/h2>\n\n<p>O tratamento de um pedido de visto de tr\u00e2nsito demora geralmente <strong>cerca de 3 semanas<\/strong> ap\u00f3s a entrevista biom\u00e9trica. Aconselha-se a<strong>apresentar o pedido pelo menos um m\u00eas antes da viagem<\/strong>.   <\/p>\n","protected":false},"excerpt":{"rendered":"<p>Formalidades de tr\u00e2nsito no Reino Unido Se estiver a viajar para um pa\u00eds terceiro com uma escala no Reino Unido, pode precisar de um visto de tr\u00e2nsito. Este tipo de visto permite que os passageiros em tr\u00e2nsito passem por um aeroporto ou mudem de terminal sem permanecerem no Reino Unido. Para o tr\u00e2nsito simples atrav\u00e9s [&hellip;]<\/p>\n","protected":false},"author":1,"featured_media":0,"parent":0,"menu_order":0,"comment_status":"closed","ping_status":"closed","template":"","meta":{"footnotes":""},"class_list":["post-840","page","type-page","status-publish","hentry"],"yoast_head":"<!-- This site is optimized with the Yoast SEO plugin v27.3 - https:\/\/yoast.com\/product\/yoast-seo-wordpress\/ -->\n<title>Visto de tr\u00e2nsito para o Reino Unido - UK GB<\/title>\n<meta name=\"description\" content=\"Descrevemos as regras em vigor relativas \u00e0 necessidade de um visto de tr\u00e2nsito no Reino Unido\" \/>\n<meta name=\"robots\" content=\"index, follow, max-snippet:-1, max-image-preview:large, max-video-preview:-1\" \/>\n<link rel=\"canonical\" href=\"https:\/\/uk-gb.net\/pt-pt\/visto-de-transito-na-inglaterra-reino-unido\/\" \/>\n<meta property=\"og:locale\" content=\"pt_PT\" \/>\n<meta property=\"og:type\" content=\"article\" \/>\n<meta property=\"og:title\" content=\"Visto de tr\u00e2nsito para o Reino Unido - UK GB\" \/>\n<meta property=\"og:description\" content=\"Descrevemos as regras em vigor relativas \u00e0 necessidade de um visto de tr\u00e2nsito no Reino Unido\" \/>\n<meta property=\"og:url\" content=\"https:\/\/uk-gb.net\/pt-pt\/visto-de-transito-na-inglaterra-reino-unido\/\" \/>\n<meta property=\"og:site_name\" content=\"UK GB\" \/>\n<meta property=\"article:modified_time\" content=\"2025-06-04T14:41:32+00:00\" \/>\n<meta name=\"twitter:card\" content=\"summary_large_image\" \/>\n<meta name=\"twitter:label1\" content=\"Tempo estimado de leitura\" \/>\n\t<meta name=\"twitter:data1\" content=\"3 minutos\" \/>\n<script type=\"application\/ld+json\" class=\"yoast-schema-graph\">{\"@context\":\"https:\\\/\\\/schema.org\",\"@graph\":[{\"@type\":\"WebPage\",\"@id\":\"https:\\\/\\\/uk-gb.net\\\/pt-pt\\\/visto-de-transito-na-inglaterra-reino-unido\\\/\",\"url\":\"https:\\\/\\\/uk-gb.net\\\/pt-pt\\\/visto-de-transito-na-inglaterra-reino-unido\\\/\",\"name\":\"Visto de tr\u00e2nsito para o Reino Unido - UK GB\",\"isPartOf\":{\"@id\":\"https:\\\/\\\/uk-gb.net\\\/pt-pt\\\/#website\"},\"datePublished\":\"2023-12-07T16:39:43+00:00\",\"dateModified\":\"2025-06-04T14:41:32+00:00\",\"description\":\"Descrevemos as regras em vigor relativas \u00e0 necessidade de um visto de tr\u00e2nsito no Reino Unido\",\"inLanguage\":\"pt-PT\",\"potentialAction\":[{\"@type\":\"ReadAction\",\"target\":[\"https:\\\/\\\/uk-gb.net\\\/pt-pt\\\/visto-de-transito-na-inglaterra-reino-unido\\\/\"]}]},{\"@type\":\"WebSite\",\"@id\":\"https:\\\/\\\/uk-gb.net\\\/pt-pt\\\/#website\",\"url\":\"https:\\\/\\\/uk-gb.net\\\/pt-pt\\\/\",\"name\":\"UK GB\",\"description\":\"Travel to the UK\",\"potentialAction\":[{\"@type\":\"SearchAction\",\"target\":{\"@type\":\"EntryPoint\",\"urlTemplate\":\"https:\\\/\\\/uk-gb.net\\\/pt-pt\\\/?s={search_term_string}\"},\"query-input\":{\"@type\":\"PropertyValueSpecification\",\"valueRequired\":true,\"valueName\":\"search_term_string\"}}],\"inLanguage\":\"pt-PT\"}]}<\/script>\n<!-- \/ Yoast SEO plugin. -->","yoast_head_json":{"title":"Visto de tr\u00e2nsito para o Reino Unido - UK GB","description":"Descrevemos as regras em vigor relativas \u00e0 necessidade de um visto de tr\u00e2nsito no Reino Unido","robots":{"index":"index","follow":"follow","max-snippet":"max-snippet:-1","max-image-preview":"max-image-preview:large","max-video-preview":"max-video-preview:-1"},"canonical":"https:\/\/uk-gb.net\/pt-pt\/visto-de-transito-na-inglaterra-reino-unido\/","og_locale":"pt_PT","og_type":"article","og_title":"Visto de tr\u00e2nsito para o Reino Unido - UK GB","og_description":"Descrevemos as regras em vigor relativas \u00e0 necessidade de um visto de tr\u00e2nsito no Reino Unido","og_url":"https:\/\/uk-gb.net\/pt-pt\/visto-de-transito-na-inglaterra-reino-unido\/","og_site_name":"UK GB","article_modified_time":"2025-06-04T14:41:32+00:00","twitter_card":"summary_large_image","twitter_misc":{"Tempo estimado de leitura":"3 minutos"},"schema":{"@context":"https:\/\/schema.org","@graph":[{"@type":"WebPage","@id":"https:\/\/uk-gb.net\/pt-pt\/visto-de-transito-na-inglaterra-reino-unido\/","url":"https:\/\/uk-gb.net\/pt-pt\/visto-de-transito-na-inglaterra-reino-unido\/","name":"Visto de tr\u00e2nsito para o Reino Unido - UK GB","isPartOf":{"@id":"https:\/\/uk-gb.net\/pt-pt\/#website"},"datePublished":"2023-12-07T16:39:43+00:00","dateModified":"2025-06-04T14:41:32+00:00","description":"Descrevemos as regras em vigor relativas \u00e0 necessidade de um visto de tr\u00e2nsito no Reino Unido","inLanguage":"pt-PT","potentialAction":[{"@type":"ReadAction","target":["https:\/\/uk-gb.net\/pt-pt\/visto-de-transito-na-inglaterra-reino-unido\/"]}]},{"@type":"WebSite","@id":"https:\/\/uk-gb.net\/pt-pt\/#website","url":"https:\/\/uk-gb.net\/pt-pt\/","name":"UK GB","description":"Travel to the UK","potentialAction":[{"@type":"SearchAction","target":{"@type":"EntryPoint","urlTemplate":"https:\/\/uk-gb.net\/pt-pt\/?s={search_term_string}"},"query-input":{"@type":"PropertyValueSpecification","valueRequired":true,"valueName":"search_term_string"}}],"inLanguage":"pt-PT"}]}},"_links":{"self":[{"href":"https:\/\/uk-gb.net\/pt-pt\/wp-json\/wp\/v2\/pages\/840","targetHints":{"allow":["GET"]}}],"collection":[{"href":"https:\/\/uk-gb.net\/pt-pt\/wp-json\/wp\/v2\/pages"}],"about":[{"href":"https:\/\/uk-gb.net\/pt-pt\/wp-json\/wp\/v2\/types\/page"}],"author":[{"embeddable":true,"href":"https:\/\/uk-gb.net\/pt-pt\/wp-json\/wp\/v2\/users\/1"}],"replies":[{"embeddable":true,"href":"https:\/\/uk-gb.net\/pt-pt\/wp-json\/wp\/v2\/comments?post=840"}],"version-history":[{"count":0,"href":"https:\/\/uk-gb.net\/pt-pt\/wp-json\/wp\/v2\/pages\/840\/revisions"}],"wp:attachment":[{"href":"https:\/\/uk-gb.net\/pt-pt\/wp-json\/wp\/v2\/media?parent=840"}],"curies":[{"name":"wp","href":"https:\/\/api.w.org\/{rel}","templated":true}]}}