{"id":833,"date":"2023-12-07T14:57:24","date_gmt":"2023-12-07T14:57:24","guid":{"rendered":"https:\/\/uk-gb.net\/visto-de-negocios-para-inglaterra-reino-unido\/"},"modified":"2025-06-11T13:06:48","modified_gmt":"2025-06-11T12:06:48","slug":"visto-de-negocios-para-inglaterra-reino-unido","status":"publish","type":"page","link":"https:\/\/uk-gb.net\/pt-pt\/visto-de-negocios-para-inglaterra-reino-unido\/","title":{"rendered":"Visto de neg\u00f3cios brit\u00e2nico para permanecer no Reino Unido"},"content":{"rendered":"\n<h1 class=\"wp-block-heading\">Visto de neg\u00f3cios para o Reino Unido<\/h1>\n\n<p>O <strong>visto de neg\u00f3cios do Reino Unido<\/strong> (Standard Visitor Visa &#8211; Business category) permite que profissionais estrangeiros permane\u00e7am temporariamente no Reino Unido para fins comerciais, acad\u00e9micos ou de coopera\u00e7\u00e3o. N\u00e3o permite que o titular trabalhe para uma empresa brit\u00e2nica, mas autoriza certas miss\u00f5es bem definidas. <\/p>\n\n<p><strong>Para uma estadia inferior a 6 meses<\/strong>: N\u00e3o \u00e9 necess\u00e1rio obter um visto de neg\u00f3cios; basta solicitar uma ETA (Autoriza\u00e7\u00e3o Eletr\u00f3nica de Viagem) preenchendo o <a href=\"https:\/\/uk-gb.net\/pt-pt\/formulario-visto-eta-online-inglaterra\/\">formul\u00e1rio ETA em linha<\/a>.<\/p>\n\n<div style=\"height:10px\" aria-hidden=\"true\" class=\"wp-block-spacer\"><\/div>\n\n<h2 class=\"wp-block-heading\">Qual \u00e9 o objetivo do visto de neg\u00f3cios para o Reino Unido?<\/h2>\n\n<p>O visto de neg\u00f3cios destina-se a visitantes que pretendam visitar o Reino Unido <strong>a t\u00edtulo profissional<\/strong>, sem exercer uma atividade remunerada no local. Destina-se a diretores de empresas, representantes, investigadores, conferencistas, investidores ou membros de uma empresa estrangeira com liga\u00e7\u00f5es a entidades brit\u00e2nicas. <\/p>\n\n<p>Em particular, permite-te :<\/p>\n\n<ul class=\"wp-block-list\">\n<li>Participa em <strong>reuni\u00f5es<\/strong>, <strong>confer\u00eancias<\/strong> ou <strong>feiras comerciais<\/strong><\/li>\n\n\n\n<li>Assinatura de <strong>contratos comerciais<\/strong><\/li>\n\n\n\n<li>Realiza\u00e7\u00e3o de <strong>auditorias<\/strong>, <strong>inspec\u00e7\u00f5es<\/strong> e <strong>negocia\u00e7\u00f5es<\/strong><\/li>\n\n\n\n<li>D\u00e1 uma <strong>palestra<\/strong> ou participa num semin\u00e1rio<\/li>\n\n\n\n<li>Frequenta um <strong>curso de curta dura\u00e7\u00e3o<\/strong> (n\u00e3o pago por uma entidade patronal do Reino Unido)<\/li>\n\n\n\n<li>Realiza\u00e7\u00e3o de determinados <strong>trabalhos cient\u00edficos ou acad\u00e9micos<\/strong> para universidades ou institutos reconhecidos<\/li>\n<\/ul>\n\n<div style=\"height:10px\" aria-hidden=\"true\" class=\"wp-block-spacer\"><\/div>\n\n<h2 class=\"wp-block-heading\">Quem pode requerer um visto de neg\u00f3cios no Reino Unido?<\/h2>\n\n<p>O visto de neg\u00f3cios est\u00e1 aberto a qualquer cidad\u00e3o estrangeiro que n\u00e3o seja eleg\u00edvel para uma <a href=\"https:\/\/uk-gb.net\/pt-pt\/eta-inglaterra-reino-unido\/\">autoriza\u00e7\u00e3o eletr\u00f3nica de viagem ETA<\/a> ou que pretenda obter um quadro jur\u00eddico para actividades comerciais espec\u00edficas.<\/p>\n\n<p>Os nacionais da Uni\u00e3o Europeia, dos Estados Unidos, do Canad\u00e1 e de outros pa\u00edses isentos de visto podem, em alguns casos, entrar sem visto para actividades comerciais limitadas, mas <strong>recomenda-se<\/strong> a obten\u00e7\u00e3o de um <strong>visto<\/strong> para miss\u00f5es repetidas, longas ou sens\u00edveis.<\/p>\n\n<h2 class=\"wp-block-heading\">Como \u00e9 que me inscrevo?<\/h2>\n\n<p>As principais fases do <a href=\"https:\/\/uk-gb.net\/pt-pt\/procedimento-visto-reino-unido\/\">processo de obten\u00e7\u00e3o de um visto para o Reino Unido<\/a> s\u00e3o as seguintes:<\/p>\n\n<ol class=\"wp-block-list\">\n<li>Visita o s\u00edtio Web oficial <a href=\"https:\/\/www.gov.uk\/uk-expansion-worker-visa\">gov.uk<\/a><\/li>\n\n\n\n<li>Preenche o <strong>formul\u00e1rio online<\/strong><\/li>\n\n\n\n<li><a href=\"https:\/\/uk-gb.net\/pt-pt\/preco-do-visto-para-inglaterra\/\">Paga os custos do visto<\/a> em linha<\/li>\n\n\n\n<li>Marca <strong>uma entrevista num centro de pedidos de visto<\/strong> para o registo biom\u00e9trico<\/li>\n\n\n\n<li>Apresenta <strong>os<\/strong> teus <strong>documentos comprovativos<\/strong><\/li>\n\n\n\n<li>Acompanha a tua candidatura at\u00e9 \u00e0 decis\u00e3o final<\/li>\n<\/ol>\n\n<div style=\"height:10px\" aria-hidden=\"true\" class=\"wp-block-spacer\"><\/div>\n\n<h2 class=\"wp-block-heading\">Custo de um visto de neg\u00f3cios para o Reino Unido<\/h2>\n\n<figure class=\"wp-block-table\"><table><tbody><tr><td><strong>Visto de visitante normal<\/strong><\/td><td class=\"has-text-align-center\" data-align=\"center\"><strong>Taxas de visto<\/strong><\/td><\/tr><tr><td>Visto para uma estadia m\u00e1xima de 6 meses<\/td><td class=\"has-text-align-center\" data-align=\"center\">115 \u00a3<\/td><\/tr><tr><td>Visto de 2 anos<\/td><td class=\"has-text-align-center\" data-align=\"center\">400 \u00a3<\/td><\/tr><tr><td>Visto de 5 anos<\/td><td class=\"has-text-align-center\" data-align=\"center\">771 \u00a3<\/td><\/tr><tr><td>Visto de 10 anos<\/td><td class=\"has-text-align-center\" data-align=\"center\">963 \u00a3<\/td><\/tr><\/tbody><\/table><figcaption class=\"wp-element-caption\">Tabela de emolumentos para vistos de neg\u00f3cios<\/figcaption><\/figure>\n\n<p>Para mais informa\u00e7\u00f5es, consulta a nossa p\u00e1gina com a lista completa das <a href=\"https:\/\/uk-gb.net\/pt-pt\/preco-do-visto-para-inglaterra\/\">taxas de visto para o Reino Unido<\/a>.<\/p>\n\n<h2 class=\"wp-block-heading\">Posso trabalhar no Reino Unido com um visto de neg\u00f3cios?<\/h2>\n\n<p>N\u00e3o. O visto de neg\u00f3cios <strong>n\u00e3o autoriza o exerc\u00edcio de uma atividade remunerada<\/strong> numa empresa brit\u00e2nica. Tamb\u00e9m n\u00e3o te permite procurar emprego ou instalares-te de forma permanente no Reino Unido. <\/p>\n\n<p>Para exercer uma atividade profissional regular, remunerada ou prolongada, \u00e9 necess\u00e1rio obter um <strong>visto de trabalho<\/strong> espec\u00edfico (por exemplo, visto de trabalhador qualificado).<\/p>\n\n<h2 class=\"wp-block-heading\">O que \u00e9 o sistema de vistos baseado em pontos do PBS?<\/h2>\n\n<p>O <a href=\"https:\/\/uk-gb.net\/pt-pt\/sistema-de-pontos-visto-para-inglaterra-pbs\/\">sistema baseado em pontos<\/a> do Reino Unido (PBS) destina-se principalmente a <strong>trabalhadores qualificados<\/strong>, <strong>estudantes internacionais<\/strong> e <strong>perfis inovadores<\/strong> capazes de satisfazer as necessidades econ\u00f3micas do pa\u00eds. N\u00e3o permite a entrada de pessoas para empregos n\u00e3o qualificados ou estadias prolongadas sem uma oferta de emprego validada. <\/p>\n\n<p>Antes de apresentares uma candidatura, \u00e9 essencial que :<\/p>\n\n<ul class=\"wp-block-list\">\n<li>Antecipa o tempo e os custos envolvidos no pedido de visto<\/li>\n\n\n\n<li>Verifica se atingiste o m\u00ednimo de 70 pontos<\/li>\n\n\n\n<li>Consulta um consultor de imigra\u00e7\u00e3o se a tua situa\u00e7\u00e3o for complexa<\/li>\n<\/ul>\n\n<div style=\"height:10px\" aria-hidden=\"true\" class=\"wp-block-spacer\"><\/div>\n\n<p><\/p>\n","protected":false},"excerpt":{"rendered":"<p>Visto de neg\u00f3cios para o Reino Unido O visto de neg\u00f3cios do Reino Unido (Standard Visitor Visa &#8211; Business category) permite que profissionais estrangeiros permane\u00e7am temporariamente no Reino Unido para fins comerciais, acad\u00e9micos ou de coopera\u00e7\u00e3o. N\u00e3o permite que o titular trabalhe para uma empresa brit\u00e2nica, mas autoriza certas miss\u00f5es bem definidas. Para uma estadia [&hellip;]<\/p>\n","protected":false},"author":1,"featured_media":0,"parent":0,"menu_order":0,"comment_status":"closed","ping_status":"closed","template":"","meta":{"footnotes":""},"class_list":["post-833","page","type-page","status-publish","hentry"],"yoast_head":"<!-- This site is optimized with the Yoast SEO plugin v27.3 - https:\/\/yoast.com\/product\/yoast-seo-wordpress\/ -->\n<title>Visto de neg\u00f3cios brit\u00e2nico para permanecer no Reino Unido - UK GB<\/title>\n<meta name=\"description\" content=\"Quais s\u00e3o as condi\u00e7\u00f5es para obter um visto de neg\u00f3cios para viajar para o Reino Unido por motivos profissionais?\" \/>\n<meta name=\"robots\" content=\"index, follow, max-snippet:-1, max-image-preview:large, max-video-preview:-1\" \/>\n<link rel=\"canonical\" href=\"https:\/\/uk-gb.net\/pt-pt\/visto-de-negocios-para-inglaterra-reino-unido\/\" \/>\n<meta property=\"og:locale\" content=\"pt_PT\" \/>\n<meta property=\"og:type\" content=\"article\" \/>\n<meta property=\"og:title\" content=\"Visto de neg\u00f3cios brit\u00e2nico para permanecer no Reino Unido - UK GB\" \/>\n<meta property=\"og:description\" content=\"Quais s\u00e3o as condi\u00e7\u00f5es para obter um visto de neg\u00f3cios para viajar para o Reino Unido por motivos profissionais?\" \/>\n<meta property=\"og:url\" content=\"https:\/\/uk-gb.net\/pt-pt\/visto-de-negocios-para-inglaterra-reino-unido\/\" \/>\n<meta property=\"og:site_name\" content=\"UK GB\" \/>\n<meta property=\"article:modified_time\" content=\"2025-06-11T12:06:48+00:00\" \/>\n<meta name=\"twitter:card\" content=\"summary_large_image\" \/>\n<meta name=\"twitter:label1\" content=\"Tempo estimado de leitura\" \/>\n\t<meta name=\"twitter:data1\" content=\"3 minutos\" \/>\n<script type=\"application\/ld+json\" class=\"yoast-schema-graph\">{\"@context\":\"https:\\\/\\\/schema.org\",\"@graph\":[{\"@type\":\"WebPage\",\"@id\":\"https:\\\/\\\/uk-gb.net\\\/pt-pt\\\/visto-de-negocios-para-inglaterra-reino-unido\\\/\",\"url\":\"https:\\\/\\\/uk-gb.net\\\/pt-pt\\\/visto-de-negocios-para-inglaterra-reino-unido\\\/\",\"name\":\"Visto de neg\u00f3cios brit\u00e2nico para permanecer no Reino Unido - UK GB\",\"isPartOf\":{\"@id\":\"https:\\\/\\\/uk-gb.net\\\/pt-pt\\\/#website\"},\"datePublished\":\"2023-12-07T14:57:24+00:00\",\"dateModified\":\"2025-06-11T12:06:48+00:00\",\"description\":\"Quais s\u00e3o as condi\u00e7\u00f5es para obter um visto de neg\u00f3cios para viajar para o Reino Unido por motivos profissionais?\",\"inLanguage\":\"pt-PT\",\"potentialAction\":[{\"@type\":\"ReadAction\",\"target\":[\"https:\\\/\\\/uk-gb.net\\\/pt-pt\\\/visto-de-negocios-para-inglaterra-reino-unido\\\/\"]}]},{\"@type\":\"WebSite\",\"@id\":\"https:\\\/\\\/uk-gb.net\\\/pt-pt\\\/#website\",\"url\":\"https:\\\/\\\/uk-gb.net\\\/pt-pt\\\/\",\"name\":\"UK GB\",\"description\":\"Travel to the UK\",\"potentialAction\":[{\"@type\":\"SearchAction\",\"target\":{\"@type\":\"EntryPoint\",\"urlTemplate\":\"https:\\\/\\\/uk-gb.net\\\/pt-pt\\\/?s={search_term_string}\"},\"query-input\":{\"@type\":\"PropertyValueSpecification\",\"valueRequired\":true,\"valueName\":\"search_term_string\"}}],\"inLanguage\":\"pt-PT\"}]}<\/script>\n<!-- \/ Yoast SEO plugin. -->","yoast_head_json":{"title":"Visto de neg\u00f3cios brit\u00e2nico para permanecer no Reino Unido - UK GB","description":"Quais s\u00e3o as condi\u00e7\u00f5es para obter um visto de neg\u00f3cios para viajar para o Reino Unido por motivos profissionais?","robots":{"index":"index","follow":"follow","max-snippet":"max-snippet:-1","max-image-preview":"max-image-preview:large","max-video-preview":"max-video-preview:-1"},"canonical":"https:\/\/uk-gb.net\/pt-pt\/visto-de-negocios-para-inglaterra-reino-unido\/","og_locale":"pt_PT","og_type":"article","og_title":"Visto de neg\u00f3cios brit\u00e2nico para permanecer no Reino Unido - UK GB","og_description":"Quais s\u00e3o as condi\u00e7\u00f5es para obter um visto de neg\u00f3cios para viajar para o Reino Unido por motivos profissionais?","og_url":"https:\/\/uk-gb.net\/pt-pt\/visto-de-negocios-para-inglaterra-reino-unido\/","og_site_name":"UK GB","article_modified_time":"2025-06-11T12:06:48+00:00","twitter_card":"summary_large_image","twitter_misc":{"Tempo estimado de leitura":"3 minutos"},"schema":{"@context":"https:\/\/schema.org","@graph":[{"@type":"WebPage","@id":"https:\/\/uk-gb.net\/pt-pt\/visto-de-negocios-para-inglaterra-reino-unido\/","url":"https:\/\/uk-gb.net\/pt-pt\/visto-de-negocios-para-inglaterra-reino-unido\/","name":"Visto de neg\u00f3cios brit\u00e2nico para permanecer no Reino Unido - UK GB","isPartOf":{"@id":"https:\/\/uk-gb.net\/pt-pt\/#website"},"datePublished":"2023-12-07T14:57:24+00:00","dateModified":"2025-06-11T12:06:48+00:00","description":"Quais s\u00e3o as condi\u00e7\u00f5es para obter um visto de neg\u00f3cios para viajar para o Reino Unido por motivos profissionais?","inLanguage":"pt-PT","potentialAction":[{"@type":"ReadAction","target":["https:\/\/uk-gb.net\/pt-pt\/visto-de-negocios-para-inglaterra-reino-unido\/"]}]},{"@type":"WebSite","@id":"https:\/\/uk-gb.net\/pt-pt\/#website","url":"https:\/\/uk-gb.net\/pt-pt\/","name":"UK GB","description":"Travel to the UK","potentialAction":[{"@type":"SearchAction","target":{"@type":"EntryPoint","urlTemplate":"https:\/\/uk-gb.net\/pt-pt\/?s={search_term_string}"},"query-input":{"@type":"PropertyValueSpecification","valueRequired":true,"valueName":"search_term_string"}}],"inLanguage":"pt-PT"}]}},"_links":{"self":[{"href":"https:\/\/uk-gb.net\/pt-pt\/wp-json\/wp\/v2\/pages\/833","targetHints":{"allow":["GET"]}}],"collection":[{"href":"https:\/\/uk-gb.net\/pt-pt\/wp-json\/wp\/v2\/pages"}],"about":[{"href":"https:\/\/uk-gb.net\/pt-pt\/wp-json\/wp\/v2\/types\/page"}],"author":[{"embeddable":true,"href":"https:\/\/uk-gb.net\/pt-pt\/wp-json\/wp\/v2\/users\/1"}],"replies":[{"embeddable":true,"href":"https:\/\/uk-gb.net\/pt-pt\/wp-json\/wp\/v2\/comments?post=833"}],"version-history":[{"count":0,"href":"https:\/\/uk-gb.net\/pt-pt\/wp-json\/wp\/v2\/pages\/833\/revisions"}],"wp:attachment":[{"href":"https:\/\/uk-gb.net\/pt-pt\/wp-json\/wp\/v2\/media?parent=833"}],"curies":[{"name":"wp","href":"https:\/\/api.w.org\/{rel}","templated":true}]}}